{"id":6705,"date":"2024-08-19T09:41:47","date_gmt":"2024-08-19T09:41:47","guid":{"rendered":"https:\/\/travelshelper.com\/staging\/?page_id=6705"},"modified":"2026-03-14T00:18:05","modified_gmt":"2026-03-14T00:18:05","slug":"uruguay","status":"publish","type":"page","link":"https:\/\/travelshelper.com\/fr\/destinations\/south-america\/uruguay\/","title":{"rendered":"Uruguay"},"content":{"rendered":"<p>L&#039;Uruguay occupe une \u00e9troite bande de territoire entre le R\u00edo de la Plata au sud et les collines vallonn\u00e9es des Cuchillas au nord. D&#039;une superficie d&#039;environ 176\u00a0215 kilom\u00e8tres carr\u00e9s, il demeure la deuxi\u00e8me plus petite nation ind\u00e9pendante du continent sud-am\u00e9ricain. Montevideo, sa capitale et son principal port, ancre la rive sud, attirant pr\u00e8s de deux millions d&#039;habitants dans une mosa\u00efque m\u00e9tropolitaine qui s&#039;\u00e9tend sur des fortifications anciennes, des boulevards modernistes et des quartiers r\u00e9sidentiels paisibles. Au-del\u00e0 de ce c\u0153ur urbain, une population d&#039;environ 3,4 millions d&#039;habitants se disperse sur des p\u00e2turages fertiles, des plaines fluviales et quelques monts bois\u00e9s.<\/p>\n<p>La g\u00e9ographie se d\u00e9ploie en douces courbes. Aucune cha\u00eene de montagnes ne fend le territoire\u00a0; \u00e0 la place, de basses collines s&#039;\u00e9l\u00e8vent \u00e0 des hauteurs modestes, le point culminant, le Cerro Catedral, culminant \u00e0 514\u00a0m\u00e8tres d&#039;altitude. Ces collines partagent le paysage avec un r\u00e9seau de voies navigables. Le fleuve Uruguay, qui d\u00e9limite la fronti\u00e8re occidentale, rejoint l&#039;estuaire du R\u00edo de la Plata \u00e0 l&#039;angle sud-ouest. \u00c0 l&#039;int\u00e9rieur des terres, le R\u00edo Negro traverse le pays en deux, son cours ayant \u00e9t\u00e9 arr\u00eat\u00e9 en 1945 pour former le r\u00e9servoir de Rinc\u00f3n del Bonete. Le long de la c\u00f4te atlantique, une succession de lagunes et de zones humides abrite un \u00e9cosyst\u00e8me vari\u00e9 connu sous le nom de savane uruguayenne. Dix parcs nationaux prot\u00e8gent des \u00e9tendues de zones humides, de collines et de for\u00eats riveraines, bien qu&#039;un modeste indice d&#039;int\u00e9grit\u00e9 du paysage forestier indique qu&#039;une grande partie du couvert forestier d&#039;origine a c\u00e9d\u00e9 la place aux p\u00e2turages.<\/p>\n<p>Situ\u00e9 enti\u00e8rement au sud du tropique du Capricorne, l&#039;Uruguay b\u00e9n\u00e9ficie d&#039;un climat uniform\u00e9ment temp\u00e9r\u00e9. Les \u00e9t\u00e9s s&#039;\u00e9tendent de d\u00e9cembre \u00e0 mars, temp\u00e9r\u00e9s par les brises atlantiques, tandis que les hivers s&#039;\u00e9tendent de juin \u00e0 septembre, avec des gel\u00e9es annuelles, mais rarement des froids intenses. Les pr\u00e9cipitations sont r\u00e9parties uniform\u00e9ment tout au long de l&#039;ann\u00e9e\u00a0; des orages occasionnels balayent les plaines ouvertes, apportant des bourrasques, de la gr\u00eale ou, plus rarement, des tornades. Le brouillard s&#039;installe le long des vall\u00e9es fluviales et de la plaine c\u00f4ti\u00e8re\u00a0; l&#039;humidit\u00e9 reste \u00e9lev\u00e9e.<\/p>\n<p>La pr\u00e9sence humaine ici remonte \u00e0 plus de 13\u00a0000 ans, \u00e9poque \u00e0 laquelle des bandes de chasseurs-cueilleurs traquaient le gibier \u00e0 travers les plaines. \u00c0 la veille de l&#039;arriv\u00e9e des Europ\u00e9ens, le peuple Charr\u00faa r\u00e9gnait sur ce qui est aujourd&#039;hui le centre de l&#039;Uruguay, aux c\u00f4t\u00e9s des communaut\u00e9s guaranis au nord et des bandes chan\u00e1s le long des voies navigables. Des colons portugais fond\u00e8rent Colonia do Sacramento sur les rives du R\u00edo de la Plata en 1680, incitant les gouverneurs espagnols \u00e0 fonder Montevideo avant le milieu du si\u00e8cle.<\/p>\n<p>Au d\u00e9but du XIXe si\u00e8cle, ces avant-postes coloniaux devinrent le th\u00e9\u00e2tre de revendications concurrentes de l&#039;Espagne, du Portugal et, plus tard, des r\u00e9publiques \u00e9mergentes d&#039;Argentine et du Br\u00e9sil. Entre 1811 et 1828, une lutte \u00e0 quatre aboutit \u00e0 l&#039;ind\u00e9pendance de l&#039;Uruguay. Pourtant, le nouvel \u00c9tat resta soumis \u00e0 l&#039;influence et \u00e0 l&#039;intervention \u00e9trang\u00e8res jusqu&#039;au milieu du si\u00e8cle. Dans les d\u00e9cennies qui suivirent, une succession de r\u00e9formes sociales et \u00e9conomiques jeta les bases d&#039;un syst\u00e8me de protection sociale complet. L&#039;\u00e9ducation publique, la protection du travail et les r\u00e9gimes de retraite prirent racine entre les ann\u00e9es 1880 et 1920. Les observateurs de l&#039;\u00e9poque comparaient le cadre soci\u00e9tal \u00e0 celui de la Suisse, une comparaison qui valut \u00e0 l&#039;Uruguay le surnom de \u00ab Suisse des Am\u00e9riques \u00bb.<\/p>\n<p>Cette trajectoire a chang\u00e9 \u00e0 la fin du XXe si\u00e8cle. Les crises \u00e9conomiques des ann\u00e9es 1960 ont co\u00efncid\u00e9 avec des activit\u00e9s de gu\u00e9rilla urbaine, conduisant \u00e0 un coup d&#039;\u00c9tat en 1973. Une administration civilo-militaire a impos\u00e9 des contr\u00f4les stricts jusqu&#039;en 1985. Depuis le r\u00e9tablissement de l&#039;ordre constitutionnel, l&#039;Uruguay a consolid\u00e9 ses institutions d\u00e9mocratiques. Le pr\u00e9sident est \u00e0 la fois chef de l&#039;\u00c9tat et chef du gouvernement. Dans l&#039;indice de d\u00e9mocratie 2023 de l&#039;Economist, l&#039;Uruguay se classait parmi les rares nations consid\u00e9r\u00e9es comme une d\u00e9mocratie \u00e0 part enti\u00e8re. Le pays obtient \u00e9galement d&#039;excellents r\u00e9sultats en mati\u00e8re de transparence gouvernementale, de libert\u00e9 \u00e9conomique et de progr\u00e8s social.<\/p>\n<p>Les r\u00e9formes juridiques de ces derni\u00e8res ann\u00e9es refl\u00e8tent une approche mesur\u00e9e de la politique sociale. L&#039;Uruguay est devenu le premier pays \u00e0 \u00e9tablir un cadre r\u00e9glementaire pour la production, la distribution et la consommation de cannabis. Le mariage homosexuel et le droit \u00e0 l&#039;avortement ont \u00e9t\u00e9 approuv\u00e9s et mis en \u0153uvre par le Parlement, positionnant le pays \u00e0 l&#039;avant-garde des libert\u00e9s civiles dans la r\u00e9gion.<\/p>\n<p>L&#039;autorit\u00e9 administrative divise le pays en dix-neuf d\u00e9partements. Chaque d\u00e9partement \u00e9lit un surintendant charg\u00e9 des fonctions ex\u00e9cutives et un conseil d\u00e9partemental charg\u00e9 de la l\u00e9gislation. Cette structure reproduit la s\u00e9paration nationale des pouvoirs au niveau r\u00e9gional. Cette d\u00e9centralisation favorise la gouvernance locale dans les centres urbains, les domaines pastoraux et les stations baln\u00e9aires.<\/p>\n<p>Le tourisme est devenu un secteur \u00e9conomique en pleine croissance. En 2012, il repr\u00e9sentait environ 9 % du PIB et pr\u00e8s de 97\u00a0000 emplois\u00a0; en 2023, pr\u00e8s de 3,8 millions de visiteurs sont arriv\u00e9s, la plupart en provenance d&#039;Argentine et du Br\u00e9sil voisins, suivis par des contingents plus modestes du Chili, du Paraguay, des \u00c9tats-Unis et d&#039;Europe. Le quartier colonial restaur\u00e9 de Colonia del Sacramento attire les voyageurs avec ses rues pav\u00e9es, ses murs en calicanto et l&#039;ombre des fortifications espagnoles du XIXe si\u00e8cle. \u00c0 Montevideo, les itin\u00e9raires culturels incluent la galerie Jos\u00e9 Gurvich, le mus\u00e9e Torres Garc\u00eda, qui abrite des \u0153uvres du peintre moderniste Joaqu\u00edn Torres Garc\u00eda, et l&#039;Estadio Centenario, le stade qui a accueilli la premi\u00e8re finale de la Coupe du monde de la FIFA en 1930.<\/p>\n<p>Plus \u00e0 l&#039;est, Punta del Este se dresse sur une \u00e9troite p\u00e9ninsule entre les eaux calmes de la baie de Mansa et l&#039;oc\u00e9an de la c\u00f4te de Brava. Domaines de luxe et galeries contemporaines \u00e9voquent les loisirs du XXIe si\u00e8cle\u00a0; le week-end, les foules convergent vers le port, le phare et la vaste Playa Brava. Les stations baln\u00e9aires voisines, La Barra et Jos\u00e9 Ignacio, offrent des \u00e9tendues de sable plus calmes et une succession de plages bord\u00e9es de dunes. L&#039;a\u00e9roport international de Punta del Este, inaugur\u00e9 en 1997 et con\u00e7u par Carlos Ott, est le deuxi\u00e8me a\u00e9roport le plus fr\u00e9quent\u00e9 du pays.<\/p>\n<p>De retour au c\u0153ur du commerce maritime, le port de Montevideo traite plus de 1,1 million de conteneurs par an, ses quais pouvant accueillir des navires d&#039;un tirant d&#039;eau allant jusqu&#039;\u00e0 14 m\u00e8tres. Des grues soul\u00e8vent les marchandises \u00e0 une cadence de 80 \u00e0 100 mouvements par heure. Plus en amont, Nueva Palmira sert de centre de transbordement pour les marchandises r\u00e9gionales, combinant installations publiques et priv\u00e9es.<\/p>\n<p>Le trafic a\u00e9rien est \u00e9galement concentr\u00e9 autour de l&#039;a\u00e9roport international de Carrasco, inaugur\u00e9 en 1947 et modernis\u00e9 en 2009 gr\u00e2ce \u00e0 un projet d&#039;agrandissement de 165 millions de dollars US r\u00e9alis\u00e9 par le cabinet Rafael Vi\u00f1oly Architects. Son terminal passagers, v\u00e9ritable \u00e9crin de lumi\u00e8re et de verre, accueille jusqu&#039;\u00e0 4,5 millions de voyageurs chaque ann\u00e9e. Jusqu&#039;\u00e0 sa dissolution, PLUNA, la compagnie a\u00e9rienne nationale uruguayenne, y avait son si\u00e8ge social.<\/p>\n<p>La d\u00e9mographie de l&#039;Uruguay refl\u00e8te des vagues migratoires. Le recensement de 2023 a r\u00e9v\u00e9l\u00e9 qu&#039;environ 85 % des r\u00e9sidents s&#039;identifient comme blancs, un chiffre influenc\u00e9 par l&#039;immigration en provenance d&#039;Espagne, d&#039;Italie, d&#039;Allemagne, de France et de Grande-Bretagne au XIXe et au d\u00e9but du XXe si\u00e8cle. Une communaut\u00e9 issue de peuples africains amen\u00e9s pendant la p\u00e9riode coloniale repr\u00e9sente environ 5 % de la population. Des groupes plus petits d&#039;origine japonaise et des communaut\u00e9s d&#039;origine mixte compl\u00e8tent une mosa\u00efque soci\u00e9tale similaire \u00e0 celle des provinces voisines d&#039;Argentine et du sud du Br\u00e9sil.<\/p>\n<p>L&#039;espagnol est la langue vernaculaire nationale, sa variante uruguayenne \u00e9tant influenc\u00e9e par les mod\u00e8les rioplatense, les conjugaisons voseo et les variations de langage ye\u00edsmo. Les dialectes italiens impr\u00e8gnent l&#039;argot local, tandis que dans les d\u00e9partements frontaliers, un hybride portugais-espagnol circule sans codification formelle. L&#039;\u00e9tude de l&#039;anglais occupe une place importante dans les programmes scolaires, pr\u00e9parant les Uruguayens au commerce et \u00e0 la diplomatie.<\/p>\n<p>La vie culturelle est impr\u00e9gn\u00e9e des courants artistiques europ\u00e9ens et de l&#039;\u00e9thique locale fa\u00e7onn\u00e9e par les gauchos. Les traditions d&#039;\u00e9levage nourrissent le folklore, la litt\u00e9rature et les arts visuels, rendant hommage au cavalier solitaire qui parcourait autrefois la pampa \u00e0 la recherche de b\u00e9tail. En milieu urbain comme rural, les festivals marquent les cycles saisonniers du travail, les pratiques religieuses et le patrimoine complexe du pays.<\/p>\n<p>L&#039;histoire de l&#039;Uruguay, au cours de ces trois si\u00e8cles, t\u00e9moigne d&#039;une succession constante d&#039;activit\u00e9s humaines en terrain d\u00e9couvert. Des habitations des premiers chasseurs-cueilleurs au quadrillage des rues de Montevideo, des avant-postes coloniaux aux a\u00e9roports modernes, le pays offre un exemple de changement mesur\u00e9. Ses plaines temp\u00e9r\u00e9es portent les traces du progr\u00e8s social, des transformations politiques et des \u00e9changes culturels. Ici, \u00e9conomie et environnement restent \u00e9troitement li\u00e9s, la gouvernance repose sur la participation locale et nationale, et un h\u00e9ritage de plaines et de ports perdure dans les d\u00e9placements quotidiens de sa population.<\/p>","protected":false},"excerpt":{"rendered":"<p>Uruguay, a small but intriguing nation situated between Brazil and Argentina, frequently goes unnoticed by many travelers. This nation offers a unique mix of natural, historical, and cultural aspects that could challenge those of its more well-known neighbors. Beyond its breathtaking beaches and mesmerizing sunsets, Uruguay offers a convincing case for investigation marked by its outstanding coastline, energetic metropolitan centers, and rich agricultural areas.<\/p>","protected":false},"author":1,"featured_media":4280,"parent":24096,"menu_order":0,"comment_status":"closed","ping_status":"closed","template":"elementor_theme","meta":{"_eb_attr":"","footnotes":""},"class_list":["post-6705","page","type-page","status-publish","has-post-thumbnail"],"_links":{"self":[{"href":"https:\/\/travelshelper.com\/fr\/wp-json\/wp\/v2\/pages\/6705","targetHints":{"allow":["GET"]}}],"collection":[{"href":"https:\/\/travelshelper.com\/fr\/wp-json\/wp\/v2\/pages"}],"about":[{"href":"https:\/\/travelshelper.com\/fr\/wp-json\/wp\/v2\/types\/page"}],"author":[{"embeddable":true,"href":"https:\/\/travelshelper.com\/fr\/wp-json\/wp\/v2\/users\/1"}],"replies":[{"embeddable":true,"href":"https:\/\/travelshelper.com\/fr\/wp-json\/wp\/v2\/comments?post=6705"}],"version-history":[{"count":0,"href":"https:\/\/travelshelper.com\/fr\/wp-json\/wp\/v2\/pages\/6705\/revisions"}],"up":[{"embeddable":true,"href":"https:\/\/travelshelper.com\/fr\/wp-json\/wp\/v2\/pages\/24096"}],"wp:featuredmedia":[{"embeddable":true,"href":"https:\/\/travelshelper.com\/fr\/wp-json\/wp\/v2\/media\/4280"}],"wp:attachment":[{"href":"https:\/\/travelshelper.com\/fr\/wp-json\/wp\/v2\/media?parent=6705"}],"curies":[{"name":"wp","href":"https:\/\/api.w.org\/{rel}","templated":true}]}}