{"id":6656,"date":"2024-08-19T01:16:56","date_gmt":"2024-08-19T01:16:56","guid":{"rendered":"https:\/\/travelshelper.com\/staging\/?page_id=6656"},"modified":"2026-03-14T00:02:25","modified_gmt":"2026-03-14T00:02:25","slug":"paraguay","status":"publish","type":"page","link":"https:\/\/travelshelper.com\/fr\/destinations\/south-america\/paraguay\/","title":{"rendered":"Paraguay"},"content":{"rendered":"<p>Le Paraguay, officiellement connu sous le nom de R\u00e9publique du Paraguay, occupe une position centrale sur le continent sud-am\u00e9ricain. D\u00e9pourvu d&#039;acc\u00e8s direct \u00e0 la mer, il est bord\u00e9 par l&#039;Argentine au sud et au sud-ouest, par le Br\u00e9sil \u00e0 l&#039;est et au nord-est, et par la Bolivie au nord-ouest. Un mince ruban du fleuve Paraguay traverse le pays, lui donnant son nom et divisant deux r\u00e9gions distinctes\u00a0: l&#039;est, avec ses plaines vallonn\u00e9es et ses collines bois\u00e9es, et l&#039;ouest, avec le Gran Chaco, un royaume \u00e0 la v\u00e9g\u00e9tation clairsem\u00e9e et aux marais intermittents.<\/p>\n<p>La population avoisine les 6,1 millions d&#039;habitants. Pr\u00e8s de 2,3 millions vivent \u00e0 Asunci\u00f3n, capitale et principal centre commercial et administratif, ainsi que dans ses banlieues. Les districts ruraux des basses terres de l&#039;est conservent un rythme agricole, tandis que seule une petite fraction de la population \u2013 moins de quatre sur cent \u2013 \u200b\u200br\u00e9side dans le vaste territoire du Chaco, qui couvre plus de la moiti\u00e9 du territoire national.<\/p>\n<p>Les origines du Paraguay moderne remontent \u00e0 l&#039;arriv\u00e9e des explorateurs espagnols en 1524. Un peu plus d&#039;une d\u00e9cennie plus tard, en 1537, la colonie d&#039;Asunci\u00f3n prit forme sous l&#039;\u00e9gide des conquistadors, marquant ainsi le premier centre administratif du gouvernorat du R\u00edo de la Plata. Au cours du si\u00e8cle suivant, les missionnaires j\u00e9suites \u00e9tablirent un r\u00e9seau de missions parmi les indig\u00e8nes guaranis, introduisant l&#039;instruction religieuse ainsi que les techniques agricoles et artisanales. Ces colonies fusionn\u00e8rent des \u00e9l\u00e9ments de la vie autochtone et europ\u00e9enne jusqu&#039;\u00e0 l&#039;expulsion de l&#039;ordre des J\u00e9suites en 1767. R\u00e9duit \u00e0 l&#039;\u00e9tat de colonie p\u00e9riph\u00e9rique, le Paraguay surv\u00e9cut jusqu&#039;au d\u00e9but du XIXe si\u00e8cle, ann\u00e9e o\u00f9 la r\u00e9gion obtint son ind\u00e9pendance de l&#039;Espagne.<\/p>\n<p>Le XIXe si\u00e8cle fut mouvement\u00e9. Des gouvernements autoritaires se succ\u00e9d\u00e8rent au sein du nouvel \u00c9tat souverain. De 1864 \u00e0 1870, le conflit connu sous le nom de guerre du Paraguay opposa le Paraguay \u00e0 une alliance compos\u00e9e du Br\u00e9sil, de l&#039;Argentine et de l&#039;Uruguay. L&#039;issue fut d\u00e9sastreuse pour le Paraguay\u00a0: il abandonna jusqu&#039;\u00e0 un tiers de son territoire et perdit pr\u00e8s de la moiti\u00e9 de sa population. Le rel\u00e8vement du pays prit des d\u00e9cennies. Au d\u00e9but du XXe si\u00e8cle, le Paraguay s&#039;engagea \u00e0 nouveau dans des combats arm\u00e9s de grande ampleur lors de la guerre du Chaco (1932-1935) contre la Bolivie\u00a0; cette fois, les forces paraguayennes maintinrent leur emprise sur les territoires contest\u00e9s.<\/p>\n<p>La vie politique des d\u00e9cennies suivantes s&#039;est d\u00e9roul\u00e9e sous une succession de r\u00e9gimes militaires. Le plus durable a \u00e9t\u00e9 celui de 1954, lorsqu&#039;Alfredo Stroessner a pris le pouvoir. Son administration a gouvern\u00e9 jusqu&#039;au coup d&#039;\u00c9tat de 1989, qui a inaugur\u00e9 la p\u00e9riode actuelle de r\u00e9gime civil et de comp\u00e9tition \u00e9lectorale.<\/p>\n<p>L&#039;\u00e9conomie du Paraguay s&#039;est d\u00e9velopp\u00e9e au sein de blocs commerciaux r\u00e9gionaux. Il compte parmi les membres fondateurs du March\u00e9 commun du Sud (Mercosur) et si\u00e8ge aux Nations Unies, \u00e0 l&#039;Organisation des \u00c9tats am\u00e9ricains, au Mouvement des pays non align\u00e9s et au Groupe de Lima. Bien qu&#039;enclav\u00e9, le Paraguay canalise ses exportations et ses importations par la voie navigable Paran\u00e1-Paraguay, qui lui permet d&#039;acc\u00e9der aux ports de l&#039;Atlantique. Le transport fluvial demeure vital, acheminant les marchandises vers le nord jusqu&#039;au port d&#039;Asunci\u00f3n, puis vers Buenos Aires, o\u00f9 accostent les compagnies maritimes internationales.<\/p>\n<p>Topographiquement, la r\u00e9gion orientale, connue sous le nom de Regi\u00f3n Oriental, comprend des plaines herbeuses ponctu\u00e9es de reliefs bois\u00e9s. Le sol, fertile et profond, permet la culture du soja, du ma\u00efs et l&#039;\u00e9levage bovin. \u00c0 l&#039;ouest, dans le Chaco ou Regi\u00f3n Occidental, le terrain s&#039;aplatit en \u00e9tendues de broussailles et de zones humides intermittentes. Six zones \u00e9cologiques se croisent \u00e0 l&#039;int\u00e9rieur des fronti\u00e8res nationales\u00a0: les for\u00eats atlantiques de l&#039;Alto Paran\u00e1, le Chaco humide et aride, les savanes du Cerrado, les plaines inondables du Pantanal et les prairies inond\u00e9es du Paran\u00e1. L&#039;int\u00e9grit\u00e9 foresti\u00e8re est jug\u00e9e mod\u00e9r\u00e9e \u00e0 l&#039;\u00e9chelle mondiale\u00a0; en 2019, le Paraguay se classait au soixante-quatorzi\u00e8me rang sur 172 pays pour la pr\u00e9servation des paysages. Souterrain, l&#039;aquif\u00e8re Guarani constitue l&#039;un des plus grands r\u00e9servoirs d&#039;eau douce des Am\u00e9riques.<\/p>\n<p>Le climat suit un sch\u00e9ma \u00e0 deux saisons\u00a0: une p\u00e9riode humide d\u2019octobre \u00e0 mars et une p\u00e9riode plus s\u00e8che d\u2019avril \u00e0 septembre. Sans barri\u00e8res montagneuses, les masses d\u2019air c\u00f4ti\u00e8res et andines balayent librement le pays. De mai \u00e0 ao\u00fbt, des vents plus frais descendent des Andes, entra\u00eenant parfois des temp\u00e9ratures n\u00e9gatives les nuits d\u2019hiver. \u00c0 l\u2019inverse, les temp\u00e9ratures estivales atteignent pr\u00e8s de 29\u00a0\u00b0C en janvier, pouss\u00e9es par les courants du nord provenant du bassin amazonien. Les pr\u00e9cipitations diminuent vers l\u2019ouest, passant d\u2019environ 170\u00a0cm par an dans les for\u00eats de l\u2019est \u00e0 moins de 50\u00a0cm dans le Chaco, ce qui fa\u00e7onne les possibilit\u00e9s agricoles et la densit\u00e9 de peuplement.<\/p>\n<p>Administrativement, le Paraguay est divis\u00e9 en dix-sept d\u00e9partements, auxquels s&#039;ajoute le district d&#039;Asunci\u00f3n, la capitale. Ces d\u00e9partements sont regroup\u00e9s au sein de deux grandes r\u00e9gions\u00a0: trois dans le Chaco (Boquer\u00f3n, Alto Paraguay et Presidente Hayes), les autres dans la moiti\u00e9 orientale, le long de la capitale. Le r\u00e9seau routier s&#039;\u00e9tend sur 78\u00a0850\u00a0kilom\u00e8tres, dont moins de quatorze pour cent sont rev\u00eatus. Parmi les projets d&#039;infrastructures r\u00e9cents, on peut citer le corridor biooc\u00e9anique, une autoroute transnationale qui s&#039;\u00e9tend vers l&#039;ouest pour relier les ports br\u00e9siliens et argentins via le nord du Paraguay. Une fois achev\u00e9, il traversera pr\u00e8s de 550\u00a0kilom\u00e8tres \u00e0 travers des districts peu connect\u00e9s, offrant ainsi de nouvelles voies d&#039;exportation et ouvrant l&#039;int\u00e9rieur du pays aux investissements. D\u00e9but\u00a02022, le Paraguay a inaugur\u00e9 environ la moiti\u00e9 de cette route, reliant la ville de Carmelo Peralta, \u00e0 la fronti\u00e8re br\u00e9silienne, \u00e0 Loma Plata, \u00e0 Boquer\u00f3n. Simultan\u00e9ment, les travaux de doublement des voies le long de la route 2 entre Asunci\u00f3n et Ciudad del Este, qui abrite un important poste fronti\u00e8re avec le Br\u00e9sil, ont progress\u00e9, avec pr\u00e8s de 100 kilom\u00e8tres de voies \u00e9largies en janvier de la m\u00eame ann\u00e9e.<\/p>\n<p>Les liaisons a\u00e9riennes s&#039;articulent autour de l&#039;a\u00e9roport international Silvio Pettirossi, pr\u00e8s d&#039;Asunci\u00f3n, un point de transit fr\u00e9quent pour les vols traversant l&#039;Am\u00e9rique du Sud. Plus \u00e0 l&#039;est, l&#039;a\u00e9rodrome de Ciudad del Este achemine un volume important de fret \u00e0 travers la zone frontali\u00e8re entre le Br\u00e9sil et l&#039;Argentine.<\/p>\n<p>Sur le plan d\u00e9mographique, le Paraguay pr\u00e9sente un fort degr\u00e9 de mixit\u00e9 ethnique. La majorit\u00e9 \u2013 plus de 90 % \u2013 a des anc\u00eatres europ\u00e9ens et autochtones, principalement les Guaranis. Le guarani est une langue commune, aux c\u00f4t\u00e9s de l&#039;espagnol\u00a0; plus de neuf Paraguayens sur dix parlent des dialectes guaranis, et le jopara, un m\u00e9lange vernaculaire de guarani et d&#039;espagnol, impr\u00e8gne les conversations quotidiennes. L&#039;urbanisation atteint environ 63 %, l&#039;un des taux les plus bas d&#039;Am\u00e9rique du Sud, la plupart des habitants \u00e9tant concentr\u00e9s \u00e0 Asunci\u00f3n et dans ses environs.<\/p>\n<p>La vie culturelle refl\u00e8te le m\u00e9lange des coutumes guaranis et des influences ib\u00e9riques. Les traditions de broderie, comme l&#039;ao po&#039;\u00ed et la dentelle \u00f1andut\u00ed, se retrouvent dans les v\u00eatements et les textiles domestiques. Les formes musicales s&#039;appuient sur la harpe et la guitare locales, se manifestant par des polkas vives et une guarania plus mesur\u00e9e, un genre fa\u00e7onn\u00e9 par Jos\u00e9 Asunci\u00f3n Flores au d\u00e9but du XXe si\u00e8cle. Les instruments folkloriques r\u00e9sonnent sur les places des villes, tandis que les stations de radio diffusent un flux continu de programmes bilingues.<\/p>\n<p>La cuisine paraguayenne exprime \u00e9galement cette fusion. Le manioc, une racine de base, est \u00e0 la base de pains et de g\u00e2teaux, notamment la chipa, un pain en forme d&#039;anneau m\u00e9lang\u00e9 \u00e0 du fromage et de la semoule de ma\u00efs, et de la sopa paraguaya, un g\u00e2teau de ma\u00efs dense souvent servi lors des rassemblements. Les plats associent produits laitiers, oignons, poivrons et ma\u00efs frais dans des rago\u00fbts et des accompagnements, pr\u00e9servant ainsi une identit\u00e9 culinaire qui honore \u00e0 la fois les \u00e9l\u00e9ments ancestraux et adopt\u00e9s.<\/p>\n<p>La litt\u00e9rature et le cin\u00e9ma ont connu un essor consid\u00e9rable au milieu du XXe si\u00e8cle, gr\u00e2ce \u00e0 des \u00e9crivains tels que Jos\u00e9 Ricardo Maz\u00f3, Roque Vallejos et Augusto Roa Bastos qui ont explor\u00e9 de nouveaux territoires po\u00e9tiques et narratifs. Roa Bastos, dont l&#039;\u0153uvre a \u00e9t\u00e9 r\u00e9compens\u00e9e par le prix Nobel, a donn\u00e9 une voix \u00e0 l&#039;exp\u00e9rience paraguayenne dans une prose empreinte d&#039;une profondeur psychologique. Les efforts cin\u00e9matographiques du pays restent modestes, mais refl\u00e8tent un int\u00e9r\u00eat croissant pour la documentation des histoires locales.<\/p>\n<p>Au sein des foyers, les structures sociales privil\u00e9gient l&#039;obligation mutuelle. Les liens familiaux \u00e9tendus se tissent aussi bien en milieu rural qu&#039;urbain. Dans de nombreuses communaut\u00e9s, les parrains et marraines assument un r\u00f4le quasi protecteur, choisis pour leur statut et cens\u00e9s guider et prot\u00e9ger leurs filleuls dans le cadre d&#039;un r\u00e9seau de soutien informel.<\/p>\n<p>Sur la sc\u00e8ne internationale, l&#039;indice de d\u00e9veloppement humain du Paraguay le place au 105e rang mondial, t\u00e9moignant de progr\u00e8s en mati\u00e8re d&#039;\u00e9ducation, de sant\u00e9 et de revenus, m\u00eame s&#039;il reste encore des progr\u00e8s \u00e0 faire. Son PIB par habitant, mesur\u00e9 en parit\u00e9 de pouvoir d&#039;achat, le place au septi\u00e8me rang parmi les pays d&#039;Am\u00e9rique du Sud. En 2014, une enqu\u00eate mondiale a d\u00e9sign\u00e9 le Paraguay comme \u00ab\u00a0l&#039;endroit le plus heureux du monde\u00a0\u00bb, attribuant la grande satisfaction autod\u00e9clar\u00e9e \u00e0 l&#039;\u00e9gard de la vie aux liens communautaires et \u00e0 la coh\u00e9sion culturelle.<\/p>\n<p>Aujourd&#039;hui, le Paraguay se trouve \u00e0 la crois\u00e9e des chemins entre traditions et changements. Tandis que routes et voies navigables ouvrent de nouvelles voies, que les villes s&#039;\u00e9tendent vers l&#039;ext\u00e9rieur et que les collines bois\u00e9es murmurent un potentiel inexploit\u00e9, le pays progresse sous une gouvernance stable. Son peuple reste attach\u00e9 aux rythmes du fleuve et du terroir, aux langues h\u00e9rit\u00e9es et adapt\u00e9es, et aux coutumes qui ancrent la vie quotidienne. Dans ce pays enclav\u00e9, le pouls du pass\u00e9 et du pr\u00e9sent r\u00e9sonne dans chaque ville, dans chaque plaine et le long de chaque m\u00e9andre du fleuve qui ouvre le Paraguay au monde.<\/p>","protected":false},"excerpt":{"rendered":"<p>Paraguay, formally known as the Republic of Paraguay, is a landlocked nation located in South America, with an estimated population of around 6.1 million inhabitants. About 2.3 million people live in Asunci\u00f3n, the capital and biggest city, together with the metro area around it. Paraguay, in the center of South America, with borders to Brazil east and northeast, Argentina to the south and southwest, and Bolivia to the northwest.<\/p>","protected":false},"author":1,"featured_media":4079,"parent":24096,"menu_order":0,"comment_status":"closed","ping_status":"closed","template":"elementor_theme","meta":{"_eb_attr":"","footnotes":""},"class_list":["post-6656","page","type-page","status-publish","has-post-thumbnail"],"_links":{"self":[{"href":"https:\/\/travelshelper.com\/fr\/wp-json\/wp\/v2\/pages\/6656","targetHints":{"allow":["GET"]}}],"collection":[{"href":"https:\/\/travelshelper.com\/fr\/wp-json\/wp\/v2\/pages"}],"about":[{"href":"https:\/\/travelshelper.com\/fr\/wp-json\/wp\/v2\/types\/page"}],"author":[{"embeddable":true,"href":"https:\/\/travelshelper.com\/fr\/wp-json\/wp\/v2\/users\/1"}],"replies":[{"embeddable":true,"href":"https:\/\/travelshelper.com\/fr\/wp-json\/wp\/v2\/comments?post=6656"}],"version-history":[{"count":0,"href":"https:\/\/travelshelper.com\/fr\/wp-json\/wp\/v2\/pages\/6656\/revisions"}],"up":[{"embeddable":true,"href":"https:\/\/travelshelper.com\/fr\/wp-json\/wp\/v2\/pages\/24096"}],"wp:featuredmedia":[{"embeddable":true,"href":"https:\/\/travelshelper.com\/fr\/wp-json\/wp\/v2\/media\/4079"}],"wp:attachment":[{"href":"https:\/\/travelshelper.com\/fr\/wp-json\/wp\/v2\/media?parent=6656"}],"curies":[{"name":"wp","href":"https:\/\/api.w.org\/{rel}","templated":true}]}}