{"id":35488,"date":"2024-11-30T23:23:21","date_gmt":"2024-11-30T23:23:21","guid":{"rendered":"https:\/\/travelshelper.com\/staging\/?page_id=35488"},"modified":"2026-03-11T02:09:40","modified_gmt":"2026-03-11T02:09:40","slug":"restez-en-securite-et-en-bonne-sante-a-bahrein","status":"publish","type":"page","link":"https:\/\/travelshelper.com\/fr\/destinations\/asia\/bahrain\/stay-safe-healthy-in-bahrain\/","title":{"rendered":"Restez en s\u00e9curit\u00e9 et en bonne sant\u00e9 \u00e0 Bahre\u00efn"},"content":{"rendered":"<h2 class=\"wp-block-heading\">Restez en s\u00e9curit\u00e9 \u00e0 Bahre\u00efn<\/h2>\n\n\n\n<p>Bahre\u00efn a connu une quasi-guerre civile en 2011, faisant des centaines de morts, des centaines de bless\u00e9s et un nombre important de militants et de professionnels de la sant\u00e9 emprisonn\u00e9s et tortur\u00e9s. Bien que les immenses manifestations aient \u00e9t\u00e9 impitoyablement r\u00e9prim\u00e9es, le climat reste instable et des manifestations, des \u00e9meutes et des homicides policiers peuvent survenir \u00e0 tout moment. Il est conseill\u00e9 aux voyageurs d&#039;\u00e9viter les r\u00e9gions rurales et les communaut\u00e9s du nord-ouest du pays. De grandes manifestations peuvent survenir \u00e0 tout moment et, bien qu&#039;elles puissent parfois devenir violentes, elles sont rarement anti-occidentales. \u00c9vitez les lieux o\u00f9 de grands groupes semblent se rassembler.<\/p>\n\n\n\n<p>\u00c0 Bahre\u00efn, l&#039;incidence moyenne de la criminalit\u00e9 sociale est faible, tandis que les crimes violents sont rares. Des vols et des vols \u00e0 main arm\u00e9e sont n\u00e9anmoins commis. Des d\u00e9lits mineurs, tels que des vols de portefeuilles et de portefeuilles, ont \u00e9t\u00e9 recens\u00e9s, notamment dans les vieux quartiers commer\u00e7ants appel\u00e9s souks. Les bo\u00eetes de nuit de la plupart des h\u00f4tels sont fr\u00e9quent\u00e9es par des individus malintentionn\u00e9s. Malgr\u00e9 les mesures de s\u00e9curit\u00e9 mises en place par les h\u00f4tels, notamment des cam\u00e9ras, des clients ont parfois pris possession de leurs chambres.<\/p>\n\n\n\n<p>Si vous \u00eates sur Exhibition Avenue (pr\u00e8s de Hoora), soyez prudents\u00a0: les femmes peuvent avoir des rencontres d\u00e9sagr\u00e9ables avec des Saoudiens (principalement) ivres. Il est conseill\u00e9 d&#039;\u00eatre accompagn\u00e9 d&#039;un homme si vous y allez (surtout le soir).<\/p>\n\n\n\n<h3 class=\"wp-block-heading\">Crime<\/h3>\n\n\n\n<p>Environ 4\u00a0000 citoyens britanniques vivent \u00e0 Bahre\u00efn, et des milliers d&#039;autres s&#039;y rendent chaque ann\u00e9e. La plupart des visites se d\u00e9roulent sans incident. Malgr\u00e9 la raret\u00e9 de la criminalit\u00e9 dans la plupart des r\u00e9gions, les touristes doivent prendre leurs pr\u00e9cautions, notamment en faisant appel \u00e0 des services de taxi fiables.<\/p>\n\n\n\n<h3 class=\"wp-block-heading\">Drogues<\/h3>\n\n\n\n<p>M\u00eame les substances illicites en quantit\u00e9s infimes sont strictement interdites. M\u00eame en transit par un a\u00e9roport, la consommation ou le transport de stup\u00e9fiants peut entra\u00eener une incarc\u00e9ration et une expulsion. L&#039;achat ou la vente de drogues et de stup\u00e9fiants constitue une infraction grave passible d&#039;une peine maximale de r\u00e9clusion \u00e0 perp\u00e9tuit\u00e9.<\/p>\n\n\n\n<p>Certains articles cosm\u00e9tiques et recharges de cigarettes \u00e9lectroniques peuvent contenir des substances interdites, telles que l&#039;huile de CBD, \u00e0 Bahre\u00efn.<\/p>\n\n\n\n<p>Il est conseill\u00e9 d&#039;avoir sur soi une attestation m\u00e9dicale si vous prenez des m\u00e9dicaments sur ordonnance. Si vous envisagez d&#039;importer des m\u00e9dicaments sur ordonnance \u00e0 Bahre\u00efn, une autorisation pr\u00e9alable des autorit\u00e9s peut vous \u00eatre demand\u00e9e. Avant de voyager, contactez l&#039;ambassade ou le consulat de Bahre\u00efn le plus proche.<\/p>\n\n\n\n<h3 class=\"wp-block-heading\">Alcool<\/h3>\n\n\n\n<p>L&#039;alcool est l\u00e9gal \u00e0 Bahre\u00efn, o\u00f9 l&#039;on trouve de nombreux bars, restaurants et d\u00e9bits de boissons. Cependant, l&#039;ivresse sur la voie publique ou la conduite sous l&#039;emprise de l&#039;alcool sont ill\u00e9gales et exposent le contrevenant \u00e0 une amende, une peine d&#039;emprisonnement et\/ou une expulsion, ainsi qu&#039;\u00e0 la suspension du permis de conduire. L&#039;agression physique et la destruction de biens publics sous l&#039;emprise de l&#039;alcool constituent des infractions passibles d&#039;une peine d&#039;emprisonnement.<\/p>\n\n\n\n<h3 class=\"wp-block-heading\">Conduite<\/h3>\n\n\n\n<p>\u00c0 Bahre\u00efn, la tol\u00e9rance z\u00e9ro est de mise pour l&#039;alcool au volant. Toute personne arr\u00eat\u00e9e avec la moindre trace d&#039;alcool dans l&#039;organisme peut \u00eatre poursuivie et emprisonn\u00e9e. Les infractions \u00e0 la loi, comme le talonnage, les exc\u00e8s de vitesse, les courses automobiles, le franchissement de ligne et l&#039;utilisation du t\u00e9l\u00e9phone portable au volant, sont passibles de lourdes amendes. De nombreux radars sont install\u00e9s sur les routes et les autoroutes. Le port de la ceinture de s\u00e9curit\u00e9 est obligatoire. Le non-respect de cette r\u00e8gle peut entra\u00eener une amende.<\/p>\n\n\n\n<p><strong>Code de la route<\/strong><\/p>\n\n\n\n<ul class=\"wp-block-list\">\n<li>La circulation se fait \u00e0 droite.<\/li>\n\n\n\n<li>Aux ronds-points (giratoires), les voitures \u00e0 l&#039;int\u00e9rieur du rond-point ont la priorit\u00e9 sur celles qui tentent d&#039;y entrer.<\/li>\n\n\n\n<li>Les conducteurs roulent souvent trop vite malgr\u00e9 de lourdes sanctions, notamment des amendes et une possible peine d\u2019emprisonnement.<\/li>\n\n\n\n<li>La police peut arr\u00eater les conducteurs pour des infractions au code de la route.<\/li>\n\n\n\n<li>Il est ill\u00e9gal d\u2019utiliser un t\u00e9l\u00e9phone portable en conduisant, m\u00eame si cela est tr\u00e8s courant.<\/li>\n\n\n\n<li>Les conducteurs sont tenus de porter la ceinture de s\u00e9curit\u00e9.<\/li>\n\n\n\n<li>Le trafic est plus dense le week-end avec un afflux de v\u00e9hicules en provenance des pays voisins.<\/li>\n<\/ul>\n\n\n\n<h3 class=\"wp-block-heading\">Code vestimentaire<\/h3>\n\n\n\n<p>Les Bahre\u00efnis s&#039;habillent g\u00e9n\u00e9ralement de mani\u00e8re conservatrice, avec des v\u00eatements traditionnels, et ils peuvent \u00eatre en col\u00e8re lorsque d&#039;autres s&#039;habillent mal ou contrairement aux normes islamiques.<\/p>\n\n\n\n<p>Dans les lieux publics tels que les centres commerciaux, les restaurants et les parcs, une tenue vestimentaire correcte est encourag\u00e9e. Les v\u00eatements ne doivent pas \u00eatre transparents, exposer des parties du corps de mani\u00e8re ind\u00e9cente ou comporter des images ou des messages d\u00e9plaisants. Si vous vous rendez dans l&#039;un de ces lieux sans \u00eatre correctement v\u00eatu, vous pourriez \u00eatre pri\u00e9 de quitter les lieux (la plupart des grands centres commerciaux affichent des panneaux invitant au port d&#039;une tenue d\u00e9cente). Toute forme de nudit\u00e9 est strictement interdite, m\u00eame les bains de soleil sans haut. Pendant le mois du Ramadan, o\u00f9 l&#039;humilit\u00e9 est de mise, ces principes sont encore plus stricts.<\/p>\n\n\n\n<h3 class=\"wp-block-heading\">Religion<\/h3>\n\n\n\n<p>\u00c0 Bahre\u00efn, les croyances religieuses islamiques sont hautement v\u00e9n\u00e9r\u00e9es. Tout manque de respect envers les id\u00e9es ou pratiques religieuses est consid\u00e9r\u00e9 comme extr\u00eamement irrespectueux et est passible d&#039;une lourde amende et\/ou d&#039;une peine d&#039;emprisonnement. Les autres religions sont respect\u00e9es et peuvent \u00eatre pratiqu\u00e9es librement \u00e0 Bahre\u00efn. Suivez quelques r\u00e8gles simples de respect\u00a0:<\/p>\n\n\n\n<p>Les musulmans accomplissent cinq pri\u00e8res quotidiennes. Vous remarquerez que les mosqu\u00e9es utilisent des haut-parleurs pour appeler les fid\u00e8les \u00e0 la pri\u00e8re. Sachez que les voitures \u00e9loign\u00e9es d&#039;une mosqu\u00e9e peuvent s&#039;arr\u00eater sur une aire de repos pour prier discr\u00e8tement.<\/p>\n\n\n\n<p>Les musulmans je\u00fbnent de l&#039;aube au coucher du soleil pendant le mois sacr\u00e9 du Ramadan. Durant ce mois, manger, boire, fumer, \u00e9couter de la musique forte et danser en public pendant la journ\u00e9e sont interdits et sanctionn\u00e9s par la loi, m\u00eame pour les non-musulmans.<\/p>\n\n\n\n<h3 class=\"wp-block-heading\">Climat et catastrophes naturelles<\/h3>\n\n\n\n<p>Bahre\u00efn conna\u00eet souvent des temp\u00e9ratures extr\u00eamement \u00e9lev\u00e9es. De juin \u00e0 ao\u00fbt, la temp\u00e9rature peut d\u00e9passer les 50 \u00b0C.<\/p>\n\n\n\n<p>Pour \u00e9viter les coups de chaleur et la d\u00e9shydratation :<\/p>\n\n\n\n<ul class=\"wp-block-list\">\n<li>boire beaucoup d&#039;eau<\/li>\n\n\n\n<li>\u00e9viter les longues p\u00e9riodes de chaleur<\/li>\n<\/ul>\n\n\n\n<p>Les temp\u00eates de sable et de poussi\u00e8re se produisent souvent.<\/p>\n\n\n\n<h3 class=\"wp-block-heading\">Manifestations<\/h3>\n\n\n\n<p>Des manifestations et protestations occasionnelles sont possibles. Elles peuvent impliquer des tentatives d&#039;interruption de la circulation ainsi que des troubles dans les zones rurales et \u00e0 proximit\u00e9 des centres \u00e9conomiques. Il arrive que cela conduise \u00e0 des conflits localis\u00e9s entre les forces de s\u00e9curit\u00e9 gouvernementales et les manifestants. L&#039;anniversaire d&#039;\u00e9v\u00e9nements marquants \u00e0 Bahre\u00efn peut parfois favoriser des manifestations spontan\u00e9es. Des incidents similaires se sont produits par le pass\u00e9 \u00e0 Sitra, Bani Jamra, Karbabad, Saar, Karzakan, sur l&#039;autoroute Budaiya et dans les villages voisins.<\/p>\n\n\n\n<p>M\u00eame s&#039;il n&#039;y a eu aucune menace ou attaque directe contre les ressortissants britanniques \u00e0 ce jour, vous devez rester prudent, suivre les conseils des autorit\u00e9s locales et \u00eatre attentif \u00e0 votre environnement o\u00f9 que vous soyez sur l&#039;\u00eele.<\/p>\n\n\n\n<p>Ceux qui se trouvent par erreur \u00e0 proximit\u00e9 d\u2019un rassemblement violent sont en danger.<\/p>\n\n\n\n<p>Si vous \u00eates t\u00e9moin d&#039;un grand rassemblement public ou d&#039;une manifestation, vous devez \u00e9vacuer rapidement les lieux. Si vous apercevez un objet suspect, \u00e9vitez de vous en approcher ou de le toucher. \u00c9loignez-vous et composez le 999 ou le num\u00e9ro d&#039;urgence de la police\u00a0: 8000 8008.<\/p>\n\n\n\n<p>En journ\u00e9e, la circulation sur les routes principales est g\u00e9n\u00e9ralement fluide. Plusieurs postes de contr\u00f4le de police sont en place.<\/p>\n\n\n\n<p>Lors des manifestations, les routes peuvent devenir impraticables, n\u00e9cessitant des d\u00e9tours. Ceux-ci peuvent vous conduire vers des territoires inconnus. Il est conseill\u00e9 de se familiariser avec les autres chemins.<\/p>\n\n\n\n<p>L&#039;opinion publique locale continue d&#039;\u00eatre influenc\u00e9e par les \u00e9v\u00e9nements r\u00e9gionaux. Il est important d&#039;\u00eatre conscient des sensibilit\u00e9s locales sur ces questions. Suivez l&#039;actualit\u00e9 et soyez attentif aux \u00e9v\u00e9nements locaux et r\u00e9gionaux susceptibles de susciter des troubles publics.<\/p>\n\n\n\n<p>Le minist\u00e8re de l&#039;Int\u00e9rieur rappelle que tous les r\u00e9sidents et invit\u00e9s sont tenus de pr\u00e9senter une pi\u00e8ce d&#039;identit\u00e9 avec photo. Une amende pouvant aller jusqu&#039;\u00e0 300 bahts bahre\u00efnis peut \u00eatre inflig\u00e9e si vous ne pouvez pas pr\u00e9senter une pi\u00e8ce d&#039;identit\u00e9 avec photo lorsqu&#039;un membre du gouvernement bahre\u00efni vous le demande, comme l&#039;exige la l\u00e9gislation bahre\u00efnienne.<\/p>\n\n\n\n<h2 class=\"wp-block-heading\">Restez en bonne sant\u00e9 \u00e0 Bahre\u00efn<\/h2>\n\n\n\n<p>Assurez-vous de boire beaucoup d&#039;eau. Il peut faire extr\u00eamement chaud (jusqu&#039;\u00e0 50 degr\u00e9s Celsius) et humide d&#039;avril \u00e0 ao\u00fbt. Prot\u00e9gez-vous du soleil avec un parapluie. Il est essentiel de bien s&#039;hydrater, surtout si vous \u00eates dehors toute la journ\u00e9e. On trouve de l&#039;eau en bouteille \u00e0 des prix tr\u00e8s avantageux presque partout en ville, dans les entrep\u00f4ts frigorifiques et les petits restaurants.<\/p>\n\n\n\n<p>De petites bouteilles r\u00e9frig\u00e9r\u00e9es sont vendues par des vendeurs ambulants au souk, mais vous risquez de d\u00e9penser plus que la valeur de la bouteille. Si vous souhaitez s\u00e9journer longtemps \u00e0 Bahre\u00efn, vous pouvez faire livrer de l&#039;eau en bouteille \u00e0 votre appartement par un magasin r\u00e9frig\u00e9r\u00e9 local ou vous inscrire \u00e0 un service de livraison d&#039;eau par l&#039;un des nombreux commerces de l&#039;\u00eele. De nombreux magasins r\u00e9frig\u00e9r\u00e9s (ainsi que certains h\u00f4tels) livrent gratuitement leurs produits (ou repas) \u00e0 votre h\u00f4tel ou appartement.<\/p>\n\n\n\n<h3 class=\"wp-block-heading\">COVID 19<\/h3>\n\n\n\n<p>Il n&#039;y a aucune restriction li\u00e9e \u00e0 la COVID-19 dans les espaces publics, et tous les commerces, y compris les magasins, les banques et les restaurants, fonctionnent normalement. Le port du masque est facultatif, tant \u00e0 l&#039;int\u00e9rieur qu&#039;\u00e0 l&#039;ext\u00e9rieur (sauf dans les \u00e9tablissements de sant\u00e9).<\/p>\n\n\n\n<p>Il n\u2019y a aucune limite li\u00e9e \u00e0 la COVID-19 quant \u00e0 la disponibilit\u00e9 des h\u00e9bergements et des installations, y compris les h\u00f4tels et les unit\u00e9s de location priv\u00e9es.<\/p>\n\n\n\n<p>Si vous pensez pr\u00e9senter des sympt\u00f4mes de la COVID-19, veuillez appeler la hotline locale au 444 et suivre les conseils des autorit\u00e9s. Pour toute question g\u00e9n\u00e9rale sur la COVID-19 \u00e0 Bahre\u00efn, veuillez contacter le minist\u00e8re de la Sant\u00e9 \u00e0 l&#039;adresse covid19@moh.gov.bh. Les personnes test\u00e9es positives \u00e0 la COVID-19 seront contact\u00e9es par les autorit\u00e9s via l&#039;application \u00ab\u00a0BeAware\u00a0\u00bb et devront s&#039;isoler \u00e0 domicile ou \u00e0 l&#039;h\u00f4tel pendant 7\u00a0jours (pour les personnes enti\u00e8rement vaccin\u00e9es) ou 10\u00a0jours (pour les personnes non vaccin\u00e9es) \u00e0 compter de la date de l&#039;infection. L&#039;obtention d&#039;un r\u00e9sultat PCR n\u00e9gatif dans un h\u00f4pital priv\u00e9 permet de mettre fin plus rapidement \u00e0 l&#039;isolement. Si n\u00e9cessaire, un traitement contre la COVID-19 sera propos\u00e9 gratuitement.<\/p>","protected":false},"excerpt":{"rendered":"<p>Bahre\u00efn a connu une quasi-guerre civile en 2011, faisant des centaines de morts, des centaines de bless\u00e9s et un nombre important de militants et de professionnels de la sant\u00e9 emprisonn\u00e9s et tortur\u00e9s. Bien que les immenses manifestations aient \u00e9t\u00e9 impitoyablement r\u00e9prim\u00e9es, le climat reste instable et des manifestations, des \u00e9meutes et des homicides policiers peuvent survenir \u00e0 tout moment. Il est conseill\u00e9 aux voyageurs d&#039;\u00e9viter les r\u00e9gions rurales et les communaut\u00e9s du nord-ouest du pays. De grandes manifestations peuvent survenir \u00e0 tout moment et, bien qu&#039;elles puissent parfois devenir violentes, elles sont rarement anti-occidentales. \u00c9vitez les lieux o\u00f9 de grands groupes semblent se rassembler.<\/p>","protected":false},"author":1,"featured_media":35491,"parent":35335,"menu_order":0,"comment_status":"closed","ping_status":"closed","template":"elementor_theme","meta":{"_eb_attr":"","footnotes":""},"class_list":["post-35488","page","type-page","status-publish","has-post-thumbnail"],"_links":{"self":[{"href":"https:\/\/travelshelper.com\/fr\/wp-json\/wp\/v2\/pages\/35488","targetHints":{"allow":["GET"]}}],"collection":[{"href":"https:\/\/travelshelper.com\/fr\/wp-json\/wp\/v2\/pages"}],"about":[{"href":"https:\/\/travelshelper.com\/fr\/wp-json\/wp\/v2\/types\/page"}],"author":[{"embeddable":true,"href":"https:\/\/travelshelper.com\/fr\/wp-json\/wp\/v2\/users\/1"}],"replies":[{"embeddable":true,"href":"https:\/\/travelshelper.com\/fr\/wp-json\/wp\/v2\/comments?post=35488"}],"version-history":[{"count":0,"href":"https:\/\/travelshelper.com\/fr\/wp-json\/wp\/v2\/pages\/35488\/revisions"}],"up":[{"embeddable":true,"href":"https:\/\/travelshelper.com\/fr\/wp-json\/wp\/v2\/pages\/35335"}],"wp:featuredmedia":[{"embeddable":true,"href":"https:\/\/travelshelper.com\/fr\/wp-json\/wp\/v2\/media\/35491"}],"wp:attachment":[{"href":"https:\/\/travelshelper.com\/fr\/wp-json\/wp\/v2\/media?parent=35488"}],"curies":[{"name":"wp","href":"https:\/\/api.w.org\/{rel}","templated":true}]}}