{"id":35472,"date":"2024-11-30T22:59:50","date_gmt":"2024-11-30T22:59:50","guid":{"rendered":"https:\/\/travelshelper.com\/staging\/?page_id=35472"},"modified":"2026-03-11T02:07:26","modified_gmt":"2026-03-11T02:07:26","slug":"traditions-coutumes-a-bahrein","status":"publish","type":"page","link":"https:\/\/travelshelper.com\/fr\/destinations\/asia\/bahrain\/traditions-customs-in-bahrain\/","title":{"rendered":"Traditions et coutumes \u00e0 Bahre\u00efn"},"content":{"rendered":"<p>Bahre\u00efn est un pays accueillant, mais il est imp\u00e9ratif de toujours faire preuve de respect et de politesse envers ses traditions culturelles et sa religion. Dans les zones fr\u00e9quent\u00e9es par la population arabe locale, il est pr\u00e9f\u00e9rable de porter des pantalons longs plut\u00f4t que des shorts, et les femmes doivent \u00e9viter les robes transparentes.<\/p>\n\n\n\n<p>Les maillots de bain, les bikinis et les shorts sont acceptables dans les clubs de plage et les h\u00f4tels. En public, \u00e9vitez toute d\u00e9monstration d&#039;amour envers des personnes du sexe oppos\u00e9. Des personnes du sexe oppos\u00e9 ont \u00e9t\u00e9 arr\u00eat\u00e9es pour s&#039;\u00eatre embrass\u00e9es en public, et ces baisers sont socialement inacceptables. \u00c9vitez toujours de vous battre et de vous engager dans un d\u00e9bat, surtout avec un habitant du quartier.<\/p>\n\n\n\n<p>La religion officielle du royaume est l&#039;islam. Plus de 70 % de la population la pratique. Le reste est compos\u00e9 de chr\u00e9tiens, de bouddhistes et d&#039;hindous. Une petite fraction de la population ne se r\u00e9clame d&#039;aucune appartenance religieuse. L&#039;\u00c9glise et l&#039;\u00c9tat ne sont pas s\u00e9par\u00e9s. La charia (loi islamique) s&#039;applique. La libert\u00e9 religieuse est inscrite dans la Constitution. C&#039;est un fait. Aucune pers\u00e9cution religieuse n&#039;existe ici. Les repr\u00e9sentants des diff\u00e9rentes religions sont autoris\u00e9s \u00e0 observer librement leurs rites et \u00e0 c\u00e9l\u00e9brer leurs f\u00eates.<\/p>\n\n\n\n<p>La communaut\u00e9 musulmane est h\u00e9t\u00e9rog\u00e8ne. Les musulmans sunnites consid\u00e8rent les B\u00e9douins comme leurs anc\u00eatres. Les chiites, quant \u00e0 eux, descendent du Proph\u00e8te, selon leurs croyances. La majorit\u00e9 des chiites appartiennent \u00e0 la communaut\u00e9 ethnique et religieuse baharna. Ils sont traditionalistes et pieux. Sunnites et chiites forment des communaut\u00e9s distinctes. Leurs conflits juridiques sont r\u00e9gl\u00e9s par des tribunaux distincts.<\/p>\n\n\n\n<p>\u00c0 Bahre\u00efn, la position sociale des femmes est sup\u00e9rieure \u00e0 celle de la majorit\u00e9 des pays arabes. Ici, les femmes peuvent travailler. Elles repr\u00e9sentent pr\u00e8s d&#039;un tiers de la population active du pays. Elles ont acc\u00e8s \u00e0 l&#039;\u00e9ducation et aux soins de sant\u00e9. Environ 60 % des femmes sont dipl\u00f4m\u00e9es de l&#039;enseignement sup\u00e9rieur. De nombreuses femmes travaillent dans le monde des affaires. Les femmes sont encore sous-repr\u00e9sent\u00e9es en politique et sont absentes du pouvoir gouvernemental. Aucune loi officielle ne viole les droits des femmes. Cependant, cette r\u00e9glementation est en contradiction avec la charia, qui impose aux femmes de se couvrir le visage et le corps. La plupart des femmes portent un tchador qui ne couvre pas le visage. Le niqab dissimule totalement le visage des femmes issues de familles plus traditionnelles. Les femmes \u00e9trang\u00e8res sont tol\u00e9r\u00e9es par les autochtones. Il est toutefois conseill\u00e9 de se couvrir les \u00e9paules et les jambes. De plus, des exigences s&#039;appliquent aux hommes \u00e9trangers\u00a0: il est interdit d&#039;appara\u00eetre en public en short et en tenue de sport.<\/p>\n\n\n\n<p>Cette d\u00e9mocratie est le fruit de l&#039;essor \u00e9conomique rapide de Bahre\u00efn, qui attire un grand nombre d&#039;\u00e9trangers. Bahre\u00efn est le pays musulman le plus lib\u00e9r\u00e9. \u200b\u200bLes r\u00e9sidents d&#039;autres pays arabes y s\u00e9journent fr\u00e9quemment. Le pays vend et consomme de l&#039;alcool. Pendant le mois sacr\u00e9 du Ramadan, les normes morales se durcissent. \u00c0 cette p\u00e9riode, les croyants je\u00fbnent. Il est interdit aux musulmans de manger et de boire pendant la journ\u00e9e.<\/p>\n\n\n\n<p>La religion a un impact sur l&#039;\u00e9tiquette. La main gauche est traditionnellement consid\u00e9r\u00e9e comme sale, car elle sert \u00e0 l&#039;hygi\u00e8ne personnelle. Il est acceptable d&#039;accepter de la nourriture et de l&#039;argent, mais uniquement avec la main droite. Pour entrer dans une maison ou une mosqu\u00e9e, il faut se d\u00e9chausser. Il est interdit de pointer du pied vers son interlocuteur, de le fixer intens\u00e9ment dans les yeux, de manger en marchant ou de gesticuler activement pendant une conversation.<\/p>\n\n\n\n<p>La famille est d&#039;une importance capitale pour les citoyens du pays. Les femmes se marient tr\u00e8s jeunes, d\u00e8s 14 ans. Les hommes se marient entre 20 et 22 ans. Il est courant de demander une ran\u00e7on aux \u00e9pouses. La charia autorise la polygamie. Cependant, chaque \u00e9pouse doit disposer d&#039;un logement confortable. Il existe \u00e9galement des mariages temporaires (muta), exclusivement accept\u00e9s par les chiites. Une r\u00e9compense est vers\u00e9e \u00e0 la femme \u00e0 la conclusion de ce mariage. Formellement, les droits d&#039;une femme sont \u00e9quivalents \u00e0 ceux d&#039;une \u00e9pouse ordinaire. Ses enfants sont \u00e9galement consid\u00e9r\u00e9s comme l\u00e9gitimes. Elle a droit \u00e0 un mahr (don de son mari). La dur\u00e9e du mariage peut \u00eatre prolong\u00e9e ind\u00e9finiment. Une femme doit observer une pause avant de se remarier apr\u00e8s un mariage rat\u00e9. Cette pause est n\u00e9cessaire pour \u00e9carter toute possibilit\u00e9 de grossesse. Durant cette pause de quatre \u00e0 vingt semaines, le mari continue de subvenir aux besoins de sa femme.<\/p>\n\n\n\n<p>Apr\u00e8s l&#039;ind\u00e9pendance du pays en 1971, la culture bahre\u00efnienne a connu un essor consid\u00e9rable. Outre le d\u00e9veloppement de l&#039;art traditionnel, l&#039;art moderne conna\u00eet \u00e9galement un essor. L&#039;impressionnisme, l&#039;expressionnisme et le surr\u00e9alisme gagnent en popularit\u00e9. De fr\u00e9quentes expositions d&#039;art moderne sont organis\u00e9es. Plusieurs mus\u00e9es et galeries sont utilis\u00e9s \u00e0 cet effet. Les arts traditionnels de la calligraphie arabe, de la c\u00e9ramique, de la joaillerie et de la forge sont remarquables. La litt\u00e9rature a \u00e9galement connu un essor rapide \u00e0 la fin du XXe si\u00e8cle, marqu\u00e9e par une forte influence occidentale. Bahre\u00efn, contrairement \u00e0 d&#039;autres pays islamiques, compte un grand nombre de po\u00e8tes qui publient leurs \u0153uvres.<\/p>\n\n\n\n<p>Les musiques arabe, indienne et persane ont influenc\u00e9 la musique traditionnelle de Bahre\u00efn. Les styles les plus populaires sont le saut, le fijri et le liwa. Les Bahre\u00efnis sont impliqu\u00e9s depuis longtemps dans l&#039;extraction de perles. Les p\u00eacheurs de perles ont d\u00e9velopp\u00e9 leur propre culture, notamment musicale. Le fijri est la musique des p\u00eacheurs de perles. Il est important de noter qu&#039;il existe des chants c\u00f4tiers et des chants marins. Le liwa est la musique des peuples africains. La musique arabe, appel\u00e9e saut, est jou\u00e9e au oud, \u00e0 des instruments \u00e0 percussion et au rebab. La musique moderne existe \u00e9galement. Des groupes de rock y jouent. Bahre\u00efn poss\u00e8de \u00e9galement des studios d&#039;enregistrement. Le cin\u00e9ma n&#039;est pas ill\u00e9gal, mais les films locaux ne sont pratiquement jamais tourn\u00e9s.<\/p>","protected":false},"excerpt":{"rendered":"<p>Bahre\u00efn est un pays accueillant, mais il est imp\u00e9ratif de toujours faire preuve de respect et de politesse envers ses traditions culturelles et sa religion. Dans les zones fr\u00e9quent\u00e9es par la population arabe locale, il est pr\u00e9f\u00e9rable de porter des pantalons longs plut\u00f4t que des shorts, et les femmes doivent \u00e9viter les robes transparentes.<\/p>","protected":false},"author":1,"featured_media":35474,"parent":35335,"menu_order":0,"comment_status":"closed","ping_status":"closed","template":"elementor_theme","meta":{"_eb_attr":"","footnotes":""},"class_list":["post-35472","page","type-page","status-publish","has-post-thumbnail"],"_links":{"self":[{"href":"https:\/\/travelshelper.com\/fr\/wp-json\/wp\/v2\/pages\/35472","targetHints":{"allow":["GET"]}}],"collection":[{"href":"https:\/\/travelshelper.com\/fr\/wp-json\/wp\/v2\/pages"}],"about":[{"href":"https:\/\/travelshelper.com\/fr\/wp-json\/wp\/v2\/types\/page"}],"author":[{"embeddable":true,"href":"https:\/\/travelshelper.com\/fr\/wp-json\/wp\/v2\/users\/1"}],"replies":[{"embeddable":true,"href":"https:\/\/travelshelper.com\/fr\/wp-json\/wp\/v2\/comments?post=35472"}],"version-history":[{"count":0,"href":"https:\/\/travelshelper.com\/fr\/wp-json\/wp\/v2\/pages\/35472\/revisions"}],"up":[{"embeddable":true,"href":"https:\/\/travelshelper.com\/fr\/wp-json\/wp\/v2\/pages\/35335"}],"wp:featuredmedia":[{"embeddable":true,"href":"https:\/\/travelshelper.com\/fr\/wp-json\/wp\/v2\/media\/35474"}],"wp:attachment":[{"href":"https:\/\/travelshelper.com\/fr\/wp-json\/wp\/v2\/media?parent=35472"}],"curies":[{"name":"wp","href":"https:\/\/api.w.org\/{rel}","templated":true}]}}