{"id":35452,"date":"2024-11-30T22:41:22","date_gmt":"2024-11-30T22:41:22","guid":{"rendered":"https:\/\/travelshelper.com\/staging\/?page_id=35452"},"modified":"2026-03-11T02:11:40","modified_gmt":"2026-03-11T02:11:40","slug":"vie-nocturne-a-bahrein","status":"publish","type":"page","link":"https:\/\/travelshelper.com\/fr\/destinations\/asia\/bahrain\/nightlife-in-bahrain\/","title":{"rendered":"Vie nocturne \u00e0 Bahre\u00efn"},"content":{"rendered":"<p>La vie nocturne de Bahre\u00efn est assez bien d\u00e9velopp\u00e9e, ce qui est surprenant. Cela est principalement d\u00fb \u00e0 la tol\u00e9rance du gouvernement et au grand nombre d&#039;\u00e9trangers vivant dans le pays. Bahre\u00efn est souvent surnomm\u00e9 \u00ab\u00a0l&#039;Hawa\u00ef du Moyen-Orient\u00a0\u00bb. Chacun trouvera son bonheur apr\u00e8s le coucher du soleil. Dans tout le pays, on trouve des discoth\u00e8ques, des bars karaok\u00e9 et des clubs de musique live.<\/p>\n\n\n\n<p>Adliya est particuli\u00e8rement r\u00e9put\u00e9 pour sa vie nocturne. C&#039;est le quartier boh\u00e8me de Manama. Les h\u00f4tels de luxe offrent de nombreuses possibilit\u00e9s de divertissement en soir\u00e9e. L&#039;alcool est autoris\u00e9 dans tout le pays, m\u00eame dans les clubs. Cela attire les touristes des pays arabes voisins, plus conservateurs.<\/p>\n\n\n\n<h2 class=\"wp-block-heading\">Bars et clubs \u00e0 Bahre\u00efn<\/h2>\n\n\n\n<p>Comme la quasi-totalit\u00e9 des \u00e9tablissements sous licence doivent \u00eatre affili\u00e9s \u00e0 des h\u00f4tels quatre et cinq \u00e9toiles, il n&#039;existe pas de quartier nocturne distinct \u00e0 Manama\u00a0; les lieux sont plut\u00f4t r\u00e9partis en grille \u00e0 travers la ville. Une fois qu&#039;un bar est ouvert depuis un certain temps, il acquiert une r\u00e9putation aupr\u00e8s des habitants, et nombre d&#039;entre eux deviennent des \u00e9tablissements r\u00e9put\u00e9s dans les \u00c9tats du Golfe. Parmi ces \u00e9tablissements, le Sherlock Holmes (Gulf Hotel, Manama), un bar \u00e0 th\u00e8me \u00e0 l&#039;histoire prestigieuse, en est un exemple. Bien que confortable, il n&#039;a pas perdu son allure de pub londonien traditionnel et propose des concerts presque tous les soirs de la semaine, g\u00e9n\u00e9ralement bond\u00e9s d&#039;habitu\u00e9s. N\u00e9anmoins, les week-ends \u00e0 Bahre\u00efn peuvent \u00e9galement \u00eatre tr\u00e8s fr\u00e9quent\u00e9s.<\/p>\n\n\n\n<p>Le Trader Vic&#039;s (Le M\u00e9ridien, Manama) est situ\u00e9 pr\u00e8s d&#039;une plage de Manama et offre une vue imprenable sur le Golfe depuis son int\u00e9rieur climatis\u00e9. R\u00e9put\u00e9 pour ses cocktails inspir\u00e9s des mers du Sud, servis dans de magnifiques verres, il est l&#039;un des lieux incontournables de la ville pour un ap\u00e9ritif. Le Warbler Club (Baisan Hotel, Manama) propose \u00e9galement des concerts r\u00e9guliers, une client\u00e8le attractive et une d\u00e9licieuse cuisine de bar. C&#039;est l&#039;un des meilleurs endroits de Bahre\u00efn pour les amateurs de sport, gr\u00e2ce \u00e0 ses nombreux t\u00e9l\u00e9viseurs g\u00e9ants diffusant tous les matchs.<\/p>\n\n\n\n<h3 class=\"wp-block-heading\">Bar du centre-ville<\/h3>\n\n\n\n<p><em>Adresse : 1507 King Faisal Highway, Manama \u2013 Horaires d&#039;ouverture : Tous les jours : 16h00-2h00<\/em><\/p>\n\n\n\n<p>Downtown, une section de l&#039;h\u00f4tel Intercontinental Regency, est un lieu de pr\u00e9dilection pour les locaux et les touristes, et attire une foule nombreuse, notamment lors des soir\u00e9es musicales. On y trouve des groupes locaux, des soir\u00e9es open mic et des jam sessions, et le mercredi, c&#039;est la Ladies&#039; Night.<\/p>\n\n\n\n<h3 class=\"wp-block-heading\">Pub irlandais JJ&#039;s<\/h3>\n\n\n\n<p><em>Adresse : Bloc 326, Al Qudaibiya, Manama<\/em><\/p>\n\n\n\n<p>Le bar JJ&#039;s est un grand \u00e9tablissement \u00e0 l&#039;ambiance chaleureuse proposant une grande vari\u00e9t\u00e9 de bi\u00e8res pression. De nombreuses activit\u00e9s hebdomadaires sont propos\u00e9es, notamment du karaok\u00e9, des quiz, une soir\u00e9e entre filles et des concerts du groupe The Noise.<\/p>\n\n\n\n<h3 class=\"wp-block-heading\">La Fauvette<\/h3>\n\n\n\n<p><em>Adresse : Bloc 320, Manama \u2013 Horaires d&#039;ouverture : Tous les jours : 12h-2h<\/em><\/p>\n\n\n\n<p>Le Warbler, c\u00e9l\u00e8bre pub sportif de style britannique, accueille des \u00e9v\u00e9nements presque tous les soirs au sein de l&#039;h\u00f4tel Baisan International. Il propose des soir\u00e9es dansantes, des concerts, la retransmission d&#039;\u00e9v\u00e9nements sportifs majeurs, une soir\u00e9e pour les dames le mardi et une cuisine enti\u00e8rement \u00e9quip\u00e9e proposant une cuisine vari\u00e9e.<\/p>\n\n\n\n<h3 class=\"wp-block-heading\">La Fauvette<\/h3>\n\n\n\n<p><em>Adresse : Bloc 320, Manama \u2013 Horaires d&#039;ouverture : Tous les jours : 12h-2h<\/em><\/p>\n\n\n\n<p>Le Warbler, c\u00e9l\u00e8bre pub sportif de style britannique, accueille des \u00e9v\u00e9nements presque tous les soirs au sein de l&#039;h\u00f4tel Baisan International. Il propose des soir\u00e9es dansantes, des concerts, la retransmission d&#039;\u00e9v\u00e9nements sportifs majeurs, une soir\u00e9e pour les dames le mardi et une cuisine enti\u00e8rement \u00e9quip\u00e9e proposant une cuisine vari\u00e9e.<\/p>\n\n\n\n<h2 class=\"wp-block-heading\">Restauration et cuisine \u00e0 Bahre\u00efn<\/h2>\n\n\n\n<p>\u00c0 Bahre\u00efn, le prix et la qualit\u00e9 de la nourriture varient consid\u00e9rablement. Si vous n&#039;avez pas envie de d\u00e9penser une fortune, vous pouvez choisir parmi une vari\u00e9t\u00e9 d&#039;h\u00f4tels proposant une large gamme de prix. La vie d&#039;expatri\u00e9 implique de nombreux restaurants, alors n&#039;h\u00e9sitez pas \u00e0 demander des id\u00e9es actualis\u00e9es\u00a0; ils seront g\u00e9n\u00e9ralement ravis de vous aider. \u00c0 Manama, le bouche-\u00e0-oreille est tr\u00e8s efficace.<\/p>\n\n\n\n<p>Adilya, Mezzaluna (3808 Road, Manama) est un v\u00e9ritable tr\u00e9sor au c\u0153ur du quartier des restaurants et l&#039;un des restaurants les plus populaires de Manama. Pensez donc \u00e0 r\u00e9server longtemps \u00e0 l&#039;avance. Le chef fran\u00e7ais du Mezzaluna pr\u00e9pare une grande vari\u00e9t\u00e9 de plats internationaux, et ses entrec\u00f4tes sont vivement recommand\u00e9es. Le restaurant est situ\u00e9 dans une ancienne demeure bahre\u00efnienne, \u00e0 la d\u00e9coration harmonieuse.<\/p>\n\n\n\n<p>Entre-temps, Jim&#039;s (avenue Osama bin Zaid, Manama) est devenu une institution pour les expatri\u00e9s, aussi r\u00e9put\u00e9 pour ses vodkas au chocolat artisanales que pour ses petits-d\u00e9jeuners irlandais complets servis dans un charmant cottage. Gr\u00e2ce \u00e0 la chaleur et \u00e0 l&#039;humour de Jim, ce restaurant de Bahre\u00efn risque d&#039;\u00eatre tr\u00e8s fr\u00e9quent\u00e9\u00a0; r\u00e9servez donc \u00e0 l&#039;avance.<\/p>\n\n\n\n<p>Le Casa Blu (avenue Sheikh Isa, Manama), un \u00e9tablissement branch\u00e9 de style arabe, est d\u00e9cor\u00e9 de machines \u00e0 \u00e9crire vintage, de vieilles caisses enregistreuses ab\u00eem\u00e9es, de luxueux divans et de musique hip-hop en direct, contribuant ainsi \u00e0 l&#039;ambiance du restaurant. La cuisine y est aussi excellente que l&#039;atmosph\u00e8re.<\/p>\n\n\n\n<h2 class=\"wp-block-heading\">O\u00f9 manger et boire \u00e0 Bahre\u00efn<\/h2>\n\n\n\n<p>Comme il sied \u00e0 sa r\u00e9putation de seul \u00c9tat du Golfe o\u00f9 l&#039;alcool peut \u00eatre achet\u00e9 l\u00e9galement, la sc\u00e8ne gastronomique et la vie nocturne de Bahre\u00efn sont populaires parmi les expatri\u00e9s locaux et les touristes saoudiens.<\/p>\n\n\n\n<p>\u00c0 Manama, les bars sportifs sont omnipr\u00e9sents, et le restaurant irlandais JJ&#039;s est l&#039;un des meilleurs. Le Bizarre Lounge du M\u00e9ridien et le Casa Bar &amp; Terrace du Mercure Grand Seef comptent parmi les meilleurs bars et discoth\u00e8ques des h\u00f4tels haut de gamme de la r\u00e9gion. L&#039;Ibrida du Ramee Grand Hotel et le Club XS du Ramee Rose Hotel sont des discoth\u00e8ques populaires. Dans la plupart des grandes discoth\u00e8ques, des happy hours et des soir\u00e9es entre filles sont organis\u00e9es en semaine.<\/p>\n\n\n\n<h3 class=\"wp-block-heading\">Brunch<\/h3>\n\n\n\n<p>Comme l&#039;action sur la piste ne commence que plus tard, pourquoi ne pas commencer votre journ\u00e9e par une tradition locale populaire\u00a0? De somptueux brunchs \u00e0 volont\u00e9 sont servis dans de nombreux restaurants de Manama, notamment dans des h\u00f4tels haut de gamme comme Le M\u00e9ridien et le Ritz Carlton. Les vendredis et samedis sont les jours les plus pris\u00e9s. Vous paierez un montant fixe (g\u00e9n\u00e9ralement entre 20 et 40 BHD \/ 50 \u00e0 100 USD) pour tout ce que vous pouvez manger et boire en 3 \u00e0 4 heures. Si vous arrivez t\u00f4t pour la course de l&#039;ann\u00e9e prochaine, de nombreux restaurants c\u00e9l\u00e9breront la Saint-Patrick le 17\u00a0mars avec des \u00e9v\u00e9nements th\u00e9matiques.<\/p>\n\n\n\n<h3 class=\"wp-block-heading\">Buffet<\/h3>\n\n\n\n<p>Outre le brunch, plusieurs des meilleurs h\u00f4tels et restaurants de la ville proposent des buffets \u00e0 volont\u00e9 en semaine, notamment du mercredi au vendredi soir. Parmi les buffets les plus populaires, on trouve les soir\u00e9es \u00e0 th\u00e8me au Crowne Plaza, la cuisine indienne les jeudis et vendredis au Lanterns Restaurant, et les fruits de mer les jeudis soir au M\u00e9ridien.<\/p>\n\n\n\n<h3 class=\"wp-block-heading\">Justice<\/h3>\n\n\n\n<p>Plusieurs des meilleurs restaurants de Manama se trouvent dans le quartier d&#039;Adliya. Parmi les caf\u00e9s les plus populaires, citons le Coco&#039;s, qui sert une cuisine am\u00e9ricaine traditionnelle, et le Caf\u00e9 Lilou, \u00e0 l&#039;ambiance parisienne. Le Rasoi by Vineet propose une cuisine indienne parmi les plus r\u00e9put\u00e9es de Manama\u00a0; \u00e0 proximit\u00e9, le Polo Gastropub du Palace Boutique Hotel propose de savoureux burgers et de la musique live, tandis que The Meat Company sert des steaks de premi\u00e8re qualit\u00e9.<\/p>\n\n\n\n<h3 class=\"wp-block-heading\">Bahraini cuisine<\/h3>\n\n\n\n<p>Ne quittez pas Manama sans avoir go\u00fbt\u00e9 \u00e0 la d\u00e9licieuse cuisine locale. Parmi les recettes populaires, on trouve le machboos (riz parfum\u00e9 \u00e0 la viande), la viande grill\u00e9e accompagn\u00e9e de khubus (pain moelleux), le nasheef (rago\u00fbt de pommes de terre et de viande) et les luqaimat (raviolis sucr\u00e9s). Haji Gahwa, un caf\u00e9 de rue du souk de Manama, sert de d\u00e9licieux plats maison \u00e0 prix abordables, tandis que Basta 23, dans le centre commercial Riyadat, propose une version contemporaine de la cuisine locale traditionnelle.<\/p>","protected":false},"excerpt":{"rendered":"<p>La vie nocturne de Bahre\u00efn est assez bien d\u00e9velopp\u00e9e, ce qui est surprenant. Cela est principalement d\u00fb \u00e0 la tol\u00e9rance du gouvernement et au grand nombre d&#039;\u00e9trangers vivant dans le pays. Bahre\u00efn est souvent surnomm\u00e9 \u00ab\u00a0l&#039;Hawa\u00ef du Moyen-Orient\u00a0\u00bb. Chacun trouvera son bonheur apr\u00e8s le coucher du soleil. Dans tout le pays, on trouve des discoth\u00e8ques, des bars karaok\u00e9 et des clubs de musique live.<\/p>","protected":false},"author":1,"featured_media":35455,"parent":35335,"menu_order":0,"comment_status":"closed","ping_status":"closed","template":"elementor_theme","meta":{"_eb_attr":"","footnotes":""},"class_list":["post-35452","page","type-page","status-publish","has-post-thumbnail"],"_links":{"self":[{"href":"https:\/\/travelshelper.com\/fr\/wp-json\/wp\/v2\/pages\/35452","targetHints":{"allow":["GET"]}}],"collection":[{"href":"https:\/\/travelshelper.com\/fr\/wp-json\/wp\/v2\/pages"}],"about":[{"href":"https:\/\/travelshelper.com\/fr\/wp-json\/wp\/v2\/types\/page"}],"author":[{"embeddable":true,"href":"https:\/\/travelshelper.com\/fr\/wp-json\/wp\/v2\/users\/1"}],"replies":[{"embeddable":true,"href":"https:\/\/travelshelper.com\/fr\/wp-json\/wp\/v2\/comments?post=35452"}],"version-history":[{"count":0,"href":"https:\/\/travelshelper.com\/fr\/wp-json\/wp\/v2\/pages\/35452\/revisions"}],"up":[{"embeddable":true,"href":"https:\/\/travelshelper.com\/fr\/wp-json\/wp\/v2\/pages\/35335"}],"wp:featuredmedia":[{"embeddable":true,"href":"https:\/\/travelshelper.com\/fr\/wp-json\/wp\/v2\/media\/35455"}],"wp:attachment":[{"href":"https:\/\/travelshelper.com\/fr\/wp-json\/wp\/v2\/media?parent=35452"}],"curies":[{"name":"wp","href":"https:\/\/api.w.org\/{rel}","templated":true}]}}