{"id":35418,"date":"2024-11-30T21:45:41","date_gmt":"2024-11-30T21:45:41","guid":{"rendered":"https:\/\/travelshelper.com\/staging\/?page_id=35418"},"modified":"2026-03-11T01:22:03","modified_gmt":"2026-03-11T01:22:03","slug":"argent-shopping-a-bahrein","status":"publish","type":"page","link":"https:\/\/travelshelper.com\/fr\/destinations\/asia\/bahrain\/money-shopping-in-bahrain\/","title":{"rendered":"Argent et shopping \u00e0 Bahre\u00efn"},"content":{"rendered":"<p>Bahre\u00efn abrite \u00e0 la fois des centres commerciaux modernes et des souks traditionnels, permettant \u00e0 l&#039;\u00eele de satisfaire toutes les envies de shopping. \u00c0 Bahre\u00efn, le shopping est bien plus qu&#039;un loisir\u00a0; c&#039;est un mode de vie. Les vendredis et samedis, qui constituent le week-end du Golfe, les zones commer\u00e7antes grouillent de touristes du monde entier en qu\u00eate de bonnes affaires, de restaurants et de rencontres.<\/p>\n\n\n\n<p>Si les marques de haute couture et de cr\u00e9ateurs s\u00e9duisent, il semble qu&#039;un nouveau centre commercial ouvre chaque mois. Par son agencement, son style et son ambiance, chaque h\u00f4tel est unique. Al Seef est l&#039;un des plus grands centres commerciaux de l&#039;\u00eele, mais Al A&#039;ali n&#039;est pas loin derri\u00e8re en termes de taille. Les Bahrain Mall, Dana Mall et Sitra Mall sont tous situ\u00e9s \u00e0 Sanabis, tandis que ce dernier est un peu plus \u00e9loign\u00e9 du centre principal. Le vaste Bahrain City Centre est \u00e9galement un complexe de loisirs enti\u00e8rement \u00e9quip\u00e9 avec deux h\u00f4tels, un parc aquatique et un multiplexe.<\/p>\n\n\n\n<p>\u00c0 l&#039;oppos\u00e9, les souks traditionnels sont tout aussi agr\u00e9ables et offrent une vari\u00e9t\u00e9 comparable de produits. D\u00e9contract\u00e9s et accueillants, ils offrent aux touristes une exp\u00e9rience enrichissante et des bonnes affaires. Le souk de Manama est le plus grand et le plus populaire, tandis que le souk de Muharraq offre une ambiance villageoise authentique au c\u0153ur de la ville. Le souk iranien d&#039;Isa Town propose une grande vari\u00e9t\u00e9 de produits d&#039;occasion, de bibelots et m\u00eame un march\u00e9 aux oiseaux fascinant. \u00c0 Adilya, de nombreux marchands de tapis et artisans proposent des produits bahre\u00efnis.<\/p>\n\n\n\n<h2 class=\"wp-block-heading\">L&#039;argent \u00e0 Bahre\u00efn<\/h2>\n\n\n\n<p>Le dinar bahre\u00efni (BD) est la monnaie de Bahre\u00efn, divis\u00e9e en 1\u00a0000 fils. Un dinar vaut pr\u00e8s de trois dollars (2,66 dollars am\u00e9ricains, pr\u00e9cis\u00e9ment, puisque le taux de change est fixe), ce qui en fait l&#039;une des monnaies les plus puissantes au monde (apr\u00e8s le Kowe\u00eft), et cela peut \u00eatre difficile \u00e0 accepter. Apparemment, une course en taxi low cost \u00e0 10 dinars co\u00fbte en r\u00e9alit\u00e9 pr\u00e8s de 27 dollars, ce qui rel\u00e8ve de l&#039;extorsion\u00a0!<\/p>\n\n\n\n<p>Le dinar est une monnaie librement convertible, sans restrictions d&#039;importation ni d&#039;exportation pour le moment. Les pi\u00e8ces sont \u00e9mises en coupures de 5 fils, 10 fils, 25 fils, 50 fils et 100 fils (on voit rarement des pi\u00e8ces de 500 fils, mais elles sont valables). Les billets sont disponibles en coupures de 500 fils (1\/2 BD), 1 BD, 5 BD, 10 BD et 20 BD.<\/p>\n\n\n\n<p>Le dinar est index\u00e9 sur le riyal saoudien \u00e0 1:10, et les rials sont accept\u00e9s presque partout \u00e0 ce taux. Cependant, vous recevrez presque certainement votre monnaie en dinars, et les h\u00f4tels pourraient tenter de vous extorquer une petite partie de votre argent. Si vous venez d&#039;Arabie saoudite, inutile de changer votre argent, mais il est conseill\u00e9 de vous d\u00e9barrasser de tout surplus de dinars avant de quitter le pays, car ils sont difficiles \u00e0 \u00e9changer, m\u00eame en Arabie saoudite.<\/p>\n\n\n\n<h2 class=\"wp-block-heading\">Prix \u200b\u200b\u00e0 Bahre\u00efn<\/h2>\n\n\n\n<p>Bahre\u00efn, comme d&#039;autres pays du Golfe, n&#039;est pas bon march\u00e9. Un bon repas peut co\u00fbter environ 4 dinars bahre\u00efnis (BD), et une location de v\u00e9hicule de 10 \u00e0 20 dinars bahre\u00efnis par jour est acceptable. Cependant, les tarifs h\u00f4teliers peuvent impacter votre budget\u00a0: une chambre d&#039;h\u00f4tel tout \u00e0 fait standard peut co\u00fbter 50 dinars bahre\u00efnis (BD). Si vous souhaitez faire une bonne affaire, \u00e9vitez de vous rendre \u00e0 Bahre\u00efn pour le Grand Prix de Formule 1 en avril. Les prix des h\u00f4tels tripleront. Pendant la course, une chambre au Gulf Hotel peut co\u00fbter plus de 300 dinars bahre\u00efnis par nuit.<\/p>\n\n\n\n<h2 class=\"wp-block-heading\">Shopping \u00e0 Bahre\u00efn<\/h2>\n\n\n\n<p>\u00c0 Bahre\u00efn, il existe de nombreux grands centres commerciaux avec des magasins de renomm\u00e9e mondiale et de luxe, des apothicaires, des supermarch\u00e9s, des aires de restauration, des caf\u00e9s traditionnels et modernes, des aires de jeux et des salles de jeux, des th\u00e9\u00e2tres (3D et 2D) et m\u00eame une porte d&#039;entr\u00e9e vers un parc aquatique.<\/p>\n\n\n\n<p>Une visite au souk local s&#039;impose. Vous pourrez y marchander le prix des Rolex, des bijoux et de nombreux autres articles. On y trouve de nombreux tailleurs de talent. Si vous y restez suffisamment longtemps (disons une semaine), vous pourrez porter votre tenue pr\u00e9f\u00e9r\u00e9e et la reproduire avec pr\u00e9cision dans n&#039;importe quelle mati\u00e8re parmi la vaste s\u00e9lection disponible.<\/p>\n\n\n\n<p>Bahre\u00efn est un pays extr\u00eamement co\u00fbteux. Pourtant, nombreux sont ceux qui souhaitent rapporter des souvenirs de ce lieu magnifique. Le c\u00e9l\u00e8bre bazar arabe traditionnel devrait \u00eatre votre premier arr\u00eat. Vous y trouverez la plupart des souvenirs. Les galeries marchandes color\u00e9es attireront imm\u00e9diatement votre attention. De plus, les vendeurs arabes sont exceptionnellement persuasifs. Ils sauront certainement vous convaincre d&#039;acheter m\u00eame le plus inutile des objets.<\/p>\n\n\n\n<p>L&#039;avantage des march\u00e9s arabes r\u00e9side dans la possibilit\u00e9 de marchander. C&#039;est essentiel, car la plupart des commer\u00e7ants fixent leurs prix en fonction de la possibilit\u00e9 de n\u00e9gociation. En persistant, vous pourrez acheter un produit deux fois, voire trois fois moins cher que le prix initial. Le marchandage est un v\u00e9ritable spectacle. L&#039;acheteur s&#039;en va et revient pendant la transaction. Le vendeur serre les poings et ajuste le prix. Il est \u00e9galement possible de marchander dans les petites boutiques priv\u00e9es. Cependant, le faire dans un grand centre commercial peut \u00eatre per\u00e7u comme d\u00e9sagr\u00e9able et irrespectueux.<\/p>\n\n\n\n<p>Bab Al Bahrain est le march\u00e9 le plus r\u00e9put\u00e9 de Bahre\u00efn. Il se trouve \u00e0 Manama. Ses rues sinueuses et \u00e9troites vous plongent dans un authentique conte de f\u00e9es arabe. Vous pourrez y acheter des souvenirs uniques, des produits frais, des produits traditionnels et des \u00e9pices. N&#039;oubliez pas que certains produits sont import\u00e9s de Chine et sont donc bien moins chers que d&#039;autres. Par cons\u00e9quent, si vous souhaitez rapporter un souvenir arabe, il est pr\u00e9f\u00e9rable de choisir avec soin et de d\u00e9penser un peu plus pour un souvenir digne de ce nom.<\/p>\n\n\n\n<p>Le Souk de l&#039;Or (Golden Market) est situ\u00e9 au c\u0153ur du quartier anim\u00e9 de Manama. On y trouve le plus grand choix de bijoux en or, ainsi que d&#039;autres m\u00e9taux pr\u00e9cieux et perles. Vous pouvez y acheter des bagues, des bracelets et d&#039;autres articles. On y trouve \u00e9galement des produits uniques et exclusifs. M\u00eame avec un budget limit\u00e9, vous pouvez trouver un bijou plaqu\u00e9 or \u00e0 votre go\u00fbt \u00e0 un prix abordable. Le Souk de l&#039;Or est un lieu o\u00f9 l&#039;on peut vivre des sensations inoubliables et des \u00e9motions merveilleuses. Vous pouvez essayer n&#039;importe quel bijou, m\u00eame si vous d\u00e9cidez de ne pas l&#039;acheter.<\/p>\n\n\n\n<p>Le centre commercial City Center est une destination pris\u00e9e des habitants et des touristes. Outre ses boutiques \u00e9l\u00e9gantes et ses achats, vous pourrez \u00e9galement savourer une collation dans un excellent restaurant et vous amuser au parc aquatique. Le centre commercial Capital Mall vous surprendra non seulement par ses produits uniques, mais aussi par la possibilit\u00e9 d&#039;admirer le travail des artisans bahre\u00efnis.<\/p>\n\n\n\n<p>Si vous vous rendez \u00e0 Bahre\u00efn pour faire du shopping, renseignez-vous sur les horaires d&#039;ouverture des magasins et les pauses journali\u00e8res de trois heures. Les vendeurs commencent \u00e0 travailler \u00e0 9 h et ferment vers 21 h. La semaine d&#039;ouverture s&#039;\u00e9tend du samedi au jeudi. Le vendredi est g\u00e9n\u00e9ralement un jour calme pour les commer\u00e7ants. Les magasins ferment aujourd&#039;hui \u00e0 16 h.<\/p>\n\n\n\n<p>Al Muharraq est un lieu de shopping r\u00e9put\u00e9 pour les voyageurs qui aiment acheter des souvenirs. Vous y trouverez un vaste assortiment d&#039;\u00e9pices, de halva, de caf\u00e9, de confiseries et autres d\u00e9licieuses sp\u00e9cialit\u00e9s arabes \u00e0 des prix tr\u00e8s abordables. Il est toutefois recommand\u00e9 de visiter ce lieu avec un guide local, sinon vous risquez de vous perdre. Asia Carpet &amp; Antiques est une boutique fascinante. Vous y trouverez une vari\u00e9t\u00e9 de tapis et d&#039;antiquit\u00e9s insolites.<\/p>\n\n\n\n<p>Apr\u00e8s avoir choisi o\u00f9 acheter, r\u00e9fl\u00e9chissez aux souvenirs que vous souhaitez rapporter de votre voyage. Les articles les plus populaires sont les articles de style arabe de haute qualit\u00e9. Il peut s&#039;agir d&#039;un costume de danse orientale, d&#039;une paire de chaussures \u00e0 bouts recourb\u00e9s ou d&#039;autres tenues aux couleurs vives. En Orient, la vari\u00e9t\u00e9 des tissus est tr\u00e8s grande, ce qui permet de choisir la solution id\u00e9ale pour chaque type de broderie. Les perles sont \u00e9galement tr\u00e8s pris\u00e9es, car elles sont fabriqu\u00e9es \u00e0 Bahre\u00efn, contrairement \u00e0 de nombreux autres objets souvent import\u00e9s. Parmi les souvenirs populaires qui refl\u00e8tent la culture et l&#039;ambiance d&#039;un pays comme Bahre\u00efn, on trouve des peintures, des lampes, des narguil\u00e9s et des c\u00e9ramiques.<\/p>\n\n\n\n<h3 class=\"wp-block-heading\">Complexe commercial Al Aali<\/h3>\n\n\n\n<p><em>Route n\u00b0 2819, Seef, Bahre\u00efn<\/em><\/p>\n\n\n\n<p>Le complexe commercial Al Aali, situ\u00e9 dans le quartier d&#039;affaires de Seef, offre une exp\u00e9rience shopping unique et raffin\u00e9e. Ce cadre raffin\u00e9 tient toutes ses promesses de glamour, de mode et de luxe intemporel avec son cadre luxueux, son ambiance raffin\u00e9e et sa multitude de marques de luxe.<\/p>\n\n\n\n<p>Inaugur\u00e9 en 1996, ce complexe de 52\u00a0000 m\u00b2 \u00e9tait une destination shopping haut de gamme. Son architecture distinctive allie avec \u00e9l\u00e9gance architecture contemporaine et style arabe traditionnel. La nouvelle extension met en valeur la modernit\u00e9 du complexe, alliant modernit\u00e9 et histoire.<\/p>\n\n\n\n<p>L&#039;atrium central est dot\u00e9 d&#039;une verri\u00e8re spectaculaire qui filtre la lumi\u00e8re dans l&#039;espace commercial et cr\u00e9e une atmosph\u00e8re de plein air qui se prolonge jusqu&#039;\u00e0 l&#039;aile moderne Saraya. Le complexe commercial Al A&#039;ali abrite des boutiques d&#039;ameublement, des boutiques de souvenirs haut de gamme, des n\u00e9gociants en perles et un spa.<\/p>\n\n\n\n<h3 class=\"wp-block-heading\">Bab Al Bahre\u00efn<\/h3>\n\n\n\n<p><em>Adresse : 304 Bab Al Bahrain Ave<\/em><\/p>\n\n\n\n<p>Bab Al Bahrain est situ\u00e9 \u00e0 l&#039;entr\u00e9e du souk de Manama, la capitale de Bahre\u00efn. Construit en 1949, il abritait autrefois les bureaux administratifs du gouvernement. Le souk historique de Manama se trouve derri\u00e8re Bab Al Bahrain.<\/p>\n\n\n\n<p>Il s&#039;agit d&#039;un ensemble dynamique de boutiques proposant une vari\u00e9t\u00e9 de produits du monde entier, notamment des tissus, des \u00e9pices, de l&#039;encens, des parfums, de l&#039;artisanat et des souvenirs, ainsi que des articles plus contemporains. Le souk de Manama abrite \u00e9galement une vari\u00e9t\u00e9 de caf\u00e9s classiques. Embl\u00e9matique de Bahre\u00efn, ce souk promet d&#039;\u00eatre un v\u00e9ritable plaisir pour les visiteurs.<\/p>\n\n\n\n<h3 class=\"wp-block-heading\">Centre commercial Dragon City de Bahre\u00efn<\/h3>\n\n\n\n<p><em>Adresse : Diyar Al-Muharraq<\/em><\/p>\n\n\n\n<p>Dragon City est le plus grand centre commercial de gros et de d\u00e9tail du Royaume de Bahre\u00efn, avec plus de 787 unit\u00e9s commerciales.<\/p>\n\n\n\n<p>Dragon City est situ\u00e9e au sud-ouest de Diyar Al Muharraq, \u00e0 proximit\u00e9 de l&#039;a\u00e9roport international de Bahre\u00efn, du port ultramoderne Khalifa Bin Salman et de Manama, la capitale du Royaume de Bahre\u00efn. Dragon City regorge d&#039;\u00e9l\u00e9ments architecturaux et culturels chinois et propose des produits chinois de grande qualit\u00e9 aux habitants, aux professionnels et aux touristes.<\/p>\n\n\n\n<h3 class=\"wp-block-heading\">Centre commercial de Bahre\u00efn<\/h3>\n\n\n\n<p><em>Avenue 28, Sanabis, Bahre\u00efn<\/em><\/p>\n\n\n\n<p>Le Bahrain Mall est la destination shopping incontournable pour les familles, au c\u0153ur du quartier commer\u00e7ant de Bahre\u00efn. Destination de choix pour les familles et les touristes venus de Bahre\u00efn, d&#039;Arabie saoudite, du Kowe\u00eft et du Qatar, il propose plus de 120 marques internationales et le premier hypermarch\u00e9 du pays.<\/p>\n\n\n\n<p>La fa\u00e7ade en briques rouges, \u00e9voquant un bastion ethnique, incarne la c\u00e9l\u00e8bre culture de Bahre\u00efn. Vivez l&#039;exp\u00e9rience d&#039;un shopping de classe mondiale dans un cadre traditionnel. Les palmiers du d\u00e9sert, les jeux d&#039;eau, les bougies et les tentes du Centre Court t\u00e9moignent de l&#039;histoire arabe.<\/p>\n\n\n\n<h3 class=\"wp-block-heading\">Bloc 338<\/h3>\n\n\n\n<p><em>Route n\u00b0 3831, Manama<\/em><\/p>\n\n\n\n<p>Le bloc 338 est un charmant quartier pi\u00e9tonnier rempli de restaurants internationaux, de galeries d&#039;art et de boutiques, situ\u00e9 au c\u0153ur de Manama.<\/p>\n\n\n\n<p>Le Block 338, r\u00e9put\u00e9 pour \u00eatre le quartier gastronomique le plus branch\u00e9 de Bahre\u00efn, propose une vari\u00e9t\u00e9 de restaurants pour tous les \u00e2ges et tous les go\u00fbts, avec une s\u00e9lection allant de la gastronomie \u00e0 la cuisine traditionnelle bahre\u00efnienne, en passant par un verre relaxant. Outre cette exp\u00e9rience gastronomique exceptionnelle, le Block 338 propose de nombreux commerces de proximit\u00e9 et est devenu au fil des ans un quartier dynamique pour les amateurs d&#039;art.<\/p>\n\n\n\n<p>Le bloc 338 est connu comme le quartier gastronomique le plus branch\u00e9 de Bahre\u00efn, avec une vari\u00e9t\u00e9 de restaurants qui plaisent aux convives de tous \u00e2ges et de toutes pr\u00e9f\u00e9rences.<\/p>\n\n\n\n<h3 class=\"wp-block-heading\">Centre-ville de Bahre\u00efn<\/h3>\n\n\n\n<p><em>Al-Seef<\/em><\/p>\n\n\n\n<p>Le centre-ville de Bahre\u00efn est la destination commerciale, de loisirs et de divertissement la plus populaire de Bahre\u00efn, avec plus de 13,5 millions de visites annuelles.<\/p>\n\n\n\n<p>Le centre-ville de Bahre\u00efn comprend plus de 158 000 m\u00b2 d&#039;espace commercial et propose plus de 340 marques exclusives et 60 \u00e9tablissements de restauration, ainsi que des entreprises notables telles que le plus grand hypermarch\u00e9 Carrefour du royaume, Saks Fifth Avenue, Debenhams, Centrepoint, Pottery Barn et Home Centre.<\/p>\n\n\n\n<p>Les options de divertissement familial int\u00e9gr\u00e9es du centre commercial comprennent un cin\u00e9ma Cineco de 20 salles et un Magic Planet. De plus, le centre commercial est adjacent \u00e0 deux h\u00f4tels cinq \u00e9toiles, le Westin Hotel City Centre Bahrain et le M\u00e9ridien Hotel City Centre Bahrain.<\/p>\n\n\n\n<h3 class=\"wp-block-heading\">Cit\u00e9 de l&#039;or<\/h3>\n\n\n\n<p><em>Avenue du Gouvernement, Manama<\/em><\/p>\n\n\n\n<p>Gold City, exemple \u00e9clatant de commerce sp\u00e9cialis\u00e9, transporte chaque visiteur dans un souk de l&#039;or contemporain. Des galeries exclusives consacr\u00e9es aux m\u00e9taux pr\u00e9cieux et aux pierres diverses sont accessibles aux clients exigeants. Un mobilier moderne, un personnel accueillant et un service de voiturier gratuit placent Gold City dans une cat\u00e9gorie \u00e0 part. Ici, les clients peuvent entrer et faire leurs achats en toute confiance.<\/p>\n\n\n\n<p>Fort d&#039;une longue tradition commerciale, le Royaume de Bahre\u00efn continue de promouvoir le secteur aurif\u00e8re. Gr\u00e2ce \u00e0 ses politiques favorables aux entreprises et \u00e0 son acc\u00e8s facile \u00e0 l&#039;Arabie saoudite et aux autres pays du CCG, Gold City est une destination de choix pour les entreprises de joaillerie de marque souhaitant s&#039;implanter dans la r\u00e9gion.<\/p>\n\n\n\n<h3 class=\"wp-block-heading\">Centre commercial de Dilmunia<\/h3>\n\n\n\n<p><em>\u00cele de Dilmunia<\/em><\/p>\n\n\n\n<p>Mall of Dilmunia, un centre commercial, de restaurants branch\u00e9s, de divertissements \u00e9nergiques et de jeux aventureux avec une identit\u00e9 distincte.<\/p>\n\n\n\n<p>Alliant forme et fonctionnalit\u00e9, le centre commercial de Dilmunia est con\u00e7u pour sublimer vos exp\u00e9riences shopping habituelles\u00a0! Son design \u00e9l\u00e9gant et sophistiqu\u00e9, son paysage luxuriant, son immense canal, ses fontaines dansantes et le premier aquarium digne de ce nom du Royaume sont autant d&#039;atouts qui font la renomm\u00e9e du centre.<\/p>\n\n\n\n<p>Un r\u00e9servoir cylindrique colossal d&#039;une hauteur de plus de dix-sept m\u00e8tres qui abritera plus de deux mille cinq cents esp\u00e8ces de poissons marins et de coraux, un merveilleux cadeau visuel et une fantastique opportunit\u00e9 \u00e9ducative.<\/p>\n\n\n\n<h3 class=\"wp-block-heading\">Centre commercial MODA<\/h3>\n\n\n\n<p><em>Bahrain World Trade Center, Tour Ouest, 2e \u00e9tage, Manama, Bahre\u00efn<\/em><\/p>\n\n\n\n<p>Le centre commercial MODA est une destination shopping et restauration polyvalente. Il propose la plus grande collection de marques de luxe internationales.<\/p>\n\n\n\n<p>Situ\u00e9 dans l&#039;historique Bahrain World Trade Center, le centre commercial MODA Mall est une destination shopping et gastronomique id\u00e9ale pour toutes les occasions. Il propose le plus grand portefeuille de marques premium de cr\u00e9ateurs internationaux, avec plus de 80 marques de mode, r\u00e9unies sous un m\u00eame toit au Royaume de Bahre\u00efn, permettant \u00e0 chacun de se sentir unique. Le centre commercial MODA Mall doit son origine \u00e0 l&#039;ancien complexe Sheraton, riche d&#039;une tradition de luxe de trente ans.<\/p>\n\n\n\n<h3 class=\"wp-block-heading\">Souk de Muharraq<\/h3>\n\n\n\n<p><em>Muharraq<\/em><\/p>\n\n\n\n<p>Le souk de Muharraq, plus petit que celui de Manama, propose une grande vari\u00e9t\u00e9 d&#039;articles et des confiseries r\u00e9put\u00e9es. Al Qaisariya, le plus ancien quartier du souk, offre une exp\u00e9rience shopping agr\u00e9able. Le souk al Qaisariya est un \u00e9l\u00e9ment cl\u00e9 de \u00ab\u00a0Pearl, t\u00e9moignage d&#039;une \u00e9conomie insulaire\u00a0\u00bb (site class\u00e9 au patrimoine mondial de l&#039;UNESCO).<\/p>\n\n\n\n<h3 class=\"wp-block-heading\">Centre commercial Sword<\/h3>\n\n\n\n<p><em>District de Seef, Manama<\/em><\/p>\n\n\n\n<p>Le Seef Mall, premier centre commercial authentique de Bahre\u00efn, est aujourd&#039;hui l&#039;une des destinations shopping et de divertissement les plus pris\u00e9es des familles du royaume. Son architecture distinctive et ses espaces ouverts et lumineux invitent les visiteurs \u00e0 explorer et \u00e0 se d\u00e9tendre.<\/p>\n\n\n\n<p>Id\u00e9alement situ\u00e9 dans le quartier de Seef, le centre commercial attire chaque semaine un grand nombre de visiteurs, attir\u00e9s par la diversit\u00e9 des marques de renomm\u00e9e mondiale, notamment en mati\u00e8re d&#039;art de vivre, de commerce de d\u00e9tail, de mode et de bijoux, ainsi que par les nombreuses options de divertissement pour toute la famille. Le centre commercial Seef compte 370 magasins sur une superficie totale de 135\u00a0000 pieds carr\u00e9s, avec pr\u00e8s de 72\u00a0000 pieds carr\u00e9s de surface locative brute, dont M&amp;S, BHS, H&amp;M, Mango, Zara et Sun &amp; Sand Sport.<\/p>\n\n\n\n<p>Dans deux espaces de restauration charmants et spacieux, 55 restaurants, stands de restauration et caf\u00e9s offrent une d\u00e9licieuse vari\u00e9t\u00e9 de plats pour satisfaire tous les go\u00fbts. Le parc \u00e0 th\u00e8me couvert du Seef Mall, Magic Island, est une attraction familiale incontournable, offrant une exp\u00e9rience passionnante pour petits et grands. Il divertit les enfants pendant des heures pendant que leurs parents font leurs courses, ce qui en fait l&#039;endroit id\u00e9al pour une sortie en famille. De plus, le Seef Mall abrite l&#039;un des plus grands multiplexes cin\u00e9matographiques du Moyen-Orient, avec un complexe de six salles et un m\u00e9gaplexe de dix salles\u00a0; id\u00e9alement situ\u00e9s \u00e0 proximit\u00e9 des espaces de restauration, ils sont un v\u00e9ritable paradis pour les cin\u00e9philes.<\/p>\n\n\n\n<h3 class=\"wp-block-heading\">Centre commercial Seef de Muharraq<\/h3>\n\n\n\n<p><em>Avenue 29, Arad<\/em><\/p>\n\n\n\n<p>Le centre commercial Seef est r\u00e9put\u00e9 pour ses divertissements, notamment pour les enfants, qui peuvent ainsi s&#039;occuper efficacement pendant que leurs parents font leurs courses. C&#039;est donc une destination id\u00e9ale pour une sortie en famille. Il dispose d&#039;une aire de jeux bien \u00e9quip\u00e9e, de salles de pu\u00e9riculture et du parc d&#039;attractions int\u00e9rieur Magic Island.<\/p>\n\n\n\n<p>Il dispose \u00e9galement d&#039;un complexe cin\u00e9matographique Seef de six \u00e9crans et d&#039;un m\u00e9gaplexe Seef de dix \u00e9crans, ce qui en fait l&#039;un des plus grands multiplexes cin\u00e9matographiques du Moyen-Orient.<\/p>\n\n\n\n<h3 class=\"wp-block-heading\">Souq Al C\u00e9sar\u00e9e<\/h3>\n\n\n\n<p>Le souk Al Qaisariya est la plus ancienne partie du souk historique de Muharraq. Ce souk et ses environs sont le deuxi\u00e8me site du patrimoine culturel de Bahre\u00efn inscrit au patrimoine mondial de l&#039;UNESCO. Le souk Al Qaisariya offre une exp\u00e9rience shopping au charme pittoresque. Vous pourrez y acheter une gamme de produits locaux, notamment des perles naturelles et des \u00e9pices. Le souk Al Qaisariya, qui fait partie du projet \u00ab\u00a0Perlage, t\u00e9moignage d&#039;une \u00e9conomie insulaire\u00a0\u00bb, est une v\u00e9ritable capsule temporelle offrant un aper\u00e7u du pass\u00e9 de Bahre\u00efn.<\/p>\n\n\n\n<p>Passez l&#039;apr\u00e8s-midi \u00e0 fl\u00e2ner dans le souk et \u00e0 parcourir le sentier des perles, long de trois kilom\u00e8tres. Vous pourrez terminer votre visite par un repas au Saffron by Jena, dans le souk Al Qaisariya, apr\u00e8s avoir \u00e9cout\u00e9 des anecdotes et des anecdotes passionnantes sur l&#039;ancienne industrie perli\u00e8re bahre\u00efnienne. Le sol de ce restaurant traditionnel est orn\u00e9 d&#039;une madbasa, un instrument utilis\u00e9 pour presser les dattes et en extraire la m\u00e9lasse. La madbasa, d\u00e9couverte au d\u00e9but de la construction, a \u00e9t\u00e9 conserv\u00e9e comme un objet historique.<\/p>\n\n\n\n<h3 class=\"wp-block-heading\">Les Avenues de Bahre\u00efn<\/h3>\n\n\n\n<p><em>Baie de Bahre\u00efn, Manama<\/em><\/p>\n\n\n\n<p>The Avenues \u2013 Bahrain est la premi\u00e8re destination shopping et loisirs de ce type au Royaume de Bahre\u00efn, b\u00e9n\u00e9ficiant d&#039;un emplacement unique en bord de mer sur 1,5 kilom\u00e8tre. Ce projet inaugure un nouveau concept au Royaume, inspir\u00e9 des Avenues du Kowe\u00eft, offrant aux clients l&#039;impression d&#039;\u00eatre \u00e0 l&#039;ext\u00e9rieur tout en restant \u00e0 l&#039;int\u00e9rieur, prot\u00e9g\u00e9s de la chaleur par un plafond ensoleill\u00e9.<\/p>\n\n\n\n<p>Le projet, d&#039;une superficie d&#039;environ 40\u00a0000 m\u00e8tres carr\u00e9s, comprend 130 \u00e9tablissements, dont 50\u00a0% de restaurants et de caf\u00e9s avec vue sur la baie de Bahre\u00efn. Il comprend \u00e9galement un grand espace de loisirs familial avec une salle de jeux, 10 cin\u00e9mas, des parcs publics, des all\u00e9es pi\u00e9tonnes et des places de parking.<\/p>\n\n\n\n<p>La construction de la phase II du projet a re\u00e7u l&#039;autorisation officielle. Elle offrira 30\u00a0000 m\u00e8tres carr\u00e9s suppl\u00e9mentaires de surface locative, ainsi que de nouveaux quartiers et un h\u00f4tel de 210 chambres. The Avenues \u2013 Bahrain deviendra ainsi un lieu attractif pour les Bahre\u00efnis, les touristes du CCG et internationaux, venus pour le shopping, les loisirs et un s\u00e9jour agr\u00e9able.<\/p>","protected":false},"excerpt":{"rendered":"<p>Bahre\u00efn abrite \u00e0 la fois des centres commerciaux modernes et des souks traditionnels, permettant \u00e0 l&#039;\u00eele de satisfaire toutes les envies de shopping. \u00c0 Bahre\u00efn, le shopping est bien plus qu&#039;un loisir\u00a0; c&#039;est un mode de vie. Les vendredis et samedis, qui constituent le week-end du Golfe, les zones commer\u00e7antes grouillent de touristes du monde entier en qu\u00eate de bonnes affaires, de restaurants et de rencontres.<\/p>","protected":false},"author":1,"featured_media":35420,"parent":35335,"menu_order":0,"comment_status":"closed","ping_status":"closed","template":"elementor_theme","meta":{"_eb_attr":"","footnotes":""},"class_list":["post-35418","page","type-page","status-publish","has-post-thumbnail"],"_links":{"self":[{"href":"https:\/\/travelshelper.com\/fr\/wp-json\/wp\/v2\/pages\/35418","targetHints":{"allow":["GET"]}}],"collection":[{"href":"https:\/\/travelshelper.com\/fr\/wp-json\/wp\/v2\/pages"}],"about":[{"href":"https:\/\/travelshelper.com\/fr\/wp-json\/wp\/v2\/types\/page"}],"author":[{"embeddable":true,"href":"https:\/\/travelshelper.com\/fr\/wp-json\/wp\/v2\/users\/1"}],"replies":[{"embeddable":true,"href":"https:\/\/travelshelper.com\/fr\/wp-json\/wp\/v2\/comments?post=35418"}],"version-history":[{"count":0,"href":"https:\/\/travelshelper.com\/fr\/wp-json\/wp\/v2\/pages\/35418\/revisions"}],"up":[{"embeddable":true,"href":"https:\/\/travelshelper.com\/fr\/wp-json\/wp\/v2\/pages\/35335"}],"wp:featuredmedia":[{"embeddable":true,"href":"https:\/\/travelshelper.com\/fr\/wp-json\/wp\/v2\/media\/35420"}],"wp:attachment":[{"href":"https:\/\/travelshelper.com\/fr\/wp-json\/wp\/v2\/media?parent=35418"}],"curies":[{"name":"wp","href":"https:\/\/api.w.org\/{rel}","templated":true}]}}