{"id":35412,"date":"2024-11-30T21:37:11","date_gmt":"2024-11-30T21:37:11","guid":{"rendered":"https:\/\/travelshelper.com\/staging\/?page_id=35412"},"modified":"2026-03-11T02:09:09","modified_gmt":"2026-03-11T02:09:09","slug":"choses-a-faire-a-bahrein","status":"publish","type":"page","link":"https:\/\/travelshelper.com\/fr\/destinations\/asia\/bahrain\/things-to-do-in-bahrain\/","title":{"rendered":"Choses \u00e0 faire \u00e0 Bahre\u00efn"},"content":{"rendered":"<p>Le Grand Prix de Formule 1 de Bahre\u00efn, qui se d\u00e9roule en avril sur le circuit international de Bahre\u00efn, est l&#039;\u00e9v\u00e9nement annuel le plus important de Bahre\u00efn. Pr\u00e9voyez vos billets \u00e0 l&#039;avance, car tous les billets sont vendus et les prix des h\u00f4tels ont grimp\u00e9 en fl\u00e8che. En g\u00e9n\u00e9ral, les premi\u00e8res r\u00e9servations donnent droit \u00e0 des r\u00e9ductions allant de 10 \u00e0 20 %. Selon la tribune, les billets co\u00fbtent entre 150 et 60 BD.<\/p>\n\n\n\n<p>La plong\u00e9e gagne en popularit\u00e9 \u00e0 Bahre\u00efn. On y trouve de nombreux centres de plong\u00e9e. Les eaux c\u00f4ti\u00e8res chaudes regorgent de vie aquatique. On y recense environ 400 esp\u00e8ces de poissons. Plusieurs centaines d&#039;esp\u00e8ces de coraux contribuent \u00e9galement \u00e0 la vie marine. Les eaux du nord abritent une biodiversit\u00e9 plus importante. Cependant, des lamantins sont pr\u00e9sents dans le sud des \u00c9tats-Unis. La plong\u00e9e r\u00e9cr\u00e9ative, d\u00e9riv\u00e9e du terme anglais \u00ab\u00a0shipwreck\u00a0\u00bb, est \u00e9galement courante. On trouve au large de nombreuses \u00e9paves de navires datant de diff\u00e9rentes \u00e9poques. La plong\u00e9e d\u00e9rivante, un exemple de plong\u00e9e sous-marine, est \u00e9galement tr\u00e8s populaire dans le nord. La p\u00eache aux perles et la collecte d&#039;\u00e9ponges sont \u00e9galement tr\u00e8s pratiqu\u00e9es.<\/p>\n\n\n\n<p>Les perles produites \u00e0 Bahre\u00efn sont parmi les plus belles au monde. La probabilit\u00e9 de d\u00e9couvrir une hu\u00eetre contenant une perle est tr\u00e8s \u00e9lev\u00e9e\u00a0: environ 1 sur 100. Vous pouvez conserver tout le butin. M\u00eame en hiver, la temp\u00e9rature \u00e9lev\u00e9e de l&#039;eau (20\u00a0\u00b0C) permet de plonger toute l&#039;ann\u00e9e. Cependant, la p\u00e9riode de juin \u00e0 septembre est id\u00e9ale pour cette activit\u00e9. Il n&#039;y a actuellement aucun courant important. \u00c0 Bahre\u00efn, des \u00e9coles de surf sont disponibles. La c\u00f4te et les conditions m\u00e9t\u00e9orologiques sont id\u00e9ales pour cette activit\u00e9. Les plus beaux endroits se trouvent au nord, pr\u00e8s de la capitale. Le kitesurf est un autre sport populaire.<\/p>\n\n\n\n<p>Bahre\u00efn est depuis des si\u00e8cles le centre n\u00e9vralgique du Moyen-Orient. Visiter le pays est vain si l&#039;on ne souhaite pas d\u00e9couvrir au moins une des richesses culturelles du royaume. Le magnifique Mus\u00e9e national de Bahre\u00efn est un excellent point de d\u00e9part pour les aventuriers. Vous pouvez \u00e9galement visiter le patrimoine perlier de Muharraq, qui abrite plusieurs anciennes demeures royales et \u00e9tablissements marchands.<\/p>\n\n\n\n<p>Bahre\u00efn offre une occasion rare de monter des chevaux arabes pur-sang. Il s&#039;agit de l&#039;une des plus anciennes races de chevaux, \u00e9lev\u00e9e dans la p\u00e9ninsule arabique entre le IVe et le VIe si\u00e8cle. Leur croissance est mod\u00e9r\u00e9e, mais ils sont incroyablement gracieux et beaux. Le long du littoral et dans le d\u00e9sert, de nombreuses \u00e9curies et centres \u00e9questres proposent des balades \u00e0 cheval. Les amateurs de vitesse peuvent parcourir le d\u00e9sert en jeep, que ce soit en tant que passager ou conducteur. Un voyage dans un pays arabe serait incomplet sans une balade \u00e0 dos de chameau. \u00c0 Bahre\u00efn, c&#039;est aussi une forme de divertissement populaire. Par exemple, vous pouvez vous rendre \u00e0 dos de chameau au c\u00e9l\u00e8bre Arbre de Vie.<\/p>\n\n\n\n<p>Le glamping dans le d\u00e9sert est une activit\u00e9 locale tr\u00e8s inhabituelle. Ce mot est compos\u00e9 de deux concepts apparemment contradictoires\u00a0: \u00ab\u00a0camping\u00a0\u00bb et \u00ab\u00a0glamour\u00a0\u00bb. Sous une belle tente avec Wi-Fi, mobilier confortable et matelas, chacun peut se sentir comme Lawrence d&#039;Arabie. De nombreuses entreprises proposent ces services dans diff\u00e9rentes r\u00e9gions. Des toilettes, des aires de jeux et une t\u00e9l\u00e9vision sont \u00e0 la disposition des touristes. Ce service est tr\u00e8s appr\u00e9ci\u00e9. Il est donc conseill\u00e9 de r\u00e9server \u00e0 l&#039;avance. La p\u00e9riode id\u00e9ale pour le glamping s&#039;\u00e9tend de novembre \u00e0 mars.<\/p>\n\n\n\n<p>\u00c0 Bahre\u00efn, la randonn\u00e9e et le trekking sont des activit\u00e9s peu courantes. Les \u00eeles sont presque plates. Le sommet culmine \u00e0 seulement 122 m\u00e8tres au-dessus du niveau de la mer. Cependant, le littoral s&#039;\u00e9tend sur 160 kilom\u00e8tres. Le trekking se compose donc de randonn\u00e9es c\u00f4ti\u00e8res. Il existe \u00e9galement des itin\u00e9raires au nord, pr\u00e8s d&#039;Al Qurayyah, plus ou moins complexes. On trouve davantage de sentiers autour de Madnat Isa. Dans le royaume, il n&#039;y a pas de v\u00e9ritables montagnes ni de collines. Cependant, le VTT reste populaire. Manama est accessible en VTT pour des excursions d&#039;une journ\u00e9e. La capitale propose des services de location de mat\u00e9riel.<\/p>\n\n\n\n<p>Les eaux c\u00f4ti\u00e8res chaudes et peu profondes regorgent de poissons. On y recense environ 300 esp\u00e8ces de poissons. La p\u00eache est une activit\u00e9 populaire aupr\u00e8s des Bahre\u00efnis et des \u00e9trangers. Vous y trouverez des poissons-perroquets, des poissons-anges, des m\u00e9rous, des barracudas, des poissons-clowns et d&#039;autres cr\u00e9atures des r\u00e9cifs tropicaux. H\u00f4tels et agences de tourisme organisent des excursions de p\u00eache. Les plages propices aux activit\u00e9s de plein air sont rares. Elles sont cependant excellentes\u00a0: larges, spacieuses, avec du sable fin et les infrastructures n\u00e9cessaires. Il ne faut pas abuser de la cl\u00e9mence des Bahre\u00efnis envers les touristes. Sur les plages publiques non h\u00f4teli\u00e8res, il est d\u00e9conseill\u00e9 de porter un maillot de bain trop d\u00e9collet\u00e9 dans le dos. Le port d&#039;un short de bain est d\u00e9conseill\u00e9 aux hommes. Il est conseill\u00e9 de porter un short de bain avec un short.<\/p>\n\n\n\n<p>La plage de Bahrain Al est un lieu de vacances familial tr\u00e8s pris\u00e9, notamment par les jeunes enfants. La plage d&#039;Amwaj, \u00e0 Bahre\u00efn, est un endroit id\u00e9al pour le kitesurf. Elle est \u00e9galement appr\u00e9ci\u00e9e des jet-skieurs. D&#039;autres voyageurs trouveront cette zone un peu anim\u00e9e. Le fort de Bahrain Arad est une petite plage situ\u00e9e pr\u00e8s d&#039;un ancien fort. Les activit\u00e9s populaires incluent les pique-niques, la randonn\u00e9e et les jeux de plage. Au coucher du soleil, la plage de Bahrain Hidd offre une vue spectaculaire sur Manama. De plus, les pique-niques sur la plage sont plus fr\u00e9quents que la baignade. Bahrain Jazair est une plage d&#039;un kilom\u00e8tre de long r\u00e9put\u00e9e aupr\u00e8s des habitants. Les enfants y trouveront de nombreuses activit\u00e9s amusantes. Sur la plage, plusieurs locations de mat\u00e9riel sont disponibles. Bahrain Karbabad est un endroit magnifique pr\u00e8s du fort de Bahrain.<\/p>\n\n\n\n<p>La r\u00e9ponse du Royaume de Bahre\u00efn \u00e0 la conservation de la faune sauvage au Moyen-Orient a \u00e9t\u00e9 la cr\u00e9ation du parc animalier d&#039;Al Areen. L&#039;objectif \u00e9tait de favoriser la mise en \u0153uvre d&#039;initiatives similaires dans d&#039;autres pays de la r\u00e9gion. Ce sanctuaire animalier a \u00e9t\u00e9 construit pour prot\u00e9ger des animaux arabes rares, tels que l&#039;oryx, l&#039;adax et la gazelle reem. Il est id\u00e9al pour les amoureux des animaux et les familles. Vous pourrez l&#039;explorer et observer les animaux dans leur habitat naturel. Les touristes pourront y profiter de loisirs instructifs et monter d&#039;excellents chevaux.<\/p>\n\n\n\n<p>L&#039;h\u00f4tel Ramee Rose abrite l&#039;une des meilleures discoth\u00e8ques de Bahre\u00efn. La piste de danse est g\u00e9n\u00e9ralement bond\u00e9e le week-end. Les boissons offertes aux femmes et les happy hours prolong\u00e9s pour les clients attirent le public. Les touristes peuvent se divertir dans les discoth\u00e8ques aux n\u00e9ons lumineux. Le Ramee Grand est le c\u0153ur de la vie nocturne de Bahre\u00efn. Il devient une destination de plus en plus pris\u00e9e des expatri\u00e9s pour se d\u00e9tendre le soir.<\/p>\n\n\n\n<p>La vie nocturne du pays offre des divertissements pour tous les go\u00fbts. L&#039;\u00eele est situ\u00e9e au large de la c\u00f4te est de l&#039;Arabie saoudite, ce qui en fait un lieu de pr\u00e9dilection pour les voyageurs en provenance des \u00c9tats-Unis, d&#039;Europe et du Moyen-Orient. Des villes saoudiennes comme Dhahran et al-Khobar sont situ\u00e9es \u00e0 proximit\u00e9 du bureau du commandant du roi Fahd, qui relie l&#039;Arabie saoudite \u00e0 Bahre\u00efn. L&#039;acc\u00e8s \u00e0 l&#039;\u00eele est donc facilit\u00e9. L&#039;\u00c9tat propose une multitude de clubs et de pubs refl\u00e9tant la diversit\u00e9 des nationalit\u00e9s de la r\u00e9gion. De plus, l&#039;\u00eele est pris\u00e9e des touristes, car l&#039;alcool y est autoris\u00e9.<\/p>\n\n\n\n<p>Le Printemps de la Culture est un \u00e9v\u00e9nement tr\u00e8s fr\u00e9quent\u00e9. Les visiteurs \u00e9trangers pourront participer \u00e0 des concerts de musique nationale. L&#039;\u00eele organise des festivals de danse tout au long de cette p\u00e9riode. Le soir, les participants peuvent concourir pour le titre de meilleur chanteur ou interpr\u00e8te de danses latino-am\u00e9ricaines. C&#039;est la f\u00eate culturelle la plus anim\u00e9e du golfe Persique. Tout au long du mois, artistes et auteurs du monde entier c\u00e9l\u00e8brent ensemble toutes les f\u00eates culturelles. Traditionnellement, le programme est si charg\u00e9 qu&#039;il faut r\u00e9server ses places des mois \u00e0 l&#039;avance.<\/p>\n\n\n\n<h2 class=\"wp-block-heading\">Parc Adhari<\/h2>\n\n\n\n<p><em>Route d&#039;Ain Adhari, bloc 388, b\u00e2timent 111, Royaume de Bahre\u00efn<\/em><\/p>\n\n\n\n<p>Adhari Park est un parc d&#039;attractions du Royaume de Bahre\u00efn centr\u00e9 sur l&#039;ancienne source d&#039;eau douce d&#039;Ain Adari.<\/p>\n\n\n\n<p>Adhari Park est une toute nouvelle destination touristique \u00e0 Bahre\u00efn, situ\u00e9e \u00e0 proximit\u00e9 du parc national d&#039;Adhari. Son objectif est de devenir l&#039;attraction familiale num\u00e9ro un du CCG, avec 38 attractions ext\u00e9rieures et int\u00e9rieures palpitantes pour tous les \u00e2ges, un centre de divertissement familial, 10 points de restauration, un restaurant, des caf\u00e9s et bien plus encore.<\/p>\n\n\n\n<h2 class=\"wp-block-heading\">Parc animalier et r\u00e9serve d&#039;Al Areen<\/h2>\n\n\n\n<p><em>PO Box 28690, Royaume de Bahre\u00efn<\/em><\/p>\n\n\n\n<p>Dans la r\u00e9serve faunique d&#039;Al Areen \u00e0 Bahre\u00efn, des esp\u00e8ces v\u00e9g\u00e9tales et animales sont pr\u00e9serv\u00e9es et cultiv\u00e9es depuis plus de trois d\u00e9cennies. Observez divers animaux, oiseaux et plantes du d\u00e9sert dans leur environnement naturel. Promenez-vous dans le parc et approchez-vous des oiseaux indig\u00e8nes en libert\u00e9. Ou prenez le bus pour d\u00e9couvrir toutes les esp\u00e8ces expos\u00e9es, comme le l\u00e9opard d&#039;Arabie, l&#039;autruche, la gazelle d&#039;Arabie, l&#039;oryx et bien d&#039;autres\u00a0!<\/p>\n\n\n\n<h2 class=\"wp-block-heading\">Circuit international de Bahre\u00efn<\/h2>\n\n\n\n<p><em>Porte 255, avenue du Golfe de Bahre\u00efn, Umm Jidar 1062, Sakhir, Bahre\u00efn<\/em><\/p>\n\n\n\n<p>Le Circuit international de Bahre\u00efn (BIC) est un site ultramoderne d\u00e9di\u00e9 au sport automobile, situ\u00e9 au c\u0153ur du d\u00e9sert de Sakhir. Con\u00e7u par le c\u00e9l\u00e8bre ing\u00e9nieur allemand Hermann Tilke, le trac\u00e9 int\u00e8gre de nombreux \u00e9l\u00e9ments culturels locaux.<\/p>\n\n\n\n<p>Il a fallu moins de 18 mois pour construire l\u2019ensemble de l\u2019installation, qui a co\u00fbt\u00e9 environ 150 millions de dollars et a n\u00e9cessit\u00e9 une initiative importante pour d\u00e9velopper la zone.<\/p>\n\n\n\n<p>Le BIC poss\u00e8de plus de trac\u00e9s de piste certifi\u00e9s FIA que tout autre circuit au monde. Cela lui permet d&#039;accueillir une grande vari\u00e9t\u00e9 d&#039;\u00e9v\u00e9nements de course automobile. Le circuit de Grand Prix, long de 5\u00a0412 m\u00e8tres, accueille r\u00e9guli\u00e8rement des comp\u00e9titions internationales, telles que le Grand Prix Gulf Air de Bahre\u00efn de Formule 1, les Six Heures de Bahre\u00efn du Championnat du monde d&#039;endurance FIA, des courses de GP2 Series et la Porsche Mobil 1 Supercup.<\/p>\n\n\n\n<h2 class=\"wp-block-heading\">Pesanteur<\/h2>\n\n\n\n<p><em>B\u00e2timent 234, Avenue 62, Zallaq 1058 Bahre\u00efn<\/em><\/p>\n\n\n\n<p>Le premier parachutisme en salle \u00e0 Bahre\u00efn.<\/p>\n\n\n\n<p>La sensation de chute libre dans l&#039;une des plus hautes souffleries, cr\u00e9\u00e9e en verre tremp\u00e9 et mesurant 12 m\u00e8tres de hauteur, est impossible \u00e0 r\u00e9sister.<\/p>\n\n\n\n<p>Sautez comme si vous sautiez d&#039;un avion, mais sans parachute et sans m\u00eame monter \u00e0 bord ! Tout le monde peut profiter de cette exp\u00e9rience de vol corporel, sauf ceux qui ne souhaitent pas se lancer dans une aventure qui changera leur vie.<\/p>\n\n\n\n<p>Nous pouvons vous garantir que vous vivrez une exp\u00e9rience incroyable et extraordinaire.<\/p>\n\n\n\n<h2 class=\"wp-block-heading\">\u00celes Dar<\/h2>\n\n\n\n<p><em>1005 Port de p\u00eache de Sitra, Sitra, Royaume de Bahre\u00efn<\/em><\/p>\n\n\n\n<p>La station baln\u00e9aire d&#039;Al Dar Island propose r\u00e9guli\u00e8rement des excursions de p\u00eache aux perles et des croisi\u00e8res vers l&#039;\u00eele de Jarada, o\u00f9 vous pourrez bronzer seul sur une langue de sable blanc et vous laisser bercer par les eaux cristallines. Outre les perles, il est possible d&#039;observer jusqu&#039;\u00e0 30 esp\u00e8ces de coraux et plus de 200 esp\u00e8ces de poissons. Observer les dauphins parmi les diff\u00e9rents r\u00e9cifs coralliens environnants est une autre activit\u00e9 pris\u00e9e, et les meilleurs moments pour les apercevoir sont le lever ou le coucher du soleil.<\/p>\n\n\n\n<p>Une excursion d&#039;une journ\u00e9e aux r\u00e9cifs perliers est tr\u00e8s agr\u00e9able. Optez pour une excursion en boutre pour une exp\u00e9rience plus authentique. Vous pourrez d\u00e9guster une cuisine arabe et les p\u00eacheurs de perles vous raconteront des histoires de marins.<\/p>\n\n\n\n<p>Les amoureux de la faune sauvage doivent emprunter le ferry de 45 minutes reliant la jet\u00e9e d&#039;Al Dur \u00e0 l&#039;\u00eele Hawar. Les \u00eeles Hawar sont consid\u00e9r\u00e9es comme une r\u00e9serve naturelle d&#039;importance internationale et offrent une plage propre ainsi que la possibilit\u00e9 d&#039;observer des dauphins et des oiseaux rares, car elles sont situ\u00e9es au c\u0153ur de leur route migratoire.<\/p>\n\n\n\n<h2 class=\"wp-block-heading\">\u00celes Hawar<\/h2>\n\n\n\n<p><em>\u00celes Hawar<\/em><\/p>\n\n\n\n<p>Bahre\u00efn contr\u00f4le les \u00eeles Hawar, un archipel d&#039;\u00eeles d\u00e9sertiques situ\u00e9 dans le golfe Persique. Les amateurs de faune sauvage doivent emprunter le ferry de 45 minutes reliant la jet\u00e9e d&#039;Al Dar \u00e0 l&#039;\u00eele Hawar.<\/p>\n\n\n\n<p>Les \u00eeles Hawar sont consid\u00e9r\u00e9es comme un refuge naturel d&#039;importance internationale, offrant des plages immacul\u00e9es et la possibilit\u00e9 d&#039;observer des dauphins et des esp\u00e8ces rares au milieu de leur route migratoire.<\/p>\n\n\n\n<h2 class=\"wp-block-heading\">Karting (BIKC)<\/h2>\n\n\n\n<p><em>Porte 255, avenue du Golfe de Bahre\u00efn, Umm Jidar 1062<\/em><\/p>\n\n\n\n<p>Le Circuit International de Karting de Bahre\u00efn (BIKC) est une installation ultramoderne de classe mondiale, destin\u00e9e aux amateurs de sport automobile. Au BIKC, les pilotes de demain go\u00fbtent pour la premi\u00e8re fois aux joies de la comp\u00e9tition. Conforme aux normes internationales les plus strictes, le BIKC est en mesure d&#039;accueillir les championnats du monde de la Commission Internationale de Karting-F\u00e9d\u00e9ration Internationale de l&#039;Automobile (CIK-FIA). En 2012, le BIKC est devenu le premier circuit de karting au monde \u00e0 accueillir un \u00e9v\u00e9nement de niveau mondial.<\/p>\n\n\n\n<p>Le circuit CIK mesure 1\u00a0414 kilom\u00e8tres de long et compte 14 virages. Le Championnat du monde CIK-FIA des moins de 18 ans et le Troph\u00e9e Acad\u00e9mie, qui se sont d\u00e9roul\u00e9s \u00e0 Bahre\u00efn pour la premi\u00e8re fois en 2012, ainsi que les derniers Championnats du monde CIK-FIA, devaient s&#039;y d\u00e9rouler. Le BIKC propose une vari\u00e9t\u00e9 d&#039;activit\u00e9s de team building, accessibles aux passionn\u00e9s de karting et aux entreprises, notamment des Grands Prix et des exp\u00e9riences d&#039;endurance inspir\u00e9es de la Formule 1. Le circuit est \u00e9quip\u00e9 de projecteurs de 200 lux, ce qui lui permet \u00e9galement d&#039;accueillir des courses nocturnes.<\/p>\n\n\n\n<h2 class=\"wp-block-heading\">Le paradis perdu de Dilmun<\/h2>\n\n\n\n<p><em>Porte 255, avenue du Golfe de Bahre\u00efn, Umm Jidar 1062<\/em><\/p>\n\n\n\n<p>Le Paradis perdu de Dilmun est actuellement le plus grand parc aquatique de Bahre\u00efn, avec une superficie totale d&#039;environ 77\u00a0000 m\u00e8tres carr\u00e9s, une surface construite d&#039;environ 45\u00a0000 m\u00e8tres carr\u00e9s et une surface habitable d&#039;environ 20\u00a0000 m\u00e8tres carr\u00e9s. Chaque \u00e9l\u00e9ment du parc est centr\u00e9 sur l&#039;histoire de la p\u00e9riode Dilmun, comme en t\u00e9moignent ses sculptures en pierre et son architecture singuli\u00e8res. Plus de 18 toboggans et attractions sont parfaitement int\u00e9gr\u00e9s pour cr\u00e9er une oasis dans le d\u00e9sert et un jardin de r\u00eave dont les visiteurs peuvent profiter.<\/p>\n\n\n\n<h2 class=\"wp-block-heading\">Plage de Marassi<\/h2>\n\n\n\n<p><em>Ville d&#039;Al Muharraq<\/em><\/p>\n\n\n\n<p>Deux kilom\u00e8tres de plage de sable blanc composent la plage de Marassi, une attraction de plein air. Premier food truck de Bahre\u00efn, il propose des saveurs internationales et locales pr\u00e9par\u00e9es par des entrepreneurs ind\u00e9pendants. Outre une aire de jeux pour enfants et un sentier de jogging au bord de l&#039;eau, la plage de Marassi dispose d&#039;une aire de jeux pour enfants.<\/p>\n\n\n\n<p>De nombreux \u00e9v\u00e9nements sont r\u00e9guli\u00e8rement organis\u00e9s le week-end, tels que des march\u00e9s \u00e9ph\u00e9m\u00e8res, des projections de films en plein air et des jeux pour enfants. Tous les services et \u00e9quipements de la plage de Marassi sont d&#039;une qualit\u00e9 et d&#039;une propret\u00e9 irr\u00e9prochables. L&#039;entr\u00e9e adulte co\u00fbte 2 BD par jour. Ce paiement est partiellement \u00e9changeable contre des chaises longues, des parasols et des serviettes.<\/p>\n\n\n\n<h2 class=\"wp-block-heading\">Royal Golf Club<\/h2>\n\n\n\n<p><em>Autoroute Al Muaskar Riffa, Bahre\u00efn<\/em><\/p>\n\n\n\n<p>Deux kilom\u00e8tres de plage de sable blanc composent la plage de Marassi, une attraction de plein air. Premier food truck de Bahre\u00efn, il propose des saveurs internationales et locales pr\u00e9par\u00e9es par des entrepreneurs ind\u00e9pendants. Outre une aire de jeux pour enfants et un sentier de jogging au bord de l&#039;eau, la plage de Marassi dispose d&#039;une aire de jeux pour enfants.<\/p>\n\n\n\n<p>De nombreux \u00e9v\u00e9nements sont r\u00e9guli\u00e8rement organis\u00e9s le week-end, tels que des march\u00e9s \u00e9ph\u00e9m\u00e8res, des projections de films en plein air et des jeux pour enfants. Tous les services et \u00e9quipements de la plage de Marassi sont d&#039;une qualit\u00e9 et d&#039;une propret\u00e9 irr\u00e9prochables. L&#039;entr\u00e9e adulte co\u00fbte 2 BD par jour. Ce paiement est partiellement \u00e9changeable contre des chaises longues, des parasols et des serviettes.<\/p>","protected":false},"excerpt":{"rendered":"<p>Le Grand Prix de Formule 1 de Bahre\u00efn, qui se d\u00e9roule en avril sur le circuit international de Bahre\u00efn, est l&#039;\u00e9v\u00e9nement annuel le plus important de Bahre\u00efn. Pr\u00e9voyez vos billets \u00e0 l&#039;avance, car tous les billets sont vendus et les prix des h\u00f4tels ont grimp\u00e9 en fl\u00e8che. En g\u00e9n\u00e9ral, les premi\u00e8res r\u00e9servations donnent droit \u00e0 des r\u00e9ductions allant de 10 \u00e0 20 %. Selon la tribune, les billets co\u00fbtent entre 150 et 60 BD.<\/p>","protected":false},"author":1,"featured_media":35414,"parent":35335,"menu_order":0,"comment_status":"closed","ping_status":"closed","template":"elementor_theme","meta":{"_eb_attr":"","footnotes":""},"class_list":["post-35412","page","type-page","status-publish","has-post-thumbnail"],"_links":{"self":[{"href":"https:\/\/travelshelper.com\/fr\/wp-json\/wp\/v2\/pages\/35412","targetHints":{"allow":["GET"]}}],"collection":[{"href":"https:\/\/travelshelper.com\/fr\/wp-json\/wp\/v2\/pages"}],"about":[{"href":"https:\/\/travelshelper.com\/fr\/wp-json\/wp\/v2\/types\/page"}],"author":[{"embeddable":true,"href":"https:\/\/travelshelper.com\/fr\/wp-json\/wp\/v2\/users\/1"}],"replies":[{"embeddable":true,"href":"https:\/\/travelshelper.com\/fr\/wp-json\/wp\/v2\/comments?post=35412"}],"version-history":[{"count":0,"href":"https:\/\/travelshelper.com\/fr\/wp-json\/wp\/v2\/pages\/35412\/revisions"}],"up":[{"embeddable":true,"href":"https:\/\/travelshelper.com\/fr\/wp-json\/wp\/v2\/pages\/35335"}],"wp:featuredmedia":[{"embeddable":true,"href":"https:\/\/travelshelper.com\/fr\/wp-json\/wp\/v2\/media\/35414"}],"wp:attachment":[{"href":"https:\/\/travelshelper.com\/fr\/wp-json\/wp\/v2\/media?parent=35412"}],"curies":[{"name":"wp","href":"https:\/\/api.w.org\/{rel}","templated":true}]}}