{"id":35405,"date":"2024-11-30T21:18:48","date_gmt":"2024-11-30T21:18:48","guid":{"rendered":"https:\/\/travelshelper.com\/staging\/?page_id=35405"},"modified":"2026-03-11T02:08:23","modified_gmt":"2026-03-11T02:08:23","slug":"choses-a-voir-a-bahrein","status":"publish","type":"page","link":"https:\/\/travelshelper.com\/fr\/destinations\/asia\/bahrain\/things-to-see-in-bahrain\/","title":{"rendered":"Choses \u00e0 voir \u00e0 Bahre\u00efn"},"content":{"rendered":"<p>Bahre\u00efn est une nation insulaire dot\u00e9e d&#039;une histoire riche de plusieurs milliers d&#039;ann\u00e9es et offrant un m\u00e9lange unique d&#039;excursions culturelles, de divertissements et de loisirs. Le premier \u00c9tat de la r\u00e9gion existait d\u00e9j\u00e0 au troisi\u00e8me mill\u00e9naire avant notre \u00e8re. \u00c0 diff\u00e9rentes \u00e9poques, le territoire a appartenu au royaume sassanide, au califat arabe, au Portugal et \u00e0 l&#039;Iran. Le pays a \u00e9t\u00e9 sous protectorat britannique pendant un certain temps. Toutes ces phases historiques ont marqu\u00e9 le paysage du pays, ce qui lui conf\u00e8re de nombreuses attractions touristiques.<\/p>\n\n\n\n<p>Selon de nombreux arch\u00e9ologues, les \u00eeles abritaient autrefois l&#039;\u00c9tat de Dilmun. Les Sum\u00e9riens pensaient que c&#039;\u00e9tait l\u00e0 l&#039;origine de la civilisation. Qal&#039;at al-Bahre\u00efn est le site o\u00f9 se trouvent les vestiges de cette culture ancienne. Les scientifiques ont d\u00e9couvert des rues, des temples, des magasins et des palais vieux de pr\u00e8s de 4\u00a0000 ans, enfouis sous de nombreuses strates culturelles, dont le ch\u00e2teau portugais. Aujourd&#039;hui, les fouilles se poursuivent. Environ un quart de la r\u00e9gion est aujourd&#039;hui accessible. Au sommet de la colline se dresse un ch\u00e2teau portugais appel\u00e9 Qal&#039;at al-Burtughal. Il date du XVIIe si\u00e8cle. La fortification est encore en parfait \u00e9tat.<\/p>\n\n\n\n<p>Plusieurs r\u00e9gions abritant de vastes n\u00e9cropoles de la civilisation d&#039;Umm al-Nar, datant de l&#039;\u00e2ge du bronze, se trouvent au nord. Il s&#039;agit des plus grandes n\u00e9cropoles antiques ayant surv\u00e9cu jusqu&#039;\u00e0 nos jours. Les tombes en pierre mesurent entre 4,5 et 9 m\u00e8tres de diam\u00e8tre et 1 \u00e0 2 m\u00e8tres de haut. Des poteries, des sceaux en pierre ou en coquillage, des armes et des objets en os y ont \u00e9t\u00e9 d\u00e9couverts. Plus de cent mille de ces tombes se trouvent sur le territoire de Bahre\u00efn. Le temple de Manama Saar et les tombes adjacentes datent de la m\u00eame p\u00e9riode historique.<\/p>\n\n\n\n<p>Les Portugais ont \u00e9galement \u00e9rig\u00e9 le fort d&#039;Abou Mahir. Il s&#039;agit de l&#039;une des nombreuses fortifications prot\u00e9geant les routes commerciales maritimes. La fortification est en mauvais \u00e9tat. Cependant, le mus\u00e9e est accessible sur son site. Outre l&#039;histoire de l&#039;\u00e9difice, vous pourrez \u00e9galement en apprendre davantage sur l&#039;histoire de la recherche de perles \u00e0 Bahre\u00efn.<\/p>\n\n\n\n<p>Shajarat al-Hayat, souvent appel\u00e9 l&#039;Arbre de Vie, est un arbre d&#039;environ 400 ans. Il est surprenant qu&#039;il pousse seul dans le d\u00e9sert. De nombreuses histoires et suppositions circulent \u00e0 cet endroit. Il est consid\u00e9r\u00e9 comme le dernier arbre du jardin d&#039;\u00c9den. De plus, on suppose qu&#039;une rivi\u00e8re souterraine nourrit ses racines. Cet arbre appartient \u00e0 la sous-esp\u00e8ce Mimosa de l&#039;esp\u00e8ce Prosopis cineraria. Ces arbres peuvent supporter des temp\u00e9ratures allant jusqu&#039;\u00e0 10 \u00b0C sans n\u00e9cessiter beaucoup d&#039;eau. Il peut \u00e9galement survivre dans des sols salins. Ses racines atteignent de grandes profondeurs (des dizaines de m\u00e8tres) et peuvent absorber la moindre quantit\u00e9 d&#039;eau. Ses feuilles absorbent l&#039;humidit\u00e9 environnante.<\/p>\n\n\n\n<p>Le fort d&#039;Arad a \u00e9t\u00e9 construit au XVe si\u00e8cle pour d\u00e9fendre l&#039;\u00eele de Muharraq. Il s&#039;inspire des fortifications arabes. De forme carr\u00e9e et compacte, il est dot\u00e9 de tours cylindriques \u00e0 ses quatre angles. Il \u00e9tait parfaitement adapt\u00e9 \u00e0 la d\u00e9fense c\u00f4ti\u00e8re et \u00e0 l&#039;observation. Une reconstruction d&#039;envergure a r\u00e9cemment \u00e9t\u00e9 entreprise. La nuit, la fortification historique est illumin\u00e9e. C&#039;est un spectacle \u00e9poustouflant. Le fort de Riffa a \u00e9t\u00e9 construit en 1812. Cependant, certains arch\u00e9ologues datent sa fondation du XVIIe si\u00e8cle. La citadelle \u00e9tait la r\u00e9sidence du cheikh Salman bin Ahmed. D&#039;autres agences gouvernementales y \u00e9taient install\u00e9es. Isa ibn Ali Al Khalifa, l&#039;un des souverains de Bahre\u00efn, est n\u00e9 dans cette forteresse.<\/p>\n\n\n\n<p>La r\u00e9sidence d&#039;Isa ibn Ali Al Khalifa est un superbe exemple de r\u00e9sidence royale. Construite dans le style arabe classique, elle est \u00e9quip\u00e9e d&#039;un syst\u00e8me de refroidissement. Il s&#039;agit d&#039;une tour \u00e0 vent qui alimentait le b\u00e2timent en air froid. La tour \u00e9tait ferm\u00e9e pendant l&#039;hiver. Arches, mobilier en bois, portes, plafonds et vitraux ornent les int\u00e9rieurs.<\/p>\n\n\n\n<p>La mosqu\u00e9e al-Fatih est l&#039;une des plus grandes du monde. Son d\u00f4me principal est en fibre de verre. C&#039;est un v\u00e9ritable chef-d&#039;\u0153uvre d&#039;ing\u00e9nierie. Sa structure est moderne. Sa construction a \u00e9t\u00e9 achev\u00e9e en 1987. L&#039;entr\u00e9e est ferm\u00e9e le vendredi (jour saint musulman) et les autres jours f\u00e9ri\u00e9s. La mosqu\u00e9e Al-Khamis est le plus ancien \u00e9difice religieux du pays. On pense que la premi\u00e8re pierre de ses fondations a \u00e9t\u00e9 pos\u00e9e au VIIe si\u00e8cle. La mosqu\u00e9e a \u00e9t\u00e9 r\u00e9nov\u00e9e \u00e0 plusieurs reprises. Les plus anciens \u00e9l\u00e9ments datent du XIVe si\u00e8cle. Une dalle du XIIe si\u00e8cle (une niche indiquant la direction de La Mecque) sert de mihrab.<\/p>\n\n\n\n<p>Little India est un quartier de Manama qui ressemble davantage \u00e0 Delhi qu&#039;\u00e0 la capitale de Bahre\u00efn. C&#039;est ici que se trouve le temple de Krishna, vieux de plus de deux si\u00e8cles. On y trouve de nombreuses maisons anciennes en bois indien, des boutiques de souvenirs et des caf\u00e9s. Les mini-canyons d&#039;Al-Bahar sont une attraction naturelle. Ses formations rocheuses dor\u00e9es aux formes \u00e9tonnantes offrent un habitat hivernal \u00e0 de nombreux oiseaux.<\/p>\n\n\n\n<p>Wahooo est l&#039;un des parcs aquatiques les plus innovants et contemporains du Moyen-Orient. D&#039;une superficie de plus de 15\u00a0000 m\u00e8tres carr\u00e9s, il attire des millions de visiteurs gr\u00e2ce \u00e0 ses jeux, attractions, toboggans et piscines. Son design \u00e9voque un \u00ab\u00a0paradis subtropical\u00a0\u00bb. En son centre, une go\u00e9lette est ancr\u00e9e. C&#039;est un lieu id\u00e9al pour tous les \u00e2ges. 30\u00a0% des \u00e9v\u00e9nements sont en ext\u00e9rieur et 70\u00a0% en int\u00e9rieur, garantissant ainsi une visite agr\u00e9able, quelle que soit la m\u00e9t\u00e9o. De plus, la proximit\u00e9 du parc aquatique avec le centre-ville permet de fl\u00e2ner parmi les nombreuses boutiques. Vous aurez l&#039;occasion de faire quelques heures de shopping ou de d\u00eener dans un restaurant proposant une cuisine r\u00e9gionale.<\/p>\n\n\n\n<p>Le Royaume des Oiseaux d&#039;Asie est un habitat unique. Plus de soixante-dix esp\u00e8ces d&#039;oiseaux du monde entier y r\u00e9sident. 500 employ\u00e9s y travaillent. Certaines de ces esp\u00e8ces sont menac\u00e9es. Afin de contribuer \u00e0 leur conservation, elles sont soigneusement \u00e9lev\u00e9es en captivit\u00e9 au Royaume des Oiseaux d&#039;Asie. Ce cadre a \u00e9t\u00e9 con\u00e7u non seulement pour captiver et divertir toute la famille, mais aussi pour offrir aux enfants et \u00e0 leurs parents un apprentissage \u00e9ducatif. En parcourant ces labyrinthes, les touristes pourront prendre de magnifiques photos et vivre des \u00e9motions intenses.<\/p>\n\n\n\n<h2 class=\"wp-block-heading\">Forts \u00e0 Bahre\u00efn<\/h2>\n\n\n\n<h3 class=\"wp-block-heading\">Fort d&#039;Arad<\/h3>\n\n\n\n<p><em>Fort d&#039;Arad, route n\u00b0 4233, Arad, Bahre\u00efn<\/em><\/p>\n\n\n\n<p>Le fort d&#039;Arad est un exemple parfait de construction militaire omanaise de la fin du XVe si\u00e8cle au d\u00e9but du XVIe. Ce fort a jou\u00e9 un r\u00f4le important dans la d\u00e9fense de Bahre\u00efn contre les pillards au fil des si\u00e8cles, bien que sa date de construction reste incertaine. Restaur\u00e9 dans les ann\u00e9es 1980 avec les mat\u00e9riaux d&#039;origine, le fort est joliment illumin\u00e9 la nuit et accueille r\u00e9guli\u00e8rement des festivit\u00e9s.<\/p>\n\n\n\n<h3 class=\"wp-block-heading\">Fort et mus\u00e9e de Bahre\u00efn<\/h3>\n\n\n\n<p><em>R\u00e9gion de Seef Karbabad, gouvernorat de la capitale<\/em><\/p>\n\n\n\n<p>Situ\u00e9 \u00e0 Seef, autrefois connu sous le nom de Port du Portugal, le fort de Bahre\u00efn, ou \u00ab\u00a0Qal&#039;at al-Bahre\u00efn\u00a0\u00bb, s&#039;\u00e9tend sur 17\u00a0000 m\u00e8tres carr\u00e9s. De 2\u00a0300 av. J.-C. au XVIe si\u00e8cle, le fort a \u00e9t\u00e9 habit\u00e9. Il \u00e9tait situ\u00e9 dans la capitale de la civilisation Dilmun et devait son nom \u00e0 Qal&#039;at al-Burtughal.<\/p>\n\n\n\n<p>Les fouilles arch\u00e9ologiques ont r\u00e9v\u00e9l\u00e9 que le fort avait des fonctions r\u00e9sidentielles, publiques, commerciales, religieuses et militaires. Plusieurs outils et objets, dont des sceaux de Dilmun, du mat\u00e9riel de p\u00eache et des r\u00e9cipients de cuisine et de transport de nourriture provenant d&#039;Oman et de M\u00e9sopotamie, ont \u00e9t\u00e9 mis au jour. Le fort de Bahre\u00efn, l&#039;un des trois sites class\u00e9s au patrimoine mondial de l&#039;UNESCO \u00e0 Bahre\u00efn, est un b\u00e2timent impressionnant qui t\u00e9moigne de la riche histoire de Bahre\u00efn.<\/p>\n\n\n\n<h3 class=\"wp-block-heading\">Fort Cheikh Salman Bin Ahmed Al Fateh<\/h3>\n\n\n\n<p><em>Fort Cheikh Salman Bin Ahmed Al Fateh, route n\u00b0 368, Riffa<\/em><\/p>\n\n\n\n<p>De par sa situation \u00e0 Riffa, le fort Cheikh Salman bin Ahmed Al-Fateh est \u00e9galement connu sous le nom de fort de Riffa. Ce site historique t\u00e9moigne de l&#039;un des moments les plus marquants de l&#039;histoire de Bahre\u00efn\u00a0: les Al Khalifa, la famille r\u00e9gnante de Bahre\u00efn, sont comm\u00e9mor\u00e9s dans sa magnifique architecture.<\/p>\n\n\n\n<p>D\u00e9couvrez la famille Al Khalifa \u00e0 travers des expositions soigneusement s\u00e9lectionn\u00e9es pr\u00e9sentant leur arbre g\u00e9n\u00e9alogique, leurs objets personnels et leurs passe-temps favoris. Le fort abrite \u00e9galement le Caf\u00e9 Saffron, qui surplombe la pittoresque vall\u00e9e d&#039;Al-Haniniya.<\/p>\n\n\n\n<h2 class=\"wp-block-heading\">Mus\u00e9es \u00e0 Bahre\u00efn<\/h2>\n\n\n\n<h3 class=\"wp-block-heading\">Mus\u00e9e national de Bahre\u00efn<\/h3>\n\n\n\n<p>Le 15 d\u00e9cembre 1988, le Mus\u00e9e national de Bahre\u00efn a \u00e9t\u00e9 inaugur\u00e9 par feu l&#039;\u00e9mir, S.A. Cheikh Issa Bin Salman Al-Khalifa. Il \u00e9tait consid\u00e9r\u00e9 comme l&#039;un des mus\u00e9es les plus prestigieux de son genre dans la r\u00e9gion du Golfe. Il est aujourd&#039;hui l&#039;un des sites culturels les plus importants de l&#039;\u00eele.<\/p>\n\n\n\n<p>Ce b\u00e2timent exceptionnel, con\u00e7u et r\u00e9alis\u00e9 par Krohn et Hartvig Rasmussen, arbore une fa\u00e7ade en marbre travertin blanc et b\u00e9n\u00e9ficie d&#039;un emplacement strat\u00e9gique sur une p\u00e9ninsule artificielle surplombant l&#039;\u00eele de Muharraq. Le complexe mus\u00e9al se compose de deux b\u00e2timents reli\u00e9s, d&#039;une superficie totale d&#039;environ 20\u00a0000 m\u00b2. Le b\u00e2timent principal abrite l&#039;espace d&#039;exposition permanente, des salles d&#039;exposition temporaire, une galerie d&#039;art, un auditorium, un caf\u00e9 et une boutique. Le b\u00e2timent administratif abrite les bureaux administratifs, les salles de recherche des conservateurs, les laboratoires de conservation, les espaces d&#039;exposition et les r\u00e9serves des collections.<\/p>\n\n\n\n<p>Le mus\u00e9e pr\u00e9serve 6\u00a0000 ans d&#039;histoire de Bahre\u00efn. Les salles des Tombes, Dilmun, Tylos et l&#039;Islam, les Coutumes et Traditions, les M\u00e9tiers et Artisanats traditionnels, ainsi que les Documents et Manuscrits, font revivre l&#039;histoire de Bahre\u00efn. Le grand hall d&#039;entr\u00e9e donne acc\u00e8s aux salles d&#039;exposition du rez-de-chauss\u00e9e et du premier \u00e9tage. Le hall d&#039;entr\u00e9e est un vaste espace spectaculaire, \u00e9clair\u00e9 par des puits de lumi\u00e8re naturelle, et pr\u00e9sente l&#039;exposition \u00ab\u00a0Investir dans la culture\u00a0\u00bb.<\/p>\n\n\n\n<h2 class=\"wp-block-heading\">Mosqu\u00e9es \u00e0 Bahre\u00efn<\/h2>\n\n\n\n<h3 class=\"wp-block-heading\">Grande mosqu\u00e9e Al Fateh<\/h3>\n\n\n\n<p><em>Grande mosqu\u00e9e Al Fateh, avenue Awal, angle de l&#039;autoroute Al Fatih<\/em><\/p>\n\n\n\n<p>La Grande Mosqu\u00e9e Al Fateh est la plus grande mosqu\u00e9e de Bahre\u00efn et l&#039;une des plus grandes au monde. Construite en 1987 sous le parrainage de feu Cheikh Issa bin Salman Al Khalifa, elle porte le nom d&#039;Ahmed Al Fateh. Pouvant accueillir jusqu&#039;\u00e0 7\u00a0000 fid\u00e8les, elle est surmont\u00e9e du plus grand d\u00f4me en fibre de verre du monde. Ses murs sont magnifiquement orn\u00e9s de calligraphies coufiques.<\/p>\n\n\n\n<h3 class=\"wp-block-heading\">Mosqu\u00e9e Al Khamis<\/h3>\n\n\n\n<p><em>Bilad Al Qadim, autoroute Cheikh Salman<\/em><\/p>\n\n\n\n<p>La mosqu\u00e9e Al Khamis, construite en 692 apr\u00e8s J.-C., est l&#039;une des plus anciennes mosqu\u00e9es du monde arabe. Reconstruite aux XIVe et XVe si\u00e8cles, sa fondation remonte au XIe si\u00e8cle.<\/p>\n\n\n\n<p>Lors de sa r\u00e9paration, des minarets jumeaux identiques ont \u00e9t\u00e9 ajout\u00e9s \u00e0 la structure islamique historique, la rendant ainsi imm\u00e9diatement identifiable.<\/p>\n\n\n\n<h3 class=\"wp-block-heading\">Bait al-Quran<\/h3>\n\n\n\n<p><em>B\u00e2timent n\u00b017, route n\u00b01901, zone diplomatique, Manama.<\/em><\/p>\n\n\n\n<p>Ce prestigieux mus\u00e9e abrite une importante collection de manuscrits et d&#039;\u00e9crits coraniques datant du VIIe si\u00e8cle, dans un b\u00e2timent orn\u00e9 d&#039;\u00e9critures arabes. Plusieurs exemplaires du Coran sont de v\u00e9ritables \u0153uvres d&#039;art. Certains exemplaires, plus petits, tiennent dans la paume de la main, et des phrases coraniques ont m\u00eame \u00e9t\u00e9 grav\u00e9es sur des grains de riz. Outre son importante collection historique, l&#039;espace d&#039;exposition Bait al Quran accueille r\u00e9guli\u00e8rement diverses expositions d&#039;art, ainsi qu&#039;une petite mosqu\u00e9e, une biblioth\u00e8que prestigieuse et un espace d&#039;apprentissage pour l&#039;enseignement islamique.<\/p>\n\n\n\n<h2 class=\"wp-block-heading\">Parcs \u00e0 Bahre\u00efn<\/h2>\n\n\n\n<p>Bahre\u00efn offre une exp\u00e9rience in\u00e9dite au monde entier. L&#039;expression \u00ab\u00a0terre de contrastes\u00a0\u00bb est peut-\u00eatre galvaud\u00e9e. Pourtant, les voyageurs per\u00e7oivent le pays comme une perle unique au c\u0153ur des oc\u00e9ans. Sur fond de paysage lunaire d\u00e9sol\u00e9, plus propice aux courses de chameaux qu&#039;aux automobiles de pointe, le paysage spectaculaire est une v\u00e9ritable force architecturale. Le pays s&#039;\u00e9tend sur 700 kilom\u00e8tres carr\u00e9s et compte environ 161 kilom\u00e8tres de c\u00f4tes. Les plus grandes \u00eeles sont Muharraq, Sitrah, Umm a Nasan et l&#039;archipel des Hawar.<\/p>\n\n\n\n<p>Bahre\u00efn est souvent surnomm\u00e9 la \u00ab\u00a0porte d&#039;entr\u00e9e du golfe Persique\u00a0\u00bb, ce qui se refl\u00e8te dans la diversit\u00e9 et la tol\u00e9rance de sa population. La langue officielle est l&#039;arabe. Cependant, l&#039;anglais est fr\u00e9quemment employ\u00e9 dans les affaires et est exig\u00e9 \u00e0 l&#039;\u00e9cole. En raison du grand nombre d&#039;expatri\u00e9s vivant \u00e0 Bahre\u00efn, d&#039;autres langues comme le persan et l&#039;ourdou sont parl\u00e9es sur les march\u00e9s traditionnels et modernes. Des g\u00e9ologues ont d\u00e9couvert du p\u00e9trole en 1932. C&#039;\u00e9tait la premi\u00e8re fois que de l&#039;\u00ab\u00a0or noir\u00a0\u00bb \u00e9tait d\u00e9couvert sur la rive arabe du golfe Persique.<\/p>\n\n\n\n<p>Autrefois, cette petite \u00eele \u00e9tait un sanctuaire luxuriant, fertile et verdoyant. La nation devait son origine \u00e0 ses nombreuses sources, dont plusieurs subsistent encore sur le site de l&#039;ancienne civilisation de Dilmun, r\u00e9put\u00e9e pour ses produits v\u00e9g\u00e9taux et son savoir-faire agricole. L&#039;urbanisation et la r\u00e9cup\u00e9ration des terres, au fil des g\u00e9n\u00e9rations, ont transform\u00e9 le pays en un pays de plus en plus semblable \u00e0 ses voisins du golfe Persique\u00a0: aride, impropres \u00e0 la production de la plupart des cultures.<\/p>\n\n\n\n<p>Le parc Prince Khalifa Bin Salman est magnifique. Il abrite un lac, des sentiers, des restaurants, des centres commerciaux, des espaces de loisirs priv\u00e9s et une v\u00e9g\u00e9tation luxuriante. Ce parc de 80\u00a0000 m\u00b2 a \u00e9t\u00e9 cr\u00e9\u00e9 pour un co\u00fbt d&#039;environ six millions de dinars. C&#039;est l&#039;un des plus grands parcs de Bahre\u00efn. Vous pouvez \u00e9galement y louer des patins, des p\u00e9dalos et des v\u00e9los. Les installations comprennent une aire de jeux, des man\u00e8ges et une salle de jeux avec air hockey. Vous pouvez d\u00eener au Chai &amp; Chapati ou au restaurant Koffiatto, situ\u00e9 dans la tour, avec une vue \u00e0 360 degr\u00e9s sur le lac.<\/p>\n\n\n\n<p>Les \u00e9t\u00e9s \u00e0 Bahre\u00efn sont particuli\u00e8rement chauds. Les temp\u00e9ratures hivernales descendent rarement en dessous de 17 \u00b0C. Les pluies sont rares, principalement en hiver. Les sols fertiles sont rares dans cette r\u00e9gion. Seulement 8 % des terres sont utilis\u00e9es \u00e0 des fins agricoles. L&#039;eau douce est \u00e9galement probl\u00e9matique. La v\u00e9g\u00e9tation et la faune des \u00eeles ne sont pas particuli\u00e8rement riches. On y trouve 195 esp\u00e8ces de plantes, 17 esp\u00e8ces de mammif\u00e8res, 14 esp\u00e8ces de reptiles et une seule esp\u00e8ce d&#039;amphibien. De nombreux oiseaux migrateurs y passent l&#039;hiver. Certaines esp\u00e8ces nichent sur les \u00eeles. De nombreuses esp\u00e8ces v\u00e9g\u00e9tales bahre\u00efniennes sont bien adapt\u00e9es au d\u00e9sert et aux sols sal\u00e9s. Elles sont capables de puiser l&#039;eau \u00e0 des profondeurs consid\u00e9rables et d&#039;absorber l&#039;humidit\u00e9 atmosph\u00e9rique. Peu d&#039;animaux de grande taille peuplent les \u00eeles, notamment la gazelle des sables. On y trouve \u00e9galement des oursins de sable, des li\u00e8vres d&#039;Arabie et des mangoustes indiennes. Les d\u00e9serts abritent diverses esp\u00e8ces de chauves-souris.<\/p>\n\n\n\n<p>Bahre\u00efn est l&#039;un des rares pays du Golfe Persique soucieux de la protection de l&#039;environnement. Le parc animalier d&#039;Al Areen a \u00e9t\u00e9 cr\u00e9\u00e9 en 1976 pour prot\u00e9ger la biodiversit\u00e9 unique de la r\u00e9gion. Outre la faune et la flore indig\u00e8nes de Bahre\u00efn, on y trouve \u00e9galement des repr\u00e9sentants de la faune d&#039;Afrique et d&#039;Asie. Le parc abrite plus de 100\u00a0000 esp\u00e8ces v\u00e9g\u00e9tales, 45 esp\u00e8ces animales et 82 esp\u00e8ces d&#039;oiseaux. De nombreuses esp\u00e8ces sont menac\u00e9es, notamment l&#039;oryx d&#039;Arabie, le gu\u00e9pard d&#039;Afrique australe, le varan des steppes, la gazelle de Perse, le springbok et le lycaon. La politique du parc privil\u00e9gie la pr\u00e9servation d&#039;esp\u00e8ces uniques, la reconstitution de populations animales menac\u00e9es et l&#039;\u00e9levage d&#039;animaux en captivit\u00e9. Une partie du parc est ouverte au public et accueille environ 200\u00a0000 visiteurs chaque ann\u00e9e. La zone de loisirs est inaccessible au public. Elle est fr\u00e9quent\u00e9e par des v\u00e9t\u00e9rinaires, le personnel du parc et divers professionnels.<\/p>\n\n\n\n<p>La baie de Tubli est situ\u00e9e entre les \u00eeles de Bahre\u00efn et de Sitrah, \u00e0 l&#039;est du pays. C&#039;est ici que se trouve l&#039;\u00eele de Nabih Saleh. La baie est r\u00e9put\u00e9e pour sa vie marine abondante et sa population d&#039;oiseaux. Ses bords sont bord\u00e9s de mangroves. Elle constitue une zone de frai pour de nombreuses esp\u00e8ces de poissons et de crevettes. Plusieurs esp\u00e8ces d&#039;oiseaux y hivernent. En raison de la pollution et des cons\u00e9quences n\u00e9fastes de l&#039;industrie, la superficie de la r\u00e9serve a consid\u00e9rablement diminu\u00e9. Depuis 1997, cependant, des efforts ont \u00e9t\u00e9 d\u00e9ploy\u00e9s pour pr\u00e9server l&#039;\u00e9cosyst\u00e8me unique de la r\u00e9gion.<\/p>\n\n\n\n<p>Dans le golfe Persique se trouve l&#039;archipel des Hawar. Les \u00eeles sont presque d\u00e9peupl\u00e9es. La tribu b\u00e9douine y habitait autrefois. Aujourd&#039;hui, leurs villages sont d\u00e9serts. Seuls le commissariat de police et l&#039;h\u00f4tel subsistent. Un permis de p\u00eache sp\u00e9cifique est requis. Les \u00eeles abritent plusieurs esp\u00e8ces d&#039;oiseaux. Une esp\u00e8ce rare de cormoran s&#039;y reproduit. Plus de soixante esp\u00e8ces d&#039;oiseaux migrateurs y hivernent. Au printemps, ces oiseaux migrent vers leurs zones de reproduction. Les oiseaux nicheurs retournent \u00e0 leurs nids. On y trouve des cr\u00e9atures uniques, comme l&#039;oryx d&#039;Arabie et la gazelle du d\u00e9sert. Pr\u00e8s des \u00eeles, une importante colonie de dugongs peuple les eaux. Depuis 1997, le territoire est sous protection de l&#039;\u00c9tat.<\/p>\n\n\n\n<p>Arab Bay est une zone de conservation. Elle a \u00e9t\u00e9 r\u00e9cemment cr\u00e9\u00e9e sur l&#039;\u00eele de Muharraq, pr\u00e8s de la ville d&#039;Arad. Son objectif est de pr\u00e9server l&#039;\u00e9cosyst\u00e8me maritime unique de la r\u00e9gion. Les eaux proches de Bahre\u00efn sont g\u00e9n\u00e9ralement fr\u00e9quent\u00e9es par des dauphins et des marsouins. Ici, les baleines et les orques sont moins fr\u00e9quentes. Les dugongs (vaches marines) sont fr\u00e9quemment observ\u00e9s dans les zones c\u00f4ti\u00e8res. Ce sont des mammif\u00e8res marins singuliers. On compte environ 700 esp\u00e8ces de poissons dans les eaux du golfe Persique. Plus de 80 % d&#039;entre eux vivent dans les r\u00e9cifs, notamment coralliens. On compte trente esp\u00e8ces de requins dans le golfe Persique, dont seize sont consid\u00e9r\u00e9es comme menac\u00e9es. On y d\u00e9couvre plus d&#039;hu\u00eetres perli\u00e8res que partout ailleurs, ce qui explique l&#039;importance de l&#039;exploitation perli\u00e8re dans cette r\u00e9gion.<\/p>\n\n\n\n<p>L&#039;\u00eele d&#039;Umm a Nasan appartient \u00e0 la Couronne. La zone est interdite au grand public. L&#039;\u00eele abrite une petite population de ch\u00e8vres \u00e0 cornes torsad\u00e9es. Une petite communaut\u00e9 est situ\u00e9e sur la rive ouest. Plusieurs familles nomades y r\u00e9sident et s&#039;occupent des cerfs et des gazelles de l&#039;\u00eele. Ces derni\u00e8res ann\u00e9es, l&#039;exploitation d&#039;unit\u00e9s industrielles et d&#039;usines de dessalement a eu un impact n\u00e9gatif consid\u00e9rable sur les esp\u00e8ces marines au large des c\u00f4tes. Le gouvernement prend des mesures pour pr\u00e9server le caract\u00e8re unique des \u00eeles et des voies navigables c\u00f4ti\u00e8res.<\/p>","protected":false},"excerpt":{"rendered":"<p>Bahre\u00efn est une nation insulaire dot\u00e9e d&#039;une histoire riche de plusieurs milliers d&#039;ann\u00e9es et offrant un m\u00e9lange unique d&#039;excursions culturelles, de divertissements et de loisirs. Le premier \u00c9tat de la r\u00e9gion existait d\u00e9j\u00e0 au troisi\u00e8me mill\u00e9naire avant notre \u00e8re. \u00c0 diff\u00e9rentes \u00e9poques, le territoire a appartenu au royaume sassanide, au califat arabe, au Portugal et \u00e0 l&#039;Iran. Le pays a \u00e9t\u00e9 sous protectorat britannique pendant un certain temps. Toutes ces phases historiques ont marqu\u00e9 le paysage du pays, ce qui lui conf\u00e8re de nombreuses attractions touristiques.<\/p>","protected":false},"author":1,"featured_media":35408,"parent":35335,"menu_order":0,"comment_status":"closed","ping_status":"closed","template":"elementor_theme","meta":{"_eb_attr":"","footnotes":""},"class_list":["post-35405","page","type-page","status-publish","has-post-thumbnail"],"_links":{"self":[{"href":"https:\/\/travelshelper.com\/fr\/wp-json\/wp\/v2\/pages\/35405","targetHints":{"allow":["GET"]}}],"collection":[{"href":"https:\/\/travelshelper.com\/fr\/wp-json\/wp\/v2\/pages"}],"about":[{"href":"https:\/\/travelshelper.com\/fr\/wp-json\/wp\/v2\/types\/page"}],"author":[{"embeddable":true,"href":"https:\/\/travelshelper.com\/fr\/wp-json\/wp\/v2\/users\/1"}],"replies":[{"embeddable":true,"href":"https:\/\/travelshelper.com\/fr\/wp-json\/wp\/v2\/comments?post=35405"}],"version-history":[{"count":0,"href":"https:\/\/travelshelper.com\/fr\/wp-json\/wp\/v2\/pages\/35405\/revisions"}],"up":[{"embeddable":true,"href":"https:\/\/travelshelper.com\/fr\/wp-json\/wp\/v2\/pages\/35335"}],"wp:featuredmedia":[{"embeddable":true,"href":"https:\/\/travelshelper.com\/fr\/wp-json\/wp\/v2\/media\/35408"}],"wp:attachment":[{"href":"https:\/\/travelshelper.com\/fr\/wp-json\/wp\/v2\/media?parent=35405"}],"curies":[{"name":"wp","href":"https:\/\/api.w.org\/{rel}","templated":true}]}}