{"id":17244,"date":"2024-09-25T23:20:32","date_gmt":"2024-09-25T23:20:32","guid":{"rendered":"https:\/\/travelshelper.com\/staging\/?page_id=17244"},"modified":"2026-03-12T22:34:39","modified_gmt":"2026-03-12T22:34:39","slug":"dudince","status":"publish","type":"page","link":"https:\/\/travelshelper.com\/fr\/destinations\/europe\/slovakia\/dudince\/","title":{"rendered":"Dudince"},"content":{"rendered":"<p>Dudince, la plus petite ville de Slovaquie, compte environ 1\u00a0400 habitants et occupe une superficie compacte \u00e0 140 m\u00e8tres d&#039;altitude, dans la r\u00e9gion de Bansk\u00e1 Bystrica, au sud de la Slovaquie. Situ\u00e9e au pied de la plaine de Krupina, dans les Carpates occidentales int\u00e9rieures, et \u00e0 cheval sur la vall\u00e9e de la rivi\u00e8re \u0160tiavnica, elle se trouve \u00e0 environ 27 kilom\u00e8tres au sud-ouest de Krupina et \u00e0 15 kilom\u00e8tres au nord de \u0160ahy. La taille modeste de la ville dissimule son importance en tant que station thermale, sa r\u00e9putation fond\u00e9e sur des sources thermales riches en min\u00e9raux qui attirent les visiteurs depuis l&#039;Antiquit\u00e9. Le climat chaud et stable de Dudince et sa situation au c\u0153ur de la r\u00e9gion viticole de Stredoslovenska, bord\u00e9e de vignobles, constituent le contexte essentiel pour comprendre son attrait durable.<\/p>\n<p>Des vestiges arch\u00e9ologiques r\u00e9v\u00e8lent une pr\u00e9sence humaine dans la r\u00e9gion d\u00e8s le N\u00e9olithique, et la plus ancienne trace \u00e9crite connue de l&#039;\u00e9tablissement remonte \u00e0 1284, sous le nom de Dyud. D\u00e8s 1551, des sources document\u00e9es signalent pour la premi\u00e8re fois l&#039;existence de sources thermales, mais leur origine remonte \u00e0 bien plus loin dans le temps\u00a0: les sch\u00e9mas g\u00e9ologiques et hydrologiques sugg\u00e8rent que les Romains connaissaient \u2013 \u200b\u200bet utilisaient probablement \u2013 \u200b\u200bces eaux il y a plus de deux mill\u00e9naires. Les gisements de travertin \u00e0 Dudince et dans ses environs t\u00e9moignent silencieusement de cette \u00e9poque\u00a0: sur le site des thermes modernes, on peut encore observer les thermes romains, un ensemble de quelque trente-deux bassins creus\u00e9s \u00e0 m\u00eame le travertin, o\u00f9 l&#039;eau jaillissait autrefois d&#039;un bassin principal et se d\u00e9versait en cascade dans des bassins successifs. La tradition locale veut que les bassins inf\u00e9rieurs soient r\u00e9serv\u00e9s aux l\u00e9gionnaires de rang, tandis que ceux situ\u00e9s plus haut sur la pente servaient aux officiers sup\u00e9rieurs. Des si\u00e8cles plus tard, ils serviront de bains de chanvre, et pourtant leurs murs de pierre t\u00e9moignent encore du savoir-faire artisanal des premiers colons.<\/p>\n<p>Le caract\u00e8re g\u00e9ologique des sources de Dudince est \u00e0 la fois complexe et b\u00e9n\u00e9fique. Les eaux sont class\u00e9es comme bicarbonat\u00e9es-chlorur\u00e9es, sodocalciques, gazeuses, sulfuriques et l\u00e9g\u00e8rement hypotoniques, et jaillissent \u00e0 une temp\u00e9rature constante de 28 \u00e0 28,5 \u00b0C. Au milieu du XVIIIe si\u00e8cle, le professeur Heinrich Johan von Crantz les cite dans son trait\u00e9 de 1777 sur les sources curatives, marquant ainsi leur premi\u00e8re inclusion officielle dans la litt\u00e9rature m\u00e9dicale europ\u00e9enne. Vers 1890, l&#039;Institut g\u00e9ographique de Vienne effectue les premi\u00e8res \u00e9tudes, suivi par des chercheurs de l&#039;Institut g\u00e9ologique des mines\u00a0; leurs travaux aboutissent \u00e0 un d\u00e9cret du 23 janvier 1894 reconnaissant officiellement les sources comme m\u00e9dicinales et classant le terrain autour de la colline de Gestenec comme zone prot\u00e9g\u00e9e. Ces d\u00e9cisions jettent les bases du d\u00e9veloppement de Dudince comme centre de cures.<\/p>\n<p>Au tournant du XXe si\u00e8cle, des entrepreneurs se sont efforc\u00e9s de tirer profit de cette appellation. En 1900, Hugo Oberndorff, propri\u00e9taire des sources, a command\u00e9 le premier bain \u00e0 ciel ouvert du r\u00e9seau thermal oriental pour son entourage\u00a0; il a ferm\u00e9 en 1935, mais a marqu\u00e9 un tournant dans la transformation de la ville. En 1907, le r\u00e9seau thermal occidental a vu son premier bain install\u00e9 par Filip Gutmann and Company, une installation sculpt\u00e9e dans le travertin au pied est des thermes. Apr\u00e8s le mandat de Gutmann, les sources sont pass\u00e9es \u00e0 partir de 1916 aux mains de Koloman Br\u00e1zzay de Budapest, qui a for\u00e9 au printemps 1918 ce qu&#039;il a appel\u00e9 le Grand puits thermal. Lorsque Br\u00e1zzay cessa de payer son loyer en 1921, il transf\u00e9ra les droits de bail restants - originaires d&#039;Oberndorff et s&#039;\u00e9tendant sur cinquante et un ans - \u00e0 J\u00falius Unterberger de \u0160ahy, qui g\u00e9ra les sources jusqu&#039;au bouleversement politique de l&#039;arbitrage de Vienne le 2 novembre 1938. Dudince restant \u00e0 l&#039;int\u00e9rieur des fronti\u00e8res slovaques et \u0160ahy tombant aux mains de la Hongrie, la trajectoire europ\u00e9enne de la ville s&#039;orienta vers les ann\u00e9es incertaines de la Seconde Guerre mondiale.<\/p>\n<p>La guerre a inflig\u00e9 des dommages consid\u00e9rables aux installations thermales, mais des travaux de restauration ont rapidement d\u00e9but\u00e9 dans l&#039;apr\u00e8s-guerre. La nationalisation de 1948 a marqu\u00e9 le d\u00e9but d&#039;une phase de constructions sur mesure. Entre 1953 et 1956, une \u00e9tude hydrog\u00e9ologique visait \u00e0 garantir un approvisionnement plus abondant en eaux curatives. Dans le groupe de sources ouest, le puits S-3 a apport\u00e9 un d\u00e9bit frais et abondant aux thermes\u00a0; de 1957 \u00e0 1958, les architectes ont construit le b\u00e2timent d&#039;entr\u00e9e en briques du complexe de piscines en plein air et ont agrandi le grand bassin, alors m\u00eame que le petit bassin connu sous le nom de Kis B\u00fad\u00f4s \u00e9tait ferm\u00e9. Une \u00e9valuation finale et compl\u00e8te, men\u00e9e par l&#039;\u00e9quipe du professeur Ota Hynie de l&#039;Universit\u00e9 Charles de Prague entre 1953 et 1958, a permis de cartographier la composition et la qualit\u00e9 de l&#039;eau, confirmant son potentiel pour de vastes applications th\u00e9rapeutiques.<\/p>\n<p>Les soins thermaux de Dudince ciblent principalement les syst\u00e8mes cardiovasculaire et musculo-squelettique, ainsi que les affections rhumatismales, l&#039;hypertension, les probl\u00e8mes dermatologiques et certaines affections gyn\u00e9cologiques et digestives. L&#039;eau min\u00e9rale chaude, riche en calcium, sodium, bicarbonate, chlorure et compos\u00e9s soufr\u00e9s, exerce des effets vasodilatateurs et favorise la stabilit\u00e9 circulatoire. De mai \u00e0 septembre, la ville ouvre une piscine publique aliment\u00e9e par ces sources min\u00e9rales, permettant aux habitants et aux visiteurs de s&#039;immerger dans une eau aux propri\u00e9t\u00e9s apaisantes et aux bienfaits mesurables pour la r\u00e9\u00e9ducation et la relaxation.<\/p>\n<p>Au-del\u00e0 de son patrimoine hydrologique, Dudince b\u00e9n\u00e9ficie de la convergence g\u00e9ographique de trois reliefs distincts\u00a0: les monts \u0160tiavnica au nord-ouest, la plaine de Krupinsk\u00e1 qui s&#039;\u00e9l\u00e8ve doucement au nord-est et la plaine du Danube qui s&#039;\u00e9tend au sud. La \u0160tiavnica traverse la ville, lui conf\u00e9rant une pr\u00e9sence calme et rythm\u00e9e qui anime \u00e0 la fois Star\u00e9 Dudince, le village d&#039;origine sur la rive droite, et Nov\u00e9 Dudince, qui s&#039;est d\u00e9velopp\u00e9 autour de la voie ferr\u00e9e \u00e0 l&#039;ouest. Derri\u00e8re les voies se trouve Merovce, un ancien village ind\u00e9pendant annex\u00e9 en 1960\u00a0; il conserve sa propre \u00e9glise catholique romaine Notre-Dame-de-la-Paix, \u00e9rig\u00e9e en 1994, et une \u00e9glise \u00e9vang\u00e9lique datant de 1996.<\/p>\n<p>La ville est \u00e0 la fois compacte et fonctionnelle. Star\u00e9 Dudince se regroupe le long de la route principale, offrant un aper\u00e7u des habitations vernaculaires en pierre et en stuc, clin d&#039;\u0153il \u00e0 l&#039;histoire m\u00e9di\u00e9vale. Nov\u00e9 Dudince s&#039;\u00e9tend entre le ruisseau et la ligne de chemin de fer Zvolen\u2013\u010cata, ses constructions plus r\u00e9centes refl\u00e9tant les avanc\u00e9es du XXe si\u00e8cle en mati\u00e8re d&#039;urbanisme thermal. Merovce, autrefois un hameau isol\u00e9, fusionne aujourd&#039;hui avec la limite municipale de Dudince, ses deux \u00e9glises modernes desservant une petite mais d\u00e9vou\u00e9e congr\u00e9gation.<\/p>\n<p>Les liaisons de transport renforcent l&#039;accessibilit\u00e9 de Dudince. Les autoroutes I\/66 et E77 traversent la ville, acheminant le trafic r\u00e9gional vers la Hongrie et la Slovaquie centrale. Le projet pr\u00e9voit que la voie express R3 contournera la p\u00e9riph\u00e9rie de la ville, d\u00e9tournant ainsi le trafic de transit et reliant la R7 pour former un corridor \u00e0 grande vitesse. Le service ferroviaire sur la ligne Zvolen\u2013\u010cata offre une alternative tranquille aux autoroutes, avec des arr\u00eats \u00e0 la gare de la ville assurant un flux constant de voyageurs. L&#039;interaction entre la route et le rail soutient \u00e0 la fois l&#039;\u00e9conomie locale et l&#039;afflux de curistes.<\/p>\n<p>Sur le plan d\u00e9mographique, Dudince a conserv\u00e9 une population remarquablement stable. Le recensement de 2001 a recens\u00e9 1\u00a0500 habitants, dont 95,67\u00a0% s&#039;identifiaient comme Slovaques, 3,53\u00a0% comme Hongrois et 0,20\u00a0% comme Roms. L&#039;appartenance religieuse \u00e9tait plut\u00f4t catholique (55,67\u00a0%), les luth\u00e9riens (28,93\u00a0%) et les personnes sans appartenance religieuse (11,27\u00a0%). Bien que la taille de la ville exclue le dynamisme statistique des grands centres, ces chiffres soulignent une communaut\u00e9 caract\u00e9ris\u00e9e par une relative homog\u00e9n\u00e9it\u00e9 et une pratique religieuse traditionnelle.<\/p>\n<p>Climatologiquement, Dudince fait partie des zones les plus froides de Slovaquie, et pourtant, paradoxalement, elle b\u00e9n\u00e9ficie du plus grand nombre de jours ensoleill\u00e9s par an du pays. Selon la classification climatique suisse, son atmosph\u00e8re exerce une influence s\u00e9dative et apaisante, la rendant particuli\u00e8rement propice \u00e0 la convalescence et \u00e0 la r\u00e9\u00e9ducation en douceur. L&#039;absence d&#039;\u00e9missions industrielles, gr\u00e2ce \u00e0 son environnement isol\u00e9 et bois\u00e9, et la protection des collines environnantes cr\u00e9ent un environnement d&#039;une puret\u00e9 de l&#039;air exceptionnelle.<\/p>\n<p>La juxtaposition du paysage urbain compact de Dudince avec ses vignobles vallonn\u00e9s et ses sommets lointains invite \u00e0 de nombreuses excursions. On peut emprunter la route jusqu&#039;\u00e0 Bansk\u00e1 \u0160tiavnica, dont l&#039;architecture mini\u00e8re, minutieusement pr\u00e9serv\u00e9e, m\u00e9rite d&#039;\u00eatre inscrite au patrimoine mondial de l&#039;UNESCO. Zvolen est facilement accessible, son ch\u00e2teau de St Anton, datant du XIIIe si\u00e8cle, abritant un petit mus\u00e9e de la chasse. \u00c0 l&#039;est, \u0160ia et Brhlovce offrent le curieux spectacle d&#039;habitations troglodytes creus\u00e9es dans des falaises de gr\u00e8s. Les voyageurs les plus ambitieux entreprennent des excursions d&#039;une journ\u00e9e \u00e0 Vienne ou \u00e0 Budapest, traversant les fronti\u00e8res nationales en moins de deux heures\u00a0; d&#039;autres s&#039;aventurent plus au nord dans les Basses et Hautes Tatras, le c\u0153ur alpin de la Slovaquie.<\/p>\n<p>Plus pr\u00e8s de chez vous, des visites de d\u00e9gustation de vins \u00e0 Rykyn\u010dice se d\u00e9roulent au c\u0153ur des ruelles bord\u00e9es de caves, accompagn\u00e9es de programmes culturels mettant en valeur les traditions folkloriques r\u00e9gionales. Les amateurs de diversit\u00e9 thermale pourront se rendre \u00e0 Podh\u00e1jska, o\u00f9 un complexe thermal ouvert toute l&#039;ann\u00e9e compl\u00e8te la piscine saisonni\u00e8re de Dudince. Ces excursions permettent aux visiteurs d&#039;entrevoir l&#039;\u00e9tendue des richesses culturelles, naturelles et historiques qui se trouvent dans ce coin d&#039;Europe centrale.<\/p>\n<p>Des \u00e9v\u00e9nements sportifs ont jalonn\u00e9 l&#039;histoire r\u00e9cente de Dudince, notamment la Coupe d&#039;Europe de marche athl\u00e9tique 2013. Cette comp\u00e9tition a attir\u00e9 des athl\u00e8tes d&#039;\u00e9lite venus de tout le continent, qui ont parcouru un parcours serpentant \u00e0 travers les avenues de la ville, longeant les fa\u00e7ades des h\u00f4tels thermaux et les rives de la \u0160tiavnica. Cet \u00e9v\u00e9nement a soulign\u00e9 la capacit\u00e9 de Dudince \u00e0 accueillir des rassemblements internationaux, tirant parti de ses infrastructures d&#039;h\u00e9bergement et de son cadre paisible pour accueillir concurrents et spectateurs.<\/p>\n<p>Malgr\u00e9 sa taille modeste, Dudince cultive depuis longtemps une identit\u00e9 qui transcende sa d\u00e9mographie. La r\u00e9gion viticole de Stredoslovenska l&#039;inscrit dans une tradition viticole remontant au Moyen \u00c2ge, tandis que les terrasses de travertin et les sources thermales t\u00e9moignent d&#039;un pass\u00e9 g\u00e9ologique plus profond. La superposition des empreintes romaines, des sch\u00e9mas d&#039;implantation m\u00e9di\u00e9vaux, des relev\u00e9s scientifiques du XIXe si\u00e8cle et du d\u00e9veloppement men\u00e9 par l&#039;\u00c9tat au XXe si\u00e8cle a donn\u00e9 naissance \u00e0 une ville au caract\u00e8re \u00e0 la fois singulier et repr\u00e9sentatif de la culture thermale d&#039;Europe centrale.<\/p>\n<p>En se promenant le long de la promenade principale, on d\u00e9couvre des h\u00f4tels spa dont les fa\u00e7ades m\u00ealent ornementation du d\u00e9but du XXe si\u00e8cle et aust\u00e8res extensions d&#039;apr\u00e8s-guerre. Le dallage, en pierre locale, fait \u00e9cho au travertin sous-jacent aux sources. Des bancs en bois, ombrag\u00e9s par des tilleuls et des acacias, invitent \u00e0 la m\u00e9ditation\u00a0; leurs surfaces us\u00e9es portent les marques de g\u00e9n\u00e9rations de visiteurs s&#039;arr\u00eatant entre deux soins. Des m\u00e9decins thermaux, v\u00eatus de blouses blanches, consultent leurs patients dans des cabinets lumineux, prescrivant bains, enveloppements et exercices doux. De l&#039;autre c\u00f4t\u00e9 de la rivi\u00e8re, les vignes grimpent sur les pentes inf\u00e9rieures, leurs rang\u00e9es de vignes s&#039;orientant vers le soleil avec une patiente r\u00e9gularit\u00e9.<\/p>\n<p>\u00c0 Star\u00e9 Dudince, les petites boulangeries embaument le seigle et le carvi\u00a0; les caf\u00e9s servent un caf\u00e9 noir et doux-amer dans des tasses en porcelaine. Nov\u00e9 Dudince, en revanche, para\u00eet plus \u00e9pur\u00e9, ses immeubles rectangulaires et ses b\u00e2timents de services thermaux \u00e9tant dispos\u00e9s avec une pr\u00e9cision fonctionnelle. On y per\u00e7oit l&#039;empreinte de l&#039;urbanisme de l&#039;\u00e9poque socialiste, m\u00eal\u00e9e aux besoins d&#039;une station thermale\u00a0: les salles de soins bordent des couloirs rectilignes et de larges fen\u00eatres offrent des aper\u00e7us des montagnes au loin. Merovce, bien que plus calme, d\u00e9gage un charme champ\u00eatre\u00a0: les enfants jouent dans les all\u00e9es bord\u00e9es d&#039;herbe, sous les fl\u00e8ches de ses deux \u00e9glises modernes, dont les clochers dominent des jardins soign\u00e9s.<\/p>\n<p>En hiver, lorsque la neige recouvre les collines et que l&#039;air se cristallise, la chaleur de l&#039;eau min\u00e9rale est d&#039;autant plus invitante. La vapeur s&#039;\u00e9l\u00e8ve des bassins en plein air, flottant sur les baigneurs comme des volutes spectrales, et \u00e0 l&#039;aube fra\u00eeche, les premiers rayons du soleil dorent les vignobles environnants. M\u00eame hors saison, Dudince conserve une vitalit\u00e9 discr\u00e8te\u00a0: les caf\u00e9s locaux servent des infusions chaudes, les r\u00e9sidents \u00e2g\u00e9s se rassemblent sur la place pour \u00e9changer des nouvelles, et quelques visiteurs courageux participent \u00e0 des cures individuelles, sirotant de l&#039;eau en bouteille \u00e0 intervalles r\u00e9guliers.<\/p>\n<p>\u00c0 l&#039;avenir, l&#039;ach\u00e8vement des voies rapides R3 et R7 promet de red\u00e9finir les connexions de Dudince avec Bratislava, Budapest et au-del\u00e0. Le trafic de transit diminuera au centre-ville, am\u00e9liorant la qualit\u00e9 de l&#039;air et apaisant les rues, tandis que de nouveaux carrefours pourraient stimuler une croissance \u00e9conomique modeste. Cependant, le d\u00e9fi consistera \u00e0 pr\u00e9server le fragile \u00e9quilibre entre s\u00e9r\u00e9nit\u00e9 et services de la ville, en veillant \u00e0 ce que sa raison d&#039;\u00eatre \u2013 le r\u00e9pit th\u00e9rapeutique \u2013 reste primordiale dans un contexte de transformation des infrastructures.<\/p>\n<p>Tout au long de ses plus de sept si\u00e8cles d&#039;histoire document\u00e9e, Dudince a travers\u00e9 des fronti\u00e8res politiques, des r\u00e9gimes \u00e9conomiques et des paradigmes scientifiques changeants. De Dyud en 1284 \u00e0 la station thermale actuelle, son identit\u00e9 a \u00e9t\u00e9 forg\u00e9e par l&#039;eau jaillissant des profondeurs, par le calcaire accumul\u00e9 sur les anciens lits de rivi\u00e8res et par l&#039;ing\u00e9niosit\u00e9 humaine qui a su reconna\u00eetre le potentiel th\u00e9rapeutique des richesses naturelles. L&#039;h\u00e9ritage du professeur von Crantz, d&#039;Oberndorff et de Gutmann, de Br\u00e1zzay et d&#039;Unterberger demeure grav\u00e9 dans les murs de pierre des thermes, dans les d\u00e9crets prot\u00e9geant les coteaux aliment\u00e9s par des sources et dans l&#039;attrait persistant des eaux min\u00e9rales de Dudince.<\/p>\n<p>En fin de compte, Dudince se pr\u00e9sente comme un microcosme de la culture thermale d&#039;Europe centrale, o\u00f9 les hasards g\u00e9ologiques se m\u00ealent aux al\u00e9as historiques et o\u00f9 une communaut\u00e9 compacte pr\u00e9serve des traditions d&#039;hospitalit\u00e9 et de gu\u00e9rison. Sa faible population dissimule l&#039;ampleur de sa contribution au tourisme de sant\u00e9 et son r\u00f4le dans le r\u00e9cit europ\u00e9en du voyage th\u00e9rapeutique. Pour ceux qui recherchent un lieu o\u00f9 le rythme de la nature \u2013 rivi\u00e8re, vigne, vapeur \u2013 rythme le quotidien, Dudince offre une rencontre avec des rem\u00e8des traditionnels et une exp\u00e9rience immersive du lieu qui transcende l&#039;ordinaire.<\/p>","protected":false},"excerpt":{"rendered":"<p>Dudince, dans le sud de la Slovaquie, incarne l&#039;h\u00e9ritage culturel et la beaut\u00e9 naturelle du pays. Avec seulement 1\u00a0400 habitants, cette petite station thermale est connue comme la plus petite ville de Slovaquie. Malgr\u00e9 sa petite taille, Dudince est un refuge pris\u00e9 des personnes en qu\u00eate de d\u00e9tente et de ressourcement gr\u00e2ce \u00e0 son eau min\u00e9rale exceptionnelle, ses sources chaudes m\u00e9dicinales et ses spas de premier ordre.<\/p>","protected":false},"author":1,"featured_media":17590,"parent":13300,"menu_order":0,"comment_status":"closed","ping_status":"closed","template":"elementor_theme","meta":{"_eb_attr":"","footnotes":""},"class_list":["post-17244","page","type-page","status-publish","has-post-thumbnail"],"_links":{"self":[{"href":"https:\/\/travelshelper.com\/fr\/wp-json\/wp\/v2\/pages\/17244","targetHints":{"allow":["GET"]}}],"collection":[{"href":"https:\/\/travelshelper.com\/fr\/wp-json\/wp\/v2\/pages"}],"about":[{"href":"https:\/\/travelshelper.com\/fr\/wp-json\/wp\/v2\/types\/page"}],"author":[{"embeddable":true,"href":"https:\/\/travelshelper.com\/fr\/wp-json\/wp\/v2\/users\/1"}],"replies":[{"embeddable":true,"href":"https:\/\/travelshelper.com\/fr\/wp-json\/wp\/v2\/comments?post=17244"}],"version-history":[{"count":0,"href":"https:\/\/travelshelper.com\/fr\/wp-json\/wp\/v2\/pages\/17244\/revisions"}],"up":[{"embeddable":true,"href":"https:\/\/travelshelper.com\/fr\/wp-json\/wp\/v2\/pages\/13300"}],"wp:featuredmedia":[{"embeddable":true,"href":"https:\/\/travelshelper.com\/fr\/wp-json\/wp\/v2\/media\/17590"}],"wp:attachment":[{"href":"https:\/\/travelshelper.com\/fr\/wp-json\/wp\/v2\/media?parent=17244"}],"curies":[{"name":"wp","href":"https:\/\/api.w.org\/{rel}","templated":true}]}}