{"id":17238,"date":"2024-09-25T23:14:21","date_gmt":"2024-09-25T23:14:21","guid":{"rendered":"https:\/\/travelshelper.com\/staging\/?page_id=17238"},"modified":"2026-03-12T22:35:10","modified_gmt":"2026-03-12T22:35:10","slug":"bojnice","status":"publish","type":"page","link":"https:\/\/travelshelper.com\/fr\/destinations\/europe\/slovakia\/bojnice\/","title":{"rendered":"Bojnice"},"content":{"rendered":"<p>Bojnice, ville d&#039;environ 5\u00a0000 habitants, occupe une position strat\u00e9gique dans l&#039;est de la Slovaquie, le long de la rivi\u00e8re Nitra, juste en dessous du ch\u00e2teau m\u00e9di\u00e9val de Bojnice. Nich\u00e9e dans la haute vall\u00e9e de la Nitra, au pied des monts Str\u00e1\u017eov, elle partage un r\u00e9seau de transports en commun avec la ville voisine de Prievidza et se trouve \u00e0 environ 60 kilom\u00e8tres au sud de \u017dilina et 65 kilom\u00e8tres \u00e0 l&#039;est de Tren\u010d\u00edn.<\/p>\n<p>L&#039;histoire de Bojnice commence aux confins de la pr\u00e9histoire, o\u00f9 la chaleur curative de ses sources thermales attira l&#039;attention des hommes pour la premi\u00e8re fois lors de la p\u00e9riode glaciaire de Riss-W\u00fcrm, il y a environ 100\u00a0000 ans. Des restes fossilis\u00e9s de mammif\u00e8res du Pl\u00e9istoc\u00e8ne, incrust\u00e9s dans des d\u00e9p\u00f4ts de travertin, t\u00e9moignent \u00e0 la fois de la richesse de la faune locale et de la pr\u00e9sence de groupes humains en qu\u00eate de nourriture et d&#039;abri. Dans les recoins caverneux de l&#039;actuelle grotte de Prepo\u0161tsk\u00e1, des artefacts en pierre \u2013 grattoirs, pointes et forets \u2013 t\u00e9moignent d&#039;une occupation n\u00e9andertalienne \u00e0 l&#039;\u00e9poque levalloise-moust\u00e9rienne, entre 70\u00a0000 et 40\u00a0000 av. J.-C. Des traces fragmentaires du Pal\u00e9olithique inf\u00e9rieur et du N\u00e9olithique c\u00e8dent la place \u00e0 des signes plus substantiels d&#039;une occupation permanente par la culture de Hallstatt \u00e0 partir du VIIIe si\u00e8cle av. J.-C.<\/p>\n<p>Sur l&#039;affleurement de travertin qui allait devenir la colline du ch\u00e2teau, les communaut\u00e9s de la culture de P\u00fachov \u00e9rig\u00e8rent leurs premi\u00e8res fortifications au tournant du premier mill\u00e9naire avant J.-C. Plus tard, les colons slaves transform\u00e8rent ce promontoire en un centre d&#039;artisanat, de commerce et de d\u00e9fense, laissant derri\u00e8re eux des outils en fer et des tessons de c\u00e9ramique caract\u00e9ristiques. La continuit\u00e9 du peuplement perdure depuis le IXe si\u00e8cle, lorsque le sommet fortifi\u00e9 assuma durablement son r\u00f4le de c\u0153ur de l&#039;autorit\u00e9 r\u00e9gionale.<\/p>\n<p>La premi\u00e8re mention \u00e9crite de Bojnice remonte \u00e0 1113, lorsque les documents de Zobor mentionnent \u00ab\u00a0de suburbanis Baimoz\u00a0\u00bb comme le faubourg situ\u00e9 sous le ch\u00e2teau. Cette charte mentionne \u00e9galement un presbyt\u00e8re\u00a0; une \u00e9glise appara\u00eet dans les documents existants d\u00e8s 1244, confirmant le statut de Bojnice comme centre de la vie religieuse dans la Haute-Nitra. En 1366, le roi Louis Ier de Hongrie accorda \u00e0 la ville des privil\u00e8ges, notamment le droit d&#039;exploiter un abattoir, un moulin, des thermes et des foires r\u00e9guli\u00e8res, jetant ainsi les bases d&#039;une croissance \u00e9conomique fond\u00e9e sur le commerce et l&#039;artisanat sp\u00e9cialis\u00e9.<\/p>\n<p>La fin du Moyen \u00c2ge apporta un p\u00e9ril militaire \u00e0 la fronti\u00e8re des Carpates, incitant les familles Turz, puis P\u00e1lffy, \u00e0 superviser la construction de remparts autour du ch\u00e2teau et de la ville. En 1663, ce rempart fut achev\u00e9, renfor\u00e7ant le r\u00f4le de Bojnice comme bastion sur la Magna via, la voie royale reliant Vienne \u00e0 la Transylvanie. De 1613 \u00e0 1823, Bojnice fut l&#039;un des relais postaux essentiels de la monarchie des Habsbourg, facilitant le transport du sel, du fer et des m\u00e9taux pr\u00e9cieux \u00e0 travers l&#039;Europe centrale. L&#039;empereur Ferdinand III r\u00e9tablit les privil\u00e8ges urbains en 1647, r\u00e9affirmant ainsi l&#039;autonomie civique de la ville.<\/p>\n<p>Les guildes, reflet de la complexit\u00e9 de l&#039;\u00e9conomie de Bojnice, apparurent d\u00e8s le milieu du XVIIe si\u00e8cle. Des documents datant de 1653 font \u00e9tat de la pr\u00e9sence de cordonniers, de ma\u00e7ons, de bottiers, de tailleurs, de tisserands, de teinturiers, de fourreurs et de tonneliers. La gouvernance municipale \u00e9tait assur\u00e9e par un maire et douze s\u00e9nateurs, assist\u00e9s d&#039;un notaire et d&#039;un hajd\u00fach, dont les instruments de contr\u00f4le \u2013 un pilori et une prison municipale \u2013 \u00e9taient \u00e9rig\u00e9s sur la place principale. Bojnice conserva son r\u00f4le de centre \u00e9conomique, administratif et militaire de la r\u00e9gion jusqu&#039;en 1872, date \u00e0 laquelle la ville voisine de Prievidza assuma progressivement ces fonctions au d\u00e9but du XXe si\u00e8cle.<\/p>\n<p>Au c\u0153ur de l&#039;attrait durable de Bojnice se trouve le ch\u00e2teau lui-m\u00eame, mentionn\u00e9 pour la premi\u00e8re fois en 1113 comme un fort en bois. Au fil des si\u00e8cles, les propri\u00e9taires successifs ont remplac\u00e9 les palissades de bois par d&#039;imposants murs et tours de pierre. Au XXe si\u00e8cle, la famille P\u00e1lffy, guid\u00e9e par une sensibilit\u00e9 romantique, a remodel\u00e9 le complexe pour lui donner sa forme actuelle, digne d&#039;un conte de f\u00e9es, avec ses tourelles \u00e9lanc\u00e9es, ses arcades orn\u00e9es et sa silhouette perch\u00e9e sur un rocher de travertin qui dissimule une grotte naturelle. Aujourd&#039;hui, le ch\u00e2teau abrite un mus\u00e9e national, dont les galeries conservent des objets et des \u0153uvres d&#039;art retra\u00e7ant l&#039;histoire de la r\u00e9gion. Des cin\u00e9astes ont r\u00e9guli\u00e8rement utilis\u00e9 ses espaces \u00e9vocateurs, et chaque printemps, la cour accueille le Festival international des fant\u00f4mes et des esprits, au cours duquel les visiteurs munis d&#039;un billet \u2013 factur\u00e9 environ 150 couronnes slovaques \u2013 assistent \u00e0 une reconstitution th\u00e9\u00e2trale de l\u00e9gendes spectrales inspir\u00e9es des traditions locales. Le calendrier du ch\u00e2teau comprend \u00e9galement des \u00e9v\u00e9nements saisonniers tels qu&#039;un programme de ch\u00e2teau de conte de f\u00e9es, une c\u00e9l\u00e9bration du week-end de la Saint-Valentin et un \u00e9v\u00e9nement de No\u00ebl au ch\u00e2teau.<\/p>\n<p>Les sources thermales, qui attiraient autrefois les chasseurs pr\u00e9historiques, continuent de faire de Bojnice l&#039;une des plus anciennes stations thermales de Slovaquie. Mentionn\u00e9es pour la premi\u00e8re fois en 1549, les eaux curatives jaillissent de 1\u00a0200 \u00e0 1\u00a0500 m\u00e8tres de profondeur, \u00e0 des temp\u00e9ratures comprises entre 28 et 52 \u00b0C, de neuf puits qui d\u00e9versent ensemble environ 40 litres par seconde. Des installations thermales modernes accueillent les patients souffrant de troubles de l&#039;appareil locomoteur, de rhumatismes, de s\u00e9quelles post-traumatiques et orthop\u00e9diques chez les adolescents, d&#039;affections neurologiques et de maladies professionnelles. Au c\u0153ur de l&#039;\u00e9t\u00e9, des piscines ext\u00e9rieures, compos\u00e9es de trois bassins, offrent aux visiteurs un r\u00e9pit contre la chaleur, alliant tradition th\u00e9rapeutique et loisirs.<\/p>\n<p>En 1955, la cr\u00e9ation du zoo de Bojnice a enrichi l&#039;offre culturelle et scientifique de la ville. En 2006, il abritait plus de 1\u00a0800 animaux repr\u00e9sentant 355 esp\u00e8ces. Ses enclos, nich\u00e9s dans un parc paysager abritant des sp\u00e9cimens arboricoles du monde entier, permettent d&#039;observer de pr\u00e8s 75 esp\u00e8ces de mammif\u00e8res, 138 taxons d&#039;oiseaux, 86 esp\u00e8ces de poissons et 47 vari\u00e9t\u00e9s de reptiles. Des attractions destin\u00e9es aux jeunes, allant des expositions \u00e9ducatives aux aires de jeux interactives, permettent aux enfants de s&#039;immerger pleinement dans les processus de conservation et d&#039;histoire naturelle.<\/p>\n<p>Les instantan\u00e9s d\u00e9mographiques refl\u00e8tent une population largement homog\u00e8ne\u00a0: le recensement de 2001 a recens\u00e9 5\u00a0006\u00a0r\u00e9sidents, dont 97,06\u00a0% s&#039;identifiaient comme Slovaques, 0,68\u00a0% comme Tch\u00e8ques et 0,24\u00a0% comme Allemands (Allemands des Carpates). L&#039;appartenance religieuse \u00e9tait domin\u00e9e par les catholiques romains (74,55\u00a0%), 19\u00a0% d\u00e9clarant n&#039;avoir aucune appartenance religieuse et environ 2\u00a0% adh\u00e9rant au luth\u00e9ranisme.<\/p>\n<p>Tout au long du XXe si\u00e8cle, Bojnice a su tirer parti de sa richesse historique, de ses ressources thermales et de son zoo pour s&#039;imposer comme une destination de choix pour les visiteurs de toute la Slovaquie et d&#039;ailleurs. Des \u00e9v\u00e9nements culturels et sportifs annuels attirent les foules dans le centre-ville compact, o\u00f9 le trac\u00e9 des rues m\u00e9di\u00e9vales et l&#039;architecture patrimoniale \u00e9voquent les multiples facettes de l&#039;activit\u00e9 humaine. Que l&#039;on recherche un approfondissement de l&#039;arch\u00e9ologie pr\u00e9historique, la contemplation dans les salles du ch\u00e2teau, une cure thermale ou le simple plaisir d&#039;observer une faune exotique, Bojnice comble le voyageur \u00e0 chaque instant.<\/p>\n<p>En toute saison, la ville offre une synth\u00e8se d&#039;histoire, de science et de sant\u00e9, convergeant vers un point unique o\u00f9 les vapeurs thermales s&#039;\u00e9l\u00e8vent sur fond de tours gothiques et o\u00f9 les \u00e9chos des diligences postales lointaines r\u00e9sonnent sous les arcades de pierre. Son caract\u00e8re durable ne r\u00e9sulte pas d&#039;un spectacle de masse, mais de la dignit\u00e9 tranquille d&#039;un peuplement ininterrompu, du flux continu de sources min\u00e9rales chaudes et de la pr\u00e9servation de traditions mill\u00e9naires. Bojnice t\u00e9moigne de la capacit\u00e9 d&#039;une petite communaut\u00e9 \u2013 d&#039;\u00e0 peine cinq mille \u00e2mes \u2013 \u00e0 pr\u00e9server un h\u00e9ritage qui relie les habitants des grottes du Pal\u00e9olithique, les clercs m\u00e9di\u00e9vaux, les ing\u00e9nieurs militaires des Lumi\u00e8res et les conservateurs contemporains du patrimoine naturel et culturel. Son histoire reste aussi vivante aujourd&#039;hui qu&#039;elle l&#039;\u00e9tait \u00e0 l&#039;\u00e9poque o\u00f9 les premiers silex furent frapp\u00e9s dans la roche pr\u00e9historique, invitant \u00e0 la r\u00e9flexion sur la continuit\u00e9 de la pr\u00e9sence humaine dans ce coin d&#039;Europe centrale.<\/p>","protected":false},"excerpt":{"rendered":"<p>Nich\u00e9e dans la pittoresque vall\u00e9e sup\u00e9rieure de la Nitra, \u00e0 l&#039;est de la Slovaquie, Bojnice t\u00e9moigne de la richesse de l&#039;histoire et de la culture europ\u00e9ennes. Cette charmante ville d&#039;environ 5\u00a0000 habitants se situe juste en contrebas de l&#039;embl\u00e9matique ch\u00e2teau de Bojnice et \u00e0 proximit\u00e9 de la ville de Prievidza. Bojnice, nich\u00e9e au pied des monts Str\u00e1\u017eov, est devenue l&#039;une des destinations touristiques les plus pris\u00e9es de Slovaquie et l&#039;une des plus anciennes stations thermales, gr\u00e2ce \u00e0 sa situation strat\u00e9gique.<\/p>","protected":false},"author":1,"featured_media":17502,"parent":13300,"menu_order":0,"comment_status":"closed","ping_status":"closed","template":"elementor_theme","meta":{"_eb_attr":"","footnotes":""},"class_list":["post-17238","page","type-page","status-publish","has-post-thumbnail"],"_links":{"self":[{"href":"https:\/\/travelshelper.com\/fr\/wp-json\/wp\/v2\/pages\/17238","targetHints":{"allow":["GET"]}}],"collection":[{"href":"https:\/\/travelshelper.com\/fr\/wp-json\/wp\/v2\/pages"}],"about":[{"href":"https:\/\/travelshelper.com\/fr\/wp-json\/wp\/v2\/types\/page"}],"author":[{"embeddable":true,"href":"https:\/\/travelshelper.com\/fr\/wp-json\/wp\/v2\/users\/1"}],"replies":[{"embeddable":true,"href":"https:\/\/travelshelper.com\/fr\/wp-json\/wp\/v2\/comments?post=17238"}],"version-history":[{"count":0,"href":"https:\/\/travelshelper.com\/fr\/wp-json\/wp\/v2\/pages\/17238\/revisions"}],"up":[{"embeddable":true,"href":"https:\/\/travelshelper.com\/fr\/wp-json\/wp\/v2\/pages\/13300"}],"wp:featuredmedia":[{"embeddable":true,"href":"https:\/\/travelshelper.com\/fr\/wp-json\/wp\/v2\/media\/17502"}],"wp:attachment":[{"href":"https:\/\/travelshelper.com\/fr\/wp-json\/wp\/v2\/media?parent=17238"}],"curies":[{"name":"wp","href":"https:\/\/api.w.org\/{rel}","templated":true}]}}