{"id":17002,"date":"2024-09-25T11:16:38","date_gmt":"2024-09-25T11:16:38","guid":{"rendered":"https:\/\/travelshelper.com\/staging\/?page_id=17002"},"modified":"2026-03-12T19:44:11","modified_gmt":"2026-03-12T19:44:11","slug":"pedras-salgadas","status":"publish","type":"page","link":"https:\/\/travelshelper.com\/fr\/destinations\/europe\/portugal\/pedras-salgadas\/","title":{"rendered":"Pedras Salgadas"},"content":{"rendered":"<p>Pedras Salgadas surgit des profondeurs du nord du Portugal, lieu o\u00f9 la lente alchimie de la terre rencontre l&#039;ing\u00e9niosit\u00e9 humaine. Situ\u00e9e sur un plateau isol\u00e9 \u00e0 1\u00a0263 m\u00e8tres d&#039;altitude et s&#039;\u00e9tendant sur vingt hectares ponctu\u00e9s de huit kilom\u00e8tres de sentiers sinueux, elle se trouve \u00e0 seulement une heure et dix minutes de route de Porto, tout en paraissant \u00e9trangement d\u00e9tach\u00e9e du rythme de la vie urbaine. Ici, dans une r\u00e9gion r\u00e9put\u00e9e pour son air pur et ses panoramas panoramiques, un h\u00e9ritage n\u00e9 au XIXe si\u00e8cle se d\u00e9voile \u00e0 travers un spa moderne, un parc naturel et une marque d&#039;eau min\u00e9rale dont l&#039;effervescence a acquis une renomm\u00e9e mondiale. Pedras Salgadas n&#039;est pas une simple destination\u00a0; c&#039;est un t\u00e9moignage durable de la synergie r\u00e9paratrice entre h\u00e9ritage et innovation, o\u00f9 le temps lui-m\u00eame devient un ingr\u00e9dient du bien-\u00eatre.<\/p>\n<p>D\u00e8s l&#039;entr\u00e9e du parc, le terrain, drap\u00e9 de ch\u00eanes et de ch\u00e2taigniers, \u00e9voque un sentiment de recueillement. Des sentiers serpentent doucement entre des b\u00e2timents restaur\u00e9s du XIXe si\u00e8cle et des h\u00e9bergements contemporains et \u00e9co-responsables, invitant les visiteurs \u00e0 un univers de calme mesur\u00e9. La conception m\u00eame des h\u00e9bergements t\u00e9moigne d&#039;un profond respect du lieu. Les seize maisons \u00e9cologiques, en ardoise et en bois local, se fondent dans le sol forestier, offrant chacune une vue discr\u00e8te sur la for\u00eat environnante. Certaines de ces structures peuvent accueillir jusqu&#039;\u00e0 six personnes, ce qui les rend id\u00e9ales pour les familles ou les petits s\u00e9minaires d&#039;entreprise, tandis que les cabanes dans les arbres de Lu\u00eds Rebelo de Andrade se perchent au milieu des branches, un hommage \u00e0 l&#039;imaginaire enfantin sublim\u00e9 par une exactitude architecturale. Chaque poutre, chaque vitre refl\u00e8te un choix intentionnel\u00a0: respecter le caract\u00e8re du terrain plut\u00f4t que de s&#039;y imposer.<\/p>\n<p>Au c\u0153ur de ce royaume arbor\u00e9 se dresse le Spa Thermal, un pavillon r\u00e9imagin\u00e9 par \u00c1lvaro Siza Vieira, qui fait le lien entre le XIXe si\u00e8cle et le pr\u00e9sent. Ici, l&#039;eau jaillit de la source m\u00eame qui a donn\u00e9 son nom \u00e0 Pedras Salgadas, riche en calcium, magn\u00e9sium, bicarbonate et une multitude d&#039;oligo-\u00e9l\u00e9ments absorb\u00e9s au cours de d\u00e9cennies de passage souterrain. En filtrant \u00e0 travers les fissures granitiques jusqu&#039;\u00e0 des profondeurs atteignant mille m\u00e8tres, la pluie acquiert \u00e0 la fois son tr\u00e9sor min\u00e9ral et son effervescence naturelle. \u00c0 sa remont\u00e9e, chaque goutte porte l&#039;empreinte du temps et de la pression g\u00e9ologiques, offrant aux baigneurs une s\u00e9rie d&#039;exp\u00e9riences th\u00e9rapeutiques \u2013 des alc\u00f4ves d&#039;hydromassage aux douches Vichy en passant par les enveloppements thermaux \u2013 chacune calibr\u00e9e pour apaiser les muscles et apaiser l&#039;esprit. Piscines int\u00e9rieures, saunas et hammams compl\u00e8tent un parcours qui t\u00e9moigne autant des racines ancestrales de la culture thermale que de la pr\u00e9cision des sciences du bien-\u00eatre contemporaines.<\/p>\n<p>Mais Pedras Salgadas ne se limite pas \u00e0 un repos passif. La canop\u00e9e foresti\u00e8re c\u00e8de la place \u00e0 un r\u00e9seau de sentiers o\u00f9 randonn\u00e9es p\u00e9destres et cyclistes s&#039;entrem\u00ealent, guidant les explorateurs vers des sources cach\u00e9es et des points de vue panoramiques. Des installations d&#039;escalade, con\u00e7ues pour d\u00e9fier les grimpeurs tout en s&#039;harmonisant avec la v\u00e9g\u00e9tation, c\u00f4toient un court de tennis et un centre \u00e9questre r\u00e9put\u00e9 pour ses \u00e9curies et ses man\u00e8ges. Les enfants trouvent leur propre refuge dans une aire de jeux ext\u00e9rieure et un club enfants d\u00e9di\u00e9, tandis qu&#039;un complexe de deux piscines, avec des espaces s\u00e9par\u00e9s pour les adultes et les jeunes, invite \u00e0 des moments de rire partag\u00e9s \u00e0 ciel ouvert. La curiosit\u00e9 culturelle trouve son expression au Pedras Experience Museum, une exposition interactive qui retrace le parcours souterrain de l&#039;eau, l&#039;\u00e9volution du parc et les rituels de sant\u00e9 qui attirent les p\u00e8lerins depuis plus de 150 ans.<\/p>\n<p>Les repas au Casa de Ch\u00e1 \u2013 Restaurante mettent en avant l&#039;importance des ingr\u00e9dients r\u00e9gionaux et une pr\u00e9sentation soign\u00e9e. Au Bar Avelames, les soir\u00e9es peuvent se d\u00e9rouler autour d&#039;une partie de billard ou de baby-foot, d&#039;une projection de film en toute tranquillit\u00e9 ou simplement du murmure des conversations \u00e0 la lueur des lanternes. Les r\u00e9unions d&#039;affaires comme les f\u00eates de famille se d\u00e9roulent dans des espaces modulables pouvant accueillir de vingt-cinq \u00e0 trois cent cinquante convives, avec un support audiovisuel et un service traiteur sur mesure. Pour favoriser l&#039;interaction directe, les r\u00e9servations effectu\u00e9es via les canaux officiels incluent le parking, le petit-d\u00e9jeuner et le Wi-Fi, un clin d&#039;\u0153il aux besoins du voyageur contemporain et un rappel que le luxe r\u00e9side souvent dans l&#039;harmonie des petits conforts.<\/p>\n<p>Ce souci du d\u00e9tail r\u00e9sonne dans les voix de ceux qui ont parcouru ces sentiers. Les avis clients v\u00e9rifi\u00e9s affichent une moyenne de 8,6 sur 10 sur sept cent vingt-trois \u00e9valuations, louant particuli\u00e8rement l&#039;accueil chaleureux du personnel \u2013 un remarquable 9,4 \u2013, ainsi que le confort (9,0), l&#039;emplacement (9,1), la propret\u00e9 (8,9) et la connectivit\u00e9 (9,0). Les visiteurs parlent de \u00ab\u00a0maisons en pleine nature\u00a0\u00bb \u200b\u200bet d&#039;un \u00ab\u00a0spa exceptionnel\u00a0\u00bb qui favorise \u00e0 la fois solitude et convivialit\u00e9. Pourtant, des \u00e9valuations honn\u00eates soulignent \u00e9galement des opportunit\u00e9s\u00a0: certains clients remarquent que certaines sources thermales restent ferm\u00e9es en hiver et sugg\u00e8rent que la restauration d&#039;une ancienne structure h\u00f4teli\u00e8re renforcerait la continuit\u00e9 historique du parc. Un rapport qualit\u00e9-prix de 7,5 laisse entrevoir une perception de prix premium, incitant la direction \u00e0 envisager des forfaits plus complets ou des promotions saisonni\u00e8res pour mieux aligner le prix sur l&#039;exp\u00e9rience.<\/p>\n<p>Si le luxe moderne caract\u00e9rise le spa et le parc, \u00c1gua das Pedras transmet ce m\u00eame esprit d&#039;authenticit\u00e9 aux tables et aux rayons des magasins du monde entier. N\u00e9e l\u00e0 o\u00f9 l&#039;eau de pluie atterrit dans une vall\u00e9e pr\u00e9serv\u00e9e, \u00e0 580 m\u00e8tres d&#039;altitude, elle entame un voyage souterrain qui peut durer des d\u00e9cennies. Lors de sa descente \u00e0 travers le granit fractur\u00e9, le gaz carbonique des profondeurs de la terre impr\u00e8gne l&#039;eau, la dotant de bulles qui s&#039;\u00e9l\u00e8vent naturellement plut\u00f4t que par des processus artificiels. \u00c0 sa sortie, l&#039;eau est \u00e0 la fois vive et velout\u00e9e, son profil min\u00e9ral lui conf\u00e9rant une sensation en bouche unique et une r\u00e9putation aupr\u00e8s des connaisseurs de sources naturellement gazeuses.<\/p>\n<p>L&#039;histoire commerciale d&#039;\u00c1gua das Pedras d\u00e9buta en 1871 avec l&#039;exploitation officielle des sources thermales et atteignit son premier public international deux ans plus tard, avec un prix \u00e0 l&#039;Exposition internationale de Vienne. Les infrastructures d&#039;embouteillage apparurent en 1893, initialement destin\u00e9es aux r\u00e9gimes th\u00e9rapeutiques, les directeurs cliniques codifiant les r\u00e8gles d&#039;utilisation d\u00e8s 1907. Les visites royales de la reine D. Maria II, de l&#039;infant D. Augusto et du roi consort D. Fernando en 1884 conf\u00e9r\u00e8rent un cachet royal, ce dernier voyant m\u00eame une source nomm\u00e9e en son honneur. Ce m\u00e9c\u00e9nat rehaussa la r\u00e9putation des sources aupr\u00e8s de l&#039;\u00e9lite europ\u00e9enne, \u00e9tablissant un mod\u00e8le de prestige que la marque conserve depuis lors.<\/p>\n<p>Tout au long du XXe si\u00e8cle, \u00c1gua das Pedras a su s&#039;adapter aux \u00e9volutions des go\u00fbts des consommateurs gr\u00e2ce \u00e0 un marketing judicieux. Un slogan de 1970 \u2013 \u00ab\u00a0Toutes les heures sont bonnes pour boire \u00c1gua das Pedras\u00a0\u00bb \u2013 a permis une acceptation plus large au-del\u00e0 du cadre th\u00e9rapeutique, tandis que l&#039;inauguration d&#039;une usine d&#039;embouteillage de haute technologie en 1994 a permis une distribution mondiale. Au d\u00e9but du XXIe si\u00e8cle, des campagnes \u2013 \u00ab\u00a0En \u00e9quilibre\u00a0\u00bb, \u00ab\u00a0Apport\u00e9 par la nature\u00a0\u00bb \u200b\u200bet \u00ab\u00a0L&#039;eau avec la vie\u00a0\u00bb, interpr\u00e9t\u00e9es par l&#039;actrice Daniela Ruah \u2013 ont fait \u00e9cho \u00e0 un mouvement bien-\u00eatre naissant. Des \u00e9v\u00e9nements marquants, comme une bouteille en \u00e9dition limit\u00e9e marquant le 150e anniversaire en 2021 et des attractions exp\u00e9rientielles \u2013 l&#039;ouverture du parc en 2012 et le mus\u00e9e Pedras Experience en 2018 \u2013 ont transform\u00e9 la marque, passant d&#039;un simple produit de consommation \u00e0 un style de vie, invitant les consommateurs \u00e0 s&#039;immerger dans l&#039;histoire plut\u00f4t qu&#039;\u00e0 la d\u00e9guster.<\/p>\n<p>Au fil des saisons, l&#039;interaction entre l&#039;eau et la for\u00eat, entre le patrimoine et le design, entretient le charme de Pedras Salgadas. Ses pavillons en pierre d&#039;origine et ses fa\u00e7ades de manoir demeurent les t\u00e9moins d&#039;une \u00e9poque r\u00e9volue, leurs murs patin\u00e9s contrastant avec les lignes \u00e9pur\u00e9es des bungalows en bois et des pavillons aux parois de verre. Des pratiques durables \u2013 r\u00e9cup\u00e9ration des eaux de pluie, panneaux solaires et chauffage g\u00e9othermique \u2013 cohabitent avec des efforts de conservation de la faune et de la flore indig\u00e8nes, garantissant ainsi l&#039;avenir du parc \u00e0 la richesse de son pass\u00e9. L&#039;initiative \u00ab Giving Back \u00bb lanc\u00e9e par la direction en 2019 reverse une partie des recettes \u00e0 des projets environnementaux et sociaux locaux, tandis que la philosophie \u00ab Laissez la nature prendre soin de vous \u00bb, introduite en 2020, souligne une philosophie selon laquelle le bien-\u00eatre humain est indissociable de la sant\u00e9 des \u00e9cosyst\u00e8mes.<\/p>\n<p>En d\u00e9finitive, Pedras Salgadas incarne la convergence de l&#039;h\u00e9ritage culturel et des soins contemporains pour nourrir le corps et l&#039;esprit. Ses eaux min\u00e9rales, lentement puis\u00e9es dans les profondeurs de la terre au fil des si\u00e8cles, refl\u00e8tent l&#039;\u00e9volution de l&#039;\u00e9tablissement, passant d&#039;une retraite royale \u00e0 une destination bien-\u00eatre moderne. Que l&#039;on recherche la convivialit\u00e9 des sentiers forestiers, le bien-\u00eatre r\u00e9parateur d&#039;un bain thermal, le simple plaisir d&#039;un verre d&#039;eau de source p\u00e9tillante ou les rires partag\u00e9s des r\u00e9unions de famille, Pedras Salgadas offre un dialogue soutenu entre pass\u00e9 et pr\u00e9sent. Dans ce dialogue, chaque pas sur les sentiers bord\u00e9s de mousse et chaque gorg\u00e9e d&#039;eau naturellement gazeuse r\u00e9affirment une v\u00e9rit\u00e9 ancestrale\u00a0: nos ressources les plus pr\u00e9cieuses coulent sous la surface, attendant une gestion r\u00e9fl\u00e9chie pour les r\u00e9v\u00e9ler.<\/p>","protected":false},"excerpt":{"rendered":"<p>Pedras Salgadas, petite station thermale situ\u00e9e dans le district de Vila Real, au nord du Portugal, poss\u00e8de une population limit\u00e9e qui contribue \u00e0 son environnement serein. Situ\u00e9e \u00e0 environ 37 kilom\u00e8tres au nord du chef-lieu du district, cette petite ville est reconnue pour ses sources min\u00e9rales uniques, qui d\u00e9finissent d\u00e9sormais son caract\u00e8re et son \u00e9conomie.<\/p>","protected":false},"author":1,"featured_media":17474,"parent":12065,"menu_order":0,"comment_status":"closed","ping_status":"closed","template":"elementor_theme","meta":{"_eb_attr":"","footnotes":""},"class_list":["post-17002","page","type-page","status-publish","has-post-thumbnail"],"_links":{"self":[{"href":"https:\/\/travelshelper.com\/fr\/wp-json\/wp\/v2\/pages\/17002","targetHints":{"allow":["GET"]}}],"collection":[{"href":"https:\/\/travelshelper.com\/fr\/wp-json\/wp\/v2\/pages"}],"about":[{"href":"https:\/\/travelshelper.com\/fr\/wp-json\/wp\/v2\/types\/page"}],"author":[{"embeddable":true,"href":"https:\/\/travelshelper.com\/fr\/wp-json\/wp\/v2\/users\/1"}],"replies":[{"embeddable":true,"href":"https:\/\/travelshelper.com\/fr\/wp-json\/wp\/v2\/comments?post=17002"}],"version-history":[{"count":0,"href":"https:\/\/travelshelper.com\/fr\/wp-json\/wp\/v2\/pages\/17002\/revisions"}],"up":[{"embeddable":true,"href":"https:\/\/travelshelper.com\/fr\/wp-json\/wp\/v2\/pages\/12065"}],"wp:featuredmedia":[{"embeddable":true,"href":"https:\/\/travelshelper.com\/fr\/wp-json\/wp\/v2\/media\/17474"}],"wp:attachment":[{"href":"https:\/\/travelshelper.com\/fr\/wp-json\/wp\/v2\/media?parent=17002"}],"curies":[{"name":"wp","href":"https:\/\/api.w.org\/{rel}","templated":true}]}}