{"id":16869,"date":"2024-09-24T00:46:21","date_gmt":"2024-09-24T00:46:21","guid":{"rendered":"https:\/\/travelshelper.com\/staging\/?page_id=16869"},"modified":"2026-03-12T16:31:35","modified_gmt":"2026-03-12T16:31:35","slug":"meran","status":"publish","type":"page","link":"https:\/\/travelshelper.com\/fr\/destinations\/europe\/italy\/merano\/","title":{"rendered":"M\u00e9ran"},"content":{"rendered":"<p>Merano est une commune du Tyrol du Sud, dans le nord de l&#039;Italie. Elle compte environ 41\u00a0000 habitants sur une superficie de 31,3 kilom\u00e8tres carr\u00e9s. Situ\u00e9e \u00e0 324 m\u00e8tres d&#039;altitude, la ville se trouve dans un bassin au confluent de trois vall\u00e9es \u2013 le Val Venosta, le Val Passiria et le Val d&#039;Adige \u2013 et offre une ouverture strat\u00e9gique sur les vall\u00e9es du Passier et du Vinschgau. Entour\u00e9e de sommets culminant \u00e0 3\u00a0480 m\u00e8tres, le climat temp\u00e9r\u00e9 de Merano a longtemps contribu\u00e9 \u00e0 sa r\u00e9putation de station thermale de premier ordre et de centre culturel prosp\u00e8re.<\/p>\n<p>Le berceau g\u00e9ologique de Merano est d\u00e9fini par le bassin sculpt\u00e9 par les glaciers, \u00e0 travers lequel coule le torrent Passirio avant de rejoindre l&#039;Adige. Au nord et \u00e0 l&#039;ouest, le massif de Tessa perce le ciel \u00e0 3\u00a0480 m\u00e8tres, tandis que le plateau du Salto culmine \u00e0 2\u00a0800 m\u00e8tres \u00e0 l&#039;est. Cet amphith\u00e9\u00e2tre de sommets prot\u00e8ge la ville des vents du nord, favorisant un environnement o\u00f9 vignobles et vergers s&#039;\u00e9panouissent jusqu&#039;aux abords de la ville. M\u00eame \u00e0 l&#039;int\u00e9rieur des limites du p\u00e9rim\u00e8tre urbain, des rang\u00e9es de vignes, connues sous le nom de Meraner Leiten, s&#039;int\u00e8grent au paysage urbain, produisant un vin rouge l\u00e9ger \u00e0 d\u00e9guster de pr\u00e9f\u00e9rence dans sa jeunesse. Les vergers \u00e0 p\u00e9pins s&#039;\u00e9tendent au-del\u00e0, export\u00e9s vers toute l&#039;Europe, tandis qu&#039;\u00e0 la p\u00e9riph\u00e9rie, la brasserie Forst fabrique des bi\u00e8res devenues incontournables en Italie et au-del\u00e0.<\/p>\n<p>Depuis sa premi\u00e8re mention sous les noms de Merano (allemand) ou Meran (italien), la municipalit\u00e9 a port\u00e9 une double identit\u00e9. L&#039;appellation ladine, Maran, n&#039;appara\u00eet que dans l&#039;usage local, mais ces trois noms r\u00e9sonnent dans le milieu bilingue de la ville. Les titres officiels \u2013 Comune di Merano en italien et Stadtgemeinde Meran en allemand \u2013 sont utilis\u00e9s indiff\u00e9remment dans les documents municipaux. Cette dualit\u00e9 fait \u00e9cho \u00e0 la r\u00e9partition \u00e9quilibr\u00e9e des langues entre les habitants\u00a0: en 2024, 51,37\u00a0% des habitants parlent l&#039;italien comme premi\u00e8re langue, 48,26\u00a0% l&#039;allemand, et une petite minorit\u00e9 ladine subsiste.<\/p>\n<p>Le c\u0153ur m\u00e9di\u00e9val de Merano a conserv\u00e9 ses fortifications d&#039;origine, illustr\u00e9es par trois portes imposantes\u00a0: la Vinschgauer Tor, la Passeirer Tor et la Bozener Tor. Juste \u00e0 c\u00f4t\u00e9 se dresse la tour Ortenstein, commun\u00e9ment appel\u00e9e Pulverturm ou \u00ab\u00a0tour de la poudre\u00a0\u00bb, une sentinelle de pierre qui rappelle l&#039;ancienne fonction d\u00e9fensive de la ville. Entre ces murs de ma\u00e7onnerie grise, le ch\u00e2teau princier, ou Landesf\u00fcrstliche Burg, t\u00e9moigne de l&#039;architecture du XVe\u00a0si\u00e8cle et fut autrefois la r\u00e9sidence de l&#039;archiduc Sigismond d&#039;Autriche. Non loin de l\u00e0, s&#039;\u00e9l\u00e8ve l&#039;\u00e9difice gothique de l&#039;\u00e9glise Saint-Nicolas, dont les arcs bris\u00e9s et les vitraux datent du m\u00eame si\u00e8cle, tandis que la modeste chapelle Sainte-Barbe offre un reflet plus discret de la d\u00e9votion de l&#039;\u00e9poque.<\/p>\n<p>Enjambant la rivi\u00e8re Passer, le pont de pierre Steinerner Steg, datant du XVIIe si\u00e8cle, offre \u00e0 la fois un passage et un point de vue, ses parapets us\u00e9s t\u00e9moignant de si\u00e8cles de passage. Les rives sud accueillent les promenades vo\u00fbt\u00e9es de la Wandelhalle, dont les colonnades vo\u00fbt\u00e9es offrent abri et ombre aux promeneurs depuis le milieu du XIXe si\u00e8cle. Ces promenades jouxtent le pavillon Kurhaus, \u00e9l\u00e9gant vestige de l&#039;ascension de Merano comme station thermale lorsque l&#039;imp\u00e9ratrice \u00c9lisabeth d&#039;Autriche commen\u00e7a \u00e0 y s\u00e9journer dans la seconde moiti\u00e9 du XIXe si\u00e8cle. Le parc de l&#039;Imp\u00e9ratrice \u00c9lisabeth adjacent demeure une enclave verdoyante comm\u00e9morant son m\u00e9c\u00e9nat.<\/p>\n<p>L&#039;expansion industrielle et civique s&#039;est poursuivie jusqu&#039;au XXe si\u00e8cle. Apr\u00e8s l&#039;annexion du Tyrol du Sud par l&#039;Italie en 1919, les autorit\u00e9s fascistes ont \u00e9rig\u00e9 un nouvel h\u00f4tel de ville dans les ann\u00e9es 1920, dont le style rationaliste contrastait fortement avec les \u00e9l\u00e9ments m\u00e9di\u00e9vaux et gothiques de la vieille ville. En p\u00e9riph\u00e9rie, le ch\u00e2teau de Trauttmansdorff domine des jardins botaniques remarquables\u00a0; depuis 2003, son mus\u00e9e du tourisme retrace l&#039;\u00e9volution des voyages dans la province. Le ch\u00e2teau du Tyrol, qui a donn\u00e9 son nom \u00e0 la r\u00e9gion, se dresse \u00e0 proximit\u00e9, marquant la fronti\u00e8re avec l&#039;Autriche et affirmant le r\u00f4le de carrefour de Merano.<\/p>\n<p>Sur le plan climatique, Merano \u00e9volue en \u00e9quilibre d\u00e9licat entre influences oc\u00e9aniques, subtropicales humides et continentales. Officiellement class\u00e9e Cfb, elle fr\u00f4le la Cfa, sa temp\u00e9rature moyenne quotidienne en juillet, l\u00e9g\u00e8rement inf\u00e9rieure \u00e0 22 \u00b0C, \u00e9tant inf\u00e9rieure de loin aux crit\u00e8res subtropicaux. Les hivers, avec des minimales nocturnes comprises entre \u20134 et \u20132 \u00b0C, conf\u00e8rent \u00e0 la ville une rigueur continentale, tandis que les \u00e9t\u00e9s connaissent des maximales de 27 \u00e0 30 \u00b0C et des nuits entre 12 et 15 \u00b0C. Les pr\u00e9cipitations culminent \u00e0 96 mm en ao\u00fbt et diminuent \u00e0 25 mm en f\u00e9vrier. Ces relev\u00e9s, conserv\u00e9s \u00e0 la station de Merano\/Gratsch de 1983 \u00e0 2017, contribuent \u00e0 la prosp\u00e9rit\u00e9 agricole de la r\u00e9gion.<\/p>\n<p>La vie culturelle \u00e0 Merano s&#039;\u00e9tend bien au-del\u00e0 de ses thermes et de ses vignobles. Depuis 1986, les Semaines musicales de Merano se d\u00e9roulent chaque \u00e9t\u00e9 au pavillon du Kurhaus, attirant des orchestres internationaux venus se produire lors d&#039;un festival con\u00e7u \u00e0 l&#039;occasion du 150e anniversaire de la fondation des thermes. Depuis 1997, MeranoJazz met l&#039;accent sur des artistes de jazz renomm\u00e9s et, depuis 2002, accueille l&#039;Acad\u00e9mie de jazz d&#039;Europe centrale, qui vise \u00e0 rapprocher les traditions musicales italiennes et allemandes. Attirant aussi bien les sommit\u00e9s qu&#039;\u00e9tudiants, l&#039;attribution d&#039;un artiste en r\u00e9sidence par l&#039;acad\u00e9mie consolide le rayonnement artistique de Merano.<\/p>\n<p>L&#039;excellence litt\u00e9raire est r\u00e9compens\u00e9e par le Meraner Lyrikpreis, un prix biennal inaugur\u00e9 en 1993 et \u200b\u200bjug\u00e9 par un jury international. Parmi les laur\u00e9ats distingu\u00e9s figurent Kurt Drawert, Kathrin Schmidt et Ulrike Almut Sandig. En compl\u00e9ment, le Prix litt\u00e9raire international Merano-Europa r\u00e9compense depuis 1995 l&#039;excellence en fiction et en traduction. Il est d\u00e9cern\u00e9 par le Passirio Club en collaboration avec des maisons d&#039;\u00e9dition et des organisations artistiques r\u00e9gionales. En 2017, la ville a particip\u00e9 au concours pour le titre de Capitale italienne de la culture 2020, se classant parmi les dix finalistes parmi des villes historiques comme Parme et Reggio d&#039;\u00c9milie.<\/p>\n<p>La comm\u00e9moration \u00e0 Merano du s\u00e9jour de Franz Kafka en 1920 s&#039;est concr\u00e9tis\u00e9e par deux conf\u00e9rences internationales (2020 et 2024) et par l&#039;inauguration d&#039;une piazzetta d\u00e9di\u00e9e \u00e0 Kafka et Milena Jesensk\u00e1. Ces gestes t\u00e9moignent d&#039;une conscience litt\u00e9raire durable, qui compl\u00e8te les mus\u00e9es et galeries de la ville\u00a0: le Touriseum au ch\u00e2teau de Trauttmansdorff\u00a0; le mus\u00e9e municipal install\u00e9 dans un ancien h\u00f4tel\u00a0; le mus\u00e9e du ch\u00e2teau princier\u00a0; et le mus\u00e9e juif install\u00e9 dans l&#039;unique synagogue du Tyrol du Sud. Parmi les lieux compl\u00e9mentaires figurent le mus\u00e9e des femmes Evelyn Ortner, la galerie d&#039;art de la ville de Merano et la galerie d&#039;art blanche, chacun offrant des perspectives sur le genre, l&#039;art contemporain et l&#039;architecture.<\/p>\n<p>Merano est divis\u00e9e par le Passer en deux rives orographiques principales. \u00c0 droite se trouvent le vieux centre et le quartier de Steinach\u00a0; \u00e0 gauche, Maia Alta et Maia Bassa. Quarazze occupe l&#039;extr\u00e9mit\u00e9 nord-ouest sur les pentes de Tessa, tandis que Labers s&#039;\u00e9tend sur les pentes orientales du Monte Zoccolo. Au sud, Sinigo sert de zone industrielle et commerciale, s\u00e9par\u00e9e du centre historique par sa topographie. Depuis le XIXe si\u00e8cle, le statut de station thermale de la ville a orient\u00e9 son attention vers les visiteurs \u00e2g\u00e9s en qu\u00eate de repos\u00a0; \u00e0 la fin du XXe et au d\u00e9but du XXIe si\u00e8cle, une offre diversifi\u00e9e et un tourisme international croissant ont invers\u00e9 la tendance d\u00e9mographique et \u00e9largi l&#039;attrait interg\u00e9n\u00e9rationnel.<\/p>\n<p>Les r\u00e9seaux de transport ont renforc\u00e9 l&#039;accessibilit\u00e9 de Merano. La ligne du Brenner est contourn\u00e9e au profit de la MeBo, une autoroute \u00e0 quatre voies reliant la ville \u00e0 Bolzano, \u00e0 30 km au sud, et au-del\u00e0 \u00e0 l&#039;autoroute A22. La ligne ferroviaire Bolzano-Merano longe l&#039;autoroute et se prolonge vers l&#039;ouest jusqu&#039;au Val Venosta via la ligne du Vinschgau. De Bolzano, des trains partent environ toutes les 40 minutes, avec billetterie int\u00e9gr\u00e9e. Des services de bus, g\u00e9r\u00e9s par la SASA et la SAD, circulent toutes les heures entre Bolzano et Merano, avec des tarifs r\u00e9duits pour les d\u00e9tenteurs d&#039;une carte de r\u00e9duction. Des services d&#039;autocars internationaux desservent Bolzano, d&#039;o\u00f9 les correspondances sont r\u00e9guli\u00e8res.<\/p>\n<p>\u00c0 Merano, neuf lignes de bus de jour et un service de nuit transportent r\u00e9sidents et visiteurs entre 6h00 et 1h00. Les bus appliquent un syst\u00e8me de paiement sur l&#039;honneur\u00a0: un ticket valid\u00e9 reste valable 45\u00a0minutes\u00a0; les arr\u00eats sur demande n\u00e9cessitent un signal manuel pour descendre ou monter. Un t\u00e9l\u00e9si\u00e8ge relie Merano au village perch\u00e9 de Tirol d&#039;avril \u00e0 novembre. Des taxis circulent \u00e0 la demande via Radio Taxi ou des services de location avec chauffeur. Un r\u00e9seau de v\u00e9los, bien que moins \u00e9tendu que celui de Bolzano, propose des locations gratuites du printemps \u00e0 mi-octobre, notamment \u00e0 la gare, au spa et au centre de tennis, moyennant une caution remboursable.<\/p>\n<p>Les automobiles sont g\u00e9n\u00e9ralement superflues en centre-ville, et les places de stationnement se font rares. En hiver, les mesures de r\u00e9duction des \u00e9missions limitent la circulation des v\u00e9hicules Euro 0 dans toute la ville, et les jours de forte pollution, m\u00eame les v\u00e9hicules Euro 1 sont interdits. Ces r\u00e9glementations refl\u00e8tent l&#039;engagement de longue date de Merano en faveur de la protection de l&#039;environnement.<\/p>\n<p>Les loisirs englobent des activit\u00e9s culturelles et sauvages. Les eaux thermales jaillissent du centre thermal moderne situ\u00e9 sur la rive oppos\u00e9e du Passirio, o\u00f9 la radioactivit\u00e9 naturelle renforce les bienfaits th\u00e9rapeutiques. Des piscines publiques ext\u00e9rieures, une patinoire, 15 courts de tennis (dont quatre couverts), une \u00e9cole d&#039;\u00e9quitation et de saut d&#039;obstacles, ainsi qu&#039;un mini-golf, r\u00e9pondent aux go\u00fbts les plus vari\u00e9s. Les rapides du Passirio ont accueilli les Championnats du monde de cano\u00eb-kayak de l&#039;ICF (1971, 1983) et la Coupe d&#039;Europe (1980). Le sentier Tappeiner, trac\u00e9 par le Dr Tappeiner et offert \u00e0 la ville en 1892, longe une colline glaciaire du mont Saint-Benedetto jusqu&#039;au ravin du Gilf, offrant des panoramas imprenables.<\/p>\n<p>Au-del\u00e0 de la ville, les sentiers s&#039;\u00e9tendent jusqu&#039;\u00e0 Merano 2000, sur les hauteurs avoisinantes, lieu de promenades estivales et de pistes de ski hivernales. Le massif du Hirzer et la vall\u00e9e de l&#039;Ultimo offrent d&#039;autres pistes de ski, et \u00e0 une heure de route, le glacier du Schnalstal permet de skier sur les champs de neige en \u00e9t\u00e9. Pour les randonneurs et les alpinistes, le r\u00e9seau complexe de sentiers et de refuges alpins souligne la double identit\u00e9 de Merano, \u00e0 la fois sanctuaire de repos et point de d\u00e9part pour les aventures alpines.<\/p>\n<p>L&#039;histoire de Merano est celle d&#039;une perp\u00e9tuelle r\u00e9invention au c\u0153ur de la permanence de ses montagnes. Des corps de garde m\u00e9di\u00e9vaux aux galeries modernes, des pavillons thermaux aux acad\u00e9mies de jazz, la ville demeure \u00e0 la fois historique et dynamique. Chaque rue t\u00e9moigne des visites imp\u00e9riales et des travaux locaux, ses festivals m\u00ealent langues et traditions, son climat nourrit la vigne et les vergers, et ses habitants entretiennent une confluence vivante des cultures italienne, allemande et ladine. Dans cette fusion, Merano t\u00e9moigne de la possibilit\u00e9 d&#039;une harmonie entre tradition et innovation, entre repos et engagement \u2013 \u200b\u200bun lieu o\u00f9 chaque saison r\u00e9v\u00e8le un aspect diff\u00e9rent d&#039;un m\u00eame bassin intemporel.<\/p>","protected":false},"excerpt":{"rendered":"<p>Merano, une pittoresque commune du Tyrol du Sud, dans le nord de l&#039;Italie, compte environ 41\u00a0000 habitants. Nich\u00e9e dans un bassin entour\u00e9 de montagnes imposantes, cette ville pittoresque illustre l&#039;harmonie parfaite entre beaut\u00e9 naturelle et cr\u00e9ativit\u00e9 humaine. Situ\u00e9e au carrefour de trois vall\u00e9es importantes \u2013 le Val Venosta, le Val Passiria et le Val d&#039;Adige \u2013 Merano offre un point d&#039;acc\u00e8s \u00e0 certains des paysages les plus \u00e9poustouflants de la r\u00e9gion.<\/p>","protected":false},"author":1,"featured_media":17524,"parent":11663,"menu_order":0,"comment_status":"closed","ping_status":"closed","template":"elementor_theme","meta":{"_eb_attr":"","footnotes":""},"class_list":["post-16869","page","type-page","status-publish","has-post-thumbnail"],"_links":{"self":[{"href":"https:\/\/travelshelper.com\/fr\/wp-json\/wp\/v2\/pages\/16869","targetHints":{"allow":["GET"]}}],"collection":[{"href":"https:\/\/travelshelper.com\/fr\/wp-json\/wp\/v2\/pages"}],"about":[{"href":"https:\/\/travelshelper.com\/fr\/wp-json\/wp\/v2\/types\/page"}],"author":[{"embeddable":true,"href":"https:\/\/travelshelper.com\/fr\/wp-json\/wp\/v2\/users\/1"}],"replies":[{"embeddable":true,"href":"https:\/\/travelshelper.com\/fr\/wp-json\/wp\/v2\/comments?post=16869"}],"version-history":[{"count":0,"href":"https:\/\/travelshelper.com\/fr\/wp-json\/wp\/v2\/pages\/16869\/revisions"}],"up":[{"embeddable":true,"href":"https:\/\/travelshelper.com\/fr\/wp-json\/wp\/v2\/pages\/11663"}],"wp:featuredmedia":[{"embeddable":true,"href":"https:\/\/travelshelper.com\/fr\/wp-json\/wp\/v2\/media\/17524"}],"wp:attachment":[{"href":"https:\/\/travelshelper.com\/fr\/wp-json\/wp\/v2\/media?parent=16869"}],"curies":[{"name":"wp","href":"https:\/\/api.w.org\/{rel}","templated":true}]}}