{"id":16675,"date":"2024-09-23T16:58:08","date_gmt":"2024-09-23T16:58:08","guid":{"rendered":"https:\/\/travelshelper.com\/staging\/?page_id=16675"},"modified":"2026-03-12T00:23:34","modified_gmt":"2026-03-12T00:23:34","slug":"bad-muskau","status":"publish","type":"page","link":"https:\/\/travelshelper.com\/fr\/destinations\/europe\/germany\/bad-muskau\/","title":{"rendered":"Bad Muskau"},"content":{"rendered":"<p>Avec une population de 3\u00a0759 habitants et une superficie de 15,35 kilom\u00e8tres carr\u00e9s, Bad Muskau est une station thermale situ\u00e9e \u00e0 la fronti\u00e8re nord-est de l&#039;Allemagne, sur la rive ouest de la Neisse de Lusace, \u00e0 la fronti\u00e8re avec la Pologne. Int\u00e9gr\u00e9e au district de G\u00f6rlitz en Saxe, elle occupe une position g\u00e9ographique et culturelle unique\u00a0: travers\u00e9e par une rivi\u00e8re qui divisait autrefois les mondes, elle unit aujourd&#039;hui deux nations gr\u00e2ce \u00e0 un parc paysager commun class\u00e9 au patrimoine mondial de l&#039;UNESCO. \u00c0 environ 110 m\u00e8tres d&#039;altitude, Bad Muskau, m\u00ealant h\u00e9ritage aristocratique, traditions sorabes et renaissance \u00e9cologique, offre un r\u00e9cit aussi complexe que le paysage lui-m\u00eame.<\/p>\n<p>Au XIIIe si\u00e8cle, Muskau devint un centre fortifi\u00e9 au bord de la rivi\u00e8re, dont les premi\u00e8res traces remontent \u00e0 1249. Elle traversa les al\u00e9as politiques \u2013 int\u00e9grant le duch\u00e9 de Jawor, la Couronne de Boh\u00eame, puis la Prusse apr\u00e8s le Congr\u00e8s de Vienne \u2013 tout en conservant une identit\u00e9 distincte ancr\u00e9e dans les traditions et l&#039;artisanat sorabes. Une succession de familles nobles, culminant avec l&#039;intendance du prince Hermann von P\u00fcckler-Muskau, fa\u00e7onna son destin. Sous sa direction, la ville transcenda la simple g\u00e9ographie pour accueillir un paysage novateur qui allait plus tard \u00eatre partag\u00e9 par la g\u00e9opolitique du milieu du XXe si\u00e8cle entre l&#039;Allemagne et la Pologne.<\/p>\n<p>Le cadre de la ville est aussi fascinant que son histoire. Bad Muskau se situe sur la plaine inondable de la Neisse, le point le plus bas du district de G\u00f6rlitz, \u00e0 98 m\u00e8tres d&#039;altitude, dans la ville voisine de K\u00f6beln, int\u00e9gr\u00e9e \u00e0 Muskau apr\u00e8s 1950 (en.wikipedia.org). Au sud, s&#039;\u00e9l\u00e8ve l&#039;arc doux du pli de Muskau, et au-del\u00e0 se d\u00e9ploie la lande de Muskau, une vaste for\u00eat qui a accueilli le retour des loups en Allemagne \u00e0 la fin des ann\u00e9es 1990. Ces \u00e9l\u00e9ments conf\u00e8rent \u00e0 la fois un sentiment d&#039;isolement et un lien avec un renouveau \u00e9cologique plus vaste.<\/p>\n<p>Le p\u00e9rim\u00e8tre administratif de la ville s&#039;\u00e9tend au-del\u00e0 de son c\u0153ur. Au nord se trouve K\u00f6beln, autrefois municipalit\u00e9 ind\u00e9pendante et aujourd&#039;hui district, tandis que Berg a \u00e9t\u00e9 int\u00e9gr\u00e9e en 1940. Les ruelles de banlieue \u00e9voquent d&#039;anciens villages\u00a0: Neustadt s&#039;est int\u00e9gr\u00e9e au tissu urbain apr\u00e8s les incendies et la reconstruction du XIXe\u00a0si\u00e8cle, et Burglehn Muskau, avec ses domaines fortifi\u00e9s, a rejoint la ville apr\u00e8s les expropriations de guerre de 1945. Chaque nom \u00e9voque des phases d&#039;expansion et de r\u00e9am\u00e9nagement qui r\u00e9sonnent de l&#039;autre c\u00f4t\u00e9 de la Neisse, o\u00f9 \u0141\u0119knica (anciennement Lugknitz) refl\u00e8te Muskau sur le sol polonais.<\/p>\n<p>Des axes de communication relient Bad Muskau \u00e0 l&#039;Europe tout en pr\u00e9servant sa tranquillit\u00e9. La route f\u00e9d\u00e9rale B115 serpente vers le nord depuis Forst, en passant par Bad Muskau, jusqu&#039;\u00e0 Niesky et G\u00f6rlitz, tandis que la B156 longe la ville voisine de Krauschwitz au sud. Un poste fronti\u00e8re au pont de la Poste, autrefois pont de Sorau, permet d&#039;acc\u00e9der aux march\u00e9s polonais\u00a0; deux passerelles pi\u00e9tonnes et cyclables, connues sous le nom de Pont Anglais et Pont Double, offrent des passages pi\u00e9tonniers dans le parc paysager. Jusqu&#039;en 2011, la Droga krajowa 12 commen\u00e7ait \u00e0 cet endroit, reliant la fronti\u00e8re polono-ukrainienne avant de d\u00e9vier via Krauschwitz.<\/p>\n<p>Le chemin de fer historique incarne une autre dimension de continuit\u00e9. Le chemin de fer forestier de Muskau, une ligne \u00e0 \u00e9cartement de 600 millim\u00e8tres, circule saisonni\u00e8rement entre Wei\u00dfwasser et Bad Muskau, propuls\u00e9 tant\u00f4t par des locomotives \u00e0 vapeur, tant\u00f4t par d&#039;anciennes locomotives diesel. Le prix des billets reste modeste, soulignant son r\u00f4le d&#039;attraction plut\u00f4t que de voie de communication. \u00c0 l&#039;inverse, des lignes autrefois actives, comme la ligne principale Wei\u00dfwasser\u2013Bad Muskau, ont \u00e9t\u00e9 ferm\u00e9es, leurs trac\u00e9s renaissant sous forme de pistes cyclables qui s&#039;\u00e9tendent jusqu&#039;en Pologne et rejoignent l&#039;axe Oder\u2013Neisse gr\u00e2ce \u00e0 une ing\u00e9nierie innovante, notamment une rampe abrupte sur un vieux pont.<\/p>\n<p>Par avion et par train, la ville est paisiblement isol\u00e9e. L&#039;a\u00e9roport de Dresde se trouve \u00e0 115 kilom\u00e8tres au sud-ouest, celui de Berlin-Brandebourg \u00e0 140 kilom\u00e8tres au nord-ouest. Les voyageurs en train doivent descendre \u00e0 Wei\u00dfwasser, \u00e0 neuf kilom\u00e8tres, avant de prendre un bus ou une navette d&#039;h\u00f4tel\u00a0; depuis Dresde ou Berlin, les trajets impliquent des correspondances \u00e0 G\u00f6rlitz et dans les p\u00f4les r\u00e9gionaux, ce qui prend pr\u00e8s de trois heures. Des trains saisonniers \u00e0 voie \u00e9troite compl\u00e8tent les transports locaux, mais le moyen de transport privil\u00e9gi\u00e9 reste la voiture, le r\u00e9seau autoroutier orientant les visiteurs le long de l&#039;A15 ou de l&#039;A4 avant de c\u00e9der la place \u00e0 des routes secondaires rurales.<\/p>\n<p>L&#039;exploration guid\u00e9e du parc paysager, joyau de Bad Muskau, se d\u00e9roule \u00e0 pied, \u00e0 v\u00e9lo, en bateau ou en cal\u00e8che. En \u00e9t\u00e9, des visites guid\u00e9es publiques partent du Nouveau Ch\u00e2teau les samedis et dimanches, emmenant de petits groupes \u00e0 travers des panoramas sinueux et des clairi\u00e8res au bord du lac. Toute l&#039;ann\u00e9e, une visite hebdomadaire s&#039;adresse aux curistes, \u00e9voquant l&#039;h\u00e9ritage th\u00e9rapeutique qui sous-tend le statut de station thermale moderne de la ville. Des charretiers locaux sont pr\u00eats \u00e0 emmener les visiteurs \u00e0 travers les all\u00e9es de h\u00eatres centenaires vers des folies cach\u00e9es, tandis que Neisse-Tours d\u00e9ploie des embarcations gonflables pour des excursions fluviales entre l&#039;ancien barrage et \u017barki Wielkie.<\/p>\n<p>Au c\u0153ur de ce royaume se trouve le parc Prince P\u00fcckler, qui s&#039;\u00e9tend sur plus de 820 hectares, le plus grand jardin paysager \u00e0 l&#039;anglaise d&#039;Europe continentale, inscrit au patrimoine mondial de l&#039;UNESCO en 2004. Le principe de P\u00fcckler selon lequel un jardin doit offrir un nouveau tableau \u00e0 chaque pas r\u00e9sonne dans les prairies sillonn\u00e9es de sentiers, dans les lacs asym\u00e9triques o\u00f9 se refl\u00e8tent de majestueux ch\u00eanes, et dans les ponts et \u00e9difices judicieusement situ\u00e9s. Les deux tiers de cette \u00e9tendue se trouvent \u00e0 l&#039;est de la Neisse, mais la libert\u00e9 de passage y r\u00e8gne\u00a0: les visiteurs y circulent sans contr\u00f4le de passeport, mais doivent pr\u00e9senter une pi\u00e8ce d&#039;identit\u00e9 pour des contr\u00f4les ponctuels.<\/p>\n<p>Des interludes architecturaux ponctuent ces espaces verts vallonn\u00e9s. Le Nouveau Ch\u00e2teau, restaur\u00e9 en 2012, accueille une exposition intitul\u00e9e \u00ab\u00a0P\u00fcckler\u00a0! Catch him if you can\u00a0?\u00a0\u00bb, une odyss\u00e9e multim\u00e9dia retra\u00e7ant la vie prot\u00e9iforme du prince, polymathe, conteur et architecte paysagiste hors pair. L&#039;entr\u00e9e reste modeste et l&#039;exposition, chaleureuse pour les visiteurs anglophones, propose des dispositifs interactifs de \u00ab\u00a0lettres perdues\u00a0\u00bb et des mises en sc\u00e8ne interpr\u00e9t\u00e9es par des com\u00e9diens. \u00c0 proximit\u00e9, l&#039;Orangerie de style mauresque abrite des maisons de palmiers et de cactus, tandis que le Vieux Ch\u00e2teau \u00e9voque des origines m\u00e9di\u00e9vales. La Maison du Cavalier, reconvertie en bain de tourbe, fait un clin d&#039;\u0153il aux traditions th\u00e9rapeutiques locales, associant pulpe de tourbe naturelle et th\u00e9rapies manuelles modernes.<\/p>\n<p>La culture thermale sous-tend le statut officiel de la ville comme station thermale reconnue d&#039;\u00c9tat. Les bains de tourbe de Moorbad exploitent les gisements locaux et exploitent des rem\u00e8des r\u00e9put\u00e9s depuis le XVIe si\u00e8cle, \u00e9poque \u00e0 laquelle les cabanes d&#039;alun dominaient le paysage du parc thermal actuel. Les soins propos\u00e9s vont des bains de saumure aux enveloppements \u00e0 la craie, compl\u00e9t\u00e9s par des s\u00e9ances de physioth\u00e9rapie. Dans ce contexte, la ville appara\u00eet comme plus qu&#039;un site historique\u00a0: c&#039;est un creuset vivant de bien-\u00eatre qui a \u00e9volu\u00e9 parall\u00e8lement \u00e0 la splendeur horticole.<\/p>\n<p>Dans le vaste r\u00e9seau de pistes cyclables frontali\u00e8res, Bad Muskau b\u00e9n\u00e9ficie d&#039;une station sur la piste cyclable Oder-Neisse, qui relie G\u00f6rlitz, \u00e0 66 kilom\u00e8tres au sud, \u00e0 Guben, \u00e0 61 kilom\u00e8tres au nord-ouest. Les cyclistes choisissent souvent de venir par leurs propres moyens et louent des montures chez l&#039;\u00e9quipementier local Fahrrad-Nowak, dont les ateliers sont ouverts du printemps \u00e0 l&#039;automne. Ici, la location de v\u00e9los souligne la conviction de la ville qu&#039;une v\u00e9ritable immersion exige de se d\u00e9placer sans h\u00e2te \u00e0 travers un terrain accident\u00e9.<\/p>\n<p>Le r\u00e9cit de Bad Muskau ne s&#039;ach\u00e8ve pas sur un dernier \u00e9lan, mais sur la persistance silencieuse de l&#039;histoire dans la nature. Les loups dans la lande musqu\u00e9e \u00e9voquent une p\u00e9riode o\u00f9 la nature sauvage a repris ses droits\u00a0; les ponts sur la Neisse refl\u00e8tent la r\u00e9conciliation apr\u00e8s la division\u00a0; les bains de tourbe \u00e9voquent des rituels plus anciens que les fronti\u00e8res modernes. Au d\u00e9tour des regards sur les pelouses et les bois, on discerne une ville qui r\u00e9siste aux cat\u00e9gorisations faciles. Elle demeure \u00e0 la fois un lieu de cure, un monument \u00e0 l&#039;art du paysage et un t\u00e9moignage d&#039;hybridit\u00e9 culturelle, o\u00f9 l&#039;allemand et le sorabe, le saxon et le polonais, l&#039;art et l&#039;\u00e9cologie s&#039;harmonisent \u00e0 ciel ouvert.<\/p>","protected":false},"excerpt":{"rendered":"<p>Bad Muskau, charmante station thermale nich\u00e9e dans la r\u00e9gion historique de Haute-Lusace, en Allemagne, compte environ 3\u00a0600 habitants. Cette commune pittoresque, situ\u00e9e sur les rives de la Neisse, rivi\u00e8re lusacienne, chevauche la fronti\u00e8re entre l&#039;Allemagne et la Pologne et offre un m\u00e9lange unique de patrimoine culturel et de beaut\u00e9 naturelle.<\/p>","protected":false},"author":1,"featured_media":17501,"parent":13736,"menu_order":0,"comment_status":"closed","ping_status":"closed","template":"elementor_theme","meta":{"_eb_attr":"","footnotes":""},"class_list":["post-16675","page","type-page","status-publish","has-post-thumbnail"],"_links":{"self":[{"href":"https:\/\/travelshelper.com\/fr\/wp-json\/wp\/v2\/pages\/16675","targetHints":{"allow":["GET"]}}],"collection":[{"href":"https:\/\/travelshelper.com\/fr\/wp-json\/wp\/v2\/pages"}],"about":[{"href":"https:\/\/travelshelper.com\/fr\/wp-json\/wp\/v2\/types\/page"}],"author":[{"embeddable":true,"href":"https:\/\/travelshelper.com\/fr\/wp-json\/wp\/v2\/users\/1"}],"replies":[{"embeddable":true,"href":"https:\/\/travelshelper.com\/fr\/wp-json\/wp\/v2\/comments?post=16675"}],"version-history":[{"count":0,"href":"https:\/\/travelshelper.com\/fr\/wp-json\/wp\/v2\/pages\/16675\/revisions"}],"up":[{"embeddable":true,"href":"https:\/\/travelshelper.com\/fr\/wp-json\/wp\/v2\/pages\/13736"}],"wp:featuredmedia":[{"embeddable":true,"href":"https:\/\/travelshelper.com\/fr\/wp-json\/wp\/v2\/media\/17501"}],"wp:attachment":[{"href":"https:\/\/travelshelper.com\/fr\/wp-json\/wp\/v2\/media?parent=16675"}],"curies":[{"name":"wp","href":"https:\/\/api.w.org\/{rel}","templated":true}]}}