{"id":16648,"date":"2024-09-23T16:18:29","date_gmt":"2024-09-23T16:18:29","guid":{"rendered":"https:\/\/travelshelper.com\/staging\/?page_id=16648"},"modified":"2026-03-12T00:24:17","modified_gmt":"2026-03-12T00:24:17","slug":"bad-kissingen","status":"publish","type":"page","link":"https:\/\/travelshelper.com\/fr\/destinations\/europe\/germany\/bad-kissingen\/","title":{"rendered":"Bad Kissingen"},"content":{"rendered":"<p>Bad Kissingen, ville thermale d&#039;environ 23\u00a0245 habitants r\u00e9partie sur 69,92 kilom\u00e8tres carr\u00e9s, est situ\u00e9e sur la Saale franconienne, au sud de la Rh\u00f6n, en Basse-Franconie bavaroise. Son statut de station thermale et de chef-lieu de district, associ\u00e9 \u00e0 une architecture \u00e9l\u00e9gante du XIXe et du d\u00e9but du XXe si\u00e8cle et \u00e0 des sources min\u00e9rales r\u00e9pertori\u00e9es depuis 823 apr\u00e8s J.-C., lui a valu d&#039;\u00eatre inscrite au patrimoine mondial de l&#039;UNESCO parmi les \u00ab\u00a0Grandes villes thermales d&#039;Europe\u00a0\u00bb en 2021. Depuis sa premi\u00e8re mention sous le nom de \u00ab\u00a0chizzicha\u00a0\u00bb en 801 jusqu&#039;\u00e0 son apog\u00e9e mondaine sous Louis Ier et le prince r\u00e9gent Luitpold, l&#039;histoire de Bad Kissingen m\u00eale eaux curatives, intrigues politiques et un engagement envers le confort de ses h\u00f4tes qui perdure encore aujourd&#039;hui.<\/p>\n<p>Les premi\u00e8res attractions de la ville \u00e9taient centr\u00e9es sur ses sources min\u00e9rales, qui furent reconnues sous la domination de l&#039;abbaye de Fulda au d\u00e9but du IXe si\u00e8cle, puis sous celle des comtes de Henneberg et des \u00e9v\u00eaques de Wurtzbourg. En 1279, Kissingen avait le statut de ville et, au XVIe si\u00e8cle, elle \u00e9tait officiellement reconnue comme station thermale\u00a0: en 1520, le premier visiteur document\u00e9 y vint se ressourcer. Son incorporation au royaume de Bavi\u00e8re en 1814 ouvrit la voie au m\u00e9c\u00e9nat royal\u00a0; Louis Ier fit agrandir le quartier thermal, lui conf\u00e9rant ses majestueuses promenades et ses arcades. Son \u00e9l\u00e9vation au rang de \u00ab\u00a0Bad\u00a0\u00bb en 1883 marqua son entr\u00e9e parmi les plus prestigieuses stations thermales d&#039;Europe, un \u00ab\u00a0Weltbad\u00a0\u00bb o\u00f9 les visiteurs de la cour, de l&#039;imp\u00e9ratrice \u00c9lisabeth d&#039;Autriche au tsar Alexandre II de Russie en passant par le roi Louis II de Bavi\u00e8re, venaient se ressourcer.<\/p>\n<p>L&#039;histoire de Bad Kissingen n&#039;est pas toujours glorieuse. Le 10 juillet 1866, elle fut le th\u00e9\u00e2tre d&#039;un violent affrontement lors du Mainfeldzug de la guerre austro-prussienne, o\u00f9 les troupes bavaroises r\u00e9sist\u00e8rent \u00e0 l&#039;avanc\u00e9e prussienne avant d&#039;\u00eatre mises en d\u00e9route. Le chancelier imp\u00e9rial Otto von Bismarck, habitu\u00e9 des cures thermales, surv\u00e9cut \u00e0 une tentative d&#039;assassinat ici lors du Kulturkampf en 1874. Il dicta plus tard la \u00ab Dict\u00e9e de Kissingen \u00bb de 1877, \u00e9non\u00e7ant les principes de la politique \u00e9trang\u00e8re allemande\u00a0; son ancienne r\u00e9sidence abrite aujourd&#039;hui un mus\u00e9e Bismarck. En juin 1911, les h\u00f4tels de ville accueillirent les n\u00e9gociations franco-allemandes sur les affaires marocaines \u2013 une impasse qui pr\u00e9cipita la crise d&#039;Agadir, pr\u00e9figurant les tensions du XXe si\u00e8cle.<\/p>\n<p>La Premi\u00e8re Guerre mondiale et ses cons\u00e9quences ont entra\u00een\u00e9 des changements dans la client\u00e8le\u00a0: la noblesse a c\u00e9d\u00e9 la place \u00e0 une classe moyenne plus large, et la station thermale n&#039;a connu qu&#039;une fermeture d&#039;un an en 1945. \u00c0 la veille de la Seconde Guerre mondiale, des casernes militaires allemandes ont \u00e9t\u00e9 \u00e9rig\u00e9es \u00e0 la p\u00e9riph\u00e9rie de la ville\u00a0; reprises pacifiquement par les forces am\u00e9ricaines en 1945, elles sont devenues la caserne Daley jusqu&#039;au d\u00e9but des ann\u00e9es 1990. Les cliniques de s\u00e9curit\u00e9 sociale d&#039;apr\u00e8s-guerre ont soutenu l&#039;emploi local jusqu&#039;\u00e0 ce que les r\u00e9formes de l&#039;assurance maladie des ann\u00e9es 1990 r\u00e9duisent le financement des stations thermales, incitant la municipalit\u00e9 \u00e0 diversifier sa client\u00e8le \u2013 soutenue par une enqu\u00eate EMNID d\u00e9clarant Bad Kissingen la station thermale la plus connue d&#039;Allemagne. En 2015, plus de 238\u00a0000 visiteurs ont totalis\u00e9 1,5 million de nuit\u00e9es, t\u00e9moignant d&#039;une r\u00e9invention r\u00e9ussie.<\/p>\n<p>Parmi les infrastructures modernes, on compte les thermes KissSalis, ouverts en f\u00e9vrier 2004 comme centre de spa et de loisirs, et l&#039;Acad\u00e9mie germano-chinoise de football, inaugur\u00e9e plus tard la m\u00eame ann\u00e9e pour accueillir les espoirs olympiques chinois. Pourtant, le c\u0153ur de la ville reste ses sept sources min\u00e9rales, toutes issues de la faille de Kissingen-Ha\u00dffurt et enrichies par des couches s\u00e9dimentaires permiennes. Six d&#039;entre elles sont froides, riches en sodium, carbonates et sulfates\u00a0; seule la source thermale de Sch\u00f6nborn offre des eaux chaudes propices \u00e0 la baignade. Chaque source, de l&#039;embl\u00e9matique fontaine Rakoczy de 1737, baptis\u00e9e en hommage au h\u00e9ros hongrois Ferenc R\u00e1k\u00f3czi, \u00e0 la fontaine ronde intermittente de 1788, continue d&#039;attirer les visiteurs pour des cures de boisson, des bains ou des th\u00e9rapies par inhalation.<\/p>\n<p>Bad Kissingen incarne un \u00ab\u00a0Weltbad\u00a0\u00bb non seulement par ses eaux, mais aussi par son offre sociale. Ses jardins thermaux et ses promenades accueillaient autrefois concerts, th\u00e9\u00e2tre et jeux\u00a0; courtisans et lettr\u00e9s se r\u00e9unissaient dans les salons de lecture, montaient \u00e0 cheval ou tentaient leur chance au casino. Son architecture majestueuse \u2013 quartiers thermaux compos\u00e9s de villas, commerces et espaces de soins reli\u00e9s par des arcades \u2013 refl\u00e8te une volont\u00e9 d&#039;int\u00e9grer harmonieusement les espaces publics aux jardins, aux parcs et au paysage riverain. Au XIXe si\u00e8cle, des liaisons t\u00e9l\u00e9graphiques, t\u00e9l\u00e9phoniques et de transport ultramodernes, ainsi que des boutiques de luxe et une gamme d&#039;h\u00f4tels, dotaient la ville d&#039;un confort que m\u00eame certaines grandes m\u00e9tropoles ne trouvaient pas.<\/p>\n<p>Sur le plan administratif, Bad Kissingen forme depuis 2016 un centre r\u00e9gional commun avec Bad Neustadt, abritant les autorit\u00e9s bavaroises et proposant des lieux de conf\u00e9rence valorisant sa situation centrale. L&#039;architecture religieuse refl\u00e8te son pass\u00e9 cosmopolite\u00a0: l&#039;\u00e9glise baroque Saint-Jacques abrite des vestiges de tours du XIVe\u00a0si\u00e8cle sous des stucs du XVIIIe\u00a0si\u00e8cle, la basilique n\u00e9ogothique du Sacr\u00e9-C\u0153ur (consacr\u00e9e en 1884) s&#039;\u00e9l\u00e8ve \u00e0 67\u00a0m\u00e8tres vers le ciel, et les \u00e9glises protestantes, anglicanes et orthodoxes russes du XIXe\u00a0si\u00e8cle t\u00e9moignent d&#039;une client\u00e8le plurielle. La pr\u00e9sence juive, attest\u00e9e d\u00e8s le XIIIe\u00a0si\u00e8cle, est aujourd&#039;hui comm\u00e9mor\u00e9e par une exposition permanente au Centre communautaire juif.<\/p>\n<p>En traversant la Saale franconienne, les visiteurs comptent cinq ponts routiers et douze passerelles, dont un pont \u00e0 chevaux antid\u00e9rapant \u00e0 Schweizer Haus\u00a0; deux axes autoroutiers (A\u00a07 et A\u00a071) sont \u00e0 proximit\u00e9, le long des routes f\u00e9d\u00e9rales B\u00a0286 et B\u00a0287. \u00c0 un kilom\u00e8tre au nord de la ville se trouve l&#039;a\u00e9rodrome de Bad Kissingen. D&#039;avril \u00e0 octobre, la ligne de diligences vers Bad Bocklet offre un lien vivant avec les voyages d&#039;antan\u00a0; des bus urbains et r\u00e9gionaux, gratuits avec la carte de cure, desservent les lignes locales, tandis que le bateau \u00e0 vapeur Saaleschiffahrt navigue entre Rosengarten et Unterer Saline. La gare terminus de la ville relie les lignes Gem\u00fcnden\u2013Bad Kissingen et Ebenhausen\u2013Bad Kissingen, avec des liaisons directes vers Schweinfurt, Wurtzbourg, Bamberg, Francfort et au-del\u00e0.<\/p>\n<p>Pour des vues panoramiques, les tours jumelles du ch\u00e2teau de Botenlauben se dressent sur une cr\u00eate sud-est. Leurs murs du XIIe si\u00e8cle rappellent les traditions des crois\u00e9s et les incendies de la guerre des Paysans\u00a0; le festival annuel de Botenlauben, qui a lieu \u00e0 la mi-septembre, anime ces ruines. \u00c0 l&#039;ouest, le parc du sommet de la colline d&#039;Altenberg, culminant \u00e0 284\u00a0m\u00e8tres, et le pavillon de 1848 (le \u00ab\u00a0Bellevue\u00a0\u00bb) offrent une vue sur le quartier thermal, couronn\u00e9 par un m\u00e9morial de Sissi. Plus au sud, la tour du Jubil\u00e9 de Wittelsbach, haute de 33\u00a0m\u00e8tres et \u00e9rig\u00e9e en 1907 pour c\u00e9l\u00e9brer le centenaire de la Bavi\u00e8re, se dresse au sommet du Scheinberg, \u00e0 420\u00a0m\u00e8tres d&#039;altitude, avec une plateforme d&#039;observation accessible par 120\u00a0marches.<\/p>\n<p>Au c\u0153ur du centre historique, le nouvel h\u00f4tel de ville occupe l&#039;ancien ch\u00e2teau de Lochner-Heu\u00dflein (1707-1710), joyau baroque de Dientzenhofer, converti \u00e0 l&#039;usage municipal en 1929. \u00c0 proximit\u00e9, l&#039;ancien h\u00f4tel de ville de style Renaissance de 1577 sert de centre d&#039;expositions culturelles. Le patrimoine industriel subsiste gr\u00e2ce aux pompes \u00e0 saumure et aux sections de tours de graduation reconstruites de la Saline inf\u00e9rieure, rappelant l&#039;h\u00e9ritage mill\u00e9naire de la production de sel de la ville. Le site de la Saline sup\u00e9rieure, datant de 1767, abrite le mus\u00e9e de la Saline sup\u00e9rieure et le mus\u00e9e Bismarck, ce dernier pr\u00e9servant la r\u00e9sidence thermale et la salle de dict\u00e9e du chancelier.<\/p>\n<p>Des monuments r\u00e9partis dans les jardins thermaux rendent hommage \u00e0 des personnalit\u00e9s telles que le pavillon de l&#039;imp\u00e9ratrice \u00c9lisabeth, les statues des rois Louis Ier et Maximilien II, le chancelier Bismarck et l&#039;architecte Balthasar Neumann. Un m\u00e9morial d\u00e9di\u00e9 \u00e0 Anton Boxberger se dresse dans la roseraie, pr\u00e8s de la source Rakoczy. Les tours d&#039;observation \u2013 la tour Bismarck sur le Sinnberg et la tour Ludwig sur la Staffelsh\u00f6he \u2013 invitent \u00e0 la contemplation paisible des collines bois\u00e9es et des m\u00e9andres de la Saale en contrebas.<\/p>\n<p>Les mus\u00e9es enrichissent la tapisserie historique : le d\u00e9partement du sel et de la production de sel du mus\u00e9e de la Haute-Saline explore des mill\u00e9naires d&#039;extraction ; les sections Thermes de Kissingen et Monde du jouet \u00e9voquent la vie thermale ; le mus\u00e9e Julius Cardinal D\u00f6pfner dans l&#039;ancien monast\u00e8re retrace l&#039;h\u00e9ritage eccl\u00e9siastique ; et l&#039;exposition du Centre communautaire juif raconte des si\u00e8cles de vie juive ici.<\/p>\n<p>Le c\u0153ur pi\u00e9tonnier de Bad Kissingen bat le long de la Ludwigstra\u00dfe et de la Marktstra\u00dfe, entre la place de l&#039;H\u00f4tel de Ville, la place du March\u00e9 et la Marienplatz. La Berliner Platz marque la gare routi\u00e8re r\u00e9gionale. La Theaterplatz fait face au th\u00e9\u00e2tre thermal\u00a0; ces ruelles interconnect\u00e9es guident les visiteurs du charme m\u00e9di\u00e9val \u00e0 la splendeur thermale. Les parcs invitent \u00e0 la d\u00e9tente\u00a0: la promenade des Salinen serpente de Hausen, longeant les salines et la tour de graduation jusqu&#039;\u00e0 la passerelle Schweizerhaus\u00a0; les jardins thermaux, entour\u00e9s par le b\u00e2timent \u00e0 arcades, s&#039;\u00e9tendent autour de fontaines, de parterres de fleurs et de palmeraies autrefois r\u00e9serv\u00e9s \u00e0 la royaut\u00e9\u00a0; et la roseraie adjacente, n\u00e9e du r\u00e8glement thermal de 1912, fleurit aujourd&#039;hui de plus de 12\u00a0000\u00a0rosiers de 155\u00a0vari\u00e9t\u00e9s, couronn\u00e9s chaque ann\u00e9e en juin par la Reine des Roses lors du Bal des Roses.<\/p>\n<p>Pour les activit\u00e9s sportives, les thermes KissSalis proposent des piscines thermales, un espace sauna et des espaces fitness\u00a0; une piscine int\u00e9rieure est ouverte en hiver\u00a0; et la piscine en terrasse, r\u00e9nov\u00e9e en 1988, dispose d&#039;un couloir de nage de 50\u00a0m\u00e8tres, d&#039;un plongeoir et de toboggans avec vue sur la Rh\u00f6n. Le parc animalier de Klaushof et le deuxi\u00e8me plus ancien club de golf de Bavi\u00e8re invitent \u00e0 la rencontre avec la nature et le sport.<\/p>\n<p>Au fil des si\u00e8cles de transformation, Bad Kissingen a conserv\u00e9 son essence, celle d&#039;un lieu o\u00f9 les sources min\u00e9rales et les aspirations humaines convergent. Son histoire riche \u2013 des premi\u00e8res salines et de la surveillance d&#039;une abbaye m\u00e9di\u00e9vale aux promenades aristocratiques, en passant par les bouleversements de la guerre et la r\u00e9invention moderne \u2013 demeure palpable dans l&#039;architecture, les rituels et le paysage. Ici, dans la vall\u00e9e de la Saale franconienne, la qu\u00eate de sant\u00e9 a fa\u00e7onn\u00e9 une ville qui continue d&#039;accueillir les personnes en qu\u00eate de r\u00e9pit, de r\u00e9flexion et d&#039;authenticit\u00e9 \u2013 une constance d&#039;esprit aussi durable que ses sources.<\/p>","protected":false},"excerpt":{"rendered":"<p>Bad Kissingen, pittoresque station thermale nich\u00e9e en Basse-Franconie, en Allemagne, est riche d&#039;une histoire riche et compte environ 22\u00a0000 habitants. Ce charmant village, situ\u00e9 le long de la Saale franconienne et au sud de la Rh\u00f6n, est r\u00e9put\u00e9 depuis longtemps pour ses sources thermales aux vertus curatives et a r\u00e9cemment \u00e9t\u00e9 reconnu internationalement comme faisant partie du patrimoine mondial de l&#039;UNESCO des \u00ab\u00a0Grandes villes thermales d&#039;Europe\u00a0\u00bb.<\/p>","protected":false},"author":1,"featured_media":17556,"parent":13736,"menu_order":0,"comment_status":"closed","ping_status":"closed","template":"elementor_theme","meta":{"_eb_attr":"","footnotes":""},"class_list":["post-16648","page","type-page","status-publish","has-post-thumbnail"],"_links":{"self":[{"href":"https:\/\/travelshelper.com\/fr\/wp-json\/wp\/v2\/pages\/16648","targetHints":{"allow":["GET"]}}],"collection":[{"href":"https:\/\/travelshelper.com\/fr\/wp-json\/wp\/v2\/pages"}],"about":[{"href":"https:\/\/travelshelper.com\/fr\/wp-json\/wp\/v2\/types\/page"}],"author":[{"embeddable":true,"href":"https:\/\/travelshelper.com\/fr\/wp-json\/wp\/v2\/users\/1"}],"replies":[{"embeddable":true,"href":"https:\/\/travelshelper.com\/fr\/wp-json\/wp\/v2\/comments?post=16648"}],"version-history":[{"count":0,"href":"https:\/\/travelshelper.com\/fr\/wp-json\/wp\/v2\/pages\/16648\/revisions"}],"up":[{"embeddable":true,"href":"https:\/\/travelshelper.com\/fr\/wp-json\/wp\/v2\/pages\/13736"}],"wp:featuredmedia":[{"embeddable":true,"href":"https:\/\/travelshelper.com\/fr\/wp-json\/wp\/v2\/media\/17556"}],"wp:attachment":[{"href":"https:\/\/travelshelper.com\/fr\/wp-json\/wp\/v2\/media?parent=16648"}],"curies":[{"name":"wp","href":"https:\/\/api.w.org\/{rel}","templated":true}]}}