{"id":16596,"date":"2024-09-23T13:46:40","date_gmt":"2024-09-23T13:46:40","guid":{"rendered":"https:\/\/travelshelper.com\/staging\/?page_id=16596"},"modified":"2026-03-12T00:18:35","modified_gmt":"2026-03-12T00:18:35","slug":"bad-ems","status":"publish","type":"page","link":"https:\/\/travelshelper.com\/fr\/destinations\/europe\/germany\/bad-ems\/","title":{"rendered":"Bad Ems"},"content":{"rendered":"<p>Situ\u00e9e dans le Land de Rh\u00e9nanie-Palatinat, dans l&#039;ouest de l&#039;Allemagne, Bad Ems compte un peu moins de dix mille habitants r\u00e9partis sur 15,41 kilom\u00e8tres carr\u00e9s. \u00c0 cheval sur les deux rives de la Lahn \u2013 qui sert ici de fronti\u00e8re naturelle entre les r\u00e9gions du Taunus et du Westerwald, dans les monts d&#039;ardoise rh\u00e9nans \u2013, la ville se dresse \u00e0 80 m\u00e8tres d&#039;altitude. Chef-lieu du district de Rhin-Lahn et membre de l&#039;association municipale de Bad Ems-Nassau, elle concilie son r\u00f4le historique avec un engagement moderne en faveur de la sant\u00e9, de la culture et du d\u00e9veloppement durable. En 2021, l&#039;UNESCO a inscrit Bad Ems parmi les \u00ab\u00a0Grandes villes thermales d&#039;Europe\u00a0\u00bb, reconnaissant ainsi son r\u00e9seau durable de sources min\u00e9rales et son architecture remarquable des XVIIIe et XXe si\u00e8cles. Cette distinction confirme son importance culturelle et conforte ses ambitions d&#039;attirer visiteurs et investisseurs, garantissant ainsi la vitalit\u00e9 de la ville pour les g\u00e9n\u00e9rations futures.<\/p>\n<p>Les c\u00e9l\u00e8bres sources de Bad Ems trouvent leur origine g\u00e9ologique dans les formations du D\u00e9vonien inf\u00e9rieur rh\u00e9nan, sous la ville. Ici, l&#039;eau souterraine s&#039;infiltre \u00e0 travers d&#039;anciennes couches rocheuses, \u00e9mergeant sous forme de quinze sources distinctes riches en bicarbonate de sodium, dont les temp\u00e9ratures varient de 27 \u00b0C \u00e0 57 \u00b0C. La force art\u00e9sienne de la source Robert-Kampe peut propulser l&#039;eau \u00e0 huit m\u00e8tres de hauteur pendant les mois les plus chauds. Les entreprises locales exploitent ces eaux pour produire du sel d&#039;Ems et des variantes en bouteille comme l&#039;Emser Kr\u00e4nchen, tandis que les pastilles Emser Pastillen sont fabriqu\u00e9es depuis plus d&#039;un si\u00e8cle et demi. Ces produits, commercialis\u00e9s pour la boisson et l&#039;inhalation, refl\u00e8tent un savant m\u00e9lange de rem\u00e8des traditionnels et de sens commercial, g\u00e9n\u00e9rant des revenus qui compl\u00e8tent l&#039;\u00e9conomie touristique de la ville et \u00e9tendent sa r\u00e9putation bien au-del\u00e0 de la vall\u00e9e de la Lahn.<\/p>\n<p>L&#039;histoire de Bad Ems s&#039;\u00e9tend sur deux mill\u00e9naires. Sa premi\u00e8re phase document\u00e9e est celle d&#039;un castrum romain le long du limes germanique sup\u00e9rieur, dont subsistent de faibles terrassements au milieu des bois environnants. D\u00e8s 880 apr. J.-C., la colonie appara\u00eet dans les archives\u00a0; trois si\u00e8cles et demi plus tard, en 1324, elle obtient le statut de ville. Les r\u00e9f\u00e9rences m\u00e9di\u00e9vales aux \u00ab\u00a0bains sauvages\u00a0\u00bb c\u00e8dent progressivement la place \u00e0 une culture thermale plus cultiv\u00e9e. Au XVIe si\u00e8cle, des \u00e9crits font \u00e9tat des bienfaits de la consommation des eaux thermales, et les comtes successifs de Nassau et de Katzenelnbogen investissent dans des bains publics et des pavillons de r\u00e9ception. Avec l&#039;arriv\u00e9e de nobles clients, la r\u00e9putation de la ville grandit, ouvrant la voie aux XVIIIe et XIXe si\u00e8cles, \u00e9poques de transformation.<\/p>\n<p>Au d\u00e9but du XVIIIe si\u00e8cle, Bad Ems vit la construction de nouvelles buvettes et salles de jeux pour satisfaire une client\u00e8le croissante. Au milieu du XIXe si\u00e8cle, elle gagna le surnom de \u00ab\u00a0capitale estivale de l&#039;Europe\u00a0\u00bb, accueillant une \u00e9lite internationale dont l&#039;empereur Guillaume Ier, le tsar Alexandre II, le romancier Fiodor Dosto\u00efevski et le compositeur Richard Wagner. Ces visiteurs arrivaient par bateau \u00e0 vapeur sur le Rhin et la Lahn ou par le r\u00e9seau ferroviaire en plein essor, qui d\u00e9mocratisait l&#039;acc\u00e8s bien au-del\u00e0 des cercles aristocratiques. Ils se livraient \u00e0 des rituels sociaux anim\u00e9s\u00a0: cures de boisson dans des salles aux murs de marbre, promenades tranquilles dans des parcs impeccablement entretenus, liaisons entre maisons dynastiques et n\u00e9gociations informelles qui influenc\u00e8rent le commerce et la politique. L&#039;ann\u00e9e 1870 vit la publication de la D\u00e9p\u00eache d&#039;Ems, dont la formulation diplomatique laconique contribua \u00e0 d\u00e9clencher la guerre franco-prussienne, et en 1876, le tsar Alexandre II signa ici l&#039;\u00e9dit d&#039;Ems, limitant l&#039;usage de l&#039;ukrainien. De tels \u00e9v\u00e9nements t\u00e9moignent du double caract\u00e8re de Bad Ems, \u00e0 la fois lieu de repos et sc\u00e8ne des affaires internationales.<\/p>\n<p>L&#039;ensemble architectural de la ville pr\u00e9serve ces histoires plurielles, par la pierre et l&#039;ornementation. Le long des rives se dresse le Kurhaus, construit entre 1696 et 1715, avec son aile casino du d\u00e9but du XXe si\u00e8cle et la Salle de Marbre datant des ann\u00e9es 1830. Non loin de l\u00e0, le Grand H\u00f4tel H\u00e4cker a conserv\u00e9 une grande partie de sa splendeur de 1912, construit sur les fondations de bains m\u00e9di\u00e9vaux, tandis que la Haus Vier T\u00fcrme, \u00e0 quatre tours, \u00e9rig\u00e9e en 1696, a ensuite accueilli la royaut\u00e9 en visite. De l&#039;autre c\u00f4t\u00e9 de la Lahn, un d\u00f4me en bulbe dor\u00e9 marque l&#039;\u00e9glise orthodoxe russe, achev\u00e9e en 1876 sous le patronage tsariste, et le ch\u00e2teau de Balmoral, inspir\u00e9 d&#039;une forteresse m\u00e9di\u00e9vale, rappelle ses origines des ann\u00e9es 1860, destin\u00e9es \u00e0 un noble russe. Le ch\u00e2teau de bains baroque, le monument imp\u00e9rial d\u00e9di\u00e9 \u00e0 l&#039;empereur Guillaume et l&#039;\u00e9glise n\u00e9ogothique Saint-Martin contribuent tous \u00e0 un paysage urbain coh\u00e9rent, \u00e0 la fois majestueux et intime. Des ajouts plus r\u00e9cents, comme le mus\u00e9e et le caf\u00e9 des Beatles, t\u00e9moignent d&#039;une volont\u00e9 d&#039;\u00e9largir le programme culturel au-del\u00e0 de la seule histoire thermale.<\/p>\n<p>Si les b\u00e2timents patrimoniaux t\u00e9moignent de la splendeur pass\u00e9e, les \u00e9tablissements de sant\u00e9 contemporains t\u00e9moignent de l&#039;\u00e9volution de la ville. Les thermes Emser, situ\u00e9s au bord de la rivi\u00e8re, offrent des vues panoramiques et des bassins aliment\u00e9s directement par la source Robert-Kampe. Dans le Kurhaus historique, plusieurs sources jaillissent encore pour des cures thermales, encadr\u00e9es par des int\u00e9rieurs richement d\u00e9cor\u00e9s. L&#039;expertise m\u00e9dicale s&#039;\u00e9tend \u00e0 quatre cliniques de r\u00e9adaptation\u00a0: la clinique Hufeland, la clinique Lahntal, la clinique de r\u00e9adaptation VAMED et l&#039;h\u00f4pital Malberg, ainsi qu&#039;\u00e0 un h\u00f4pital de soins intensifs et un cabinet priv\u00e9 de m\u00e9decine holistique. Depuis 1992, le centre de sant\u00e9 ayurv\u00e9dique Maharishi est la plus grande clinique ayurv\u00e9dique priv\u00e9e d&#039;Europe, proposant des soins traditionnels au sein du quartier thermal. Chaque ann\u00e9e, les Journ\u00e9es de la sant\u00e9 de Bad Emser r\u00e9unissent experts et curieux au Kursaal, soulignant ainsi l&#039;importance constante de la ville en mati\u00e8re d&#039;\u00e9ducation \u00e0 la sant\u00e9.<\/p>\n<p>Au-del\u00e0 de son industrie du bien-\u00eatre, Bad Ems soutient une \u00e9conomie locale diversifi\u00e9e. Le tourisme, port\u00e9 par son classement au patrimoine mondial de l&#039;UNESCO, son architecture patrimoniale et son environnement naturel pr\u00e9serv\u00e9, demeure primordial. Les services m\u00e9dicaux \u2013 de la r\u00e9\u00e9ducation orthop\u00e9dique \u00e0 la pneumologie, en passant par l&#039;allergologie, la m\u00e9decine du sommeil et la naturopathie \u2013 attirent des patients qui combinent souvent soins et s\u00e9jours de loisirs. Un modeste secteur \u00e9lectrotechnique fournit les \u00e9quipements de spa, tandis que l&#039;extraction et le traitement de l&#039;eau min\u00e9rale alimentent la production de sels, d&#039;eau en bouteille et de pastilles. Staatsbad Bad Ems GmbH, la soci\u00e9t\u00e9 municipale qui supervise l&#039;exploitation des sources et l&#039;octroi des licences, garantit la fiabilit\u00e9 des mati\u00e8res premi\u00e8res pour ces produits et g\u00e8re une branche commerciale qui atteint les march\u00e9s internationaux. Ce mod\u00e8le \u00e9quilibr\u00e9 att\u00e9nue les fluctuations saisonni\u00e8res de la fr\u00e9quentation touristique en ancrant la prosp\u00e9rit\u00e9 de la ville \u00e0 la fois dans l&#039;h\u00f4tellerie et la distribution industrielle.<\/p>\n<p>La connectivit\u00e9 est le fondement de cette \u00e9conomie multiforme. Le Bahnhofsgeb\u00e4ude de la gare de Bad Ems dessert le chemin de fer de la vall\u00e9e de la Lahn, avec des services express et r\u00e9gionaux reliant Coblence Stadtmitte en moins d&#039;une demi-heure, la gare centrale de Francfort en un peu plus d&#039;une heure et demie, la gare centrale de Cologne en moins de deux heures, et des trains directs occasionnels pour Berlin en moins de six heures. Une halte secondaire \u00e0 Bad Ems Ouest am\u00e9liore la commodit\u00e9 locale. Pour gravir les falaises surplombant la ville, le funiculaire Kurwaldbahn \u2013 l&#039;un des plus raides au monde \u2013 transporte 20 passagers par cabine jusqu&#039;\u00e0 132 m\u00e8tres en moins de deux minutes, offrant un panorama imprenable. Circulant toutes les sept minutes du petit matin jusqu&#039;\u00e0 tard le soir, il relie le point de vue de la Bismarckturm et les sentiers de la station thermale, offrant \u00e0 la fois un acc\u00e8s pratique et une attraction \u00e0 part enti\u00e8re.<\/p>\n<p>Ces derni\u00e8res ann\u00e9es, des investissements cibl\u00e9s ont \u00e9t\u00e9 r\u00e9alis\u00e9s pour assurer l&#039;avenir de Bad Ems. La r\u00e9novation du club de golf, con\u00e7ue par Josef Poetter avec la vision de Thomas Himmel, permettra de restaurer les fairways et les greens, d&#039;installer de nouveaux d\u00e9parts, d&#039;am\u00e9liorer l&#039;irrigation avec des syst\u00e8mes Rain Bird et de cr\u00e9er une nouvelle zone d&#039;entra\u00eenement au jeu court. Pr\u00e9vu pour s&#039;achever en 2026 et pour une r\u00e9ouverture avant son centenaire en 2027, ce projet vise \u00e0 prolonger la saisonnalit\u00e9 des offres de loisirs et \u00e0 attirer les amateurs de golf aux c\u00f4t\u00e9s des curistes. En octobre 2025, l&#039;Emser Therme Hotel participera au IAKS Pool Study Tour, une vitrine des centres aquatiques exemplaires, t\u00e9moignant de la reconnaissance du secteur pour sa conception et son fonctionnement durable. Parall\u00e8lement, des programmes musicaux annuels \u2013 des concerts au Kurpark au bord de l&#039;eau au Festival gegen den Strom \u2013 ainsi que le d\u00e9fil\u00e9 fleuri du Bartholom\u00e4usmarkt, perp\u00e9tuent la tradition locale et la fra\u00eecheur de l&#039;atmosph\u00e8re.<\/p>\n<p>Tout au long de son histoire, Bad Ems a fait preuve de r\u00e9silience en adaptant ses atouts aux besoins contemporains. Ses sources naturelles, autrefois principalement associ\u00e9es au m\u00e9c\u00e9nat de la noblesse, abritent aujourd&#039;hui sous un m\u00eame toit des th\u00e9rapies m\u00e9dicales, des produits commerciaux et des pratiques holistiques. Ses imposants b\u00e2timents, autrefois de salons aristocratiques, sont devenus des lieux dynamiques d\u00e9di\u00e9s \u00e0 la culture, \u00e0 l&#039;hospitalit\u00e9 et aux conf\u00e9rences. Son \u00e9conomie est pass\u00e9e de l&#039;exploitation des minerais m\u00e9talliques \u00e0 l&#039;exploitation des offres de bien-\u00eatre, mais le principe fondamental demeure constant\u00a0: exploiter les ressources locales avec discernement et innovation. Le classement de la ville par l&#039;UNESCO cimente son identit\u00e9 dans un r\u00e9cit europ\u00e9en plus large, tandis que les investissements dans les infrastructures et les programmes garantissent son \u00e9volution plut\u00f4t que sa scl\u00e9rose.<\/p>\n<p>Exemple convaincant de pr\u00e9servation adaptative, Bad Ems allie h\u00e9ritage imp\u00e9rial et vitalit\u00e9 moderne. Une promenade le long des berges de la Lahn r\u00e9v\u00e8le des histoires \u00e0 plusieurs niveaux\u00a0: fortifications romaines \u00e0 moiti\u00e9 dissimul\u00e9es dans la for\u00eat, fa\u00e7ades baroques bordant les promenades et murs de verre d&#039;un complexe thermal contemporain refl\u00e9tant la lumi\u00e8re du fleuve. \u00c0 midi, les visiteurs peuvent siroter une eau min\u00e9rale br\u00fblante dans une salle du XVIIIe\u00a0si\u00e8cle, passer l&#039;apr\u00e8s-midi en s\u00e9ance de r\u00e9\u00e9ducation et, le soir, assister \u00e0 un r\u00e9cital de musique de chambre dans la salle de marbre du Kursaal. Le lendemain matin, les golfeurs testent des bunkers r\u00e9am\u00e9nag\u00e9s avant de parcourir \u00e0 v\u00e9lo la r\u00e9serve naturelle de Nassau. Cette synth\u00e8se de ressourcement, d&#039;histoire et de loisirs n&#039;est pas fortuite\u00a0; elle est le fruit d&#039;une gestion d\u00e9lib\u00e9r\u00e9e qui respecte le pass\u00e9 sans c\u00e9der \u00e0 la nostalgie.<\/p>\n<p>L&#039;attrait durable de Bad Ems r\u00e9side dans cet \u00e9quilibre\u00a0: la permanence de ses sources, la dignit\u00e9 de son architecture, l&#039;\u00e9tendue de son expertise m\u00e9dicale et le dynamisme de sa vie culturelle. Son inscription au patrimoine mondial de l&#039;UNESCO est plus qu&#039;une simple plaque\u00a0; elle offre un cadre de pr\u00e9servation et de promotion, invitant de nouveaux publics \u00e0 d\u00e9couvrir ses qualit\u00e9s distinctives. En alliant la r\u00e9utilisation adaptative de structures historiques \u00e0 des services de bien-\u00eatre et de loisirs de pointe, la ville s&#039;affirme \u00e0 une \u00e9poque o\u00f9 les voyageurs recherchent autant la profondeur que le bien-\u00eatre. Ainsi, Bad Ems se pr\u00e9sente non seulement comme un monument \u00e0 une tradition thermale s\u00e9culaire, mais aussi comme une entit\u00e9 vivante, constamment rafra\u00eechie par ses eaux et par l&#039;imagination de ceux qui fa\u00e7onnent son avenir.<\/p>","protected":false},"excerpt":{"rendered":"<p>Situ\u00e9e sur les rives de la Lahn, en Rh\u00e9nanie-Palatinat, en Allemagne, Bad Ems est une ville idyllique au pass\u00e9 charg\u00e9 d&#039;histoire, comptant environ 9\u00a0000 habitants. Cette charmante ville, chef-lieu de la r\u00e9gion rurale du Rhin-Lahn, est r\u00e9put\u00e9e pour ses sources thermales aux vertus th\u00e9rapeutiques, qui attirent des visiteurs depuis des g\u00e9n\u00e9rations. Sa position strat\u00e9gique, s&#039;\u00e9tendant sur les deux rives de la Lahn, la place \u00e0 la fronti\u00e8re naturelle entre le Taunus et le Westerwald, deux r\u00e9gions distinctes des monts d&#039;ardoise rh\u00e9nans. L&#039;histoire de Bad Ems remonte \u00e0 l&#039;\u00e9poque romaine, lorsqu&#039;un castrum fut \u00e9tabli dans le cadre du limes germanique sup\u00e9rieur, la d\u00e9fense frontali\u00e8re romaine. Malgr\u00e9 les rares vestiges de cet ancien \u00e9difice, les for\u00eats adjacentes conservent encore des traces de l&#039;ancienne fronti\u00e8re romaine, offrant un lien concret avec l&#039;histoire lointaine de la r\u00e9gion.<\/p>","protected":false},"author":1,"featured_media":17503,"parent":13736,"menu_order":0,"comment_status":"closed","ping_status":"closed","template":"elementor_theme","meta":{"_eb_attr":"","footnotes":""},"class_list":["post-16596","page","type-page","status-publish","has-post-thumbnail"],"_links":{"self":[{"href":"https:\/\/travelshelper.com\/fr\/wp-json\/wp\/v2\/pages\/16596","targetHints":{"allow":["GET"]}}],"collection":[{"href":"https:\/\/travelshelper.com\/fr\/wp-json\/wp\/v2\/pages"}],"about":[{"href":"https:\/\/travelshelper.com\/fr\/wp-json\/wp\/v2\/types\/page"}],"author":[{"embeddable":true,"href":"https:\/\/travelshelper.com\/fr\/wp-json\/wp\/v2\/users\/1"}],"replies":[{"embeddable":true,"href":"https:\/\/travelshelper.com\/fr\/wp-json\/wp\/v2\/comments?post=16596"}],"version-history":[{"count":0,"href":"https:\/\/travelshelper.com\/fr\/wp-json\/wp\/v2\/pages\/16596\/revisions"}],"up":[{"embeddable":true,"href":"https:\/\/travelshelper.com\/fr\/wp-json\/wp\/v2\/pages\/13736"}],"wp:featuredmedia":[{"embeddable":true,"href":"https:\/\/travelshelper.com\/fr\/wp-json\/wp\/v2\/media\/17503"}],"wp:attachment":[{"href":"https:\/\/travelshelper.com\/fr\/wp-json\/wp\/v2\/media?parent=16596"}],"curies":[{"name":"wp","href":"https:\/\/api.w.org\/{rel}","templated":true}]}}