{"id":16587,"date":"2024-09-23T13:26:36","date_gmt":"2024-09-23T13:26:36","guid":{"rendered":"https:\/\/travelshelper.com\/staging\/?page_id=16587"},"modified":"2026-03-12T00:18:49","modified_gmt":"2026-03-12T00:18:49","slug":"bad-durkheim","status":"publish","type":"page","link":"https:\/\/travelshelper.com\/fr\/destinations\/europe\/germany\/bad-durkheim\/","title":{"rendered":"Bad D\u00fcrkheim"},"content":{"rendered":"<p>Situ\u00e9e au c\u0153ur de la r\u00e9gion m\u00e9tropolitaine Rhin-Neckar, Bad D\u00fcrkheim s&#039;\u00e9tend sur une vingtaine de kilom\u00e8tres, de la source de l&#039;Isenach jusqu&#039;\u00e0 la plaine du Rhin, en passant par ses prairies alluviales. Avec une population de 19\u00a0331 habitants (2020) et si\u00e8ge administratif de l&#039;arrondissement du m\u00eame nom \u2013 deuxi\u00e8me plus grand apr\u00e8s Ha\u00dfloch \u2013, elle allie l&#039;intimit\u00e9 d&#039;une station thermale de taille moyenne au dynamisme d&#039;un centre r\u00e9gional. Situ\u00e9e \u00e0 vingt kilom\u00e8tres \u00e0 l&#039;ouest de Ludwigshafen et Mannheim et \u00e0 trente kilom\u00e8tres \u00e0 l&#039;est de Kaiserslautern, cette localit\u00e9 sur la Route des vins allemande allie des si\u00e8cles d&#039;activit\u00e9 humaine \u00e0 la beaut\u00e9 sauvage de la for\u00eat palatine.<\/p>\n<p>Nich\u00e9 imm\u00e9diatement \u00e0 l&#039;est du massif du Haardt, les contreforts escarp\u00e9s de la for\u00eat centrale du Palatinat, le c\u0153ur de la ville de Bad D\u00fcrkheim s&#039;\u00e9tend le long de la douce vall\u00e9e de l&#039;Isenach. Depuis le r\u00e9servoir forestier frais de l&#039;Isenachweiher, la rivi\u00e8re descend \u00e0 travers les scieries et les papeteries qui exploitaient autrefois son d\u00e9bit, longeant le centre historique et p\u00e9n\u00e9trant dans les prairies humides saisonni\u00e8res du D\u00fcrkheimer Bruch. \u00c0 mesure que la vall\u00e9e s&#039;\u00e9largit vers la plaine du Rhin, les zones industrielles et la station d&#039;\u00e9puration municipale marquent la phase moderne du peuplement, t\u00e9moignant de l&#039;adaptation de la ville aux mutations \u00e9conomiques au fil des si\u00e8cles.<\/p>\n<p>Le territoire municipal s&#039;\u00e9tend vers l&#039;ouest, dans les hautes terres bois\u00e9es, englobant une constellation de sommets. Le Drachenfels, \u00e0 570,8 m, domine l&#039;horizon \u00e0 l&#039;ouest, tandis que le Weilerskopf (470 m) monte la garde \u00e0 la fronti\u00e8re avec Herxheim am Berg. Plus pr\u00e8s de la ville, les modestes hauteurs du Michelsberg (147,4 m) et du Fuchsmantel (224 m) rappellent le patrimoine viticole, leurs pentes \u00e9tant depuis longtemps cultiv\u00e9es pour la vigne. Au nord, le Kleine Peterskopf et le Teufelsstein percent l&#039;horizon, et plus loin encore, le Mainzer Berg et le Bellenscheid se dressent, t\u00e9moins discrets de la relation durable de la ville avec son environnement naturel. Deux lacs \u2013 le Herzogweiher \u00e0 la limite nord de Grethen et l&#039;Almensee dans la plaine du Rhin \u2013 offrent des reflets apaisants du ciel et des bois.<\/p>\n<p>Des cours d&#039;eau sillonnent le paysage au-del\u00e0 de l&#039;Isenach. Le Kirschbach, le Dreibrunnentalbach et le St\u00fctertalbach creusent des gorges bois\u00e9es, ce dernier \u00e9tant rejoint par le Glash\u00fcttentalbach dans une nature sauvage ininterrompue de sa source \u00e0 son confluent. Au nord-est, le Schlittgraben \u00e9merge bri\u00e8vement avant de traverser la ville voisine d&#039;Erpolzheim. Ses rives ont \u00e9t\u00e9 r\u00e9cemment fortifi\u00e9es par six bassins de r\u00e9tention des crues et un barrage achev\u00e9 en 2023, dans le cadre d&#039;un vaste programme de renaturalisation du Bruch entam\u00e9 en 2019. D&#039;autres ruisseaux, comme le Glasbach et ses affluents, le Schwabenbach et l&#039;Erlenbach, marquent les limites communales avant de s&#039;\u00e9couler vers Frankenstein et Fischbach.<\/p>\n<p>Le climat ici est caract\u00e9ris\u00e9 par une chaleur et une s\u00e9cheresse relative. Une moyenne annuelle de 11,1 \u00b0C et 574 mm de pr\u00e9cipitations placent Bad D\u00fcrkheim parmi les r\u00e9gions les plus s\u00e8ches d&#039;Allemagne\u00a0; seules 16\u00a0% des stations m\u00e9t\u00e9orologiques enregistrent des pr\u00e9cipitations plus faibles. F\u00e9vrier est g\u00e9n\u00e9ralement le mois le plus sec, tandis que mai apporte les plus fortes averses, bien que les variations saisonni\u00e8res soient minimes par rapport aux normes nationales. Des brises ascendantes chaudes en journ\u00e9e s&#039;\u00e9l\u00e8vent de la plaine du Rhin vers les collines, s&#039;inversent la nuit pour descendre \u00e0 travers les terrasses viticoles, rafra\u00eechissant le fond de la vall\u00e9e. Deux stations m\u00e9t\u00e9orologiques, l&#039;une sur l&#039;a\u00e9rodrome exploit\u00e9e par le Service m\u00e9t\u00e9orologique allemand et l&#039;autre par la M\u00e9t\u00e9orologie agricole de Rh\u00e9nanie-Palatinat \u00e0 Neuberg, surveillent ces subtiles tendances.<\/p>\n<p>L&#039;habitat humain gravite depuis longtemps autour des rives et des pentes. Le centre-ville est rejoint par Grethen, Hardenburg, Seebach, Trift, S\u00e4gm\u00fchle, Ungstein et Leistadt, chacune portant des traces d&#039;origines m\u00e9di\u00e9vales, de consolidations ult\u00e9rieures et d&#039;incorporations au XXe si\u00e8cle qui ont doubl\u00e9 la population du d\u00e9but des ann\u00e9es 1900 \u00e0 nos jours. En 1815, moins de 5\u00a0000 habitants r\u00e9sidaient ici\u00a0; en 1925, ce nombre \u00e9tait pass\u00e9 \u00e0 7\u00a0060, et apr\u00e8s de multiples incorporations et une expansion r\u00e9sidentielle moderne, il a atteint 19\u00a0331 en 2020. Entre 2013 et 2023, la population est rest\u00e9e pratiquement stable \u2013 une croissance de 2,4\u00a0% sur une d\u00e9cennie \u2013 \u00e9quilibr\u00e9e entre un taux de natalit\u00e9 plus faible et une mortalit\u00e9 plus \u00e9lev\u00e9e, compens\u00e9e par l&#039;immigration. L&#039;\u00e9volution d\u00e9mographique vers une population plus \u00e2g\u00e9e est \u00e9vidente\u00a0: fin 2023, 26,5\u00a0% des habitants avaient plus de 65\u00a0ans, contre 17,7\u00a0% dix ans plus t\u00f4t. Les adultes en \u00e2ge de travailler (20 \u00e0 65\u00a0ans) repr\u00e9sentent 56,2\u00a0% du total, ce qui rend la ville l\u00e9g\u00e8rement plus \u00e2g\u00e9e que son district.<\/p>\n<p>L&#039;appartenance religieuse a \u00e9galement \u00e9volu\u00e9. Le recensement de 2011 enregistrait 40,6 % de protestants et 24,9 % de catholiques, le reste \u00e9tant non confessionnel ou adepte d&#039;autres confessions. Au 30 avril 2025, ces proportions \u00e9taient tomb\u00e9es \u00e0 28,4 % de protestants et 19,3 % de catholiques, tandis que 52,3 % se sont identifi\u00e9s autrement ou ont choisi de ne pas le faire.<\/p>\n<p>Le patrimoine culturel fa\u00e7onne la silhouette de la ville. Treize zones patrimoniales pr\u00e9servent des monuments allant de l&#039;abbaye b\u00e9n\u00e9dictine de Limbourg (IXe si\u00e8cle) aux ruines du ch\u00e2teau de Hardenburg, si\u00e8ge des comtes de Leiningen jusqu&#039;\u00e0 sa destruction \u00e0 la fin du XVIIIe si\u00e8cle. Les fondations du ch\u00e2teau de Schlosseck, datant du Xe si\u00e8cle, se dressent au milieu de clairi\u00e8res foresti\u00e8res, tandis que la villa rustica de Weilberg offre un aper\u00e7u en plein air de la vie rurale romaine. \u00c0 l&#039;ouest de Hardenburg, le pavillon forestier de J\u00e4gerthal rappelle les nobles traditions de la chasse.<\/p>\n<p>Dans la ville, les maisons foresti\u00e8res portent les noms fantaisistes de Kehrdichannichts, Murrmirnichtviel et Schaudichnichtum. Seule Kehrdichannichts est encore en usage\u00a0; les autres ne sont que des vestiges d\u00e9labr\u00e9s de l&#039;esprit aristocratique. L&#039;\u00e9glise protestante du ch\u00e2teau, autrefois Saint-Jean, date de la fin du XIIIe si\u00e8cle. Son clocher de 70\u00a0m\u00e8tres est l&#039;un des plus hauts du Palatinat ant\u00e9rieur, juste derri\u00e8re les deux fl\u00e8ches de la cath\u00e9drale de Spire. Reconstruite apr\u00e8s les destructions de la guerre, la cloche de 317\u00a0kg de l&#039;\u00e9glise, sonn\u00e9e \u00e0 la main, marque les heures comm\u00e9moratives\u00a0: chaque ann\u00e9e le 18\u00a0mars \u00e0 14\u00a0h pour les bombardements de 1945, et le premier samedi de l&#039;Avent \u00e0 17\u00a0h pour annoncer la nouvelle ann\u00e9e liturgique.<\/p>\n<p>De l&#039;autre c\u00f4t\u00e9 du march\u00e9, \u00e0 l&#039;\u00e9glise Ludwigskirche, les colonnes n\u00e9oclassiques et le m\u00e9c\u00e9nat royal bavarois \u00e9voquent les plans de Johann Bernhard Spatz, inspir\u00e9s de Ramburg. \u00c0 l&#039;int\u00e9rieur, le retable de Paul Thalheimer, datant de 1938, repr\u00e9sente la crucifixion avec une image singuli\u00e8re, autrefois inaper\u00e7ue, d&#039;Adolf Hitler en voleur repenti, une note historique troublante et un tr\u00e9sor r\u00e9gional unique.<\/p>\n<p>L&#039;h\u00e9ritage pr\u00e9historique et romain perdure dans les terrassements et les carri\u00e8res. Le rempart celtique de deux kilom\u00e8tres du Heidenmauer, construit vers 500 av. J.-C., entoure une colline bois\u00e9e d&#039;une fortification circulaire. La carri\u00e8re de Kriemhildenstuhl r\u00e9v\u00e8le un travail de la pierre du IVe si\u00e8cle, dont les murs stri\u00e9s t\u00e9moignent des ambitions imp\u00e9riales.<\/p>\n<p>La vie moderne se concentre au Kurhaus, dont la tour de graduation de sel \u2013 localement appel\u00e9e \u00ab\u00a0Saline\u00a0\u00bb \u2013 ancre les jardins thermaux con\u00e7us pour les loisirs et les inhalations th\u00e9rapeutiques de sel. Les salles de r\u00e9ception adjacentes abritent le casino de D\u00fcrkheim, tandis que la tour Vigil, perch\u00e9e sur une colline viticole, incarne la fusion entre architecture spectaculaire et patrimoine viticole de la ville.<\/p>\n<p>Les mus\u00e9es pr\u00e9servent l&#039;histoire naturelle et humaine. \u00c0 Grethen, le moulin Herzogm\u00fchle abrite le Mus\u00e9e d&#039;histoire naturelle du Palatinat \u2013 famili\u00e8rement appel\u00e9 Mus\u00e9e Pollichia, d&#039;apr\u00e8s la soci\u00e9t\u00e9 qu&#039;il servait dans les ann\u00e9es 1840 avant de s&#039;installer d\u00e9finitivement \u00e0 Grethen en 1981. La Maison Catoir, en centre-ville, s&#039;\u00e9tend sur plus de 800 m\u00b2 et abrite le mus\u00e9e d&#039;histoire locale. Ses expositions vont de l&#039;arch\u00e9ologie romaine \u00e0 la vie de personnalit\u00e9s telles que Johannes Fitz et Rosa Maas. Une biblioth\u00e8que publique, une \u00e9cole de musique, des acad\u00e9mies de ballet et de danse nourrissent la cr\u00e9ativit\u00e9, compl\u00e9t\u00e9es par des clubs et associations\u00a0: le Theater an der Weinstra\u00dfe, l&#039;atelier ouvert Haus Catoir, l&#039;Association artistique de Bad D\u00fcrkheim, des soci\u00e9t\u00e9s de carnaval, des fanfares et dix autres ensembles qui perp\u00e9tuent la m\u00e9lodie et la tradition.<\/p>\n<p>Des festivals ponctuent le calendrier. Chaque week-end de l&#039;Ascension, la f\u00eate du village organise des courses de canards sur l&#039;Isenach\u00a0; en mai, le pique-nique des vignerons et le march\u00e9 d&#039;art animent les sentiers viticoles. En septembre, le Wurstmarkt attire plus de 600\u00a0000 visiteurs pour la plus grande f\u00eate du vin au monde, dont les origines remontent \u00e0 un march\u00e9 de saucisses et de crus de 1416, aujourd&#039;hui partag\u00e9 par les vignobles locaux et les associations civiques. \u00c0 la mi-mars, la Nuit des Vignobles transforme six kilom\u00e8tres de coteaux en couloirs de d\u00e9gustation illumin\u00e9s. Tous les trois \u00e9t\u00e9s, le Prix Limbourgeois de Litt\u00e9rature c\u00e9l\u00e8bre les lettres r\u00e9gionales, tandis que le carillon des dix cloches de l&#039;Avent marque le renouveau saisonnier.<\/p>\n<p>Autrefois un \u00e9v\u00e9nement incontournable, le festival de com\u00e9die SWR3 a diverti le public pendant trois jours de 2016 \u00e0 2024 ; la plus grande roue de roulette du monde a tourn\u00e9 dans les jardins du spa entre 1997 et 2007. En 1951, le groupe 47 s&#039;est r\u00e9uni ici, d\u00e9cernant \u00e0 Heinrich B\u00f6ll son prix litt\u00e9raire, t\u00e9moignage de la place modeste mais r\u00e9sonnante de la ville dans l&#039;histoire culturelle d&#039;apr\u00e8s-guerre.<\/p>\n<p>La vie \u00e9conomique allie tradition et innovation. En 2022, les services repr\u00e9sentaient 86 % de l&#039;emploi local, l&#039;industrie manufacturi\u00e8re 11 % et l&#039;agriculture et la sylviculture un peu moins de 3 %. Sur environ 8\u00a0700 travailleurs, quelque 3\u00a0500 effectuent des trajets domicile-travail et 4\u00a0000 des d\u00e9placements domicile-travail, t\u00e9moignant de l&#039;interd\u00e9pendance r\u00e9gionale de la ville. Le projet d&#039;agrandissement de seize hectares de la zone industrielle de Bruch promet une croissance suppl\u00e9mentaire.<\/p>\n<p>La viticulture reste pr\u00e9dominante\u00a0: avec 819\u00a0ha de vignes, Bad D\u00fcrkheim se classe troisi\u00e8me parmi les communes du Palatinat et sixi\u00e8me en Rh\u00e9nanie-Palatinat (donn\u00e9es de 2017). Des vignobles tels que Feuerberg, Hochmess et Honigs\u00e4ckel, ainsi que des parcelles plus intimes comme Abtsfronhof, Bettelhaus et Osterberg, produisent des vins g\u00e9r\u00e9s par trente-cinq domaines viticoles en activit\u00e9, dont deux coop\u00e9ratives et une cave d&#039;entreprise sociale. Le tourisme compl\u00e8te les caves. Un nouveau spa thermal, avec espace bien-\u00eatre, piscine thermale et sauna, est en construction. Ce projet de 45\u00a0millions d&#039;euros devrait ouvrir en\u00a02025, en compl\u00e9ment des piscines existantes. Des jardins thermaux, des berges renaturalis\u00e9es, des salines, une aire de jeux aquatiques et un centre Kneipp accueillent les visiteurs \u00e0 la journ\u00e9e, gr\u00e2ce \u00e0 plus de 3\u00a0500\u00a0lits dans des h\u00f4tels, des maisons d&#039;h\u00f4tes, un camping d&#039;Almensee d&#039;une capacit\u00e9 de 600\u00a0personnes et des aires de camping-cars.<\/p>\n<p>Parmi les piliers de la vie associative figurent des prestataires de soins de sant\u00e9 tels que les cliniques du groupe Median, des institutions financi\u00e8res comme VR Bank Mittelhaardt eG, des fabricants sp\u00e9cialis\u00e9s d&#039;\u00e9quipements viticoles, des soci\u00e9t\u00e9s d&#039;essais automobiles et la marque de jantes en alliage ATS Leichtmetallr\u00e4der. Parmi les employeurs publics, on compte des services publics municipaux, des \u00e9coles, le tribunal de grande instance, le commissariat de police et l&#039;agence pour l&#039;emploi. L&#039;association Lebenshilfe Bad D\u00fcrkheim, quant \u00e0 elle, soutient les services sociaux avec plus de 400 employ\u00e9s.<\/p>\n<p>La sylviculture se refl\u00e8te dans la participation s\u00e9culaire de la ville au r\u00e9seau Hartgereiden, si\u00e8ge d&#039;un office forestier et maisons de garde foresti\u00e8res reconverties en restaurants. Les r\u00e9seaux de transport unissent la ville \u00e0 sa r\u00e9gion\u00a0: en 1865, la ligne de chemin de fer du Palatinat du Nord atteignit D\u00fcrkheim, puis fut prolong\u00e9e jusqu&#039;\u00e0 Monsheim. Des trains r\u00e9gionaux relient d\u00e9sormais Gr\u00fcnstadt et Neustadt deux fois par heure, et Mannheim en une heure. Le tramway \u00e0 voie \u00e9troite Rhin-Haardt, construit en 1913, assure un service interurbain vers Ludwigshafen et Mannheim, avec des prolongements jusqu&#039;\u00e0 Heidelberg le week-end. Cinq lignes de bus convergent \u00e0 la gare, offrant des correspondances avec le train et le tramway. Les routes f\u00e9d\u00e9rales 37 et 271 s&#039;y croisent, et l&#039;autoroute A650 menant \u00e0 Ludwigshafen se trouve \u00e0 quelques minutes du centre. Un a\u00e9rodrome \u00e0 c\u00f4t\u00e9 d&#039;Almensee permet aux avions l\u00e9gers d&#039;acc\u00e9der \u00e0 ce r\u00e9seau de transport.<\/p>\n<p>Les amateurs de plein air trouveront une infinit\u00e9 de sentiers : pistes cyclables jalonnant les dynasties saliennes, sentiers de la moutarde et du rutabaga, sentiers des amandiers en fleurs, r\u00e9seaux de randonn\u00e9e longue distance Sarre-Rhin-Main et Sarre-Palatinat, sans oublier le Pf\u00e4lzer Weinsteig et le H\u00fcttensteig. Des balises, compos\u00e9es de barres blanches et rouges, de barres bleues, de croix jaunes, de points noirs et de symboles rouges et verts, guident les randonneurs \u00e0 travers les for\u00eats de ch\u00eanes et de h\u00eatres, jusqu&#039;\u00e0 des refuges comme le Limburgblick, le Frankenthaler H\u00fctte, Weilach et le isol\u00e9 Waldhaus Lambertskreuz. L&#039;ancienne Fronm\u00fchle accueille aujourd&#039;hui ses h\u00f4tes sous forme d&#039;auberge rurale.<\/p>\n<p>Les multiples facettes de l&#039;histoire et de la nature de Bad D\u00fcrkheim convergent vers un lieu \u00e0 la fois familier et riche en nuances\u00a0: des terrasses de vignes encadrent des ruines m\u00e9di\u00e9vales, des sentiers forestiers m\u00e8nent \u00e0 d&#039;anciens remparts et le cours r\u00e9gulier de l&#039;Isenach refl\u00e8te des g\u00e9n\u00e9rations de vie humaine. Ici, les rythmes du climat et de la culture, des festivals et de la saison des jach\u00e8res, v\u00e9hiculent un r\u00e9cit aussi complexe que le paysage lui-m\u00eame, invitant \u00e0 une r\u00e9flexion attentive sur la r\u00e9silience et la continuit\u00e9 qui caract\u00e9risent cette station thermale.<\/p>","protected":false},"excerpt":{"rendered":"<p>Situ\u00e9e dans la r\u00e9gion m\u00e9tropolitaine Rhin-Neckar, Bad D\u00fcrkheim est une charmante station thermale et le chef-lieu de l&#039;arrondissement de Bad D\u00fcrkheim, en Rh\u00e9nanie-Palatinat, en Allemagne. Cette charmante ville, qui compte plus de 20\u00a0000 habitants, est r\u00e9put\u00e9e pour son riche pass\u00e9, son industrie viticole florissante et ses centres de bien-\u00eatre. Situ\u00e9e \u00e0 la lisi\u00e8re de la for\u00eat du Palatinat, le long de la Route des vins allemande, Bad D\u00fcrkheim se trouve \u00e0 environ 30 kilom\u00e8tres \u00e0 l&#039;est de Kaiserslautern et \u00e0 pr\u00e8s de 20 kilom\u00e8tres \u00e0 l&#039;ouest de Ludwigshafen et de Mannheim.<\/p>","protected":false},"author":1,"featured_media":17562,"parent":13736,"menu_order":0,"comment_status":"closed","ping_status":"closed","template":"elementor_theme","meta":{"_eb_attr":"","footnotes":""},"class_list":["post-16587","page","type-page","status-publish","has-post-thumbnail"],"_links":{"self":[{"href":"https:\/\/travelshelper.com\/fr\/wp-json\/wp\/v2\/pages\/16587","targetHints":{"allow":["GET"]}}],"collection":[{"href":"https:\/\/travelshelper.com\/fr\/wp-json\/wp\/v2\/pages"}],"about":[{"href":"https:\/\/travelshelper.com\/fr\/wp-json\/wp\/v2\/types\/page"}],"author":[{"embeddable":true,"href":"https:\/\/travelshelper.com\/fr\/wp-json\/wp\/v2\/users\/1"}],"replies":[{"embeddable":true,"href":"https:\/\/travelshelper.com\/fr\/wp-json\/wp\/v2\/comments?post=16587"}],"version-history":[{"count":0,"href":"https:\/\/travelshelper.com\/fr\/wp-json\/wp\/v2\/pages\/16587\/revisions"}],"up":[{"embeddable":true,"href":"https:\/\/travelshelper.com\/fr\/wp-json\/wp\/v2\/pages\/13736"}],"wp:featuredmedia":[{"embeddable":true,"href":"https:\/\/travelshelper.com\/fr\/wp-json\/wp\/v2\/media\/17562"}],"wp:attachment":[{"href":"https:\/\/travelshelper.com\/fr\/wp-json\/wp\/v2\/media?parent=16587"}],"curies":[{"name":"wp","href":"https:\/\/api.w.org\/{rel}","templated":true}]}}