{"id":16545,"date":"2024-09-23T12:31:13","date_gmt":"2024-09-23T12:31:13","guid":{"rendered":"https:\/\/travelshelper.com\/staging\/?page_id=16545"},"modified":"2026-03-12T00:13:07","modified_gmt":"2026-03-12T00:13:07","slug":"bad-aibling","status":"publish","type":"page","link":"https:\/\/travelshelper.com\/fr\/destinations\/europe\/germany\/bad-aibling\/","title":{"rendered":"Bad Aibling"},"content":{"rendered":"<p>Situ\u00e9e sur les rives de la rivi\u00e8re Mangfall, \u00e0 environ 56 kilom\u00e8tres au sud-est de Munich, Bad Aibling s&#039;\u00e9tend sur 41,55 kilom\u00e8tres carr\u00e9s \u00e0 une altitude de 498 m\u00e8tres et compte environ 18\u00a0000 habitants. Cette station thermale bavaroise, dont le nom appara\u00eet pour la premi\u00e8re fois dans les annales de 804 sous le nom d&#039;\u00ab\u00a0Epininga\u00a0\u00bb, a \u00e9volu\u00e9 au fil des mill\u00e9naires de colonisation humaine pour devenir un lieu o\u00f9 richesse g\u00e9ologique, patrimoine architectural et t\u00e9moignages de l&#039;histoire convergent \u00e0 parts \u00e9gales.<\/p>\n<p>J.-C., des tribus celtes cultiv\u00e8rent les plaines fertiles et les lisi\u00e8res bois\u00e9es autour du Mangfall, laissant derri\u00e8re elles des traces de leur vie agricole et rituelle. L&#039;arriv\u00e9e des occupants romains au Ier si\u00e8cle av. J.-C. introduisit de nouvelles routes et des infrastructures rudimentaires, mais c&#039;est la migration des Bavarois au Ve si\u00e8cle apr. J.-C. qui \u00e9tablit les fondements culturels encore palpables dans le dialecte et les coutumes de la ville. Au Moyen \u00c2ge, la colonie \u2013 mentionn\u00e9e en 1166 sous le nom d&#039;\u00ab Aibilingen \u00bb dans le Codex diplomaticus Falkensteinensis \u2013 servait de centre administratif au sein du domaine des comtes de Falkenstein. Apr\u00e8s l&#039;extinction de la lign\u00e9e des Neubourg-Falkenstein, ce territoire passa aux mains de la dynastie des Wittelsbach, dont l&#039;influence fa\u00e7onna une grande partie du paysage politique et architectural ult\u00e9rieur de la Bavi\u00e8re.<\/p>\n<p>Ce n&#039;est qu&#039;au milieu du XIXe si\u00e8cle que Bad Aibling commen\u00e7a \u00e0 cultiver sa r\u00e9putation de destination sant\u00e9 et bien-\u00eatre. En 1845, le m\u00e9decin Desiderius Beck fut le pionnier des traitements th\u00e9rapeutiques utilisant la tourbe abondante de la ville, proposant des bains de pulpe de tourbe qui allaient devenir un pilier de son tourisme m\u00e9dical. En l&#039;espace de cinq d\u00e9cennies, l&#039;engouement croissant pour ces soins incita l&#039;\u00c9tat bavarois \u00e0 attribuer \u00e0 la ville le pr\u00e9fixe \u00ab\u00a0Bad\u00a0\u00bb, la reconnaissant ainsi officiellement parmi les stations thermales et thermales allemandes en 1895. Une g\u00e9n\u00e9ration plus tard, en 1933, Bad Aibling obtint le statut de commune \u00e0 part enti\u00e8re, se dotant ainsi des structures administratives et de l&#039;identit\u00e9 civique propres \u00e0 une ville moderne.<\/p>\n<p>Les ann\u00e9es turbulentes de la Seconde Guerre mondiale et ses cons\u00e9quences ont marqu\u00e9 Bad Aibling. En 1945, la ville abritait le centre de d\u00e9mobilisation n\u00b0 26, par lequel les prisonniers de guerre allemands revenaient de captivit\u00e9 alli\u00e9e. En 1946, le terrain de la base a\u00e9rienne \u00e9tait devenu un camp de personnes d\u00e9plac\u00e9es pour les membres de l&#039;Arm\u00e9e royale yougoslave, sous administration de l&#039;UNRRA, puis de l&#039;OIR. De 1948 \u00e0 fin 1951, le village d&#039;enfants de l&#039;OIR a h\u00e9berg\u00e9 plus de 2\u00a0300 enfants et adolescents non accompagn\u00e9s de plus de vingt nationalit\u00e9s, ce qui en faisait le plus grand \u00e9tablissement de ce type dans la zone d&#039;occupation am\u00e9ricaine. Au cours des d\u00e9cennies suivantes, l&#039;ancien complexe militaire est devenu un point de convergence pour les services de renseignement. Le vestige le plus marquant de ce chapitre \u00e9tait la station de renseignement \u00e9lectromagn\u00e9tique ECHELON, exploit\u00e9e par les forces am\u00e9ricaines\u00a0; ses rad\u00f4mes, symboles de surveillance mondiale depuis longtemps, ont \u00e9t\u00e9 transf\u00e9r\u00e9s en 2005 au Bundesnachrichtendienst (BND), qui continue de les utiliser en coop\u00e9ration avec la NSA.<\/p>\n<p>Outre son importance historique, l&#039;infrastructure thermale moderne de Bad Aibling est au c\u0153ur de son \u00e9conomie et de sa vie quotidienne. En septembre 2007, apr\u00e8s un forage d&#039;eau thermale r\u00e9ussi en 2002, la ville a inaugur\u00e9 ses Thermes, un sanctuaire sous d\u00f4me proposant des bains thermaux riches en min\u00e9raux et un complexe complet de saunas, con\u00e7u par le cabinet Behnisch Architekten de Stuttgart. Avec huit saunas diff\u00e9rents, allant des chambres infus\u00e9es \u00e0 l&#039;eucalyptus aux refuges en rondins, et l&#039;ajout d&#039;un sauna flottant amarr\u00e9 sur le Triftbach en septembre 2017, les Thermes accueillent pr\u00e8s de 300\u00a0000 visiteurs par an. L&#039;int\u00e9gration de la technologie d&#039;ultrafiltration pour le traitement de l&#039;eau, la reconnaissance de la source Desiderius comme source thermale en 2008 et l&#039;agrandissement des salles de repos en d\u00e9cembre 2015 soulignent l&#039;engagement de Bad Aibling en faveur du bien-\u00eatre \u00e0 la pointe de la technologie. M\u00eame la crise d\u2019octobre 2015, lorsqu\u2019un accident au chlore gazeux a bless\u00e9 temporairement dix clients, a donn\u00e9 lieu \u00e0 une enqu\u00eate rapide et \u00e0 un renforcement des protocoles de s\u00e9curit\u00e9.<\/p>\n<p>L&#039;offre de loisirs de la ville s&#039;\u00e9tend bien au-del\u00e0 des eaux thermales. Au printemps 2008, une piscine ext\u00e9rieure, comprenant un bassin de nage, un bassin d&#039;aventure et un bassin pour enfants avec aire de jeux, a ouvert ses portes \u00e0 c\u00f4t\u00e9 des thermes. Harthausen, l&#039;un des quartiers de Bad Aibling, poss\u00e8de son propre complexe aquatique, tandis que la piscine du Centre de formation et de recherche Hermann Buhl accueille les clubs sportifs et les \u00e9coles locales. Chaque hiver, d&#039;octobre \u00e0 mars, une patinoire accueille l&#039;\u00e9quipe locale du EHC Bad Aibling, qui \u00e9volue en Ligue r\u00e9gionale Sud-Ouest, pour le patinage et le hockey. \u00c0 proximit\u00e9 des thermes, un parking pour camping-cars de 31 places, nich\u00e9 au bord du Triftbach, offre un acc\u00e8s 24h\/24 \u00e0 la d\u00e9tente en for\u00eat. La vie sportive bat \u00e9galement son plein sur les terrains et les courts du TuS Bad Aibling : son \u00e9quipe f\u00e9minine de basket-ball, connue en 2014\/15 sous le nom de Fireballs, a bri\u00e8vement acc\u00e9d\u00e9 \u00e0 la Frauen-Bundesliga avant de reprendre sa place dans la premi\u00e8re division avec une saison 2015\/16 sans d\u00e9faite, tandis que l&#039;\u00e9quipe f\u00e9minine de football brille en Bayernliga.<\/p>\n<p>L&#039;industrie de Bad Aibling puise ses racines dans ses sources min\u00e9rales, mais se diversifie dans divers secteurs. H\u00f4tels spa et centres de r\u00e9\u00e9ducation ancrent l&#039;\u00e9conomie de la sant\u00e9, tandis que les entreprises des secteurs pharmaceutique, textile, \u00e9lectrotechnique, plastique et laiterie stimulent la vitalit\u00e9 commerciale de la ville. Depuis 2009, l&#039;Echelon Open Air &amp; Indoor Festival \u2013 un rassemblement annuel en ao\u00fbt des amateurs d&#039;\u00e9lectro, de techno et de house \u2013 attire environ 25\u00a0000 visiteurs sur le site d\u00e9saffect\u00e9 de la gare ECHELON, transformant un lieu de surveillance clandestine en un lieu de c\u00e9l\u00e9bration communautaire.<\/p>\n<p>Les voyageurs arrivent par la route ou le train. La sortie Bad Aibling de l&#039;autoroute A8 et la route nationale 2078 relient la ville \u00e0 Munich et Rosenheim, tandis qu&#039;une rocade sud, partiellement creus\u00e9e dans un tunnel, ouverte en 2000 pour soulager le trafic de transit, fait encore d\u00e9bat. Ses rues \u00e0 sens unique et ses d\u00e9viations r\u00e9sidentielles suscitent des appels \u00e0 une route de d\u00e9lestage au nord. En 2012, un r\u00e9am\u00e9nagement de la Marienplatz, inspir\u00e9 par l&#039;espace partag\u00e9, visait \u00e0 \u00e9quilibrer les besoins des v\u00e9hicules et des pi\u00e9tons, bien que les voitures conservent officiellement la priorit\u00e9. Sur la ligne de la vall\u00e9e de la Mangfall, la gare centrale de Bad Aibling et la nouvelle station Bad Aibling Kurpark (ouverte en septembre 2009) relient les r\u00e9sidents et les visiteurs \u00e0 Munich, Holzkirchen et Rosenheim. Deux collisions graves sur cette ligne \u2013 l&#039;une en 1945 et l&#039;autre le 9 f\u00e9vrier 2016 \u2013 ont fait dix-sept morts et plus de quatre-vingt-dix bless\u00e9s, \u00e9v\u00e9nements qui ont n\u00e9cessit\u00e9 des am\u00e9liorations en mati\u00e8re de s\u00e9curit\u00e9. Les transports publics locaux comprennent le service de style patrimonial Moorexpress reliant les h\u00f4pitaux, les h\u00f4tels et les thermes, ainsi qu&#039;un r\u00e9seau de bus RVO sur les lignes 276, 277, 343 et plus, et les op\u00e9rations Max Hollinger sur les lignes 341, 344, 345 et 346. Depuis d\u00e9cembre 2023, toute la zone urbaine se trouve dans la zone tarifaire MVV 6.<\/p>\n<p>\u00c0 l&#039;int\u00e9rieur des limites de la ville se trouvent vingt-six districts dont les noms sont Abel, Adlfurt, Bad Aibling Mitte, Berbling, Ellmosen, Fachendorf, Gr\u00f6ben, Harthausen, Haslach, Heimathsberg, Heinrichsdorf, Holzhausen, K\u00f6ckbrunn, Markfeld, Mietraching, Mitterham, Moos, Natternberg, Thalacker, Th\u00fcrham, Unterheufeld, Weg, Westen, Westerham, Willing et Zell cartographient une mosa\u00efque de hameaux, de parcs thermaux et de hameaux ruraux qui se fondent dans la campagne environnante.<\/p>\n<p>Les monuments culturels ancrent Bad Aibling dans le temps. La Marienplatz centrale, marqu\u00e9e par son \u00e9l\u00e9gante colonne mariale \u00e9rig\u00e9e en remerciement pour la d\u00e9livrance de la peste, jouxte l&#039;h\u00f4tel de ville historique \u00e0 l&#039;ouest et la Kirchzeile \u00e0 l&#039;est, o\u00f9 le ch\u00e2teau de Prantseck et l&#039;\u00e9glise Saint-S\u00e9bastien tr\u00f4nent au milieu d&#039;une rang\u00e9e de maisons de ville restaur\u00e9es ombrag\u00e9es par les arbres. La cr\u00eate du Hofberg, couronn\u00e9e par l&#039;\u00e9glise paroissiale \u00e0 bulbe, forme la limite nord de la place. Au sud, les jardins thermaux, am\u00e9nag\u00e9s sans compartiments formels, fusionnent pelouses, jardin de landes et jardin des senteurs et des touches autour du paisible \u00e9tang d&#039;Irlachweiher. Un espace fitness multig\u00e9n\u00e9rationnel, un court de tennis et un minigolf y accueillent festivals d&#039;\u00e9t\u00e9, concerts et \u00e9v\u00e9nements culturels qui unissent la communaut\u00e9 locale.<\/p>\n<p>Le mus\u00e9e d&#039;histoire locale, g\u00e9r\u00e9 par la Soci\u00e9t\u00e9 historique depuis 1931, pr\u00e9serve l&#039;histoire de la ville\u00a0: meubles rustiques, artisanat d&#039;\u00e9poque et atelier de tonnelier et de ferblantier minutieusement reconstitu\u00e9 \u00e9voquent la vie pr\u00e9industrielle, tandis que la Marbacher Stube, avec ses boiseries Renaissance et son plafond \u00e0 caissons, transporte les visiteurs dans les salons du d\u00e9but de l&#039;\u00e8re moderne. L&#039;atelier de Wilhelm Leibl, peintre r\u00e9aliste qui v\u00e9cut \u00e0 Berbling et Bad Aibling \u00e0 partir de 1873, est un incontournable. Restitu\u00e9 \u00e0 la ville par le maire de Cologne, Konrad Adenauer, cet espace refl\u00e8te \u00e0 la fois le patrimoine artistique et la fiert\u00e9 communautaire.<\/p>\n<p>D&#039;autres vestiges du pass\u00e9 sont diss\u00e9min\u00e9s \u00e0 Bad Aibling\u00a0: les ruines de l&#039;h\u00f4tel thermal Ludwigsbad, ravag\u00e9 par un incendie en 2007 et d\u00e9moli en 2011\u00a0; l&#039;ensemble Art nouveau de la Meggendorferstrasse\u00a0; le monument de Th\u00e9r\u00e8se comm\u00e9morant les adieux de la reine m\u00e8re Th\u00e9r\u00e8se \u00e0 son fils, Otton Ier de Gr\u00e8ce\u00a0; le ch\u00e2teau de Prantshausen sur la Marienplatz\u00a0; et le hameau rural de Maxlrainer Hof. Chaque structure, qu&#039;elle soit patin\u00e9e ou restaur\u00e9e, contribue \u00e0 un paysage urbain stratifi\u00e9 o\u00f9 cohabitent pierres m\u00e9di\u00e9vales et verre moderne.<\/p>\n<p>Tout au long de son \u00e9volution \u2013 de clairi\u00e8re celtique \u00e0 avant-poste romain, de centre administratif m\u00e9di\u00e9val \u00e0 station thermale moderne \u2013 Bad Aibling a conserv\u00e9 un esprit de d\u00e9couverte ancr\u00e9 dans l&#039;observation plut\u00f4t que dans le spectacle. Ses eaux tourbeuses et ses sources min\u00e9rales offrent un soulagement tangible au corps et \u00e0 l&#039;esprit\u00a0; son architecture et ses espaces publics invitent \u00e0 la r\u00e9flexion\u00a0; et ses festivals et \u00e9v\u00e9nements sportifs naissent d&#039;initiatives locales plut\u00f4t que d&#039;un battage m\u00e9diatique ext\u00e9rieur. Dans chaque quartier et le long de chaque sentier de promenade, le rythme r\u00e9gulier d&#039;un lieu en harmonie avec son patrimoine et ses perspectives d&#039;avenir s&#039;exprime. Bad Aibling ne vante pas ses m\u00e9rites\u00a0; il les r\u00e9v\u00e8le \u00e0 travers le d\u00e9voilement d\u00e9lib\u00e9r\u00e9 de l&#039;histoire, de la nature et de l&#039;effort collectif, invitant les visiteurs non pas \u00e0 la recherche de sensations fortes, mais \u00e0 la contemplation de l&#039;interaction subtile entre terroir, culture et bien-\u00eatre qui caract\u00e9rise ce coin de Bavi\u00e8re.<\/p>","protected":false},"excerpt":{"rendered":"<p>Bad Aibling, charmante station thermale situ\u00e9e en Bavi\u00e8re, en Allemagne, compte environ 18\u00a0000 habitants. Situ\u00e9e \u00e0 56 kilom\u00e8tres au sud-est de Munich, cette ville pittoresque se situe \u00e0 498 m\u00e8tres d&#039;altitude et s&#039;\u00e9tend sur 41,55 kilom\u00e8tres carr\u00e9s. Son emplacement privil\u00e9gi\u00e9, le long de la rivi\u00e8re Mangfall, renforce son attrait pour les amateurs de sant\u00e9 et de bien-\u00eatre.<\/p>","protected":false},"author":1,"featured_media":17527,"parent":13736,"menu_order":0,"comment_status":"closed","ping_status":"closed","template":"elementor_theme","meta":{"_eb_attr":"","footnotes":""},"class_list":["post-16545","page","type-page","status-publish","has-post-thumbnail"],"_links":{"self":[{"href":"https:\/\/travelshelper.com\/fr\/wp-json\/wp\/v2\/pages\/16545","targetHints":{"allow":["GET"]}}],"collection":[{"href":"https:\/\/travelshelper.com\/fr\/wp-json\/wp\/v2\/pages"}],"about":[{"href":"https:\/\/travelshelper.com\/fr\/wp-json\/wp\/v2\/types\/page"}],"author":[{"embeddable":true,"href":"https:\/\/travelshelper.com\/fr\/wp-json\/wp\/v2\/users\/1"}],"replies":[{"embeddable":true,"href":"https:\/\/travelshelper.com\/fr\/wp-json\/wp\/v2\/comments?post=16545"}],"version-history":[{"count":0,"href":"https:\/\/travelshelper.com\/fr\/wp-json\/wp\/v2\/pages\/16545\/revisions"}],"up":[{"embeddable":true,"href":"https:\/\/travelshelper.com\/fr\/wp-json\/wp\/v2\/pages\/13736"}],"wp:featuredmedia":[{"embeddable":true,"href":"https:\/\/travelshelper.com\/fr\/wp-json\/wp\/v2\/media\/17527"}],"wp:attachment":[{"href":"https:\/\/travelshelper.com\/fr\/wp-json\/wp\/v2\/media?parent=16545"}],"curies":[{"name":"wp","href":"https:\/\/api.w.org\/{rel}","templated":true}]}}