{"id":16242,"date":"2024-09-22T19:00:46","date_gmt":"2024-09-22T19:00:46","guid":{"rendered":"https:\/\/travelshelper.com\/staging\/?page_id=16242"},"modified":"2026-03-11T23:15:39","modified_gmt":"2026-03-11T23:15:39","slug":"podebrady","status":"publish","type":"page","link":"https:\/\/travelshelper.com\/fr\/destinations\/europe\/czech-republic\/podebrady\/","title":{"rendered":"Pod\u011bbrady"},"content":{"rendered":"<p>Pod\u011bbrady occupe une douce courbe de l&#039;Elbe. Son quartier thermal compact et son c\u0153ur historique se trouvent \u00e0 une quarantaine de kilom\u00e8tres \u00e0 l&#039;est de Prague, le long de l&#039;autoroute moderne D11. La zone cadastrale de la ville, d&#039;une superficie d&#039;environ 33,7 kilom\u00e8tres carr\u00e9s, se situe dans la vaste plaine de Polab, dont l&#039;altitude varie \u00e0 peine entre 184 et 190 m\u00e8tres au-dessus du niveau de la mer. Cette plaine, intensivement cultiv\u00e9e mais ponctu\u00e9e de fragments de for\u00eat inondable, a nourri l&#039;habitat humain depuis que les premiers chasseurs du Pal\u00e9olithique traquaient le gibier le long des rives sinueuses du fleuve.<\/p>\n<p>Depuis ces lointains mill\u00e9naires jusqu&#039;\u00e0 nos jours, le destin de Pod\u011bbrady a \u00e9t\u00e9 intimement li\u00e9 \u00e0 ses cours d&#039;eau. En 1262, le roi P\u0159emysl Otakar II reconnut la valeur strat\u00e9gique et esth\u00e9tique de ce site. Il ordonna la construction d&#039;un ch\u00e2teau d&#039;eau en pierre \u00e0 l&#039;emplacement d&#039;un simple manoir fortifi\u00e9, ancrant une colonie au bord de la rivi\u00e8re. Au fil des si\u00e8cles, la forteresse d&#039;origine fut transform\u00e9e en l&#039;\u00e9l\u00e9gant ch\u00e2teau de Pod\u011bbrady, dont la ma\u00e7onnerie imposante et les cours gracieuses devinrent le noyau autour duquel se forgea l&#039;identit\u00e9 de la ville.<\/p>\n<p>La maison de Kun\u0161t\u00e1t, plus tard rebaptis\u00e9e Kun\u0161t\u00e1t\u2011Pod\u011bbrad\u0161t\u00ed, y laissa un h\u00e9ritage durable. Sous leur direction, notamment celle de Georges de Pod\u011bbrady, le domaine prosp\u00e9ra. En 1472, les fils de Georges officialis\u00e8rent le statut de municipalit\u00e9 de la localit\u00e9, lui accordant les privil\u00e8ges et les responsabilit\u00e9s d&#039;une ville. Apr\u00e8s l&#039;accession de Georges au tr\u00f4ne de Boh\u00eame, Pod\u011bbrady acquit \u00e0 la fois prestige et protection royale qui maintinrent sa prosp\u00e9rit\u00e9 jusqu&#039;\u00e0 la fin du Moyen \u00c2ge. La gouvernance passa en 1495 \u00e0 la Chambre royale, puis, en 1839, \u00e0 une soci\u00e9t\u00e9 priv\u00e9e sous la direction du financier viennois Georg von Sina.<\/p>\n<p>C&#039;est pourtant l&#039;ann\u00e9e 1905 qui transforma irr\u00e9vocablement la vocation de Pod\u011bbrady. Une source min\u00e9rale, jaillissant \u00e0 pr\u00e8s de quatre-vingt-dix-huit m\u00e8tres de profondeur dans la cour du ch\u00e2teau, r\u00e9v\u00e9la une eau carbonique et riche en fer, r\u00e9put\u00e9e pour ses vertus th\u00e9rapeutiques. En 1908, le premier pavillon thermal s&#039;\u00e9levait et, dans les d\u00e9cennies qui suivirent, la ville devint un centre de soins cardiovasculaires. Son parc ombrag\u00e9 de pins, am\u00e9nag\u00e9 dans les ann\u00e9es 1930 selon les plans de Vojt\u011bch Kerhart, s&#039;\u00e9tendait jusqu&#039;\u00e0 la gare, qui devint elle-m\u00eame en 1932 le premier terminus fonctionnaliste de Boh\u00eame.<\/p>\n<p>Aujourd&#039;hui, le parc thermal demeure le c\u0153ur de la vie civique, une vaste \u00e9tendue o\u00f9 des colonnades en fonte abritent des fontaines d&#039;eau min\u00e9rale et o\u00f9 une c\u00e9l\u00e8bre horloge fleurie rythme le temps, \u00e0 c\u00f4t\u00e9 d&#039;un nain de bronze fantaisiste qui bat la mesure. Autour de son p\u00e9rim\u00e8tre s&#039;\u00e9l\u00e8vent des villas et des maisons d&#039;h\u00f4tes sign\u00e9es Josef Fanta, ainsi que des \u00e9tablissements tels que la maison thermale Libensk\u00fd et les b\u00e2timents des thermes centraux et d&#039;\u00e9t\u00e9, dont les lignes \u00e9pur\u00e9es t\u00e9moignent de l&#039;adh\u00e9sion \u00e0 la modernit\u00e9 dans l&#039;entre-deux-guerres.<\/p>\n<p>Le centre historique de Pod\u011bbrady, prot\u00e9g\u00e9 depuis 1992 en tant que zone de conservation urbaine, conserve les caract\u00e9ristiques de son d\u00e9veloppement m\u00e9di\u00e9val et moderne. La place Ji\u0159\u00ed porte encore la porte du ch\u00e2teau et le monument du XIXe si\u00e8cle d\u00e9di\u00e9 au roi Georges, \u0153uvre de Bohuslav Schnirch, l&#039;un des sommets de la sculpture monumentale tch\u00e8que. La colonne mariale de 1765 se dresse comme un sobre t\u00e9moignage de la peste de 1714. La place est bord\u00e9e de monuments municipaux\u00a0: l&#039;ancien h\u00f4tel de ville Renaissance, aujourd&#039;hui la biblioth\u00e8que municipale\u00a0; l&#039;h\u00f4tel de ville n\u00e9o-Renaissance de 1906\u00a0; et l&#039;\u00e9difice de la caisse d&#039;\u00e9pargne municipale de 1899, dont l&#039;\u00e9l\u00e9gante fa\u00e7ade rappelle la confiance fin de si\u00e8cle du royaume austro-hongrois.<\/p>\n<p>Au-del\u00e0 de ces sites centraux, la ville r\u00e9v\u00e8le des phases de croissance successives. Le quartier de B\u011blidla s&#039;est d\u00e9velopp\u00e9 \u00e0 l&#039;est de l&#039;\u00e9glise de l&#039;Exaltation de la Sainte-Croix au milieu du XVIIIe si\u00e8cle, tandis que le faubourg de Hr\u00e1z a \u00e9merg\u00e9 sur le lit ass\u00e9ch\u00e9 de l&#039;ancien \u00e9tang suburbain. L&#039;arriv\u00e9e du chemin de fer en 1870, puis le doublement des voies et l&#039;\u00e9lectrification, ont favoris\u00e9 l&#039;expansion vers un quartier moderne de cit\u00e9-jardin con\u00e7u par Franti\u0161ek Janda, aujourd&#039;hui connu sous le nom de \u017di\u017ekov. Le n\u00e9ofonctionnalisme a \u00e9galement laiss\u00e9 son empreinte, des b\u00e2timents de l&#039;\u00e9cole agricole et de la poste de Kerhart \u00e0 l&#039;\u00e9glise hussite tch\u00e9coslovaque de Josef Semer\u00e1d.<\/p>\n<p>La nature abonde dans les environs. Un bras aveugle de l&#039;Elbe, connu localement sous le nom de Skupice, rappelle l&#039;ancien cours du fleuve avant sa r\u00e9gularisation. \u00c0 l&#039;est, le long de la Cidlina, se trouve la r\u00e9serve naturelle nationale de Libick\u00fd luh, un fragment survivant des vastes for\u00eats inondables qui enveloppaient autrefois la plaine. \u00c0 proximit\u00e9, se trouvent les r\u00e9serves de peuplement de \u017dehu\u0148sk\u00e1 obora, les bancs de sable de P\u00edse\u010dn\u00fd presyp, le bois\u00e9 de B\u00e1\u0148 et la colline viticole de Vinn\u00fd vrch. Le climat relativement chaud de la r\u00e9gion \u2013 avec une temp\u00e9rature annuelle moyenne d&#039;environ 9 \u00b0C \u2013 se caract\u00e9rise par un printemps pr\u00e9coce et un automne tardif et persistant\u00a0; la neige persiste rarement plus de quelques jours, tandis que les inversions hivernales et les brumes glac\u00e9es conf\u00e8rent un charme aust\u00e8re au paysage fluvial.<\/p>\n<p>Sur le plan d\u00e9mographique, Pod\u011bbrady est longtemps rest\u00e9e modeste. Sa population d&#039;environ quinze mille habitants occupe cinq zones cadastrales \u2013 Pod\u011bbrady proprement dite, Polabec, Velk\u00e9 Zbo\u017e\u00ed, Kluk et P\u0159edn\u00ed Lhota \u2013 r\u00e9parties sur 3\u00a0369,7 hectares. Selon le recensement de 2001, pr\u00e8s des deux tiers des habitants ne d\u00e9claraient aucune appartenance religieuse\u00a0; parmi ceux qui en avaient, l&#039;\u00c9glise catholique romaine restait pr\u00e9dominante. Autrefois abritant une petite communaut\u00e9 juive, Pod\u011bbrady, comme de nombreuses villes d&#039;Europe centrale, a vu cette pr\u00e9sence dispara\u00eetre avec la Shoah.<\/p>\n<p>\u00c0 Pod\u011bbrady, la culture se d\u00e9ploie sur une sc\u00e8ne locale et intimiste. Le th\u00e9\u00e2tre Na Kov\u00e1rn\u011b et le cin\u00e9ma du ch\u00e2teau occupent les cours du ch\u00e2teau, l&#039;ancien pouvant accueillir 233 spectateurs dans un espace restaur\u00e9 dans sa configuration du XIXe si\u00e8cle. Le mus\u00e9e Polabsk\u00e9 se trouve dans l&#039;ancien h\u00f4pital m\u00e9di\u00e9val fond\u00e9 par Kunhuta de \u0160ternberk, dont la fa\u00e7ade baroque trahit les structures int\u00e9rieures\u00a0: une chapelle o\u00f9 la salle de naissance du roi Georges expose aujourd&#039;hui le monument original de Schnirch, aux c\u00f4t\u00e9s de bateaux monoxyles en bois datant du Xe si\u00e8cle. Des collections satellites, situ\u00e9es \u00e0 Lys\u00e1 nad Labem, Ro\u017e\u010falovice, Sadsk\u00e1 et M\u011bstec Kr\u00e1lov\u00e9, \u00e9tendent le rayonnement de l&#039;institution \u00e0 toute la r\u00e9gion.<\/p>\n<p>La biblioth\u00e8que municipale de Pod\u011bbrady perp\u00e9tue les traditions civiques, install\u00e9e dans l&#039;h\u00f4tel de ville Renaissance depuis 1930, et la galerie Ludv\u00edk Kuba, en bordure du parc thermal, expose des \u0153uvres qui font \u00e9cho aux paysages et aux rythmes de la plaine de Polab. Des festivals annuels rythment le calendrier\u00a0: le Festival historique du roi Georges propose des fastes m\u00e9di\u00e9vaux\u00a0; les Journ\u00e9es de la po\u00e9sie r\u00e9unissent \u00e9crivains et lecteurs \u00e0 la fin de l&#039;\u00e9t\u00e9\u00a0; le concours de cuivres Europe Plays Kmocha attire des ensembles internationaux\u00a0; le festival de th\u00e9\u00e2tre pour jeunes FEMAD, les championnats de majorettes et l&#039;\u00e9v\u00e9nement musical Barvy l\u00e9ta animent les places et les parcs de la ville. Le Prix Bohemia Radio, qui se tient en octobre, c\u00e9l\u00e8bre l&#039;art du th\u00e9\u00e2tre radiophonique, et depuis 2016, le festival Soundtrack Pod\u011bbrady pr\u00e9sente des musiques de films et des performances multim\u00e9dias.<\/p>\n<p>Les voies de communication tracent des routes anciennes et modernes. Pod\u011bbrady trouve son origine pr\u00e8s d&#039;un gu\u00e9 sur la route de Kladsk\u00e1, une route commerciale reliant Prague \u00e0 la Sil\u00e9sie et \u00e0 la Pologne. Au d\u00e9but du XIXe si\u00e8cle, des routes imp\u00e9riales la reliaient \u00e0 Hradec Kr\u00e1lov\u00e9 via le barrage de P\u0159edm\u011bstsk\u00fd rybn\u00edk, puis \u00e0 Kol\u00edn, Nymburk et au-del\u00e0, sources des autoroutes D11 et I\/38, II\/611, I\/32 et II\/329 qui desservent la ville aujourd&#039;hui. Sept ponts enjambent l&#039;Elbe sur le territoire municipal, du pont inondable en pierre de 1828-1831 et de son successeur en acier de 2008 au centre, jusqu&#039;au pont du gazoduc de Velk\u00e9 Zbo\u017e\u00ed. Les pi\u00e9tons traversent sur une passerelle de 122 m\u00e8tres construite en 2002 \u00e0 la centrale hydro\u00e9lectrique, une autre cr\u00e9ation d&#039;Anton\u00edn Engel, d\u00e9sormais prot\u00e9g\u00e9e en tant que monument culturel national.<\/p>\n<p>Les liaisons ferroviaires assurent le lien entre Pod\u011bbrady et la ville depuis 1870. La ligne 231, \u00e0 double voie et \u00e9lectrifi\u00e9e, des Chemins de fer du Nord-Ouest autrichiens assure des services express et locaux vers Prague, Kol\u00edn, Hradec Kr\u00e1lov\u00e9 et au-del\u00e0. Une cinquantaine de trains s&#039;arr\u00eatent chaque jour de la semaine \u00e0 la gare principale de la ville et \u00e0 sa halte de Velk\u00e9 Zbo\u017e\u00ed. Autrefois charg\u00e9e de charbon \u00e0 destination de la centrale de Chvaletice, la navigation commerciale sur l&#039;Elbe a c\u00e9d\u00e9 la place aux bateaux de plaisance \u2013 du paquebot Kr\u00e1l Ji\u0159\u00ed aux bateaux de plaisance priv\u00e9s \u2013 et au ferry du village d&#039;Ose\u010dek.<\/p>\n<p>Les bus desservent les lignes longue distance vers les capitales et les stations thermales de la R\u00e9publique tch\u00e8que, de la Slovaquie et de la Pologne voisines, bien que les transports publics urbains soient limit\u00e9s \u00e0 un service de taxi senior introduit en 2016 pour les citoyens de plus de soixante-cinq ans ou \u00e0 mobilit\u00e9 r\u00e9duite.<\/p>\n<p>Le caract\u00e8re de Pod\u011bbrady ne r\u00e9side pas dans ses imposantes fortifications ni dans ses sommets spectaculaires, mais dans la coh\u00e9rence paisible de son environnement b\u00e2ti, le rythme r\u00e9gulier de son fleuve et la r\u00e9silience d&#039;une communaut\u00e9 qui a su transformer les ruines de l&#039;Antiquit\u00e9 en espaces de ressourcement modernes. Ici, sous le vaste ciel de la plaine, on ne trouve pas de spectacle, mais une gr\u00e2ce mesur\u00e9e\u00a0: le silence du parc thermal \u00e0 l&#039;aube, le murmure de l&#039;Elbe sur les pierres us\u00e9es des quais, le silence de l&#039;histoire racont\u00e9e \u00e0 travers la pierre et l&#039;eau. \u00c0 la confluence du pass\u00e9 et du pr\u00e9sent, Pod\u011bbrady demeure un lieu de r\u00e9flexion et de renouveau, ses rythmes paisibles invitant les voyageurs \u00e0 se laisser porter par le fleuve.<\/p>","protected":false},"excerpt":{"rendered":"<p>Pod\u011bbrady, station thermale situ\u00e9e en Boh\u00eame-Centrale, en R\u00e9publique tch\u00e8que, compte environ 15\u00a0000 habitants. Situ\u00e9e le long de l&#039;Elbe, cette r\u00e9gion allie histoire et bien-\u00eatre contemporain. Sa situation strat\u00e9gique, \u00e0 environ 39 kilom\u00e8tres \u00e0 l&#039;est de Prague et 7 kilom\u00e8tres au sud-est de Nymburk, en fait un lieu de vill\u00e9giature accessible aux habitants comme aux visiteurs en qu\u00eate d&#039;\u00e9vasion.<\/p>","protected":false},"author":1,"featured_media":18769,"parent":14322,"menu_order":0,"comment_status":"closed","ping_status":"closed","template":"elementor_theme","meta":{"_eb_attr":"","footnotes":""},"class_list":["post-16242","page","type-page","status-publish","has-post-thumbnail"],"_links":{"self":[{"href":"https:\/\/travelshelper.com\/fr\/wp-json\/wp\/v2\/pages\/16242","targetHints":{"allow":["GET"]}}],"collection":[{"href":"https:\/\/travelshelper.com\/fr\/wp-json\/wp\/v2\/pages"}],"about":[{"href":"https:\/\/travelshelper.com\/fr\/wp-json\/wp\/v2\/types\/page"}],"author":[{"embeddable":true,"href":"https:\/\/travelshelper.com\/fr\/wp-json\/wp\/v2\/users\/1"}],"replies":[{"embeddable":true,"href":"https:\/\/travelshelper.com\/fr\/wp-json\/wp\/v2\/comments?post=16242"}],"version-history":[{"count":0,"href":"https:\/\/travelshelper.com\/fr\/wp-json\/wp\/v2\/pages\/16242\/revisions"}],"up":[{"embeddable":true,"href":"https:\/\/travelshelper.com\/fr\/wp-json\/wp\/v2\/pages\/14322"}],"wp:featuredmedia":[{"embeddable":true,"href":"https:\/\/travelshelper.com\/fr\/wp-json\/wp\/v2\/media\/18769"}],"wp:attachment":[{"href":"https:\/\/travelshelper.com\/fr\/wp-json\/wp\/v2\/media?parent=16242"}],"curies":[{"name":"wp","href":"https:\/\/api.w.org\/{rel}","templated":true}]}}