{"id":16218,"date":"2024-09-22T18:20:15","date_gmt":"2024-09-22T18:20:15","guid":{"rendered":"https:\/\/travelshelper.com\/staging\/?page_id=16218"},"modified":"2026-03-11T22:53:01","modified_gmt":"2026-03-11T22:53:01","slug":"jachymov","status":"publish","type":"page","link":"https:\/\/travelshelper.com\/fr\/destinations\/europe\/czech-republic\/jachymov\/","title":{"rendered":"J\u00e1chymov"},"content":{"rendered":"<p>Nich\u00e9e dans les monts M\u00e9tallif\u00e8res, le long de la fronti\u00e8re germano-tch\u00e8que, J\u00e1chymov occupe une \u00e9troite vall\u00e9e \u00e0 733 m\u00e8tres d&#039;altitude, bord\u00e9e de sommets vertigineux tels que le Kl\u00ednovec (1\u00a0244 m) et le Bo\u017e\u00eddarsk\u00fd \u0160pi\u010d\u00e1k (1\u00a0115 m). Malgr\u00e9 une population actuelle d&#039;environ 2\u00a0300 habitants, les fa\u00e7ades patin\u00e9es par le temps et les ruelles escarp\u00e9es et sinueuses de la ville rappellent une \u00e9poque o\u00f9 elle comptait parmi les plus grands centres urbains du royaume de Boh\u00eame. La convergence des richesses mini\u00e8res, de la m\u00e9tallurgie pionni\u00e8re et des thermes a conf\u00e9r\u00e9 \u00e0 ce lieu une influence consid\u00e9rable\u00a0: sa monnaie d&#039;argent a donn\u00e9 son nom au thaler et, finalement, au dollar\u00a0; son uranium, t\u00e9moin \u00e0 la fois de perc\u00e9es scientifiques et de trag\u00e9dies humaines\u00a0; et ses sources riches en radon, \u00e0 l&#039;origine des premiers bains th\u00e9rapeutiques au monde \u00e0 base d&#039;eaux radioactives.<\/p>\n<p>J\u00e1chymov \u00e9tait \u00e0 l&#039;origine un creux anonyme, connu en allemand simplement sous le nom de \u00ab Thal \u00bb, ou \u00ab vall\u00e9e \u00bb. La situation changea en 1516 lorsque Steffan Schlick fonda une colonie sous le nom de Sankt Joachimsthal \u2013 \u00ab Vall\u00e9e de Saint-Joachim \u00bb \u2013, plus tard tch\u00e9coslovaquement appel\u00e9e J\u00e1chymov. Les parois abruptes de la vall\u00e9e portent les stigmates de si\u00e8cles d&#039;exploitation mini\u00e8re, tandis que les pentes bois\u00e9es s&#039;\u00e9l\u00e8vent vers des cr\u00eates qui d\u00e9limitaient autrefois les routes commerciales entre la Boh\u00eame et la Saxe. Aujourd&#039;hui, la ville est divis\u00e9e en cinq parties municipales \u2013 J\u00e1chymov proprement dite, Mari\u00e1nsk\u00e1, Nov\u00e9 M\u011bsto, Such\u00e1 et Vr\u0161ek \u2013 chacune refl\u00e9tant les strates de d\u00e9veloppement qui ont accompagn\u00e9 les vagues successives de mineurs, de nobles m\u00e9c\u00e8nes et, plus tard, de visiteurs en qu\u00eate de soins.<\/p>\n<p>La d\u00e9couverte de minerai d&#039;argent en 1512 transforma J\u00e1chymov presque du jour au lendemain. Sous le patronage de la famille Schlick, la ville connut une croissance d\u00e9mographique rapide et, en 1534, elle comptait quelque 20\u00a0000 habitants, ce qui en faisait la deuxi\u00e8me ville la plus peupl\u00e9e de Boh\u00eame. La frappe de monnaie devint essentielle \u00e0 l&#039;industrie locale\u00a0: \u00e0 partir de 1520, des pi\u00e8ces d&#039;argent, appel\u00e9es Joachimsthaler, furent frapp\u00e9es dans des presses mon\u00e9taires install\u00e9es dans un b\u00e2timent royal construit entre 1533 et 1536. Ces \u00ab\u00a0thalers\u00a0\u00bb circul\u00e8rent dans toute l&#039;Europe, leur nom se transformant en \u00ab\u00a0tolar\u00a0\u00bb en tch\u00e8que, \u00ab\u00a0daalder\u00a0\u00bb en n\u00e9erlandais et finalement \u00ab\u00a0dollar\u00a0\u00bb en anglais. Lorsque Ferdinand Ier s&#039;empara des droits miniers en 1528, les comtes de Schlick perdirent leur monopole, mais la l\u00e9gende du Joachimsthaler perdura, son h\u00e9ritage linguistique se perp\u00e9tuant dans les monnaies du monde entier.<\/p>\n<p>Les formidables op\u00e9rations de fusion de J\u00e1chymov attir\u00e8rent Georgius Agricola, m\u00e9decin et naturaliste allemand dont les observations entre 1527 et 1531 jet\u00e8rent les bases de la min\u00e9ralogie moderne. Il documenta la conception des fourneaux, les techniques de s\u00e9paration du minerai et la chimie de la fusion, et publia ses d\u00e9couvertes dans De re metallica (1556). Les travaux d&#039;Agricola guideraient des g\u00e9n\u00e9rations de m\u00e9tallurgistes. Pourtant, les proc\u00e9d\u00e9s m\u00eames qui enrichirent la Boh\u00eame comportaient aussi des dangers\u00a0: les mineurs inhalaient des poussi\u00e8res nocives et subissaient des conditions p\u00e9nibles, pr\u00e9figurant les maladies professionnelles ult\u00e9rieures.<\/p>\n<p>Les bouleversements religieux ont assombri la prosp\u00e9rit\u00e9 de J\u00e1chymov. La ville s&#039;est convertie au luth\u00e9ranisme dans les ann\u00e9es 1520 et a construit l&#039;\u00e9glise Saint-Joachim (1534-1540), premier sanctuaire protestant du royaume de Boh\u00eame. Avec la guerre de Smalkalde, les troupes saxonnes ont occup\u00e9 la vall\u00e9e et, apr\u00e8s la Contre-R\u00e9forme de 1621, de nombreuses familles luth\u00e9riennes ont fui vers les territoires saxons. Par la suite, les rites catholiques ont pr\u00e9valu et J\u00e1chymov est devenu un centre de district des Habsbourg en Autriche-Hongrie jusqu&#039;\u00e0 la dissolution de l&#039;empire en 1918. Si l&#039;argent est rest\u00e9 important jusqu&#039;au XVIIIe si\u00e8cle, l&#039;expansion des mines de nickel, de bismuth, de plomb, d&#039;arsenic, de cobalt, d&#039;\u00e9tain et, au XIXe si\u00e8cle, d&#039;uranium, a diversifi\u00e9 l&#039;\u00e9conomie extractive locale.<\/p>\n<p>Le milieu du XIXe si\u00e8cle vit l&#039;apparition de nouvelles industries parall\u00e8lement \u00e0 l&#039;exploitation mini\u00e8re\u00a0: des pigments \u00e0 base d&#039;uranium et une manufacture de tabac ouvrirent respectivement en 1856 et 1860. En 1873, un incendie d\u00e9vastateur d\u00e9truisit de vastes pans du centre-ville. La reconstruction introduisit des fa\u00e7ades baroques et n\u00e9oclassiques sur les vestiges Renaissance. La maison patricienne n\u00b0\u00a0131, datant d&#039;environ\u00a01520, abritait autrefois la plus ancienne pharmacie de Boh\u00eame. L&#039;h\u00f4tel de ville, initialement \u00e9rig\u00e9 dans les ann\u00e9es\u00a01530 sur une ancienne r\u00e9sidence Schlick, prit des allures Art nouveau en\u00a01901-1902 et abrite aujourd&#039;hui une biblioth\u00e8que scolaire latine rare dans son sous-sol vo\u00fbt\u00e9.<\/p>\n<p>En 1898, Maria Sk\u0142odowska-Curie identifia un nouvel \u00e9l\u00e9ment, le radium, sur un terril d&#039;uraninite, faisant de J\u00e1chymov la principale source mondiale de ce m\u00e9tal pr\u00e9cieux jusqu&#039;\u00e0 la Premi\u00e8re Guerre mondiale. Dix ans plus tard, en 1929, le Dr Josef L\u00f6wy, interniste pragois, associa les \u00ab \u00e9manations myst\u00e9rieuses \u00bb des mines au cancer du poumon chez les mineurs. Malgr\u00e9 l&#039;am\u00e9lioration de la ventilation, des syst\u00e8mes de pulv\u00e9risation d&#039;eau et des r\u00e9mun\u00e9rations plus \u00e9lev\u00e9es, la morbidit\u00e9 demeurait \u00e9lev\u00e9e. Les rapports publi\u00e9s de cette p\u00e9riode font \u00e9tat d&#039;une esp\u00e9rance de vie moyenne d&#039;environ quarante-deux ans chez les travailleurs de l&#039;uranium. Ces statistiques sombres annon\u00e7aient les chapitres les plus sombres du XXe si\u00e8cle.<\/p>\n<p>Suite aux accords de Munich de 1938, J\u00e1chymov fut annex\u00e9e par l&#039;Allemagne nazie. L&#039;uranium extrait entre 1939 et 1945 alimenta les ambitions nucl\u00e9aires du Troisi\u00e8me Reich, qui \u00e9choua finalement \u00e0 construire un r\u00e9acteur op\u00e9rationnel. Parall\u00e8lement, des camps de travail forc\u00e9 furent cr\u00e9\u00e9s autour des mines. Les prisonniers de guerre sovi\u00e9tiques, tout comme les d\u00e9tenus politiques tch\u00e8ques d\u00e9tenus apr\u00e8s 1948 sous le r\u00e9gime communiste, y subirent des conditions de d\u00e9tention brutales. L&#039;exploitation mini\u00e8re se poursuivit jusqu&#039;en 1964, laissant derri\u00e8re elle un h\u00e9ritage de contamination environnementale et humaine.<\/p>\n<p>Parall\u00e8lement \u00e0 son h\u00e9ritage minier, J\u00e1chymov a entretenu une tradition d&#039;hydroth\u00e9rapie. Une source d&#039;eau charg\u00e9e de radon a \u00e9t\u00e9 exploit\u00e9e en 1864, mais ce n&#039;est qu&#039;en 1906 que la premi\u00e8re station thermale au radon d&#039;Europe a ouvert ses portes. Inspir\u00e9e des villes voisines de Karlovy Vary et de Mari\u00e1nsk\u00e9 L\u00e1zn\u011b, la station thermale Agricola (1906-1911) utilisait la radioactivit\u00e9 de la source \u2013 fond\u00e9e sur l&#039;hypoth\u00e8se controvers\u00e9e de l&#039;horm\u00e8se radiative \u2013 pour traiter les affections neurologiques, les troubles rhumatismaux, les maladies de peau et m\u00eame les troubles m\u00e9taboliques comme la goutte et le diab\u00e8te. Aujourd&#039;hui, sous surveillance m\u00e9dicale, les visiteurs s&#039;immergent dans des bains charg\u00e9s de radon dissous (\u00b2\u00b2\u00b2Rn), convaincus de ses effets analg\u00e9siques et anti-inflammatoires, malgr\u00e9 les d\u00e9bats persistants au sein de la communaut\u00e9 scientifique.<\/p>\n<p>La plupart des op\u00e9rations mini\u00e8res \u00e9tant ferm\u00e9es, la mine de Svornost, fond\u00e9e en 1525, demeure la plus ancienne mine en activit\u00e9 d&#039;Europe. Par ailleurs, le complexe Eduard a \u00e9t\u00e9 reconverti en centre de biathlon, offrant des pistes de ski et de tir sur des kilom\u00e8tres de pistes. L&#039;inscription de J\u00e1chymov au patrimoine mondial de l&#039;UNESCO pour la r\u00e9gion mini\u00e8re des monts M\u00e9tallif\u00e8res reconna\u00eet un paysage culturel riche en monuments techniques\u00a0: puits de mine, terrils, fonderies et syst\u00e8mes de gestion des eaux. Le mus\u00e9e de la Monnaie royale J\u00e1chymov, install\u00e9 dans le b\u00e2timent de l&#039;h\u00f4tel des monnaies du XVIe\u00a0si\u00e8cle, retrace les techniques de frappe et l&#039;histoire mon\u00e9taire. La colonne de la Sainte-Trinit\u00e9 (1703) veille sur la place de la ville, tandis que le ch\u00e2teau de Freudenstein, autrefois une forteresse d\u00e9fensive construite vers 1520, conserve deux tours (la tour Schlick et la Prach\u00e1rna) de ses remparts en ruines.<\/p>\n<p>La zone de monuments urbains de la ville pr\u00e9serve un ensemble contigu de maisons bourgeoises aux portails ouvrag\u00e9s, dont les c\u0153urs Renaissance sont encadr\u00e9s par des r\u00e9novations baroques et n\u00e9oclassiques. Parmi les sites sacr\u00e9s figurent l&#039;\u00e9glise de Tous-les-Saints (d\u00e9but de la Renaissance, 1520), remarquable pour ses pans de bois\u00a0; l&#039;\u00e9glise Saint-Joachim, qui a \u00e9volu\u00e9 de son architecture luth\u00e9rienne d&#039;origine \u00e0 travers une r\u00e9novation baroque (1764-1785) et une reconstruction pseudo-gothique apr\u00e8s un incendie dans les ann\u00e9es 1870\u00a0; et l&#039;\u00e9glise \u00e9vang\u00e9lique (1904), un exemple remarquable de style pseudo-Renaissance. L&#039;architecture thermale enrichit encore le tissu urbain\u00a0: l&#039;h\u00f4tel n\u00e9oclassique Radium Palace (1912) a accueilli des personnalit\u00e9s telles que le compositeur Richard Strauss, l&#039;homme d&#039;\u00c9tat Tom\u00e1\u0161 G. Masaryk et le roi Fouad Ier d&#039;\u00c9gypte. Un monument de 1966, r\u00e9alis\u00e9 par le sculpteur Karel Lidick\u00fd, comm\u00e9more le travail des Curie ici, son inscription soulignant l&#039;h\u00e9ritage radium de J\u00e1chymov.<\/p>\n<p>Aujourd&#039;hui, J\u00e1chymov allie souvenirs et loisirs. D\u00e9pourvue de liaison ferroviaire, elle est desservie par la route I\/25 et par un service de bus pour Karlovy Vary. En hiver, trois domaines skiables \u2013 Novako, Kl\u00ednovec et Kl\u00ednovec-Neklid \u2013 attirent les amateurs de ski alpin et de ski de fond, tandis que le terrain de biathlon d&#039;Eduard rappelle le pass\u00e9 aust\u00e8re des mines reconverti en sport. Le parc aquatique Georgius Agricola, dont le nom rend hommage \u00e0 l&#039;anc\u00eatre scientifique de la ville, propose des loisirs en int\u00e9rieur. Entour\u00e9e de denses for\u00eats de conif\u00e8res et de p\u00e2turages d&#039;altitude, J\u00e1chymov offre une exp\u00e9rience riche en contrastes\u00a0: l&#039;\u00e9cho des pioches dans les profondeurs de la terre, le parfum des pins dans l&#039;air des montagnes et le bourdonnement feutr\u00e9 des stations thermales modernes. Dans ses fa\u00e7ades de pierre et ses ruelles sinueuses, la ville conserve l&#039;\u00e9cho des lingots d&#039;argent, des chaudrons de minerai en fusion, des laur\u00e9ats du prix Nobel et des prisonniers dont la vie \u00e9tait li\u00e9e \u00e0 ses veines souterraines.<\/p>\n<p>Le r\u00e9cit de J\u00e1chymov n&#039;est ni un triomphe ininterrompu ni une trag\u00e9die incessante, mais une mosa\u00efque d&#039;ambitions humaines \u2013 \u00e9conomiques, scientifiques, politiques et th\u00e9rapeutiques \u2013 tiss\u00e9e dans le relief accident\u00e9 des monts M\u00e9tallif\u00e8res. Ses pi\u00e8ces de monnaie ont fa\u00e7onn\u00e9 le commerce mondial\u00a0; son radium a aliment\u00e9 \u00e0 la fois l&#039;optimisme m\u00e9dical et la souffrance humaine\u00a0; ses sources ont entretenu la foi en des sources souterraines de gu\u00e9rison. La vall\u00e9e qui a autrefois donn\u00e9 naissance \u00e0 une monnaie homonyme invite aujourd&#039;hui \u00e0 r\u00e9fl\u00e9chir \u00e0 l&#039;interaction complexe entre ressources, industrie et communaut\u00e9. Au milieu des pierres aux contours sculpt\u00e9s et des brumes hivernales, J\u00e1chymov demeure un t\u00e9moignage d&#039;adaptation, de m\u00e9moire et de la r\u00e9sonance durable du lieu.<\/p>","protected":false},"excerpt":{"rendered":"<p>J\u00e1chymov, petite ville thermale situ\u00e9e dans la r\u00e9gion de Karlovy Vary, en R\u00e9publique tch\u00e8que, compte environ 2\u00a0400 habitants. Ce village historique, situ\u00e9 dans les monts M\u00e9tallif\u00e8res, a profond\u00e9ment influenc\u00e9 l&#039;histoire europ\u00e9enne, notamment dans les domaines minier, \u00e9conomique et des sciences de la sant\u00e9.<\/p>","protected":false},"author":1,"featured_media":29465,"parent":14322,"menu_order":0,"comment_status":"closed","ping_status":"closed","template":"elementor_theme","meta":{"_eb_attr":"","footnotes":""},"class_list":["post-16218","page","type-page","status-publish","has-post-thumbnail"],"_links":{"self":[{"href":"https:\/\/travelshelper.com\/fr\/wp-json\/wp\/v2\/pages\/16218","targetHints":{"allow":["GET"]}}],"collection":[{"href":"https:\/\/travelshelper.com\/fr\/wp-json\/wp\/v2\/pages"}],"about":[{"href":"https:\/\/travelshelper.com\/fr\/wp-json\/wp\/v2\/types\/page"}],"author":[{"embeddable":true,"href":"https:\/\/travelshelper.com\/fr\/wp-json\/wp\/v2\/users\/1"}],"replies":[{"embeddable":true,"href":"https:\/\/travelshelper.com\/fr\/wp-json\/wp\/v2\/comments?post=16218"}],"version-history":[{"count":0,"href":"https:\/\/travelshelper.com\/fr\/wp-json\/wp\/v2\/pages\/16218\/revisions"}],"up":[{"embeddable":true,"href":"https:\/\/travelshelper.com\/fr\/wp-json\/wp\/v2\/pages\/14322"}],"wp:featuredmedia":[{"embeddable":true,"href":"https:\/\/travelshelper.com\/fr\/wp-json\/wp\/v2\/media\/29465"}],"wp:attachment":[{"href":"https:\/\/travelshelper.com\/fr\/wp-json\/wp\/v2\/media?parent=16218"}],"curies":[{"name":"wp","href":"https:\/\/api.w.org\/{rel}","templated":true}]}}