{"id":15674,"date":"2024-09-21T18:19:44","date_gmt":"2024-09-21T18:19:44","guid":{"rendered":"https:\/\/travelshelper.com\/staging\/?page_id=15674"},"modified":"2026-03-11T19:54:45","modified_gmt":"2026-03-11T19:54:45","slug":"coree-du-sud","status":"publish","type":"page","link":"https:\/\/travelshelper.com\/fr\/destinations\/asia\/south-korea\/","title":{"rendered":"Cor\u00e9e du Sud"},"content":{"rendered":"<p>La Cor\u00e9e du Sud se situe au confluent d&#039;une tradition mill\u00e9naire et d&#039;une modernit\u00e9 d&#039;avant-garde, une nation fa\u00e7onn\u00e9e par des montagnes escarp\u00e9es et un pass\u00e9 implacable. Formant la moiti\u00e9 sud de la p\u00e9ninsule cor\u00e9enne, elle est d\u00e9limit\u00e9e au nord par la zone d\u00e9militaris\u00e9e qui la s\u00e9pare de sa voisine du nord, \u00e0 l&#039;ouest par la mer Jaune et \u00e0 l&#039;est par ce que les Cor\u00e9ens appellent la mer de l&#039;Est. Avec une superficie d&#039;un peu plus de 100\u00a0000 kilom\u00e8tres carr\u00e9s, dont environ 70\u00a0% sont montagneux ou bois\u00e9s, ce pays compact compte plus de 52 millions d&#039;habitants, dont la moiti\u00e9 r\u00e9side dans la vaste agglom\u00e9ration de S\u00e9oul, l&#039;une des r\u00e9gions urbaines les plus peupl\u00e9es du monde.<\/p>\n\n\n\n<p>Des vestiges arch\u00e9ologiques situent la pr\u00e9sence humaine sur la p\u00e9ninsule d\u00e8s le Pal\u00e9olithique inf\u00e9rieur. D\u00e8s le d\u00e9but du VIIe si\u00e8cle avant notre \u00e8re, les archives chinoises attestent de l&#039;existence de r\u00e9gimes politiques organis\u00e9s. Au cours des si\u00e8cles suivants, trois royaumes \u2013 Goguryeo, Baekje et Silla \u2013 se disput\u00e8rent la supr\u00e9matie, jusqu&#039;\u00e0 ce que Silla unifie une grande partie de la p\u00e9ninsule \u00e0 la fin du VIIe si\u00e8cle de notre \u00e8re. La dynastie Goryeo qui lui succ\u00e9da (918-1392) consolida durablement l&#039;identit\u00e9 cor\u00e9enne, donnant \u00e0 son nom l&#039;exonyme anglais \u00ab\u00a0Korea\u00a0\u00bb. Sous Joseon (1392-1897), les principes confuc\u00e9ens dominaient la vie \u00e0 la cour\u00a0: une hi\u00e9rarchie sociale rigide privil\u00e9giait l&#039;\u00e9lite yangban au d\u00e9triment du commun des mortels, tandis que les \u00e9rudits mettaient en place un syst\u00e8me de fonction publique valorisant l&#039;apprentissage litt\u00e9raire.<\/p>\n\n\n\n<p>\u00c0 la fin du XIXe si\u00e8cle, l&#039;\u00e9ph\u00e9m\u00e8re Empire cor\u00e9en chercha \u00e0 moderniser ses codes juridiques et son industrie, mais l&#039;annexion japonaise en 1910 mit fin \u00e0 son autorit\u00e9 souveraine pendant 35 ans. La lib\u00e9ration n&#039;arriva qu&#039;avec la d\u00e9faite du Japon lors de la Seconde Guerre mondiale, mais l&#039;ind\u00e9pendance eut un prix \u00e9lev\u00e9\u00a0: l&#039;occupation sovi\u00e9tique et am\u00e9ricaine divisa la p\u00e9ninsule, et en 1950, l&#039;invasion du Nord d\u00e9clencha une guerre de trois ans qui fit pr\u00e8s de trois millions de morts et des villes en cendres. Un armistice en 1953 gela le conflit sans trait\u00e9 de paix, perp\u00e9tuant une situation tendue qui perdure encore aujourd&#039;hui.<\/p>\n\n\n\n<p>Apr\u00e8s la guerre, la Cor\u00e9e du Sud \u00e9tait confront\u00e9e \u00e0 des infrastructures d\u00e9labr\u00e9es, \u00e0 une population paup\u00e9ris\u00e9e et \u00e0 des r\u00e9gimes autoritaires successifs. Pourtant, l&#039;industrialisation men\u00e9e par l&#039;\u00c9tat dans les ann\u00e9es 1960 et 1970 a favoris\u00e9 une croissance \u00e9conomique rapide, donnant naissance \u00e0 des g\u00e9ants exportateurs tels que Samsung et Hyundai. Le \u00ab miracle du fleuve Han \u00bb a vu le PIB par habitant progresser \u00e0 l&#039;un des rythmes les plus rapides au monde entre 1980 et 1990. Bien que la crise financi\u00e8re asiatique de 1997 ait r\u00e9v\u00e9l\u00e9 des vuln\u00e9rabilit\u00e9s structurelles, des mesures budg\u00e9taires et mon\u00e9taires rapides ont permis une reprise rapide. Lors de la r\u00e9cession mondiale de 2008, la Cor\u00e9e du Sud a de nouveau fait preuve de r\u00e9silience, \u00e9vitant la contraction alors m\u00eame que de nombreuses \u00e9conomies avanc\u00e9es sombraient dans le ralentissement.<\/p>\n\n\n\n<p>La transformation politique s&#039;est d\u00e9roul\u00e9e parall\u00e8lement. Apr\u00e8s des d\u00e9cennies marqu\u00e9es par des coups d&#039;\u00c9tat militaires et des soul\u00e8vements \u00e9tudiants, la lutte d\u00e9mocratique de juin 1987 a contraint l&#039;\u00e9lite dirigeante \u00e0 adopter des \u00e9lections pr\u00e9sidentielles directes et \u00e0 \u00e9largir les libert\u00e9s civiles. En vertu de la constitution de la Sixi\u00e8me R\u00e9publique, une Assembl\u00e9e nationale monocam\u00e9rale partage le pouvoir avec un pr\u00e9sident \u00e9lu. Aujourd&#039;hui, la Cor\u00e9e du Sud est largement consid\u00e9r\u00e9e comme l&#039;une des d\u00e9mocraties les plus solides d&#039;Asie de l&#039;Est, avec des \u00e9lections libres, un syst\u00e8me judiciaire ind\u00e9pendant et une soci\u00e9t\u00e9 civile dynamique.<\/p>\n\n\n\n<p>L&#039;\u00e9pine dorsale de la p\u00e9ninsule, compos\u00e9e de montagnes de granit et de gneiss, canalise les rivi\u00e8res vers de vastes plaines occidentales et d&#039;\u00e9troits corridors orientaux. Quatre grandes r\u00e9gions se dessinent\u00a0: les hautes cha\u00eenes et les affleurements maritimes \u00e0 l&#039;est\u00a0; les basses terres fertiles et l\u00e9g\u00e8rement vallonn\u00e9es \u00e0 l&#039;ouest\u00a0; les vall\u00e9es accident\u00e9es du sud-ouest\u00a0; et le bassin du fleuve Nakdong au sud-est. Seulement 30\u00a0% environ des terres sont arables.<\/p>\n\n\n\n<p>Trois \u00e9cor\u00e9gions terrestres \u2013 les for\u00eats d\u00e9cidues de Cor\u00e9e centrale, les for\u00eats mixtes de Mandchourie et les for\u00eats sempervirentes de Cor\u00e9e du Sud \u2013 abritent une flore et une faune vari\u00e9es. La Cor\u00e9e du Sud prot\u00e8ge des espaces naturels \u00e0 travers vingt parcs nationaux, des sommets brumeux du Jirisan aux rizi\u00e8res en terrasses reconstitu\u00e9es des plantations de th\u00e9 de Boseong, en passant par les refuges d&#039;oiseaux migrateurs de la baie de Suncheon.<\/p>\n\n\n\n<p>Au large se trouvent pr\u00e8s de trois mille \u00eeles, la plupart inhabit\u00e9es. L&#039;\u00eele de Jeju, \u00e0 100 kilom\u00e8tres au sud du continent, s&#039;\u00e9l\u00e8ve au-dessus de la mer avec ses pentes verdoyantes et son sommet volcanique, le Hallasan, culminant \u00e0 1\u00a0950 m\u00e8tres. Des \u00eeles plus petites, comme Ulleungdo et les rochers contest\u00e9s de Liancourt (connus localement sous le nom de Dokdo), marquent la fronti\u00e8re maritime orientale.<\/p>\n\n\n\n<p>Le climat est \u00e0 cheval entre les zones continentales humides et subtropicales. Quatre saisons distinctes se caract\u00e9risent par des hivers frais et secs, une floraison printani\u00e8re, des pluies de mousson \u00e9touffantes (jangma) de fin juin \u00e0 juillet et des automnes temp\u00e9r\u00e9s. \u00c0 S\u00e9oul, les temp\u00e9ratures moyennes varient de \u20137 \u00e0 1 \u00b0C en janvier \u00e0 22 \u00e0 30 \u00b0C en ao\u00fbt. Sur la c\u00f4te sud, les hivers sont plus doux et la menace des typhons plane \u00e0 la fin de l&#039;\u00e9t\u00e9.<\/p>\n\n\n\n<p>L&#039;\u00e9conomie mixte de la Cor\u00e9e du Sud se classe au douzi\u00e8me rang en termes de PIB nominal et au quatorzi\u00e8me en termes de parit\u00e9 de pouvoir d&#039;achat. Son ouverture sur l&#039;ext\u00e9rieur la place au onzi\u00e8me rang des exportateurs mondiaux et au septi\u00e8me rang des importateurs. Les conglom\u00e9rats chaebol, abrit\u00e9s dans d&#039;\u00e9tincelantes tours de verre, stimulent la production de semi-conducteurs, d&#039;automobiles et d&#039;\u00e9lectronique. LG et Samsung ont acquis une renomm\u00e9e internationale dans le domaine des biens de consommation\u00a0; Hyundai et Kia ont transform\u00e9 la production automobile.<\/p>\n\n\n\n<p>L&#039;\u00e9ducation est une obsession nationale. Autrefois aux prises avec un analphab\u00e9tisme g\u00e9n\u00e9ralis\u00e9, la Cor\u00e9e du Sud affiche aujourd&#039;hui l&#039;un des taux de dipl\u00f4m\u00e9s de l&#039;enseignement sup\u00e9rieur les plus \u00e9lev\u00e9s au monde. Une main-d&#039;\u0153uvre disciplin\u00e9e et hautement qualifi\u00e9e soutient la recherche et le d\u00e9veloppement\u00a0: aujourd&#039;hui, la Cor\u00e9e du Sud est en t\u00eate des d\u00e9p\u00f4ts de brevets par habitant et surpasse ses pairs dans les classements internationaux de l&#039;innovation.<\/p>\n\n\n\n<p>Les infrastructures refl\u00e8tent ces priorit\u00e9s. Le r\u00e9seau de trains \u00e0 grande vitesse de Korail, notamment le service KTX reliant S\u00e9oul \u00e0 Busan, sillonne le pays sur des lignes ferroviaires \u00e0 grande vitesse. Des autoroutes \u00e0 p\u00e9age traversent les cr\u00eates et les plaines\u00a0; des bus express sillonnent les villages ruraux\u00a0; et des ferries relient les \u00eeles. L&#039;a\u00e9roport international d&#039;Incheon, ouvert en 2001, a accueilli 58 millions de passagers en 2016 et figure parmi les hubs les plus fr\u00e9quent\u00e9s au monde. Deux grandes compagnies a\u00e9riennes, Korean Air et Asiana, exploitent pr\u00e8s de trois cents lignes internationales, tandis que des compagnies nationales \u00e0 bas prix proposent des vols interurbains abordables.<\/p>\n\n\n\n<p>La population de la Cor\u00e9e du Sud a culmin\u00e9 \u00e0 un peu plus de 52 millions d&#039;habitants en 2024, apr\u00e8s avoir progress\u00e9 de 21,5 millions en 1955. Pourtant, avec la chute du taux de natalit\u00e9 \u2013 passant sous la barre d&#039;un enfant par femme en 2018 \u00e0 0,72 en 2023 \u2013 le pays est confront\u00e9 \u00e0 son premier d\u00e9clin d\u00e9mographique naturel. D&#039;ici 2050, pr\u00e8s de la moiti\u00e9 de la population pourrait avoir plus de 65 ans, une statistique lourde de cons\u00e9quences pour les retraites, la sant\u00e9 et la productivit\u00e9 \u00e9conomique. En mai 2024, le gouvernement a cr\u00e9\u00e9 un minist\u00e8re d\u00e9di\u00e9 au vieillissement et \u00e0 la f\u00e9condit\u00e9, et la l\u00e9g\u00e8re hausse des naissances fin 2024 a suscit\u00e9 un optimisme prudent.<\/p>\n\n\n\n<p>L&#039;urbanisation a transform\u00e9 la soci\u00e9t\u00e9, \u00e0 tel point que S\u00e9oul et ses villes satellites abritent d\u00e9sormais pr\u00e8s de la moiti\u00e9 de la population du pays. Busan, Incheon, Daegu, Daejeon, Gwangju et Ulsan forment une constellation de m\u00e9gapoles, chacune dot\u00e9e de son propre tissu industriel et de son propre caract\u00e8re culturel. Les zones rurales, autrefois peupl\u00e9es de familles nombreuses et \u00e9largies, voient leurs cohortes vieillir, les jeunes g\u00e9n\u00e9rations migrant vers les centres urbains pour l&#039;\u00e9ducation et l&#039;emploi.<\/p>\n\n\n\n<p>Ancr\u00e9e dans les premi\u00e8res pratiques chamaniques et impr\u00e9gn\u00e9e au fil des si\u00e8cles par les philosophies confuc\u00e9enne, bouddhiste et tao\u00efste, la culture cor\u00e9enne pr\u00e9serve des rituels qui unissent la communaut\u00e9 et la m\u00e9moire ancestrale. La stricte hi\u00e9rarchie confuc\u00e9enne de l&#039;\u00e8re Joseon a l\u00e9gu\u00e9 le respect de l&#039;\u00e9ducation, la pi\u00e9t\u00e9 filiale et l&#039;ordre social \u2013 des valeurs qui perdurent dans la vie organisationnelle moderne. Pourtant, parall\u00e8lement \u00e0 ces continuit\u00e9s, la Cor\u00e9e du Sud a forg\u00e9 une pr\u00e9sence culturelle mondiale\u00a0: les groupes de K-pop remplissent les stades du monde entier, les s\u00e9ries t\u00e9l\u00e9vis\u00e9es captivent le public international et les cin\u00e9astes sont acclam\u00e9s \u00e0 Cannes et aux Oscars. Cette \u00ab\u00a0vague cor\u00e9enne\u00a0\u00bb stimule non seulement le tourisme \u2013 plus de 17 millions de visiteurs sont arriv\u00e9s en 2019 \u2013 mais aussi la demande pour la cuisine, la mode et les cosm\u00e9tiques cor\u00e9ens.<\/p>\n\n\n\n<p>Les traditions culinaires sont ax\u00e9es sur le riz, les nouilles, les l\u00e9gumes, le poisson et la viande, accompagn\u00e9s d&#039;une multitude d&#039;accompagnements (banchan) \u00e0 chaque repas. Le kimchi, l\u00e9gume ferment\u00e9 incontournable, illustre parfaitement les prouesses fermentaires cor\u00e9ennes, tout comme les p\u00e2tes de soja (doenjang), les p\u00e2tes de piment (gochujang) et l&#039;incontournable huile de s\u00e9same. Parmi les plats embl\u00e9matiques, on trouve le bulgogi \u2013 de fines tranches de b\u0153uf marin\u00e9 grill\u00e9es \u00e0 table \u2013 et le tteokbokki, des galettes de riz \u00e9pic\u00e9es vendues par des vendeurs ambulants. Les boissons alcoolis\u00e9es comme le soju et le makgeolli accompagnent les moments conviviaux, souvent servis avec des baguettes en m\u00e9tal et des tables communes.<\/p>\n\n\n\n<p>La religion en Cor\u00e9e du Sud est pluraliste\u00a0: des enqu\u00eates indiquent qu\u2019environ la moiti\u00e9 de la population se d\u00e9clare sans appartenance religieuse, tandis que le christianisme (protestant et catholique) et le bouddhisme constituent la majeure partie du reste. Les religions autochtones \u2013 bouddhisme won, cheondoisme, daejongisme \u2013 et une communaut\u00e9 musulmane, petite mais croissante, viennent enrichir cette mosa\u00efque. Les garanties constitutionnelles garantissent la libert\u00e9 de culte, m\u00eame si les coutumes confuc\u00e9ennes traditionnelles influencent les interactions quotidiennes.<\/p>\n\n\n\n<p>Des cycles r\u00e9p\u00e9t\u00e9s de construction et de destruction \u2013 des invasions mongoles \u00e0 l&#039;occupation japonaise, des ravages de la guerre \u00e0 la fr\u00e9n\u00e9sie de la reconstruction \u2013 ont donn\u00e9 naissance \u00e0 un v\u00e9ritable collage architectural. D&#039;anciens palais aux toits de tuiles aux courbes douces, des forteresses aux murs de pierre et des villages hanok comme Hahoe et Yangdong c\u00f4toient des immeubles de bureaux et des \u0153uvres modernes exp\u00e9rimentales d&#039;architectes \u00e9trangers. Les am\u00e9nagements post-olympiques de 1988 ont introduit des structures vitr\u00e9es alliant ambition futuriste et r\u00e9f\u00e9rences \u00e0 \u00ab l&#039;harmonie avec la nature \u00bb, principe directeur de l&#039;architecture traditionnelle cor\u00e9enne, ainsi que des planchers chauffants ondol.<\/p>\n\n\n\n<p>En Cor\u00e9e du Sud, l&#039;\u00e9tiquette d\u00e9coule du respect confuc\u00e9en de la hi\u00e9rarchie et de l&#039;harmonie communautaire. Les salutations et les \u00e9changes \u00e0 deux mains \u2013 qu&#039;il s&#039;agisse de cartes de visite ou de tasses \u2013 t\u00e9moignent de d\u00e9f\u00e9rence. Il est obligatoire d&#039;\u00f4ter ses chaussures \u00e0 la maison et dans certains restaurants. Les d\u00e9monstrations d&#039;affection en public restent rares en dehors des sous-cultures jeunes. Les coutumes du repas imposent que les a\u00een\u00e9s commencent, que l&#039;on ne se serve jamais soi-m\u00eame \u00e0 boire et que refuser le verre d&#039;autrui est impoli. Les sujets sensibles \u2013 la Cor\u00e9e du Nord, l&#039;h\u00e9ritage colonial du Japon, les conflits territoriaux autour de Dokdo et la politique int\u00e9rieure \u2013 sont \u00e0 \u00e9viter pour les \u00e9trangers.<\/p>\n\n\n\n<p>La culture d&#039;entreprise, en particulier, repose sur des \u00e9changes rituels de cartes pr\u00e9sent\u00e9es face visible avec les deux mains\u00a0; les ab\u00eemer ou les manipuler avec d\u00e9sinvolture sont synonymes d&#039;irrespect. La tenue vestimentaire est g\u00e9n\u00e9ralement conservatrice et impeccable, refl\u00e9tant la fiert\u00e9 personnelle et l&#039;image de l&#039;entreprise.<\/p>\n\n\n\n<p>Les atouts de la Cor\u00e9e du Sud \u2013 une \u00e9conomie de classe mondiale, un niveau d&#039;\u00e9ducation \u00e9lev\u00e9, une innovation rapide et une culture dynamique \u2013 c\u00f4toient des pr\u00e9occupations pressantes. Le d\u00e9clin d\u00e9mographique menace les march\u00e9s du travail et les syst\u00e8mes de protection sociale. Sa d\u00e9pendance \u00e9conomique aux march\u00e9s d&#039;exportation la rend vuln\u00e9rable aux crises mondiales et aux tensions g\u00e9opolitiques. Le conflit non r\u00e9solu \u00e0 la fronti\u00e8re nord de la p\u00e9ninsule menace d&#039;\u00eatre une source permanente d&#039;ins\u00e9curit\u00e9.<\/p>\n\n\n\n<p>Pourtant, ces d\u00e9fis ont donn\u00e9 lieu \u00e0 des exp\u00e9riences politiques audacieuses\u00a0: des incitations financi\u00e8res pour les familles aux nouveaux programmes d\u2019immigration visant \u00e0 suppl\u00e9er une main-d\u2019\u0153uvre en d\u00e9clin\u00a0; des investissements dans les technologies vertes \u00e0 une diplomatie strat\u00e9gique \u00e9quilibrant les liens avec les \u00c9tats-Unis, la Chine et le Japon. Alors qu\u2019elle c\u00e9l\u00e8bre son soixante-dixi\u00e8me anniversaire d\u2019apr\u00e8s-guerre en 2025, la Cor\u00e9e du Sud demeure une nation d\u2019ing\u00e9niosit\u00e9 et d\u2019adaptabilit\u00e9, qui perp\u00e9tue les le\u00e7ons de l\u2019histoire tout en tra\u00e7ant de nouvelles voies dans un monde interconnect\u00e9.<\/p>\n\n\n\n<p>Dans chaque ruelle de S\u00e9oul et dans chaque col recul\u00e9 de la p\u00e9ninsule, les contours de l&#039;histoire de la Cor\u00e9e du Sud sont visibles\u00a0: un engagement durable en faveur de l&#039;\u00e9ducation, une insistance sur le respect mutuel et une cr\u00e9ativit\u00e9 in\u00e9puisable qui propulse son peuple vers l&#039;avenir. Cette interaction entre h\u00e9ritage et innovation d\u00e9finit un pays dont l&#039;esprit, bien que temp\u00e9r\u00e9 par les \u00e9preuves, continue de fa\u00e7onner le monde moderne.<\/p>","protected":false},"excerpt":{"rendered":"<p>La Cor\u00e9e du Sud, officiellement appel\u00e9e R\u00e9publique de Cor\u00e9e (ROK), est situ\u00e9e en Asie de l&#039;Est, englobant la partie sud de la p\u00e9ninsule cor\u00e9enne et compte 51,96 millions d&#039;habitants. Ce pays est devenu un acteur mondial majeur, alliant technologie moderne, patrimoine culturel et puissance \u00e9conomique. La r\u00e9silience et la cr\u00e9ativit\u00e9 du pays sont parfaitement illustr\u00e9es par son \u00e9volution, passant d&#039;un \u00c9tat d\u00e9chir\u00e9 par la guerre \u00e0 l&#039;une des \u00e9conomies les plus d\u00e9velopp\u00e9es au monde.<\/p>","protected":false},"author":1,"featured_media":3312,"parent":24063,"menu_order":0,"comment_status":"closed","ping_status":"closed","template":"elementor_theme","meta":{"_eb_attr":"","footnotes":""},"class_list":["post-15674","page","type-page","status-publish","has-post-thumbnail"],"_links":{"self":[{"href":"https:\/\/travelshelper.com\/fr\/wp-json\/wp\/v2\/pages\/15674","targetHints":{"allow":["GET"]}}],"collection":[{"href":"https:\/\/travelshelper.com\/fr\/wp-json\/wp\/v2\/pages"}],"about":[{"href":"https:\/\/travelshelper.com\/fr\/wp-json\/wp\/v2\/types\/page"}],"author":[{"embeddable":true,"href":"https:\/\/travelshelper.com\/fr\/wp-json\/wp\/v2\/users\/1"}],"replies":[{"embeddable":true,"href":"https:\/\/travelshelper.com\/fr\/wp-json\/wp\/v2\/comments?post=15674"}],"version-history":[{"count":0,"href":"https:\/\/travelshelper.com\/fr\/wp-json\/wp\/v2\/pages\/15674\/revisions"}],"up":[{"embeddable":true,"href":"https:\/\/travelshelper.com\/fr\/wp-json\/wp\/v2\/pages\/24063"}],"wp:featuredmedia":[{"embeddable":true,"href":"https:\/\/travelshelper.com\/fr\/wp-json\/wp\/v2\/media\/3312"}],"wp:attachment":[{"href":"https:\/\/travelshelper.com\/fr\/wp-json\/wp\/v2\/media?parent=15674"}],"curies":[{"name":"wp","href":"https:\/\/api.w.org\/{rel}","templated":true}]}}