{"id":15662,"date":"2024-09-21T17:11:49","date_gmt":"2024-09-21T17:11:49","guid":{"rendered":"https:\/\/travelshelper.com\/staging\/?page_id=15662"},"modified":"2026-03-11T21:11:35","modified_gmt":"2026-03-11T21:11:35","slug":"tadjikistan","status":"publish","type":"page","link":"https:\/\/travelshelper.com\/fr\/destinations\/asia\/tajikistan\/","title":{"rendered":"Tadjikistan"},"content":{"rendered":"<p>Nich\u00e9 entre l&#039;immensit\u00e9 du Pamir et les plaines arides d&#039;Asie centrale se trouve le Tadjikistan, un pays d\u00e9pourvu de ports maritimes mais riche en altitude. Son relief s&#039;\u00e9tend des hauts cols de l&#039;Hindou Kouch \u00e0 l&#039;est aux bassins inf\u00e9rieurs de l&#039;Amou-Daria \u00e0 l&#039;ouest. Au milieu de cr\u00eates descendant rarement en dessous de 3\u00a0000 m\u00e8tres, le pays est bord\u00e9 par l&#039;Afghanistan \u00e0 sa fronti\u00e8re sud, l&#039;Ouzb\u00e9kistan \u00e0 l&#039;ouest, le Kirghizistan au nord et la Chine le long de son axe oriental. De l&#039;autre c\u00f4t\u00e9 du \u00e9troit corridor du Wakhan, le Pakistan se trouve juste au-del\u00e0. Douchanb\u00e9, nich\u00e9e sur les pentes dominant la vall\u00e9e du Kofarnihon, constitue le c\u0153ur politique et le centre le plus peupl\u00e9 de cette r\u00e9publique, qui compte quelque 10,7 millions d&#039;habitants.<\/p>\n<p>L&#039;histoire humaine remonte ici \u00e0 la pr\u00e9histoire. Les communaut\u00e9s du N\u00e9olithique et de l&#039;\u00c2ge du Bronze ont laiss\u00e9 des traces dans leurs outils de pierre et leurs champs irrigu\u00e9s, tandis que la civilisation de l&#039;Oxus prosp\u00e9rait autrefois le long des rives occidentales. Des groupes indo-iraniens sont arriv\u00e9s sous l&#039;\u00e9gide de la culture d&#039;Andronovo et, au fil des si\u00e8cles, les marchands sogdiens ont tiss\u00e9 des caravanes \u00e0 travers les vall\u00e9es fluviales, transportant soie et id\u00e9es. Le pouvoir a \u00e9volu\u00e9 entre les satrapes ach\u00e9m\u00e9nides, les royaumes hell\u00e9nistiques, l&#039;empire kouchan et les dynasties turques et perses successives. Jusqu&#039;au XIXe si\u00e8cle, les cours bactriennes et samanides supervisaient les centres urbains qui sont devenus des p\u00f4les d&#039;apprentissage et de commerce. L&#039;Empire russe a absorb\u00e9 la r\u00e9gion \u00e0 la fin du XIXe si\u00e8cle. En 1924, les autorit\u00e9s sovi\u00e9tiques ont d\u00e9coup\u00e9 le territoire tadjik en r\u00e9publique autonome \u00e0 partir des terres ouzb\u00e8kes, l&#039;\u00e9levant au statut de r\u00e9publique f\u00e9d\u00e9r\u00e9e \u00e0 part enti\u00e8re en d\u00e9cembre 1929. Jusqu&#039;en 1991, la planification centralis\u00e9e de Moscou a d\u00e9termin\u00e9 son \u00e9conomie et ses fronti\u00e8res.<\/p>\n<p>Le 9 septembre 1991 marquait la d\u00e9claration d&#039;ind\u00e9pendance. Moins d&#039;un an plus tard, un conflit aliment\u00e9 par des divisions r\u00e9gionales et id\u00e9ologiques engloutissait le nouvel \u00c9tat. De mai 1992 \u00e0 juin 1997, des factions s&#039;affront\u00e8rent dans les plaines de Khatlon et les vall\u00e9es du Pamir, d\u00e9vastant villes et terres agricoles. Un accord de paix, accompagn\u00e9 d&#039;une aide \u00e9trang\u00e8re, apporta la stabilit\u00e9, tandis que les politiques int\u00e9rieures r\u00e9tablissaient les canaux d&#039;irrigation et les liaisons ferroviaires. En 1994, Emomali Rahmon acc\u00e9da \u00e0 la pr\u00e9sidence et maintint depuis un pouvoir ex\u00e9cutif consolid\u00e9, s&#039;attirant des critiques pour ses restrictions \u00e0 la dissidence et aux libert\u00e9s civiles.<\/p>\n<p>Administrativement, le Tadjikistan est divis\u00e9 en quatre r\u00e9gions. Au nord, Sughd traverse une partie de la vall\u00e9e de Ferghana, avec Khujand comme centre. Au sud-ouest, Khatlon englobe des plaines autrefois marqu\u00e9es par la guerre civile, tandis que la province autonome du Haut-Badakhchan occupe la majeure partie des hauts plateaux du Pamir. La ceinture centrale autour de Douchanb\u00e9 forme les r\u00e9gions de subordination r\u00e9publicaine. Les districts subdivisent ces territoires en jamoats et en villages. Malgr\u00e9 cette hi\u00e9rarchie, le relief accident\u00e9 isole les communaut\u00e9s\u00a0: les routes serpentent \u00e0 travers les cols de montagne, et certaines vall\u00e9es de hauts plateaux ne sont accessibles que par des pistes \u00e9troites.<\/p>\n<p>Les montagnes occupent plus de 90 % du territoire. Le Pamir, prolongement nord de l&#039;Hindou Kouch, culmine \u00e0 plus de 7\u00a0000 m\u00e8tres \u00e0 Qullai Ismoili Somoni. Les cha\u00eenes de l&#039;Alay et du Turkestan s&#039;\u00e9tendent au centre du pays, s\u00e9parant le corridor de Ferghana des bassins sud. Des cr\u00eates plus petites \u2013 le Hisor pr\u00e8s de Douchanb\u00e9, le Fann pr\u00e8s de Pendjakent et le Zeravshan plus \u00e0 l&#039;ouest \u2013 offrent des sommets plus bas mais n\u00e9anmoins impressionnants. En contrebas, trois vall\u00e9es principales offrent des terres arables\u00a0: la portion de Ferghana \u00e0 Sughd, la vall\u00e9e du Zeravshan, parsem\u00e9e de ruines antiques, et les plaines alluviales autour de Kulob et Bokhtar.<\/p>\n<p>L&#039;eau fa\u00e7onne \u00e0 la fois le paysage et les moyens de subsistance. Les fleuves Kofarnihon et Vakhsh se rejoignent pour former l&#039;Amou-Daria \u00e0 la fronti\u00e8re afghane. La fonte des neiges alimente les canaux d&#039;irrigation qui alimentent les champs de coton et les vergers d&#039;abricotiers, de grenadiers et de noyers. Des lacs alpins scintillent au milieu des rochers, notamment le lac Karakul, sous des sommets imposants.<\/p>\n<p>Langue et foi refl\u00e8tent des strates historiques. Le tadjik, une langue d\u00e9riv\u00e9e du persan \u00e9crite en cyrillique, est la langue d&#039;\u00c9tat. Le russe reste la langue officielle des affaires interethniques\u00a0; pr\u00e8s de neuf citoyens sur dix le parlent \u00e0 des degr\u00e9s divers. Au Haut-Badakhchan, des langues minoritaires comme le shughni, le rushani et le wakhi persistent au sein des communaut\u00e9s pamiriennes. L&#039;islam de l&#039;\u00e9cole hanafite pr\u00e9domine, adopt\u00e9 par plus de 97\u00a0% de la population. Une petite minorit\u00e9 chiite-isma\u00e9lienne r\u00e9side principalement dans les hauts plateaux de l&#039;est. Bien que la\u00efque en principe, la constitution reconna\u00eet deux f\u00eates islamiques et r\u00e9glemente l&#039;enseignement religieux et le culte.<\/p>\n<p>Sur le plan d\u00e9mographique, les Tadjiks constituent la majorit\u00e9. Les Ouzbeks et les Russes sont principalement pr\u00e9sents dans les centres urbains, leur nombre diminuant avec les migrations. Le peuple Yaghnobi, qui compte quelque 25\u00a0000 personnes, habite les contreforts du nord et parle le seul descendant vivant du sogdien. Les Pamiris, dont les cultures distinctes refl\u00e8tent celles des anciennes enclaves de la Route de la Soie, peuplent le GBAO.<\/p>\n<p>La vie \u00e9conomique repose fortement sur la migration de main-d&#039;\u0153uvre. Les transferts de fonds des Tadjiks travaillant \u00e0 l&#039;\u00e9tranger, principalement en Russie, repr\u00e9sentent pr\u00e8s de 30 % du PIB, une d\u00e9pendance qui amplifie la vuln\u00e9rabilit\u00e9 aux chocs ext\u00e9rieurs. Les richesses mini\u00e8res sont limit\u00e9es\u00a0; la fonderie d&#039;aluminium et l&#039;\u00e9grenage du coton restent les principales industries. Au d\u00e9but des ann\u00e9es 2000, l&#039;aide internationale a permis de rem\u00e9dier aux p\u00e9nuries alimentaires cons\u00e9cutives \u00e0 la s\u00e9cheresse et aux conflits civils. En 2010, les transferts de fonds ont d\u00e9pass\u00e9 les deux milliards de dollars am\u00e9ricains, soutenant la consommation et la r\u00e9duction de la pauvret\u00e9. La Chine est devenue un partenaire majeur gr\u00e2ce aux projets de l&#039;initiative \u00ab\u00a0Ceinture et Route\u00a0\u00bb, finan\u00e7ant des routes, des voies ferr\u00e9es et des liaisons \u00e9nerg\u00e9tiques.<\/p>\n<p>Les liaisons de transport restent soumises \u00e0 des contraintes g\u00e9ographiques. Seuls 680 kilom\u00e8tres de voies ferr\u00e9es \u00e0 \u00e9cartement large relient Douchanb\u00e9 \u00e0 l&#039;Ouzb\u00e9kistan, \u00e0 la Russie et \u00e0 d&#039;autres pays voisins. Le transport ferroviaire est la principale voie de transport de marchandises. Les autoroutes totalisent quelque 28\u00a0000 kilom\u00e8tres, mais les cols de montagne ferment en hiver. La connectivit\u00e9 entre les golfes encourage les efforts visant \u00e0 exploiter les ports iraniens et pakistanais via les corridors afghans. Le pont de l&#039;amiti\u00e9 tadjiko-afghane, construit en 2004 avec le soutien des \u00c9tats-Unis, a ouvert une route vers le sud. Des accords plus r\u00e9cents pr\u00e9voient un corridor route-rail de 1\u00a0300 kilom\u00e8tres entre les fronti\u00e8res chinoise et afghane et les ports pakistanais.<\/p>\n<p>Le transport a\u00e9rien s&#039;appuie sur un r\u00e9seau de 26 a\u00e9roports, dont la moiti\u00e9 sont dot\u00e9s de pistes asphalt\u00e9es. Douchanb\u00e9, principale porte d&#039;entr\u00e9e internationale, relie les capitales r\u00e9gionales et les villes russes. Des travaux de modernisation des routes et des projets de tunnels \u00e0 Anzob, Shakhristan et ailleurs visent \u00e0 faciliter l&#039;acc\u00e8s, quelles que soient l&#039;altitude et les conditions m\u00e9t\u00e9orologiques.<\/p>\n<p>Les touristes d\u00e9couvrent un pays de contrastes. Les modestes villes de Ferghana, situ\u00e9es sur la Route de la Soie \u2013 Khodjent, Isfara et Istaravshan \u2013 ont conserv\u00e9 leurs cours de madrassas et leurs ruelles de bazar. Au Pendjakent se trouvent les ruines proto-urbaines de Sarazm et les vestiges d&#039;habitations sogdiennes. Les monts Fann, \u00e0 Zeravshan, attirent les alpinistes avec leurs cr\u00eates granitiques et leurs lacs glaciaires. Plus loin, la route du Pamir serpente \u00e0 travers des villages accroch\u00e9s aux berges, au milieu de sommets culminant \u00e0 4\u00a0500 m\u00e8tres. Douchanb\u00e9 offre des avenues verdoyantes, des monuments majestueux et des broderies cousues main expos\u00e9es dans les bazars.<\/p>\n<p>Les aspects pratiques n\u00e9cessitent une planification. Le somoni, divis\u00e9 en 100 dirhams, circule g\u00e9n\u00e9ralement en pi\u00e8ces de un, trois et cinq somonis. Les banques et les distributeurs automatiques de billets distribuent des esp\u00e8ces\u00a0; les cartes de cr\u00e9dit fonctionnent presque exclusivement via les r\u00e9seaux Visa. Les prix dans les bazars invitent \u00e0 la n\u00e9gociation\u00a0; les boutiques traditionnelles appliquent des \u00e9tiquettes fixes. Les visiteurs doivent arriver avec des somonis, car l&#039;utilisation de devises \u00e9trang\u00e8res est contraire \u00e0 la l\u00e9gislation locale. Il est souvent difficile d&#039;obtenir la monnaie exacte, les commer\u00e7ants arrondissant au billet entier le plus proche, mais demander une monnaie pr\u00e9cise est g\u00e9n\u00e9ralement une r\u00e9ussite.<\/p>\n<p>Les risques de s\u00e9curit\u00e9 restent faibles en mati\u00e8re de petite d\u00e9linquance\u00a0; les habitants font preuve d&#039;une hospitalit\u00e9 traditionnelle et les vols \u00e0 la tire sont rares. Des probl\u00e8mes de s\u00e9curit\u00e9 se posent pr\u00e8s de la fronti\u00e8re afghane et dans les villages isol\u00e9s du Pamir. Apr\u00e8s la tomb\u00e9e de la nuit, les d\u00e9placements solitaires en zone rurale sont plus dangereux. Les forces de l&#039;ordre manquent parfois de ressources et des demandes de pots-de-vin sont fr\u00e9quentes\u00a0; feindre un malentendu permet souvent de d\u00e9samorcer les demandes. Les coupures d&#039;\u00e9lectricit\u00e9 et d&#039;eau peuvent durer plusieurs jours\u00a0; emporter des chargeurs portables et des batteries de rechange att\u00e9nue les d\u00e9sagr\u00e9ments.<\/p>\n<p>Les normes culturelles m\u00e9ritent le respect. En dehors de Douchanb\u00e9, les visiteurs doivent porter une tenue d\u00e9cente \u2013 \u00e9paules et genoux couverts \u2013 et porter un foulard pour visiter la mosqu\u00e9e. L&#039;entr\u00e9e des femmes reste toutefois limit\u00e9e et g\u00e9n\u00e9ralement r\u00e9serv\u00e9e aux heures de pri\u00e8re ou aux groupes guid\u00e9s. Les interactions avec les a\u00een\u00e9s n\u00e9cessitent de poser la main sur le c\u0153ur. Les d\u00e9monstrations publiques d&#039;affection entre personnes de m\u00eame sexe, bien que non ill\u00e9gales, peuvent susciter l&#039;hostilit\u00e9 dans une soci\u00e9t\u00e9 conservatrice. Les discussions politiques, notamment sur la Russie ou l&#039;Afghanistan, risquent de susciter des tensions.<\/p>\n<p>Les voyageuses seules trouvent le Tadjikistan globalement s\u00fbr si elles sont habitu\u00e9es \u00e0 voyager seules. Une tenue discr\u00e8te, une alliance pour se prot\u00e9ger des regards indiscrets et des excursions en groupe dans les hauts plateaux recul\u00e9s contribuent \u00e0 leur confort. Des guides f\u00e9minines travaillent par l&#039;interm\u00e9diaire de l&#039;Association du tourisme \u00e9coculturel du Pamir pour les randonn\u00e9es dans les r\u00e9gions o\u00f9 la pr\u00e9sence d&#039;hommes peut \u00eatre source de malaise.<\/p>\n<p>La r\u00e9glementation sur l&#039;exportation interdit l&#039;exportation de pierres, m\u00e9taux ou bijoux non trait\u00e9s d\u00e9pourvus de marquages \u200b\u200bofficiels. Photographier certains b\u00e2timents gouvernementaux est passible de sanctions p\u00e9nales. Les infractions li\u00e9es aux stup\u00e9fiants sont passibles de lourdes peines. Les ambassades fournissent une assistance en cas d&#039;urgence ou pour les questions de passeport.<\/p>\n<p>Trois sites class\u00e9s au patrimoine mondial de l&#039;UNESCO t\u00e9moignent du patrimoine du pays\u00a0: le paysage arch\u00e9ologique de Sarazm, la cit\u00e9 antique de Pendjakent et l&#039;\u00e9tendue montagneuse du parc national tadjik. Ces sites t\u00e9moignent concr\u00e8tement de si\u00e8cles d&#039;activit\u00e9 humaine, avec en toile de fond des sommets vertigineux.<\/p>\n<p>Les sommets, les vall\u00e9es et l&#039;h\u00e9ritage culturel du Tadjikistan r\u00e9sistent \u00e0 toute repr\u00e9sentation superficielle. Son peuple porte l&#039;empreinte de si\u00e8cles d&#039;empire et de steppes. Des monuments de pierre se dressent comme autant de t\u00e9moignages de dynasties disparues, tandis que les canaux d&#039;irrigation v\u00e9hiculent la m\u00e9moire aussi s\u00fbrement que l&#039;eau. Pour ceux qui sillonnent ses routes sinueuses, le pays r\u00e9v\u00e8le sa physionomie non seulement par ses panoramas grandioses, mais aussi par le rythme paisible de la vie quotidienne\u00a0: les anciens r\u00e9unis autour d&#039;un salon de th\u00e9, les march\u00e9s anim\u00e9s par les marchandages, et le rythme r\u00e9gulier de la fonte des neiges printani\u00e8res sur les hauts plateaux qui d\u00e9finissent le caract\u00e8re du pays.<\/p>","protected":false},"excerpt":{"rendered":"<p>Le Tadjikistan, officiellement connu sous le nom de R\u00e9publique du Tadjikistan, est un pays enclav\u00e9 situ\u00e9 au c\u0153ur de l&#039;Asie centrale. Avec une population d&#039;environ dix millions d&#039;habitants, ce pays poss\u00e8de une diversit\u00e9 de beaut\u00e9s naturelles, de patrimoine et de culture. Douchanb\u00e9, capitale et ville la plus peupl\u00e9e du pays, est \u00e0 la fois son centre politique et \u00e9conomique. Strat\u00e9giquement situ\u00e9, le Tadjikistan partage des fronti\u00e8res avec l&#039;Afghanistan au sud, l&#039;Ouzb\u00e9kistan \u00e0 l&#039;ouest, le Kirghizistan au nord et la Chine \u00e0 l&#039;est, croisant plusieurs pays voisins. Il est int\u00e9ressant de noter que l&#039;Afghanistan est s\u00e9par\u00e9 du Pakistan par le corridor de Wakhan, une particularit\u00e9 g\u00e9ographique qui explique sa situation g\u00e9ographique unique dans la r\u00e9gion.<\/p>","protected":false},"author":1,"featured_media":4607,"parent":24063,"menu_order":0,"comment_status":"closed","ping_status":"closed","template":"elementor_theme","meta":{"_eb_attr":"","footnotes":""},"class_list":["post-15662","page","type-page","status-publish","has-post-thumbnail"],"_links":{"self":[{"href":"https:\/\/travelshelper.com\/fr\/wp-json\/wp\/v2\/pages\/15662","targetHints":{"allow":["GET"]}}],"collection":[{"href":"https:\/\/travelshelper.com\/fr\/wp-json\/wp\/v2\/pages"}],"about":[{"href":"https:\/\/travelshelper.com\/fr\/wp-json\/wp\/v2\/types\/page"}],"author":[{"embeddable":true,"href":"https:\/\/travelshelper.com\/fr\/wp-json\/wp\/v2\/users\/1"}],"replies":[{"embeddable":true,"href":"https:\/\/travelshelper.com\/fr\/wp-json\/wp\/v2\/comments?post=15662"}],"version-history":[{"count":0,"href":"https:\/\/travelshelper.com\/fr\/wp-json\/wp\/v2\/pages\/15662\/revisions"}],"up":[{"embeddable":true,"href":"https:\/\/travelshelper.com\/fr\/wp-json\/wp\/v2\/pages\/24063"}],"wp:featuredmedia":[{"embeddable":true,"href":"https:\/\/travelshelper.com\/fr\/wp-json\/wp\/v2\/media\/4607"}],"wp:attachment":[{"href":"https:\/\/travelshelper.com\/fr\/wp-json\/wp\/v2\/media?parent=15662"}],"curies":[{"name":"wp","href":"https:\/\/api.w.org\/{rel}","templated":true}]}}