{"id":15472,"date":"2024-09-21T13:55:29","date_gmt":"2024-09-21T13:55:29","guid":{"rendered":"https:\/\/travelshelper.com\/staging\/?page_id=15472"},"modified":"2026-03-11T21:52:17","modified_gmt":"2026-03-11T21:52:17","slug":"emirats-arabes-unis","status":"publish","type":"page","link":"https:\/\/travelshelper.com\/fr\/destinations\/asia\/united-arab-emirates\/","title":{"rendered":"\u00c9mirats arabes unis"},"content":{"rendered":"<p>Situ\u00e9s \u00e0 l&#039;extr\u00e9mit\u00e9 orientale de la p\u00e9ninsule arabique, les \u00c9mirats arabes unis (EAU) constituent un exemple frappant de transformation rapide. En \u00e0 peine un demi-si\u00e8cle, un ensemble de petits \u00e9mirats c\u00f4tiers et d&#039;oasis d\u00e9sertiques s&#039;est constitu\u00e9 en une f\u00e9d\u00e9ration de sept \u00e9mirats \u2013 Abou Dabi, Duba\u00ef, Charjah, Ajman, Oumm al-Quwain, Ras al-Khaimah et Fuja\u00efrah \u2013 chacun dirig\u00e9 par son propre souverain, mais pourtant uni par une monarchie f\u00e9d\u00e9rale \u00e9lective. Avec Abou Dabi comme si\u00e8ge de la pr\u00e9sidence et centre politique, la f\u00e9d\u00e9ration s&#039;\u00e9tend sur quelque 83\u00a0600 kilom\u00e8tres carr\u00e9s, son territoire \u00e9tant marqu\u00e9 par des dunes mouvantes, des montagnes d\u00e9sol\u00e9es, des rivages scintillants et des enclaves dont les fronti\u00e8res \u00e9voquent des accords pass\u00e9s et des conflits persistants.<\/p>\n<p>Les \u00c9mirats sont d\u00e9limit\u00e9s \u00e0 la fois par le d\u00e9sert et la mer. Au sud-ouest et \u00e0 l&#039;ouest se trouve l&#039;Arabie saoudite\u00a0; \u00e0 l&#039;est et au nord-est, Oman\u00a0; de l&#039;autre c\u00f4t\u00e9 du golfe Persique, le Qatar et l&#039;Iran\u00a0; et au nord-est, le golfe d&#039;Oman s&#039;ouvre sur l&#039;oc\u00e9an Indien. Le Rub al-Khali, surnomm\u00e9 le Quart Vide, s&#039;\u00e9tend sur la partie sud d&#039;Abou Dhabi dans une mer de sable ocre br\u00fbl\u00e9. Plus au nord, les monts Hajar d\u00e9coupent le paysage, leurs cr\u00eates calcaires grises culminant \u00e0 pr\u00e8s de 1\u00a0900\u00a0m\u00e8tres au Jebel Jais, \u00e0 Ras el Kha\u00efmah. Entre ces deux extr\u00e9mit\u00e9s se trouvent des oasis\u00a0: Liwa, tentaculaire et isol\u00e9e pr\u00e8s de la fronti\u00e8re saoudienne\u00a0; Al-Buraimi, \u00e0 cheval sur la fronti\u00e8re avec Oman\u00a0; et le lac artificiel Zakher \u00e0 Al A\u00efn, t\u00e9moignage de la ma\u00eetrise des eaux souterraines rares de l&#039;Union.<\/p>\n<p>Les plaines c\u00f4ti\u00e8res s&#039;\u00e9tendent sous un ciel br\u00fblant d&#039;un soleil implacable une grande partie de l&#039;ann\u00e9e. Sur environ 650 kilom\u00e8tres de c\u00f4tes, les salines s&#039;\u00e9tendent vers l&#039;int\u00e9rieur des terres avant de laisser place \u00e0 des plateformes p\u00e9troli\u00e8res, des ports et des villes. Le port naturel de Duba\u00ef, autrefois modeste, a \u00e9t\u00e9 agrandi par dragage\u00a0; Abou Dabi, Sharjah et d&#039;autres \u00e9mirats poss\u00e8dent des ports en eau profonde qui relient les \u00c9mirats au commerce mondial. Pourtant, ces ports artificiels c\u00f4toient des r\u00e9cifs coralliens et des bancs de sable mouvants qui ont longtemps mis \u00e0 l&#039;\u00e9preuve l&#039;habilet\u00e9 des marins. De fortes mar\u00e9es et des temp\u00eates soudaines continuent de fa\u00e7onner le littoral, m\u00eame si des syst\u00e8mes de navigation et de pilotage \u00e9lectronique de pointe facilitent le passage des p\u00e9troliers g\u00e9ants charg\u00e9s de l&#039;or noir qui soutient la richesse nationale.<\/p>\n<p>Le climat est celui du d\u00e9sert\u00a0: les \u00e9t\u00e9s sont caniculaires, avec des temp\u00e9ratures diurnes d\u00e9passant souvent les 45\u00a0\u00b0C dans les plaines\u00a0; les hivers restent doux, le mercure descendant \u00e0 10\u201314\u00a0\u00b0C la nuit. Les pr\u00e9cipitations sont rares, tombant g\u00e9n\u00e9ralement par courtes rafales torrentielles pendant les mois les plus frais, gonflant parfois les lits des oueds ass\u00e9ch\u00e9s en rivi\u00e8res soudaines. En montagne, les pr\u00e9cipitations sont l\u00e9g\u00e8rement plus g\u00e9n\u00e9reuses et tombent parfois sous forme de neige, comme c&#039;est le cas sur le Jebel Jais en d\u00e9cembre\u00a02004, lorsque le sommet s&#039;est recouvert d&#039;une fine couche de neige blanche pour la premi\u00e8re fois. Des temp\u00eates de poussi\u00e8re peuvent se lever sans pr\u00e9venir, enveloppant les autoroutes et les pistes du d\u00e9sert, tandis que les vents humides du sud-est, connus localement sous le nom de Sharqi, soufflent une moiteur inconfortable sur la c\u00f4te \u00e0 la fin de l&#039;\u00e9t\u00e9.<\/p>\n<p>La structure f\u00e9d\u00e9rale, con\u00e7ue en 1971 lors du retrait britannique de ses protectorats, accorde une large autonomie \u00e0 chaque \u00e9mirat. Abou Dhabi, qui repr\u00e9sente pr\u00e8s de 87 % du territoire national, exerce une influence consid\u00e9rable : son dirigeant est traditionnellement pr\u00e9sident de la f\u00e9d\u00e9ration, et ses revenus, principalement issus du p\u00e9trole et du gaz, financent une grande partie des d\u00e9penses de l&#039;union en mati\u00e8re de sant\u00e9, d&#039;\u00e9ducation et d&#039;infrastructures. Duba\u00ef, le plus petit \u00e9mirat par sa superficie mais le plus peupl\u00e9, s&#039;est concentr\u00e9 sur le commerce, l&#039;aviation et le tourisme, devenant un p\u00f4le international o\u00f9 se c\u00f4toient plus de 10 millions de r\u00e9sidents et de visiteurs. Sharjah conserve un climat social plus conservateur, son littoral \u00e9tant ponctu\u00e9 de zones industrielles et de quartiers culturels qui t\u00e9moignent du patrimoine arabe. Le quatuor d&#039;\u00e9mirats du nord \u2013 Fujairah, Ajman, Ras al-Khaimah et Umm al-Quwain \u2013 combine enclaves c\u00f4ti\u00e8res, refuges montagneux et \u00e9tendues d\u00e9sertiques, chacun offrant son propre \u00e9quilibre entre tradition et modernit\u00e9.<\/p>\n<p>La dynamique d\u00e9mographique illustre le caract\u00e8re singulier de la f\u00e9d\u00e9ration. \u00c0 la mi-2024, quelque 10 millions de personnes vivaient aux \u00c9mirats arabes unis, mais les citoyens \u00e9miratis ne repr\u00e9sentent qu&#039;environ 11 % de ce total. Le reste est constitu\u00e9 de migrants attir\u00e9s par l&#039;emploi dans la construction, l&#039;h\u00f4tellerie, la finance et une multitude de secteurs de services. Les Indiens repr\u00e9sentent environ un quart de la population, suivis des Pakistanais, des Bangladais et des Philippins\u00a0; les expatri\u00e9s occidentaux se comptent par dizaines de milliers. Ce d\u00e9s\u00e9quilibre a donn\u00e9 naissance \u00e0 une soci\u00e9t\u00e9 o\u00f9 les traditions locales cohabitent difficilement avec les modes de vie mondialis\u00e9s. L&#039;arabe a un statut officiel et l&#039;islam fa\u00e7onne le cadre juridique\u00a0; pourtant, l&#039;anglais r\u00e8gne dans les affaires, l&#039;\u00e9ducation et le commerce quotidien. L&#039;\u00c9tat se montre tol\u00e9rant envers les autres confessions, autorisant les \u00e9glises \u00e0 fonctionner et les minorit\u00e9s non musulmanes \u00e0 pratiquer librement leur culte, m\u00eame si la majorit\u00e9 reste musulmane sunnite, bien qu&#039;une importante communaut\u00e9 chiite, ainsi que des influences ibadites et soufies, soient pr\u00e9sentes dans la f\u00e9d\u00e9ration.<\/p>\n<p>Le p\u00e9trole et le gaz naturel demeurent au c\u0153ur de la richesse des \u00c9mirats arabes unis. Le pays se classe parmi les dix premiers d\u00e9tenteurs mondiaux de r\u00e9serves de p\u00e9trole et de gaz. Les revenus, issus de la vision du pr\u00e9sident fondateur de la f\u00e9d\u00e9ration, Cheikh Zayed ben Sultan Al Nahyan, ont \u00e9t\u00e9 investis dans les h\u00f4pitaux, les \u00e9coles, les autoroutes et les ports, permettant aux \u00c9mirats de faire un bond en avant vers la modernit\u00e9. Depuis le d\u00e9but du XXIe si\u00e8cle, les dirigeants ont d\u00e9lib\u00e9r\u00e9ment \u00e9largi l&#039;\u00e9conomie. Le tourisme, la finance, l&#039;immobilier, la logistique et la technologie sont d\u00e9sormais les moteurs de la croissance, tandis que les secteurs non p\u00e9troliers progressent en valeur et en emploi. Duba\u00ef, longtemps un entrep\u00f4t, abrite deux des a\u00e9roports les plus fr\u00e9quent\u00e9s au monde \u2013 l&#039;a\u00e9roport international de Duba\u00ef et le prometteur Al Maktoum \u2013 et Abou Dabi est devenue une capitale de conf\u00e9rences internationales et de projets culturels, parmi lesquels le Louvre Abou Dabi et le futur satellite Guggenheim. La transformation d\u2019un exportateur monolithique d\u2019hydrocarbures en une puissance moyenne diversifi\u00e9e ne s\u2019est pas faite sans heurts : la croissance a parfois stagn\u00e9 entre 2015 et 2019, mais les gains moyens du PIB r\u00e9el d\u2019environ 4 % entre 2000 et 2018 soulignent une tendance globalement positive.<\/p>\n<p>N\u00e9anmoins, la concentration des richesses et du pouvoir politique suscite la critique. Les organisations internationales de d\u00e9fense des droits humains reprochent au gouvernement de restreindre les libert\u00e9s de r\u00e9union, d&#039;expression et de la presse, ainsi que d&#039;avoir un syst\u00e8me juridique qui autorise de longues d\u00e9tentions sans proc\u00e8s. Des cas de torture, de disparitions forc\u00e9es et de harc\u00e8lement de dissidents persistent. Les travailleurs des secteurs \u00e0 bas salaires subissent souvent des conditions difficiles, des protections limit\u00e9es et des obstacles \u00e0 l&#039;organisation. Les r\u00e9sultats de l&#039;indice de libert\u00e9 humaine du pays sont inf\u00e9rieurs \u00e0 ceux de nombreux pays comparables, ce qui rappelle aux observateurs que l&#039;ouverture \u00e9conomique ne s&#039;est pas accompagn\u00e9e d&#039;une lib\u00e9ralisation politique.<\/p>\n<p>Les investissements dans les infrastructures ont progress\u00e9 \u00e0 un rythme soutenu. Un r\u00e9seau d&#039;autoroutes, notamment l&#039;E11 qui relie Abou Dhabi \u00e0 Duba\u00ef, Sharjah et au-del\u00e0, relie les principaux centres de population. Le p\u00e9age \u00e9lectronique via Salik \u00e0 Duba\u00ef g\u00e8re le trafic et finance l&#039;entretien. Les syst\u00e8mes de transport urbain ont pris racine\u00a0: le m\u00e9tro de Duba\u00ef, sans conducteur et premier r\u00e9seau de transport rapide de la r\u00e9gion, serpente sous les gratte-ciel\u00a0; les tramways et les monorails desservent des quartiers comme Palm Jumeirah et Al Sufouh. Un projet de chemin de fer national de 1\u00a0200\u00a0kilom\u00e8tres promet de relier les ports, les zones industrielles et les villes de l&#039;int\u00e9rieur, bien que son ach\u00e8vement ne soit pas encore pr\u00e9vu.<\/p>\n<p>La logistique maritime constitue un autre pilier. Les ports de Khalifa, de Jebel Ali et de Zayed, entre autres, constituent des portes d&#039;entr\u00e9e non seulement vers les march\u00e9s r\u00e9gionaux, mais aussi vers la Route maritime de la soie, une incarnation moderne des anciennes routes commerciales reliant la Chine, l&#039;Asie du Sud, l&#039;Afrique et l&#039;Europe. L&#039;automatisation, la manutention rapide et les postes d&#039;amarrage profonds permettent aux \u00c9mirats de concurrencer les hubs traditionnels\u00a0; leurs ambitions s&#039;\u00e9tendent \u00e0 l&#039;exploitation des liaisons ferroviaires \u00e0 travers le Caucase et l&#039;Europe, renfor\u00e7ant ainsi les connexions au-del\u00e0 du Golfe.<\/p>\n<p>La vie culturelle allie conservation et innovation. Dans le quartier historique de Sharjah, des tours \u00e0 vent restaur\u00e9es et des maisons en stuc de corail abritent des mus\u00e9es relatant les traditions b\u00e9douines, la p\u00eache aux perles et les d\u00e9buts de la vie c\u00f4ti\u00e8re. L&#039;\u00eele de Saadiyat, \u00e0 Abou Dhabi, abrite des mus\u00e9es de renomm\u00e9e mondiale. Duba\u00ef, autrefois modeste ville commer\u00e7ante, abrite aujourd&#039;hui des galeries \u00e0 Al Quoz et des espaces artistiques du quartier qui mettent en valeur des cr\u00e9ateurs du Moyen-Orient et du monde entier. La Foire internationale du livre de Sharjah, la plus ancienne du Golfe, attire chaque ann\u00e9e des centaines d&#039;auteurs et d&#039;\u00e9diteurs.<\/p>\n<p>La litt\u00e9rature et la po\u00e9sie ont ici des racines profondes. Ibn Majid, navigateur et po\u00e8te du XVe si\u00e8cle originaire de Ras el Kha\u00efmah, fut le pionnier des trait\u00e9s de navigation en arabe. Des \u00e9crivains du d\u00e9but du XXe si\u00e8cle, comme Moubarak Al Oqaili et Salem bin Ali al Owais, ont pr\u00e9serv\u00e9 les dialectes et le folklore locaux en vers, tandis que des figures du milieu du si\u00e8cle ont relat\u00e9 les changements sociaux survenus au moment de l&#039;ind\u00e9pendance. Aujourd&#039;hui, les auteurs \u00e9miratis continuent de tisser des r\u00e9cits qui juxtaposent oasis pastorales, tours de verre et soci\u00e9t\u00e9s mondialis\u00e9es.<\/p>\n<p>Les festivals refl\u00e8tent cette dualit\u00e9\u00a0: la musique et la danse traditionnelles Liwa, issues des rythmes bantous-africains, perdurent lors des rassemblements dans le d\u00e9sert, m\u00eame si le Dubai Desert Rock Festival fait conna\u00eetre le heavy metal sur les sc\u00e8nes internationales. Des compositions modernes c\u00f4toient des rituels s\u00e9culaires, tandis que la vie aux \u00c9mirats oscille entre souvenir et r\u00e9invention.<\/p>\n<p>La cuisine, elle aussi, est un symbole de convergence. Pendant des si\u00e8cles, fruits de mer, riz et ch\u00e8vre ou agneau ont nourri les tables c\u00f4ti\u00e8res et b\u00e9douines. Les \u00e9pices et les m\u00e9thodes de cuisine sont arriv\u00e9es gr\u00e2ce au commerce persan, indien et est-africain\u00a0: caf\u00e9 safran\u00e9\u00a0; machboos, un plat de riz \u00e9pic\u00e9\u00a0; plats \u00e0 base de dattes et lugaimat sucr\u00e9. Aujourd&#039;hui, les souks regorgent d&#039;\u00e9pices et de produits locaux, tandis que les cha\u00eenes de supermarch\u00e9s internationales proposent des produits de tous les continents. La gamme de restaurants va des humbles stands de shawarma \u00e0 la gastronomie qui r\u00e9interpr\u00e8te les classiques arabes avec une technique contemporaine.<\/p>\n<p>Le tourisme est devenu un pilier strat\u00e9gique. Duba\u00ef compte parmi les villes les plus visit\u00e9es au monde, son horizon \u00e9tant ponctu\u00e9 par le Burj Khalifa, actuellement le plus haut gratte-ciel du monde. Non loin de l\u00e0, Palm Jumeirah et les archipels du Monde \u00e9mergent de la mer, offrant un m\u00e9lange de vie r\u00e9sidentielle et de vill\u00e9giature. La Grande Mosqu\u00e9e Cheikh Zayed d&#039;Abou Dabi attire p\u00e8lerins et touristes avec ses salles de marbre et sa calligraphie complexe. L&#039;\u00eele de Yas abrite Ferrari World et le circuit Yas Marina, site de la finale de Formule 1. Les contreforts et les oueds du Hajar de Fuja\u00efrah attirent les randonneurs et les alpinistes\u00a0; le Jebel Jais de Ras el Kha\u00efmah offre la plus longue tyrolienne du monde. \u00c0 l&#039;int\u00e9rieur des terres, Al A\u00efn \u00e9voque la vie d&#039;oasis avec ses ombri\u00e8res, ses palmiers dattiers et ses vestiges arch\u00e9ologiques datant du troisi\u00e8me mill\u00e9naire avant notre \u00e8re.<\/p>\n<p>Mais au-del\u00e0 des plans d&#039;architecte et des brochures touristiques se cache une r\u00e9alit\u00e9 plus complexe. Les travailleurs migrants vivent souvent dans des camps de travail en p\u00e9riph\u00e9rie urbaine, loin des h\u00f4tels de luxe et des terrains de golf immacul\u00e9s. L&#039;expression de toute dissidence politique ou religieuse est restreinte. Les femmes, bien que n&#039;\u00e9tant pas l\u00e9galement tenues de se couvrir, se conforment aux normes conservatrices dans une grande partie de la f\u00e9d\u00e9ration\u00a0; une tenue d\u00e9cente est attendue dans les espaces publics et obligatoire dans les mosqu\u00e9es. L&#039;alcool, r\u00e9serv\u00e9 aux \u00e9tablissements agr\u00e9\u00e9s, reste accessible principalement aux expatri\u00e9s\u00a0; l&#039;ivresse en public est punie. Les lois contre les relations sexuelles extraconjugales, l&#039;homosexualit\u00e9 et la possession de drogue restent s\u00e9v\u00e8res, avec des sanctions pouvant aller jusqu&#039;\u00e0 l&#039;emprisonnement, voire pire.<\/p>\n<p>Les contr\u00f4les douaniers dans les a\u00e9roports peuvent inclure des analyses sanguines pour d\u00e9tecter des substances ing\u00e9r\u00e9es \u00e0 l&#039;\u00e9tranger. L&#039;\u00e9tiquette des affaires exige du formalisme\u00a0: cartes \u00e9chang\u00e9es de la main droite, salutations respectueuses, patience dans les n\u00e9gociations. Les \u00c9miratis incarnent \u00e0 la fois la chaleur et la fiert\u00e9, privil\u00e9giant l&#039;hospitalit\u00e9 tout en respectant les traditions.<\/p>\n<p>\u00c0 travers ces contradictions \u2013 l&#039;essor rapide des gratte-ciel et le souffle constant des vents du d\u00e9sert\u00a0; des quartiers bancaires cosmopolites c\u00f4toyant des souks intimistes\u00a0\u2013 les \u00c9mirats arabes unis se r\u00e9v\u00e8lent \u00eatre un mod\u00e8le de contrastes. Ses dirigeants ont exploit\u00e9 la richesse des hydrocarbures pour \u00e9difier des villes resplendissantes et financer des projets culturels mondiaux. Pourtant, les questions d&#039;\u00e9quit\u00e9, de droits et d&#039;avenir des divers habitants de la f\u00e9d\u00e9ration demeurent sans r\u00e9ponse. Traverser les \u00c9mirats, c&#039;est vivre cette tension de pr\u00e8s\u00a0: se tenir au sommet d&#039;une tour scintillante au coucher du soleil, sentir l&#039;air frais des montagnes \u00e0 l&#039;aube, fl\u00e2ner dans une palmeraie et s&#039;\u00e9merveiller de l&#039;ing\u00e9niosit\u00e9 qui a transform\u00e9 des cabanes en broussailles en carrefours mondiaux. Ici, histoire et modernit\u00e9 convergent sous un ciel sans nuages, t\u00e9moignant \u00e0 la fois de l&#039;ambition humaine et rappelant que le progr\u00e8s comporte ses propres complexit\u00e9s.<\/p>","protected":false},"excerpt":{"rendered":"<p>Les \u00c9mirats arabes unis (EAU), situ\u00e9s \u00e0 l&#039;extr\u00e9mit\u00e9 orientale de la p\u00e9ninsule arabique en Asie occidentale, sont une monarchie f\u00e9d\u00e9rale \u00e9lective compos\u00e9e de sept \u00e9mirats, dont la population est estim\u00e9e \u00e0 plus de 10 millions d&#039;habitants en 2024. Avec Oman dans le golfe d&#039;Oman, ce pays strat\u00e9giquement situ\u00e9 au Moyen-Orient poss\u00e8de des fronti\u00e8res maritimes avec le Qatar et l&#039;Iran dans le golfe Persique, ainsi que des fronti\u00e8res terrestres avec l&#039;Arabie saoudite. Sa capitale est Abou Dabi\u00a0; sa ville la plus peupl\u00e9e et son centre international est Duba\u00ef.<\/p>","protected":false},"author":1,"featured_media":2910,"parent":24063,"menu_order":0,"comment_status":"closed","ping_status":"closed","template":"elementor_theme","meta":{"_eb_attr":"","footnotes":""},"class_list":["post-15472","page","type-page","status-publish","has-post-thumbnail"],"_links":{"self":[{"href":"https:\/\/travelshelper.com\/fr\/wp-json\/wp\/v2\/pages\/15472","targetHints":{"allow":["GET"]}}],"collection":[{"href":"https:\/\/travelshelper.com\/fr\/wp-json\/wp\/v2\/pages"}],"about":[{"href":"https:\/\/travelshelper.com\/fr\/wp-json\/wp\/v2\/types\/page"}],"author":[{"embeddable":true,"href":"https:\/\/travelshelper.com\/fr\/wp-json\/wp\/v2\/users\/1"}],"replies":[{"embeddable":true,"href":"https:\/\/travelshelper.com\/fr\/wp-json\/wp\/v2\/comments?post=15472"}],"version-history":[{"count":0,"href":"https:\/\/travelshelper.com\/fr\/wp-json\/wp\/v2\/pages\/15472\/revisions"}],"up":[{"embeddable":true,"href":"https:\/\/travelshelper.com\/fr\/wp-json\/wp\/v2\/pages\/24063"}],"wp:featuredmedia":[{"embeddable":true,"href":"https:\/\/travelshelper.com\/fr\/wp-json\/wp\/v2\/media\/2910"}],"wp:attachment":[{"href":"https:\/\/travelshelper.com\/fr\/wp-json\/wp\/v2\/media?parent=15472"}],"curies":[{"name":"wp","href":"https:\/\/api.w.org\/{rel}","templated":true}]}}