{"id":15430,"date":"2024-09-21T09:30:52","date_gmt":"2024-09-21T09:30:52","guid":{"rendered":"https:\/\/travelshelper.com\/staging\/?page_id=15430"},"modified":"2026-03-11T21:53:28","modified_gmt":"2026-03-11T21:53:28","slug":"yemen","status":"publish","type":"page","link":"https:\/\/travelshelper.com\/fr\/destinations\/asia\/yemen\/","title":{"rendered":"Y\u00e9men"},"content":{"rendered":"<p>Le Y\u00e9men, officiellement la R\u00e9publique du Y\u00e9men, occupe l&#039;extr\u00e9mit\u00e9 sud-ouest de la p\u00e9ninsule arabique. Sa superficie s&#039;\u00e9tend sur environ 455\u00a0503 kilom\u00e8tres carr\u00e9s (175\u00a0871 miles carr\u00e9s) et offre quelque 2\u00a0000 kilom\u00e8tres (1\u00a0200 miles) de littoral. Au nord, sa fronti\u00e8re est bord\u00e9e par l&#039;Arabie saoudite\u00a0; au nord-est, par Oman\u00a0; \u00e0 l&#039;est, par la mer d&#039;Arabie\u00a0; au sud, par le golfe d&#039;Aden\u00a0; et \u00e0 l&#039;ouest, par la mer Rouge, dont les eaux sont communes avec Djibouti, l&#039;\u00c9rythr\u00e9e et la Somalie. Sanaa, capitale constitutionnelle du pays, est perch\u00e9e \u00e0 plus de 2\u00a0100 m\u00e8tres d&#039;altitude, apr\u00e8s plus de deux mill\u00e9naires de peuplement\u00a0; sa population d&#039;environ 34,7 millions d&#039;habitants est majoritairement arabe et musulmane, et son appartenance \u00e0 la Ligue arabe, aux Nations unies, au Mouvement des pays non align\u00e9s et \u00e0 l&#039;Organisation de la coop\u00e9ration islamique t\u00e9moigne d&#039;une longue histoire d&#039;engagement diplomatique.<\/p>\n<p>G\u00e9ographiquement et climatiquement, le Y\u00e9men se divise en quatre r\u00e9gions principales. Le long de la mer Rouge s&#039;\u00e9tend la Tihamah\u00a0: une plaine plate et \u00e9touffante, parsem\u00e9e de lagunes et cern\u00e9e de dunes. Bien que le minimum torride emp\u00eache toute rivi\u00e8re d&#039;atteindre la mer, des aquif\u00e8res souterrains alimentent l&#039;agriculture \u00e0 l&#039;int\u00e9rieur des terres. Au-del\u00e0, une cha\u00eene de hautes terres se divise en plateaux occidentaux et orientaux. Les hautes terres occidentales re\u00e7oivent l&#039;essentiel des pr\u00e9cipitations orographiques, rendant les cultures en terrasses verdoyantes\u00a0; leur homologue orientale, plus s\u00e8che, produit des cultures plus \u00e9parses. \u00c0 l&#039;est encore s&#039;\u00e9tend le Rub\u02bf al Khali, ou Quart Vide, une \u00e9tendue de sables mouvants au c\u0153ur de la p\u00e9ninsule arabique. Au large, la souverainet\u00e9 du Y\u00e9men s&#039;\u00e9tend \u00e0 plusieurs \u00eeles de la mer Rouge \u2013 Hanish, Kamaran, Perim \u2013 et \u00e0 l&#039;archipel de Socotra, situ\u00e9 plus pr\u00e8s de l&#039;Afrique, dont les pics volcaniques et la flore end\u00e9mique trahissent des affinit\u00e9s avec ce continent.<\/p>\n<p>Depuis plus de sept mill\u00e9naires, le Y\u00e9men se situe \u00e0 la crois\u00e9e des chemins commerciaux et culturels. Au premier mill\u00e9naire avant notre \u00e8re, le royaume de Saba rassemblait des caravanes d&#039;encens et de myrrhe, fondant des colonies de l&#039;autre c\u00f4t\u00e9 de la mer Rouge, dans ce qui est aujourd&#039;hui l&#039;\u00c9thiopie et l&#039;\u00c9rythr\u00e9e. En 275 de notre \u00e8re, le royaume himyarite succ\u00e9da \u00e0 Saba, o\u00f9 le juda\u00efsme laissa une empreinte durable sur la vie politique et sociale. Les communaut\u00e9s chr\u00e9tiennes s&#039;enracin\u00e8rent au IVe si\u00e8cle\u00a0; en l&#039;espace de trois si\u00e8cles, l&#039;islam s&#039;implanta et s&#039;imposa rapidement. Les guerriers y\u00e9m\u00e9nites servirent aux c\u00f4t\u00e9s du Proph\u00e8te, puis particip\u00e8rent aux conqu\u00eates qui port\u00e8rent l&#039;islam au-del\u00e0 de l&#039;Arabie. Tout au long du Moyen \u00c2ge, des dynasties comme les Rassoulides et les Tahirides s&#039;\u00e9lev\u00e8rent et d\u00e9clin\u00e8rent, tandis que les villes des hautes terres \u00e9tablirent des s\u00e9minaires qui allaient faire du Y\u00e9men un haut lieu de l&#039;enseignement islamique.<\/p>\n<p>Entre le XVIe et le XXe si\u00e8cle, le Y\u00e9men a d\u00fb faire face \u00e0 des incursions \u00e9trang\u00e8res. L&#039;Empire ottoman revendiquait une grande partie du nord\u00a0; les Britanniques se retranchaient au sud, autour d&#039;Aden. Apr\u00e8s la Premi\u00e8re Guerre mondiale, l&#039;imam Yahya a proclam\u00e9 l&#039;ind\u00e9pendance du royaume du Y\u00e9men. En 1962, des officiers r\u00e9publicains ont d\u00e9pos\u00e9 la monarchie, formant la R\u00e9publique arabe du Y\u00e9men, ou Y\u00e9men du Nord. Cinq ans plus tard, Aden et son arri\u00e8re-pays ont fait s\u00e9cession pour former la R\u00e9publique d\u00e9mocratique populaire du Y\u00e9men, seul \u00c9tat socialiste d\u00e9clar\u00e9 du monde arabe. Ce n&#039;est qu&#039;en 1990 que le Nord et le Sud ont r\u00e9affirm\u00e9 leur unit\u00e9 au sein de la R\u00e9publique du Y\u00e9men\u00a0; son premier pr\u00e9sident, Ali Abdallah Saleh, a pr\u00e9sid\u00e9 le pays jusqu&#039;\u00e0 ce que le Printemps arabe de 2011 le force \u00e0 d\u00e9missionner.<\/p>\n<p>Les troubles politiques reprirent rapidement. Des manifestations de masse contre la stagnation \u00e9conomique, le ch\u00f4mage end\u00e9mique et les propositions d&#039;amendements constitutionnels se multipli\u00e8rent contre le pouvoir y\u00e9m\u00e9nite, pourtant bien \u00e9tabli. En 2015, la guerre civile avait embras\u00e9 le pays\u00a0: le mouvement houthi de Sanaa affrontait le gouvernement internationalement reconnu, tandis que des puissances \u00e9trang\u00e8res intervenaient par voie a\u00e9rienne, terrestre et maritime. La catastrophe humanitaire qui s&#039;ensuivit compte parmi les plus graves du si\u00e8cle\u00a0: en 2019, quelque 24\u00a0millions de Y\u00e9m\u00e9nites, soit les trois quarts de la population, avaient besoin d&#039;aide, et les indicateurs de faim, de mortalit\u00e9 infantile et de propagation des maladies restaient d\u00e9sastreux. Le Y\u00e9men se classe au dernier rang en mati\u00e8re de d\u00e9veloppement humain hors d&#039;Afrique et au dernier rang en mati\u00e8re de paix mondiale, alors m\u00eame que son \u00e9conomie en temps de paix s&#039;est pratiquement effondr\u00e9e sous le blocus et les conflits.<\/p>\n<p>Pourtant, malgr\u00e9 les difficult\u00e9s, le patrimoine architectural du Y\u00e9men r\u00e9siste. Dans la vieille ville de Sanaa, inscrite au patrimoine mondial de l&#039;UNESCO en 1986, des maisons-tours en briques cuites et en pierre s&#039;\u00e9l\u00e8vent sur six, voire sept \u00e9tages, leurs fa\u00e7ades orn\u00e9es de reliefs g\u00e9om\u00e9triques en pl\u00e2tre. Les \u00e9tages inf\u00e9rieurs abritaient autrefois le b\u00e9tail et les greniers\u00a0; au sommet, une salle de r\u00e9ception (mafraj) offrait des vues sur les toits. Au nord se trouve Shibam, le \u00ab\u00a0Manhattan du d\u00e9sert\u00a0\u00bb, dont les gratte-ciel en briques crues du XVIe\u00a0si\u00e8cle surplombent encore le Wadi Hadramaout. Plus loin encore, Zabid conserve une ville universitaire m\u00e9di\u00e9vale, dont les arcades t\u00e9moignent de si\u00e8cles d&#039;\u00e9rudition. \u00c0 Wadi Dahr se dresse Dar al-Hajar, le palais rupestre de l&#039;Imam, dont les impostes en verre color\u00e9 et les pl\u00e2tres orn\u00e9s \u00e9voquent une \u00e9poque plus calme.<\/p>\n<p>L&#039;archipel de Socotra, class\u00e9 au patrimoine mondial de l&#039;UNESCO en 2008, offre des merveilles naturelles incomparables. Environ 37 % de ses 825 esp\u00e8ces v\u00e9g\u00e9tales sont uniques au monde\u00a0; de m\u00eame, 90 % des reptiles et 95 % des escargots sont pr\u00e9sents. Le c\u00e9l\u00e8bre arbre \u00e0 sang-dragon (Dracaena cinnabari) pars\u00e8me les plateaux calcaires, tandis que les r\u00e9cifs coralliens regorgent de 253 esp\u00e8ces de coraux et de 730 esp\u00e8ces de poissons. L&#039;isolement de Socotra a favoris\u00e9 non seulement la biodiversit\u00e9, mais aussi une langue et une culture distinctes, t\u00e9moignant du patrimoine multidimensionnel du Y\u00e9men.<\/p>\n<p>Sur le plan administratif, le Y\u00e9men comprend vingt et un gouvernorats, plus la municipalit\u00e9 d&#039;Amanat al-\u02bfAsimah, autour de Sanaa\u00a0; une r\u00e9forme de 2013 a \u00e9lev\u00e9 Socotra au rang de gouvernorat \u00e0 part enti\u00e8re. Les subdivisions passent de 333 districts \u00e0 plus de 2\u00a0200 sous-districts et pr\u00e8s de 38\u00a0300 villages. En 2014, un plan constitutionnel proposait six r\u00e9gions f\u00e9d\u00e9rales \u2013 quatre au nord, deux au sud \u2013, mais la guerre civile a interrompu sa pleine mise en \u0153uvre.<\/p>\n<p>Sur le plan \u00e9conomique, l&#039;unification a apport\u00e9 des gains modestes : en 2013, le produit int\u00e9rieur brut du Y\u00e9men (parit\u00e9 de pouvoir d&#039;achat) avait atteint 61,63 milliards de dollars, avec un revenu par habitant de 2\u00a0500 dollars. Les services repr\u00e9sentaient plus de 60 % de la production, l&#039;industrie 31 % et l&#039;agriculture moins de 8 % ; le p\u00e9trole contribuait autrefois \u00e0 un quart du PIB et \u00e0 63 % des recettes. Depuis la reprise du conflit, le PIB a chut\u00e9 de plus de moiti\u00e9, les exportations ont stagn\u00e9 et les infrastructures se sont d\u00e9grad\u00e9es. Le Y\u00e9men figure parmi les pays les plus pauvres du monde, ses indices de d\u00e9veloppement humain se situant parmi les plus bas.<\/p>\n<p>D&#039;un point de vue d\u00e9mographique, le Y\u00e9men est jeune. De 4,3 millions d&#039;habitants en 1950, sa population est pass\u00e9e \u00e0 environ 33 \u00e0 35 millions au d\u00e9but des ann\u00e9es 2020, dont pr\u00e8s de la moiti\u00e9 a moins de quinze ans et moins de 3 % plus de soixante-cinq ans. La f\u00e9condit\u00e9 reste \u00e9lev\u00e9e, \u00e0 environ 4,5 enfants par femme, et devrait encore augmenter pour atteindre peut-\u00eatre 60 millions d&#039;ici le milieu du si\u00e8cle. L&#039;arabe sous-tend la vie publique\u00a0: l&#039;arabe standard moderne est utilis\u00e9 dans l&#039;\u00e9ducation et la gouvernance\u00a0; l&#039;arabe y\u00e9m\u00e9nite, avec sa phon\u00e9tique et son vocabulaire archa\u00efques, reste la langue vernaculaire. \u00c0 Socotra et dans l&#039;est de l&#039;Hadramaout, les langues s\u00e9mitiques du sud \u2013 soqotri, mehri et autres \u2013 persistent. L&#039;anglais jouit d&#039;une popularit\u00e9 croissante, notamment dans les anciennes zones britanniques.<\/p>\n<p>L&#039;islam unifie les Y\u00e9m\u00e9nites\u00a0: les chiites zaydites repr\u00e9sentent environ 45\u00a0% de la population et les musulmans sunnites, principalement de l&#039;\u00e9cole chaf\u00e9ite, environ 53\u00a0%. Des communaut\u00e9s isma\u00e9liennes et duod\u00e9cimaines plus petites compl\u00e8tent le tableau. La pratique religieuse rythme le quotidien\u00a0: les appels \u00e0 la mosqu\u00e9e \u00e0 l&#039;aube, \u00e0 midi, dans l&#039;apr\u00e8s-midi, au coucher du soleil et en soir\u00e9e rythment les march\u00e9s comme les villages de montagne.<\/p>\n<p>Visiter le Y\u00e9men exige patience et vigilance. Pour des raisons de s\u00e9curit\u00e9, les vols fluctuent\u00a0; \u00e0 la mi-2024, seuls les a\u00e9roports de Sanaa, Aden et Say&#039;un b\u00e9n\u00e9ficiaient d&#039;une desserte limit\u00e9e depuis Amman, Le Caire, Riyad et Bombay. Il n&#039;existe pas de r\u00e9seau ferroviaire. L&#039;entr\u00e9e par voie terrestre via Oman reste possible, bien qu&#039;un permis (tasriih) d\u00e9livr\u00e9 par la police touristique soit obligatoire pour les d\u00e9placements interurbains par la route\u00a0; les postes-fronti\u00e8res saoudiens imposent des exigences plus strictes. Des bus, climatis\u00e9s, bien que parfois v\u00e9tustes, relient les principales villes, bien que les voyageurs priv\u00e9s affr\u00e8tent souvent des 4x4 avec des guides locaux. Des ferries c\u00f4tiers au d\u00e9part de Djibouti traversent p\u00e9niblement le Golfe, et les \u00e2mes intr\u00e9pides peuvent encore embarquer \u00e0 bord de cimentiers \u00e0 destination de Socotra.<\/p>\n<p>En ville, les taxis collectifs \u2013 des minibus \u00ab bijou \u00bb locaux ou d\u00e9riv\u00e9s de Peugeot \u2013 fonctionnent sur le principe du remplissage et du d\u00e9part, pouvant accueillir jusqu&#039;\u00e0 neuf passagers\u00a0; n\u00e9gocier deux si\u00e8ges \u00e0 l&#039;avant ou des rang\u00e9es enti\u00e8res reste courant pour plus de confort. Pour les voyageurs ind\u00e9pendants dans les r\u00e9gions plus calmes, les bus intra-urbains offrent un transport convivial et \u00e9conomique. Des photocopies de permis, un passeport et un itin\u00e9raire suffisent pour obtenir un laissez-passer pour la route, m\u00eame si les points de contr\u00f4le militaires peuvent encore exiger plusieurs visas.<\/p>\n<p>Malgr\u00e9 les obstacles logistiques, les attraits du Y\u00e9men perdurent. \u00c0 Sanaa, le labyrinthe de ruelles \u00e9troites, les fen\u00eatres \u00e0 croisillons en bois rouge et le parfum du caf\u00e9 \u00e9pic\u00e9 \u00e0 la cardamome \u00e9voquent des si\u00e8cles de vie quotidienne. Kawkaban, perch\u00e9 \u00e0 3\u00a0000 m\u00e8tres d&#039;altitude, conserve des inscriptions himyarites et des \u00e9toiles de David d&#039;anciennes communaut\u00e9s juives. Les remparts en briques de terre de Saada prot\u00e8gent les vignes et les palmiers dont les fruits font vivre les villages des hautes terres. Al Mahwit couronne les montagnes de fermes envelopp\u00e9es de nuages\u00a0; Bura&#039; abrite des for\u00eats aliment\u00e9es par la mousson comme nulle autre dans la p\u00e9ninsule. La haute colonie de Manakhah t\u00e9moigne d&#039;une planification m\u00e9di\u00e9vale au sommet des collines\u00a0; l&#039;ancien barrage de Ma&#039;rib, autrefois attribu\u00e9 dans la l\u00e9gende \u00e0 la reine de Saba, t\u00e9moigne de prouesses d&#039;ing\u00e9nierie qui irriguaient de vastes champs. \u00c0 Ibb, le \u00ab\u00a0C\u0153ur vert\u00a0\u00bb, des torrents de pluies annuelles alimentent les vall\u00e9es de caf\u00e9 et de miel\u00a0; La ville voisine de Jiblah r\u00e9sonne de ses maisons fortifi\u00e9es en pierre. Al Khawkhah offre des plages de la mer Rouge ombrag\u00e9es de palmiers, tandis que Ta&#039;izz, centre culturel de la r\u00e9publique, se dresse sous les pentes en terrasses du Jabal Sabir. Tarim et Say&#039;un, dans l&#039;Hadramaout, refl\u00e8tent l&#039;\u00e9l\u00e9gance hadhramite avec leurs palais et mosqu\u00e9es en briques. Al Mukalla fait face \u00e0 la mer d&#039;Arabie avec modernit\u00e9, mais son littoral c\u00e8de la place aux sables immacul\u00e9s de Bir Ali. Enfin, le parc national de Hauf, vestige de l&#039;influence de la mousson, abrite des zones de for\u00eat tropicale et une faune partag\u00e9e avec les voisins omanais.<\/p>\n<p>Pour le visiteur, les normes sociales exigent une conduite discr\u00e8te. Les sujets politiques, notamment les opinions sur les \u00c9tats-Unis ou Isra\u00ebl, peuvent susciter un malaise. La religion impose le respect\u00a0: les mosqu\u00e9es imposent un code vestimentaire et, pendant le Ramadan, manger ou fumer en public est consid\u00e9r\u00e9 comme une infraction. Les appareils photo n\u00e9cessitent une autorisation\u00a0; les portraits de femmes ou les installations de s\u00e9curit\u00e9 peuvent susciter l&#039;hostilit\u00e9. Les \u00e9lans charitables s&#039;expriment mieux aupr\u00e8s d&#039;organismes caritatifs reconnus que par des cadeaux improvis\u00e9s aux enfants, qui peuvent favoriser la d\u00e9pendance. Le marchandage est au c\u0153ur du commerce\u00a0; les prix fixes pour les \u00e9trangers sont rares, et la n\u00e9gociation incarne la coutume.<\/p>\n<p>Le Y\u00e9men demeure ainsi une terre de contrastes\u00a0: un berceau de civilisation dont l\u2019architecture et les merveilles naturelles r\u00e9sistent aux ravages du conflit\u00a0; un lieu o\u00f9 l\u2019hospitalit\u00e9 perdure malgr\u00e9 les \u00e9preuves, et o\u00f9 chaque vall\u00e9e et chaque village portent en eux une histoire riche. Comprendre le Y\u00e9men, c\u2019est reconna\u00eetre \u00e0 parts \u00e9gales ses souffrances et sa beaut\u00e9, respecter ses traditions et son peuple, et reconna\u00eetre que, m\u00eame dans les \u00e9preuves actuelles, l\u2019h\u00e9ritage du Y\u00e9men fa\u00e7onne \u00e0 la fois le pass\u00e9 et les promesses du monde arabe.<\/p>","protected":false},"excerpt":{"rendered":"<p>Situ\u00e9 en Asie occidentale, le Y\u00e9men comptait environ 40,8 millions d&#039;habitants en 2024, ce qui le classait au 37e rang des pays les plus peupl\u00e9s du monde. Strat\u00e9giquement \u00e9tendu sur pr\u00e8s de 528\u00a0000 kilom\u00e8tres carr\u00e9s dans le sud de l&#039;Arabie, ce pays est bord\u00e9 au nord par l&#039;Arabie saoudite et au nord-est par Oman. Ses 2\u00a0000 kilom\u00e8tres de c\u00f4tes s&#039;\u00e9tendent de l&#039;oc\u00e9an Indien au sud \u00e0 la mer Rouge \u00e0 l&#039;ouest. Situ\u00e9 de l&#039;autre c\u00f4t\u00e9 de la Corne de l&#039;Afrique, ce territoire forme des fronti\u00e8res maritimes avec l&#039;\u00c9rythr\u00e9e, Djibouti et la Somalie.<\/p>","protected":false},"author":1,"featured_media":3216,"parent":24063,"menu_order":0,"comment_status":"closed","ping_status":"closed","template":"elementor_theme","meta":{"_eb_attr":"","footnotes":""},"class_list":["post-15430","page","type-page","status-publish","has-post-thumbnail"],"_links":{"self":[{"href":"https:\/\/travelshelper.com\/fr\/wp-json\/wp\/v2\/pages\/15430","targetHints":{"allow":["GET"]}}],"collection":[{"href":"https:\/\/travelshelper.com\/fr\/wp-json\/wp\/v2\/pages"}],"about":[{"href":"https:\/\/travelshelper.com\/fr\/wp-json\/wp\/v2\/types\/page"}],"author":[{"embeddable":true,"href":"https:\/\/travelshelper.com\/fr\/wp-json\/wp\/v2\/users\/1"}],"replies":[{"embeddable":true,"href":"https:\/\/travelshelper.com\/fr\/wp-json\/wp\/v2\/comments?post=15430"}],"version-history":[{"count":0,"href":"https:\/\/travelshelper.com\/fr\/wp-json\/wp\/v2\/pages\/15430\/revisions"}],"up":[{"embeddable":true,"href":"https:\/\/travelshelper.com\/fr\/wp-json\/wp\/v2\/pages\/24063"}],"wp:featuredmedia":[{"embeddable":true,"href":"https:\/\/travelshelper.com\/fr\/wp-json\/wp\/v2\/media\/3216"}],"wp:attachment":[{"href":"https:\/\/travelshelper.com\/fr\/wp-json\/wp\/v2\/media?parent=15430"}],"curies":[{"name":"wp","href":"https:\/\/api.w.org\/{rel}","templated":true}]}}