{"id":15420,"date":"2024-09-20T23:51:22","date_gmt":"2024-09-20T23:51:22","guid":{"rendered":"https:\/\/travelshelper.com\/staging\/?page_id=15420"},"modified":"2026-03-11T18:34:32","modified_gmt":"2026-03-11T18:34:32","slug":"oulan-bator","status":"publish","type":"page","link":"https:\/\/travelshelper.com\/fr\/destinations\/asia\/mongolia\/ulaanbaatar\/","title":{"rendered":"Oulan-Bator"},"content":{"rendered":"<p>Oulan-Bator se situe \u00e0 la crois\u00e9e des chemins entre l&#039;air de haute altitude et l&#039;immensit\u00e9 de la steppe mongole. \u00c0 environ 1\u00a0350 m\u00e8tres d&#039;altitude, elle se niche dans une vall\u00e9e creus\u00e9e par la Tuul, un affluent de la Selenge. Encercl\u00e9e par quatre sommets sentinelles \u2013 le Songino Khairkhan \u00e0 l&#039;ouest, le Chingeltei et le Bayanzurkh au nord, et le massif bois\u00e9 du Bogd Khan au sud \u2013, la ville subit l&#039;anticyclone sib\u00e9rien, source de ses hivers rigoureux et de ses \u00e9t\u00e9s courts et chauds. Malgr\u00e9 les matin\u00e9es \u00e0 -40 \u00b0C, la temp\u00e9rature moyenne annuelle d&#039;Oulan-Bator, de 0,2 \u00b0C, en fait la capitale nationale la plus froide du monde en moyenne annuelle, un record que seule Nuuk, au Groenland, partage \u00e0 l&#039;extr\u00eame. Sa classification climatique chevauche la fronti\u00e8re entre les types semi-arides froids (BSk) et subarctiques (Dwc), les fortes variations entre les temp\u00e9ratures maximales de 39 \u00b0C en juillet et le calme arctique de janvier fa\u00e7onnant \u00e0 la fois son architecture et son mode de vie.<\/p>\n\n\n\n<p>L&#039;origine d&#039;Oulan-Bator moderne remonte \u00e0 1639, lorsque Zanabazar, premier chef spirituel du bouddhisme mongol, \u00e9tablit une enclave monastique mobile appel\u00e9e \u00d6rg\u00f6\u00f6. Nomade par n\u00e9cessit\u00e9, ce centre religieux changea de lieu vingt-neuf fois en pr\u00e8s de 140 ans, au rythme de la soci\u00e9t\u00e9 pastorale mongole. Ce n&#039;est qu&#039;en 1778 qu&#039;\u00d6rg\u00f6\u00f6 rompit d\u00e9finitivement avec la mobilit\u00e9, s&#039;installant pr\u00e8s de la rivi\u00e8re Tuul, le long de la route des caravanes reliant Kyakhta, \u00e0 la fronti\u00e8re russo-chinoise, \u00e0 P\u00e9kin. Avec la chute de la dynastie Qing en 1911, la ville d\u00e9passa ses origines eccl\u00e9siastiques pour devenir un creuset d&#039;ind\u00e9pendance. Elle devint la capitale du khanat de Bogd, de courte dur\u00e9e, sous le huiti\u00e8me Jebtsundamba Khutuktu et, apr\u00e8s la r\u00e9volution communiste de 1921, fut rebaptis\u00e9e Oulan-Bator \u2013 H\u00e9ros rouge \u2013 en 1924 avec la naissance de la R\u00e9publique populaire de Mongolie.<\/p>\n\n\n\n<p>L&#039;urbanisme de l&#039;\u00e8re sovi\u00e9tique a transform\u00e9 le visage d&#039;Oulan-Bator dans les ann\u00e9es 1950. Les yourtes en bois ont c\u00e9d\u00e9 la place \u00e0 des immeubles d&#039;habitation uniformes, les boulevards se sont \u00e9largis et les places publiques ont acquis une nouvelle grandeur. La place S\u00fckhbaatar, au c\u0153ur de la ville, met en valeur ses h\u00e9ros\u00a0: Damdin S\u00fckhbaatar chevauchant son destrier et Gengis Khan regardant vers le nord, flanqu\u00e9s du Palais du Gouvernement et de l&#039;imposante Avenue de la Paix. Pourtant, des vestiges du pass\u00e9 subsistent\u00a0: le monast\u00e8re de Gandantegchinlen, le palais d&#039;Hiver du bogd Khan et le temple Choijin Lama rappellent la cit\u00e9 monastique qui tra\u00e7ait autrefois les itin\u00e9raires de circumambulation des p\u00e8lerins, aujourd&#039;hui inscrits dans le r\u00e9seau routier. Depuis que les manifestations d\u00e9mocratiques de 1990 ont renvers\u00e9 le r\u00e9gime du parti unique, Oulan-Bator a accueilli un nombre sans pr\u00e9c\u00e9dent de migrants, doublant sa population, passant de moins d&#039;un million en 2007 \u00e0 environ 1,6 million fin 2022.<\/p>\n\n\n\n<p>Cette croissance rapide a d\u00e9pass\u00e9 les infrastructures, laissant les deux tiers des habitants dans les quartiers de yourtes de la p\u00e9riph\u00e9rie nord. D\u00e9pourvus d&#039;eau potable, d&#039;assainissement et de routes goudronn\u00e9es, ces quartiers d\u00e9pendent de yourtes auto-construites et de po\u00eales \u00e0 charbon. En hiver, ils enveloppent la ville d&#039;un brouillard suffocant, tandis qu&#039;Oulan-Bator obtient l&#039;un des pires classements de la plan\u00e8te en mati\u00e8re de qualit\u00e9 de l&#039;air. Les taux de pneumonie infantile grimpent et le fardeau sanitaire se fait sentir \u00e0 chaque analyse de particules fines en laboratoire. Pendant ce temps, au c\u0153ur de la ville, un boom de la construction propulse de nouveaux gratte-ciel vers le ciel \u2013 certains autoris\u00e9s, d&#039;autres \u00e9rig\u00e9s dans un flou juridique \u2013 t\u00e9moignage d&#039;une \u00e9conomie \u00e0 la fois florissante et non r\u00e9glement\u00e9e.<\/p>\n\n\n\n<p>Centre politique et financier de la Mongolie, Oulan-Bator abrite pr\u00e8s de la moiti\u00e9 de la population du pays. Gouvern\u00e9e ind\u00e9pendamment de la province environnante de T\u00f6v \u2013 dont la capitale, Zuunmod, se trouve \u00e0 43 kilom\u00e8tres au sud \u2013, la ville concentre les institutions culturelles, les si\u00e8ges sociaux d&#039;entreprises et les axes routiers du pays. MCS Group, Tavan Bogd et Mobicom comptent parmi les conglom\u00e9rats locaux implant\u00e9s ici, aux c\u00f4t\u00e9s de soci\u00e9t\u00e9s mini\u00e8res \u00e9trang\u00e8res exploitant les gisements d&#039;or voisins de Boroo et au-del\u00e0. Le secteur des services repr\u00e9sente environ 43 % du PIB de la ville, tandis que l&#039;exploitation mini\u00e8re y contribue \u00e0 hauteur de 25 %. Pourtant, le spectre de la volatilit\u00e9 des prix des mati\u00e8res premi\u00e8res, comme on l&#039;a vu lors de la crise de 2008, stimule les initiatives de diversification, donnant naissance \u00e0 des start-ups dans les domaines de la technologie, de la finance et du tourisme.<\/p>\n\n\n\n<p>Au sein de cette mosa\u00efque urbaine, s&#039;\u00e9panouissent des formes d&#039;art anciennes et modernes. Les monast\u00e8res pr\u00e9servent des tr\u00e9sors\u00a0: la statue dor\u00e9e d&#039;Avalokite\u015bvara, haute de 26,5\u00a0m\u00e8tres, du monast\u00e8re de Gandan, et les galeries remplies de curiosit\u00e9s du temple Choijin Lama ont surv\u00e9cu aux purges qui ont ras\u00e9 tant de sites religieux. Le mus\u00e9e des beaux-arts de Zanabazar abrite des chefs-d&#039;\u0153uvre du plus c\u00e9l\u00e8bre artiste-saint de Mongolie, tandis que le mus\u00e9e national retrace les traces de l&#039;homme depuis la pr\u00e9histoire jusqu&#039;\u00e0 l&#039;Empire mongol. L&#039;op\u00e9ra d&#039;Oulan-Bator pr\u00e9sente des ballets et des symphonies en partenariat avec des institutions telles que les ensembles artistiques de Boston. Des ensembles folkloriques \u2013 Tumen Ekh, le Morin Khuur Ensemble et le Grand Orchestre national d&#039;\u00c9tat \u2013 parcourent le monde, faisant r\u00e9sonner les chants longs, le violon \u00e0 t\u00eate de cheval et les danses masqu\u00e9es Tsam sur des sc\u00e8nes lointaines.<\/p>\n\n\n\n<p>Les parcs et les zones prot\u00e9g\u00e9es forment un arc autour de la ville. La zone prot\u00e9g\u00e9e de Bogd Khan Uul, vestige de 67\u00a0300 hectares de conservation du XIIe si\u00e8cle, abrite des m\u00e9l\u00e8zes et des pins sur ses flancs et fait \u00e9cho aux ruines du monast\u00e8re de Manjusri du XIIe si\u00e8cle. Le parc national de Gorkhi-Terelj, \u00e0 70 kilom\u00e8tres \u00e0 l&#039;est, invite les excursionnistes \u00e0 d\u00e9couvrir ses sentiers de randonn\u00e9e et la statue \u00e9questre de Gengis Khan, haute de 40 m\u00e8tres, encombr\u00e9e \u00e0 sa base par des stands de souvenirs. Dans les limites de la ville, le parc national du jardin \u2013 55 hectares plant\u00e9s de plus de 100\u00a0000 arbres \u2013 vise \u00e0 sensibiliser les citoyens \u00e0 la protection de l&#039;environnement, tandis que des bosquets plus petits comm\u00e9morent des personnages d&#039;autrefois ou favorisent l&#039;amiti\u00e9 entre la Cor\u00e9e et la Mongolie.<\/p>\n\n\n\n<p>Le tissu urbain d&#039;Oulan-Bator allie ancien et nouveau. L&#039;avenue de la Paix, autrefois le Ch\u00f6l\u00f6\u00f6 d&#039;\u00d6rg\u00f6\u00f6, s&#039;\u00e9tend d&#039;est en ouest sur la place centrale, ses trottoirs bord\u00e9s de grands magasins et de caf\u00e9s proposant buuz vapeur et confiseries. Le p\u00e9riph\u00e9rique Ikh Toiruu trace les chemins de pri\u00e8re des p\u00e8lerins autour de temples disparus, croisant Narnii Zam, la Route du Soleil, gr\u00e2ce \u00e0 l&#039;aide japonaise. Les quartiers de yourtes du nord s&#039;\u00e9l\u00e8vent juste au-del\u00e0, leur r\u00e9seau de ruelles ponctu\u00e9es de march\u00e9s informels. Au sud, les quartiers ais\u00e9s s&#039;\u00e9tendent vers le Tuul, o\u00f9 les datchas d&#039;\u00e9t\u00e9 \u2013 les zuslan, rappelant les datchas russes \u2013 se nichent parmi les trembles et les saules, accueillant des barbecues le week-end et, occasionnellement, les chevaux des bergers qui broutent en fin de journ\u00e9e.<\/p>\n\n\n\n<p>Les transports en commun alimentent une ville de plus de 660\u00a0000 v\u00e9hicules immatricul\u00e9s. Les bus dominent\u00a0: 950 v\u00e9hicules de dix-neuf compagnies empruntent 105 lignes, transportant pr\u00e8s d\u2019un demi-million de passagers chaque jour. Un syst\u00e8me de carte \u00e0 puce \u00ab\u00a0U Money\u00a0\u00bb a remplac\u00e9 les contr\u00f4leurs en 2015, simplifiant les trajets qui co\u00fbtaient entre 300 et 500 t\u00f6gr\u00f6g pour les adultes. Les trolleybus et les minibus comblent les lacunes\u00a0; les taxis officiels, d\u00e9sormais au nombre de 372, sillonnent les files d\u2019attente, tandis que les taxis sans licence et les applications de VTC comme UBCab prosp\u00e8rent dans l\u2019ombre. La circulation est au ralenti le long de Peace Avenue, Ikh Toiruu, Narnii Zam et Chinggis Avenue, la vitesse moyenne aux heures de pointe \u00e9tant tomb\u00e9e sous les 9\u00a0km\/h en 2021 et devrait encore ralentir avec l\u2019augmentation des embouteillages.<\/p>\n\n\n\n<p>Des liaisons ferroviaires relient Oulan-Bator \u00e0 la Russie et \u00e0 la Chine via le Transmongol, et cinq h\u00e9liports pars\u00e8ment son horizon. L&#039;a\u00e9roport international Gengis Khan, inaugur\u00e9 en 2021 \u00e0 Sergelen, dans la province de T\u00f6v, a remplac\u00e9 l&#039;ancien a\u00e9rodrome de Buyant-Ukhaa. Ses terminaux accueillent des vols vers l&#039;Europe, l&#039;Asie de l&#039;Est et les centres d&#039;a\u00efmags nationaux, reli\u00e9s \u00e0 la ville par des navettes et des autoroutes. En ville, les planificateurs des transports sont confront\u00e9s \u00e0 des inondations\u00a0; seulement 16\u00a0% des routes goudronn\u00e9es sont drain\u00e9es, ce qui fait du d\u00e9gel printanier un risque d&#039;inondation dans les quartiers de yourtes.<\/p>\n\n\n\n<p>Pour les visiteurs, l&#039;aspect pratique rejoint l&#039;histoire. Les distributeurs automatiques de billets sont nombreux\u00a0: les banques Golomt et TDB distribuent du t\u00f6gr\u00f6g sur les cartes internationales, moyennant des frais d&#039;environ 3\u00a0%, et seuls les distributeurs automatiques de l&#039;a\u00e9roport acceptent les Cirrus. Le long de l&#039;avenue de la Paix, les bureaux de change offrent des taux comp\u00e9titifs, tandis que les grands h\u00f4tels pratiquent le troc \u00e0 toute heure. La criminalit\u00e9 se concentre en p\u00e9riph\u00e9rie\u00a0: les zones de yourtes, les ruelles obscures et les march\u00e9s bond\u00e9s incitent \u00e0 la vigilance contre les vols \u00e0 la tire\u00a0; le centre-ville reste relativement s\u00fbr en comparaison. Des incidents x\u00e9nophobes impliquant des passants en \u00e9tat d&#039;\u00e9bri\u00e9t\u00e9 surviennent occasionnellement\u00a0; la discr\u00e9tion dans les bars et les taxis, ainsi que les d\u00e9placements en groupe la nuit, att\u00e9nuent la plupart des risques.<\/p>\n\n\n\n<p>Dans sa sixi\u00e8me phase d&#039;existence \u2013 la mobilit\u00e9 monastique de 1639 \u00e0 1778\u00a0; l&#039;Urga de la dynastie Qing de 1778 \u00e0 1924\u00a0; la R\u00e9publique socialiste de 1924 \u00e0 1990\u00a0; les ann\u00e9es 1990 difficiles\u00a0; et la croissance explosive depuis 2000\u00a0\u2013 Oulan-Bator r\u00e9v\u00e8le des strates d&#039;identit\u00e9. Chaque strate laisse des traces\u00a0: des cl\u00f4tures en bois rappelant les enceintes des temples\u00a0; des appartements de l&#039;\u00e8re sovi\u00e9tique laissant place \u00e0 des tours vitr\u00e9es\u00a0; des yourtes tach\u00e9es de boue \u00e0 l&#039;ombre des n\u00e9ons des h\u00f4tels. Malgr\u00e9 les extr\u00eames de temp\u00e9rature et les in\u00e9galit\u00e9s, Oulan-Bator demeure le centre n\u00e9vralgique de la Mongolie, forgeant la modernit\u00e9 sur les fondements du nomadisme, de l&#039;apprentissage bouddhiste et d&#039;une adaptation r\u00e9siliente aux difficult\u00e9s. Son horizon en perp\u00e9tuelle \u00e9volution refl\u00e8te les steppes qui l&#039;entourent, ouvertes sur le ciel, fa\u00e7onn\u00e9es par le vent et anim\u00e9es par les habitants de cette froide vall\u00e9e.<\/p>","protected":false},"excerpt":{"rendered":"<p>Oulan-Bator, capitale et plus grande ville de Mongolie, compte 1,6 million d&#039;habitants et est reconnue comme la capitale la plus froide du monde en termes de temp\u00e9rature annuelle moyenne. Cette ville dynamique, situ\u00e9e au centre-nord de la Mongolie, \u00e0 environ 1\u00a0300 m\u00e8tres d&#039;altitude, poss\u00e8de une histoire fascinante qui remonte \u00e0 pr\u00e8s de quatre si\u00e8cles. La transformation de la ville, autrefois centre monastique bouddhiste nomade, en p\u00f4le urbain contemporain refl\u00e8te le riche patrimoine culturel de la Mongolie et son d\u00e9veloppement en tant que nation.<\/p>","protected":false},"author":1,"featured_media":3043,"parent":15411,"menu_order":0,"comment_status":"closed","ping_status":"closed","template":"elementor_theme","meta":{"_eb_attr":"","footnotes":""},"class_list":["post-15420","page","type-page","status-publish","has-post-thumbnail"],"_links":{"self":[{"href":"https:\/\/travelshelper.com\/fr\/wp-json\/wp\/v2\/pages\/15420","targetHints":{"allow":["GET"]}}],"collection":[{"href":"https:\/\/travelshelper.com\/fr\/wp-json\/wp\/v2\/pages"}],"about":[{"href":"https:\/\/travelshelper.com\/fr\/wp-json\/wp\/v2\/types\/page"}],"author":[{"embeddable":true,"href":"https:\/\/travelshelper.com\/fr\/wp-json\/wp\/v2\/users\/1"}],"replies":[{"embeddable":true,"href":"https:\/\/travelshelper.com\/fr\/wp-json\/wp\/v2\/comments?post=15420"}],"version-history":[{"count":0,"href":"https:\/\/travelshelper.com\/fr\/wp-json\/wp\/v2\/pages\/15420\/revisions"}],"up":[{"embeddable":true,"href":"https:\/\/travelshelper.com\/fr\/wp-json\/wp\/v2\/pages\/15411"}],"wp:featuredmedia":[{"embeddable":true,"href":"https:\/\/travelshelper.com\/fr\/wp-json\/wp\/v2\/media\/3043"}],"wp:attachment":[{"href":"https:\/\/travelshelper.com\/fr\/wp-json\/wp\/v2\/media?parent=15420"}],"curies":[{"name":"wp","href":"https:\/\/api.w.org\/{rel}","templated":true}]}}