{"id":15411,"date":"2024-09-20T23:46:15","date_gmt":"2024-09-20T23:46:15","guid":{"rendered":"https:\/\/travelshelper.com\/staging\/?page_id=15411"},"modified":"2026-03-11T18:34:23","modified_gmt":"2026-03-11T18:34:23","slug":"mongolei","status":"publish","type":"page","link":"https:\/\/travelshelper.com\/fr\/destinations\/asia\/mongolia\/","title":{"rendered":"Mongolei"},"content":{"rendered":"<p>La Mongolie occupe une vaste \u00e9tendue de l&#039;int\u00e9rieur de l&#039;Asie, un territoire souverain d&#039;environ 1\u00a0564\u00a0116 kilom\u00e8tres carr\u00e9s, sans acc\u00e8s \u00e0 la mer ni au lac. Bord\u00e9e au nord par la Russie et au sud et au sud-est par la Chine, elle est le plus grand pays enclav\u00e9 non bord\u00e9 par une mer int\u00e9rieure. Son relief se d\u00e9ploie en grandes lignes\u00a0: des prairies vallonn\u00e9es s&#039;\u00e9tendent sur le plateau central, tandis que des cha\u00eenes de montagnes s&#039;\u00e9l\u00e8vent au nord et \u00e0 l&#039;ouest, et que le d\u00e9sert de Gobi \u2013 un p\u00e2turage plus qu&#039;une mer de sable aride \u2013 s&#039;\u00e9tend le long de sa partie sud. Avec une population totale d\u00e9passant \u00e0 peine 3,5 millions d&#039;habitants, la Mongolie d\u00e9tient le record de la plus faible densit\u00e9 de population parmi les \u00c9tats ind\u00e9pendants. La moiti\u00e9 de ses habitants vivent \u00e0 Oulan-Bator, la capitale la plus froide du monde, ce qui laisse le reste du territoire remarquablement ouvert et peu peupl\u00e9.<\/p>\n\n\n\n<p>L&#039;extr\u00e9mit\u00e9 orientale de la Mongolie se situe \u00e0 pr\u00e8s de 120\u00b0 de longitude Est, \u00e0 peu pr\u00e8s align\u00e9e avec Hangzhou en Chine, tandis que sa fronti\u00e8re occidentale approche le 87\u00b0 Est, soit presque la longitude de Calcutta. Son \u00e9tendue latitudinale, d&#039;environ 41\u00b0 Nord \u00e0 un peu plus de 52\u00b0 Nord, place le pays entre les parall\u00e8les de Rome et de Berlin, ou entre Chicago et Saskatoon. Pourtant, ces r\u00e9f\u00e9rences g\u00e9ographiques dissimulent les extr\u00eames climatiques qui caract\u00e9risent la vie sur ce haut plateau. Les pr\u00e9cipitations annuelles diminuent du nord au sud, passant de 200 \u00e0 350 millim\u00e8tres dans les hautes terres bois\u00e9es \u00e0 seulement 40 millim\u00e8tres dans certaines parties du Gobi. Les hivers sont marqu\u00e9s par un anticyclone sib\u00e9rien implacable, faisant descendre les temp\u00e9ratures sous les \u201330 \u00b0C dans certaines vall\u00e9es, tandis que les \u00e9t\u00e9s peuvent \u00eatre marqu\u00e9s par une chaleur intense et, hors du d\u00e9sert, par des pluies torrentielles.<\/p>\n\n\n\n<p>L&#039;histoire humaine de la Mongolie s&#039;\u00e9tend sur des mill\u00e9naires de conf\u00e9d\u00e9rations nomades. Avant l&#039;av\u00e8nement de Gengis Khan en 1206, les steppes furent gouvern\u00e9es \u00e0 diverses \u00e9poques par les Xiongnu, les Xianbei, les Rouran, puis par les khaganats turcs et ou\u00efghours successifs. Lorsque Tem\u00fcjin \u2013 futur Gengis Khan \u2013 unifia les Mongols, il lan\u00e7a la cr\u00e9ation de ce qui allait devenir le plus grand empire terrestre contigu de l&#039;histoire. Sous son petit-fils Kubilai Khan, la Chine proprement dite s&#039;effondra et la dynastie Yuan fut \u00e9tablie. Apr\u00e8s l&#039;effondrement des Yuan en 1368, les factions mongoles renou\u00e8rent avec leurs rivalit\u00e9s intestines jusqu&#039;\u00e0 ce que les \u00e9poques de Dayan Khan et de Tumen Zasagt Khan apportent une relative coh\u00e9sion au XVIe si\u00e8cle.<\/p>\n\n\n\n<p>C&#039;est \u00e9galement au XVIe si\u00e8cle que le bouddhisme tib\u00e9tain s&#039;implanta chez les Mongols. Sous le patronage de la dynastie Qing, qui absorba la Mongolie ext\u00e9rieure au XVIIe si\u00e8cle, les institutions monastiques prosp\u00e9r\u00e8rent\u00a0: au d\u00e9but du XXe si\u00e8cle, un homme adulte sur trois \u00e9tait moine bouddhiste. La chute des Qing en 1911 permit une d\u00e9claration d&#039;ind\u00e9pendance\u00a0; l&#039;autonomie compl\u00e8te fut obtenue en 1921, suivie de l&#039;\u00e9tablissement d&#039;une r\u00e9publique socialiste align\u00e9e sur l&#039;Union sovi\u00e9tique en 1924. Avec la r\u00e9volution d\u00e9mocratique pacifique de 1990 et la promulgation d&#039;une nouvelle constitution deux ans plus tard, la Mongolie adopta un syst\u00e8me multipartite et entama sa transition vers une \u00e9conomie de march\u00e9.<\/p>\n\n\n\n<p>Aujourd&#039;hui, environ trente pour cent des Mongols m\u00e8nent une existence nomade ou semi-nomade. Le cheval demeure le pilier de la mobilit\u00e9 et de la culture\u00a0; les yourtes traditionnelles en feutre (appel\u00e9es en anglais \u00ab\u00a0yourts\u00a0\u00bb) abritent des familles en d\u00e9placement, attach\u00e9es \u00e0 des troupeaux de moutons, de ch\u00e8vres, de bovins, de chevaux ou de chameaux. Bien que les temples-yourtes aient \u00e9volu\u00e9 vers de grands monast\u00e8res en briques et poutres aux XVIe et XVIIe si\u00e8cles, la forme cylindrique et les rev\u00eatements en feutre demeurent l&#039;embl\u00e8me de la vie mongole. Les lamaseries \u00e9taient souvent \u00e0 l&#039;origine des groupes de yourtes, puis se sont d\u00e9velopp\u00e9es en salles hexagonales ou dod\u00e9cagonales coiff\u00e9es de toits pyramidaux \u2013 approximations de la courbe d&#039;une yourte \u2013 avant de d\u00e9velopper des bases quadrilat\u00e9rales et des calottes en forme de marque.<\/p>\n\n\n\n<p>Sur le plan ethnique, la Mongolie est largement homog\u00e8ne\u00a0: les Mongols ethniques repr\u00e9sentent environ 95\u00a0% de la population, le sous-groupe Khalkha repr\u00e9sentant 86\u00a0% de cette majorit\u00e9. Les minorit\u00e9s turques, dont les Kazakhs et les Touvans, constituent environ 4,5\u00a0%, tandis que les Russes, les Chinois, les Cor\u00e9ens et les Am\u00e9ricains forment des contingents plus petits. Sur le plan linguistique, la langue officielle est le mongol, un membre de la famille des langues mongoles, standardis\u00e9 sur le dialecte Khalkha. Le kazakh pr\u00e9domine dans l&#039;a\u00efmag de Bayan-\u00d6lgii et le touvan dans certaines parties du Kh\u00f6vsg\u00f6l. Depuis les ann\u00e9es 1940, le mongol est inscrit en cyrillique\u00a0; apr\u00e8s la transition d\u00e9mocratique, on a assist\u00e9 \u00e0 une modeste renaissance de l&#039;\u00e9criture verticale traditionnelle, officiellement r\u00e9tablie en 2025 pour un usage juridique et administratif aux c\u00f4t\u00e9s du cyrillique, bien que l&#039;usage quotidien reste largement limit\u00e9 aux contextes c\u00e9r\u00e9moniels.<\/p>\n\n\n\n<p>En Mongolie, la religion refl\u00e8te une pluralit\u00e9 de croyances\u00a0: le bouddhisme vajrayana est pratiqu\u00e9 par un peu plus de cinquante pour cent de la population adulte, tandis que quarante pour cent se d\u00e9clarent non religieux. Les pratiques chamaniques demeurent un substrat culturel, et l&#039;islam, principalement chez les Kazakhs, repr\u00e9sente environ trois pour cent de la population. Le m\u00e9lange de rituels bouddhistes et chamaniques continue de fa\u00e7onner les c\u00e9r\u00e9monies collectives et individuelles, des offrandes saisonni\u00e8res aux enterrements c\u00e9lestes dans les vall\u00e9es recul\u00e9es.<\/p>\n\n\n\n<p>L&#039;\u00e9conomie de la Mongolie s&#039;appuie sur son patrimoine pastoral et ses richesses min\u00e9rales. L&#039;\u00e9levage et l&#039;agriculture repr\u00e9sentent ensemble environ 16 % du PIB\u00a0; l&#039;exploitation mini\u00e8re, ax\u00e9e sur le cuivre, le charbon, le molybd\u00e8ne, l&#039;\u00e9tain, le tungst\u00e8ne et l&#039;or, contribue \u00e0 environ 22 %. La production de cachemire repr\u00e9sente \u00e0 elle seule un cinqui\u00e8me de la production mondiale de mati\u00e8res premi\u00e8res. Le commerce de gros et de d\u00e9tail, les services, les transports, l&#039;entreposage et l&#039;immobilier occupent \u00e9galement une part importante de la composition \u00e9conomique. Pourtant, \u00e0 c\u00f4t\u00e9 de ces secteurs formels, une \u00e9conomie informelle, estim\u00e9e \u00e0 au moins un tiers du PIB officiel, impr\u00e8gne la vie rurale et urbaine.<\/p>\n\n\n\n<p>Fran\u00e7ais Le commerce ext\u00e9rieur du pays est fortement orient\u00e9 vers la Chine, qui absorbe pr\u00e8s de 80 % des exportations, tout en fournissant un peu plus d&#039;un tiers des importations. En 2023, la croissance du PIB r\u00e9el de la Mongolie a atteint 7 %, tir\u00e9e en grande partie par une production record de charbon pour le march\u00e9 chinois ; la baisse des co\u00fbts mondiaux des denr\u00e9es alimentaires et des carburants a contribu\u00e9 \u00e0 contenir l&#039;inflation \u00e0 environ 7 % d\u00e9but 2024. Malgr\u00e9 une forte augmentation des volumes d&#039;importations, un exc\u00e9dent de la balance courante a \u00e9t\u00e9 enregistr\u00e9, bien que la baisse des prix des mati\u00e8res premi\u00e8res puisse modifier l&#039;\u00e9quilibre dans les ann\u00e9es \u00e0 venir. La Banque mondiale consid\u00e8re les perspectives \u00e0 moyen terme de la Mongolie comme prometteuses, temp\u00e9r\u00e9es par les pressions inflationnistes, les fluctuations de la demande ext\u00e9rieure et les risques budg\u00e9taires li\u00e9s aux passifs \u00e9ventuels. Selon la Banque asiatique de d\u00e9veloppement, environ 27 % des Mongols vivaient sous le seuil de pauvret\u00e9 national en 2022, tandis que le PIB par habitant s&#039;\u00e9levait \u00e0 pr\u00e8s de 12\u00a0000 dollars am\u00e9ricains.<\/p>\n\n\n\n<p>L&#039;infrastructure financi\u00e8re comprend la Bourse de Mongolie, cr\u00e9\u00e9e en 1991. En 2024, elle comptait environ 180 soci\u00e9t\u00e9s cot\u00e9es, pour une capitalisation boursi\u00e8re combin\u00e9e d&#039;environ 3,2 milliards de dollars am\u00e9ricains. La Soci\u00e9t\u00e9 financi\u00e8re internationale classe la Mongolie au quatre-vingt-uni\u00e8me rang mondial pour la facilit\u00e9 de faire des affaires. Les services de cr\u00e9dit et bancaires sont concentr\u00e9s \u00e0 Oulan-Bator et dans certains centres provinciaux, ce qui laisse de nombreuses communaut\u00e9s r\u00e9gionales d\u00e9pendantes des pr\u00eats informels ou du troc.<\/p>\n\n\n\n<p>Les axes de transport traversent l&#039;immensit\u00e9 du pays. Le Transmongol relie la ligne transsib\u00e9rienne \u00e0 Oulan-Oude, en Russie, traverse Oulan-Bator et poursuit sa route vers le sud pour rejoindre les r\u00e9seaux ferroviaires chinois \u00e0 Erenhot. Une liaison de fret distincte relie les gisements houillers de Tavan Tolgoi \u00e0 la fronti\u00e8re chinoise, sur quelque 233 kilom\u00e8tres. Au-del\u00e0 des corridors pav\u00e9s d&#039;Oulan-Bator, les routes sont g\u00e9n\u00e9ralement en gravier ou en voies simples\u00a0; les routes pav\u00e9es s&#039;\u00e9tendent vers l&#039;ouest et l&#039;est le long de la Route du Mill\u00e9naire, jusqu&#039;aux fronti\u00e8res russe et chinoise, et entre les grandes villes. Des projets de construction routi\u00e8re visent \u00e0 am\u00e9liorer la connectivit\u00e9, mais il n&#039;existe qu&#039;environ 4\u00a0800 kilom\u00e8tres de routes pav\u00e9es, dont 1\u00a0800 kilom\u00e8tres ont \u00e9t\u00e9 achev\u00e9s rien qu&#039;en 2013.<\/p>\n\n\n\n<p>Le transport a\u00e9rien r\u00e9pond aux besoins nationaux et internationaux. L&#039;a\u00e9roport international Gengis Khan, situ\u00e9 \u00e0 environ cinquante-deux kilom\u00e8tres au sud d&#039;Oulan-Bator, en est la principale porte d&#039;entr\u00e9e. Des vols directs relient la Mongolie \u00e0 la Cor\u00e9e du Sud, \u00e0 la Chine, \u00e0 la Tha\u00eflande, \u00e0 Hong Kong, au Japon, \u00e0 la Russie, \u00e0 l&#039;Allemagne et \u00e0 la Turquie. MIAT Mongolian Airlines exploite des lignes internationales\u00a0; des compagnies comme Aero Mongolia et Hunnu Airlines proposent des services nationaux et r\u00e9gionaux.<\/p>\n\n\n\n<p>Administrativement, la Mongolie est divis\u00e9e en vingt et un aimags (provinces) et une municipalit\u00e9 provinciale, Oulan-Bator. Chaque aimag comprend plusieurs soums (sous-provinces), g\u00e9n\u00e9ralement au nombre de quinze \u00e0 vingt-deux par province. Culturellement et g\u00e9ographiquement, le pays peut \u00eatre segment\u00e9 en cinq r\u00e9gions\u00a0: la Mongolie centrale (englobant Oulan-Bator et l&#039;Arkhanga\u00ef), la Mongolie orientale (le c\u0153ur de la steppe et le lieu de naissance de Gengis Khan), le Gobi, la Mongolie septentrionale (les hauteurs bois\u00e9es et le lac Kh\u00f6vsg\u00f6l) et la Mongolie occidentale (diverses tribus autour du lac Uvs et du massif du Tavan Bogd).<\/p>\n\n\n\n<p>Le massif du Tavan Bogd, \u00e0 l&#039;extr\u00eame ouest de la Mongolie, atteint son apog\u00e9e au pic Kh\u00fciten (4\u00a0374 m). Non loin de l\u00e0, le lac Uvs et son bassin, partag\u00e9s avec la R\u00e9publique russe de Touva, sont inscrits au patrimoine mondial de l&#039;UNESCO. Le lac Kh\u00f6vsg\u00f6l, vaste \u00e9tendue d&#039;eau douce au nord, offre des paysages alpins et abrite des esp\u00e8ces aquatiques uniques comme la crevette de Sib\u00e9rie. Les rivi\u00e8res Onon et Kherlen, affluents orientaux du bassin de l&#039;Amour, abritent la lamproie de l&#039;Est, l&#039;\u00e9crevisse dauriane et l&#039;hu\u00eetre perli\u00e8re. Des \u00e9pisodes de froid extr\u00eame, appel\u00e9s localement zud, d\u00e9ciment p\u00e9riodiquement le b\u00e9tail, soulignant la fragilit\u00e9 des p\u00e2turages et les enjeux \u00e9conomiques du pastoralisme.<\/p>\n\n\n\n<p>Le drapeau mongol arbore le symbole Soyombo\u00a0: un embl\u00e8me stylis\u00e9 de feu et de soleil repr\u00e9sentant le soleil, la lune, les \u00e9toiles et le ciel, inspir\u00e9 de la cosmologie bouddhiste. Cette ic\u00f4ne appara\u00eet \u00e9galement sur les portes des yourtes, la monnaie et les b\u00e2timents publics. \u00c0 propos de monnaie, le t\u00f6gr\u00f6g mongol (code ISO MNT, signe \u20ae) circule en coupures de 1 \u00e0 20\u00a0000. \u00c0 l&#039;ext\u00e9rieur du pays, les devises \u00e9trang\u00e8res pour le t\u00f6gr\u00f6g sont rares\u00a0; il est conseill\u00e9 aux voyageurs d&#039;emporter des dollars am\u00e9ricains pour les d\u00e9penses importantes, bien que les t\u00f6gr\u00f6g de petite valeur restent essentiels pour les transactions rurales.<\/p>\n\n\n\n<p>Les pratiques culinaires refl\u00e8tent le climat et l&#039;\u00e9conomie pastorale. Les produits laitiers \u2013 byaslag (fromage frais), \u00f6r\u00f6m (cr\u00e8me caill\u00e9e) et aaruul (caill\u00e9 sec) \u2013 et la viande dominent le r\u00e9gime alimentaire. Les buuz (raviolis \u00e0 la viande cuits \u00e0 la vapeur), les khuushuur (pains plats frits fourr\u00e9s \u00e0 la viande) et les tsuivan (nouilles saut\u00e9es \u00e0 la viande) constituent les aliments de base urbains, chacun co\u00fbtant quelques milliers de t\u00f6gr\u00f6g. Les bergers ruraux peuvent pr\u00e9parer le boodog, un r\u00f4ti de ch\u00e8vre ou de marmotte cuit dans la peau de l&#039;animal au moyen de pierres chauff\u00e9es, ou le khorkhog, dans lequel du mouton, des l\u00e9gumes et des pierres chaudes mijotent dans une marmite herm\u00e9tique sur un feu ouvert. L&#039;airag \u2013 lait de jument ferment\u00e9 \u2013 est la boisson traditionnelle, tandis que l&#039;arkhi \u2013 liqueur de lait distill\u00e9 \u2013 a des fonctions \u00e0 la fois m\u00e9dicinales et sociales. Les marques de vodka mongole telles que Chinggis Khaan, Soyombo et Golden Chinggis sont largement disponibles, tout comme les bi\u00e8res import\u00e9es et locales.<\/p>\n\n\n\n<p>Les touristes rencontrent peu de routes officielles en dehors des grands centres\u00a0; les voyages terrestres impliquent souvent de traverser la steppe, de faire de l&#039;\u00e9quitation, de suivre des caravanes de chameaux dans le Gobi, voire de retracer des portions de l&#039;ancienne Route de la Soie. L&#039;h\u00e9bergement varie des camps de yourtes pr\u00e8s d&#039;Oulan-Bator aux h\u00e9bergements rudimentaires dans les villes de province, et de nombreux voyageurs choisissent de passer la nuit chez des familles nomades, l&#039;occasion de partager des repas \u00e0 base de mouton bouilli et de th\u00e9 au lait et d&#039;assister \u00e0 des chants gutturals, \u00e0 la chasse \u00e0 l&#039;aigle ou \u00e0 des c\u00e9r\u00e9monies chamaniques. Les amateurs de faune sauvage pourront observer le cheval de Przewalski dans le parc national de Khustain Nuruu, le bouquetin de Sib\u00e9rie dans l&#039;Alta\u00ef Tavan Bogd ou les migrations d&#039;oiseaux \u00e0 Uvs Nuur.<\/p>\n\n\n\n<p>Les consid\u00e9rations de s\u00e9curit\u00e9 incluent les conditions m\u00e9t\u00e9orologiques impr\u00e9visibles, surtout en hiver, et la pr\u00e9sence de chiens de garde errants dans les zones rurales. L&#039;absence de plaques d&#039;\u00e9gout dans les zones urbaines et p\u00e9riurbaines pr\u00e9sente des dangers cach\u00e9s, notamment par mauvaise visibilit\u00e9. Les visiteurs doivent respecter les sensibilit\u00e9s locales, notamment un fort sentiment antichinois\u00a0: les r\u00e9f\u00e9rences \u00e0 la Mongolie-Int\u00e9rieure comme \u00e9tant la Mongolie du Sud ou les critiques de la politique chinoise peuvent \u00eatre offensantes.<\/p>\n\n\n\n<p>La Mongolie demeure l&#039;une des derni\u00e8res \u00e9tendues de terre ouverte o\u00f9 les traditions nomades persistent \u00e0 grande \u00e9chelle. Ses sommets et ses d\u00e9serts, ses steppes parsem\u00e9es de gers et sa ville \u00e0 moiti\u00e9 perdue dans les couches d&#039;inversion hivernale forment une nation \u00e0 la fois ancienne et adaptative, fa\u00e7onn\u00e9e par le climat, les conqu\u00eates et les cultures r\u00e9silientes de la steppe. Ici, sous le \u00ab Pays du Ciel Bleu \u00bb, aspirations modernes et rythmes ancestraux cohabitent dans un paysage aussi formidable que vaste.<\/p>","protected":false},"excerpt":{"rendered":"<p>Situ\u00e9e en Asie de l&#039;Est, la Mongolie est un pays enclav\u00e9 de 3,5 millions d&#039;habitants. Avec une superficie de 1\u00a0564\u00a0116 kilom\u00e8tres carr\u00e9s, elle se distingue comme l&#039;\u00c9tat souverain le moins peupl\u00e9 du monde. Ce vaste pays, situ\u00e9 entre la Russie au nord et la Chine au sud, pr\u00e9sente un relief vari\u00e9 comprenant des steppes herbeuses, des zones montagneuses et le c\u00e9l\u00e8bre d\u00e9sert de Gobi. Plus grand pays enclav\u00e9 sans acc\u00e8s \u00e0 une mer ferm\u00e9e, la Mongolie pr\u00e9sente un profil g\u00e9ographique particulier qui a influenc\u00e9 son histoire, sa culture et son d\u00e9veloppement.<\/p>","protected":false},"author":1,"featured_media":4234,"parent":24063,"menu_order":0,"comment_status":"closed","ping_status":"closed","template":"elementor_theme","meta":{"_eb_attr":"","footnotes":""},"class_list":["post-15411","page","type-page","status-publish","has-post-thumbnail"],"_links":{"self":[{"href":"https:\/\/travelshelper.com\/fr\/wp-json\/wp\/v2\/pages\/15411","targetHints":{"allow":["GET"]}}],"collection":[{"href":"https:\/\/travelshelper.com\/fr\/wp-json\/wp\/v2\/pages"}],"about":[{"href":"https:\/\/travelshelper.com\/fr\/wp-json\/wp\/v2\/types\/page"}],"author":[{"embeddable":true,"href":"https:\/\/travelshelper.com\/fr\/wp-json\/wp\/v2\/users\/1"}],"replies":[{"embeddable":true,"href":"https:\/\/travelshelper.com\/fr\/wp-json\/wp\/v2\/comments?post=15411"}],"version-history":[{"count":0,"href":"https:\/\/travelshelper.com\/fr\/wp-json\/wp\/v2\/pages\/15411\/revisions"}],"up":[{"embeddable":true,"href":"https:\/\/travelshelper.com\/fr\/wp-json\/wp\/v2\/pages\/24063"}],"wp:featuredmedia":[{"embeddable":true,"href":"https:\/\/travelshelper.com\/fr\/wp-json\/wp\/v2\/media\/4234"}],"wp:attachment":[{"href":"https:\/\/travelshelper.com\/fr\/wp-json\/wp\/v2\/media?parent=15411"}],"curies":[{"name":"wp","href":"https:\/\/api.w.org\/{rel}","templated":true}]}}