{"id":15257,"date":"2024-09-20T20:15:15","date_gmt":"2024-09-20T20:15:15","guid":{"rendered":"https:\/\/travelshelper.com\/staging\/?page_id=15257"},"modified":"2026-03-11T19:09:36","modified_gmt":"2026-03-11T19:09:36","slug":"manille","status":"publish","type":"page","link":"https:\/\/travelshelper.com\/fr\/destinations\/asia\/philippines\/manila\/","title":{"rendered":"Manille"},"content":{"rendered":"<p>Manille est \u00e0 la fois le c\u0153ur politique des Philippines et le symbole de la t\u00e9nacit\u00e9 humaine face \u00e0 des changements incessants. Officiellement d\u00e9sign\u00e9e \u00ab\u00a0Ville de Manille\u00a0\u00bb, elle revendique le statut de capitale et se classe au deuxi\u00e8me rang apr\u00e8s Quezon City en termes de population (1\u00a0846\u00a0513 habitants recens\u00e9s en 2020). Pourtant, elle constitue la limite l\u00e9gale de ville la plus dens\u00e9ment peupl\u00e9e au monde, avec plus de 43\u00a0600 habitants au kilom\u00e8tre carr\u00e9. Bord\u00e9e par la baie de Manille, sur la c\u00f4te ouest de Luzon, elle compte parmi les r\u00e9gions les plus riches d&#039;Asie du Sud-Est, et son histoire commerciale transpacifique en fait l&#039;une des premi\u00e8res villes mondiales.<\/p>\n\n\n\n<p>Le c\u0153ur de Manille repose sur des d\u00e9p\u00f4ts alluviaux provenant du fleuve Pasig, dont les eaux divisent la ville en deux moiti\u00e9s, nord et sud, avant de se jeter dans la baie. Au fil des si\u00e8cles, le littoral s&#039;est d\u00e9plac\u00e9 vers l&#039;ext\u00e9rieur gr\u00e2ce \u00e0 d&#039;importants projets de pold\u00e9risation \u2013 certains r\u00e9alis\u00e9s, d&#039;autres seulement propos\u00e9s \u2013 pour accueillir une m\u00e9tropole qui, en 2013, ne couvrait que 42,88 kilom\u00e8tres carr\u00e9s. En 2017, des projets de pr\u00e8s de 1\u00a0350 hectares de nouveaux terrains le long du front de mer promettaient de nouvelles zones r\u00e9sidentielles et commerciales\u00a0; les d\u00e9fenseurs de l&#039;environnement mettent toutefois en garde contre le risque que ces projets mettent en p\u00e9ril des communaut\u00e9s d\u00e9j\u00e0 vuln\u00e9rables aux inondations, alors m\u00eame que les Philippines et les Pays-Bas \u00e9laborent conjointement un plan directeur de d\u00e9veloppement durable pour la baie de Manille.<\/p>\n\n\n\n<p>Bien avant que les galions espagnols ne fassent la navette entre Acapulco et Intramuros, une cit\u00e9 tagalog fortifi\u00e9e nomm\u00e9e Maynila gardait cette crique. Son dernier souverain, Rajah Sulayman, tomba en 1571 \u00e0 Bangkusay Creek, ouvrant la voie \u00e0 Miguel L\u00f3pez de Legazpi pour l&#039;\u00e9tablissement des fortifications de pierre d&#039;Intramuros. Sous la domination espagnole, Manille servit de capitale des Indes orientales, g\u00e9r\u00e9e depuis Mexico, et devint un pilier du premier r\u00e9seau ininterrompu de commerce mondial. En 1901, elle devint la premi\u00e8re ville \u00e0 charte du pays\u00a0; en 1949, elle obtint son autonomie en vertu de la Charte r\u00e9vis\u00e9e de la ville de Manille.<\/p>\n\n\n\n<p>Dans ses limites \u00e9troites, Manille comprend 897 barangays regroup\u00e9s en 100 zones statistiques et six districts du Congr\u00e8s. Le district I (441\u00a0282 habitants) s&#039;\u00e9tend \u00e0 l&#039;ouest de Tondo, o\u00f9 se trouvaient autrefois la vaste d\u00e9charge de Smokey Mountain et aujourd&#039;hui des immeubles d&#039;habitation de hauteur moyenne, ainsi que les principaux terminaux portuaires du nord de la ville. Le district II (212\u00a0938 habitants) couvre l&#039;est de Tondo et englobe les rues commer\u00e7antes labyrinthiques de Divisoria. Le centre-ville de Manille (Binondo, Quiapo, San Nicolas et Santa Cruz) forme le district III (220\u00a0029 habitants), o\u00f9 Binondo revendique le titre de plus ancien quartier chinois du monde. Sampaloc et la \u00ab Ceinture universitaire \u00bb constituent le c\u0153ur du District IV (277\u00a0013), qui abrite l&#039;Universit\u00e9 de Santo Tomas, la plus ancienne universit\u00e9 d&#039;Asie fond\u00e9e en 1611. Le District V (395\u00a0065) comprend Intramuros, Ermita et Malate, jalonn\u00e9s par l&#039;\u00e9glise San Agustin, class\u00e9e au patrimoine mondial de l&#039;UNESCO, et la cath\u00e9drale de Manille. Enfin, le District VI (300\u00a0186) s&#039;\u00e9tend jusqu&#039;\u00e0 Santa Ana, o\u00f9 \u00e9glises du XVIIIe si\u00e8cle et demeures ancestrales \u00e9voquent une \u00e9poque plus calme.<\/p>\n\n\n\n<p>Accroch\u00e9e \u00e0 l&#039;\u00e9quateur, Manille conna\u00eet une chaleur intense toute l&#039;ann\u00e9e, la temp\u00e9rature descendant rarement en dessous de 19 \u00b0C ou d\u00e9passant rarement 39 \u00b0C. Une br\u00e8ve p\u00e9riode de s\u00e9cheresse de d\u00e9cembre \u00e0 avril laisse place \u00e0 une longue saison des pluies \u2013 la saison des typhons s&#039;\u00e9tend de juin \u00e0 septembre \u2013 et les pr\u00e9cipitations, bien qu&#039;intenses, durent rarement toute la journ\u00e9e. Pourtant, malgr\u00e9 son appartenance \u00e0 une r\u00e9gion r\u00e9put\u00e9e pour sa biodiversit\u00e9 \u2013 des mangroves aux r\u00e9cifs coralliens \u2013, les espaces verts au sein du r\u00e9seau urbain restent rares. En 2007, Manille n&#039;offrait que 4,5 m\u00b2 d&#039;espaces verts par personne, bien en de\u00e7\u00e0 des 9 m\u00b2 recommand\u00e9s par l&#039;OMS. Le parc forestier d&#039;Arroceros, une enclave de 2,2 hectares d&#039;arbres indig\u00e8nes et d&#039;habitat ornithologique \u00e0 c\u00f4t\u00e9 du Pasig, demeure le \u00ab dernier poumon \u00bb de la ville.<\/p>\n\n\n\n<p>En 1905, le plan \u00ab\u00a0City Beautiful\u00a0\u00bb de Daniel Burnham visait \u00e0 imposer de larges avenues et des places formelles au vieux quartier espagnol. Pourtant, la d\u00e9vastation de 1945, lorsque les forces japonaises et am\u00e9ricaines ras\u00e8rent une grande partie du cadre b\u00e2ti, an\u00e9antit nombre de ces aspirations. Intramuros subit de lourdes pertes\u00a0; seule une poign\u00e9e de structures put \u00eatre reconstruite. Aujourd&#039;hui, les gratte-ciel modernes c\u00f4toient les cath\u00e9drales restaur\u00e9es de la Cit\u00e9 fortifi\u00e9e, tandis que les d\u00e9fenseurs du patrimoine r\u00e9clament la r\u00e9habilitation des fa\u00e7ades n\u00e9oclassiques de la rue Escolta et la revitalisation de joyaux coloniaux oubli\u00e9s. Les architectes de l&#039;\u00e9poque espagnole ont imagin\u00e9 des formes \u00ab\u00a0baroques sismiques\u00a0\u00bb \u2013 murs \u00e9pais et profils bas \u2013 qui autrefois r\u00e9sistaient aux secousses sismiques\u00a0; les normes contemporaines imposent d\u00e9sormais une r\u00e9sistance aux s\u00e9ismes jusqu&#039;\u00e0 une magnitude de 8,2.<\/p>\n\n\n\n<p>La population de Manille refl\u00e8te des si\u00e8cles de brassage. Si 72,7 % des individus interrog\u00e9s pr\u00e9sentent des traits d&#039;Asie de l&#039;Est, du Sud ou du Sud-Est, des \u00e9tudes anthropologiques r\u00e9v\u00e8lent des origines africaines (4,5 %), europ\u00e9ennes (2,7 %), am\u00e9rindiennes (7,3 %) et hispaniques (12,7 %). La ville reste majoritairement chr\u00e9tienne\u00a0; en 2010, 93,5 % des habitants se d\u00e9claraient catholiques romains. Pourtant, des \u00e9chos de croyances islamiques, bouddhistes et autochtones transparaissent dans les f\u00eates et les rituels communautaires de Manille.<\/p>\n\n\n\n<p>Centre national de la finance, du commerce de d\u00e9tail, du tourisme, des m\u00e9dias et des services, Manille compte quelque 60\u00a0000 entreprises. Son PIB, estim\u00e9 \u00e0 987,88 milliards de pesos en 2023, contribue \u00e0 15\u00a0% de la production \u00e9conomique de la m\u00e9tropole de Manille. Le Conseil national de la comp\u00e9titivit\u00e9 la classe r\u00e9guli\u00e8rement parmi les trois premi\u00e8res villes du pays, un statut qui s&#039;explique par la solidit\u00e9 de ses infrastructures, le dynamisme de sa gouvernance et l&#039;efficacit\u00e9 de ses services publics. Le tourisme attire \u00e0 lui seul plus d&#039;un million de visiteurs chaque ann\u00e9e, impatients de d\u00e9couvrir Intramuros, le parc Rizal, Binondo et bien d&#039;autres.<\/p>\n\n\n\n<p>Le parc Rizal, qui s&#039;\u00e9tend sur 58 hectares, comm\u00e9more l&#039;ex\u00e9cution du h\u00e9ros national des Philippines et marque le \u00ab\u00a0kilom\u00e8tre z\u00e9ro\u00a0\u00bb des distances routi\u00e8res nationales. Les ruelles \u00e9troites d&#039;Intramuros conduisent les visiteurs le long de la cath\u00e9drale restaur\u00e9e et de couvents centenaires, souvent en calesa tir\u00e9es par des chevaux. Le m\u00e9lange de temples chinois, d&#039;arches et de restaurants de nouilles de Binondo offre une chronique vivante des familles de marchands dont les anc\u00eatres sont arriv\u00e9s en 1521. Les mus\u00e9es, du Complexe du Mus\u00e9e national du parc Rizal aux lieux sp\u00e9cialis\u00e9s comme Bahay Tsinoy et le Mus\u00e9e du son et de la lumi\u00e8re d&#039;Intramuros, retracent l&#039;art, l&#039;anthropologie et l&#039;histoire r\u00e9volutionnaire.<\/p>\n\n\n\n<p>Les rues de Manille portent l&#039;h\u00e9ritage de l&#039;ing\u00e9niosit\u00e9 de l&#039;apr\u00e8s-guerre\u00a0: les jeepneys, adapt\u00e9s de surplus de jeeps militaires am\u00e9ricaines, sont omnipr\u00e9sents aux c\u00f4t\u00e9s de leurs rempla\u00e7ants modernes, les tricycles \u00e9lectriques. Tricycles et cyclo-pousses sillonnent des ruelles plus \u00e9troites\u00a0; des chariots tir\u00e9s \u00e0 la main filent le long de voies ferr\u00e9es d\u00e9saffect\u00e9es dans des trajets p\u00e9nibles et non r\u00e9glement\u00e9s. Le r\u00e9seau LRT \u2013 lignes 1 et 2 \u2013 a \u00e9t\u00e9 le pionnier du transport ferroviaire urbain en Asie du Sud-Est dans les ann\u00e9es\u00a01970 et poursuit son expansion progressive. Une seule ligne de train de banlieue relie la gare de Tutuban \u00e0 la province de Laguna, tandis que le ferry fluvial de Pasig offre une alternative fluviale. Pourtant, les embouteillages restent notoires\u00a0; TomTom a class\u00e9 Manille au deuxi\u00e8me rang mondial pour les embouteillages en 2019, et les plans d&#039;infrastructure successifs \u2013 des nouveaux viaducs au chemin de fer de banlieue nord-sud \u2013 n&#039;ont pas encore apport\u00e9 de solution \u00e0 la demande.<\/p>\n\n\n\n<p>Les typhons fr\u00e9quents, les violents tremblements de terre et la mont\u00e9e des eaux font de Manille l&#039;une des villes les plus expos\u00e9es aux catastrophes naturelles au monde, et pourtant, elle figure parmi les centres urbains d&#039;Asie du Sud-Est \u00e0 la croissance la plus rapide. Des initiatives gouvernementales, comme le Metro Manila Dream Plan de 2014, d\u00e9finissent des projets prioritaires jusqu&#039;en 2030 pour renforcer les transports, le logement et la r\u00e9silience environnementale. La r\u00e9cup\u00e9ration des terres, bien que controvers\u00e9e, vise \u00e0 fournir des espaces immobiliers indispensables, tandis que les programmes de distribution de tricycles \u00e9lectriques visent \u00e0 moderniser les transports locaux de mani\u00e8re durable.<\/p>\n\n\n\n<p>Consid\u00e9rer Manille uniquement sous l&#039;angle de la congestion, de la pollution ou de la d\u00e9vastation historique revient \u00e0 passer \u00e0 c\u00f4t\u00e9 de son caract\u00e8re durable. Dans ses ruelles enchev\u00eatr\u00e9es et ses tours \u00e9tincelantes se cachent des histoires d&#039;empire et de r\u00e9sistance, d&#039;adaptation ing\u00e9nieuse et de fusion culturelle. La ville proprement dite se situe peut-\u00eatre \u00e0 la p\u00e9riph\u00e9rie d&#039;une m\u00e9tropole multipolaire \u2013 Quezon City et Makati la surclassent souvent en termes de commerce et de vie nocturne \u2013 mais Manille demeure le berceau du patrimoine philippin. Ses \u00e9glises, ses maisons ancestrales, ses mus\u00e9es et ses parcs invitent \u00e0 une compr\u00e9hension plus profonde de l&#039;histoire d&#039;une nation. Ceux qui s&#039;attardent au milieu de l&#039;agitation peuvent discerner l&#039;interaction subtile du pass\u00e9 et du pr\u00e9sent qui d\u00e9finit ce lieu\u00a0: une ville qui exige d&#039;\u00eatre habit\u00e9e plut\u00f4t que simplement observ\u00e9e.<\/p>","protected":false},"excerpt":{"rendered":"<p>Manille, capitale et deuxi\u00e8me ville la plus peupl\u00e9e des Philippines, comptait 1\u00a0846\u00a0513 habitants en 2020, ce qui en fait la ville la plus dens\u00e9ment peupl\u00e9e au monde, avec 71\u00a0263 habitants au kilom\u00e8tre carr\u00e9. Cette ville dynamique, situ\u00e9e sur la c\u00f4te est de la baie de Manille, sur l&#039;\u00eele de Lu\u00e7on, poss\u00e8de une histoire riche et un pr\u00e9sent dynamique, ce qui en fait un p\u00f4le central de la culture, des affaires et de l&#039;administration philippines.<\/p>","protected":false},"author":1,"featured_media":2913,"parent":15241,"menu_order":0,"comment_status":"closed","ping_status":"closed","template":"elementor_theme","meta":{"_eb_attr":"","footnotes":""},"class_list":["post-15257","page","type-page","status-publish","has-post-thumbnail"],"_links":{"self":[{"href":"https:\/\/travelshelper.com\/fr\/wp-json\/wp\/v2\/pages\/15257","targetHints":{"allow":["GET"]}}],"collection":[{"href":"https:\/\/travelshelper.com\/fr\/wp-json\/wp\/v2\/pages"}],"about":[{"href":"https:\/\/travelshelper.com\/fr\/wp-json\/wp\/v2\/types\/page"}],"author":[{"embeddable":true,"href":"https:\/\/travelshelper.com\/fr\/wp-json\/wp\/v2\/users\/1"}],"replies":[{"embeddable":true,"href":"https:\/\/travelshelper.com\/fr\/wp-json\/wp\/v2\/comments?post=15257"}],"version-history":[{"count":0,"href":"https:\/\/travelshelper.com\/fr\/wp-json\/wp\/v2\/pages\/15257\/revisions"}],"up":[{"embeddable":true,"href":"https:\/\/travelshelper.com\/fr\/wp-json\/wp\/v2\/pages\/15241"}],"wp:featuredmedia":[{"embeddable":true,"href":"https:\/\/travelshelper.com\/fr\/wp-json\/wp\/v2\/media\/2913"}],"wp:attachment":[{"href":"https:\/\/travelshelper.com\/fr\/wp-json\/wp\/v2\/media?parent=15257"}],"curies":[{"name":"wp","href":"https:\/\/api.w.org\/{rel}","templated":true}]}}