{"id":15241,"date":"2024-09-20T19:44:33","date_gmt":"2024-09-20T19:44:33","guid":{"rendered":"https:\/\/travelshelper.com\/staging\/?page_id=15241"},"modified":"2026-03-11T19:15:03","modified_gmt":"2026-03-11T19:15:03","slug":"philippines","status":"publish","type":"page","link":"https:\/\/travelshelper.com\/fr\/destinations\/asia\/philippines\/","title":{"rendered":"Philippines"},"content":{"rendered":"<p>Les Philippines sont une r\u00e9publique archipel de plus de 7\u00a0600 \u00eeles diss\u00e9min\u00e9es dans le Pacifique occidental. Leur territoire, d&#039;environ 300\u00a0000 kilom\u00e8tres carr\u00e9s, s&#039;\u00e9tend sur quelque 1\u00a0850 kilom\u00e8tres, de l&#039;\u00eele de Lu\u00e7on au nord \u00e0 Mindanao au sud. Ces \u00eeles se r\u00e9partissent en trois groupes principaux\u00a0: Lu\u00e7on, les Visayas et Mindanao. Le littoral du pays, long de plus de 36\u00a0000 kilom\u00e8tres, est bord\u00e9 par la mer de Chine m\u00e9ridionale, la mer des Philippines et la mer de C\u00e9l\u00e8bes. Les fronti\u00e8res maritimes touchent Ta\u00efwan, le Japon, les Palaos, l&#039;Indon\u00e9sie, la Malaisie, le Vietnam et la Chine. Manille est la capitale, tandis que Quezon City, \u00e9galement situ\u00e9e dans la m\u00e9tropole de Manille, d\u00e9tient le titre de ville la plus peupl\u00e9e. Avec plus de 110 millions d&#039;habitants, les Philippines se classent au douzi\u00e8me rang mondial.<\/p>\n\n\n\n<p>Le mont Apo, le plus haut sommet du pays avec ses 2\u00a0954 m\u00e8tres, veille sur le sud de Mindanao. Au nord de Lu\u00e7on, le fleuve Cagayan coule sur plus de 520 kilom\u00e8tres avant de se jeter dans le canal de Babuyan. La baie de Manille, sur les rives de laquelle se trouve la capitale, est reli\u00e9e par le fleuve Pasig \u00e0 Laguna de Bay, le plus grand lac de l&#039;archipel. L&#039;\u00eele se trouve \u00e0 l&#039;extr\u00e9mit\u00e9 ouest de la ceinture de feu du Pacifique, o\u00f9 cinq s\u00e9ismes sont enregistr\u00e9s chaque jour. Bien que la plupart des secousses passent inaper\u00e7ues, les \u00eeles ont connu des \u00e9v\u00e9nements majeurs, comme le s\u00e9isme du golfe de Moro en 1976 et celui de Lu\u00e7on en 1990. Vingt-trois volcans restent actifs\u00a0; le Mayon, le Taal, le Canlaon et le Bulusan sont les plus fr\u00e9quents.<\/p>\n\n\n\n<p>Sous leurs bouleversements sismiques, les Philippines rec\u00e8lent d&#039;importantes richesses min\u00e9rales. Leur g\u00e9ologie rec\u00e8le des gisements d&#039;or inexploit\u00e9s \u2013 deuxi\u00e8mes seulement apr\u00e8s l&#039;Afrique du Sud \u2013 ainsi que du cuivre, du palladium, du nickel, du chrome, du molybd\u00e8ne, du platine et du zinc. Pourtant, les pr\u00e9occupations environnementales et la r\u00e9sistance sociale ont maintenu de vastes \u00e9tendues inexploit\u00e9es. \u00c0 la surface, l&#039;archipel abrite l&#039;un des plus riches centres de biodiversit\u00e9 de la plan\u00e8te. Ses for\u00eats abritent environ 13\u00a0500 esp\u00e8ces v\u00e9g\u00e9tales, dont 3\u00a0500 end\u00e9miques, dont 8\u00a0000 plantes \u00e0 fleurs et pr\u00e8s d&#039;un millier d&#039;orchid\u00e9es. La faune compte plus de 20\u00a0000 insectes, 686 esp\u00e8ces d&#039;oiseaux et plus de 500 esp\u00e8ces de reptiles et de mammif\u00e8res, dont beaucoup sont introuvables ailleurs. Les \u00e9cosyst\u00e8mes marins, situ\u00e9s dans le Triangle de Corail, abritent la plus grande diversit\u00e9 de poissons c\u00f4tiers au monde et plus de 3\u00a0200 esp\u00e8ces de poissons recens\u00e9es.<\/p>\n\n\n\n<p>Situ\u00e9es pr\u00e8s de l&#039;\u00e9quateur, les Philippines b\u00e9n\u00e9ficient d&#039;un climat tropical maritime \u00e0 trois saisons\u00a0: une p\u00e9riode chaude et s\u00e8che de mars \u00e0 mai\u00a0; des pluies de juin \u00e0 novembre\u00a0; et des mois plus frais et secs de d\u00e9cembre \u00e0 f\u00e9vrier. Les pr\u00e9cipitations annuelles varient consid\u00e9rablement\u00a0: jusqu&#039;\u00e0 5\u00a0000\u00a0mm sur les pentes orientales expos\u00e9es, moins de 1\u00a0000\u00a0mm dans les vall\u00e9es prot\u00e9g\u00e9es. Les vents de mousson changent deux fois par an\u00a0: le sud-ouest \u00ab\u00a0habagat\u00a0\u00bb et le nord-est \u00ab\u00a0amihan\u00a0\u00bb. Chaque ann\u00e9e, environ dix-neuf cyclones tropicaux p\u00e9n\u00e8trent dans la zone de responsabilit\u00e9 des Philippines\u00a0; huit ou neuf touchent g\u00e9n\u00e9ralement terre. Les archives historiques indiquent que la temp\u00eate la plus violente a d\u00e9vers\u00e9 2\u00a0210\u00a0mm autour de Baguio \u00e0 la mi-juillet\u00a01911. La vuln\u00e9rabilit\u00e9 de l&#039;archipel aux conditions m\u00e9t\u00e9orologiques extr\u00eames et \u00e0 la mont\u00e9e des eaux le place parmi les nations les plus sensibles au climat au monde.<\/p>\n\n\n\n<p>Afin de pr\u00e9server ses richesses naturelles, le gouvernement a d\u00e9sign\u00e9 plus de 200 zones prot\u00e9g\u00e9es couvrant plus de 7,7 millions d&#039;hectares. Trois sites \u2013 le r\u00e9cif de Tubbataha, la rivi\u00e8re souterraine de Puerto Princesa et le sanctuaire de faune du mont Hamiguitan \u2013 sont inscrits au patrimoine mondial de l&#039;UNESCO. La reforestation et la restauration des habitats ont progress\u00e9 modestement dans un contexte de d\u00e9forestation s\u00e9culaire, qui a r\u00e9duit la couverture foresti\u00e8re de 70 % en 1900 \u00e0 moins de 20 % \u00e0 la fin du XXe si\u00e8cle.<\/p>\n\n\n\n<p>Bien avant le contact avec les Europ\u00e9ens, les N\u00e9gritos habitaient les \u00eeles. Leur succ\u00e9d\u00e8rent des vagues successives de marins austron\u00e9siens, qui apport\u00e8rent des croyances animistes, puis des id\u00e9es hindoues-bouddhistes et la culture martiale de l&#039;islam dans le sud. \u00c0 partir du IXe si\u00e8cle, les liens commerciaux avec les dynasties chinoises favoris\u00e8rent l&#039;arriv\u00e9e et l&#039;int\u00e9gration de marchands chinois. En 1543, le navigateur espagnol Ruy L\u00f3pez de Villalobos baptisa les \u00eeles \u00ab\u00a0Las Islas Filipinas\u00a0\u00bb en l&#039;honneur de Philippe II de Castille. Au cours des trois si\u00e8cles suivants, l&#039;Espagne consolida le catholicisme comme religion dominante et fit de Manille un pilier du commerce galionique entre l&#039;Asie et les Am\u00e9riques, attirant des colons d&#039;Ib\u00e9rie et d&#039;Am\u00e9rique latine.<\/p>\n\n\n\n<p>\u00c0 la fin du XIXe si\u00e8cle, le sentiment nationaliste donna naissance \u00e0 la R\u00e9volution philippine de 1896. La guerre hispano-am\u00e9ricaine de 1898 aboutit \u00e0 la cession du territoire par l&#039;Espagne aux \u00c9tats-Unis. Les dirigeants philippins proclam\u00e8rent la Premi\u00e8re R\u00e9publique des Philippines, mais la guerre am\u00e9ricano-philippine s&#039;ensuivit, laissant l&#039;archipel sous contr\u00f4le am\u00e9ricain. L&#039;occupation japonaise suivit pendant la Seconde Guerre mondiale, jusqu&#039;\u00e0 la lib\u00e9ration du pays par les forces am\u00e9ricaines en 1945. Le 4 juillet 1946, les Philippines obtinrent leur pleine ind\u00e9pendance.<\/p>\n\n\n\n<p>La d\u00e9mocratie d&#039;apr\u00e8s-guerre a \u00e9t\u00e9 interrompue sous la pr\u00e9sidence de Ferdinand Marcos, marqu\u00e9e par la loi martiale de 1972 \u00e0 1981. La R\u00e9volution du pouvoir populaire de 1986 a renvers\u00e9 Marcos sans effusion de sang et a conduit \u00e0 la Constitution de 1987 de la Cinqui\u00e8me R\u00e9publique. Depuis lors, le pays a maintenu un syst\u00e8me pr\u00e9sidentiel unitaire. N\u00e9anmoins, les probl\u00e8mes de pauvret\u00e9, d&#039;in\u00e9galit\u00e9s et de corruption institutionnelle persistent. On compte plus de 100 groupes ethnolinguistiques, dont les Tagalog, les Visayan, les Ilocano, les Bikol et les Waray, aux c\u00f4t\u00e9s de communaut\u00e9s autochtones comme les Igorot et les Lumad. Environ 60 % de la population vit dans les zones c\u00f4ti\u00e8res et plus de la moiti\u00e9 dans les centres urbains.<\/p>\n\n\n\n<p>L&#039;\u00e9conomie philippine, 34e au monde en termes de PIB nominal, a r\u00e9orient\u00e9 sa croissance de l&#039;agriculture vers les services et l&#039;industrie manufacturi\u00e8re. En 2025, sa production est estim\u00e9e \u00e0 508 milliards de dollars. Le taux d&#039;activit\u00e9 approche les 50 millions, avec un taux de ch\u00f4mage proche de 3 %. Les r\u00e9serves internationales d\u00e9passent les 100 milliards de dollars, et le ratio dette\/PIB a l\u00e9g\u00e8rement diminu\u00e9, passant d&#039;un r\u00e9cent pic de 63,7 % \u00e0 environ 60 %. Le peso est le principal ancrage des transactions int\u00e9rieures.<\/p>\n\n\n\n<p>Le pays demeure un importateur net et endett\u00e9. Ses principales exportations comprennent les semi-conducteurs, les machines \u00e9lectriques et les composants \u00e9lectroniques, tandis que ses principales importations vont des machines aux combustibles min\u00e9raux. Les exportations agricoles \u2013 noix de coco, bananes et ananas \u2013 compl\u00e8tent son statut de premier producteur mondial d&#039;abaca et de premier exportateur de minerai de nickel. Depuis 2010, la croissance du PIB a atteint en moyenne 6 \u00e0 7 % par an, principalement tir\u00e9e par le secteur des services. Cependant, les gains \u00e9conomiques se concentrent autour de la m\u00e9tropole de Manille, creusant les disparit\u00e9s r\u00e9gionales. Les envois de fonds des travailleurs philippins \u00e0 l&#039;\u00e9tranger \u2013 totalisant plus de 37 milliards de dollars am\u00e9ricains en 2023 \u2013 repr\u00e9sentent environ 8,5 % du PIB. L&#039;externalisation des processus m\u00e9tier est florissante : quelque 1,3 million de Philippins travaillent dans des centres d&#039;appels \u00e0 travers le monde.<\/p>\n\n\n\n<p>Les routes assurent la quasi-totalit\u00e9 des d\u00e9placements interurbains et plus de la moiti\u00e9 du transport de marchandises. L&#039;autoroute panphilippine relie les principales \u00eeles, tandis que la Strong Republic Nautical Highway int\u00e8gre les autoroutes et les lignes de ferry. Des jeepneys embl\u00e9matiques partagent les art\u00e8res avec les bus, les camionnettes et les tricycles. La m\u00e9tropole de Manille est rong\u00e9e par des embouteillages chroniques. Le service ferroviaire reste rare, principalement limit\u00e9 \u00e0 la m\u00e9tropole de Manille et aux provinces voisines, bien qu&#039;un plan de relance envisage d&#039;\u00e9tendre la longueur des voies ferr\u00e9es de moins de 80 km aujourd&#039;hui \u00e0 plus de 240 km. Le transport a\u00e9rien est centr\u00e9 sur l&#039;a\u00e9roport international Ninoy Aquino et un r\u00e9seau de 90 a\u00e9roports publics, dont huit internationaux. Philippine Airlines et Cebu Pacific dominent les vols int\u00e9rieurs. Les liaisons maritimes, des bancas traditionnelles aux navires modernes, relient plus de 1\u00a0800 ports\u00a0; Manille, Batangas, Cebu et d&#039;autres constituent les points d&#039;ancrage du r\u00e9seau de transport de l&#039;ASEAN.<\/p>\n\n\n\n<p>Avec un \u00e2ge m\u00e9dian de 25 ans et un taux de croissance en baisse, les Philippines sont un pays jeune mais en pleine urbanisation\u00a0: plus de la moiti\u00e9 de ses citoyens vivent en ville. La pauvret\u00e9 est pass\u00e9e de pr\u00e8s de 50\u00a0% en 1985 \u00e0 environ 18\u00a0% en 2021, et les in\u00e9galit\u00e9s de revenus se sont att\u00e9nu\u00e9es depuis 2012. La diversit\u00e9 ethnique et linguistique demeure \u00e9lev\u00e9e, fa\u00e7onn\u00e9e par des si\u00e8cles de migration et des h\u00e9ritages coloniaux vari\u00e9s.<\/p>\n\n\n\n<p>Bien que l&#039;\u00c9tat soit la\u00efc, la foi joue un r\u00f4le central. Pr\u00e8s de 79 % des Philippins adh\u00e8rent au catholicisme romain\u00a0; les confessions protestantes et les \u00e9glises locales ind\u00e9pendantes constituent la majorit\u00e9 chr\u00e9tienne. L&#039;islam, principalement sunnite, repr\u00e9sente environ 6 % de la population, concentr\u00e9e \u00e0 Mindanao et dans les \u00eeles adjacentes.<\/p>\n\n\n\n<p>L&#039;art philippin trouve ses origines dans les sculptures et objets rituels indig\u00e8nes. La domination espagnole a inaugur\u00e9 la peinture et la sculpture religieuses\u00a0; parmi ses figures embl\u00e9matiques figurent le sculpteur de retables Juan de los Santos et le peintre Damian Domingo, fondateur de la premi\u00e8re acad\u00e9mie d&#039;art de Binondo en 1821. Juan Luna et F\u00e9lix Resurrecci\u00f3n Hidalgo ont acquis une renomm\u00e9e internationale \u00e0 la fin du XIXe\u00a0si\u00e8cle. Le modernisme s&#039;est enracin\u00e9 dans les \u0153uvres de Victorio Edades dans les ann\u00e9es\u00a01920 et\u00a01930, tandis que les sc\u00e8nes pastorales de Fernando Amorsolo ont d\u00e9fini les paysages du milieu du si\u00e8cle.<\/p>\n\n\n\n<p>Les habitations traditionnelles vont du bahay kubo en nipa et bambou au bahay na bato en pierre et bois des villes de l&#039;\u00e9poque espagnole. Les \u00e9glises baroques parasismiques \u2013 dont quatre forment un ensemble class\u00e9 au patrimoine mondial de l&#039;UNESCO \u2013 t\u00e9moignent de l&#039;adaptation locale des styles europ\u00e9ens. Les plans directeurs de la p\u00e9riode am\u00e9ricaine de Daniel Burnham ont fa\u00e7onn\u00e9 certaines parties de Manille et de Baguio, introduisant des \u00e9difices gouvernementaux n\u00e9oclassiques et des th\u00e9\u00e2tres Art d\u00e9co.<\/p>\n\n\n\n<p>La cuisine philippine m\u00eale des influences malaises, espagnoles, chinoises et am\u00e9ricaines autour d&#039;une pr\u00e9f\u00e9rence pour des saveurs \u00e9quilibr\u00e9es, sucr\u00e9es, acides et sal\u00e9es. Il existe d&#039;innombrables variations r\u00e9gionales\u00a0: le riz reste l&#039;aliment de base, bien que le manioc soit pr\u00e9dominant dans certaines communaut\u00e9s du sud. L&#039;adobo est un plat national officieux\u00a0; le lech\u00f3n, le sinigang, le pancit et le lumpia garnissent les tables quotidiennes. Les desserts \u2013\u00a0kakanin comme le bibingka et le suman\u00a0\u2013 sont compos\u00e9s d&#039;ingr\u00e9dients locaux comme l&#039;ube et le calamansi. Les repas se d\u00e9gustent \u00e0 la cuill\u00e8re et \u00e0 la fourchette, bien que la tradition kamayan consistant \u00e0 manger avec les mains perdure.<\/p>\n\n\n\n<p>L&#039;\u00e9tiquette philippine refl\u00e8te ses racines est-asiatiques et hispaniques. La communication indirecte honore la hiya (honte) et la delicadeza (convenance), tandis que les interactions entre hommes et femmes sont marqu\u00e9es par un machisme courtois. Les a\u00een\u00e9s m\u00e9ritent le respect et une place prioritaire dans les transports en commun\u00a0; les visiteurs doivent s&#039;adresser aux personnes \u00e2g\u00e9es en utilisant des titres honorifiques polis. L&#039;hospitalit\u00e9 est authentique\u00a0; une salutation chaleureuse et l&#039;utilisation de termes locaux \u2013 po et opo en tagalog \u2013 sont tr\u00e8s utiles. Cependant, la ponctualit\u00e9 c\u00e8de souvent la place \u00e0 la flexibilit\u00e9 sociale appel\u00e9e \u00ab\u00a0temps philippin\u00a0\u00bb.<\/p>\n\n\n\n<p>\u00c9vitez les cris et les confrontations ouvertes. Lorsque vous corrigez quelqu&#039;un, privil\u00e9giez l&#039;intimit\u00e9. Les d\u00e9monstrations d&#039;affection publiques, bien que tol\u00e9r\u00e9es en ville, restent controvers\u00e9es ailleurs. Les liens familiaux se transmettent de g\u00e9n\u00e9ration en g\u00e9n\u00e9ration sous un m\u00eame toit\u00a0; m\u00e9dire d&#039;un proche est source d&#039;offense.<\/p>\n\n\n\n<p>Le tourisme contribue modestement au PIB (environ 5 %), mais les Philippines attirent les plongeurs, les amateurs de plage et les voyageurs culturels. Boracay, El Nido et Coron figurent fr\u00e9quemment en t\u00eate des palmar\u00e8s internationaux\u00a0; Cebu, Bohol et Siargao offrent soleil, surf et patrimoine. Les infrastructures varient selon les r\u00e9gions, mais de nombreux Philippins parlent anglais et accueillent les \u00e9trangers avec un large sourire. Les voyageurs doivent respecter les lois locales, les coutumes et appr\u00e9cier les contrastes in\u00e9gaux du pays\u00a0: gratte-ciels \u00e9tincelants \u00e0 c\u00f4t\u00e9 d&#039;habitats informels, rivages sereins au milieu de collines volcaniques, d\u00e9votion silencieuse au milieu de festivals anim\u00e9s.<\/p>\n\n\n\n<p>Dans chaque \u00eele, dans chaque ville, les Philippines entretiennent un dialogue permanent entre terre et mer, pass\u00e9 et pr\u00e9sent, d\u00e9fis et r\u00e9silience. Sa force r\u00e9side dans l&#039;hybridit\u00e9 \u2013 des peuples, des paysages et des histoires \u2013 unis par une foi commune, la f\u00eate et un optimisme discret qui perdure malgr\u00e9 les temp\u00eates, les tremblements de terre et le poids de la politique. Conna\u00eetre les Philippines, c&#039;est \u00eatre t\u00e9moin d&#039;une nation en perp\u00e9tuelle transformation, \u00eele apr\u00e8s \u00eele, g\u00e9n\u00e9ration apr\u00e8s g\u00e9n\u00e9ration.<\/p>","protected":false},"excerpt":{"rendered":"<p>Les Philippines sont un archipel situ\u00e9 en Asie du Sud-Est, avec une population de plus de 110 millions d&#039;habitants r\u00e9partis sur 7\u00a0641 \u00eeles. La R\u00e9publique des Philippines occupe une position strat\u00e9gique dans l&#039;oc\u00e9an Pacifique occidental, couvrant une superficie d&#039;environ 300\u00a0000 kilom\u00e8tres carr\u00e9s. L&#039;archipel philippin comprend trois r\u00e9gions g\u00e9ographiques principales\u00a0: Lu\u00e7on au nord, les Visayas au centre et Mindanao au sud. Les \u00eeles sont bord\u00e9es par d&#039;importantes \u00e9tendues d&#039;eau\u00a0: la mer de Chine m\u00e9ridionale \u00e0 l&#039;ouest, la mer des Philippines \u00e0 l&#039;est et la mer de C\u00e9l\u00e8bes au sud. Ces caract\u00e9ristiques enrichissent le patrimoine maritime du pays et soutiennent un \u00e9cosyst\u00e8me diversifi\u00e9.<\/p>","protected":false},"author":1,"featured_media":3745,"parent":24063,"menu_order":0,"comment_status":"closed","ping_status":"closed","template":"elementor_theme","meta":{"_eb_attr":"","footnotes":""},"class_list":["post-15241","page","type-page","status-publish","has-post-thumbnail"],"_links":{"self":[{"href":"https:\/\/travelshelper.com\/fr\/wp-json\/wp\/v2\/pages\/15241","targetHints":{"allow":["GET"]}}],"collection":[{"href":"https:\/\/travelshelper.com\/fr\/wp-json\/wp\/v2\/pages"}],"about":[{"href":"https:\/\/travelshelper.com\/fr\/wp-json\/wp\/v2\/types\/page"}],"author":[{"embeddable":true,"href":"https:\/\/travelshelper.com\/fr\/wp-json\/wp\/v2\/users\/1"}],"replies":[{"embeddable":true,"href":"https:\/\/travelshelper.com\/fr\/wp-json\/wp\/v2\/comments?post=15241"}],"version-history":[{"count":0,"href":"https:\/\/travelshelper.com\/fr\/wp-json\/wp\/v2\/pages\/15241\/revisions"}],"up":[{"embeddable":true,"href":"https:\/\/travelshelper.com\/fr\/wp-json\/wp\/v2\/pages\/24063"}],"wp:featuredmedia":[{"embeddable":true,"href":"https:\/\/travelshelper.com\/fr\/wp-json\/wp\/v2\/media\/3745"}],"wp:attachment":[{"href":"https:\/\/travelshelper.com\/fr\/wp-json\/wp\/v2\/media?parent=15241"}],"curies":[{"name":"wp","href":"https:\/\/api.w.org\/{rel}","templated":true}]}}