{"id":15155,"date":"2024-09-20T16:49:54","date_gmt":"2024-09-20T16:49:54","guid":{"rendered":"https:\/\/travelshelper.com\/staging\/?page_id=15155"},"modified":"2026-03-11T13:16:04","modified_gmt":"2026-03-11T13:16:04","slug":"jakarta","status":"publish","type":"page","link":"https:\/\/travelshelper.com\/fr\/destinations\/asia\/indonesia\/jakarta\/","title":{"rendered":"Jakarta"},"content":{"rendered":"<p>Jakarta occupe une \u00e9troite bande de terre sur la c\u00f4te nord-ouest de Java, mais son rayonnement s&#039;\u00e9tend bien au-del\u00e0 de ses 661 kilom\u00e8tres carr\u00e9s. Capitale r\u00e9gionale sp\u00e9ciale de l&#039;Indon\u00e9sie, la ville est \u00e0 la fois province, centre n\u00e9vralgique du pays et si\u00e8ge diplomatique de l&#039;ASEAN. Ses origines remontent \u00e0 un modeste comptoir commercial de Sunda Kelapa au IVe si\u00e8cle\u00a0; elle englobe aujourd&#039;hui une agglom\u00e9ration urbaine tentaculaire de plus de trente millions d&#039;habitants. Pourtant, sous ses tours \u00e9tincelantes et son rythme effr\u00e9n\u00e9 se cache un r\u00e9seau d&#039;histoires, de g\u00e9ographies, de d\u00e9fis et de communaut\u00e9s qui r\u00e9siste \u00e0 toute description simple. Cet article propose une analyse de Jakarta \u00e0 la fois comme lieu et comme processus\u00a0: une m\u00e9tropole anim\u00e9e par le commerce et la culture, fa\u00e7onn\u00e9e par l&#039;eau et la terre, et soud\u00e9e par le travail d&#039;innombrables migrants venus de tout l&#039;archipel.<\/p>\n\n\n\n<p>Bien avant que les navires hollandais ne mouillent dans le port de Batavia, le port de Sunda Kelapa desservait les routes maritimes du royaume de la Sonde. Charg\u00e9s de poivre, de noix muscade et d&#039;\u00e9tain, les navires circulaient entre Sumatra, Java et le r\u00e9seau commercial plus vaste de l&#039;oc\u00e9an Indien. Au XVIIe si\u00e8cle, la ville prit le nom de Batavia sous la Compagnie n\u00e9erlandaise des Indes orientales, devenant de facto la capitale de l&#039;\u00c9tat colonial. Le r\u00e9seau de canaux, de forts et d&#039;entrep\u00f4ts \u00e0 pignons de Batavia rappelait Rotterdam et Amsterdam, mais son climat, sa v\u00e9g\u00e9tation luxuriante et ses pluies tropicales lui conf\u00e9raient un caract\u00e8re unique.<\/p>\n\n\n\n<p>En 1949, apr\u00e8s des si\u00e8cles de domination \u00e9trang\u00e8re, la ville adopta le nom de Jakarta et assuma son r\u00f4le de capitale nationale de la R\u00e9publique d&#039;Indon\u00e9sie nouvellement ind\u00e9pendante. Son statut officiel changea en 1960, lorsque la municipalit\u00e9 fut \u00e9lev\u00e9e au rang de province avec une distinction particuli\u00e8re de r\u00e9gion capitale (Daerah Khusus Ibukota Jakarta). Contrairement aux autres provinces, le gouvernement de Jakarta administre cinq kota (villes administratives) et un kabupaten (r\u00e9gence administrative), tandis que l&#039;archipel des Mille-\u00celes forme une extension maritime de la r\u00e9gion.<\/p>\n\n\n\n<p>Les fronti\u00e8res de Jakarta sont d\u00e9finies \u00e0 la fois par des fronti\u00e8res provinciales et des rivages mouvants. Au sud et \u00e0 l&#039;est se trouve Java occidental, tandis que Banten borde son flanc ouest. Au large, la mer de Java baigne la baie de Jakarta, et le district partage des fronti\u00e8res maritimes avec la province de Lampung. Son territoire continental se situe \u00e0 l&#039;embouchure de la rivi\u00e8re Ciliwung, qui draine les hauts plateaux de Puncak au sud. Treize rivi\u00e8res serpentent vers le nord \u00e0 travers la ville \u2013 parmi lesquelles l&#039;Angke, le Pesanggrahan, le Sunter et le Krukut \u2013 convergeant vers le niveau de la mer sur une vaste plaine alluviale. Une grande partie du nord de Jakarta se situe \u00e0 une altitude \u00e9gale ou inf\u00e9rieure \u00e0 z\u00e9ro, historiquement ponctu\u00e9e de vastes mar\u00e9cages. Les vasi\u00e8res r\u00e9cup\u00e9r\u00e9es ont permis la construction d&#039;immeubles d&#039;appartements, d&#039;entrep\u00f4ts et d&#039;autoroutes, mais cette expansion a un co\u00fbt \u00e9lev\u00e9.<\/p>\n\n\n\n<p>C&#039;est ici, sur des terrains bas, affect\u00e9s par le changement climatique et des nappes phr\u00e9atiques surexploit\u00e9es, que Jakarta est confront\u00e9e \u00e0 son plus grand p\u00e9ril environnemental. L&#039;extraction excessive des eaux souterraines a rendu une grande partie de la ville vuln\u00e9rable aux affaissements de terrain, \u00e0 un rythme de cinq \u00e0 dix centim\u00e8tres par an \u2013 jusqu&#039;\u00e0 dix-sept centim\u00e8tres dans certaines parties du nord de Jakarta \u2013 et a aggrav\u00e9 les inondations c\u00f4ti\u00e8res dues aux mar\u00e9es montantes. Les fortes pluies de la saison des pluies, combin\u00e9es \u00e0 l&#039;obstruction des canaux de drainage, provoquent des crues soudaines qui perturbent la vie et le commerce. En r\u00e9ponse, une ambitieuse digue circulaire \u00ab\u00a0garis besar\u00a0\u00bb \u2013 commun\u00e9ment appel\u00e9e \u00ab\u00a0Digue g\u00e9ante\u00a0\u00bb \u2013 est en construction autour de la baie de Jakarta. Elle vise \u00e0 la fois \u00e0 retenir l&#039;eau de mer et \u00e0 abriter une route \u00e0 p\u00e9age en amont. Des projets compl\u00e9mentaires comprennent des tunnels souterrains reliant les canaux de Ciliwung et de l&#039;est, de nouveaux barrages en amont \u00e0 Ciawi (Bogor) et des bassins de r\u00e9tention am\u00e9nag\u00e9s. Collectivement, ces mesures visent \u00e0 ralentir l&#039;avanc\u00e9e des eaux, mais les forces sous-jacentes de l&#039;affaissement de terrain exigent des ajustements dans la fa\u00e7on dont la ville s&#039;approvisionne en eau. Les le\u00e7ons tir\u00e9es de Tokyo et de Shanghai sugg\u00e8rent que la r\u00e9duction des pompages ill\u00e9gaux et le passage \u00e0 des sources d&#039;approvisionnement de surface peuvent stopper le naufrage ; le succ\u00e8s de Jakarta dans ce suivi d\u00e9terminera si ses fondations resteront solides.<\/p>\n\n\n\n<p>Situ\u00e9e juste au sud de l&#039;\u00e9quateur, Jakarta conna\u00eet un climat tropical de mousson. La saison des pluies s&#039;\u00e9tend d&#039;octobre \u00e0 mai, alternant entre les pluies torrentielles de janvier (moyennes mensuelles proches de 300 millim\u00e8tres) et le calme relatif d&#039;ao\u00fbt, o\u00f9 les pr\u00e9cipitations descendent sous les 50 millim\u00e8tres. Les orages de l&#039;apr\u00e8s-midi sont fr\u00e9quents pendant les mois pluvieux, aliment\u00e9s par les vents charg\u00e9s d&#039;humidit\u00e9 qui traversent les hauts plateaux du sud de Java. Les temp\u00e9ratures oscillent autour de 32 \u00b0C en journ\u00e9e et descendent jusqu&#039;\u00e0 environ 25 \u00b0C la nuit\u00a0; les extr\u00eames varient entre des minimales record autour de 19 \u00b0C et des maximales approchant les 38 \u00b0C. Les temp\u00e9ratures de surface de la mer suivent un cycle subtil, d&#039;environ 26,5 \u00b0C pendant les mois les plus secs \u00e0 pr\u00e8s de 29,5 \u00b0C \u00e0 la fin de la saison des pluies. La qualit\u00e9 de l&#039;air varie consid\u00e9rablement\u00a0: les polluants s&#039;accumulent pendant les mois secs d&#039;ao\u00fbt \u00e0 d\u00e9cembre, car la r\u00e9duction du lessivage permet aux particules et aux \u00e9missions de persister.<\/p>\n\n\n\n<p>Jakarta proprement dite couvre 661,23 km\u00b2, mais son influence s&#039;\u00e9tend sur 7\u00a0076 km\u00b2 du Grand Jakarta, ou \u00ab\u00a0Jabodetabek\u00a0\u00bb, qui comprend Bogor, Depok, Tangerang, Tangerang Sud et Bekasi. Cette m\u00e9gapole se classe au deuxi\u00e8me rang mondial apr\u00e8s Tokyo, avec quelque 32,6 millions d&#039;habitants en 2022. Sa densit\u00e9 de population d\u00e9passe les 8\u00a0000 habitants au kilom\u00e8tre carr\u00e9 dans les districts centraux et ne diminue que progressivement vers les banlieues.<\/p>\n\n\n\n<p>Jakarta incarne la mosa\u00efque ethnique indon\u00e9sienne. Aucun groupe ne revendique la majorit\u00e9. Selon le recensement de 2010, les Javanais repr\u00e9sentent environ 36 % de la population, les Betawi \u2013 une communaut\u00e9 cr\u00e9ole dont les origines remontent \u00e0 des vagues successives de migrants \u2013 environ 28 %, les Sundanais 15 %, les Sino-Indon\u00e9siens, les Batak, les Minangkabau et d&#039;autres groupes constituant le reste. L&#039;appartenance religieuse refl\u00e8te cette diversit\u00e9\u00a0: en 2024, l&#039;islam pr\u00e9domine chez 83,8\u00a0% de la population, suivi des protestants (8,6\u00a0%), des catholiques (3,9\u00a0%), des bouddhistes (3,5\u00a0%), des hindous (0,2\u00a0%), des confucianistes (0,02\u00a0%) et d&#039;un petit nombre de personnes pratiquant des croyances autochtones.<\/p>\n\n\n\n<p>L&#039;attrait de la ville d\u00e9coule autant de son espoir \u00e9conomique que de son h\u00e9ritage historique. Des migrants venus de tout l&#039;archipel arrivent en qu\u00eate d&#039;emploi, d&#039;\u00e9ducation et de la promesse d&#039;une am\u00e9lioration de leur niveau de vie. Ce dynamisme d\u00e9mographique a fait de Jakarta un creuset de l&#039;argot, de la cuisine et des coutumes indon\u00e9siennes. Le malais betawi, teint\u00e9 d&#039;emprunts au n\u00e9erlandais, au portugais, au soundanais et au hokkien, forme un dialecte urbain \u2013 transmis par la musique, les marchands ambulants et les m\u00e9dias populaires \u2013 qui r\u00e9sonne bien au-del\u00e0 des fronti\u00e8res de Jakarta.<\/p>\n\n\n\n<p>L&#039;\u00e9conomie de Jakarta est \u00e0 la fois la plus importante de l&#039;ASEAN apr\u00e8s Singapour et le c\u0153ur vital du PIB indon\u00e9sien. En 2023, son PIB en parit\u00e9 de pouvoir d&#039;achat avoisinait les 724 milliards de dollars. La ville abrite le si\u00e8ge de la Banque d&#039;Indon\u00e9sie, la Bourse indon\u00e9sienne et les principales entreprises publiques du pays \u2013 Pertamina, PLN, Telkomsel \u2013 ainsi que des conglom\u00e9rats tels que Salim Group, Astra International et Sinar Mas. L&#039;industrie manufacturi\u00e8re prosp\u00e8re dans les domaines de l&#039;\u00e9lectronique, des composants automobiles, de la chimie et des sciences biom\u00e9dicales, tandis que le secteur des services englobe la banque, la finance, les m\u00e9dias et le tourisme.<\/p>\n\n\n\n<p>Le produit int\u00e9rieur brut r\u00e9gional par habitant continue de progresser. Les projections du Centre japonais de recherche \u00e9conomique pr\u00e9voient que le produit int\u00e9rieur brut par habitant de Jakarta passera de la quarante et uni\u00e8me place en 2015 \u00e0 la vingt-huiti\u00e8me place parmi 77 villes mondiales d&#039;ici 2030. L&#039;indice Ceoworld a class\u00e9 Jakarta au 21e rang en termes d&#039;influence \u00e9conomique mondiale (2020), et l&#039;indice Savills Resilient Cities pr\u00e9voit son inclusion parmi les vingt premi\u00e8res villes du monde d&#039;ici 2028. Les centres commerciaux \u00e0 eux seuls couvrent plus de 550 hectares \u2013 des quartiers commerciaux de taille europ\u00e9enne qui incluent Grand Indonesia, Plaza Senayan, Pacific Place et Mall Taman Anggrek. Les march\u00e9s traditionnels restent essentiels : Tanah Abang pour les textiles, Jalan Surabaya pour les antiquit\u00e9s, Rawabening pour les pierres pr\u00e9cieuses. En 2023, la fr\u00e9quentation entrante a atteint pr\u00e8s de deux millions de touristes \u00e9trangers, Jakarta servant fr\u00e9quemment de porte d&#039;entr\u00e9e vers Bali, Yogyakarta et Komodo.<\/p>\n\n\n\n<p>La silhouette de Jakarta est un palimpseste d&#039;\u00e9poques. Des \u00e9difices de l&#039;\u00e9poque coloniale se regroupent dans la vieille ville (Kota Tua) et les quartiers centraux\u00a0: le Stadhuis (h\u00f4tel de ville), le Jakarta Art Building con\u00e7u par JC Schultze, les mus\u00e9es Mandiri et Bank Indonesia d&#039;Eduard Cuypers. Les styles varient du n\u00e9o-Renaissance \u00e0 l&#039;Art d\u00e9co, le quartier de Menteng, am\u00e9nag\u00e9 par l&#039;entreprise Bouwploeg de PAJ Moojen, \u00e9tant un exemple pr\u00e9coce d&#039;urbanisme moderniste tropical.<\/p>\n\n\n\n<p>Dans les ann\u00e9es 1960, sous la pr\u00e9sidence de Soekarno, des projets monumentaux visaient \u00e0 reconqu\u00e9rir l&#039;identit\u00e9 nationale par le biais du b\u00e2ti. Le Monument national (Monas), un ob\u00e9lisque de 132 m\u00e8tres couronn\u00e9 d&#039;une flamme dor\u00e9e, ancre la place Merdeka. Non loin de l\u00e0, une sculpture-fontaine du char d&#039;Arjuna \u00e9voque un h\u00e9ritage \u00e9pique. La mosqu\u00e9e Istiqlal et la cath\u00e9drale de Jakarta se trouvent \u00e0 port\u00e9e de voix, t\u00e9moignant de l&#039;engagement de l&#039;Indon\u00e9sie en faveur du pluralisme. La statue Selamat Datang (\u00ab Bienvenue \u00bb) d&#039;Edhi Sunarso marque le rond-point de l&#039;h\u00f4tel Indonesia sur l&#039;avenue Thamrin.<\/p>\n\n\n\n<p>Sous Suharto et les administrations suivantes, des gratte-ciels ont vu le jour dans le Triangle d&#039;Or\u00a0: Wisma 46 (262\u00a0m), Autograph Tower (383\u00a0m) et le Stade international de Jakarta, entre autres. En 2025, quatre-vingt-huit tours d\u00e9passaient les 150\u00a0m, pla\u00e7ant Jakarta parmi les dix premi\u00e8res au monde. Des maisons traditionnelles Betawi subsistent dans certaines zones de l&#039;ancien kampung, leurs toits inspir\u00e9s du joglo et leurs charpentes en bois de nangka rappelant les rythmes de vie d&#039;antan.<\/p>\n\n\n\n<p>Les art\u00e8res de Jakarta portent l&#039;empreinte de l&#039;h\u00e9g\u00e9monie de la voiture priv\u00e9e\u00a0: un r\u00e9seau de rocades int\u00e9rieures et ext\u00e9rieures s&#039;\u00e9tend sur cinq art\u00e8res \u00e0 p\u00e9age, tandis que les heures de pointe sont marqu\u00e9es par des embouteillages permanents. Le syst\u00e8me de plaques d&#039;immatriculation \u00ab\u00a0pair-impair\u00a0\u00bb limite la circulation des voitures \u00e0 des jours altern\u00e9s afin de lutter contre les embouteillages. Les efforts visant \u00e0 transf\u00e9rer les usagers de la voiture vers les transports en commun ont port\u00e9 leurs fruits. Le bus \u00e0 haut niveau de service de TransJakarta, r\u00e9compens\u00e9 par un prix mondial du transport durable en 2021, fonctionne parall\u00e8lement au MRT, au LRT, \u00e0 la ligne de banlieue KRL, au LRT de Jabodebek et \u00e0 la liaison ferroviaire avec l&#039;a\u00e9roport. En septembre\u00a02023, la couverture des transports en commun atteignait 86\u00a0% de la ville, avec un objectif de 95\u00a0%. La fr\u00e9quentation oscille autour de 2,6\u00a0millions de passagers par jour.<\/p>\n\n\n\n<p>Les modes de transport compl\u00e9mentaires comprennent les microbus (angkot), les lignes de minibus (Minitrans, Metrotrans), les auto-rickshaws Bajaj et les taxis \u00e0 application. Les cyclo-pousses ont \u00e9t\u00e9 interdits pour entrave \u00e0 la circulation. Un modeste r\u00e9seau de pistes cyclables \u2013 soixante-trois kilom\u00e8tres \u00e0 la mi-2021, avec cent kilom\u00e8tres suppl\u00e9mentaires pr\u00e9vus \u2013 t\u00e9moigne de l&#039;essor de la mobilit\u00e9 active. Le principal port maritime de Tanjung Priok accueille les porte-conteneurs et les ferries\u00a0; le Sunda Kelapa, dans la vieille ville, accueille les pinisi en bois qui assurent encore les liaisons inter-\u00eeles. L&#039;a\u00e9roport international Soekarno-Hatta relie Jakarta au reste du monde, tandis que Halim Perdanakusuma et des a\u00e9rodromes plus petits desservent les vols int\u00e9rieurs et priv\u00e9s.<\/p>\n\n\n\n<p>Se d\u00e9placer \u00e0 Jakarta exige souvent des strat\u00e9gies qui vont au-del\u00e0 du GPS. De nombreuses rues portent des noms identiques dans des quartiers \u00e9loign\u00e9s\u00a0; les ruelles des art\u00e8res principales n&#039;apparaissent qu&#039;en chiffres romains. Une adresse telle que \u00ab\u00a0Jl. Mangga Besar VIII\/21\u00a0\u00bb d\u00e9signe le b\u00e2timent n\u00b0\u00a021 de la ruelle VIII de Mangga Besar Road. La pratique locale consiste \u00e0 consid\u00e9rer qu&#039;un panneau face au voyageur d\u00e9signe la rue \u00e0 venir plut\u00f4t que la rue transversale. Les groupes de complexes r\u00e9sidentiels ferm\u00e9s peuvent contourner cette logique, n\u00e9cessitant la connaissance du lotissement ainsi que du code postal. En cas de doute, les habitants se fient \u00e0 des rep\u00e8res\u00a0: panneaux d&#039;affichage, couleurs des cl\u00f4tures, b\u00e2timents importants, ou encore aux conducteurs d&#039;ojek (motos-taxis) dont les itin\u00e9raires locaux sillonnent le r\u00e9seau de ruelles des kampungs.<\/p>\n\n\n\n<p>Jakarta reste \u00e0 la crois\u00e9e des chemins. En ao\u00fbt 2019, le pr\u00e9sident Joko Widodo a annonc\u00e9 son intention de transf\u00e9rer la capitale nationale \u00e0 Nusantara, dans le Kalimantan oriental. Cette mesure, approuv\u00e9e par l&#039;Assembl\u00e9e consultative du peuple le 18 janvier 2022, vise \u00e0 all\u00e9ger Jakarta de sa charge administrative et \u00e0 permettre des investissements cibl\u00e9s dans l&#039;am\u00e9nagement du territoire, l&#039;environnement et les infrastructures. Pourtant, le gouvernement s&#039;est engag\u00e9 \u00e0 investir plus de 40 milliards de dollars pour \u00ab sauver \u00bb la ville existante\u00a0: am\u00e9lioration du drainage, d\u00e9veloppement des transports publics, r\u00e9glementation de l&#039;extraction des eaux souterraines et restauration de la qualit\u00e9 environnementale.<\/p>\n\n\n\n<p>Ce double engagement \u2013 \u200b\u200bconstruire une nouvelle capitale tout en renfor\u00e7ant l&#039;ancienne \u2013 refl\u00e8te la double identit\u00e9 de Jakarta, \u00e0 la fois si\u00e8ge de la nation et m\u00e9tropole dynamique. Son avenir repose sur l&#039;harmonisation de la croissance et de la r\u00e9silience\u00a0: pr\u00e9server le patrimoine culturel malgr\u00e9 l&#039;essor des nouvelles tours\u00a0; orienter la mobilit\u00e9 vers les transports en commun plut\u00f4t que vers la voiture\u00a0; adapter la consommation d&#039;eau de la ville \u00e0 des sources d&#039;eau durables\u00a0; et adapter ses quartiers de basse altitude \u00e0 un littoral mouvant. Si ces objectifs sont atteints, Jakarta pourrait conserver sa position de centre incontournable de l&#039;Indon\u00e9sie, compl\u00e9ment difficile mais ind\u00e9l\u00e9bile de l&#039;ordre planifi\u00e9 de Nusantara.<\/p>\n\n\n\n<p>L&#039;histoire de Jakarta est riche en strates \u2013 g\u00e9ologiques, historiques, sociales et politiques. C&#039;est un lieu o\u00f9 les fleuves rencontrent la mer, o\u00f9 des si\u00e8cles de commerce se m\u00ealent \u00e0 la finance moderne, et o\u00f9 diverses communaut\u00e9s forgent une identit\u00e9 urbaine \u00e0 la fois locale et cosmopolite. Ses rues sont anim\u00e9es par la circulation, son horizon est propice aux commerces, et ses habitants doivent quotidiennement faire face aux d\u00e9fis climatiques et environnementaux. Pourtant, dans les moments de r\u00e9pit \u2013 \u00e0 la douce lumi\u00e8re de l&#039;aube sur la place Merdeka, le long des couloirs ombrag\u00e9s des vieux bungalows de Menteng, dans l&#039;effervescence d&#039;un pasar vendant des \u00e9pices ou des tissus \u2013 on entrevoit la texture d&#039;une vie qui perdure. Conna\u00eetre Jakarta, c&#039;est appr\u00e9cier ses contradictions et ses continuit\u00e9s, reconna\u00eetre ses fragilit\u00e9s et sa force, et reconna\u00eetre que m\u00eame en mutation, elle reste ind\u00e9niablement elle-m\u00eame.<\/p>","protected":false},"excerpt":{"rendered":"<p>Jakarta, capitale et ville la plus peupl\u00e9e d&#039;Indon\u00e9sie, est une m\u00e9tropole dynamique dont la population est estim\u00e9e \u00e0 plus de 10,6 millions d&#039;habitants \u00e0 l&#039;int\u00e9rieur de ses limites administratives officielles. Strat\u00e9giquement situ\u00e9e sur la c\u00f4te nord-ouest de Java, l&#039;\u00eele la plus peupl\u00e9e du monde, Jakarta est le c\u0153ur des activit\u00e9s politiques, \u00e9conomiques et culturelles de l&#039;Indon\u00e9sie. Ce p\u00f4le m\u00e9tropolitain dynamique, officiellement d\u00e9sign\u00e9 comme la R\u00e9gion sp\u00e9ciale de la capitale de Jakarta (Daerah Khusus Ibukota Jakarta ou DKI Jakarta), b\u00e9n\u00e9ficie d&#039;un statut distinctif comparable \u00e0 celui d&#039;une province dans le cadre administratif indon\u00e9sien.<\/p>","protected":false},"author":1,"featured_media":3518,"parent":15149,"menu_order":0,"comment_status":"closed","ping_status":"closed","template":"elementor_theme","meta":{"_eb_attr":"","footnotes":""},"class_list":["post-15155","page","type-page","status-publish","has-post-thumbnail"],"_links":{"self":[{"href":"https:\/\/travelshelper.com\/fr\/wp-json\/wp\/v2\/pages\/15155","targetHints":{"allow":["GET"]}}],"collection":[{"href":"https:\/\/travelshelper.com\/fr\/wp-json\/wp\/v2\/pages"}],"about":[{"href":"https:\/\/travelshelper.com\/fr\/wp-json\/wp\/v2\/types\/page"}],"author":[{"embeddable":true,"href":"https:\/\/travelshelper.com\/fr\/wp-json\/wp\/v2\/users\/1"}],"replies":[{"embeddable":true,"href":"https:\/\/travelshelper.com\/fr\/wp-json\/wp\/v2\/comments?post=15155"}],"version-history":[{"count":0,"href":"https:\/\/travelshelper.com\/fr\/wp-json\/wp\/v2\/pages\/15155\/revisions"}],"up":[{"embeddable":true,"href":"https:\/\/travelshelper.com\/fr\/wp-json\/wp\/v2\/pages\/15149"}],"wp:featuredmedia":[{"embeddable":true,"href":"https:\/\/travelshelper.com\/fr\/wp-json\/wp\/v2\/media\/3518"}],"wp:attachment":[{"href":"https:\/\/travelshelper.com\/fr\/wp-json\/wp\/v2\/media?parent=15155"}],"curies":[{"name":"wp","href":"https:\/\/api.w.org\/{rel}","templated":true}]}}