{"id":15033,"date":"2024-09-20T14:08:14","date_gmt":"2024-09-20T14:08:14","guid":{"rendered":"https:\/\/travelshelper.com\/staging\/?page_id=15033"},"modified":"2026-03-11T17:39:31","modified_gmt":"2026-03-11T17:39:31","slug":"tel-aviv","status":"publish","type":"page","link":"https:\/\/travelshelper.com\/fr\/destinations\/asia\/israel\/tel-aviv\/","title":{"rendered":"Tel-Aviv"},"content":{"rendered":"<p>Tel-Aviv-Jaffa, souvent appel\u00e9e simplement Tel-Aviv, se dresse sur la c\u00f4te m\u00e9diterran\u00e9enne d&#039;Isra\u00ebl. Cit\u00e9 de contrastes, o\u00f9 pierres anciennes et acier moderne cohabitent en toute harmonie. Fond\u00e9e en 1909 par des pionniers juifs sous le nom d&#039;Ahuzat Bayit, la colonie s&#039;est d\u00e9velopp\u00e9e sur les dunes de sable qui bordaient autrefois le port ottoman de Jaffa. En moins d&#039;un an, elle a adopt\u00e9 le nom de Tel-Aviv \u2013 \u00ab\u00a0Le r\u00e9cit du printemps\u00a0\u00bb \u2013, emprunt\u00e9 \u00e0 la traduction h\u00e9bra\u00efque par Nahum Sokolow du roman Altneuland de Theodor Herzl. En 1934, Tel-Aviv s&#039;\u00e9tait s\u00e9par\u00e9e de la municipalit\u00e9 de Jaffa\u00a0; en 1950, elle a \u00e9t\u00e9 officiellement r\u00e9unifi\u00e9e sous le nom de Tel-Aviv-Jaffa, refl\u00e9tant \u00e0 la fois son c\u0153ur moderne et son histoire mill\u00e9naire.<\/p>\n\n\n\n<p>G\u00e9ographiquement, Tel-Aviv occupe quelque 52 kilom\u00e8tres carr\u00e9s de plaine c\u00f4ti\u00e8re aplatie, \u00e0 environ 32\u00b005\u2032N, 34\u00b048\u2032E. Sa fronti\u00e8re occidentale baigne la M\u00e9diterran\u00e9e, couronn\u00e9e de falaises et de sable indolent, tandis qu&#039;\u00e0 l&#039;int\u00e9rieur des terres, le fleuve Yarkon dessine une frange verdoyante. Bien que ses sols restent sablonneux et peu fertiles, les interventions des urbanistes \u2013 du projet de cit\u00e9-jardin de Patrick Geddes \u00e0 la r\u00e9cente transformation d&#039;une centrale \u00e9lectrique d\u00e9saffect\u00e9e en parc Gan HaHashmal \u2013 ont int\u00e9gr\u00e9 des espaces verts au tissu urbain. Aujourd&#039;hui, les parcs occupent pr\u00e8s d&#039;un cinqui\u00e8me de la superficie de la ville\u00a0: le parc Yarkon accueille \u00e0 lui seul quelque 16 millions de visiteurs par an, et la coupure annuelle d&#039;\u00e9lectricit\u00e9 pour l&#039;Heure de la Terre t\u00e9moigne de la fiert\u00e9 municipale de Tel-Aviv pour son statut de ville la plus verte d&#039;Isra\u00ebl.<\/p>\n\n\n\n<p>Apr\u00e8s un pic d\u00e9mographique d&#039;environ 390\u00a0000 habitants au d\u00e9but des ann\u00e9es 1960, la population de Tel-Aviv a d\u00e9clin\u00e9 \u00e0 environ 317\u00a0000 dans les ann\u00e9es 1980, avant de reprendre sa croissance dans les ann\u00e9es 1990. En 2025, pr\u00e8s d&#039;un demi-million d&#039;habitants y vivent, chiffre qui devrait atteindre 600\u00a0000 d&#039;ici 2035 selon les plans d&#039;urbanisme actuels. Les Juifs d&#039;origines diverses \u2013 ashk\u00e9nazes, s\u00e9farades, mizrahim, \u00e9thiopiens, centrasiatiques et autres \u2013 constituent plus de 90\u00a0% de la population, tandis que les Arabes musulmans, les chr\u00e9tiens, les druzes et les groupes non class\u00e9s occupent le reste. L&#039;h\u00e9breu r\u00e8gne en ma\u00eetre, mais le russe, l&#039;arabe, l&#039;anglais et une multitude de langues africaines et asiatiques animent les rues. Un important contingent de travailleurs \u00e9trangers et de r\u00e9fugi\u00e9s r\u00e9side principalement dans le sud, impr\u00e9gnant les quartiers de textures sociales h\u00e9t\u00e9rog\u00e8nes.<\/p>\n\n\n\n<p>Des marqueurs socio-\u00e9conomiques divisent Tel-Aviv en deux p\u00f4les\u00a0: le nord et le sud. Les quartiers du nord, comme Ramat Aviv et Afeka, abritent des r\u00e9sidences haut de gamme, le campus de l&#039;universit\u00e9 de Tel-Aviv et les espaces verdoyants du parc Yarkon. Les quartiers du sud, en revanche, portent l&#039;empreinte de migrations successives et de revenus modestes, m\u00eame si des quartiers comme Neve Tzedek \u2013 le premier quartier juif de la ville, construit en 1887 \u2013 ont fait l&#039;objet d&#039;une restauration m\u00e9ticuleuse et rivalisent d\u00e9sormais de prestige avec le nord. Le centre de Tel-Aviv concentre finances et commerces le long de l&#039;autoroute Ayalon, o\u00f9 le trio de tours vertigineuses du Centre Azrieli domine la deuxi\u00e8me \u00e9conomie isra\u00e9lienne par habitant au Moyen-Orient.<\/p>\n\n\n\n<p>Tel-Aviv figure en effet parmi les principaux moteurs mondiaux de l&#039;innovation. Ville mondiale b\u00eata+ class\u00e9e cinquante-troisi\u00e8me au Global Financial Centres Index 2022, elle est le point d&#039;ancrage de Silicon Wadi, le corridor high-tech d&#039;Isra\u00ebl. La zone de Kiryat Atidim, inaugur\u00e9e en 1972, a sem\u00e9 les premi\u00e8res graines\u00a0; dans les ann\u00e9es 2010, le nombre de start-ups a d\u00e9pass\u00e9 les sept cents, pla\u00e7ant Tel-Aviv au quatri\u00e8me rang mondial des \u00e9cosyst\u00e8mes de start-ups. Des ambassades \u00e9trang\u00e8res bordent ses rues et plus de 2,5 millions de visiteurs internationaux sont accueillis chaque ann\u00e9e, attir\u00e9s par les plages, la vie nocturne et la r\u00e9putation de la ville comme la plus ch\u00e8re au monde.<\/p>\n\n\n\n<p>Le multiplex de mus\u00e9es et de lieux culturels de Tel-Aviv t\u00e9moigne d&#039;un si\u00e8cle d&#039;effervescence artistique. Son quartier de la Ville Blanche, class\u00e9 au patrimoine mondial de l&#039;UNESCO depuis 2003, compte plus de cinq mille exemples d&#039;architecture de style international et Bauhaus, fruit du travail collectif d&#039;architectes europ\u00e9ens \u00e9migr\u00e9s fuyant le nazisme dans les ann\u00e9es 1930. Au-del\u00e0 des avenues bord\u00e9es d&#039;arbres de Neve Tzedek et du boulevard Rothschild, on trouve des monuments embl\u00e9matiques, du mus\u00e9e Eretz Isra\u00ebl et du mus\u00e9e d&#039;art de Tel-Aviv aux institutions d&#039;histoire militaire Palmach et Batey Haosef. La danse et la musique fleurissent au Centre Suzanne Dellal, au Heichal HaTarbut et au Centre des arts du spectacle de Tel-Aviv, qui proposent chacun des op\u00e9ras, des concerts philharmoniques et de la danse contemporaine.<\/p>\n\n\n\n<p>Jaffa demeure l&#039;\u00e2me de la ville\u00a0: un labyrinthe de ruelles pav\u00e9es o\u00f9 convergent les histoires arabe et juive. Son ancien port, riche en vestiges arch\u00e9ologiques, abrite des galeries, des caf\u00e9s et accueille chaque ann\u00e9e les Journ\u00e9es Portes Ouvertes de Tel-Aviv, o\u00f9 des habitations priv\u00e9es et des cours int\u00e9rieures secr\u00e8tes s&#039;ouvrent au public. La restauration de ce quartier, et des ruelles boh\u00e8mes de Florentin, a cultiv\u00e9 un go\u00fbt pour le street art color\u00e9, les march\u00e9s parfum\u00e9s et les festivit\u00e9s nocturnes qui ont consolid\u00e9 le surnom de Tel-Aviv, \u00ab\u00a0la ville qui ne dort jamais\u00a0\u00bb.<\/p>\n\n\n\n<p>Sur le plan architectural, Tel-Aviv ne cesse de red\u00e9finir son horizon. La tour Shalom Meir, \u00e9rig\u00e9e en 1965, premier gratte-ciel d&#039;Isra\u00ebl, a c\u00e9d\u00e9 la place \u00e0 une prolif\u00e9ration de gratte-ciel au milieu des ann\u00e9es 1990. Un plan directeur de 2010 limite la construction de nouvelles tours le long de la c\u00f4te afin de pr\u00e9server les lignes de vue, tout en canalisant de nouveaux immeubles de bureaux et d&#039;h\u00f4tels \u00e0 l&#039;est de la rue Ibn Gabirol. La fermeture de l&#039;a\u00e9roport Sde Dov a lib\u00e9r\u00e9 des terrains en bord de mer pour des gratte-ciel de luxe, alors m\u00eame que le nouveau tramway de Tel-Aviv et le futur r\u00e9seau de m\u00e9tro promettent de remodeler les transports en commun et la densit\u00e9 urbaine.<\/p>\n\n\n\n<p>Le climat est r\u00e9solument m\u00e9diterran\u00e9en\u00a0: les \u00e9t\u00e9s, qui durent cinq mois, s&#039;\u00e9tendent de juin \u00e0 octobre, ponctu\u00e9s d&#039;une chaleur humide pouvant faire grimper les temp\u00e9ratures au-dessus de 35\u00a0\u00b0C lors des canicules automnales ou printani\u00e8res. Les hivers sont doux et pluvieux, avec des temp\u00e9ratures maximales moyennes avoisinant les 18\u00a0\u00b0C et des minimales autour de 10\u00a0\u00b0C en janvier\u00a0; le gel et la neige restent quasi inexistants. Les pr\u00e9cipitations annuelles totalisent environ 528\u00a0mm, concentr\u00e9es entre octobre et avril.<\/p>\n\n\n\n<p>La vie culinaire de Tel-Aviv refl\u00e8te son ADN cosmopolite. La cuisine locale partage des menus aux influences internationales\u00a0: les stands de falafels c\u00f4toient plus d&#039;une centaine de bars \u00e0 sushis, tandis que la glace halva arros\u00e9e de sirop de dattes et de pistaches t\u00e9moigne de la tradition levantine. Caf\u00e9s, march\u00e9s et restaurants peuplent chaque quartier, r\u00e9pondant aux sensibilit\u00e9s la\u00efques comme religieuses.<\/p>\n\n\n\n<p>Des axes de transport rayonnent depuis le c\u0153ur de la ville. L&#039;autoroute Ayalon, qui serpente du nord au sud, relie les routes nationales vers Ha\u00effa et J\u00e9rusalem. Les bus, les taxis collectifs (sheruts) et les cinq gares ferroviaires transportent plus d&#039;un million de passagers chaque mois, bien que les services ferroviaires soient suspendus pour cause de sabbat et de f\u00eates. En ao\u00fbt 2023, la premi\u00e8re ligne rouge du tramway a \u00e9t\u00e9 mise en service\u00a0; les lignes violette et verte sont en construction et un r\u00e9seau de m\u00e9tro complet devrait ouvrir au d\u00e9but des ann\u00e9es 2030.<\/p>\n\n\n\n<p>Les influences religieuses et la\u00efques cohabitent dans les institutions officielles et la pratique quotidienne. Plus de cinq cents synagogues sont en activit\u00e9, de la Grande Synagogue des ann\u00e9es 1930 aux nouveaux centres d&#039;\u00e9tudes juives la\u00efques. Des dizaines d&#039;\u00e9glises accueillent des diplomates et des communaut\u00e9s de migrants, tandis que la municipalit\u00e9 abrite un centre communautaire LGBT qui accueille une marche des fiert\u00e9s rassemblant quelque deux cent mille participants, faisant de Tel-Aviv un symbole mondial de tol\u00e9rance et de vitalit\u00e9 urbaine.<\/p>\n\n\n\n<p>Depuis ses d\u00e9buts de petite cit\u00e9 sur les dunes de Jaffa jusqu&#039;\u00e0 son statut actuel d&#039;avant-garde \u00e9conomique et culturelle d&#039;Isra\u00ebl, Tel Aviv-Jaffa demeure une ville en constante transformation. Ses quartiers aux multiples facettes, sa sc\u00e8ne artistique dynamique et ses plages embl\u00e9matiques dessinent l&#039;histoire d&#039;un lieu o\u00f9 histoire et modernit\u00e9 convergent, t\u00e9moignant de l&#039;interaction durable entre les hommes, les lieux et leurs objectifs.<\/p>","protected":false},"excerpt":{"rendered":"<p>Tel Aviv-Jaffa, plus connue sous le nom de Tel Aviv, est la ville la plus peupl\u00e9e de la r\u00e9gion m\u00e9tropolitaine isra\u00e9lienne du Goush Dan, avec une population de 474\u00a0530 habitants. Situ\u00e9e le long du magnifique littoral m\u00e9diterran\u00e9en isra\u00e9lien, cette m\u00e9tropole dynamique est devenue le c\u0153ur \u00e9conomique et technique du pays, s&#039;imposant comme une puissance mondiale de haute technologie. Son importance transcende les fronti\u00e8res, puisqu&#039;elle abrite la plupart des ambassades isra\u00e9liennes \u00e9trang\u00e8res, renfor\u00e7ant ainsi son r\u00f4le d&#039;entit\u00e9 centrale dans les affaires internationales.<\/p>","protected":false},"author":1,"featured_media":3981,"parent":15000,"menu_order":0,"comment_status":"closed","ping_status":"closed","template":"elementor_theme","meta":{"_eb_attr":"","footnotes":""},"class_list":["post-15033","page","type-page","status-publish","has-post-thumbnail"],"_links":{"self":[{"href":"https:\/\/travelshelper.com\/fr\/wp-json\/wp\/v2\/pages\/15033","targetHints":{"allow":["GET"]}}],"collection":[{"href":"https:\/\/travelshelper.com\/fr\/wp-json\/wp\/v2\/pages"}],"about":[{"href":"https:\/\/travelshelper.com\/fr\/wp-json\/wp\/v2\/types\/page"}],"author":[{"embeddable":true,"href":"https:\/\/travelshelper.com\/fr\/wp-json\/wp\/v2\/users\/1"}],"replies":[{"embeddable":true,"href":"https:\/\/travelshelper.com\/fr\/wp-json\/wp\/v2\/comments?post=15033"}],"version-history":[{"count":0,"href":"https:\/\/travelshelper.com\/fr\/wp-json\/wp\/v2\/pages\/15033\/revisions"}],"up":[{"embeddable":true,"href":"https:\/\/travelshelper.com\/fr\/wp-json\/wp\/v2\/pages\/15000"}],"wp:featuredmedia":[{"embeddable":true,"href":"https:\/\/travelshelper.com\/fr\/wp-json\/wp\/v2\/media\/3981"}],"wp:attachment":[{"href":"https:\/\/travelshelper.com\/fr\/wp-json\/wp\/v2\/media?parent=15033"}],"curies":[{"name":"wp","href":"https:\/\/api.w.org\/{rel}","templated":true}]}}