{"id":14970,"date":"2024-09-20T13:10:19","date_gmt":"2024-09-20T13:10:19","guid":{"rendered":"https:\/\/travelshelper.com\/staging\/?page_id=14970"},"modified":"2026-03-11T13:11:10","modified_gmt":"2026-03-11T13:11:10","slug":"teheran","status":"publish","type":"page","link":"https:\/\/travelshelper.com\/fr\/destinations\/asia\/iran\/tehran\/","title":{"rendered":"T\u00e9h\u00e9ran"},"content":{"rendered":"<p>T\u00e9h\u00e9ran s&#039;\u00e9tend sur les pentes sud de la cha\u00eene de l&#039;Alborz, une ville aux contrastes vertigineux o\u00f9 pierres anciennes c\u00f4toient tours de verre et d&#039;acier. \u00c0 1\u00a0200 m\u00e8tres d&#039;altitude, ses quartiers sud plats se pressent contre le d\u00e9sert central, tandis qu&#039;au nord, les collines s&#039;\u00e9l\u00e8vent vers des sommets d\u00e9passant les 2\u00a0000 m\u00e8tres. D&#039;ici 2025, pr\u00e8s de 9,8 millions d&#039;habitants habiteront dans ses limites municipales, et avec plus de 16,8 millions d&#039;habitants dans l&#039;agglom\u00e9ration, T\u00e9h\u00e9ran se classe comme la ville la plus peupl\u00e9e d&#039;Asie occidentale et la deuxi\u00e8me plus grande zone m\u00e9tropolitaine du Moyen-Orient apr\u00e8s Le Caire. \u00c0 travers ses multiples facettes historiques et sa topographie fractur\u00e9e, la capitale iranienne r\u00e9v\u00e8le \u00e0 la fois sa p\u00e9rennit\u00e9 et les frictions qui accompagnent une croissance rapide.<\/p>\n\n\n\n<p>Bien avant d&#039;abriter le gouvernement iranien, le sous-sol de T\u00e9h\u00e9ran appartenait \u00e0 Rhages, connu dans l&#039;Antiquit\u00e9 comme une importante colonie m\u00e8de. Situ\u00e9e \u00e0 quelques kilom\u00e8tres au sud du centre-ville actuel, Ray (comme on l&#039;appelle encore) a \u00e9t\u00e9 t\u00e9moin de l&#039;essor et du d\u00e9clin des empires. Ses remparts ont \u00e9t\u00e9 perc\u00e9s par les envahisseurs arabes, turcs et mongols, et il n&#039;en reste que des fragments au milieu de l&#039;\u00e9talement urbain. Au fil des si\u00e8cles, Ray a \u00e9t\u00e9 absorb\u00e9e par le Grand T\u00e9h\u00e9ran, ses ruines servant de t\u00e9moins silencieux de l&#039;expansion et de la transformation incessantes de la ville.<\/p>\n\n\n\n<p>En 1786, Agha Mohammad Khan, de la dynastie Qajar, proclama T\u00e9h\u00e9ran capitale de l&#039;Iran. Il recherchait un si\u00e8ge du pouvoir plus s\u00fbr que les centres dynastiques traditionnels, suffisamment proche du Caucase \u2013 alors disput\u00e9 lors des guerres russo-iraniennes \u2013 tout en \u00e9tant \u00e0 l&#039;abri des rivalit\u00e9s entre factions. Cette d\u00e9cision inaugura une \u00e8re de constructions\u00a0: de modestes palais, des casernes militaires et les fondations de ce qui allait devenir l&#039;immense appareil bureaucratique d&#039;un \u00c9tat moderne. Malgr\u00e9 le d\u00e9clin des Qajar, T\u00e9h\u00e9ran connut une croissance constante, sa population doublant sous Fath-Ali Shah. Au tournant du XIXe\u00a0si\u00e8cle, de nouvelles rues et places publiques prirent forme, la plus importante \u00e9tant Toopkhaneh (aujourd&#039;hui place Imam Khomeini). Les mosqu\u00e9es du centre-ville prirent un nouvel essor, les services urbains et les institutions civiques rempla\u00e7ant les anciennes portes et caravans\u00e9rails.<\/p>\n\n\n\n<p>Le XXe si\u00e8cle fut une p\u00e9riode de profonds changements. Reza Shah Pahlavi lan\u00e7a dans les ann\u00e9es 1920 des projets de construction \u00e0 grande \u00e9chelle, introduisant des boulevards d&#039;inspiration europ\u00e9enne et jetant les bases d&#039;une infrastructure moderne. L&#039;a\u00e9roport de Mehrabad ouvrit ses pistes et des lignes ferroviaires sillonn\u00e8rent la plaine. Tandis que l&#039;\u00c9tat Pahlavi modernisait les \u00e9coles, les minist\u00e8res et les lieux culturels, T\u00e9h\u00e9ran attira des migrants de toutes les provinces. Entre les recensements de 2006 et 2016, la population de la ville passa de 7\u00a0711\u00a0230 habitants r\u00e9partis dans 2\u00a0286\u00a0787 foyers \u00e0 8\u00a0693\u00a0706 habitants r\u00e9partis dans 2\u00a0911\u00a0065 foyers. D&#039;ici 2025, environ 9,8 millions d&#039;habitants vivront dans ses limites officielles. Cette vague a remodel\u00e9 le tissu social de T\u00e9h\u00e9ran : dans une enqu\u00eate de l&#039;Universit\u00e9 de T\u00e9h\u00e9ran de 2010, 63 % des personnes interrog\u00e9es \u00e9taient n\u00e9es dans la ville, 75 % s&#039;identifiaient comme \u00e9tant d&#039;origine persane et pr\u00e8s de 98 % parlaient couramment le persan, 13 % parlant \u00e9galement une langue europ\u00e9enne.<\/p>\n\n\n\n<p>La municipalit\u00e9 de T\u00e9h\u00e9ran est divis\u00e9e en 22 districts. Vingt d&#039;entre eux se trouvent dans le district central du comt\u00e9 de T\u00e9h\u00e9ran\u00a0; les districts 1 et 20 s&#039;\u00e9tendent dans les comt\u00e9s de Shemiranat et de Ray. Les quartiers du sud, o\u00f9 se trouve la gare \u00e0 1\u00a0117\u00a0m\u00e8tres d&#039;altitude, sont plus plats et plus dens\u00e9ment b\u00e2tis, tandis que les quartiers du nord s&#039;\u00e9l\u00e8vent sur les pentes. La rue Valiasr, v\u00e9ritable colonne vert\u00e9brale de la ville, s&#039;\u00e9tend sur 17,3\u00a0kilom\u00e8tres du sud jusqu&#039;\u00e0 la place Tajrish, \u00e0 1\u00a0712,6\u00a0m\u00e8tres. Plus loin, Velenjak culmine \u00e0 pr\u00e8s de 2\u00a0000\u00a0m\u00e8tres.<\/p>\n\n\n\n<p>Richesse et modernit\u00e9 se concentrent au nord\u00a0: des enclaves comme Zafaraniyeh, Jordan, Elahiyeh et Niavaran sont r\u00e9put\u00e9es pour leurs ambassades, leurs immeubles d&#039;habitation et leurs parcs verdoyants. \u00c0 l&#039;inverse, le centre de T\u00e9h\u00e9ran abrite des minist\u00e8res et des si\u00e8ges sociaux commerciaux, tandis que le sud reste plus abordable mais dens\u00e9ment peupl\u00e9.<\/p>\n\n\n\n<p>Le climat de T\u00e9h\u00e9ran se situe \u00e0 cheval entre le semi-aride froid (BSk) et le semi-aride chaud (BSh). Les \u00e9t\u00e9s sont chauds et secs, d\u00e9passant souvent les 38 \u00b0C en juillet\u00a0; les hivers apportent des journ\u00e9es fra\u00eeches et pluvieuses. Les montagnes de l&#039;Alborz fa\u00e7onnent les brises locales\u00a0: la nuit, la \u00ab\u00a0brise du Tochal\u00a0\u00bb descend des sommets en les rafra\u00eechissant, offrant un r\u00e9pit aux habitants des hautes villes. En \u00e9t\u00e9, les vents des d\u00e9serts du sud peuvent faire monter les temp\u00e9ratures, tandis que les courants plan\u00e9taires d&#039;ouest apportent de la poussi\u00e8re et des pluies occasionnelles. Les collines du nord, avec leurs jardins et leurs espaces verts, sont g\u00e9n\u00e9ralement deux \u00e0 trois degr\u00e9s Celsius plus fra\u00eeches que le sud, encombr\u00e9 de b\u00e9ton.<\/p>\n\n\n\n<p>Si les Persans constituent la majorit\u00e9 \u2013 environ 75 % s&#039;identifiaient comme tels en 2010 \u2013, les Az\u00e9ris iraniens constituent le deuxi\u00e8me groupe le plus important, avec environ 10 \u00e0 15 %, suivis des Mazanderanis avec 5 %. De plus petites communaut\u00e9s de Kurdes, d&#039;Arm\u00e9niens, de G\u00e9orgiens, de Bakhtyaris, de Talysh, de Baloutches, d&#039;Assyriens, d&#039;Arabes, de Juifs et de Circassiens viennent enrichir la mosa\u00efque de la ville, bien que la plupart se soient assimil\u00e9s linguistiquement au dialecte persan dominant de T\u00e9h\u00e9ran. Apr\u00e8s la R\u00e9volution de 1979, de nombreux T\u00e9h\u00e9ranais ont \u00e9migr\u00e9, notamment aux \u00c9tats-Unis, en Allemagne, en Su\u00e8de et au Canada, laissant des vides dans certains milieux professionnels et g\u00e9n\u00e9rant des flux de transferts de fonds importants.<\/p>\n\n\n\n<p>L&#039;islam chiite duod\u00e9cimain est la religion d&#039;\u00c9tat et la foi de la majorit\u00e9. Les musulmans sunnites et les adeptes des ordres soufis cohabitent avec les confessions chr\u00e9tiennes, juives, zoroastriennes et une petite minorit\u00e9 baha&#039;ie. Une modeste communaut\u00e9 sikhe poss\u00e8de un gurdwara, visit\u00e9 par le Premier ministre indien Manmohan Singh en 2012. Dans une enqu\u00eate de T\u00e9h\u00e9ran de 2016, 53,5 % des personnes interrog\u00e9es ont qualifi\u00e9 la religion de \u00ab tr\u00e8s importante \u00bb, 31,1 % de \u00ab plut\u00f4t importante \u00bb, 10,5 % de \u00ab peu importante \u00bb et 4,8 % de \u00ab pas du tout importante \u00bb.<\/p>\n\n\n\n<p>L&#039;h\u00e9ritage royal de T\u00e9h\u00e9ran transpara\u00eet dans ses palais. Le palais du Golestan, un complexe qajar compos\u00e9 de salles orn\u00e9es de miroirs et de terrasses en marbre, tr\u00f4ne au c\u0153ur de la vieille ville. Au nord, les palais de Sa&#039;dabad et de Niavaran, autrefois r\u00e9sidences d&#039;\u00e9t\u00e9 de la dynastie Pahlavi, se nichent dans un parc bois\u00e9. Le palais de Marmar, rev\u00eatu de marbre, pr\u00e9sente un mobilier europ\u00e9en et une vue imprenable. Ensemble, ces sites illustrent un voyage de la royaut\u00e9 du XVIIIe si\u00e8cle au modernisme du milieu du XXe si\u00e8cle.<\/p>\n\n\n\n<p>La sc\u00e8ne mus\u00e9ale de T\u00e9h\u00e9ran couvre toutes les \u00e9poques et tous les m\u00e9dias. Le Mus\u00e9e national abrite des d\u00e9couvertes arch\u00e9ologiques allant des M\u00e8des aux Sassanides. Non loin de l\u00e0, le Mus\u00e9e du Tapis expose des chefs-d&#039;\u0153uvre du tissage persan, tandis que le Mus\u00e9e Abgineh se concentre sur l&#039;art du verre et de la c\u00e9ramique. Le Mus\u00e9e du Cin\u00e9ma, situ\u00e9 dans le jardin Ferdows, c\u00e9l\u00e8bre l&#039;histoire du cin\u00e9ma iranien. Le Mus\u00e9e d&#039;Art contemporain poss\u00e8de la plus belle collection moderne du pays\u00a0: Van Gogh, Picasso et Warhol c\u00f4toient des artistes iraniens pionniers. Le Mus\u00e9e national de la Bijouterie conserve l&#039;une des plus grandes collections de joyaux de la couronne au monde.<\/p>\n\n\n\n<p>Chaque printemps, la Foire internationale du livre de T\u00e9h\u00e9ran attire \u00e9diteurs, chercheurs et lecteurs dans les salles d&#039;exposition de Shahr Aftab. Des salons professionnels et des festivals s&#039;y d\u00e9roulent toute l&#039;ann\u00e9e, des salons automobiles aux foires artisanales, mettant en valeur le patrimoine et la cr\u00e9ativit\u00e9 \u00e9mergente.<\/p>\n\n\n\n<p>Plus de 2\u00a0100 parcs pars\u00e8ment la m\u00e9tropole, couvrant plus de 12\u00a0600 hectares, soit 20\u00a0% de la superficie de T\u00e9h\u00e9ran. Le parc Jamshidie, autrefois domaine d&#039;un prince qajar, est devenu un bosquet public sous l&#039;imp\u00e9ratrice Farah Pahlavi. Le Jardin des Oiseaux, la plus grande voli\u00e8re d&#039;Iran, abrite des dizaines d&#039;esp\u00e8ces, tandis que le zoo de la ville abrite quelque 290 vert\u00e9br\u00e9s. Le parc Ab-o-Atash (\u00ab\u00a0Eau et Feu\u00a0\u00bb) enchante les enfants avec ses fontaines et ses tours \u00e0 incendie encadr\u00e9es par un amphith\u00e9\u00e2tre en plein air.<\/p>\n\n\n\n<p>C\u0153ur \u00e9conomique de l&#039;Iran, T\u00e9h\u00e9ran emploie 30 % de la population active du secteur public et pr\u00e8s de la moiti\u00e9 des principales entreprises industrielles du pays. Les usines produisent des automobiles, des appareils \u00e9lectroniques, des textiles, du sucre, du ciment et des produits chimiques\u00a0; des salles d&#039;exposition de tapis et de meubles bordent les quartiers commer\u00e7ants. Des raffineries de p\u00e9trole \u2013 Pars, Speedy et Behran \u2013 sont implant\u00e9es dans la ville. Malgr\u00e9 les sanctions qui p\u00e8sent sur de nombreuses entreprises \u00e9trang\u00e8res, la Bourse de T\u00e9h\u00e9ran demeure l&#039;une des principales places boursi\u00e8res mondiales, refl\u00e9tant \u00e0 la fois volatilit\u00e9 et opportunit\u00e9s.<\/p>\n\n\n\n<p>Malgr\u00e9 les projets officiels de relocalisation de la capitale, motiv\u00e9s par le risque sismique et la pollution atmosph\u00e9rique, T\u00e9h\u00e9ran demeure obstin\u00e9ment centrale. Ses autoroutes ont \u00e9t\u00e9 construites pour 300\u00a0000 v\u00e9hicules\u00a0; aujourd&#039;hui, plus de cinq millions de voitures encombrent les rues. Les bus circulent depuis les ann\u00e9es\u00a01920, et le syst\u00e8me de bus \u00e0 haut niveau de service, inaugur\u00e9 en\u00a02008, transporte d\u00e9sormais 1,8\u00a0million de passagers par jour sur dix lignes et 215\u00a0stations. Les trolleybus, introduits pour la premi\u00e8re fois en\u00a01992, ont \u00e9t\u00e9 mis en sommeil vers\u00a02013, mais ont \u00e9t\u00e9 relanc\u00e9s en\u00a02016 sur une seule ligne de\u00a01,8\u00a0kilom\u00e8tre avec des \u0160koda r\u00e9nov\u00e9es.<\/p>\n\n\n\n<p>Les deux premi\u00e8res lignes du m\u00e9tro de T\u00e9h\u00e9ran ont ouvert en 2001\u00a0; d&#039;ici 2025, huit lignes sillonneront la ville, reliant les banlieues au centre-ville. En surface, plus de 200\u00a0000 taxis sillonnent chaque quartier, les taxis d&#039;a\u00e9roport pratiquant des tarifs plus \u00e9lev\u00e9s. L&#039;a\u00e9roport de Mehrabad accueille des vols int\u00e9rieurs et charters\u00a0; l&#039;a\u00e9roport international Imam Khomeini, \u00e0 50\u00a0kilom\u00e8tres au sud, est la porte d&#039;entr\u00e9e du trafic a\u00e9rien mondial. La gare centrale assure la liaison ferroviaire dans tout le pays et relie l&#039;Europe par le l\u00e9gendaire express T\u00e9h\u00e9ran-Europe.<\/p>\n\n\n\n<p>La qualit\u00e9 de l&#039;air est depuis longtemps un probl\u00e8me \u00e9pineux. La topographie en forme de cuvette, la motorisation rapide et les \u00e9missions industrielles contribuent \u00e0 pi\u00e9ger le smog, suscitant des discussions sur le d\u00e9placement du si\u00e8ge du gouvernement. Pourtant, la r\u00e9silience de la ville est \u00e9vidente\u00a0: de nouvelles ceintures vertes, des normes de construction plus strictes et un r\u00e9seau de transports en commun \u00e9tendu visent \u00e0 r\u00e9duire la congestion et la pollution.<\/p>\n\n\n\n<p>Les tremblements de terre constituent un autre danger. Malgr\u00e9 des secousses fr\u00e9quentes, aucun s\u00e9isme majeur n&#039;a frapp\u00e9 T\u00e9h\u00e9ran depuis 1830. Les constructions modernes de grande hauteur comprennent d\u00e9sormais des structures renforc\u00e9es et des amortisseurs sismiques\u00a0; n\u00e9anmoins, la juxtaposition de structures centenaires et de tours vertigineuses souligne \u00e0 la fois l&#039;ambition et la vuln\u00e9rabilit\u00e9 de la ville.<\/p>\n\n\n\n<p>T\u00e9h\u00e9ran r\u00e9siste aux descriptions simplistes. Elle peut para\u00eetre \u00e9crasante \u2013 les klaxons retentissent dans la circulation embouteill\u00e9e et les tours vertigineuses bloquent la brise de montagne \u2013 mais des \u00eelots de calme persistent. Dans les ruelles verdoyantes, les fontaines murmurent sous les platanes\u00a0; dans les caf\u00e9s du nord, les \u00e9tudiants d\u00e9battent de l&#039;avenir\u00a0; dans les mosqu\u00e9es historiques, le marbre poli scintille sous les vitraux. Les f\u00eates, anciennes et nouvelles \u2013 Nowruz, Chaharshanbe Suri, Yald\u0101, et m\u00eame Halloween \u2013 rassemblent les habitants du quartier pour se souvenir et festoyer.<\/p>\n\n\n\n<p>Loin d&#039;\u00eatre une capitale monolithique, T\u00e9h\u00e9ran est une mosa\u00efque de souvenirs et d&#039;aspirations. Ses rues portent les empreintes des conqu\u00e9rants et des r\u00e9volutionnaires, des po\u00e8tes et des ing\u00e9nieurs. Ici, chaque pierre, chaque fl\u00e8che raconte une histoire d&#039;endurance, d&#039;adaptation et le bourdonnement incessant de la vie. Dans ses contradictions \u2013 ancienne et moderne, verte et grise, peupl\u00e9e et sereine \u2013 T\u00e9h\u00e9ran r\u00e9v\u00e8le \u00e0 la fois ses fardeaux et son pouls incessant.<\/p>","protected":false},"excerpt":{"rendered":"<p>T\u00e9h\u00e9ran, capitale et plus grande ville d&#039;Iran, est une m\u00e9tropole dynamique qui compte plus de 9,4 millions d&#039;habitants sur son territoire et environ 16,8 millions dans la r\u00e9gion m\u00e9tropolitaine. T\u00e9h\u00e9ran est la ville la plus peupl\u00e9e d&#039;Iran et d&#039;Asie occidentale. Deuxi\u00e8me r\u00e9gion m\u00e9tropolitaine du Moyen-Orient, apr\u00e8s Le Caire, elle est la 24e plus peupl\u00e9e au monde. Son vaste territoire englobe d&#039;autres municipalit\u00e9s, dont la Nouvelle Ville d&#039;Andisheh, Islam Shahr, Qods, Shahryar, Pakdasht et Shamiran, qui constituent collectivement le Grand T\u00e9h\u00e9ran.<\/p>","protected":false},"author":1,"featured_media":3136,"parent":14947,"menu_order":0,"comment_status":"closed","ping_status":"closed","template":"elementor_theme","meta":{"_eb_attr":"","footnotes":""},"class_list":["post-14970","page","type-page","status-publish","has-post-thumbnail"],"_links":{"self":[{"href":"https:\/\/travelshelper.com\/fr\/wp-json\/wp\/v2\/pages\/14970","targetHints":{"allow":["GET"]}}],"collection":[{"href":"https:\/\/travelshelper.com\/fr\/wp-json\/wp\/v2\/pages"}],"about":[{"href":"https:\/\/travelshelper.com\/fr\/wp-json\/wp\/v2\/types\/page"}],"author":[{"embeddable":true,"href":"https:\/\/travelshelper.com\/fr\/wp-json\/wp\/v2\/users\/1"}],"replies":[{"embeddable":true,"href":"https:\/\/travelshelper.com\/fr\/wp-json\/wp\/v2\/comments?post=14970"}],"version-history":[{"count":0,"href":"https:\/\/travelshelper.com\/fr\/wp-json\/wp\/v2\/pages\/14970\/revisions"}],"up":[{"embeddable":true,"href":"https:\/\/travelshelper.com\/fr\/wp-json\/wp\/v2\/pages\/14947"}],"wp:featuredmedia":[{"embeddable":true,"href":"https:\/\/travelshelper.com\/fr\/wp-json\/wp\/v2\/media\/3136"}],"wp:attachment":[{"href":"https:\/\/travelshelper.com\/fr\/wp-json\/wp\/v2\/media?parent=14970"}],"curies":[{"name":"wp","href":"https:\/\/api.w.org\/{rel}","templated":true}]}}