{"id":14938,"date":"2024-09-20T12:42:58","date_gmt":"2024-09-20T12:42:58","guid":{"rendered":"https:\/\/travelshelper.com\/staging\/?page_id=14938"},"modified":"2026-03-11T18:19:34","modified_gmt":"2026-03-11T18:19:34","slug":"almaty","status":"publish","type":"page","link":"https:\/\/travelshelper.com\/fr\/destinations\/asia\/kazakhstan\/almaty\/","title":{"rendered":"Almaty"},"content":{"rendered":"<p>Almaty occupe une vaste plaine au pied du Trans-Ili Alatau. Son r\u00e9seau de larges boulevards et d&#039;avenues bord\u00e9es d&#039;arbres s&#039;\u00e9tend d&#039;environ 700 m\u00e8tres d&#039;altitude \u00e0 la limite nord de la ville jusqu&#039;\u00e0 pr\u00e8s de 900 m\u00e8tres d&#039;altitude, s&#039;appuyant sur les flancs des montagnes. Deux cours d&#039;eau, la Grande et la Petite Almaty, descendent des sommets et traversent la ville avant de se jeter dans les steppes. Avec plus de deux millions d&#039;habitants dans son agglom\u00e9ration, Almaty est la deuxi\u00e8me plus grande ville d&#039;Asie centrale et la quatri\u00e8me de la Communaut\u00e9 des \u00c9tats ind\u00e9pendants.<\/p>\n\n\n\n<p>Fond\u00e9e en 1854 comme poste militaire russe sur la rive gauche de l&#039;Almaty, la colonie prit le nom de Verny avant de prendre la d\u00e9signation sovi\u00e9tique d&#039;Alma-Ata. De fr\u00e9quents tremblements de terre marqu\u00e8rent les d\u00e9buts du d\u00e9veloppement urbain\u00a0: celui de 1887 d\u00e9truisit pr\u00e8s de 1\u00a0800 maisons en briques et fit plus de 300 morts. Lors de sa reconstruction, la ville adopta des formes n\u00e9o-russes sous la direction d&#039;architectes tels que Paul Gourdet, dont les plans pour les coll\u00e8ges municipaux et les r\u00e9sidences de commer\u00e7ants associaient d\u00e9tails ornementaux et bois local. Une cath\u00e9drale en bois d&#039;Andre\u00ef Zenkov, construite en 1907 en \u00e9pic\u00e9a du Tien Shan, r\u00e9sista \u00e0 une secousse tellurique d&#039;intensit\u00e9 10 et, aujourd&#039;hui restaur\u00e9e, se dresse parmi les plus hautes structures en bois du monde.<\/p>\n\n\n\n<p>Pendant la Seconde Guerre mondiale, les industries et les institutions s&#039;y sont install\u00e9es hors de port\u00e9e du front, amenant avec elles des universit\u00e9s, des h\u00f4pitaux et une main-d&#039;\u0153uvre multiculturelle compos\u00e9e notamment de Slaves, d&#039;Ou\u00efghours et de Cor\u00e9ens. La ville a \u00e9t\u00e9 capitale de la R\u00e9publique socialiste sovi\u00e9tique du Kazakhstan \u00e0 partir de 1929, puis bri\u00e8vement du Kazakhstan ind\u00e9pendant jusqu&#039;en 1997, date \u00e0 laquelle le gouvernement a transf\u00e9r\u00e9 le si\u00e8ge de la ville au nord, \u00e0 Akmola (aujourd&#039;hui Astana). Malgr\u00e9 ce statut, Almaty conserve son autonomie en tant que \u00ab\u00a0ville d&#039;importance r\u00e9publicaine\u00a0\u00bb et compte huit districts administratifs.<\/p>\n\n\n\n<p>Sur le plan \u00e9conomique, Almaty g\u00e9n\u00e8re environ un cinqui\u00e8me du PIB du Kazakhstan et abrite les plus grandes institutions financi\u00e8res du pays \u2013 la Halyk Bank, la Kaspi Bank \u2013 et la Bourse du Kazakhstan. Des tours d&#039;affaires partagent l&#039;horizon avec des vestiges du modernisme sovi\u00e9tique\u00a0: l&#039;H\u00f4tel Kazakhstan de 1977 et le Palais de la R\u00e9publique, achev\u00e9 en 1970. Un projet r\u00e9cent, le quartier financier d&#039;Almaty et le parc Esentai, regrouperont des immeubles de bureaux et le premier Ritz-Carlton du pays dans une tour \u00e0 usage mixte de trente-sept \u00e9tages, con\u00e7ue par l&#039;\u00e9quipe \u00e0 l&#039;origine du 7 World Trade Center de New York.<\/p>\n\n\n\n<p>Les transports urbains comprennent le m\u00e9tro d&#039;Almaty, inaugur\u00e9 en 2011, ainsi qu&#039;un vaste r\u00e9seau de bus, de trolleybus et de trains r\u00e9gionaux \u00e0 la station Almaty-2. L&#039;a\u00e9roport international d&#039;Almaty, situ\u00e9 \u00e0 quinze kilom\u00e8tres au nord-est du centre, accueille plus de neuf millions de passagers par an, reliant la ville \u00e0 des destinations en Europe, en Asie et au-del\u00e0. Des compagnies a\u00e9riennes nationales relient toutes les capitales r\u00e9gionales, tandis qu&#039;Air Astana y a son si\u00e8ge. Un syst\u00e8me de partage de v\u00e9los, Almaty-bike, est op\u00e9rationnel depuis 2016, et des gares routi\u00e8res interurbaines desservent le Kirghizistan et la Chine.<\/p>\n\n\n\n<p>La vie culturelle d&#039;Almaty d\u00e9coule de sa position sur la Route de la Soie et de la pr\u00e9sence d&#039;intellectuels russes exil\u00e9s au XIXe si\u00e8cle. Le Th\u00e9\u00e2tre national d&#039;op\u00e9ra et de ballet kazakh Aba\u00ef, fond\u00e9 en 1934, abrite une sc\u00e8ne artistique aux c\u00f4t\u00e9s du Th\u00e9\u00e2tre dramatique russe Auezov, du KELT anglophone de l&#039;Universit\u00e9 KIMEP et de l&#039;Artishock, un th\u00e9\u00e2tre exp\u00e9rimental. Les mus\u00e9es sont regroup\u00e9s autour de la cath\u00e9drale Zenkov, dans le parc des 28 gardes Panfilov, en hommage aux h\u00e9ros de l&#039;infanterie qui ont retard\u00e9 l&#039;avanc\u00e9e allemande sur Moscou. Le mus\u00e9e central d&#039;\u00c9tat retrace l&#039;histoire du Kazakhstan, des nomades pr\u00e9historiques \u00e0 la vie urbaine contemporaine\u00a0; le Mus\u00e9e national des arts Kasteyev conserve des \u0153uvres de ma\u00eetres kazakhs aux c\u00f4t\u00e9s de peintures europ\u00e9ennes donn\u00e9es par Moscou et Leningrad\u00a0; et une s\u00e9rie de collections sp\u00e9cialis\u00e9es examinent les instruments de musique, l&#039;histoire militaire, les chemins de fer et des personnalit\u00e9s locales telles que le dramaturge Moukhtar Auezov ou le compositeur Nourgisa Tlendiev.<\/p>\n\n\n\n<p>Les espaces verts d\u00e9finissent une grande partie de l&#039;exp\u00e9rience urbaine. En \u00e9t\u00e9, des fontaines jaillissent le long des promenades pi\u00e9tonnes, leur r\u00e9seau d&#039;irrigation \u00e9tant aliment\u00e9 par le ruissellement des montagnes. Chaque printemps, la ville c\u00e9l\u00e8bre la \u00ab Journ\u00e9e des Fontaines \u00bb, o\u00f9 plus d&#039;une centaine de points d&#039;eau reprennent leur activit\u00e9 apr\u00e8s leur dormance hivernale. Les parcs urbains \u2013 le parc du Premier Pr\u00e9sident et ses collections dendrologiques, le parc Panfilov sous la cath\u00e9drale Zenkov \u2013 offrent des all\u00e9es ombrag\u00e9es et des monuments solennels. Aux abords de la ville, le parc national d&#039;Ile-Alatau s&#039;\u00e9tend sur des contreforts bois\u00e9s, offrant des sentiers qui montent vers des prairies alpines.<\/p>\n\n\n\n<p>Almaty est un haut lieu des sports d&#039;hiver. Medeu, la patinoire ext\u00e9rieure perch\u00e9e \u00e0 1\u00a0691 m\u00e8tres d&#039;altitude, a \u00e9t\u00e9 surnomm\u00e9e \u00ab\u00a0l&#039;usine \u00e0 records\u00a0\u00bb apr\u00e8s que les athl\u00e8tes ont \u00e9tabli plus d&#039;une centaine de records mondiaux dans l&#039;air rar\u00e9fi\u00e9 des montagnes sur sa glace m\u00e9ticuleusement entretenue. Plus haut encore, la station de ski de Shymbulak, \u00e0 2\u00a0200 m\u00e8tres d&#039;altitude, est ouverte de novembre \u00e0 mai et propose du ski nocturne sur les plus hautes pistes \u00e9clair\u00e9es du monde. Le Grand Lac d&#039;Almaty, \u00e0 2\u00a0511 m\u00e8tres d&#039;altitude, se trouve \u00e0 quinze kilom\u00e8tres de route\u00a0; sa surface turquoise refl\u00e8te les sommets de plus de quatre mille m\u00e8tres et constitue un r\u00e9servoir d&#039;eau potable essentiel.<\/p>\n\n\n\n<p>Le climat conna\u00eet des extr\u00eames importants. Les \u00e9t\u00e9s connaissent des temp\u00e9ratures maximales moyennes de 23,8 \u00b0C en juillet, tandis que les minimales de janvier atteignent en moyenne \u20134,7 \u00b0C. Les gel\u00e9es commencent g\u00e9n\u00e9ralement \u00e0 la mi-octobre et c\u00e8dent la place aux vents printaniers vers la mi-avril. Cependant, des chutes de neige peuvent persister jusqu&#039;en mai \u2013 jusqu&#039;au 17 juin en 1987 \u2013 et le centre-ville, prot\u00e9g\u00e9 par son \u00eelot de chaleur, retarde l&#039;apparition des gel\u00e9es d&#039;environ une semaine par rapport aux banlieues nord. Les pr\u00e9cipitations annuelles s&#039;\u00e9l\u00e8vent \u00e0 650-700 mm, dont plus d&#039;un tiers en avril et mai. Le vent souffle le plus souvent du sud-est, atteignant des vitesses sup\u00e9rieures \u00e0 15 m\/s une douzaine de jours par an.<\/p>\n\n\n\n<p>Les monuments constituent un aper\u00e7u des diff\u00e9rentes strates d&#039;Almaty. La cath\u00e9drale de l&#039;Ascension, avec sa fa\u00e7ade lumineuse aux teintes cr\u00e8me et sucre glace, a surv\u00e9cu aux premiers tremblements de terre et a pu reprendre ses services orthodoxes en 1997. \u00c0 proximit\u00e9 se dressent l&#039;\u00e9l\u00e9gante cath\u00e9drale Saint-Nicolas, la mosqu\u00e9e centrale avec son int\u00e9rieur en marbre et la cath\u00e9drale Sainte-Sophie, restaur\u00e9e dans l&#039;ancien domaine monastique. Un t\u00e9l\u00e9ph\u00e9rique relie la ville \u00e0 la colline de K\u00f6k T\u00f6be, o\u00f9 une f\u00eate foraine et des restaurants se dressent \u00e0 c\u00f4t\u00e9 d&#039;une tour de t\u00e9l\u00e9vision culminant \u00e0 371,5 m\u00e8tres \u2013 une structure en acier con\u00e7ue pour r\u00e9sister aux s\u00e9ismes et visible de nuit sous les projecteurs.<\/p>\n\n\n\n<p>Festivals et \u00e9v\u00e9nements rythment le calendrier. Nauryz Myrami, c\u00e9l\u00e9br\u00e9e autour du 21 mars, c\u00e9l\u00e8bre l&#039;\u00e9quinoxe de printemps avec des repas familiaux et des festivit\u00e9s de rue. Le marathon d&#039;Almaty et un festival du film ind\u00e9pendant ont lieu chaque ann\u00e9e en septembre. En hiver, la vall\u00e9e de Medeu a accueilli les Jeux asiatiques d&#039;hiver de 2011 et l&#039;Universiade d&#039;hiver de 2017\u00a0; la ville a \u00e9galement brigu\u00e9 l&#039;organisation des Jeux olympiques d&#039;hiver de 2022, soulignant ainsi son aptitude \u00e0 la comp\u00e9tition internationale. En mati\u00e8re de sant\u00e9 publique, la Conf\u00e9rence d&#039;Alma-Ata sur les soins de sant\u00e9 primaires de 1978 a fa\u00e7onn\u00e9 la politique mondiale en mati\u00e8re de m\u00e9decine communautaire.<\/p>\n\n\n\n<p>L&#039;\u00e9ducation, qui fait depuis longtemps partie int\u00e9grante de l&#039;identit\u00e9 de la ville, est centr\u00e9e sur l&#039;Universit\u00e9 nationale kazakhe Al-Farabi et des institutions telles que l&#039;Universit\u00e9 technique kazakhe-britannique, l&#039;Universit\u00e9 internationale des technologies de l&#039;information et l&#039;Universit\u00e9 Narxoz. Ces derni\u00e8res attirent des \u00e9tudiants de toute l&#039;Asie centrale.<\/p>\n\n\n\n<p>La culture d&#039;Almaty s&#039;\u00e9tend jusque dans son terroir. Des pommiers sauvages (Malus sieversii) poussent sur les contreforts environnants, anc\u00eatres g\u00e9n\u00e9tiques des vari\u00e9t\u00e9s modernes. Ce fruit indig\u00e8ne donne son nom \u00e0 la ville \u2013 alma signifiant pomme \u2013 et \u00e9voque un paysage o\u00f9 les bergers nomades faisaient autrefois pa\u00eetre leurs troupeaux sous des for\u00eats parsem\u00e9es de pommiers. Aujourd&#039;hui, la \u00ab capitale du Sud \u00bb m\u00eale h\u00e9ritage sovi\u00e9tique, finance mondiale et innovation \u00e9mergente, ses gratte-ciel jouxtant des parcs verdoyants et ses sentiers de montagne aux portes de la ville. En plus d&#039;un si\u00e8cle et demi, Almaty est devenue \u00e0 la fois un lien avec le pass\u00e9 du Kazakhstan et une plateforme pour son avenir en pleine \u00e9volution.<\/p>","protected":false},"excerpt":{"rendered":"<p>Almaty, la ville la plus peupl\u00e9e du Kazakhstan, compte plus de deux millions d&#039;habitants. Nich\u00e9e au pied des montagnes Trans-Ili Alatau, \u00e0 une altitude comprise entre 700 et 900 m\u00e8tres, cette ville a jou\u00e9 un r\u00f4le essentiel dans le d\u00e9veloppement du Kazakhstan, \u00e0 la fois comme ancienne capitale et comme p\u00f4le culturel et commercial majeur.<\/p>","protected":false},"author":1,"featured_media":4130,"parent":14923,"menu_order":0,"comment_status":"closed","ping_status":"closed","template":"elementor_theme","meta":{"_eb_attr":"","footnotes":""},"class_list":["post-14938","page","type-page","status-publish","has-post-thumbnail"],"_links":{"self":[{"href":"https:\/\/travelshelper.com\/fr\/wp-json\/wp\/v2\/pages\/14938","targetHints":{"allow":["GET"]}}],"collection":[{"href":"https:\/\/travelshelper.com\/fr\/wp-json\/wp\/v2\/pages"}],"about":[{"href":"https:\/\/travelshelper.com\/fr\/wp-json\/wp\/v2\/types\/page"}],"author":[{"embeddable":true,"href":"https:\/\/travelshelper.com\/fr\/wp-json\/wp\/v2\/users\/1"}],"replies":[{"embeddable":true,"href":"https:\/\/travelshelper.com\/fr\/wp-json\/wp\/v2\/comments?post=14938"}],"version-history":[{"count":0,"href":"https:\/\/travelshelper.com\/fr\/wp-json\/wp\/v2\/pages\/14938\/revisions"}],"up":[{"embeddable":true,"href":"https:\/\/travelshelper.com\/fr\/wp-json\/wp\/v2\/pages\/14923"}],"wp:featuredmedia":[{"embeddable":true,"href":"https:\/\/travelshelper.com\/fr\/wp-json\/wp\/v2\/media\/4130"}],"wp:attachment":[{"href":"https:\/\/travelshelper.com\/fr\/wp-json\/wp\/v2\/media?parent=14938"}],"curies":[{"name":"wp","href":"https:\/\/api.w.org\/{rel}","templated":true}]}}