{"id":14923,"date":"2024-09-20T12:26:13","date_gmt":"2024-09-20T12:26:13","guid":{"rendered":"https:\/\/travelshelper.com\/staging\/?page_id=14923"},"modified":"2026-03-11T18:20:22","modified_gmt":"2026-03-11T18:20:22","slug":"kazakhstan","status":"publish","type":"page","link":"https:\/\/travelshelper.com\/fr\/destinations\/asia\/kazakhstan\/","title":{"rendered":"Kazakhstan"},"content":{"rendered":"<p>Le Kazakhstan occupe une vaste \u00e9tendue de ciel ouvert et de relief changeant, une nation dont les contours dessinent \u00e0 la fois des voies anciennes et des ambitions modernes. Ses fronti\u00e8res croisent cinq voisins\u00a0: la Russie au nord et \u00e0 l\u2019ouest, la Chine \u00e0 l\u2019est, le Kirghizistan au sud-est, l\u2019Ouzb\u00e9kistan au sud et le Turkm\u00e9nistan au sud-ouest. Il partage une rive occidentale avec la mer Caspienne. Astana, sa capitale depuis 1997, se dresse au c\u0153ur des plaines du nord\u00a0; Almaty, sa plus grande ville, se dresse au pied du Trans-Ili Alatau. Ensemble, ces centres urbains encadrent un territoire qui s\u2019\u00e9tend des bas plateaux du littoral caspien aux monts Alta\u00ef, des plaines de Sib\u00e9rie occidentale aux bassins d\u00e9sertiques d\u2019Asie centrale.<\/p>\n\n\n\n<p>D&#039;une superficie de quelque 2,7 millions de kilom\u00e8tres carr\u00e9s \u2013 comparable \u00e0 celle de l&#039;Europe occidentale \u2013 le Kazakhstan se classe au neuvi\u00e8me rang mondial en termes de superficie et se distingue comme le plus grand pays sans littoral. Pr\u00e8s de la moiti\u00e9 de son territoire est constitu\u00e9 de plateaux vallonn\u00e9s et de plaines ouvertes\u00a0; un tiers suppl\u00e9mentaire est constitu\u00e9 de basses terres\u00a0; ses franges sud et est s&#039;\u00e9l\u00e8vent en cha\u00eenes de montagnes dont les sommets servent \u00e0 la fois de bassin versant et de refuge. La steppe kazakhe, \u00e0 elle seule, s&#039;\u00e9tend sur huit cent mille kilom\u00e8tres carr\u00e9s, la plus grande prairie s\u00e8che du monde. Ici, les herbes c\u00e8dent la place aux sables, aux gorges fluviales et aux canyons cach\u00e9s, parmi lesquels le canyon de Charyn, un gouffre de gr\u00e8s rouge dont les parois culminent \u00e0 trois cents m\u00e8tres et abritent une esp\u00e8ce de fr\u00eane relique isol\u00e9e depuis l&#039;\u00e8re glaciaire.<\/p>\n\n\n\n<p>La pr\u00e9sence humaine sur ce territoire remonte au Pal\u00e9olithique. Au fil des mill\u00e9naires, des tribus nomades iraniennes \u2013 Scythes, Sakas et autres \u2013 ont parcouru ses \u00e9tendues, laissant derri\u00e8re elles p\u00e9troglyphes et tumulus. Au VIe si\u00e8cle de notre \u00e8re, les peuples turcs sont arriv\u00e9s par l&#039;est. Au XIIIe si\u00e8cle, les hordes mongoles de Gengis Khan ont plac\u00e9 les steppes sous domination imp\u00e9riale. Avec la fragmentation de la Horde d&#039;Or au cours des si\u00e8cles suivants, les khans locaux ont consolid\u00e9 leur pouvoir et, au milieu du XVIe si\u00e8cle, ont form\u00e9 le khanat kazakh sur des terres correspondant globalement \u00e0 la r\u00e9publique actuelle. Les divisions tribales, ou j\u00fczes, ont persist\u00e9\u00a0; au XVIIIe si\u00e8cle, le khanat s&#039;est scind\u00e9 en trois j\u00fczes et a progressivement c\u00e9d\u00e9 \u00e0 l&#039;avanc\u00e9e de la Russie vers le sud. Au milieu du XIXe si\u00e8cle, chaque enclave nomade \u00e9tait tomb\u00e9e sous l&#039;autorit\u00e9 nominale de l&#039;Empire russe.<\/p>\n\n\n\n<p>Les bouleversements du d\u00e9but du XXe si\u00e8cle ont de nouveau transform\u00e9 la r\u00e9gion. Apr\u00e8s les r\u00e9volutions de 1917 et les conflits civils, le territoire est devenu la R\u00e9publique socialiste sovi\u00e9tique autonome kazakhe au sein de la Russie. En 1936, son statut a \u00e9t\u00e9 \u00e9lev\u00e9 \u00e0 celui de r\u00e9publique sovi\u00e9tique \u00e0 part enti\u00e8re. Au cours des d\u00e9cennies suivantes, les politiques sovi\u00e9tiques ont remodel\u00e9 le territoire et ses populations\u00a0: une s\u00e9dentarisation forc\u00e9e sous la collectivisation stalinienne, la campagne des Terres vierges des ann\u00e9es 1950 et 1960 qui a attir\u00e9 des millions de personnes \u2013 dont de nombreux Russes et des minorit\u00e9s d\u00e9port\u00e9es \u2013 vers les p\u00e2turages du nord, et l&#039;industrialisation rapide qui a suivi. \u00c0 l&#039;ind\u00e9pendance en d\u00e9cembre 1991, les Kazakhs constituaient moins de la moiti\u00e9 de la population\u00a0; les Russes, les Ukrainiens, les Allemands et d&#039;autres formaient une mosa\u00efque ethnique complexe.<\/p>\n\n\n\n<p>Aujourd&#039;hui, la population atteint pr\u00e8s de vingt millions d&#039;habitants, soit l&#039;une des plus faibles densit\u00e9s au monde, avec moins de six personnes au kilom\u00e8tre carr\u00e9. Les Kazakhs de souche repr\u00e9sentent environ soixante et onze pour cent, les Russes de souche quatorze et demi pour cent\u00a0; les Ouzbeks, les Ukrainiens, les Ou\u00efghours, les Allemands et d&#039;autres groupes constituent des groupes plus petits. Nomm\u00e9ment la\u00efque, la r\u00e9publique compte environ soixante-dix pour cent de ses citoyens comme musulmans, la plupart \u00e9tant de l&#039;\u00e9cole hanafite\u00a0; les chr\u00e9tiens orthodoxes repr\u00e9sentent environ dix-sept pour cent, avec de petites communaut\u00e9s d&#039;autres confessions et de citoyens non religieux. Le kazakh et le russe partagent un statut officiel, ce dernier restant la langue v\u00e9hiculaire du commerce, de l&#039;administration et des \u00e9changes interethniques.<\/p>\n\n\n\n<p>La richesse en ressources naturelles soutient l&#039;\u00e9conomie du Kazakhstan. Son Fonds national oriente les revenus p\u00e9troliers et gaziers vers le d\u00e9veloppement national\u00a0; les investissements \u00e9trangers ont d\u00e9pass\u00e9 les quarante milliards de dollars am\u00e9ricains depuis l&#039;ind\u00e9pendance, dont une grande partie est consacr\u00e9e \u00e0 l&#039;extraction p\u00e9troli\u00e8re et mini\u00e8re. Gr\u00e2ce \u00e0 ses r\u00e9serves prouv\u00e9es, le Kazakhstan figure parmi les premiers producteurs mondiaux de fer, d&#039;argent, de cuivre et d&#039;uranium\u00a0; il compte \u00e9galement parmi les principaux d\u00e9tenteurs de charbon, de chrome, de mangan\u00e8se et d&#039;or. La production de p\u00e9trole et de gaz repr\u00e9sente environ soixante pour cent de la production industrielle et quelque treize pour cent du PIB. La production de p\u00e9trole brut a atteint environ 1,54 million de barils par jour en 2009\u00a0; les gisements de gaz \u00e0 condensats tels que Tokarevskoye contribuent \u00e0 ce volume. Cependant, la capacit\u00e9 de raffinage nationale \u2013 trois raffineries \u00e0 Atyrau, Pavlodar et Shymkent \u2013 \u200b\u200best insuffisante, de sorte que d&#039;importants volumes de brut transitent vers les installations russes.<\/p>\n\n\n\n<p>Outre les combustibles, les gisements de phosphorite des bassins de Karatau et d&#039;Aqtobe totalisent plus d&#039;un milliard de tonnes\u00a0; l&#039;extraction d&#039;uranium et de diamants diversifie encore davantage les exportations. L&#039;Initiative pour la transparence des industries extractives a jug\u00e9 le Kazakhstan conforme en 2013, reconnaissant ses syst\u00e8mes de divulgation des revenus. Les exportations agricoles \u2013 principalement le bl\u00e9, le b\u00e9tail et les textiles \u2013 compl\u00e8tent l&#039;\u00e9nergie et les min\u00e9raux, bien que l&#039;agriculture occupe une part \u00e9conomique plus faible.<\/p>\n\n\n\n<p>Le climat du pays refl\u00e8te sa position continentale\u00a0: hivers longs et froids\u00a0; \u00e9t\u00e9s chauds et arides\u00a0; faibles pr\u00e9cipitations en dehors de br\u00e8ves pluies printani\u00e8res et automnales. Astana subit des temp\u00e9ratures hivernales avoisinant les \u201325\u00a0\u00b0C, ce qui en fait la deuxi\u00e8me capitale la plus froide du monde apr\u00e8s Oulan-Bator. L&#039;ass\u00e8chement de la mer d&#039;Aral au sud, autrefois l&#039;un des plus grands lacs int\u00e9rieurs de la plan\u00e8te, aujourd&#039;hui symbole d&#039;une mauvaise gestion de l&#039;irrigation, suscite des inqui\u00e9tudes \u00e9cologiques.<\/p>\n\n\n\n<p>Les efforts de conservation englobent dix parcs nationaux et dix r\u00e9serves naturelles, prot\u00e9geant les habitats de steppe, de montagne et de zones humides. La flore comprend des pommiers sauvages, des vignes et des tulipes dans les vall\u00e9es centrales\u00a0; la faune comprend des esp\u00e8ces allant de l&#039;argali et du lynx eurasien au l\u00e9opard des neiges dans les r\u00e9gions alpines. La r\u00e9introduction du cheval de Przewalski a permis \u00e0 cet \u00e9quid\u00e9 sauvage de retrouver la steppe apr\u00e8s pr\u00e8s de deux si\u00e8cles d&#039;absence.<\/p>\n\n\n\n<p>Administrativement, le Kazakhstan est divis\u00e9 en dix-sept r\u00e9gions et quatre villes de statut r\u00e9publicain\u00a0: Almaty, Astana, Chymkent et l\u2019enclave lou\u00e9e de Ba\u00efkonour, qui abrite le cosmodrome exploit\u00e9 par la Russie. Les r\u00e9gions se subdivisent en districts et en districts ruraux. Les localit\u00e9s urbaines ont divers rangs \u2013 d\u2019importance r\u00e9publicaine, r\u00e9gionale ou de district \u2013, chacun ayant une gouvernance d\u00e9finie.<\/p>\n\n\n\n<p>Les infrastructures de transport unissent le vaste territoire. Les chemins de fer transportent soixante-huit pour cent du fret et plus de la moiti\u00e9 du trafic de passagers\u00a0; la compagnie nationale, Kazakhstan Temir Zholy, exploite quelque quinze mille kilom\u00e8tres de voies ferr\u00e9es \u00e0 \u00e9cartement de 1\u00a0520 mm, dont pr\u00e8s d&#039;un tiers est \u00e9lectrifi\u00e9. Des services \u00e0 grande vitesse relient Almaty et la lointaine Petropavl sur deux mille kilom\u00e8tres en environ dix-huit heures. La gare d&#039;Astana Nurly Zhol, ouverte en 2017, illustre une conception moderne et une capacit\u00e9 quotidienne de trente-cinq mille passagers. Almaty abrite un m\u00e9tro de huit kilom\u00e8tres\u00a0; les projets d&#039;extension de la ligne attendent d&#039;\u00eatre financ\u00e9s. Le port sec de Khorgos Gateway, \u00e0 la fronti\u00e8re chinoise, g\u00e8re le fret transeurasien reliant l&#039;Europe et l&#039;Asie. Autoroutes et a\u00e9roports, notamment \u00e0 Astana et Almaty, compl\u00e8tent le r\u00e9seau, tandis qu&#039;Air Astana reste le seul transporteur kazakh \u00e0 respecter les normes de s\u00e9curit\u00e9 de l&#039;UE.<\/p>\n\n\n\n<p>Les indicateurs \u00e9conomiques refl\u00e8tent \u00e0 la fois les opportunit\u00e9s et la volatilit\u00e9. En 2018, le PIB a atteint 179 milliards de dollars, avec une croissance de 4,5 % ; la production par habitant a approch\u00e9 les 9\u00a0700 dollars. Les fluctuations des prix du p\u00e9trole ont pr\u00e9cipit\u00e9 des d\u00e9valuations mon\u00e9taires de 19 % en f\u00e9vrier 2014 et de 22 % en ao\u00fbt 2015. N\u00e9anmoins, le Kazakhstan a rembours\u00e9 la totalit\u00e9 de sa dette envers le FMI en 2010, soit sept ans plus t\u00f4t que pr\u00e9vu. Pendant la crise mondiale de 2008, des mesures de relance d&#039;un montant de quelque 21 milliards de dollars, soit 20 % du PIB, ont stabilis\u00e9 les banques, l&#039;immobilier, l&#039;agriculture et les PME. Les exc\u00e9dents budg\u00e9taires sont revenus en 2013, soutenus par des d\u00e9penses prudentes et un fonds de stabilisation des recettes p\u00e9troli\u00e8res.<\/p>\n\n\n\n<p>Les r\u00e9formes de march\u00e9 ont valu au Kazakhstan la reconnaissance d&#039;\u00e9conomie de march\u00e9 par les \u00c9tats-Unis en 2002 et une note de cr\u00e9dit de cat\u00e9gorie investissement la m\u00eame ann\u00e9e. La dette ext\u00e9rieure est rest\u00e9e modeste par rapport au PIB, passant de 8,7 % en 2008 \u00e0 19,2 % en 2019. Le pays poursuit son int\u00e9gration \u00e0 l&#039;OMC et \u00e0 l&#039;Eurasie, en rejoignant l&#039;Organisation mondiale du commerce en 2015 et en cofondant l&#039;Union \u00e9conomique eurasiatique et l&#039;Organisation de coop\u00e9ration de Shanghai.<\/p>\n\n\n\n<p>Le tourisme progresse lentement, confront\u00e9 \u00e0 de vastes distances et \u00e0 des d\u00e9fis en mati\u00e8re d&#039;infrastructures. En 2014, il repr\u00e9sentait 0,3 % du PIB, le gouvernement visant \u00e0 atteindre 3 % d&#039;ici 2020 gr\u00e2ce au d\u00e9veloppement de cinq p\u00f4les r\u00e9gionaux. Des r\u00e9gimes d&#039;exemption de visa pour plus de cinquante pays, des \u00c9tats voisins de la CEI \u00e0 l&#039;UE, aux \u00c9tats-Unis et au Japon, visent \u00e0 faciliter l&#039;acc\u00e8s. Les attractions vont de l&#039;arri\u00e8re-pays montagneux d&#039;Almaty aux rampes de lancement historiques de Ba\u00efkonour, des caravans\u00e9rails de la Route de la Soie aux horizons solitaires de la steppe. Le nombre de visiteurs a augment\u00e9, mais reste limit\u00e9 par les co\u00fbts, l&#039;\u00e9loignement et l&#039;in\u00e9galit\u00e9 des services.<\/p>\n\n\n\n<p>La culture na\u00eet de racines nomades et d&#039;h\u00e9ritages imp\u00e9riaux. Avant la conqu\u00eate russe, la soci\u00e9t\u00e9 kazakhe vivait de l&#039;\u00e9levage saisonnier, ses traditions orales c\u00e9l\u00e9brant les po\u00e8tes, les philosophes et les anciens des clans. L&#039;islam s&#039;est progressivement propag\u00e9 vers le sud \u00e0 partir du VIIIe si\u00e8cle, se consolidant sous les Samanides et la Horde d&#039;Or. L&#039;ath\u00e9isme sovi\u00e9tique a supprim\u00e9 la pratique religieuse, mais l&#039;ind\u00e9pendance a permis de relancer la construction de mosqu\u00e9es et d&#039;\u00e9glises \u2013 le nombre d&#039;associations enregistr\u00e9es ayant quadrupl\u00e9 depuis 1990.<\/p>\n\n\n\n<p>La langue incarne un double h\u00e9ritage\u00a0: le kazakh, langue turque kipchak, est la langue d\u2019\u00c9tat\u00a0; le russe, son \u00e9quivalent officiel. Alors que plus de 80\u00a0% des personnes interrog\u00e9es affirment ma\u00eetriser chacune de ces langues, l\u2019usage quotidien du kazakh parmi les Kazakhs ethniques atteint environ 63\u00a0%. Le bilinguisme fa\u00e7onne les m\u00e9dias, l\u2019\u00e9ducation et le commerce.<\/p>\n\n\n\n<p>La litt\u00e9rature et les \u00e9tudes universitaires retracent des figures marquantes\u00a0: Abay Qunanbayuli a fa\u00e7onn\u00e9 des formes po\u00e9tiques reliant la culture populaire et la haute culture\u00a0; Mukhtar Auezov a dramatis\u00e9 des \u00e9pop\u00e9es nationales\u00a0; Kanysh Satpayev a fond\u00e9 la g\u00e9ologie kazakhe. Les \u00e9crivains, cin\u00e9astes et artistes contemporains naviguent dans les courants mondiaux tout en pr\u00eatant attention \u00e0 l&#039;identit\u00e9 locale. Le studio d&#039;\u00c9tat d&#039;Almaty, Kazakhfilm, produit des \u0153uvres comme Harmony Lessons\u00a0; les festivals d&#039;Astana et d&#039;Almaty favorisent la collaboration internationale. Le r\u00e9alisateur hollywoodien Timur Bekmambetov, n\u00e9 au Kazakhstan, met en relation les talents kazakhs avec un public plus large.<\/p>\n\n\n\n<p>La cuisine refl\u00e8te des origines pastorales\u00a0: beshbarmak, un plat de viande bouillie et de nouilles\u00a0; pilaf enrichi d&#039;agneau et de carottes\u00a0; lait de jument ferment\u00e9 (koumys) accompagn\u00e9 d&#039;ayran et de shubat. Les rituels du th\u00e9 accompagnent les r\u00e9unions sociales, souvent servis avec des fruits secs et des noix.<\/p>\n\n\n\n<p>La pr\u00e9sence du Kazakhstan sur la liste du patrimoine mondial de l&#039;UNESCO englobe trois sites culturels\u00a0: le mausol\u00e9e de Khoja Ahmed Yasawi, les p\u00e9troglyphes de Tamgaly et les corridors de la Route de la Soie, ainsi que deux sites naturels\u00a0: la steppe de Saryarka et le Tien Shan occidental. Ces inscriptions confirment l&#039;importance g\u00e9ologique, historique et culturelle du pays.<\/p>\n\n\n\n<p>Politiquement, le Kazakhstan fonctionne comme une r\u00e9publique constitutionnelle unitaire. Le pr\u00e9sident Noursoultan Nazarba\u00efev a dirig\u00e9 la r\u00e9publique depuis son ind\u00e9pendance jusqu&#039;\u00e0 sa d\u00e9mission en 2019\u00a0; son mandat a \u00e9t\u00e9 marqu\u00e9 par une autorit\u00e9 centralis\u00e9e, des r\u00e9formes progressives et l&#039;\u00e9mergence d&#039;une classe politique. Ses successeurs ont maintenu la stabilit\u00e9, progressant progressivement vers le pluralisme. Les pressions int\u00e9rieures en faveur de la transparence et de la responsabilit\u00e9 persistent, parall\u00e8lement aux relations ext\u00e9rieures fa\u00e7onn\u00e9es par les liens \u00e9conomiques avec la Russie, la Chine et l&#039;Occident.<\/p>\n\n\n\n<p>Confront\u00e9e \u00e0 des mutations d\u00e9mographiques \u2013 des zones rurales aux zones urbaines, du Kazakhstan \u00e0 l&#039;\u00e8re post-sovi\u00e9tique \u2013, la nation trace sa voie entre tradition et innovation. Les projets de gouvernance num\u00e9rique, d&#039;\u00e9nergies renouvelables et de pr\u00e9servation culturelle s&#039;accompagnent de l&#039;expansion des champs p\u00e9troliers et des corridors ferroviaires. Que ce soit par le train \u00e0 grande vitesse reliant l&#039;Europe \u00e0 l&#039;Asie ou par le retour discret des coutumes nomades lors des festivals d&#039;\u00e9t\u00e9, le Kazakhstan g\u00e8re les tensions li\u00e9es \u00e0 l&#039;\u00e9chelle et \u00e0 la solitude.<\/p>\n\n\n\n<p>\u00c0 la fois vaste et peu peupl\u00e9e, la r\u00e9publique d\u00e9fie les descriptions simplistes. Ses paysages peuvent para\u00eetre indiff\u00e9rents et ouverts, mais r\u00e9v\u00e8lent des histoires complexes de migrations, de conqu\u00eates et d&#039;\u00e9changes. Les horizons urbains se dessinent selon des g\u00e9om\u00e9tries planifi\u00e9es, tandis que les villages s&#039;accrochent \u00e0 des motifs ancestraux. Sur l&#039;\u00e9tendue de son territoire, \u00e0 travers steppes, montagnes et zones industrielles, le Kazakhstan construit un r\u00e9cit de ressources, de r\u00e9silience et de renouveau \u2013 un r\u00e9cit encore en cours de d\u00e9veloppement, fa\u00e7onn\u00e9 par la hauteur de ses ambitions et la profondeur de sa m\u00e9moire ancestrale.<\/p>","protected":false},"excerpt":{"rendered":"<p>Le Kazakhstan, reconnu comme le neuvi\u00e8me plus grand pays du monde par sa superficie et le plus vaste pays enclav\u00e9, pr\u00e9sente une remarquable diversit\u00e9 de paysages et un riche patrimoine culturel, situ\u00e9 \u00e0 l&#039;intersection de l&#039;Asie centrale et de l&#039;Europe de l&#039;Est. Avec pr\u00e8s de 20 millions d&#039;habitants r\u00e9partis sur son vaste territoire, le Kazakhstan affiche l&#039;une des plus faibles densit\u00e9s de population au monde, avec une moyenne inf\u00e9rieure \u00e0 6 habitants au kilom\u00e8tre carr\u00e9. Les vastes steppes, les montagnes rocheuses et les vastes d\u00e9serts du pays, qui ont fa\u00e7onn\u00e9 son pass\u00e9 et influencent encore son d\u00e9veloppement actuel, se refl\u00e8tent dans cette composition d\u00e9mographique inhabituelle.<\/p>","protected":false},"author":1,"featured_media":3135,"parent":24063,"menu_order":0,"comment_status":"closed","ping_status":"closed","template":"elementor_theme","meta":{"_eb_attr":"","footnotes":""},"class_list":["post-14923","page","type-page","status-publish","has-post-thumbnail"],"_links":{"self":[{"href":"https:\/\/travelshelper.com\/fr\/wp-json\/wp\/v2\/pages\/14923","targetHints":{"allow":["GET"]}}],"collection":[{"href":"https:\/\/travelshelper.com\/fr\/wp-json\/wp\/v2\/pages"}],"about":[{"href":"https:\/\/travelshelper.com\/fr\/wp-json\/wp\/v2\/types\/page"}],"author":[{"embeddable":true,"href":"https:\/\/travelshelper.com\/fr\/wp-json\/wp\/v2\/users\/1"}],"replies":[{"embeddable":true,"href":"https:\/\/travelshelper.com\/fr\/wp-json\/wp\/v2\/comments?post=14923"}],"version-history":[{"count":0,"href":"https:\/\/travelshelper.com\/fr\/wp-json\/wp\/v2\/pages\/14923\/revisions"}],"up":[{"embeddable":true,"href":"https:\/\/travelshelper.com\/fr\/wp-json\/wp\/v2\/pages\/24063"}],"wp:featuredmedia":[{"embeddable":true,"href":"https:\/\/travelshelper.com\/fr\/wp-json\/wp\/v2\/media\/3135"}],"wp:attachment":[{"href":"https:\/\/travelshelper.com\/fr\/wp-json\/wp\/v2\/media?parent=14923"}],"curies":[{"name":"wp","href":"https:\/\/api.w.org\/{rel}","templated":true}]}}