{"id":14854,"date":"2024-09-20T11:08:01","date_gmt":"2024-09-20T11:08:01","guid":{"rendered":"https:\/\/travelshelper.com\/staging\/?page_id=14854"},"modified":"2026-03-11T18:23:44","modified_gmt":"2026-03-11T18:23:44","slug":"nozawa-onsen","status":"publish","type":"page","link":"https:\/\/travelshelper.com\/fr\/destinations\/asia\/japan\/nozawa-onsen\/","title":{"rendered":"Nozawa Onsen"},"content":{"rendered":"<p>Nozawaonsen, nich\u00e9 dans les montagnes du nord-est de la pr\u00e9fecture de Nagano, occupe pr\u00e8s de 58 kilom\u00e8tres carr\u00e9s de relief vari\u00e9. Au 1er avril 2019, le village comptait 3\u00a0653 habitants r\u00e9partis en 1\u00a0395 foyers, soit une densit\u00e9 de 63 habitants au kilom\u00e8tre carr\u00e9. Ces chiffres t\u00e9moignent du rythme de vie rythm\u00e9 ici, o\u00f9 les espaces r\u00e9serv\u00e9s aux for\u00eats, aux rizi\u00e8res en terrasses et aux ruelles sinueuses l&#039;emportent sur un d\u00e9veloppement urbain dense.<\/p>\n\n\n\n<p>Situ\u00e9 \u00e0 environ une heure de route de Nagano, Nozawaonsen s&#039;\u00e9tend entre les sommets du mont Kenashi culminant \u00e0 1\u00a0650 m\u00e8tres et les vall\u00e9es fluviales descendant jusqu&#039;\u00e0 environ 300 m\u00e8tres d&#039;altitude. Au sud, la cr\u00eate du Kenashi encadre l&#039;horizon, tandis que la rivi\u00e8re Chikuma, le plus long fleuve du Japon, d\u00e9coupe la fronti\u00e8re ouest. Au-del\u00e0 de ce cours d&#039;eau s&#039;\u00e9tend la ville d&#039;Iiyama, dont les contours urbains ne sont visibles que lorsque l&#039;air de la vall\u00e9e se d\u00e9gage. Au nord et \u00e0 l&#039;est, le village rejoint Sakae, une autre communaut\u00e9 fa\u00e7onn\u00e9e par des pentes abruptes et des neiges abondantes en hiver. \u00c0 l&#039;int\u00e9rieur de ces limites, des microclimats \u00e9mergent, temp\u00e9rant la chaleur estivale par des brises de l&#039;apr\u00e8s-midi et favorisant d&#039;importantes chutes de neige de d\u00e9cembre \u00e0 avril.<\/p>\n\n\n\n<p>Le climat de Nozawaonsen est continental humide (K\u00f6ppen Dfa), caract\u00e9ris\u00e9 par une humidit\u00e9 estivale et des hivers froids. Les temp\u00e9ratures annuelles moyennes oscillent autour de 10,4 \u00b0C, atteignant environ 23,3 \u00b0C en ao\u00fbt et descendant \u00e0 -1,6 \u00b0C en janvier. Les pr\u00e9cipitations annuelles avoisinent les 1\u00a0782 millim\u00e8tres, janvier \u00e9tant g\u00e9n\u00e9ralement le mois le plus humide et les chutes de neige formant le c\u00e9l\u00e8bre manteau blanc du village. Cette confluence d&#039;altitude et de pr\u00e9cipitations favorise la riziculture en fond de vall\u00e9e et la pr\u00e9sence de vastes for\u00eats de conif\u00e8res en altitude.<\/p>\n\n\n\n<p>Les traces d&#039;occupation humaine \u00e0 Nozawaonsen remontent \u00e0 son emplacement dans l&#039;ancienne province de Shinano. Des textes du milieu de la p\u00e9riode Kamakura font \u00e9tat d&#039;un village appel\u00e9 Yuyama, litt\u00e9ralement \u00ab\u00a0village de montagne aux sources chaudes\u00a0\u00bb, en r\u00e9f\u00e9rence aux bassins g\u00e9othermiques qui fa\u00e7onnent la vie locale. La l\u00e9gende attribue la d\u00e9couverte de ces sources au moine Gy\u014bki, au VIIIe si\u00e8cle, qui leur conf\u00e8re une douce aura de saintet\u00e9. En 1870, 24 auberges accueillaient pr\u00e8s de 25\u00a0000 visiteurs en qu\u00eate de bains curatifs, t\u00e9moignant de la r\u00e9putation de longue date de ces eaux min\u00e9rales.<\/p>\n\n\n\n<p>Sur le plan administratif, le village moderne a \u00e9volu\u00e9 au fil d&#039;une s\u00e9rie de fusions et de reclassements. En avril 1889, Toyosato a \u00e9t\u00e9 int\u00e9gr\u00e9 au nouveau syst\u00e8me municipal japonais. Trois ans plus tard, il s&#039;est uni \u00e0 Takano pour former Zuiho, mais une partie de ce village a \u00e9t\u00e9 rattach\u00e9e \u00e0 Iiyama en 1954. Le reste, r\u00e9organis\u00e9 le 1er avril 1955, a pris le nom de Nozawaonsen, liant ainsi son identit\u00e9 administrative aux sources chaudes qui fa\u00e7onnent la culture et l&#039;\u00e9conomie locales.<\/p>\n\n\n\n<p>L&#039;agriculture et le tourisme constituent les deux piliers de la vie \u00e0 Nozawaonsen. Des champs escarp\u00e9s s&#039;accrochent aux flancs des collines o\u00f9 le riz de montagne, les l\u00e9gumes et le soba prosp\u00e8rent gr\u00e2ce \u00e0 une gestion rigoureuse. Parall\u00e8lement, le tourisme saisonnier conna\u00eet un essor chaque hiver, gr\u00e2ce \u00e0 l&#039;une des plus anciennes stations de ski du Japon. Ouvert il y a plus de 70 ans, le domaine skiable s&#039;\u00e9tend sur 297 hectares et propose des pistes commen\u00e7ant \u00e0 1\u00a0650 m\u00e8tres d&#039;altitude et descendant \u00e0 travers des for\u00eats couvertes de poudreuse. Plus de cinquante kilom\u00e8tres de pistes dam\u00e9es s&#039;\u00e9tendent des pentes faciles pour d\u00e9butants aux pistes noires exigeantes. Vingt-trois t\u00e9l\u00e9si\u00e8ges et deux t\u00e9l\u00e9cabines transportent les skieurs vers les sommets, et la plus longue descente s&#039;\u00e9tend sur dix kilom\u00e8tres, offrant un aper\u00e7u des Alpes japonaises et, par temps clair, de la mer du Japon.<\/p>\n\n\n\n<p>Les pistes hors-piste attirent les skieurs exp\u00e9riment\u00e9s vers des pistes plus profondes, m\u00eame si le village recommande de faire appel \u00e0 un guide local. Un snowpark propose des tremplins, des rails et un pipe de 80 m\u00e8tres pour les snowboarders en qu\u00eate de sensations fortes. En ville, la Nozawa Onsen Arena, cr\u00e9\u00e9e en 1993, associe une patinoire \u00e0 un sauna et un solarium. Un centre de sant\u00e9 communautaire, anciennement appel\u00e9 Kurhaus, propose des bains de vapeur et des bains en plein air.<\/p>\n\n\n\n<p>L&#039;attrait principal du village reste son r\u00e9seau de sources chaudes. Trente sources min\u00e9rales individuelles alimentent treize bains publics ou ryokan\u00a0; chaque bassin offre des compositions min\u00e9rales, des temp\u00e9ratures et des rituels distincts. Des pubs gratuits \u2013 parmi lesquels O-yu, Matsuba No-yu, Taki No-yu et dix autres \u2013 c\u00f4toient des \u00e9tablissements payants comme Furusato Onsen et le Sparena, plus familial. Les visiteurs empruntent souvent d&#039;\u00e9troites ruelles pav\u00e9es pour tester plusieurs bains en une seule journ\u00e9e, appr\u00e9ciant la fa\u00e7on dont les eaux aux senteurs ferreuses ou sulfureuses de chaque bassin \u00e9voquent des sensations subtiles et des bienfaits r\u00e9put\u00e9s pour la sant\u00e9.<\/p>\n\n\n\n<p>Le patrimoine culturel s&#039;\u00e9panouit gr\u00e2ce aux dix-huit tr\u00e9sors class\u00e9s de Nozawaonsen. L&#039;un de ces tr\u00e9sors immat\u00e9riels, le Festival du Feu, est reconnu au niveau national comme Bien culturel populaire immat\u00e9riel important. Les dix-sept autres, dont un c\u00e8dre tricentenaire au sanctuaire du village, b\u00e9n\u00e9ficient de d\u00e9signations locales.<\/p>\n\n\n\n<p>La F\u00eate du Feu, c\u00e9l\u00e9br\u00e9e chaque ann\u00e9e le 15 janvier, est \u00e0 la fois un rite communautaire et un spectacle. Des hommes de quarante, quarante et un et quarante-deux ans \u2013 les \u00e2ges consid\u00e9r\u00e9s comme ayant le plus besoin de purification spirituelle \u2013 et ceux de vingt-cinq ans se rassemblent pour construire un sanctuaire en bois de trois \u00e9tages, appel\u00e9 shadan. Construit silencieusement et sans attaches m\u00e9talliques, le sanctuaire s&#039;\u00e9l\u00e8ve \u00e0 dix m\u00e8tres de haut et huit m\u00e8tres de large. Des totems, appel\u00e9s hatsuakarikago, pr\u00e9par\u00e9s par les familles dont les fils sont n\u00e9s l&#039;ann\u00e9e pr\u00e9c\u00e9dente, accompagnent le shadan\u00a0; ces totems mesurent neuf \u00e0 dix m\u00e8tres de haut et sont orn\u00e9s de carillons \u00e9oliens, de talismans en papier et d&#039;embl\u00e8mes familiaux.<\/p>\n\n\n\n<p>Le 13 janvier, des ma\u00eetres charpentiers guident les yakudoshi pour le transport d&#039;un tronc de h\u00eatre japonais de vingt m\u00e8tres de haut depuis la station de ski de Hikage. Le lendemain, le shadan prend forme sur la place du village. Le 15 janvier \u00e0 19 heures, un silex transmis de g\u00e9n\u00e9ration en g\u00e9n\u00e9ration allume la premi\u00e8re torche. Les participants chantent des chants traditionnels, versent du sak\u00e9 aux spectateurs et forment une procession aux flambeaux jusqu&#039;au site. L\u00e0, le sanctuaire est assi\u00e9g\u00e9 par des hommes brandissant des torches\u00a0; les jeunes villageois tentent d&#039;enflammer la base du sanctuaire, prot\u00e9g\u00e9s par les jeunes de vingt-cinq ans, tandis que des quadrag\u00e9naires montent au sommet, symbolisant la rencontre entre la jeunesse et l&#039;\u00e2ge m\u00fbr.<\/p>\n\n\n\n<p>Apr\u00e8s une heure et demie \u00e0 deux heures, le sanctuaire s&#039;effondre, la lueur du feu illuminant la nuit profonde de janvier. Les organisateurs assurent une s\u00e9curit\u00e9 stricte\u00a0: des accompagnateurs surveillent les jeunes de vingt-cinq ans, et ceux qui portent des charges lourdes s&#039;abstiennent de boire de l&#039;alcool. La fr\u00e9quentation est souvent maximale et les h\u00e9bergements affichent complet des mois \u00e0 l&#039;avance.<\/p>\n\n\n\n<p>Des statues de Dosojin \u2013 sculptures en bois repr\u00e9sentant une divinit\u00e9 masculine et une divinit\u00e9 f\u00e9minine \u2013 pars\u00e8ment le village. Peintes et plac\u00e9es aux portes, ces figures repr\u00e9sentent les humbles espoirs du mariage\u00a0: deux individus d&#039;apparence modeste qui ont trouv\u00e9 le bonheur dans l&#039;union. Elles renforcent les th\u00e8mes de la f\u00eate\u00a0: la communaut\u00e9, la fertilit\u00e9 et la protection.<\/p>\n\n\n\n<p>L&#039;accessibilit\u00e9 \u00e0 Nozawaonsen met l&#039;accent \u00e0 la fois sur l&#039;\u00e9loignement et la connectivit\u00e9. Bien qu&#039;aucune ligne ferroviaire ne traverse directement le village, cinq gares de la ligne Iiyama se trouvent \u00e0 moins d&#039;un kilom\u00e8tre de ses limites. Les gares de Togari-Nozawaonsen et de Kamisakai permettent aux voyageurs de se rapprocher du centre. Pour ceux qui arrivent en Shinkansen, la gare d&#039;Iiyama, sur la ligne Hokuriku Shinkansen, relie le village \u00e0 Tokyo en environ deux heures. Un bus g\u00e9r\u00e9 par le village suit les horaires du Shinkansen, assurant ainsi des correspondances fluides.<\/p>\n\n\n\n<p>Des sentiers de raquettes et de randonn\u00e9e sillonnent les montagnes environnantes d\u00e8s que l&#039;enneigement le permet. Les excursions de jour r\u00e9v\u00e8lent des cascades cach\u00e9es, des bosquets de c\u00e8dres et des panoramas \u00e9poustouflants qui soulignent l&#039;interaction entre la montagne et la vall\u00e9e. Dans le village, les ruelles \u00e9troites abritent une multitude d&#039;auberges traditionnelles, de restaurants sp\u00e9cialis\u00e9s dans le soba et le sak\u00e9 locaux, de boutiques de souvenirs et de vendeurs ambulants.<\/p>\n\n\n\n<p>Le charme de Nozawaonsen r\u00e9side dans son m\u00e9lange de pers\u00e9v\u00e9rance rustique et d&#039;hospitalit\u00e9 raffin\u00e9e. Champs, for\u00eats et sources c\u00f4toient des remont\u00e9es m\u00e9caniques modernes et des visiteurs internationaux. Le calme hivernal laisse place aux festivals aux lanternes, et la verdure estivale adoucit les pentes abruptes. Ici, le lent ruissellement des eaux min\u00e9rales et le mart\u00e8lement des skis sur la neige cro\u00fbt\u00e9e rythment la vie, fa\u00e7onn\u00e9e par les saisons, les traditions et le confort durable de la chaleur g\u00e9othermique.<\/p>","protected":false},"excerpt":{"rendered":"<p>Nozawaonsen est une ville pittoresque situ\u00e9e dans la r\u00e9gion vallonn\u00e9e de la pr\u00e9fecture de Nagano, au Japon. Au 1er avril 2019, elle comptait environ 3\u00a0653 habitants r\u00e9partis en 1\u00a0395 familles. Avec une densit\u00e9 de population de 63 habitants par kilom\u00e8tre carr\u00e9, cette charmante localit\u00e9 s&#039;\u00e9tend sur 57,96 kilom\u00e8tres carr\u00e9s (22,38 miles carr\u00e9s), offrant une \u00e9vasion paisible loin de l&#039;effervescence des zones urbaines japonaises. Situ\u00e9e au nord de la pr\u00e9fecture de Nagano, Nozawaonsen illustre le charme durable des paysages ruraux du Japon et son riche h\u00e9ritage culturel.<\/p>","protected":false},"author":1,"featured_media":3842,"parent":14797,"menu_order":0,"comment_status":"closed","ping_status":"closed","template":"elementor_theme","meta":{"_eb_attr":"","footnotes":""},"class_list":["post-14854","page","type-page","status-publish","has-post-thumbnail"],"_links":{"self":[{"href":"https:\/\/travelshelper.com\/fr\/wp-json\/wp\/v2\/pages\/14854","targetHints":{"allow":["GET"]}}],"collection":[{"href":"https:\/\/travelshelper.com\/fr\/wp-json\/wp\/v2\/pages"}],"about":[{"href":"https:\/\/travelshelper.com\/fr\/wp-json\/wp\/v2\/types\/page"}],"author":[{"embeddable":true,"href":"https:\/\/travelshelper.com\/fr\/wp-json\/wp\/v2\/users\/1"}],"replies":[{"embeddable":true,"href":"https:\/\/travelshelper.com\/fr\/wp-json\/wp\/v2\/comments?post=14854"}],"version-history":[{"count":0,"href":"https:\/\/travelshelper.com\/fr\/wp-json\/wp\/v2\/pages\/14854\/revisions"}],"up":[{"embeddable":true,"href":"https:\/\/travelshelper.com\/fr\/wp-json\/wp\/v2\/pages\/14797"}],"wp:featuredmedia":[{"embeddable":true,"href":"https:\/\/travelshelper.com\/fr\/wp-json\/wp\/v2\/media\/3842"}],"wp:attachment":[{"href":"https:\/\/travelshelper.com\/fr\/wp-json\/wp\/v2\/media?parent=14854"}],"curies":[{"name":"wp","href":"https:\/\/api.w.org\/{rel}","templated":true}]}}