{"id":14785,"date":"2024-09-20T09:34:11","date_gmt":"2024-09-20T09:34:11","guid":{"rendered":"https:\/\/travelshelper.com\/staging\/?page_id=14785"},"modified":"2026-03-11T18:16:36","modified_gmt":"2026-03-11T18:16:36","slug":"kirghizistan","status":"publish","type":"page","link":"https:\/\/travelshelper.com\/fr\/destinations\/asia\/kyrgyzstan\/","title":{"rendered":"Kirghizistan"},"content":{"rendered":"<p>Le Kirghizistan, officiellement la R\u00e9publique kirghize, occupe une partie accident\u00e9e de l&#039;Asie centrale, son territoire \u00e9tant d\u00e9limit\u00e9 par les hautes cr\u00eates des cha\u00eenes du Tian Shan et du Pamir. Entour\u00e9e par le Kazakhstan au nord, l&#039;Ouzb\u00e9kistan \u00e0 l&#039;ouest, le Tadjikistan au sud et la Chine \u00e0 l&#039;est, la r\u00e9publique s&#039;\u00e9tend entre 39\u00b0 et 44\u00b0 de latitude nord et 69\u00b0 et 81\u00b0 de longitude est. Bichkek, son centre administratif, se dresse sur les contreforts nord, tandis qu&#039;Och, sa deuxi\u00e8me ville et l&#039;une des plus anciennes agglom\u00e9rations urbaines de la r\u00e9gion, se situe pr\u00e8s des bras fertiles de la vall\u00e9e de Ferghana. L&#039;\u00c9tat compte un peu plus de sept millions d&#039;habitants, principalement d&#039;origine kirghize, aux c\u00f4t\u00e9s d&#039;importantes communaut\u00e9s ouzb\u00e8kes et russes. Cet article examine les contours physiques du Kirghizistan, son pass\u00e9 complexe et les forces sociales et \u00e9conomiques qui fa\u00e7onnent son pr\u00e9sent.<\/p>\n\n\n\n<p>La pr\u00e9sence humaine au Kirghizistan actuel remonte \u00e0 des tribus nomades qui parcouraient les steppes bien avant les chroniques \u00e9crites. Les Kirghizes du Ienisse\u00ef \u00e9tablirent un khaganat au d\u00e9but du Moyen \u00c2ge, avant d&#039;\u00eatre englob\u00e9s par les conf\u00e9d\u00e9rations turques successives. Au XIIIe si\u00e8cle, l&#039;Empire mongol incorpora la r\u00e9gion\u00a0; la domination autochtone r\u00e9apparut par intermittence sous les \u00c9tats successeurs mongols, puis sous le khanat dzoungar. Apr\u00e8s la chute des Dzoungars, les Kirghizes et les groupes kiptchaks apparent\u00e9s firent partie du khanat de Kokand jusqu&#039;en 1876, date \u00e0 laquelle la Russie tsariste annexa le territoire. Au cours des six d\u00e9cennies suivantes, les colons slaves transform\u00e8rent les p\u00e2turages de basse altitude en terres cultiv\u00e9es, tandis que des soul\u00e8vements locaux contre la conscription imp\u00e9riale \u00e9clat\u00e8rent occasionnellement.<\/p>\n\n\n\n<p>Sous l&#039;administration sovi\u00e9tique, l&#039;oblast autonome de Kara-Kirghizistan prit forme au sein de la R\u00e9publique sovi\u00e9tique de Russie, rebaptis\u00e9 R\u00e9publique socialiste sovi\u00e9tique autonome de Kirghizie en 1926, puis \u00e9lev\u00e9 au rang de r\u00e9publique f\u00e9d\u00e9r\u00e9e en 1936. Frounze, anciennement Pichpek, devint la capitale, et la russification, l&#039;industrialisation et la collectivisation remodel\u00e8rent la soci\u00e9t\u00e9. La langue kirghize adopta l&#039;\u00e9criture latine, puis cyrillique, l&#039;\u00e9cole obligatoire favorisa l&#039;alphab\u00e9tisation, et l&#039;\u00e9pop\u00e9e de Manas prit forme \u00e9crite. La p\u00e9riode sovi\u00e9tique apporta \u00e9galement l&#039;arriv\u00e9e de minorit\u00e9s d\u00e9port\u00e9es \u2013 Allemands, Tch\u00e9tch\u00e8nes, Polonais \u2013 qui contribu\u00e8rent \u00e0 la diversit\u00e9 de la r\u00e9gion.<\/p>\n\n\n\n<p>En 1990, alors que les r\u00e9formes de Mikha\u00efl Gorbatchev rel\u00e2chaient l&#039;emprise de Moscou, le sentiment ind\u00e9pendantiste conduisit \u00e0 l&#039;\u00e9lection d&#039;Askar Aka\u00efev \u00e0 la pr\u00e9sidence. Le 31 ao\u00fbt 1991, le Kirghizistan d\u00e9clara sa souverainet\u00e9 sur l&#039;Union sovi\u00e9tique. La r\u00e9publique modifia sa constitution, modifia ses orthographes anglaise et russe pour correspondre \u00e0 l&#039;endonyme kirghize et r\u00e9tablit le nom indig\u00e8ne de la capitale, Bichkek.<\/p>\n\n\n\n<p>\u00c0 l&#039;ind\u00e9pendance, le Kirghizistan a adopt\u00e9 un mod\u00e8le pr\u00e9sidentiel fort. Le m\u00e9contentement suscit\u00e9 par le r\u00e9gime de plus en plus autoritaire d&#039;Akayev a d\u00e9clench\u00e9 la \u00ab\u00a0R\u00e9volution des Tulipes\u00a0\u00bb de 2005, qui a install\u00e9 Kourmanbek Bakiev au pouvoir. L&#039;administration de Bakiev a \u00e9galement \u00e9t\u00e9 confront\u00e9e \u00e0 des conflits constitutionnels et \u00e0 des all\u00e9gations de malversations \u00e9lectorales. En 2010, des troubles populaires ont entra\u00een\u00e9 une nouvelle transition et un syst\u00e8me hybride parlementaire-pr\u00e9sidentiel a \u00e9merg\u00e9. Au cours de la d\u00e9cennie suivante, l&#039;\u00e9volution des rapports de force entre les organes ex\u00e9cutif et l\u00e9gislatif a donn\u00e9 naissance \u00e0 un syst\u00e8me semi-pr\u00e9sidentiel jusqu&#039;\u00e0 ce que les r\u00e9formes de 2021 r\u00e9tablissent un r\u00f4le pr\u00e9sidentiel dominant. Tout au long de cette p\u00e9riode, des tensions ethniques, notamment entre les communaut\u00e9s kirghize et ouzb\u00e8ke, ont \u00e9clat\u00e9 dans les provinces du sud, tandis que les difficult\u00e9s \u00e9conomiques et les \u00e9lections contest\u00e9es ont provoqu\u00e9 des manifestations p\u00e9riodiques.<\/p>\n\n\n\n<p>Environ 80 % du Kirghizistan se situe \u00e0 plus de 1\u00a0500 m\u00e8tres d&#039;altitude. Les sommets d\u00e9passent souvent les 7\u00a0000 m\u00e8tres\u00a0; le Jengish Chokusu (anciennement le pic Pobeda) culmine \u00e0 7\u00a0439 m\u00e8tres \u00e0 la fronti\u00e8re chinoise, marquant le sommet le plus septentrional du monde au-dessus de 7\u00a0000 m\u00e8tres. Les vall\u00e9es, notamment celles des rivi\u00e8res Naryn et Kara-Daria, serpentant entre les cr\u00eates, alimentent le Syr-Daria, qui atteignait autrefois la mer d&#039;Aral avant que ses eaux ne soient d\u00e9tourn\u00e9es pour la culture irrigu\u00e9e du coton dans les \u00c9tats en aval. La rivi\u00e8re Chu traverse le nord avant de poursuivre sa route vers le Kazakhstan. Les fortes chutes de neige hivernales provoquent des crues printani\u00e8res qui remod\u00e8lent les berges et menacent les habitations en aval, tandis que le ruissellement alimente de nombreuses centrales hydro\u00e9lectriques.<\/p>\n\n\n\n<p>L&#039;Issyk-Kul, un lac sal\u00e9 situ\u00e9 \u00e0 1\u00a0607 m\u00e8tres d&#039;altitude dans le secteur nord-est du Tian Shan, est le deuxi\u00e8me plus grand lac alpin du monde, apr\u00e8s le lac Titicaca. Son nom, qui signifie \u00ab\u00a0lac chaud\u00a0\u00bb en kirghize, refl\u00e8te l&#039;absence de glace en hiver malgr\u00e9 des temp\u00e9ratures glaciales. Les terres cultiv\u00e9es repr\u00e9sentent moins de 8\u00a0% de la superficie totale\u00a0; les terres arables se concentrent dans les plaines du nord et aux abords du bassin de Ferghana. Les pentes bois\u00e9es et les peuplements de conif\u00e8res c\u00e8dent la place aux prairies alpines, aux contreforts semi-d\u00e9sertiques et au d\u00e9sert \u00e0 plus basse altitude, abritant sept \u00e9cosyst\u00e8mes terrestres distincts. En 2019, une enqu\u00eate mondiale classait le Kirghizistan au treizi\u00e8me rang pour l&#039;int\u00e9grit\u00e9 des paysages forestiers.<\/p>\n\n\n\n<p>Les influences continentales dominent, mais l&#039;altitude cr\u00e9e des contrastes r\u00e9gionaux. La vall\u00e9e de Ferghana conna\u00eet une chaleur subtropicale, avec des temp\u00e9ratures estivales maximales avoisinant les 40 \u00b0C et des hivers doux. Les contreforts nord b\u00e9n\u00e9ficient d&#039;un climat temp\u00e9r\u00e9. En altitude, les conditions varient de continentales s\u00e8ches \u00e0 polaires\u00a0; la neige persiste une grande partie de l&#039;ann\u00e9e au-dessus de 3\u00a0000\u00a0m\u00e8tres. Les hivers peuvent conna\u00eetre des temp\u00e9ratures inf\u00e9rieures \u00e0 \u201320 \u00b0C dans les zones expos\u00e9es, ce qui entra\u00eene d&#039;importantes chutes de neige, m\u00eame dans certains bassins de basse altitude, pendant des p\u00e9riodes de plus d&#039;un mois. En plaine, les temp\u00e9ratures moyennes avoisinent les \u20136 \u00b0C en janvier, tandis que juillet atteint une moyenne de 24 \u00b0C.<\/p>\n\n\n\n<p>Le Kirghizistan est divis\u00e9 en sept r\u00e9gions (oblustar) et deux villes d&#039;importance nationale \u2013 Bichkek et Och \u2013 qui \u00e9chappent \u00e0 la juridiction r\u00e9gionale. Les r\u00e9gions se subdivisent en quarante-quatre districts (aymaqtar), chacun supervis\u00e9 par un gouverneur (akim) nomm\u00e9 par le pr\u00e9sident via les autorit\u00e9s r\u00e9gionales. Les districts sont eux-m\u00eames subdivis\u00e9s en municipalit\u00e9s rurales (ayyl \u00f6km\u00f6t\u00fc), qui englobent les villages sans statut municipal distinct. Les r\u00e9gions sont\u00a0: Batken, Ch\u00fcy, Jalal-Abad, Naryn, Och, Talas et Issyk-Kul. Chaque r\u00e9gion pr\u00e9sente des paysages et des profils \u00e9conomiques distincts, de l&#039;isolement montagneux de Naryn aux \u00e9tendues agraires de Ch\u00fcy.<\/p>\n\n\n\n<p>Le Kirghizistan se classe au 117e rang selon l&#039;indice de d\u00e9veloppement humain et, apr\u00e8s le Tadjikistan, au deuxi\u00e8me rang des pays les plus pauvres d&#039;Asie centrale. Son \u00e9conomie en transition repose largement sur les exportations de min\u00e9raux \u2013 en particulier l&#039;or, le charbon et l&#039;uranium \u2013 et sur les transferts de fonds d&#039;environ 800\u00a0000 Kirghizes travaillant \u00e0 l&#039;\u00e9tranger, principalement en Russie. La Banque nationale de la R\u00e9publique kirghize g\u00e8re l&#039;\u00e9mission de la monnaie \u2013 le som kirghize (KGS) \u2013 et aligne la politique mon\u00e9taire sur les r\u00e9formes budg\u00e9taires. Apr\u00e8s l&#039;effondrement de l&#039;Union sovi\u00e9tique, les march\u00e9s d&#039;exportation se sont \u00e9vapor\u00e9s, imposant des ajustements douloureux\u00a0: cessation des subventions aux prix, introduction d&#039;une taxe sur la valeur ajout\u00e9e et r\u00e9duction des d\u00e9penses publiques. L&#039;adh\u00e9sion \u00e0 l&#039;Organisation mondiale du commerce, le 20 d\u00e9cembre 1998, a marqu\u00e9 un engagement en faveur de la lib\u00e9ralisation.<\/p>\n\n\n\n<p>En 2002, l&#039;agriculture a contribu\u00e9 \u00e0 plus de 35 % du PIB et employait environ la moiti\u00e9 de la population active. L&#039;\u00e9levage domine, avec des moutons, des bovins et des chevaux \u00e9lev\u00e9s en alpage, produisant de la laine, de la viande et des produits laitiers. Les cultures se concentrent sur le bl\u00e9, la betterave sucri\u00e8re, la pomme de terre, le coton et le tabac, bien que les co\u00fbts \u00e9lev\u00e9s d&#039;importation des produits agrochimiques et du carburant limitent la m\u00e9canisation, obligeant de nombreux petits exploitants \u00e0 employer des chevaux et de la main-d&#039;\u0153uvre. La transformation des produits agricoles, notamment les produits laitiers, la viande et le coton, offre des opportunit\u00e9s d&#039;investissement.<\/p>\n\n\n\n<p>La richesse min\u00e9rale soutient la m\u00e9tallurgie\u00a0: l\u2019extraction d\u2019or \u00e0 la mine de Kumtor a attir\u00e9 des partenaires \u00e9trangers, malgr\u00e9 les pr\u00e9occupations environnementales. Le d\u00e9veloppement hydro\u00e9lectrique exploite les eaux de ruissellement des montagnes, avec le potentiel d\u2019accro\u00eetre l\u2019\u00e9lectricit\u00e9 exportable. Les r\u00e9serves de p\u00e9trole et de gaz naturel s\u2019av\u00e8rent n\u00e9gligeables, ce qui incite \u00e0 importer pour satisfaire les besoins nationaux.<\/p>\n\n\n\n<p>Fran\u00e7ais En ao\u00fbt 2020, la population s&#039;\u00e9levait \u00e0 environ 6,59 millions, dont 34,4 % avaient moins de 15 ans et 6,2 % plus de 65 ans ; les citadins repr\u00e9sentent environ un tiers du total, ce qui donne une densit\u00e9 moyenne de 25 personnes par kilom\u00e8tre carr\u00e9. Les Kirghizes ethniques constituent 77,8 % ; les Ouzbeks 14,2 %, principalement dans le sud ; les Russes repr\u00e9sentent 3,8 %, concentr\u00e9s autour de Bichkek et de Tch\u00fcy. Des groupes plus petits comprennent les Dungans, les Tadjiks, les Ou\u00efghours, les Kazakhs et d&#039;autres, totalisant plus de 80 communaut\u00e9s distinctes. Depuis l&#039;ind\u00e9pendance, la proportion de Kirghizes ethniques est pass\u00e9e d&#039;environ 50 % en 1979 \u00e0 plus de 70 % en 2013, avec l&#039;\u00e9migration de nombreux Russes, Ukrainiens et Allemands.<\/p>\n\n\n\n<p>Les Kirghizes pratiquaient traditionnellement l&#039;\u00e9levage saisonnier, d\u00e9pla\u00e7ant le b\u00e9tail vers les p\u00e2turages d&#039;altitude (jailoo) en \u00e9t\u00e9, r\u00e9sidant dans des tentes rondes portables appel\u00e9es yourtes. Les Ouzbeks et les Tadjiks, en revanche, pratiquaient l&#039;agriculture irrigu\u00e9e dans la plaine de Ferghana. Si l&#039;exode rural s&#039;est intensifi\u00e9, ces tendances persistent dans les zones rurales. Dans l&#039;Indice mondial de la faim 2024, le Kirghizistan se classait 36e sur 127 pays, avec un score de 6,8, class\u00e9 comme faible en termes de faim.<\/p>\n\n\n\n<p>Le kirghize, une langue turque issue du kipchak, est la langue officielle\u00a0; le russe est co-officiel depuis 2000. Le kirghize utilise l&#039;alphabet cyrillique introduit en 1941. Une r\u00e9forme bas\u00e9e sur le latin, calqu\u00e9e sur le changement du Kazakhstan voisin, fait toujours l&#039;objet de d\u00e9bats\u00a0; en avril\u00a02023, la Russie a suspendu ses exportations de produits laitiers apr\u00e8s que le pr\u00e9sident de la commission linguistique a propos\u00e9 une transition vers le latin. Les m\u00e9dias nationaux de radiodiffusion et de presse \u00e9crite fonctionnent dans les deux langues, bien que les m\u00e9dias russes, soutenus par Moscou, conservent une forte audience, en particulier dans les districts urbains et du nord. \u00c0 Bichkek, les donn\u00e9es d&#039;une enqu\u00eate de 2020 indiquaient que 55,6\u00a0% des m\u00e9nages parlaient russe \u00e0 la maison, 43,6\u00a0% kirghize\u00a0; \u00e0 l&#039;\u00e9chelle nationale, 70,9\u00a0% utilisaient le kirghize \u00e0 l&#039;int\u00e9rieur du pays. Les affaires commerciales et officielles se d\u00e9roulent fr\u00e9quemment en russe, bien que les sessions parlementaires se d\u00e9roulent d\u00e9sormais par d\u00e9faut en kirghize avec interpr\u00e9tation simultan\u00e9e.<\/p>\n\n\n\n<p>L&#039;islam pr\u00e9domine : le World Factbook de la CIA estimait en 2017 que 90 % des citoyens s&#039;identifiaient comme musulmans, principalement non confessionnels ou sunnites de l&#039;\u00e9cole hanafite, bien que des enqu\u00eates d&#039;auto-identification men\u00e9es en 2012 aient r\u00e9v\u00e9l\u00e9 que 64 % se d\u00e9claraient simplement \u00ab musulmans \u00bb, contre seulement 23 % sp\u00e9cifiant sunnites. \u00c0 l&#039;\u00e9poque sovi\u00e9tique, l&#039;ath\u00e9isme dominait officiellement ; depuis l&#039;ind\u00e9pendance, la pratique religieuse et la construction de mosqu\u00e9es ont augment\u00e9, accompagn\u00e9es d&#039;appels \u00e0 restaurer les valeurs spirituelles. Un rapport Pew de 2009 a enregistr\u00e9 une adh\u00e9sion \u00e0 l&#039;islam de 86,3 %. De petites minorit\u00e9s chr\u00e9tiennes \u2013 principalement orthodoxes russes, orthodoxes ukrainiennes, luth\u00e9riennes, anabaptistes et catholiques romaines \u2013 repr\u00e9sentent environ 7 %. Les T\u00e9moins de J\u00e9hovah comptent entre 5\u00a0000 et 10\u00a0000 fid\u00e8les. Une poign\u00e9e de Juifs, principalement boukhariens et ashk\u00e9nazes, subsistent. Les traditions populaires et soufies persistent aux c\u00f4t\u00e9s des coutumes d\u00e9riv\u00e9es du bouddhisme, comme l&#039;attache de drapeaux de pri\u00e8re aux arbres sacr\u00e9s.<\/p>\n\n\n\n<p>La topographie alpine confine les routes \u00e0 des vall\u00e9es \u00e9troites et \u00e0 des cols \u00e9lev\u00e9s \u2013 souvent au-dessus de 3\u00a0000 m\u00e8tres \u2013 expos\u00e9s aux avalanches et aux glissements de terrain. Une autoroute nord-sud moderne reliant Bichkek et Och, achev\u00e9e avec le soutien de la Banque asiatique de d\u00e9veloppement, a am\u00e9lior\u00e9 l&#039;acc\u00e8s entre les vall\u00e9es de Tchou\u00ef et de Ferghana. Un embranchement vers l&#039;est, en direction de la Chine, est pr\u00e9vu. La longueur totale de la route est d&#039;environ 34\u00a0000 km, dont 22\u00a0600 km sont goudronn\u00e9s\u00a0; les segments non goudronn\u00e9s, soit 7\u00a0700 km, deviennent dangereux par temps humide.<\/p>\n\n\n\n<p>L&#039;infrastructure ferroviaire, construite sans tenir compte des fronti\u00e8res ult\u00e9rieures, comprend aujourd&#039;hui quelque 370 km de voies \u00e0 \u00e9cartement large, utilis\u00e9es avec parcimonie en raison de la rupture des liaisons avec l&#039;Ouzb\u00e9kistan et le Kazakhstan. En 2022, les travaux ont d\u00e9but\u00e9 sur une extension de 186 km de Balykchy \u00e0 Karakeche pour le transport du charbon\u00a0; en juin 2023, une ligne Balykchy\u2013Bichkek a \u00e9t\u00e9 ouverte. La construction d&#039;une ligne ferroviaire Chine\u2013Kirghizistan\u2013Ouzb\u00e9kistan, dans le cadre de l&#039;initiative \u00ab\u00a0la Ceinture et la Route\u00a0\u00bb, devrait d\u00e9buter en juillet 2025, s&#039;\u00e9tendant sur 523 km \u00e0 travers les trois \u00c9tats.<\/p>\n\n\n\n<p>Le trafic a\u00e9rien est concentr\u00e9 \u00e0 l&#039;a\u00e9roport international de Manas, pr\u00e8s de Bichkek, avec des liaisons vers Moscou, Almaty, Istanbul et Duba\u00ef. L&#039;a\u00e9roport d&#039;Och propose un service quotidien vers la capitale et des vols vers les principales villes de Russie et d&#039;Asie centrale. Jalal-Abad assure des liaisons vers Bichkek et des vols saisonniers vers Issyk-Kul. De nombreux a\u00e9rodromes de l&#039;\u00e9poque sovi\u00e9tique restent inactifs ou r\u00e9serv\u00e9s \u00e0 un usage militaire. Les compagnies a\u00e9riennes kirghizes figurent sur la liste des compagnies interdites de l&#039;Union europ\u00e9enne pour des raisons de s\u00e9curit\u00e9.<\/p>\n\n\n\n<p>Paysages de montagne, lacs alpins et sites du patrimoine culturel d\u00e9finissent l&#039;attrait du Kirghizistan. La rive nord de l&#039;Issyk-Kul abrite les stations baln\u00e9aires de Cholpon-Ata, Kara-Oi et Bosteri\u00a0; le nombre annuel de visiteurs a culmin\u00e9 \u00e0 plus d&#039;un million en 2006-2007, avant que l&#039;instabilit\u00e9 r\u00e9gionale ne r\u00e9duise le nombre de visiteurs. La vall\u00e9e de l&#039;Alay et le lac Son-Kul attirent \u00e9leveurs et randonneurs pendant le nomadisme estival. La r\u00e9serve naturelle de Sary-Chelek offre des randonn\u00e9es au milieu de lacs glaciaires et de for\u00eats mixtes. Le caravans\u00e9rail en pierre de Tash Rabat, datant du XVe si\u00e8cle, se dresse le long des anciennes routes de la soie. La tour Burana, un minaret du Xe si\u00e8cle pr\u00e8s de Tokmok, rappelle la capitale Balasagun. Le parc national d&#039;Ala Archa, \u00e0 une demi-heure de Bichkek, pr\u00e9sente des sommets de plus de 4\u00a0000 m\u00e8tres et des sentiers balis\u00e9s.<\/p>\n\n\n\n<p>Les citadins explorent les places, les mus\u00e9es et le bazar de Bichkek datant de l&#039;\u00e9poque sovi\u00e9tique\u00a0; le vaste march\u00e9 en plein air d&#039;Och est ouvert tous les jours pr\u00e8s de Sulaiman-Too, seul site du pays class\u00e9 au patrimoine mondial de l&#039;UNESCO. Des villages ruraux comme Arslanbob, connu pour ses for\u00eats de noyers et son p\u00e8lerinage islamique, ou Kochkor, porte d&#039;entr\u00e9e des randonn\u00e9es du Song-Kul, mettent en valeur l&#039;artisanat local et les modes de vie pastoraux. Les voyageurs peuvent s\u00e9journer dans des yourtes, go\u00fbter au beshbarmak et au manti, et assister \u00e0 des festivals mettant en avant les sports \u00e9questres, la musique et la po\u00e9sie orale. Des services de chasse, de p\u00eache et d&#039;h\u00e9liski sont \u00e9galement propos\u00e9s dans certaines vall\u00e9es.<\/p>\n\n\n\n<p>Compte tenu de ses normes sociales occidentalis\u00e9es \u2013 malgr\u00e9 une majorit\u00e9 musulmane nominale \u2013, les codes vestimentaires restent souples dans les villes, m\u00eame si une tenue classique est conseill\u00e9e dans les zones rurales du sud. La petite d\u00e9linquance a augment\u00e9 ces derni\u00e8res ann\u00e9es\u00a0; la prudence est recommand\u00e9e apr\u00e8s la tomb\u00e9e de la nuit dans les centres urbains. Les services d&#039;urgence interviennent au 101 (incendie), au 102 (police) et au 103 (m\u00e9dical), avec l&#039;indicatif international +996.<\/p>\n\n\n\n<p>Le Kirghizistan concilie sa g\u00e9ographie accident\u00e9e avec des pratiques culturelles durables et une histoire fa\u00e7onn\u00e9e par l&#039;empire et la r\u00e9volution. Son \u00e9conomie concilie d\u00e9pendance aux transferts de fonds et aux industries extractives, tout en recherchant la diversification gr\u00e2ce \u00e0 l&#039;hydro\u00e9lectricit\u00e9 et au tourisme. La dualit\u00e9 linguistique souligne des identit\u00e9s complexes, et la vie religieuse m\u00eale tradition et gouvernance la\u00efque. L&#039;am\u00e9lioration des transports continue de combler les foss\u00e9s montagneux, alors m\u00eame que des projets d&#039;int\u00e9gration r\u00e9gionale se profilent. Pour ceux qui sillonnent ses cols et ses vall\u00e9es, le Kirghizistan offre un paysage \u00e0 la fois exigeant et fascinant, une r\u00e9publique d\u00e9finie par ses contours autant que par son peuple.<\/p>","protected":false},"excerpt":{"rendered":"<p>Situ\u00e9 en Asie centrale, le Kirghizistan illustre la riche histoire et les paysages naturels \u00e9poustouflants de la r\u00e9gion. Officiellement appel\u00e9 R\u00e9publique kirghize, ce pays enclav\u00e9 occupe une position strat\u00e9gique dans les montagnes du Tian Shan et du Pamir. Avec une population de plus de 7 millions d&#039;habitants, Bichkek, capitale et plus grande ville, est le centre politique et commercial du Kirghizistan. Au nord, le Kazakhstan\u00a0; \u00e0 l&#039;ouest, l&#039;Ouzb\u00e9kistan\u00a0; au sud, le Tadjikistan\u00a0; et \u00e0 l&#039;est et au sud-est, la Chine. Le pays a des fronti\u00e8res avec chacune de ces nations, se situant ainsi au carrefour de nombreuses civilisations et influences.<\/p>","protected":false},"author":1,"featured_media":3487,"parent":24063,"menu_order":0,"comment_status":"closed","ping_status":"closed","template":"elementor_theme","meta":{"_eb_attr":"","footnotes":""},"class_list":["post-14785","page","type-page","status-publish","has-post-thumbnail"],"_links":{"self":[{"href":"https:\/\/travelshelper.com\/fr\/wp-json\/wp\/v2\/pages\/14785","targetHints":{"allow":["GET"]}}],"collection":[{"href":"https:\/\/travelshelper.com\/fr\/wp-json\/wp\/v2\/pages"}],"about":[{"href":"https:\/\/travelshelper.com\/fr\/wp-json\/wp\/v2\/types\/page"}],"author":[{"embeddable":true,"href":"https:\/\/travelshelper.com\/fr\/wp-json\/wp\/v2\/users\/1"}],"replies":[{"embeddable":true,"href":"https:\/\/travelshelper.com\/fr\/wp-json\/wp\/v2\/comments?post=14785"}],"version-history":[{"count":0,"href":"https:\/\/travelshelper.com\/fr\/wp-json\/wp\/v2\/pages\/14785\/revisions"}],"up":[{"embeddable":true,"href":"https:\/\/travelshelper.com\/fr\/wp-json\/wp\/v2\/pages\/24063"}],"wp:featuredmedia":[{"embeddable":true,"href":"https:\/\/travelshelper.com\/fr\/wp-json\/wp\/v2\/media\/3487"}],"wp:attachment":[{"href":"https:\/\/travelshelper.com\/fr\/wp-json\/wp\/v2\/media?parent=14785"}],"curies":[{"name":"wp","href":"https:\/\/api.w.org\/{rel}","templated":true}]}}