{"id":14764,"date":"2024-09-20T09:03:31","date_gmt":"2024-09-20T09:03:31","guid":{"rendered":"https:\/\/travelshelper.com\/staging\/?page_id=14764"},"modified":"2026-03-11T18:19:15","modified_gmt":"2026-03-11T18:19:15","slug":"koweit","status":"publish","type":"page","link":"https:\/\/travelshelper.com\/fr\/destinations\/asia\/kuwait\/","title":{"rendered":"Kowe\u00eft"},"content":{"rendered":"<p>Le Kowe\u00eft occupe une \u00e9troite bande de d\u00e9sert \u00e0 la jonction de la p\u00e9ninsule arabique et du golfe Persique. Sa fronti\u00e8re nord jouxte l&#039;Irak, tandis que l&#039;Arabie saoudite se trouve au sud\u00a0; au-del\u00e0 de ses quelque 500\u00a0km de c\u00f4tes, il fait face \u00e0 l&#039;Iran, de l&#039;autre c\u00f4t\u00e9 du golfe. Malgr\u00e9 sa superficie modeste \u2013 l&#039;un des plus petits \u00c9tats du monde \u2013, le Kowe\u00eft constitue un p\u00f4le r\u00e9gional d&#039;\u00e9changes commerciaux, culturels et \u00e9nerg\u00e9tiques. La quasi-totalit\u00e9 de ses 4,82\u00a0millions d&#039;habitants se concentre dans l&#039;agglom\u00e9ration de Kowe\u00eft-ville, o\u00f9 \u00e0 peine 1,53\u00a0million d&#039;habitants sont citoyens, les autres \u00e9tant originaires de plus d&#039;une centaine de pays. Cette extraordinaire mixit\u00e9 d\u00e9mographique place le Kowe\u00eft parmi les soci\u00e9t\u00e9s les plus d\u00e9pendantes des expatri\u00e9s au monde.<\/p>\n\n\n\n<p>La pr\u00e9sence humaine dans la r\u00e9gion remonte \u00e0 l&#039;Antiquit\u00e9, attir\u00e9e par son acc\u00e8s maritime pr\u00e8s des embouchures du Tigre et de l&#039;Euphrate. Au d\u00e9but du XVIIIe si\u00e8cle, l&#039;autorit\u00e9 tribale passa sous l&#039;\u00e9gide de l&#039;\u00e9mirat des Banu Khalid\u00a0; peu apr\u00e8s, le pouvoir local fut centralis\u00e9 sous la direction de la famille Al Sabah, et en 1899, le Kowe\u00eft conclut un accord de protectorat avec la Grande-Bretagne, c\u00e9dant le contr\u00f4le de sa politique \u00e9trang\u00e8re en \u00e9change d&#039;une s\u00e9curit\u00e9 militaire. Un modeste port de commerce assura la subsistance du cheikh jusqu&#039;\u00e0 l&#039;arriv\u00e9e du p\u00e9trole commercial \u00e0 Burgan en 1938. Les exportations commenc\u00e8rent en 1946, finan\u00e7ant un \u00e9lan de modernisation au cours des d\u00e9cennies suivantes. La pleine souverainet\u00e9 fut acquise en juin 1961 avec l&#039;abrogation du trait\u00e9, et les institutions de l&#039;\u00c9tat prirent forme dans un contexte de turbulences boursi\u00e8res au d\u00e9but des ann\u00e9es 1980.<\/p>\n\n\n\n<p>Les forces irakiennes de Saddam Hussein ont envahi et annex\u00e9 le Kowe\u00eft le 2 ao\u00fbt 1990, invoquant des conflits de production et des revendications territoriales. Une coalition dirig\u00e9e par les \u00c9tats-Unis a lib\u00e9r\u00e9 le pays lors d&#039;une br\u00e8ve campagne terrestre qui s&#039;est achev\u00e9e le 26 f\u00e9vrier 1991, date d\u00e9sormais comm\u00e9mor\u00e9e comme le Jour de la Lib\u00e9ration. Le co\u00fbt de la reconstruction a d\u00e9pass\u00e9 les cinq milliards de dollars am\u00e9ricains, principalement consacr\u00e9 \u00e0 la r\u00e9paration des infrastructures p\u00e9troli\u00e8res et \u00e0 la gestion des cons\u00e9quences \u00e9cologiques de plus de 500 incendies volontaires de puits de p\u00e9trole. Ces incendies ont cr\u00e9\u00e9 quelque 35,7 km\u00b2 de lacs de p\u00e9trole, rendant les zones d\u00e9sertiques de l&#039;est inhabitables et maculant les c\u00f4tes de r\u00e9sidus d&#039;hydrocarbures qui ont d\u00e9cim\u00e9 les \u00e9cosyst\u00e8mes marins.<\/p>\n\n\n\n<p>Le Kowe\u00eft demeure un \u00e9mirat\u00a0: la famille r\u00e9gnante Al Sabah occupe les plus hautes fonctions, et l&#039;\u00e9mir est chef d&#039;\u00c9tat en vertu d&#039;une constitution qui combine un r\u00e9gime h\u00e9r\u00e9ditaire et une Assembl\u00e9e nationale \u00e9lue. L&#039;islam de l&#039;\u00e9cole sunnite mal\u00e9kite est la religion officielle, pratiqu\u00e9e par environ deux tiers des citoyens\u00a0; les musulmans chiites constituent la majeure partie du reste. Une importante population expatri\u00e9e introduit des communaut\u00e9s chr\u00e9tiennes, hindoues, sikhes et bouddhistes, parmi lesquelles les chr\u00e9tiens originaires du Kerala constituent pr\u00e8s de 18\u00a0% des r\u00e9sidents. La langue officielle est l&#039;arabe standard moderne\u00a0; dans le langage courant, l&#039;arabe kowe\u00eftien pr\u00e9domine, enrichi par des emprunts au persan, aux langues indiennes, au turc, \u00e0 l&#039;anglais et \u00e0 l&#039;italien. L&#039;anglais est utilis\u00e9 comme lingua franca des affaires, tandis que le fran\u00e7ais trouve une application limit\u00e9e dans l&#039;enseignement des sciences humaines.<\/p>\n\n\n\n<p>G\u00e9ographiquement, le Kowe\u00eft s&#039;\u00e9tend entre les latitudes 28\u00b0 N et 31\u00b0 N et les longitudes 46\u00b0 E et 49\u00b0 E. Le relief se situe principalement au niveau de la mer, culminant \u00e0 seulement 306 m au niveau de la cr\u00eate de Mutla. Dix \u00eeles bordent sa c\u00f4te, la plus grande du pays avec 860 km\u00b2, reli\u00e9e par une chauss\u00e9e de 2,38 km. Seulement 0,6 % des terres sont cultivables\u00a0; le reste est couvert de broussailles clairsem\u00e9es. La baie de Kowe\u00eft offre un port naturel en eau profonde, ancrant le front de mer de Kowe\u00eft-ville.<\/p>\n\n\n\n<p>Le climat varie de froids hivernaux temp\u00e9r\u00e9s par les vents du nord \u00e0 des \u00e9t\u00e9s parmi les plus chauds du monde. Les vents de Shamal de juin et juillet provoquent des temp\u00eates de sable\u00a0; les nuits d&#039;hiver peuvent \u00eatre fra\u00eeches, en raison de la latitude et de la proximit\u00e9 de l&#039;Irak et de l&#039;Iran. Le record de temp\u00e9rature maximale atteint 54,0\u00a0\u00b0C, enregistr\u00e9 \u00e0 Mitribah le 21\u00a0juillet\u00a02016. Les pr\u00e9cipitations sont rares et saisonni\u00e8res\u00a0; le printemps apporte des journ\u00e9es chaudes et des orages occasionnels.<\/p>\n\n\n\n<p>Le p\u00e9trole soutient l&#039;\u00e9conomie \u00e0 revenu \u00e9lev\u00e9 du Kowe\u00eft, qui d\u00e9tient les sixi\u00e8mes plus grandes r\u00e9serves prouv\u00e9es de la plan\u00e8te \u2013 environ 70 milliards de barils rien que pour le champ de Burgan. Les hydrocarbures repr\u00e9sentent pr\u00e8s de 90 % des exportations, l&#039;aviation et les produits chimiques organiques constituant l&#039;essentiel du reste. Le Kowe\u00eft est peu diversifi\u00e9 \u00e9conomiquement et ses \u00e9missions de carbone par habitant figurent parmi les plus \u00e9lev\u00e9es au monde. La gestion environnementale a progress\u00e9 progressivement\u00a0: cinq aires prot\u00e9g\u00e9es reconnues par l&#039;UICN existent et, en 2018, la r\u00e9serve de Moubarak al-Kabeer, sur l&#039;\u00eele de Bubiyan, a obtenu la d\u00e9signation Ramsar, servant de point de repos essentiel pour les oiseaux migrateurs et abritant la plus grande colonie de reproduction de pluviers crabiers de la plan\u00e8te.<\/p>\n\n\n\n<p>Administrativement, six gouvernorats subdivisent le territoire national\u00a0: la capitale (Al Asimah), Hawalli, Farwaniya, Mubarak Al-Kabeer, Ahmadi et Jahra. Chaque gouvernorat comprend plusieurs zones\u00a0; au total, ils disposent d&#039;un r\u00e9seau routier de plus de 5\u00a0700\u00a0km, dont plus de 4\u00a0800\u00a0km sont des autoroutes goudronn\u00e9es. L&#039;automobile domine le transport\u00a0\u2013\u00a0il n&#039;existe ni train ni m\u00e9tro\u00a0\u2013\u00a0avec le soutien de la compagnie publique kowe\u00eftienne de transports publics et des op\u00e9rateurs priv\u00e9s CityBus et Kuwait Gulf Link. Les taxis, identifiables par leurs plaques jaunes, fonctionnent en grande partie sans compteur, tandis que les services bas\u00e9s sur des applications comme Careem ont gagn\u00e9 en popularit\u00e9. Le trafic a\u00e9rien est concentr\u00e9 \u00e0 l&#039;a\u00e9roport international de Kowe\u00eft, si\u00e8ge de Kuwait Airways et abritant la base a\u00e9rienne d&#039;Al Mubarak\u00a0; deux transporteurs priv\u00e9s, Jazeera et Wataniya, compl\u00e8tent les services. En mai\u00a02025, quatorze compagnies a\u00e9riennes \u00e9trang\u00e8res ont suspendu leurs vols pour des raisons de gestion et de concurrence, soulevant des questions sur le r\u00f4le r\u00e9gional de l&#039;a\u00e9roport.<\/p>\n\n\n\n<p>Le commerce maritime repose sur les ports de Shuwaikh et Shuaiba, qui ont trait\u00e9 plus de 750\u00a0000 EVP en 2006, aux c\u00f4t\u00e9s de Mina al-Ahmadi. Un nouveau port de Moubarak Al Kabeer, en construction sur l&#039;\u00eele de Bubiyan, devrait g\u00e9rer deux millions d&#039;EVP par an. Le secteur du transport maritime est l&#039;un des plus importants de la r\u00e9gion.<\/p>\n\n\n\n<p>Malgr\u00e9 la richesse p\u00e9troli\u00e8re, le tourisme reste modeste, frein\u00e9 par des infrastructures limit\u00e9es et l&#039;interdiction de l&#039;alcool. Les d\u00e9penses de voyages int\u00e9rieurs ont atteint 6,1 milliards de dollars en 2020\u00a0; le Conseil mondial du voyage et du tourisme a class\u00e9 le Kowe\u00eft comme l&#039;\u00e9conomie touristique connaissant la croissance la plus rapide parmi ses pairs en 2019, avec une hausse de 11,6\u00a0% sur un an. Parmi les attractions culturelles, on compte le festival Hala Febrayer, qui a lieu chaque ann\u00e9e en f\u00e9vrier et marque la lib\u00e9ration par des concerts, des d\u00e9fil\u00e9s et des carnavals. Le d\u00e9veloppement de Sabah Al Ahmad Sea City et le tout nouveau District culturel national du Kowe\u00eft \u2013 un projet d&#039;un milliard de dollars comprenant des centres culturels, des parcs et des sites patrimoniaux palatiaux \u2013 t\u00e9moignent des aspirations \u00e0 une \u00e9conomie cr\u00e9ative plus large.<\/p>\n\n\n\n<p>Le Kowe\u00eft a \u00e9t\u00e9 un pionnier des arts arabes du Golfe : les \u00e9tudes visuelles remontent aux portraits de Mojeb al-Dousari dans les ann\u00e9es 1930 et \u00e0 la th\u00e9orie du \u00ab circulisme \u00bb de Khalifa Al-Qattan dans les ann\u00e9es 1960. Aujourd&#039;hui, plus de trente galeries pr\u00e9sentent des \u0153uvres de Sami Mohammad, Thuraya Al-Baqsami et Suzan Bushnaq. Les arts th\u00e9\u00e2traux remontent aux ann\u00e9es 1920 ; les th\u00e9\u00e2tres publics, subventionn\u00e9s par le gouvernement par l&#039;interm\u00e9diaire du Conseil national de la culture, des arts et des lettres, organisent un festival annuel et les pi\u00e8ces de th\u00e9\u00e2tre locales attirent un public dans toute la r\u00e9gion. Des feuilletons t\u00e9l\u00e9vis\u00e9s \u2013 quinze ou plus produits chaque ann\u00e9e \u2013 sont diffus\u00e9s dans tout le Golfe, ce qui vaut au Kowe\u00eft le surnom de \u00ab Hollywood du Golfe \u00bb. Des feuilletons sont diffus\u00e9s pendant le Ramadan, lorsque les familles se r\u00e9unissent au cr\u00e9puscule. Des traditions musicales telles que le sawt et le fijiri refl\u00e8tent l&#039;h\u00e9ritage maritime ; L&#039;enregistrement a commenc\u00e9 d\u00e8s 1912. La musique Khaliji contemporaine jouit d&#039;une popularit\u00e9 panarabe, avec des artistes comme Nawal El Kuwaiti et Abdallah Al Rowaished effectuant de nombreuses tourn\u00e9es.<\/p>\n\n\n\n<p>Les normes sociales adh\u00e8rent \u00e0 une philosophie du \u00ab vivre et laisser vivre \u00bb, avec une grande latitude en mati\u00e8re de tenue vestimentaire et de comportement, tant que les lois sur la d\u00e9cence publique sont respect\u00e9es. Insulter une personnalit\u00e9 publique constitue une violation des lois sur la diffamation au sens large. Pendant le Ramadan, la consommation publique de nourriture, de boissons ou de tabac est ill\u00e9gale. Les actes homosexuels restent criminalis\u00e9s, bien que les expressions d&#039;affection entre personnes de m\u00eame sexe se d\u00e9roulent sans stigmatisation.<\/p>\n\n\n\n<p>Les villes proches de Kowe\u00eft City r\u00e9v\u00e8lent des modes de vie contrast\u00e9s\u00a0: les quartiers historiques de Jahra se situent \u00e0 l\u2019ouest, Ahmadi abrite des infrastructures de raffinerie de p\u00e9trole, Hawalli et Farwaniya offrent des zones r\u00e9sidentielles denses et des ports, tandis que les plages et les biens immobiliers de Salmiya attirent familles et expatri\u00e9s. Des destinations p\u00e9riph\u00e9riques comme Khairan et Bnaider abritent des clubs de yacht et des sports nautiques\u00a0; l\u2019\u00eele de Failaka, meurtrie par la guerre, offre d\u00e9sormais des h\u00e9bergements historiques accessibles par ferry r\u00e9gulier.<\/p>\n\n\n\n<p>Les conditions d&#039;entr\u00e9e varient selon la nationalit\u00e9. Les citoyens du CCG voyagent sans visa\u00a0; les r\u00e9sidents de nombreux \u00c9tats occidentaux et asiatiques peuvent l&#039;obtenir \u00e0 leur arriv\u00e9e aux a\u00e9rogares, tandis que d&#039;autres n\u00e9cessitent un parrainage pr\u00e9alable. Tous les arrivants doivent \u00e9viter les tampons isra\u00e9liens, qui invalident l&#039;entr\u00e9e. Les options de transport en commun depuis l&#039;a\u00e9roport comprennent les taxis, les services de type limousine et un bus \u00e0 0,25\u00a0kwh pour le centre-ville. Cependant, les horaires et les informations sur les itin\u00e9raires n\u00e9cessitent une planification pr\u00e9alable.<\/p>\n\n\n\n<p>L&#039;\u00e9volution du Kowe\u00eft \u2013 d&#039;un port d\u00e9sertique \u00e0 une puissance p\u00e9troli\u00e8re \u2013 est marqu\u00e9e par des contrastes de richesse et d&#039;environnement, de tradition et de modernit\u00e9. Sa g\u00e9ographie compacte dissimule une mosa\u00efque complexe d&#039;histoire, de culture et de commerce. Tandis que les hydrocarbures soutiennent les r\u00e9serves budg\u00e9taires, les efforts naissants dans les secteurs de la cr\u00e9ation et des services cherchent \u00e0 \u00e9largir les horizons. Le pays se trouve \u00e0 un carrefour o\u00f9 son pass\u00e9 fa\u00e7onne son identit\u00e9 pr\u00e9sente et o\u00f9 les choix strat\u00e9giques fa\u00e7onneront un avenir plus diversifi\u00e9.<\/p>","protected":false},"excerpt":{"rendered":"<p>Le Kowe\u00eft, officiellement connu sous le nom d&#039;\u00c9tat du Kowe\u00eft, est un pays situ\u00e9 en Asie occidentale, pr\u00e8s de la fronti\u00e8re nord de l&#039;Arabie orientale, \u00e0 l&#039;extr\u00e9mit\u00e9 du golfe Persique. Avec une population de 4,93 millions d&#039;habitants en 2024 \u2013 soit une augmentation de 1,98 % par rapport \u00e0 l&#039;ann\u00e9e pr\u00e9c\u00e9dente \u2013, il occupe une position strat\u00e9gique s\u00e9parant l&#039;Irak au nord de l&#039;Arabie saoudite au sud. Dot\u00e9 d&#039;un littoral d&#039;environ 500 kilom\u00e8tres le long du golfe Persique, le pays poss\u00e8de une fronti\u00e8re maritime avec l&#039;Iran.<\/p>","protected":false},"author":1,"featured_media":4387,"parent":24063,"menu_order":0,"comment_status":"closed","ping_status":"closed","template":"elementor_theme","meta":{"_eb_attr":"","footnotes":""},"class_list":["post-14764","page","type-page","status-publish","has-post-thumbnail"],"_links":{"self":[{"href":"https:\/\/travelshelper.com\/fr\/wp-json\/wp\/v2\/pages\/14764","targetHints":{"allow":["GET"]}}],"collection":[{"href":"https:\/\/travelshelper.com\/fr\/wp-json\/wp\/v2\/pages"}],"about":[{"href":"https:\/\/travelshelper.com\/fr\/wp-json\/wp\/v2\/types\/page"}],"author":[{"embeddable":true,"href":"https:\/\/travelshelper.com\/fr\/wp-json\/wp\/v2\/users\/1"}],"replies":[{"embeddable":true,"href":"https:\/\/travelshelper.com\/fr\/wp-json\/wp\/v2\/comments?post=14764"}],"version-history":[{"count":0,"href":"https:\/\/travelshelper.com\/fr\/wp-json\/wp\/v2\/pages\/14764\/revisions"}],"up":[{"embeddable":true,"href":"https:\/\/travelshelper.com\/fr\/wp-json\/wp\/v2\/pages\/24063"}],"wp:featuredmedia":[{"embeddable":true,"href":"https:\/\/travelshelper.com\/fr\/wp-json\/wp\/v2\/media\/4387"}],"wp:attachment":[{"href":"https:\/\/travelshelper.com\/fr\/wp-json\/wp\/v2\/media?parent=14764"}],"curies":[{"name":"wp","href":"https:\/\/api.w.org\/{rel}","templated":true}]}}