{"id":14692,"date":"2024-09-19T23:02:15","date_gmt":"2024-09-19T23:02:15","guid":{"rendered":"https:\/\/travelshelper.com\/staging\/?page_id=14692"},"modified":"2026-03-11T18:14:42","modified_gmt":"2026-03-11T18:14:42","slug":"laos","status":"publish","type":"page","link":"https:\/\/travelshelper.com\/fr\/destinations\/asia\/laos\/","title":{"rendered":"Laos"},"content":{"rendered":"<p>Le Laos, anciennement R\u00e9publique d\u00e9mocratique populaire lao, occupe une position centrale en Asie du Sud-Est continentale. Enclav\u00e9 et marqu\u00e9 par ses reliefs montagneux, il partage des fronti\u00e8res avec la Birmanie et la Chine au nord-ouest, le Vietnam \u00e0 l&#039;est, le Cambodge au sud-est et la Tha\u00eflande \u00e0 l&#039;ouest et au sud-ouest. Le M\u00e9kong traverse une grande partie de sa fronti\u00e8re occidentale, sculptant des rives abruptes et des plaines inondables qui laissent place \u00e0 l&#039;imposante cha\u00eene des Annamites de l&#039;autre c\u00f4t\u00e9. Avec une population estim\u00e9e \u00e0 7,95 millions d&#039;habitants en 2024, le Laos se classe au 103e rang mondial en termes de population, sa capitale, Vientiane, servant de centre administratif et culturel.<\/p>\n\n\n\n<p>Le relief du pays se divise naturellement en trois r\u00e9gions\u00a0: le nord accident\u00e9, ponctu\u00e9 par le plateau de Xiangkhoang et des sommets comme le Phou Bia (2\u00a0818\u00a0m)\u00a0; la ceinture centrale, marqu\u00e9e par de larges vall\u00e9es fluviales et des formations karstiques \u00e9parses\u00a0; et les plaines du sud autour du plateau des Bolovens, o\u00f9 sols basaltiques et cascades fa\u00e7onnent le paysage. Les for\u00eats recouvrent plus de la moiti\u00e9 du territoire, abritant des parcs nationaux comme Nam Et-Phou Louey, qui abrite des mammif\u00e8res rares, dont le gibbon \u00e0 joues blanches du Nord et le saola. Depuis 1993, le gouvernement a r\u00e9serv\u00e9 21\u00a0% du territoire \u00e0 la conservation. Pourtant, le Laos se situe \u00e9galement dans le \u00ab\u00a0Triangle d&#039;or\u00a0\u00bb, une r\u00e9gion autrefois c\u00e9l\u00e8bre pour sa production d&#039;opium, o\u00f9 la superficie cultiv\u00e9e est pass\u00e9e de 18\u00a0km\u00b2 en 2006 \u00e0 15\u00a0km\u00b2 en 2007.<\/p>\n\n\n\n<p>Les r\u00e9gimes climatiques suivent le cycle de la mousson. De mai \u00e0 octobre, des vents humides entra\u00eenent de fortes pluies\u00a0; une p\u00e9riode s\u00e8che s&#039;\u00e9tend de novembre \u00e0 avril, traditionnellement subdivis\u00e9e en saisons fra\u00eeches et chaudes. Ces rythmes guident l&#039;activit\u00e9 agricole, notamment la riziculture\u00a0: environ quatre cinqui\u00e8mes des terres arables sont occup\u00e9es par des rizi\u00e8res, et les trois quarts des m\u00e9nages agricoles produisent suffisamment de riz pour leurs besoins. L&#039;Institut international de recherche sur le riz a collabor\u00e9 avec les autorit\u00e9s locales pour r\u00e9pertorier la vaste gamme de vari\u00e9t\u00e9s de riz du pays.<\/p>\n\n\n\n<p>L&#039;identit\u00e9 du Laos remonte au royaume de Lan Xang, fond\u00e9 au XIIIe si\u00e8cle et qui perdura jusqu&#039;\u00e0 sa division en 1707 en principaut\u00e9s de Luang Prabang, Vientiane et Champassak. En 1893, celles-ci furent int\u00e9gr\u00e9es \u00e0 l&#039;Indochine fran\u00e7aise. Apr\u00e8s une br\u00e8ve absence du Japon pendant la Seconde Guerre mondiale, le Laos proclama son ind\u00e9pendance en 1945, retourna sous contr\u00f4le fran\u00e7ais jusqu&#039;en 1949, puis acc\u00e9da \u00e0 sa pleine souverainet\u00e9 en 1953 sous le r\u00e8gne du roi Sisavang Vong. Un conflit civil de 1959 prit fin en 1975 avec l&#039;av\u00e8nement de la R\u00e9publique d\u00e9mocratique populaire lao, gouvern\u00e9e par le Parti r\u00e9volutionnaire populaire lao. L&#039;\u00c9tat maintint des liens \u00e9troits avec le bloc sovi\u00e9tique jusqu&#039;en 1991. Depuis, il a introduit des r\u00e9formes de march\u00e9, tout en restant l&#039;un des cinq \u00c9tats communistes \u00e0 parti unique au monde. Les organisations de d\u00e9fense des droits de l&#039;homme ont critiqu\u00e9 les restrictions \u00e0 la libert\u00e9 d&#039;expression et la pers\u00e9cution des minorit\u00e9s. Les observateurs politiques qualifient souvent le syst\u00e8me d&#039;autoritaire.<\/p>\n\n\n\n<p>La politique \u00e9conomique met l&#039;accent sur l&#039;int\u00e9gration r\u00e9gionale. Le lancement en 2021 de la ligne ferroviaire Laos-Chine de 414 km a reli\u00e9 Vientiane \u00e0 Kunming, r\u00e9duisant les temps de trajet et ouvrant de nouveaux corridors commerciaux. La participation au programme de la sous-r\u00e9gion du Grand M\u00e9kong a stimul\u00e9 les infrastructures transfrontali\u00e8res et les projets hydro\u00e9lectriques. La Banque mondiale note une croissance annuelle moyenne du PIB de 7,4 % depuis 2009, tir\u00e9e par le tourisme, les exportations d&#039;\u00e9nergie et les investissements \u00e9trangers. La Chine est le premier investisseur \u00e9tranger depuis la fin des ann\u00e9es 1980, suivie par la Tha\u00eflande et le Vietnam. Le Laos exporte de l&#039;\u00e9nergie hydro\u00e9lectrique \u2013 plus de 8\u00a0000 MW de sa capacit\u00e9 potentielle de 18\u00a0000 MW sont destin\u00e9s aux r\u00e9seaux r\u00e9gionaux \u2013 et exporte des minerais tels que le cuivre et l&#039;or vers les march\u00e9s mondiaux. Pourtant, les Nations Unies classent toujours le Laos parmi les pays les moins avanc\u00e9s. Son adh\u00e9sion \u00e0 l&#039;ASEAN, \u00e0 l&#039;Organisation mondiale du commerce et \u00e0 la Francophonie t\u00e9moigne de son rayonnement diplomatique.<\/p>\n\n\n\n<p>Administrativement, le Laos comprend 17 provinces et la pr\u00e9fecture de Vientiane. Les t\u00e9l\u00e9communications couvrent plus de 90 % des foyers, et l&#039;acc\u00e8s \u00e0 l&#039;\u00e9lectricit\u00e9 refl\u00e8te ce niveau. Le r\u00e9seau routier reste limit\u00e9 par les montagnes\u00a0; la premi\u00e8re ligne de chemin de fer du pays n&#039;est apparue qu&#039;en 2009, reliant Vientiane \u00e0 la Tha\u00eflande. Le transport fluvial, notamment sur le M\u00e9kong, continue de desservir les communaut\u00e9s isol\u00e9es.<\/p>\n\n\n\n<p>La diversit\u00e9 ethnique caract\u00e9rise la population du Laos. Les Laotiens, membres de la famille linguistique ta\u00ef, repr\u00e9sentent un peu plus de la moiti\u00e9 de la population. Les groupes ethniques de moyenne montagne, appel\u00e9s Lao Theung, parlent des langues austro-asiatiques comme le khmu. Les peuples de haute altitude, dont les Hmongs et les Yaos, sont collectivement appel\u00e9s Lao Soung. Des communaut\u00e9s tribales persistent dans les vall\u00e9es recul\u00e9es, pr\u00e9servant des langues et des coutumes distinctes. Le lao est la langue officielle et utilise une \u00e9criture d\u00e9riv\u00e9e du khmer\u00a0; le fran\u00e7ais reste utilis\u00e9 dans l&#039;administration et le commerce, tandis que l&#039;anglais se d\u00e9veloppe dans les \u00e9coles urbaines.<\/p>\n\n\n\n<p>Le bouddhisme Theravada guide la vie sociale d&#039;environ deux tiers des Laotiens. Les temples sont des points n\u00e9vralgiques dans les villes et les villages. \u00c0 Luang Prabang, ancien si\u00e8ge royal et site class\u00e9 au patrimoine mondial de l&#039;UNESCO, des complexes de temples jouxtent des villas de l&#039;\u00e9poque coloniale le long de rues propres et bord\u00e9es de rivi\u00e8res. Les moines en robes safran se d\u00e9placent d&#039;un pas mesur\u00e9, et l&#039;aum\u00f4ne rituelle \u00e0 l&#039;aube reste au c\u0153ur des pratiques quotidiennes. La capitale abrite le Pha That Luang, un stupa dor\u00e9 datant du XVIe si\u00e8cle, consid\u00e9r\u00e9 comme le symbole national. Les croyances animistes minoritaires persistent, notamment parmi les tribus montagnardes, dont les rituels sont \u00e9troitement li\u00e9s \u00e0 la terre et aux anc\u00eatres.<\/p>\n\n\n\n<p>La cuisine laotienne met l&#039;accent sur le riz gluant et les sauces r\u00e9gionales. Le larb, un m\u00e9lange de viande marin\u00e9e, d&#039;herbes et de poudre de riz grill\u00e9, illustre le jeu des textures et la subtile saveur piquante du plat. Des l\u00e9gumes verts et des poissons de rivi\u00e8re accompagnent les plats. L&#039;influence fran\u00e7aise perdure\u00a0: baguettes et currys c\u00f4toient les vendeurs ambulants. La Beerlao, brass\u00e9e localement, est une boisson nationale, tandis que Tiger Head propose de l&#039;eau en bouteille trait\u00e9e pour plus de s\u00e9curit\u00e9.<\/p>\n\n\n\n<p>Le tourisme est pass\u00e9 de 80\u00a0000 arriv\u00e9es internationales en 1990 \u00e0 plus de cinq millions en 2024, contribuant ainsi \u00e0 hauteur de plus d&#039;un milliard de dollars am\u00e9ricains au PIB. Les attractions sont aussi bien naturelles que culturelles\u00a0: les falaises karstiques pr\u00e8s de Vang Vieng, la plaine des Jarres et ses \u00e9nigmatiques vases de pierre, les ruines hindoues-khm\u00e8res de Wat Phu \u00e0 Champassak et le r\u00e9seau de grottes de Vieng Xai, o\u00f9 les dirigeants du Pathet Lao se sont r\u00e9fugi\u00e9s pendant les bombardements am\u00e9ricains. Les voyagistes proposent des \u00e9co-lodges et des s\u00e9jours chez l&#039;habitant, notamment le long du sentier Ban Nalan, au nord de Luang Namtha. Les activit\u00e9s propos\u00e9es vont de la randonn\u00e9e dans les villages khmu aux balades en kayak sur le M\u00e9kong. Les autorit\u00e9s cherchent \u00e0 g\u00e9rer l&#039;impact des visiteurs par le biais d&#039;un zonage et de projets communautaires.<\/p>\n\n\n\n<p>Des consid\u00e9rations pratiques influencent les d\u00e9placements. Le kip est la seule monnaie l\u00e9gale, bien que le baht tha\u00eflandais et le dollar am\u00e9ricain circulent dans les centres urbains. Les distributeurs automatiques fonctionnent principalement dans les grandes villes\u00a0; les cartes fonctionnent aux machines BCEL. En dehors de ces zones, seul le kip pr\u00e9vaut. L&#039;\u00e9tat des routes varie\u00a0; la conduite locale peut sembler erratique et le code de la route est souvent non appliqu\u00e9. Les munitions non explos\u00e9es demeurent un danger dans les provinces de l&#039;est, n\u00e9cessitant de se d\u00e9placer uniquement sur des itin\u00e9raires balis\u00e9s. Les soins de sant\u00e9 au Laos offrent des traitements de base\u00a0; les cas graves n\u00e9cessitent une \u00e9vacuation vers la Tha\u00eflande. Les pr\u00e9cautions contre le paludisme et la dengue incluent un insectifuge et des moustiquaires. L&#039;eau du robinet est impropre \u00e0 la consommation\u00a0; l&#039;eau en bouteille ou les jarres fournies par les temples constituent des alternatives fiables.<\/p>\n\n\n\n<p>Les coutumes sociales exigent le respect. Les visiteurs doivent \u00eatre munis de pi\u00e8ces d&#039;identit\u00e9, car la police peut les exiger. Un code vestimentaire s&#039;applique dans les lieux de culte\u00a0: manches longues et pantalon, chaussures retir\u00e9es avant d&#039;entrer dans les temples. Montrer la plante des pieds avec un regard pointu est offensant, tout comme toucher la t\u00eate. Les femmes doivent \u00e9viter tout contact physique avec les moines. L&#039;ivresse publique et les manifestations de col\u00e8re sont contraires aux normes locales. Les lois r\u00e9gissant les relations amoureuses diff\u00e8rent\u00a0: l&#039;adult\u00e8re est passible de sanctions, et l&#039;h\u00e9bergement de ressortissants laotiens non apparent\u00e9s n\u00e9cessite une autorisation.<\/p>\n\n\n\n<p>Malgr\u00e9 les d\u00e9fis de gouvernance et d&#039;infrastructures, le Laos maintient un rythme de vie serein. Les villages s&#039;accrochent aux champs en terrasses et aux maisons en bois\u00a0; les march\u00e9s s&#039;ouvrent \u00e0 l&#039;aube et au cr\u00e9puscule\u00a0; les bateaux fluviaux glissent sous les falaises calcaires. Le d\u00e9veloppement progresse vers l&#039;int\u00e9rieur des fronti\u00e8res, mais une grande partie du pays reste marqu\u00e9e par ses for\u00eats, ses voies navigables et les contours de son histoire. Ceux qui y s\u00e9journent vont au-del\u00e0 des impressions superficielles pour saisir comment la g\u00e9ographie, la culture et la politique ont fa\u00e7onn\u00e9 cette nation. C&#039;est dans cette reconnaissance que r\u00e9side l&#039;attrait du pays\u00a0: un lieu o\u00f9 les traditions perdurent et o\u00f9 l&#039;interaction entre la terre et les gens continue de se d\u00e9velopper, tranquillement et sans pr\u00e9tention.<\/p>","protected":false},"excerpt":{"rendered":"<p>Le Laos, anciennement appel\u00e9 R\u00e9publique d\u00e9mocratique populaire lao (RDPL), est un pays enclav\u00e9 situ\u00e9 au c\u0153ur de l&#039;Asie du Sud-Est. Avec une population d&#039;environ 7,5 millions d&#039;habitants, il b\u00e9n\u00e9ficie d&#039;une situation strat\u00e9gique, limitrophe de la Chine \u00e0 l&#039;ouest et au sud-ouest, du Vietnam \u00e0 l&#039;est, du Cambodge au sud-est et de la Birmanie au nord-ouest. La g\u00e9ographie de ce lieu unique a jou\u00e9 un r\u00f4le d\u00e9terminant dans l&#039;histoire, la culture et la croissance \u00e9conomique du pays.<\/p>","protected":false},"author":1,"featured_media":4313,"parent":24063,"menu_order":0,"comment_status":"closed","ping_status":"closed","template":"elementor_theme","meta":{"_eb_attr":"","footnotes":""},"class_list":["post-14692","page","type-page","status-publish","has-post-thumbnail"],"_links":{"self":[{"href":"https:\/\/travelshelper.com\/fr\/wp-json\/wp\/v2\/pages\/14692","targetHints":{"allow":["GET"]}}],"collection":[{"href":"https:\/\/travelshelper.com\/fr\/wp-json\/wp\/v2\/pages"}],"about":[{"href":"https:\/\/travelshelper.com\/fr\/wp-json\/wp\/v2\/types\/page"}],"author":[{"embeddable":true,"href":"https:\/\/travelshelper.com\/fr\/wp-json\/wp\/v2\/users\/1"}],"replies":[{"embeddable":true,"href":"https:\/\/travelshelper.com\/fr\/wp-json\/wp\/v2\/comments?post=14692"}],"version-history":[{"count":0,"href":"https:\/\/travelshelper.com\/fr\/wp-json\/wp\/v2\/pages\/14692\/revisions"}],"up":[{"embeddable":true,"href":"https:\/\/travelshelper.com\/fr\/wp-json\/wp\/v2\/pages\/24063"}],"wp:featuredmedia":[{"embeddable":true,"href":"https:\/\/travelshelper.com\/fr\/wp-json\/wp\/v2\/media\/4313"}],"wp:attachment":[{"href":"https:\/\/travelshelper.com\/fr\/wp-json\/wp\/v2\/media?parent=14692"}],"curies":[{"name":"wp","href":"https:\/\/api.w.org\/{rel}","templated":true}]}}