{"id":14637,"date":"2024-09-19T21:47:03","date_gmt":"2024-09-19T21:47:03","guid":{"rendered":"https:\/\/travelshelper.com\/staging\/?page_id=14637"},"modified":"2026-03-11T22:25:22","modified_gmt":"2026-03-11T22:25:22","slug":"erevan","status":"publish","type":"page","link":"https:\/\/travelshelper.com\/fr\/destinations\/europe\/armenia\/yerevan\/","title":{"rendered":"Erevan"},"content":{"rendered":"<p>Erevan est aujourd&#039;hui \u00e0 la fois gardienne et b\u00e9n\u00e9ficiaire d&#039;une continuit\u00e9 qui remonte \u00e0 pr\u00e8s de trois mill\u00e9naires. Depuis sa premi\u00e8re incarnation sous le nom d&#039;Erebouni, forteresse urart\u00e9enne fond\u00e9e en 782 av. J.-C. par le roi Argishti Ier, la ville a \u00e9t\u00e9 t\u00e9moin des fluctuations des empires, des flux et reflux des peuples et de la volont\u00e9 persistante de ses habitants de se reconstruire et de s&#039;adapter. Situ\u00e9e sur un plateau du Haut-Plateau arm\u00e9nien, la ville occupe la bordure occidentale de la plaine d&#039;Ararat, ses quartiers sup\u00e9rieurs \u00e9tant encercl\u00e9s par des montagnes sur trois c\u00f4t\u00e9s, avant de descendre dans les gorges abruptes du Hrazdan. Dans sa forme moderne, Erevan est le c\u0153ur administratif de l&#039;Arm\u00e9nie, son creuset culturel et son moteur industriel\u00a0; pourtant, \u00e0 chaque tournant, des vestiges du pass\u00e9 demeurent tiss\u00e9s dans le tissu urbain.<\/p>\n<p>La citadelle d&#039;Erebouni, perch\u00e9e au sommet d&#039;une colline rocheuse \u00e0 environ huit kilom\u00e8tres au sud-est du centre actuel, \u00e9tait con\u00e7ue comme bien plus qu&#039;un simple bastion militaire. Des inscriptions contemporaines et des vestiges arch\u00e9ologiques r\u00e9v\u00e8lent qu&#039;Argishti Ier envisageait un si\u00e8ge \u00e0 la fois de gouvernance et de culte, un lieu o\u00f9 rituels th\u00e9ocratiques et c\u00e9r\u00e9monies royales fusionnaient. Malgr\u00e9 ses imposantes murailles et ses salles de c\u00e9r\u00e9monie, la capitale urart\u00e9enne ne conserva pas longtemps sa primaut\u00e9. Avec l&#039;\u00e9mergence des royaumes arm\u00e9niens suivants, de nouveaux si\u00e8ges de pouvoir \u00e9clips\u00e8rent Erebouni, et la ville d\u00e9clina jusqu&#039;\u00e0 ce que l&#039;\u00e9poque m\u00e9di\u00e9vale efface presque toute son importance.<\/p>\n<p>Au d\u00e9but du XVIIe si\u00e8cle, la situation d&#039;Erevan \u00e9tait au plus bas. Lors du Grand Surgun de 1603-1605, les souverains safavides de Perse d\u00e9port\u00e8rent de force des centaines de milliers d&#039;Arm\u00e9niens, laissant la ville quasiment inhabit\u00e9e. Un tremblement de terre catastrophique en 1679 d\u00e9truisit ensuite ce qui restait de la ville, r\u00e9duisant son modeste ensemble d&#039;habitations en ruines. La reconstruction s&#039;ensuivit \u00e0 une \u00e9chelle tr\u00e8s r\u00e9duite, la ville reconstruite conservant une partie de son trac\u00e9 actuel de cette \u00e9poque.<\/p>\n<p>La signature du trait\u00e9 de Turkmenchay en 1828 int\u00e9gra Erevan \u00e0 l&#039;Empire russe. Sous l&#039;administration tsariste, les Arm\u00e9niens dispers\u00e9s en Perse et dans les territoires ottomans commenc\u00e8rent \u00e0 revenir petit \u00e0 petit. Une nouvelle vague de colons donna un \u00e9lan \u00e0 un renouveau qui transforma Erevan, autrefois une province recul\u00e9e, en un centre r\u00e9gional. Lorsque la Premi\u00e8re R\u00e9publique d&#039;Arm\u00e9nie prit forme en 1918, Erevan, qui abritait alors des milliers de survivants du g\u00e9nocide arm\u00e9nien, fut proclam\u00e9e capitale nationale, la quatorzi\u00e8me de l&#039;histoire arm\u00e9nienne et la septi\u00e8me de la plaine de l&#039;Ararat.<\/p>\n<p>L&#039;\u00e8re sovi\u00e9tique marqua alors le d\u00e9but d&#039;une p\u00e9riode de transformations rapides. En quelques d\u00e9cennies, Erevan connut une croissance d\u00e9mographique et une ambition accrues. De larges boulevards et des b\u00e2timents publics monumentaux, construits dans un style n\u00e9oclassique sobre, impr\u00e9gn\u00e9 de motifs nationaux, supplant\u00e8rent les rang\u00e9es de maisons en bois. \u00c0 la fin du r\u00e9gime sovi\u00e9tique, Erevan avait consolid\u00e9 son r\u00f4le de centre culturel et industriel de l&#039;Arm\u00e9nie.<\/p>\n<p>La crise \u00e9conomique du d\u00e9but des ann\u00e9es 1990 a provoqu\u00e9 un exode. Entre 1989 et 2003, la population de la ville est pass\u00e9e d&#039;environ 1,25 million \u00e0 environ 1,09 million. Ceux qui sont rest\u00e9s ont d\u00fb faire face \u00e0 la d\u00e9gradation des infrastructures et \u00e0 la stagnation \u00e9conomique. Pourtant, le tournant du si\u00e8cle a marqu\u00e9 un renouveau. De nouveaux investissements dans le logement, les transports et les espaces publics ont transform\u00e9 le paysage urbain et la vie urbaine. Caf\u00e9s, boutiques et promenades pi\u00e9tonnes, rares \u00e0 l&#039;\u00e9poque sovi\u00e9tique, ont prolif\u00e9r\u00e9 le long de la place de la R\u00e9publique revitalis\u00e9e, de la nouvelle avenue du Nord et du complexe verdoyant de la Cascade. En 2011, la population de la ville avait d\u00e9pass\u00e9 le million d&#039;habitants et atteignait environ 1\u00a0086\u00a0677 habitants en 2022.<\/p>\n<p>En reconnaissance de sa profonde tradition litt\u00e9raire et scientifique, l&#039;UNESCO a d\u00e9sign\u00e9 Erevan Capitale mondiale du livre 2012. Son adh\u00e9sion \u00e0 Eurocit\u00e9s a renforc\u00e9 l&#039;ancrage de la capitale arm\u00e9nienne au sein d&#039;un r\u00e9seau europ\u00e9en de coop\u00e9ration municipale. Pourtant, ce renouvellement urbain rapide a suscit\u00e9 des critiques\u00a0: la d\u00e9molition de b\u00e2timents historiques datant de l&#039;\u00e9poque russe et du d\u00e9but du XXe\u00a0si\u00e8cle a parfois laiss\u00e9 leurs anciens habitants sans abri, et les d\u00e9bats sur la pr\u00e9servation du patrimoine continuent de faire \u00e9cho dans les s\u00e9ances d&#039;urbanisme municipal.<\/p>\n<p>L&#039;altitude d&#039;Erevan varie de 865 m\u00e8tres au-dessus du niveau de la mer sur les rives du Hrazdan \u00e0 1\u00a0390 m\u00e8tres dans ses hauteurs nord-est, la pla\u00e7ant parmi les cinquante villes les plus hautes du monde, avec une population d\u00e9passant le million d&#039;habitants. Un climat de steppe continentale semi-aride rythme l&#039;ann\u00e9e. Les \u00e9t\u00e9s sont d&#039;une s\u00e9cheresse torride, avec des temp\u00e9ratures diurnes atteignant parfois 40 \u00b0C en ao\u00fbt \u2013 le record de 43,7 \u00b0C \u00e9tabli le 12 juillet 2018 reste l&#039;un des plus \u00e9lev\u00e9s des annales m\u00e9t\u00e9orologiques arm\u00e9niennes. Les hivers, bien que brefs, peuvent descendre jusqu&#039;\u00e0 \u221215 \u00b0C ou moins, et les chutes de neige recouvrent les parcs de la ville. Les pr\u00e9cipitations annuelles atteignent \u00e0 peine 318 millim\u00e8tres, tandis que le ciel d\u00e9gag\u00e9 offre quelque 2\u00a0700 heures d&#039;ensoleillement par an.<\/p>\n<p>Sur le plan administratif, Erevan se distingue des provinces arm\u00e9niennes (marzer). Elle b\u00e9n\u00e9ficie d&#039;un statut particulier, contigu\u00eb \u00e0 la province de Kotayk au nord et \u00e0 l&#039;est, \u00e0 la province d&#039;Ararat au sud et au sud-ouest, \u00e0 la province d&#039;Armavir \u00e0 l&#039;ouest et \u00e0 la province d&#039;Aragatsotn au nord-ouest. Ses fronti\u00e8res municipales comprennent douze districts, chacun dot\u00e9 d&#039;un caract\u00e8re et d&#039;espaces publics uniques.<\/p>\n<p>Malgr\u00e9 sa densit\u00e9 \u2013 pr\u00e8s de 4\u00a0900 immeubles d&#039;habitation, quelque 65\u00a0000 lampadaires et plus de 1\u00a0080 kilom\u00e8tres de routes \u2013 la ville conserve d&#039;importantes enclaves vertes. Le parc Lyon, dans le district d&#039;Erebouni, occupe la plus ancienne parcelle de jardin, cr\u00e9\u00e9e et arros\u00e9e artificiellement \u00e0 c\u00f4t\u00e9 de la forteresse au VIIIe si\u00e8cle avant J.-C. Le parc anglais, pr\u00e8s du centre, et le parc des Amoureux, le long de l&#039;avenue Marshal Baghramyan, datent des XVIIIe et XIXe si\u00e8cles. Le jardin botanique d&#039;Erevan, ouvert en 1935, et le parc de la Victoire, construit dans les ann\u00e9es 1950, offrent de vastes espaces verts, tandis que le lac des Cygnes du parc de l&#039;Op\u00e9ra et du Th\u00e9\u00e2tre permet de patiner en hiver. Dans chaque district, des jardins de quartier \u2013 le parc Buenos Aires \u00e0 Ajapnyak, le parc Komitas \u00e0 Shengavit, le parc Fridtjof Nansen \u00e0 Nor Nork, entre autres \u2013 sont au service des habitants. En 1967, la ville a cr\u00e9\u00e9 un r\u00e9servoir artificiel sur l&#039;ancien lit du Hrazdan\u00a0; Les 0,65 kilom\u00e8tres carr\u00e9s de surface r\u00e9fl\u00e9chissante du lac d&#039;Erevan servent d\u00e9sormais de point d&#039;ancrage aux promenades r\u00e9cr\u00e9atives.<\/p>\n<p>La forteresse d&#039;Erebouni demeure un t\u00e9moin privil\u00e9gi\u00e9 des origines de la ville, sa porte urart\u00e9enne et ses inscriptions en pierre \u00e9voquant une \u00e9poque de bronze et de fer. L&#039;\u00e9glise de Katoghik\u00e9, construite en 1264, subsiste comme un fragment d&#039;une basilique plus vaste, sa nef de pierre simple offrant une humilit\u00e9 contrastant avec les arcs majestueux de la place de la R\u00e9publique de l&#039;\u00e9poque sovi\u00e9tique. \u00c0 l&#039;extr\u00e9mit\u00e9 est de la ville, la cath\u00e9drale Saint-Gr\u00e9goire-l&#039;Illuminateur, consacr\u00e9e en 2001, est la plus grande cath\u00e9drale arm\u00e9nienne du monde, sa fa\u00e7ade en tuf blanc t\u00e9moignant des 1\u00a0700 ans d&#039;histoire du christianisme arm\u00e9nien.<\/p>\n<p>\u00c0 proximit\u00e9, le m\u00e9morial de Tsitsernakaberd pr\u00e9serve la m\u00e9moire du g\u00e9nocide de 1915. Ses trois dalles de granit et sa flamme \u00e9ternelle jouxtent le Mus\u00e9e du g\u00e9nocide arm\u00e9nien, o\u00f9 photographies et t\u00e9moignages de survivants t\u00e9moignent des \u00e9v\u00e9nements qui ont transform\u00e9 la nation. La biblioth\u00e8que Matenadaran, avenue Machtots, abrite quelque 17\u00a0000 manuscrits \u2013 enluminures et notes marginales \u2013 retra\u00e7ant l&#039;\u00e9volution des lettres arm\u00e9niennes, grecques et moyen-orientales. Situ\u00e9s dans le m\u00eame b\u00e2timent que la place de la R\u00e9publique, la Galerie nationale et le Mus\u00e9e d&#039;histoire exposent des \u0153uvres d&#039;art nationales et europ\u00e9ennes, t\u00e9moignant du r\u00f4le d&#039;Erevan comme carrefour de la culture eurasienne.<\/p>\n<p>La curiosit\u00e9 scientifique trouve son expression dans des institutions sp\u00e9cialis\u00e9es : la r\u00e9serve d&#039;Erebuni pr\u00e9serve les steppes semi-d\u00e9sertiques et la flore end\u00e9mique ; le Little Einstein Interactive Science Museum invite les enfants \u00e0 participer \u00e0 des expositions interactives ; et le Space Museum et les mus\u00e9es des communications et de la m\u00e9decine retracent les avanc\u00e9es technologiques.<\/p>\n<p>\u00c0 travers les \u00e9poques de conqu\u00eate et d&#039;exil, le christianisme apostolique arm\u00e9nien a perdur\u00e9. Le dioc\u00e8se pontifical d&#039;Ararat, dont le si\u00e8ge est \u00e0 la cath\u00e9drale de Sourp Sarkis, compte parmi les plus anciens dioc\u00e8ses du monde. Aujourd&#039;hui, la ville compte dix-sept \u00e9glises et quatre chapelles en activit\u00e9, chacune \u00e9tant un lieu de rituel et de communaut\u00e9. L&#039;arm\u00e9nien classique, ou Grabar, perdure dans l&#039;usage liturgique, tandis que le dialecte vernaculaire d&#039;Erevan, fa\u00e7onn\u00e9 depuis au moins le XIIIe si\u00e8cle, comporte des emprunts au russe et au persan et demeure la variante arm\u00e9nienne orientale la plus r\u00e9pandue.<\/p>\n<p>Sur le plan d\u00e9mographique, Erevan est pass\u00e9e d&#039;une population majoritairement arm\u00e9nienne m\u00e9di\u00e9vale \u00e0 une population mixte, musulmane et arm\u00e9nienne, au XIXe si\u00e8cle, puis \u00e0 une population majoritairement arm\u00e9nienne \u00e0 la fin du XXe si\u00e8cle. Les expulsions ottomanes, les rapatriements russes et les migrations tragiques de l&#039;\u00e9poque du g\u00e9nocide ont provoqu\u00e9 des vagues de retours et de r\u00e9installations qui ont profond\u00e9ment modifi\u00e9 la mosa\u00efque urbaine.<\/p>\n<p>D&#039;anciennes chapelles en pierre \u2013 la chapelle de la Sainte M\u00e8re de Dieu \u00e0 Avan et l&#039;\u00e9glise de Tsiranavor \u2013 subsistent dans les faubourgs nord, au milieu des d\u00e9combres des tourelles m\u00e9di\u00e9vales. Le long du Hrazdan, un pont rouge du XVIIe si\u00e8cle \u00e9voque \u00e0 la fois la ruine et la reconstruction. L&#039;\u00e9poque sovi\u00e9tique est comm\u00e9mor\u00e9e par la statue de la M\u00e8re Arm\u00e9nie dominant le parc de la Victoire, ainsi que par les fa\u00e7ades de style sovi\u00e9tique de l&#039;Op\u00e9ra et du Cin\u00e9ma de Moscou. Parmi les monuments plus r\u00e9cents, citons le monument Garegin Nzhdeh (2016) et les terrasses en cascade impr\u00e9gn\u00e9es d&#039;art du Centre Cafesjian, o\u00f9 concerts gratuits et installations sculpturales animent le parcours pi\u00e9tonnier.<\/p>\n<p>L&#039;a\u00e9roport international de Zvartnots, situ\u00e9 \u00e0 douze kilom\u00e8tres \u00e0 l&#039;ouest de la ville, accueille les vols commerciaux, tandis que l&#039;a\u00e9roport adjacent d&#039;Erebouni dessert l&#039;aviation militaire et priv\u00e9e. En ville, les transports sont un patchwork de trolleybus municipaux, de bus urbains et de minibus priv\u00e9s. Bien que les minibus repr\u00e9sentent plus de la moiti\u00e9 des d\u00e9placements de passagers, l&#039;absence de billetterie unifi\u00e9e et la variabilit\u00e9 des normes posent probl\u00e8me aux r\u00e9gulateurs. Le m\u00e9tro d&#039;Erevan, baptis\u00e9 en l&#039;honneur de Karen Demirchyan, dessert la capitale depuis 1981 et transporte quelque 60\u00a0000 passagers par jour dans ses dix stations. Les liaisons ferroviaires longue distance desservent principalement Tbilissi et l&#039;Arm\u00e9nie\u00a0; les lignes vers la Turquie et l&#039;Azerba\u00efdjan restent ferm\u00e9es.<\/p>\n<p>L&#039;industrie, autrefois mise \u00e0 mal par l&#039;effondrement post-sovi\u00e9tique, conserve ses atouts dans les domaines de la chimie, de la m\u00e9tallurgie, des machines, du textile et de l&#039;agroalimentaire. Pr\u00e8s de 41 % de la production industrielle arm\u00e9nienne provient d&#039;Erevan. Le tourisme compl\u00e8te d\u00e9sormais l&#039;industrie manufacturi\u00e8re\u00a0: des h\u00f4tels haut de gamme (Marriott, Hyatt, Radisson Blu) et de nouveaux centres commerciaux comme Dalma Garden Mall, Yerevan Mall et Rossia Mall accueillent les visiteurs internationaux. Les fontaines dansantes de la place de la R\u00e9publique et la vue panoramique sur le mont Ararat attirent des milliers de visiteurs chaque ann\u00e9e.<\/p>\n<p>Au centre, Kentron, dont le plan concentrique est sign\u00e9 de l&#039;architecte Alexander Tamanian, englobe la place de la R\u00e9publique et le quartier de l&#039;Op\u00e9ra, unifi\u00e9s par les fa\u00e7ades vitr\u00e9es et les caf\u00e9s de l&#039;avenue du Nord. Au nord, le bazar couvert de Barekamutyun t\u00e9moigne de si\u00e8cles de commerce. Le quartier, famili\u00e8rement appel\u00e9 Monument, s&#039;\u00e9l\u00e8ve autour des marches en cascade et du m\u00e9morial de la victoire sovi\u00e9tique. Plus loin, les ruines antiques d&#039;Erebouni se cachent \u00e0 l&#039;ombre des trains de banlieue, tandis que le quartier surnomm\u00e9 Bangladesh \u2013 ainsi nomm\u00e9 en raison de son \u00e9loignement du centre-ville \u2013 abrite le plus grand march\u00e9 en plein air de la ville. Nor Nork, derni\u00e8re extension r\u00e9sidentielle d&#039;Erevan datant de l&#039;\u00e8re sovi\u00e9tique, conduit les voyageurs vers les temples de Garni et de Geghard.<\/p>\n<p>Dans une ville ras\u00e9e et reconstruite, chant\u00e9e et pleur\u00e9e, Erevan respire aujourd&#039;hui une confiance tranquille. Elle \u00e9quilibre le poids de l&#039;antiquit\u00e9 avec l&#039;urgence du renouveau. Par un matin de printemps, on peut fl\u00e2ner sous les platanes fra\u00eechement plant\u00e9s, le long des pierres du XVIIe si\u00e8cle, entendre des phrases famili\u00e8res teint\u00e9es de vestiges persans et apercevoir \u00e0 travers la brume les deux pics de l&#039;Ararat. Ceux qui arpentent ses rues sont confront\u00e9s \u00e0 des couches de m\u00e9moire\u00a0: chaque boulevard, chaque all\u00e9e de jardin, chaque \u00e9glise, chaque fontaine, portent l&#039;empreinte d&#039;innombrables vies, parmi lesquelles celles de pr\u00eatres ourartiens, d&#039;ing\u00e9nieurs russes, de po\u00e8tes sovi\u00e9tiques et de citoyens d&#039;aujourd&#039;hui qui continuent de fa\u00e7onner l&#039;histoire toujours renouvel\u00e9e de cette ville.<\/p>","protected":false},"excerpt":{"rendered":"<p>Situ\u00e9e le long du fleuve Hrazdan, Erevan, capitale et plus grande ville d&#039;Arm\u00e9nie, comptait 1\u00a0092\u00a0800 habitants en 2022, soit plus de 35\u00a0% de la population nationale. Figurant parmi les plus anciennes villes habit\u00e9es en permanence au monde, cette cit\u00e9 antique t\u00e9moigne de la p\u00e9rennit\u00e9 humaine et de la continuit\u00e9 culturelle. Depuis des mill\u00e9naires, la situation strat\u00e9gique d&#039;Erevan, \u00e0 l&#039;extr\u00e9mit\u00e9 ouest de la plaine d&#039;Ararat, a domin\u00e9 l&#039;histoire, la culture et l&#039;\u00e9conomie arm\u00e9niennes.<\/p>","protected":false},"author":1,"featured_media":3901,"parent":14631,"menu_order":0,"comment_status":"closed","ping_status":"closed","template":"elementor_theme","meta":{"_eb_attr":"","footnotes":""},"class_list":["post-14637","page","type-page","status-publish","has-post-thumbnail"],"_links":{"self":[{"href":"https:\/\/travelshelper.com\/fr\/wp-json\/wp\/v2\/pages\/14637","targetHints":{"allow":["GET"]}}],"collection":[{"href":"https:\/\/travelshelper.com\/fr\/wp-json\/wp\/v2\/pages"}],"about":[{"href":"https:\/\/travelshelper.com\/fr\/wp-json\/wp\/v2\/types\/page"}],"author":[{"embeddable":true,"href":"https:\/\/travelshelper.com\/fr\/wp-json\/wp\/v2\/users\/1"}],"replies":[{"embeddable":true,"href":"https:\/\/travelshelper.com\/fr\/wp-json\/wp\/v2\/comments?post=14637"}],"version-history":[{"count":0,"href":"https:\/\/travelshelper.com\/fr\/wp-json\/wp\/v2\/pages\/14637\/revisions"}],"up":[{"embeddable":true,"href":"https:\/\/travelshelper.com\/fr\/wp-json\/wp\/v2\/pages\/14631"}],"wp:featuredmedia":[{"embeddable":true,"href":"https:\/\/travelshelper.com\/fr\/wp-json\/wp\/v2\/media\/3901"}],"wp:attachment":[{"href":"https:\/\/travelshelper.com\/fr\/wp-json\/wp\/v2\/media?parent=14637"}],"curies":[{"name":"wp","href":"https:\/\/api.w.org\/{rel}","templated":true}]}}