{"id":14616,"date":"2024-09-19T21:24:23","date_gmt":"2024-09-19T21:24:23","guid":{"rendered":"https:\/\/travelshelper.com\/staging\/?page_id=14616"},"modified":"2026-03-11T22:25:06","modified_gmt":"2026-03-11T22:25:06","slug":"bielorussie","status":"publish","type":"page","link":"https:\/\/travelshelper.com\/fr\/destinations\/europe\/belarus\/","title":{"rendered":"Bi\u00e9lorussie"},"content":{"rendered":"<p>La Bi\u00e9lorussie, officiellement appel\u00e9e R\u00e9publique de Bi\u00e9lorussie, occupe une position centrale en Europe de l&#039;Est. D&#039;une superficie de 207\u00a0600 kilom\u00e8tres carr\u00e9s, elle s&#039;\u00e9tend entre les latitudes 51\u00b0 et 57\u00b0 N et les longitudes 23\u00b0 et 33\u00b0 E, partageant des fronti\u00e8res avec la Russie \u00e0 l&#039;est et au nord-est, l&#039;Ukraine au sud, la Pologne \u00e0 l&#039;ouest, et la Lituanie et la Lettonie au nord-ouest. Abritant quelque 9,1 millions d&#039;habitants, la r\u00e9publique est organis\u00e9e en six r\u00e9gions administratives, tandis que sa capitale, Minsk, b\u00e9n\u00e9ficie d&#039;un statut particulier. Ce territoire relativement plat, caract\u00e9ris\u00e9 par de vastes marais et de vastes \u00e9tendues foresti\u00e8res, pr\u00e9sente un paysage \u00e0 la fois sobre et discr\u00e8tement vari\u00e9.<\/p>\n<p>S&#039;\u00e9levant \u00e0 peine \u00e0 345 m\u00e8tres au-dessus du niveau de la mer \u00e0 Dzyarzhynskaya Hara et plongeant jusqu&#039;\u00e0 90 m\u00e8tres sur la rive la plus basse du Ni\u00e9men, le relief de la Bi\u00e9lorussie est doux. Son climat h\u00e9mibor\u00e9al se caract\u00e9rise par des hivers o\u00f9 les minima moyens de janvier varient de \u20134 \u00b0C dans le sud-ouest, autour de Brest, \u00e0 \u20138 \u00b0C dans le nord-est, pr\u00e8s de Vitebsk, tandis que les \u00e9t\u00e9s restent frais et humides, avec une moyenne de 18 \u00b0C. Les pr\u00e9cipitations annuelles oscillent entre 550 et 700 millim\u00e8tres, refl\u00e9tant une position de transition entre les r\u00e9gimes continentaux et maritimes. Un dense r\u00e9seau de ruisseaux et quelque 11\u00a0000 lacs compl\u00e8tent trois principaux fleuves \u2013 le Ni\u00e9men, la Pripiat et le Dniepr \u2013 reliant le pays \u00e0 la mer Baltique et \u00e0 la mer Noire par leurs cours.<\/p>\n<p>Pr\u00e8s de 43 % de la superficie de la Bi\u00e9lorussie \u00e9tait couverte de for\u00eats en 2020, contre environ 37 % en 1990. Sur les 8,8 millions d&#039;hectares de for\u00eats, quelque 6,6 millions d&#039;hectares se r\u00e9g\u00e9n\u00e8rent naturellement, tandis que 2,2 millions d&#039;hectares doivent leur origine \u00e0 un reboisement planifi\u00e9. Seule une petite fraction, peut-\u00eatre 2 %, conserve les caract\u00e9ristiques de la for\u00eat primaire, mais environ 16 % de toutes les for\u00eats se trouvent dans des zones officiellement prot\u00e9g\u00e9es. Cette abondance arboricole coexiste avec des plaines mar\u00e9cageuses, notamment dans la r\u00e9gion de Pol\u00e9sie, o\u00f9 les d\u00e9p\u00f4ts de tourbe repr\u00e9sentent \u00e0 la fois une caract\u00e9ristique \u00e9cologique et une ressource exploitable.<\/p>\n<p>Sous ses sols, la Bi\u00e9lorussie rec\u00e8le de modestes quantit\u00e9s de p\u00e9trole et de gaz naturel, ainsi que des ressources min\u00e9rales plus abondantes\u00a0: granit, dolomie, marne, craie, sable, gravier et argile. Pourtant, l&#039;h\u00e9ritage de la catastrophe de Tchernobyl de 1986 persiste\u00a0: environ 70\u00a0% des retomb\u00e9es radioactives du r\u00e9acteur ukrainien sinistr\u00e9 se sont d\u00e9pos\u00e9es sur le territoire bi\u00e9lorusse, contaminant environ un cinqui\u00e8me de son territoire, principalement dans le sud-est. Des efforts internationaux, men\u00e9s par les Nations Unies et les agences alli\u00e9es, ont cherch\u00e9 \u00e0 r\u00e9duire les concentrations de c\u00e9sium 137 dans les sols par des interventions agricoles \u2013 parmi lesquelles la culture du colza et l&#039;application de liants \u2013, tandis que la foresterie et la gestion des terres s&#039;adaptent aux contraintes radiologiques \u00e0 long terme.<\/p>\n<p>Les fronti\u00e8res modernes de la Bi\u00e9lorussie ont \u00e9t\u00e9 en grande partie d\u00e9finies au XXe si\u00e8cle. Suite au d\u00e9clin de la R\u00e9publique des Deux Nations \u00e0 la fin du XVIIIe si\u00e8cle, ces territoires ont \u00e9t\u00e9 englob\u00e9s par l&#039;Empire russe. Apr\u00e8s les tumultes de la R\u00e9volution russe, une s\u00e9rie d&#039;\u00c9tats \u00e9ph\u00e9m\u00e8res se sont disput\u00e9s le contr\u00f4le du territoire, aboutissant \u00e0 la cr\u00e9ation de la R\u00e9publique socialiste sovi\u00e9tique de Bi\u00e9lorussie en 1919. La guerre polono-sovi\u00e9tique (1918-1921) a c\u00e9d\u00e9 pr\u00e8s de la moiti\u00e9 de ces territoires \u00e0 la Pologne, mais l&#039;invasion sovi\u00e9tique de la Pologne orientale en 1939 a annul\u00e9 une grande partie de ces pertes. Les d\u00e9marcations d\u00e9finitives se sont cristallis\u00e9es au lendemain de la Seconde Guerre mondiale, lorsque la pratique administrative sovi\u00e9tique a consolid\u00e9 les six r\u00e9gions de Bi\u00e9lorussie et le statut sp\u00e9cial de Minsk.<\/p>\n<p>La Seconde Guerre mondiale a d\u00e9vast\u00e9 la soci\u00e9t\u00e9 et l&#039;\u00e9conomie bi\u00e9lorusses\u00a0: les op\u00e9rations militaires et l&#039;occupation ont co\u00fbt\u00e9 la vie \u00e0 pr\u00e8s d&#039;un quart de ses citoyens et an\u00e9anti la moiti\u00e9 de ses capacit\u00e9s industrielles et agricoles. Au milieu de ces destructions, un mouvement partisan r\u00e9silient, uni par une d\u00e9termination antinazie et d&#039;une composition remarquablement diversifi\u00e9e, a \u00e9merg\u00e9 et a fa\u00e7onn\u00e9 la politique d&#039;apr\u00e8s-guerre pendant des d\u00e9cennies. En 1945, membre fondateur des Nations Unies aux c\u00f4t\u00e9s de l&#039;Union sovi\u00e9tique, la RSS de Bi\u00e9lorussie a entam\u00e9 une transformation rapide, passant d&#039;un arri\u00e8re-pays agraire \u00e0 une r\u00e9publique industrielle, guid\u00e9e par la planification centralis\u00e9e et la collectivisation.<\/p>\n<p>Alors que le vent du changement balayait l&#039;Europe de l&#039;Est, le Soviet supr\u00eame de Bi\u00e9lorussie proclama sa souverainet\u00e9 le 27 juillet 1990. Moins d&#039;un an plus tard, la dissolution de l&#039;Union sovi\u00e9tique donna l&#039;ind\u00e9pendance totale le 25 ao\u00fbt 1991. Une nouvelle constitution suivit trois ans plus tard, et en 1994, Alexandre Loukachenko fut \u00e9lu pr\u00e9sident lors du seul scrutin libre du pays depuis l&#039;ind\u00e9pendance. Son mandat, qui dure maintenant depuis pr\u00e8s de trois d\u00e9cennies, a vu le maintien d&#039;une importante participation de l&#039;\u00c9tat, la r\u00e9pression des m\u00e9dias ind\u00e9pendants et de la soci\u00e9t\u00e9 civile, et la concentration du pouvoir au sein d&#039;un ex\u00e9cutif hautement centralis\u00e9. Les libert\u00e9s de la presse et de r\u00e9union comptent parmi les plus restreintes d&#039;Europe, et la peine capitale reste en vigueur.<\/p>\n<p>La Bi\u00e9lorussie entretient un r\u00e9seau d&#039;affiliations internationales\u00a0: elle est membre des Nations Unies, de la Communaut\u00e9 des \u00c9tats ind\u00e9pendants, de l&#039;Organisation du trait\u00e9 de s\u00e9curit\u00e9 collective et de l&#039;Union \u00e9conomique eurasienne, et participe \u00e0 l&#039;Organisation pour la s\u00e9curit\u00e9 et la coop\u00e9ration en Europe et au Mouvement des pays non align\u00e9s. Ses relations bilat\u00e9rales avec l&#039;Union europ\u00e9enne perdurent, bien que l&#039;adh\u00e9sion n&#039;ait jamais \u00e9t\u00e9 sollicit\u00e9e. Ses tentatives d&#039;adh\u00e9sion au Conseil de l&#039;Europe en 1993 ont \u00e9t\u00e9 repouss\u00e9es en raison d&#039;irr\u00e9gularit\u00e9s \u00e9lectorales et de pr\u00e9occupations en mati\u00e8re de droits de l&#039;homme, et son engagement limit\u00e9 aupr\u00e8s de cet organisme a pris fin en 2022, suite au r\u00f4le jou\u00e9 par la Bi\u00e9lorussie dans la facilitation de l&#039;invasion de l&#039;Ukraine par la Russie.<\/p>\n<p>Sur le plan \u00e9conomique, la Bi\u00e9lorussie se classe au soixanti\u00e8me rang de l&#039;Indice de d\u00e9veloppement humain des Nations Unies, ce qui t\u00e9moigne d&#039;un d\u00e9veloppement humain tr\u00e8s \u00e9lev\u00e9 malgr\u00e9 son statut de pays en d\u00e9veloppement. En 2019, le secteur manufacturier a contribu\u00e9 \u00e0 environ 31 % du PIB et a employ\u00e9 un peu moins de 35 % de la population active, bien que sa croissance ait \u00e9t\u00e9 inf\u00e9rieure \u00e0 celle de l&#039;\u00e9conomie en g\u00e9n\u00e9ral. L&#039;agriculture assure la subsistance des populations rurales, la pomme de terre et l&#039;\u00e9levage bovin \u00e9tant parmi les principales productions. Le contr\u00f4le de l&#039;\u00c9tat sur les grandes entreprises persiste, m\u00eame si des r\u00e9formes de march\u00e9 limit\u00e9es et le commerce international soutiennent une modeste diversification \u00e9conomique.<\/p>\n<p>L&#039;histoire mon\u00e9taire a \u00e9t\u00e9 marqu\u00e9e par des p\u00e9riodes d&#039;instabilit\u00e9. Le rouble bi\u00e9lorusse a \u00e9t\u00e9 introduit en mai 1992 pour supplanter la monnaie sovi\u00e9tique et a connu deux changements de d\u00e9nomination\u00a0: d&#039;abord en 2000, puis en juillet 2016, lorsque 10\u00a0000 anciens roubles sont devenus un nouveau rouble (BYN). Une d\u00e9valuation s\u00e9v\u00e8re en mai 2011 \u2013 la monnaie ayant perdu environ 56\u00a0% de sa valeur face au dollar am\u00e9ricain en une seule journ\u00e9e \u2013 a suscit\u00e9 une demande de sauvetage du Fonds mon\u00e9taire international. Les \u00e9pisodes de contr\u00f4le des prix, dont un gel annonc\u00e9 en octobre 2022 pour freiner l&#039;inflation alimentaire, illustrent la position interventionniste du gouvernement. En janvier 2023, une loi a l\u00e9galis\u00e9 l&#039;utilisation non autoris\u00e9e de la propri\u00e9t\u00e9 intellectuelle de pays jug\u00e9s \u00ab\u00a0inamicaux\u00a0\u00bb.<\/p>\n<p>Le secteur bancaire est compos\u00e9 de deux niveaux\u00a0: la Banque nationale de la R\u00e9publique de Bi\u00e9lorussie, \u00e0 son sommet, et vingt-cinq institutions commerciales situ\u00e9es en dessous. La politique mon\u00e9taire, l\u2019allocation du cr\u00e9dit et la gestion du taux de change restent sous la surveillance \u00e9troite du gouvernement, refl\u00e9tant ainsi le sch\u00e9ma g\u00e9n\u00e9ral d\u2019intervention de l\u2019\u00c9tat dans l\u2019\u00e9conomie.<\/p>\n<p>La population de la Bi\u00e9lorussie, qui s&#039;\u00e9l\u00e8ve \u00e0 environ 9,41 millions d&#039;habitants (recensement de 2019), est majoritairement bi\u00e9lorusse, \u00e0 environ 84,9 %. Les minorit\u00e9s russe, polonaise et ukrainienne repr\u00e9sentent respectivement 7,5 %, 3,1 % et 1,7 %. Avec une densit\u00e9 moyenne proche de cinquante personnes au kilom\u00e8tre carr\u00e9, environ soixante-dix pour cent de la population r\u00e9side en zone urbaine. Minsk, qui compte pr\u00e8s de deux millions d&#039;habitants, constitue le c\u0153ur politique, culturel et \u00e9conomique du pays\u00a0; les autres principales villes sont Gomel (481\u00a0000 habitants), Moguilev (365\u00a0100 habitants), Vitebsk (342\u00a0400 habitants), Grodno (314\u00a0800 habitants) et Brest (298\u00a0300 habitants).<\/p>\n<p>Fran\u00e7ais Le d\u00e9clin naturel de la population a \u00e9t\u00e9 compens\u00e9 marginalement par l&#039;immigration nette. En 2007, la Bi\u00e9lorussie a connu un taux de croissance n\u00e9gatif de 0,41 %, soutenu par un taux de f\u00e9condit\u00e9 de 1,22 enfant par femme \u2013 bien en dessous du seuil de remplacement. La migration nette, d&#039;environ +0,38 pour mille, contraste avec les flux migratoires observ\u00e9s ailleurs dans la r\u00e9gion. Le profil d\u00e9mographique est plus \u00e2g\u00e9 : en 2015, environ 14 % \u00e9taient \u00e2g\u00e9s de 65 ans ou plus, et l&#039;\u00e2ge m\u00e9dian de 34 ans devrait d\u00e9passer 60 ans d&#039;ici le milieu du si\u00e8cle. L&#039;esp\u00e9rance de vie est en moyenne de 72,15 ans \u2013 78,1 ans pour les femmes et 66,5 ans pour les hommes \u2013 et le taux d&#039;alphab\u00e9tisation d\u00e9passe 99 % chez les personnes \u00e2g\u00e9es de 15 ans et plus.<\/p>\n<p>L&#039;appartenance religieuse refl\u00e8te une pr\u00e9dominance de l&#039;orthodoxie orientale, \u00e0 laquelle adh\u00e8re environ 48 % de la population. Les donn\u00e9es du recensement de 2011 indiquent que 59 % d&#039;entre eux adh\u00e8rent \u00e0 une identit\u00e9 religieuse\u00a0: environ 82\u00a0% d&#039;entre eux se rallient \u00e0 l&#039;Exarchat bi\u00e9lorusse de l&#039;\u00c9glise orthodoxe russe, tandis que des organisations orthodoxes plus petites et une \u00c9glise orthodoxe autoc\u00e9phale bi\u00e9lorusse existent \u00e9galement. Les catholiques romains repr\u00e9sentent environ 7,1\u00a0%, principalement dans les r\u00e9gions occidentales, tandis que les confessions protestantes, les catholiques grecs, les juifs, les musulmans et les groupes n\u00e9o-pa\u00efens constituent le reste. Environ 41\u00a0% des Bi\u00e9lorusses se d\u00e9clarent sans religion.<\/p>\n<p>Deux langues b\u00e9n\u00e9ficient d&#039;un statut officiel\u00a0: le bi\u00e9lorusse et le russe. Lors du recensement de 2009, 53\u00a0% des personnes interrog\u00e9es d\u00e9claraient le bi\u00e9lorusse comme langue maternelle, et 41\u00a0% citaient le russe. Pourtant, le russe domine le langage courant dans environ 70\u00a0% des foyers, contre 23\u00a0% pour le bi\u00e9lorusse. Depuis le milieu des ann\u00e9es\u00a01990, l&#039;enseignement urbain s&#039;est orient\u00e9 vers l&#039;enseignement du russe, et la production annuelle de litt\u00e9rature en bi\u00e9lorusse a fortement diminu\u00e9.<\/p>\n<p>La Bi\u00e9lorussie pr\u00e9serve quatre sites inscrits au patrimoine mondial de l&#039;UNESCO. Le ch\u00e2teau de Mir et l&#039;ensemble r\u00e9sidentiel et d\u00e9fensif du ch\u00e2teau de Nesvizh illustrent l&#039;architecture m\u00e9di\u00e9vale tardive et l&#039;urbanisme aristocratique. L&#039;arc g\u00e9od\u00e9sique transnational de Struve comm\u00e9more les travaux g\u00e9od\u00e9siques du XIXe si\u00e8cle, marquant des points de relev\u00e9 dans dix pays. Enfin, les souches primitives de la for\u00eat de Bia\u0142owie\u017ca \u2013 connue sous le nom de Belovezhskaya Pushcha du c\u00f4t\u00e9 bi\u00e9lorusse \u2013 abritent des bisons d&#039;Europe parmi des ch\u00eanes et des pins primitifs, offrant un aper\u00e7u vivant de l&#039;Europe pr\u00e9industrielle.<\/p>\n<p>Au-del\u00e0 de ces monuments, les visiteurs d\u00e9couvrent les vestiges d&#039;un riche pass\u00e9 architectural, en grande partie disparu pendant la Seconde Guerre mondiale ou \u00e0 cause de l&#039;urbanisme d&#039;apr\u00e8s-guerre. Minsk, enti\u00e8rement reconstruite apr\u00e8s ses destructions, m\u00eale aujourd&#039;hui des structures monumentales de style socialiste-r\u00e9aliste \u00e0 des caf\u00e9s, mus\u00e9es et lieux culturels contemporains. La place de l&#039;Ind\u00e9pendance, encadr\u00e9e par l&#039;ancien si\u00e8ge du KGB et le Mus\u00e9e national d&#039;\u00c9tat, est le point d&#039;ancrage de la vie civique de la ville\u00a0; \u00e0 proximit\u00e9, le monument juif Zaslavsky comm\u00e9more les communaut\u00e9s disparues.<\/p>\n<p>\u00c0 Brest, \u00e0 la fronti\u00e8re occidentale, la forteresse du XIXe si\u00e8cle se dresse comme un monument \u00e0 la r\u00e9sistance sovi\u00e9tique lors de l&#039;op\u00e9ration Barbarossa. Pour d\u00e9couvrir l&#039;artisanat rural du XIXe si\u00e8cle, les voyageurs peuvent se rendre au mus\u00e9e en plein air de Dudutki, o\u00f9 des structures en bois et en chaume accueillent des d\u00e9monstrations de poterie, de menuiserie, de boulangerie et d&#039;artisanat. Pour des havres de paix en pleine nature, la r\u00e9serve de Pripiat et la r\u00e9gion des lacs de Braslav offrent des zones humides, des \u00eeles et des rives bois\u00e9es. Quatre parcs nationaux \u2013 Belovezhskaya Pushcha, Pripiatsky, les lacs de Braslav et Osipovichsky \u2013 offrent des habitats diversifi\u00e9s pour la faune et des possibilit\u00e9s d&#039;exploration tranquille.<\/p>\n<p>Les mesures de s\u00e9curit\u00e9 sont similaires \u00e0 celles d&#039;un \u00c9tat \u00e9troitement surveill\u00e9. Les d\u00e9lits mineurs contre les visiteurs sont rares, mais la prudence est de mise lors des transactions financi\u00e8res, car la fraude et la cybercriminalit\u00e9 sont monnaie courante. Les autorit\u00e9s exercent une surveillance omnipr\u00e9sente\u00a0: les chambres d&#039;h\u00f4tel, les communications et les effets personnels peuvent \u00eatre inspect\u00e9s. Photographier des installations militaires, gouvernementales ou frontali\u00e8res peut entra\u00eener une condamnation officielle. L&#039;ivresse publique et l&#039;utilisation de blasph\u00e8mes sont passibles d&#039;amendes ou de d\u00e9tention.<\/p>\n<p>Les rassemblements politiques risquent d&#039;\u00eatre brutalement r\u00e9prim\u00e9s\u00a0; la dissidence est p\u00e9nalis\u00e9e et la libert\u00e9 d&#039;expression fortement restreinte. Les manifestants arborent souvent la banni\u00e8re historique blanc-rouge-blanc de 1918-1995, symbole de la diaspora et de l&#039;opposition\u00a0; son apparition en public signale un risque \u00e9lev\u00e9 d&#039;arrestation. M\u00eame des gestes aussi anodins que des applaudissements peuvent attirer une attention ind\u00e9sirable, ayant \u00e9t\u00e9 adopt\u00e9s par les critiques du r\u00e9gime. Des journalistes \u00e9trangers, notamment d&#039;origine polonaise, ont \u00e9t\u00e9 refoul\u00e9s, plac\u00e9s en d\u00e9tention et interrog\u00e9s.<\/p>\n<p>Les attitudes envers les visiteurs LGBT restent conservatrices. Bien que la l\u00e9gislation ne criminalise plus les relations homosexuelles consenties, l&#039;acceptation sociale est limit\u00e9e, surtout parmi les g\u00e9n\u00e9rations plus \u00e2g\u00e9es, et les d\u00e9monstrations d&#039;affection en public sont d\u00e9conseill\u00e9es. Les conditions de conduite varient, allant de praticables sur les autoroutes principales \u00e0 dangereuses en hiver\u00a0: nids-de-poule, faible \u00e9clairage, comportement impr\u00e9visible des pi\u00e9tons et non-respect occasionnel du code de la route exigent une vigilance accrue.<\/p>\n<p>Les soins de sant\u00e9 sont loin d&#039;\u00eatre \u00e0 la hauteur des normes occidentales. Les \u00e9tablissements manquent souvent d&#039;\u00e9quipements modernes, et la barri\u00e8re linguistique aggrave les difficult\u00e9s pour les personnes ne parlant pas le russe ou le bi\u00e9lorusse. Le temps de r\u00e9ponse des ambulances peut d\u00e9passer trente minutes, faisant de l&#039;\u00e9vacuation sanitaire la voie la plus fiable vers des soins avanc\u00e9s. La tuberculose pose des probl\u00e8mes croissants, et l&#039;eau du robinet est impropre \u00e0 la consommation\u00a0; l&#039;eau en bouteille est fortement d\u00e9conseill\u00e9e. Les denr\u00e9es alimentaires sont soumises \u00e0 des contr\u00f4les bact\u00e9riologiques et radiologiques, mais les produits provenant d&#039;un rayon de cinquante kilom\u00e8tres du r\u00e9acteur de Tchernobyl restent interdits.<\/p>\n<p>L&#039;\u00e9tiquette en Bi\u00e9lorussie refl\u00e8te une culture plus r\u00e9serv\u00e9e. Les Bi\u00e9lorusses privil\u00e9gient la r\u00e9serve en public, o\u00f9 sourire aux inconnus peut \u00eatre interpr\u00e9t\u00e9 comme un manque de sinc\u00e9rit\u00e9 ou une moquerie. Les premi\u00e8res rencontres suscitent souvent des r\u00e9ponses concises plut\u00f4t qu&#039;une chaleur chaleureuse et chaleureuse\u00a0; la confiance et l&#039;ouverture s&#039;installent progressivement. La galanterie demeure de mise\u00a0: les hommes offrent souvent une aide pratique aux femmes, qui, en retour, anticipent ces marques de courtoisie. Il est pr\u00e9f\u00e9rable d&#039;\u00e9viter les discours politiques, notamment concernant le pr\u00e9sident Loukachenko ou l&#039;h\u00e9ritage sovi\u00e9tique, car de tels sujets peuvent susciter un malaise ou des repr\u00e9sailles officielles.<\/p>\n<p>Dans les villages paisibles de Bi\u00e9lorussie comme dans ses centres urbains modernes, l&#039;interaction entre rupture historique et persistance culturelle fa\u00e7onne un environnement \u00e0 la fois stimulant et discr\u00e8tement fascinant. Si une grande partie de son pass\u00e9 a \u00e9t\u00e9 perdue \u2013 entre violences de guerre et reconstruction uniforme \u2013, des traces subsistent dans les for\u00eats d\u00e9vast\u00e9es, dans la ma\u00e7onnerie des ch\u00e2teaux et dans le rythme sto\u00efque de la vie quotidienne. Pour qui est pr\u00eat \u00e0 regarder au-del\u00e0 des apparences, la Bi\u00e9lorussie offre une exp\u00e9rience de r\u00e9silience et de continuit\u00e9, marqu\u00e9e par la r\u00e9alit\u00e9 brute de son peuple et la beaut\u00e9 subtile d&#039;une terre en constante, quoique contenue, transformation.<\/p>","protected":false},"excerpt":{"rendered":"<p>Avec une population estim\u00e9e \u00e0 pr\u00e8s de 9,1 millions d&#039;habitants, la Bi\u00e9lorussie, anciennement connue sous le nom de R\u00e9publique de Bi\u00e9lorussie, est un pays enclav\u00e9 d&#039;Europe de l&#039;Est. Sa situation strat\u00e9gique, \u00e0 la jonction de l&#039;Europe et de l&#039;Asie, a influenc\u00e9 son d\u00e9veloppement historique, son identit\u00e9 culturelle et son importance g\u00e9opolitique. Class\u00e9e 13e en Europe par sa superficie, la nation s&#039;\u00e9tend sur 207\u00a0600 kilom\u00e8tres carr\u00e9s (80\u00a0200 miles carr\u00e9s). Elle est entour\u00e9e par la Russie \u00e0 l&#039;est et au nord-est, l&#039;Ukraine au sud, la Pologne \u00e0 l&#039;ouest, la Lituanie et la Lettonie au nord-ouest. Le d\u00e9veloppement du pays et ses interactions historiques avec les \u00c9tats voisins ont \u00e9t\u00e9 fortement influenc\u00e9s par sa situation g\u00e9ographique.<\/p>","protected":false},"author":1,"featured_media":2825,"parent":24078,"menu_order":0,"comment_status":"closed","ping_status":"closed","template":"elementor_theme","meta":{"_eb_attr":"","footnotes":""},"class_list":["post-14616","page","type-page","status-publish","has-post-thumbnail"],"_links":{"self":[{"href":"https:\/\/travelshelper.com\/fr\/wp-json\/wp\/v2\/pages\/14616","targetHints":{"allow":["GET"]}}],"collection":[{"href":"https:\/\/travelshelper.com\/fr\/wp-json\/wp\/v2\/pages"}],"about":[{"href":"https:\/\/travelshelper.com\/fr\/wp-json\/wp\/v2\/types\/page"}],"author":[{"embeddable":true,"href":"https:\/\/travelshelper.com\/fr\/wp-json\/wp\/v2\/users\/1"}],"replies":[{"embeddable":true,"href":"https:\/\/travelshelper.com\/fr\/wp-json\/wp\/v2\/comments?post=14616"}],"version-history":[{"count":0,"href":"https:\/\/travelshelper.com\/fr\/wp-json\/wp\/v2\/pages\/14616\/revisions"}],"up":[{"embeddable":true,"href":"https:\/\/travelshelper.com\/fr\/wp-json\/wp\/v2\/pages\/24078"}],"wp:featuredmedia":[{"embeddable":true,"href":"https:\/\/travelshelper.com\/fr\/wp-json\/wp\/v2\/media\/2825"}],"wp:attachment":[{"href":"https:\/\/travelshelper.com\/fr\/wp-json\/wp\/v2\/media?parent=14616"}],"curies":[{"name":"wp","href":"https:\/\/api.w.org\/{rel}","templated":true}]}}