{"id":14462,"date":"2024-09-19T15:06:27","date_gmt":"2024-09-19T15:06:27","guid":{"rendered":"https:\/\/travelshelper.com\/staging\/?page_id=14462"},"modified":"2026-03-11T22:45:17","modified_gmt":"2026-03-11T22:45:17","slug":"rovinj","status":"publish","type":"page","link":"https:\/\/travelshelper.com\/fr\/destinations\/europe\/croatia\/rovinj\/","title":{"rendered":"Rovinj"},"content":{"rendered":"<p>Rovinj occupe un mince promontoire sur la rive occidentale de la p\u00e9ninsule d&#039;Istrie, sa silhouette compacte s&#039;\u00e9tendant vers le nord de l&#039;Adriatique telle une trace \u00e9rod\u00e9e par les si\u00e8cles d&#039;activit\u00e9 humaine. La ville s&#039;\u00e9l\u00e8ve en gradins sur un rivage en pente douce, couronn\u00e9e par le clocher de son \u00e9glise paroissiale du XVe si\u00e8cle, et est encadr\u00e9e par la mer et le ciel aux tons rose et or \u00e0 l&#039;aube et au cr\u00e9puscule. Depuis ses d\u00e9buts comme colonie de tribus illyriennes et v\u00e9nitiennes jusqu&#039;\u00e0 son statut actuel de destination c\u00f4ti\u00e8re incontournable de Croatie, Rovinj porte les marques d&#039;histoires plurielles, de souverainet\u00e9s changeantes et d&#039;une culture locale profond\u00e9ment ancr\u00e9e dans la terre et la mer.<\/p>\n<p>D\u00e8s son origine, l&#039;identit\u00e9 de Rovinj a \u00e9t\u00e9 fa\u00e7onn\u00e9e par ses langues. Le nom croate, Rovinj, fait \u00e9cho \u00e0 l&#039;h\u00e9ritage slave qui s&#039;est form\u00e9 apr\u00e8s la Seconde Guerre mondiale, tandis que les noms italien et v\u00e9nitien, Rovigno, et ses variantes istriotes, Ruv\u00e8igno ou Ruve\u00eegno, rappellent une \u00e9poque o\u00f9 les langues d&#039;origine latine dominaient le langage local. Idiome roman autrefois r\u00e9pandu en Istrie occidentale, l&#039;istriot ne survit aujourd&#039;hui que dans la bouche d&#039;une poign\u00e9e d&#039;habitants, vestiges d&#039;un h\u00e9ritage linguistique remontant \u00e0 l&#039;\u00e9poque romaine. Officiellement, la municipalit\u00e9 honore \u00e0 parts \u00e9gales le croate et l&#039;italien, un statut bilingue pr\u00e9servant les noms de lieux et les fonctions civiques dans les deux idiomes et pr\u00e9servant un embl\u00e8me de la constitution multiculturelle de la ville.<\/p>\n<p>L&#039;histoire de Rovinj remonte \u00e0 l&#039;Antiquit\u00e9. Avant que les Romains ne traversent le canal qui s\u00e9parait alors l&#039;\u00eele du continent, des tribus illyriennes occupaient d\u00e9j\u00e0 l&#039;\u00eelot rocheux qui allait devenir le c\u0153ur m\u00e9di\u00e9val de la ville. Sous la domination romaine, elle portait des noms tels qu&#039;Arupinium et Mons Rubineus, avant de devenir Ruginium et Ruvinium sur les cartes d&#039;\u00e9poque. Au VIe si\u00e8cle, la colonie fut rattach\u00e9e \u00e0 l&#039;exarchat byzantin de Ravenne, avant de passer sous la domination de l&#039;Empire franc en 788. Pendant les si\u00e8cles suivants, Rovinj fut sous la domination de divers seigneurs f\u00e9odaux jusqu&#039;\u00e0 ce qu&#039;en 1209, elle soit plac\u00e9e sous la juridiction du patriarcat d&#039;Aquil\u00e9e, dirig\u00e9 par Wolfger von Erla.<\/p>\n<p>Un chapitre transformateur s&#039;ouvrit en 1283, lorsque la R\u00e9publique de Venise absorba Rovinj dans son \u00c9tat de Mer. Au cours des cinq si\u00e8cles et demi suivants, la ville devint l&#039;un des principaux centres urbains d&#039;Istrie sous domination v\u00e9nitienne. Des remparts s&#039;\u00e9levaient en deux anneaux concentriques et trois portes principales en r\u00e9glementaient l&#039;acc\u00e8s\u00a0; des vestiges de ces remparts s&#039;accrochent encore aux ruelles sinueuses de la vieille ville. L&#039;Arc de Balbi, \u00e9rig\u00e9 en 1680 \u00e0 l&#039;extr\u00e9mit\u00e9 de la jet\u00e9e, c\u00f4t\u00e9 mer, se dresse \u00e0 c\u00f4t\u00e9 d&#039;une tour d&#039;horloge de la fin de la Renaissance, vestige de cette \u00e9poque fortifi\u00e9e. C&#039;est sous la domination v\u00e9nitienne qu&#039;en 1531, Rovinj promulgua son premier statut de ville, codifiant les lois d&#039;une communaut\u00e9 qui \u00e9tait alors devenue un port anim\u00e9 et un centre de p\u00eache. Ce n&#039;est qu&#039;en 1763 que l&#039;\u00e9troit chenal qui s\u00e9parait la ville du continent fut combl\u00e9, unissant l&#039;\u00eele et le continent et ouvrant la voie \u00e0 l&#039;expansion d\u00e9finitive de la colonie.<\/p>\n<p>La chute de la R\u00e9publique de Venise en 1797 marqua un bref interm\u00e8de fran\u00e7ais avant que Rovinj ne soit rattach\u00e9e \u00e0 l&#039;Empire autrichien, statut qu&#039;elle conserva jusqu&#039;\u00e0 la Premi\u00e8re Guerre mondiale. Le recensement autrichien de 1911 enregistra 97,8 % de ses habitants comme italophones, t\u00e9moignant de la domination linguistique forg\u00e9e au fil des si\u00e8cles de domination v\u00e9nitienne. Apr\u00e8s 1918, Rovigno fut incorpor\u00e9e au Royaume d&#039;Italie, pour ensuite passer en 1947 \u00e0 la R\u00e9publique f\u00e9d\u00e9rative socialiste de Yougoslavie nouvellement cr\u00e9\u00e9e, au sein de la R\u00e9publique socialiste de Croatie. Cette ann\u00e9e-l\u00e0 vit \u00e9galement la standardisation du nom croate, Rovinj, comme nom officiel de la ville. L&#039;apr\u00e8s-guerre vit le d\u00e9part de nombreuses familles italiennes, un changement d\u00e9mographique qui modifia la composition culturelle de la ville. Apr\u00e8s la s\u00e9cession de la Croatie en 1991, Rovinj s&#039;imposa comme un centre cl\u00e9 du nouveau comt\u00e9 d&#039;Istrie, se classant aujourd&#039;hui au troisi\u00e8me rang en termes de population, derri\u00e8re Pula et Pore\u010d.<\/p>\n<p>Selon le recensement de 2021, la municipalit\u00e9 compte 12\u00a0968 habitants, dont 11\u00a0629 r\u00e9sident en ville. Le reste vit dans la commune voisine de Rovinjsko Selo. Vingt ans plus t\u00f4t, en 2001, ces chiffres atteignaient respectivement 14\u00a0294 et 13\u00a0056 habitants, une l\u00e9g\u00e8re baisse refl\u00e9tant les tendances d\u00e9mographiques plus g\u00e9n\u00e9rales dans les zones rurales et c\u00f4ti\u00e8res de Croatie. Malgr\u00e9 ces fluctuations, Rovinj conserve sa vitalit\u00e9, tant en tant que ville vivante qu&#039;en tant qu&#039;attraction touristique pour son patrimoine historique et son cadre maritime.<\/p>\n<p>Le climat exerce une influence d\u00e9terminante sur la vie \u00e0 Rovinj. Class\u00e9e comme subtropicale humide (K\u00f6ppen Cfa), la ville enregistre une temp\u00e9rature moyenne de 4,8 \u00b0C en janvier et atteint 22,3 \u00b0C en juillet, soit une moyenne annuelle de 13,4 \u00b0C. Fran\u00e7ais Les relev\u00e9s conserv\u00e9s depuis 1949 indiquent un maximum de 37,1 \u00b0C (98,8 \u00b0F) le 2 ao\u00fbt 1988 et un minimum de \u221214,8 \u00b0C (5,4 \u00b0F) le 7 janvier 1985. Une station m\u00e9t\u00e9orologique voisine \u00e0 Sveti Ivan na pu\u010dini, \u00e9tablie en 1984 et situ\u00e9e \u00e0 huit m\u00e8tres au-dessus du niveau de la mer, a enregistr\u00e9 un pic de 34,2 \u00b0C (93,6 \u00b0F) le 5 ao\u00fbt 2017 et un creux de \u22126,5 \u00b0C (20,3 \u00b0F) le 29 d\u00e9cembre 1996. Les pr\u00e9cipitations moyennes s&#039;\u00e9l\u00e8vent \u00e0 941 mm (37,05 pouces) par an, r\u00e9parties sur les saisons, tandis que l&#039;humidit\u00e9 moyenne de l&#039;air s&#039;\u00e9l\u00e8ve \u00e0 72 pour cent. De mai \u00e0 septembre, la ville b\u00e9n\u00e9ficie de plus de dix heures d&#039;ensoleillement par jour, et la temp\u00e9rature de la mer d\u00e9passe les 20 \u00b0C (68 \u00b0F) de mi-juin \u00e0 septembre, avec une moyenne annuelle de 16,6 \u00b0C (61,9 \u00b0F). Ces conditions soutiennent \u00e0 la fois l&#039;\u00e9cosyst\u00e8me local \u2013 oliveraies, vignobles et une flore m\u00e9diterran\u00e9enne abondante \u2013 et le dynamisme du tourisme, moteur de l&#039;\u00e9conomie.<\/p>\n<p>G\u00e9ographiquement, la forme insulaire originelle de la ville est comm\u00e9mor\u00e9e par son labyrinthe de ruelles \u00e9troites, imparfaitement rectilignes et souvent couronn\u00e9es par une petite place ou un escalier abrupt. Au-del\u00e0 de son promontoire, l&#039;archipel de Rovinj comprend vingt-deux \u00eelots diss\u00e9min\u00e9s tels des joyaux \u00e0 travers l&#039;Adriatique. Certains sont petits et inhabit\u00e9s, leurs rivages accessibles uniquement par bateau priv\u00e9, tandis que d&#039;autres abritent de modestes h\u00f4tels accessibles par des bateaux r\u00e9guliers depuis le centre-ville. Ensemble, ils t\u00e9moignent du patrimoine maritime durable de Rovinj et offrent des criques isol\u00e9es pour ceux qui cherchent un r\u00e9pit loin de l&#039;agitation du continent.<\/p>\n<p>Le tourisme repr\u00e9sente la principale activit\u00e9 \u00e9conomique, notamment pendant la haute saison, de mai \u00e0 septembre. Durant ces mois, bars, restaurants et galeries restent ouverts tard le soir\u00a0; les horaires hors saison sont plus restreints, refl\u00e9tant le flux et le reflux des visiteurs. Selon l&#039;Office de tourisme d&#039;Istrie, Rovinj se classe au deuxi\u00e8me rang du comt\u00e9 en termes de nuit\u00e9es, signe de son fort attrait malgr\u00e9 la concurrence de Pula et Pore\u010d. L&#039;axe touristique principal d\u00e9bute \u00e0 la gare routi\u00e8re et m\u00e8ne au quartier historique, o\u00f9 une multitude de tavernes, de clubs et de restaurants attirent un flux constant de pi\u00e9tons en soir\u00e9e.<\/p>\n<p>La rue Carera, enti\u00e8rement pi\u00e9tonne, est l&#039;\u00e9pine dorsale de la vie commer\u00e7ante de Rovinj. Bord\u00e9e de boutiques ind\u00e9pendantes et de galeries d&#039;art, elle propose artisanat local, produits artisanaux et souvenirs dans un cadre convivial, \u00e0 l&#039;abri du bruit des v\u00e9hicules. Pr\u00e8s de la place Valdibora, en p\u00e9riph\u00e9rie de la vieille ville, un march\u00e9 fermier est ouvert tous les jours et propose des produits frais \u2013 fruits, l\u00e9gumes, fromages, huiles d&#039;olive et vins \u2013 provenant des fermes istriennes environnantes. \u00c0 la fois lieu de rencontre et de commerce, le march\u00e9 souligne le lien de la communaut\u00e9 avec ses racines agraires.<\/p>\n<p>\u00c0 Rovinj, l&#039;offre d&#039;h\u00e9bergement s&#039;\u00e9tend des appartements et chambres priv\u00e9s aux campings, bungalows et h\u00f4tels class\u00e9s de deux \u00e0 cinq \u00e9toiles. Le trio d&#039;\u00e9tablissements de luxe du groupe h\u00f4telier Maistra \u2013 l&#039;H\u00f4tel Monte Mulini, l&#039;H\u00f4tel Lone et le Grand Park Hotel Rovinj \u2013 repr\u00e9sente le haut de gamme, offrant chacun un confort moderne et un emplacement panoramique en bord de mer. Sur les \u00eelots voisins, quelques h\u00f4tels plus petits offrent un contrepoint plus calme aux options du continent, accessibles par bateau, selon les besoins des clients.<\/p>\n<p>L&#039;acc\u00e8s \u00e0 Rovinj est facilit\u00e9 par deux a\u00e9roports proches\u00a0: Pula, \u00e0 une trentaine de kilom\u00e8tres au sud, et Trieste, \u00e0 environ 110 kilom\u00e8tres au nord-ouest, en Italie. Pendant les mois d&#039;\u00e9t\u00e9, des compagnies low-cost comme Ryanair proposent des liaisons directes depuis l&#039;Europe occidentale, et EasyJet relie plusieurs villes britanniques \u00e0 Pula. Des locations de voitures sont disponibles dans chaque a\u00e9roport, et la proximit\u00e9 du r\u00e9seau autoroutier istrien permet un acc\u00e8s facile aux centres r\u00e9gionaux comme Venise, Rijeka et Zagreb. Un ferry \u00e0 grande vitesse relie Venise \u00e0 Rovinj en \u00e9t\u00e9, offrant une travers\u00e9e alternative de l&#039;Adriatique en environ deux heures et demie. Venise et Ravenne \u00e9taient autrefois reli\u00e9es \u00e0 Rovinj par des services suppl\u00e9mentaires\u00a0: des ferries rapides hebdomadaires \u00e0 destination de Ravenne et Cesenatico ont fonctionn\u00e9 jusqu&#039;\u00e0 la cessation d&#039;activit\u00e9 de la compagnie d&#039;\u00c9milie-Romagne en 2012-2013.<\/p>\n<p>En Istrie, la gare de Kanfanar se trouve \u00e0 une quinzaine de kilom\u00e8tres \u00e0 l&#039;int\u00e9rieur des terres, reliant la p\u00e9ninsule \u00e0 Rijeka. Cependant, la plupart des voyageurs privil\u00e9gient les bus pour leur fr\u00e9quence et leur commodit\u00e9. La gare routi\u00e8re locale se trouve \u00e0 l&#039;extr\u00e9mit\u00e9 sud-est de la rue Carera et propose des liaisons r\u00e9gionales directes. Vestige d&#039;anciennes \u00e9poques de transport, une branche du chemin de fer d&#039;Istriani a circul\u00e9 entre Kanfanar et Rovinj de 1876 jusqu&#039;\u00e0 sa fermeture en 1966 \u2013 une cons\u00e9quence, dit-on, de l&#039;accent mis par la Yougoslavie sur le transport routier au milieu du si\u00e8cle. Des vestiges de voies ferr\u00e9es et d&#039;anciennes gares sont encore visibles dans les champs et les bois, t\u00e9moins silencieux d&#039;une \u00e9poque r\u00e9volue de la vapeur.<\/p>\n<p>Tout au long de son histoire, Rovinj a conserv\u00e9 une double identit\u00e9\u00a0: d\u2019un c\u00f4t\u00e9, port de p\u00eache actif et lieu de vie locale pour ses habitants \u00e0 l\u2019ann\u00e9e\u00a0; de l\u2019autre, p\u00f4le d\u2019attraction saisonnier pour les visiteurs attir\u00e9s par son centre historique, ses rivages ensoleill\u00e9s et son climat doux. Dans ses fa\u00e7ades de pierre et ses ruelles \u00e9troites, dans les rituels de ses march\u00e9s et le reflux de ses bateaux de p\u00eache \u00e0 l\u2019aube, la ville conserve un esprit local qui a surv\u00e9cu \u00e0 la succession des empires et des \u00c9tats sous lesquels elle a flott\u00e9. Aujourd\u2019hui, comme aux si\u00e8cles pass\u00e9s, Rovinj se situe au confluent de la terre et de la mer, de l\u2019histoire et du pr\u00e9sent, offrant \u00e0 la fois le rythme pratique d\u2019une communaut\u00e9 c\u00f4ti\u00e8re et l\u2019attrait intangible que seul le temps \u2013 mesur\u00e9 en couches de murs de pierre et en coutumes s\u00e9culaires \u2013 peut conf\u00e9rer.<\/p>","protected":false},"excerpt":{"rendered":"<p>Rovinj est une importante ville croate situ\u00e9e au nord de la mer Adriatique, dans l&#039;ouest de la Croatie. Avec une population de 14\u00a0294 habitants en 2011, l&#039;importance de cette station baln\u00e9aire dans le paysage culturel de la p\u00e9ninsule istrienne est ind\u00e9niable. Situ\u00e9e sur la c\u00f4te ouest, Rovinj est devenue une destination touristique r\u00e9put\u00e9e, alliant avec brio l&#039;attrait d&#039;une station baln\u00e9aire \u00e0 celui d&#039;un port de p\u00eache.<\/p>","protected":false},"author":1,"featured_media":4367,"parent":14435,"menu_order":0,"comment_status":"closed","ping_status":"closed","template":"elementor_theme","meta":{"_eb_attr":"","footnotes":""},"class_list":["post-14462","page","type-page","status-publish","has-post-thumbnail"],"_links":{"self":[{"href":"https:\/\/travelshelper.com\/fr\/wp-json\/wp\/v2\/pages\/14462","targetHints":{"allow":["GET"]}}],"collection":[{"href":"https:\/\/travelshelper.com\/fr\/wp-json\/wp\/v2\/pages"}],"about":[{"href":"https:\/\/travelshelper.com\/fr\/wp-json\/wp\/v2\/types\/page"}],"author":[{"embeddable":true,"href":"https:\/\/travelshelper.com\/fr\/wp-json\/wp\/v2\/users\/1"}],"replies":[{"embeddable":true,"href":"https:\/\/travelshelper.com\/fr\/wp-json\/wp\/v2\/comments?post=14462"}],"version-history":[{"count":0,"href":"https:\/\/travelshelper.com\/fr\/wp-json\/wp\/v2\/pages\/14462\/revisions"}],"up":[{"embeddable":true,"href":"https:\/\/travelshelper.com\/fr\/wp-json\/wp\/v2\/pages\/14435"}],"wp:featuredmedia":[{"embeddable":true,"href":"https:\/\/travelshelper.com\/fr\/wp-json\/wp\/v2\/media\/4367"}],"wp:attachment":[{"href":"https:\/\/travelshelper.com\/fr\/wp-json\/wp\/v2\/media?parent=14462"}],"curies":[{"name":"wp","href":"https:\/\/api.w.org\/{rel}","templated":true}]}}