{"id":14441,"date":"2024-09-19T14:22:28","date_gmt":"2024-09-19T14:22:28","guid":{"rendered":"https:\/\/travelshelper.com\/staging\/?page_id=14441"},"modified":"2026-03-11T22:44:30","modified_gmt":"2026-03-11T22:44:30","slug":"zadar","status":"publish","type":"page","link":"https:\/\/travelshelper.com\/fr\/destinations\/europe\/croatia\/zadar\/","title":{"rendered":"Zadar"},"content":{"rendered":"<p>Zadar occupe un mince promontoire \u00e0 la limite nord-est de l&#039;Adriatique, son tissu urbain retra\u00e7ant plus de deux mill\u00e9naires d&#039;histoire m\u00e9diterran\u00e9enne. Aujourd&#039;hui, cette ville croate d&#039;environ soixante-dix mille \u00e2mes est le plus ancien centre habit\u00e9 sans interruption du pays, un lieu o\u00f9 les pierres elles-m\u00eames t\u00e9moignent des \u00e9poques romaine, v\u00e9nitienne, autrichienne, italienne et yougoslave. Son port, adoss\u00e9 aux \u00eeles d&#039;Ugljan et de Pa\u0161man, offre toujours un acc\u00e8s abrit\u00e9 \u00e0 la mer, bien que les douves qui s\u00e9paraient autrefois le promontoire du continent soient combl\u00e9es depuis longtemps. Au premier coup d&#039;\u0153il, les ruelles \u00e9troites laissent deviner les \u00e9glises m\u00e9di\u00e9vales et les remparts de la forteresse\u00a0; au-del\u00e0, les bastions Renaissance surplombent un port moderne qui relie la ville aux c\u00f4tes europ\u00e9ennes par ferry et au ciel gr\u00e2ce \u00e0 un a\u00e9roport situ\u00e9 \u00e0 quatorze kilom\u00e8tres \u00e0 l&#039;int\u00e9rieur des terres.<\/p>\n<p>Les contours contemporains de Zadar furent dessin\u00e9s pour la premi\u00e8re fois sous la domination romaine, lorsque Jules C\u00e9sar et Auguste fortifi\u00e8rent la ville, y creusant un forum, une basilique et un temple en son c\u0153ur et y construisant des aqueducs pour l&#039;approvisionnement en eau potable. Des vestiges de ces constructions subsistent. Deux vastes places, orn\u00e9es de colonnes de marbre, subsistent, tandis qu&#039;au-del\u00e0 des remparts, un aqueduc fragmentaire rappelle les ambitions des ing\u00e9nieurs romains. L\u00e0 o\u00f9 se trouvaient autrefois amphith\u00e9\u00e2tres et cimeti\u00e8res, la ville m\u00e9di\u00e9vale prit forme, ses \u00e9glises et ses maisons monastiques englobant progressivement l&#039;empreinte antique.<\/p>\n<p>\u00c0 partir du Moyen \u00c2ge, la silhouette de Zadar a peu \u00e9volu\u00e9. Au d\u00e9but du XVIe si\u00e8cle, les souverains v\u00e9nitiens ont renforc\u00e9 ses d\u00e9fenses par de nouveaux murs, bastions et tranch\u00e9es. Bien que ces tranch\u00e9es \u2013 connues localement sous le nom de Fo\u0161a \u2013 aient \u00e9t\u00e9 enfouies sous l&#039;occupation italienne, l&#039;administration autrichienne de la fin du XIXe si\u00e8cle a transform\u00e9 les remparts terrestres en promenades, offrant de larges promenades et des vues imprenables sur la mer et le continent. Parmi les quatre portes d&#039;origine de la ville, la Porta Marina int\u00e8gre des fragments d&#039;un arc romain, tandis que la Porta di Terraferma porte la signature de Michele Sanmicheli, l&#039;architecte v\u00e9ronais dont le projet subsiste au-dessus du portail orn\u00e9.<\/p>\n<p>Marqu\u00e9e par les bombardements de la Seconde Guerre mondiale, Zadar conserve n\u00e9anmoins une extraordinaire concentration de monuments. Son Forum romain, fond\u00e9 sous Auguste et marqu\u00e9 par des inscriptions du IIIe si\u00e8cle, demeure le plus grand de la r\u00e9gion. Non loin de l\u00e0, l&#039;\u00e9glise Saint-Donat, une imposante rotonde du IXe si\u00e8cle, est le plus important \u00e9difice pr\u00e9roman de Dalmatie. Son large d\u00f4me et sa galerie \u00e0 deux niveaux encadrent trois absides orientales, et son int\u00e9rieur abrite le b\u00e2ton pastoral de l&#039;\u00e9v\u00eaque Valaresso, r\u00e9alis\u00e9 en 1460. Dans l&#039;enceinte de la cath\u00e9drale, la basilique Sainte-Anastasie s&#039;\u00e9l\u00e8ve dans un style roman majestueux\u00a0: deux clochers enjambent une nef aust\u00e8re construite aux XIIe et XIIIe si\u00e8cles.<\/p>\n<p>Ailleurs, la simplicit\u00e9 romane c\u00e8de la place au gothique et aux styles plus r\u00e9cents. L&#039;\u00e9glise Saint-Fran\u00e7ois, o\u00f9 fut sign\u00e9 le trait\u00e9 de paix de 1358, abrite des stalles sculpt\u00e9es en 1394 par Giovanni di Giacomo da Borgo San Sepolcro. Sur la place des Cinq-Puits, les ombres m\u00eal\u00e9es de la distribution d&#039;eau \u00e9voquent une autre \u00e9poque de la vie communautaire. Une Porte de la Terre du XIXe si\u00e8cle et la Citadelle du XVe si\u00e8cle encadrent encore l&#039;entr\u00e9e de la vieille ville, tandis que le Grand Arsenal et la loggia, reconstruits en 1565, t\u00e9moignent des ambitions maritimes et civiques de Zadar. Au-del\u00e0, le palais \u00e9piscopal et l&#039;ancien palais des prieurs \u00e9voquent le r\u00f4le durable de l&#039;\u00c9glise et de l&#039;\u00c9tat. Et, plus r\u00e9cemment, les doux courants de l&#039;Adriatique se gonflent sur les marches d&#039;un orgue marin moderne, t\u00e9moignage du dialogue permanent de la ville entre antiquit\u00e9 et innovation.<\/p>\n<p>Le climat de Zadar est d\u00e9termin\u00e9 par sa situation c\u00f4ti\u00e8re, \u00e0 la fronti\u00e8re des influences m\u00e9diterran\u00e9enne et subtropicale humide. Les hivers sont doux et humides, avec des temp\u00e9ratures moyennes en janvier autour de 7,7 \u00b0C\u00a0; les vagues de froid intense sont rares, bien que des minimales de \u201312 \u00b0C aient \u00e9t\u00e9 enregistr\u00e9es \u00e0 la station de Zemunik en f\u00e9vrier 2018. Les mois d&#039;\u00e9t\u00e9 apportent une chaleur et une humidit\u00e9 soutenues, avec des maximales moyennes de 29 \u00e0 30 \u00b0C en juillet et ao\u00fbt. Le jour le plus chaud enregistr\u00e9, le 5 ao\u00fbt 2017, le thermom\u00e8tre a grimp\u00e9 jusqu&#039;\u00e0 40 \u00b0C \u00e0 la station moderne, tandis que l&#039;ancienne station urbaine a culmin\u00e9 \u00e0 39 \u00b0C le 6 ao\u00fbt 2022. La pluie peut tomber \u00e0 tout moment de l&#039;ann\u00e9e, mais l&#039;automne et le printemps sont les plus pluvieux\u00a0: octobre et novembre produisent chacun environ 115\u00a0mm de pr\u00e9cipitations, tandis que juillet reste le mois le plus sec avec environ 35\u00a0mm. La neige est presque inconnue dans les rues \u00e9troites de la ville, apparaissant peut-\u00eatre une fois par hiver, mais la mer elle-m\u00eame suit un rythme saisonnier r\u00e9gulier : de 10 \u00b0C en f\u00e9vrier \u00e0 25 \u00b0C au milieu de l&#039;\u00e9t\u00e9, et atteignant parfois 29 \u00b0C.<\/p>\n<p>La population de Zadar proprement dite occupe 25 km\u00b2 de p\u00e9ninsule et de collines. En 2011, la ville comptait un peu plus de soixante-quinze mille habitants, ce qui en faisait le deuxi\u00e8me centre de Dalmatie et le cinqui\u00e8me de Croatie. Dix ans plus tard, le recensement de 2021 d\u00e9nombrait 70\u00a0779 habitants, dont pr\u00e8s de 95\u00a0% se d\u00e9claraient Croates et environ 2\u00a0% Serbes. La communaut\u00e9 italienne dalmate, autrefois dynamique, qui comptait plus de neuf mille habitants vers 1910, a d\u00e9clin\u00e9 pendant et apr\u00e8s la Seconde Guerre mondiale, ne comptant plus qu&#039;une centaine d&#039;habitants aujourd&#039;hui.<\/p>\n<p>Ces personnages retracent l&#039;histoire politique et culturelle de Zadar. Pendant des si\u00e8cles, la ville fut la capitale de la Dalmatie v\u00e9nitienne, ses rues exprimant \u00e0 la fois le raffinement italianisant et la tradition slave. Du XVe au XVIIe si\u00e8cle, elle accueillit peintres, sculpteurs et architectes, parmi lesquels Giorgio da Sebenico et Francesco Laurana, et devint un p\u00f4le d&#039;attraction pour la litt\u00e9rature croate. Petar Zorani\u0107 \u00e9crivit Planine, le premier roman du pays, et Jerolim Vidoli\u0107, Brne Karnaruti\u0107 et Juraj Barakovi\u0107 enrichirent un corpus de r\u00e9cits vernaculaires. Sous la domination fran\u00e7aise, de 1806 \u00e0 1810, la presse de Zadar publia Il Regio Dalmata, un journal bilingue imprim\u00e9 en italien et en croate \u2013 la premi\u00e8re parution de ce dernier sous forme p\u00e9riodique. Les renouveaux nationaux de la fin du XIXe si\u00e8cle consolid\u00e8rent encore davantage le double h\u00e9ritage de la ville.<\/p>\n<p>La vie culturelle reste dynamique. Le Th\u00e9\u00e2tre croate occupe une salle n\u00e9oclassique en p\u00e9riph\u00e9rie de la ville. Le Mus\u00e9e national et le Mus\u00e9e arch\u00e9ologique, fond\u00e9s en 1830, exposent des objets de la pr\u00e9histoire \u00e0 la Renaissance, tandis que le Mus\u00e9e du verre ancien retrace les techniques locales de taille et de soufflage. Une exposition permanente d&#039;art sacr\u00e9, \u00ab\u00a0L&#039;or et l&#039;argent de Zadar\u00a0\u00bb, d\u00e9voile des objets d&#039;orf\u00e8vrerie et des reliquaires eccl\u00e9siastiques dans les murs d&#039;une ancienne \u00e9glise. La musique perdure \u00e9galement\u00a0: la Soci\u00e9t\u00e9 croate de chant musical Zorani\u0107, fond\u00e9e en 1885, perp\u00e9tue sa tradition chorale, et chaque \u00e9t\u00e9, les douces r\u00e9sonances des \u00ab\u00a0Soir\u00e9es musicales \u00e0 Saint-Donat\u00a0\u00bb, commenc\u00e9es en 1961, se m\u00ealent \u00e0 la brise adriatique. Depuis 1997, un concours international de chant choral invite des voix \u00e9trang\u00e8res \u00e0 chanter sous les arches m\u00e9di\u00e9vales de Zadar.<\/p>\n<p>La vie universitaire, interrompue en 1807, a repris en 2002 avec la refondation de l&#039;Universit\u00e9 de Zadar, dont l&#039;anc\u00eatre m\u00e9di\u00e9val remontait \u00e0 1396. Ses biblioth\u00e8ques abritent les archives municipales, tandis que les facult\u00e9s s&#039;appuient sur le r\u00f4le de la ville comme p\u00f4le \u00e9ducatif, industriel et de transport pour la Dalmatie du Nord. Sur le plan administratif, Zadar est le si\u00e8ge de son comt\u00e9 et de la r\u00e9gion, ainsi qu&#039;un centre commercial et administratif.<\/p>\n<p>Les liaisons de transport refl\u00e8tent le r\u00f4le de la ville \u00e0 la fois comme terminus et comme art\u00e8re principale. L&#039;autoroute c\u00f4ti\u00e8re adriatique traverse Zadar, reliant Split au sud \u00e0 Rijeka et Zagreb par des voies int\u00e9rieures\u00a0; deux \u00e9changeurs, Zadar 1 et Zadar 2, permettent d&#039;acc\u00e9der au r\u00e9seau urbain, tandis que la voie express D424 m\u00e8ne au port de Ga\u017eenica. Sur terre, les bus assurent le seul service public, avec des cars interurbains \u00e0 la gare principale et des lignes de banlieue g\u00e9r\u00e9es par la compagnie Liburnija. Le chemin de fer, qui reliait autrefois Zadar \u00e0 Knin et au-del\u00e0, a cess\u00e9 ses activit\u00e9s de transport de passagers en 2020, faisant de Zadar l&#039;une des plus grandes villes d&#039;Europe sans liaison ferroviaire directe. Depuis la mer, des ferries relient quotidiennement Anc\u00f4ne, en Italie, et des catamarans et ferries locaux desservent les \u00eeles de l&#039;archipel. \u00c0 l&#039;a\u00e9roport de Zemunik, les compagnies low-cost \u00e9tendent leurs horaires d&#039;\u00e9t\u00e9, entra\u00eenant une augmentation annuelle moyenne du trafic d&#039;environ 30\u00a0%.<\/p>\n<p>Le tourisme reste pourtant au c\u0153ur de la vie moderne de Zadar. Les visiteurs sont attir\u00e9s non seulement par son patrimoine pluriel, mais aussi par la capacit\u00e9 de la ville \u00e0 les accueillir. Le port de Ga\u017eenica offre des postes d&#039;amarrage rouliers pour les yachts priv\u00e9s\u00a0; la vieille ville se d\u00e9ploie en ruelles sinueuses o\u00f9 les caf\u00e9s se pressent contre les murs des \u00e9glises\u00a0; sculptures contemporaines, films et expositions animent les places publiques. Les journaux britanniques ont soulign\u00e9 cette vitalit\u00e9 \u2013 le Times a qualifi\u00e9 Zadar de \u00ab\u00a0centre de divertissement de l&#039;Adriatique\u00a0\u00bb, tandis que le Guardian l&#039;a baptis\u00e9e \u00ab\u00a0nouvelle capitale croate du cool\u00a0\u00bb en 2017 \u2013 mais ces qualificatifs ne font qu&#039;\u00e9voquer la v\u00e9ritable nature de la ville. \u00c0 l&#039;aube, les marches de la digue qui abritent les sonorit\u00e9s envo\u00fbtantes de l&#039;orgue paraissent intemporelles. Au coucher du soleil, les harmonies tintantes se m\u00ealent aux cris des mouettes, et les visiteurs s&#039;arr\u00eatent pour contempler la lumi\u00e8re filante sur des si\u00e8cles de pierre.<\/p>\n<p>Dans ces moments-l\u00e0, Zadar se r\u00e9v\u00e8le non pas comme un mus\u00e9e statique, mais comme un lieu o\u00f9 histoire, climat et culture dialoguent constamment. Chaque porte d&#039;\u00e9glise, chaque pan de mur, t\u00e9moigne de sa survie sous des souverainet\u00e9s changeantes. Ses habitants empruntent des itin\u00e9raires familiers, du port \u00e0 la place, du parc du promontoire aux remparts sur\u00e9lev\u00e9s, perp\u00e9tuant le rythme de la vie quotidienne d&#039;une ville fa\u00e7onn\u00e9e par l&#039;empire et la mer. Ici, sur la plus ancienne sc\u00e8ne de Croatie, le fil ininterrompu de l&#039;habitation humaine perdure, non comme un artefact, mais comme une histoire continue \u2013 une histoire o\u00f9 le pr\u00e9sent devient, \u00e0 son rythme, le pass\u00e9 \u00e0 r\u00e9inventer par ceux qui suivent.<\/p>","protected":false},"excerpt":{"rendered":"<p>Zadar, reconnue comme la plus ancienne ville de Croatie habit\u00e9e sans interruption, se situe au nord-ouest de la r\u00e9gion de Ravni Kotari, le long de la mer Adriatique. Avec une population de 75\u00a0082 habitants en 2011, Zadar est la cinqui\u00e8me plus grande ville de Croatie et la deuxi\u00e8me de Dalmatie. T\u00e9moignant d&#039;un h\u00e9ritage historique m\u00eal\u00e9 \u00e0 une modernit\u00e9 remarquable, cette m\u00e9tropole de 25 kilom\u00e8tres carr\u00e9s (9,7 miles carr\u00e9s) est le si\u00e8ge administratif du comt\u00e9 de Zadar et de la Dalmatie du Nord.<\/p>","protected":false},"author":1,"featured_media":2861,"parent":14435,"menu_order":0,"comment_status":"closed","ping_status":"closed","template":"elementor_theme","meta":{"_eb_attr":"","footnotes":""},"class_list":["post-14441","page","type-page","status-publish","has-post-thumbnail"],"_links":{"self":[{"href":"https:\/\/travelshelper.com\/fr\/wp-json\/wp\/v2\/pages\/14441","targetHints":{"allow":["GET"]}}],"collection":[{"href":"https:\/\/travelshelper.com\/fr\/wp-json\/wp\/v2\/pages"}],"about":[{"href":"https:\/\/travelshelper.com\/fr\/wp-json\/wp\/v2\/types\/page"}],"author":[{"embeddable":true,"href":"https:\/\/travelshelper.com\/fr\/wp-json\/wp\/v2\/users\/1"}],"replies":[{"embeddable":true,"href":"https:\/\/travelshelper.com\/fr\/wp-json\/wp\/v2\/comments?post=14441"}],"version-history":[{"count":0,"href":"https:\/\/travelshelper.com\/fr\/wp-json\/wp\/v2\/pages\/14441\/revisions"}],"up":[{"embeddable":true,"href":"https:\/\/travelshelper.com\/fr\/wp-json\/wp\/v2\/pages\/14435"}],"wp:featuredmedia":[{"embeddable":true,"href":"https:\/\/travelshelper.com\/fr\/wp-json\/wp\/v2\/media\/2861"}],"wp:attachment":[{"href":"https:\/\/travelshelper.com\/fr\/wp-json\/wp\/v2\/media?parent=14441"}],"curies":[{"name":"wp","href":"https:\/\/api.w.org\/{rel}","templated":true}]}}