{"id":14389,"date":"2024-09-19T12:50:58","date_gmt":"2024-09-19T12:50:58","guid":{"rendered":"https:\/\/travelshelper.com\/staging\/?page_id=14389"},"modified":"2026-03-11T23:00:38","modified_gmt":"2026-03-11T23:00:38","slug":"brno","status":"publish","type":"page","link":"https:\/\/travelshelper.com\/fr\/destinations\/europe\/czech-republic\/brno\/","title":{"rendered":"Brno"},"content":{"rendered":"<p>Brno se dresse au confluent des rivi\u00e8res Svitava et Svratka, une ville dont le pass\u00e9 complexe et le pr\u00e9sent dynamique se d\u00e9ploient \u00e0 parts \u00e9gales dans ses rues, ses places et ses espaces verts. Avec environ 403\u00a0000 habitants \u2013 deuxi\u00e8me apr\u00e8s Prague en R\u00e9publique tch\u00e8que \u2013 et une population m\u00e9tropolitaine approchant les trois quarts de million, elle conserve l&#039;envergure et la sophistication d&#039;un grand centre europ\u00e9en tout en pr\u00e9servant une intimit\u00e9 n\u00e9e de la taille et du temp\u00e9rament humains. Pendant pr\u00e8s d&#039;un mill\u00e9naire, Brno a \u00e9t\u00e9 le c\u0153ur de la Moravie, d&#039;abord comme si\u00e8ge royal, puis comme forteresse, et enfin comme berceau de l&#039;industrie, de l&#039;\u00e9ducation et de la culture. Aujourd&#039;hui, elle est l&#039;\u00e9picentre de la jurisprudence tch\u00e8que, si\u00e8ge de quatre cours supr\u00eames et d&#039;une multitude d&#039;institutions \u00e9tatiques, tout en continuant de gagner en r\u00e9putation comme p\u00f4le d&#039;enseignement sup\u00e9rieur, d&#039;innovation et des arts.<\/p>\n<p>Du haut de la colline Petrov, couronn\u00e9e par les fl\u00e8ches jumelles de la cath\u00e9drale Saints-Pierre-et-Paul, les contours de Brno se dessinent en strates ordonn\u00e9es\u00a0: le c\u0153ur m\u00e9di\u00e9val autour de la place de la Libert\u00e9, la clart\u00e9 fonctionnaliste des villas modernistes au-del\u00e0, l\u2019\u00e9tendue bois\u00e9e qui s\u2019\u00e9l\u00e8ve jusqu\u2019\u00e0 la colline de Kope\u010dek \u00e0 pr\u00e8s de 500\u00a0m\u00e8tres d\u2019altitude. En contrebas, la Svratka et la Svitava dessinent une double courbe \u00e0 travers parcs, r\u00e9servoirs et all\u00e9es de platanes, dessinant un ruban de verdure qui conf\u00e8re \u00e0 la ville un air de calme et de s\u00e9r\u00e9nit\u00e9. De plus petits ruisseaux \u2013 la Veverka, la Pon\u00e1vka et la \u0158\u00ed\u010dka \u2013 serpentent \u00e0 travers les quartiers, leurs rives \u00e9tant am\u00e9nag\u00e9es en promenades paisibles. Trente-huit kilom\u00e8tres de pistes cyclables et de pistes cyclables, dont un itin\u00e9raire de quelque 130\u00a0km jusqu\u2019\u00e0 Vienne, t\u00e9moignent autant d\u2019une culture de la mobilit\u00e9 active que du r\u00f4le historique de Brno au carrefour de l\u2019Europe du Nord et du Sud.<\/p>\n<p>Les fondations de Brno remontent \u00e0 environ l&#039;an 1000, \u00e9poque \u00e0 laquelle des colonies slaves prosp\u00e9raient sur ses collines et o\u00f9 une chapelle du XIe si\u00e8cle occupait l&#039;actuel plateau de Petrov. Le statut urbain lui fut attribu\u00e9 en 1243 et, au XIVe si\u00e8cle, la ville \u00e9tait fermement \u00e9tablie comme capitale morave. Ses d\u00e9fenses m\u00e9di\u00e9vales subsistent notamment au ch\u00e2teau de \u0160pilberk, une forteresse royale \u00e9rig\u00e9e au XIIIe si\u00e8cle et transform\u00e9e plus tard en l&#039;une des prisons les plus redout\u00e9es de l&#039;empire des Habsbourg. Aujourd&#039;hui, \u0160pilberk est un mus\u00e9e civique, ses casemates et ses remparts \u00e9tant encadr\u00e9s par un parc class\u00e9 bien culturel national. En contrebas du ch\u00e2teau, l&#039;ancien h\u00f4tel de ville \u2013 sa fl\u00e8che tordue, fruit de la m\u00e9chancet\u00e9 d&#039;un ma\u00e7on et son entr\u00e9e flanqu\u00e9e du crocodile empaill\u00e9 autrefois pris pour un dragon \u2013 demeure le si\u00e8ge de la l\u00e9gende municipale.<\/p>\n<p>Aux c\u00f4t\u00e9s de ces forteresses m\u00e9di\u00e9vales se dressent des chefs-d&#039;\u0153uvre du fonctionnalisme du XXe si\u00e8cle. La Villa Tugendhat, con\u00e7ue par Ludwig Mies van der Rohe et achev\u00e9e en 1930, illustre l&#039;esprit des lignes \u00e9pur\u00e9es, des plans ouverts et des mat\u00e9riaux industriels, si profond que la r\u00e9union diplomatique de la famille Tugendhat dans ses locaux a d\u00e9termin\u00e9 la dissolution pacifique de la Tch\u00e9coslovaquie en 1992. Non loin de l\u00e0, la Villa Stiassni d&#039;Arno\u0161t Wiesner, ainsi que l&#039;h\u00f4tel Avion et le palais Morava, t\u00e9moignent \u00e9galement de l&#039;importance internationale de Brno pendant l&#039;entre-deux-guerres. L&#039;inscription de la Villa Tugendhat au patrimoine mondial de l&#039;UNESCO en 2001 a marqu\u00e9 l&#039;entr\u00e9e de Brno sur la sc\u00e8ne architecturale mondiale\u00a0; son int\u00e9rieur, restaur\u00e9 apr\u00e8s des d\u00e9cennies de n\u00e9gligence, propose d\u00e9sormais des visites guid\u00e9es sur r\u00e9servation.<\/p>\n<p>L&#039;identit\u00e9 de Brno, \u00ab\u00a0Ville de la musique\u00a0\u00bb au sein du R\u00e9seau des villes cr\u00e9atives de l&#039;UNESCO, repose sur un patrimoine aussi riche que vari\u00e9. Le Th\u00e9\u00e2tre national de Brno s&#039;\u00e9tend sur trois b\u00e2timents\u00a0: le Th\u00e9\u00e2tre Rose-Acoustique Mahen, qui fut le premier en Europe \u00e0 utiliser les ampoules \u00e9lectriques d&#039;Edison en 1911\u00a0; le Th\u00e9\u00e2tre Jan\u00e1\u010dek, du nom du compositeur dont les op\u00e9ras \u00e9taient souvent cr\u00e9\u00e9s \u00e0 Brno\u00a0; et le Th\u00e9\u00e2tre historique Reduta, le plus ancien th\u00e9\u00e2tre construit \u00e0 cet effet en Europe centrale. Juste \u00e0 c\u00f4t\u00e9, une statue en bronze du jeune Mozart comm\u00e9more sa performance en 1767, aux c\u00f4t\u00e9s de sa s\u0153ur Nannerl, et un No\u00ebl pass\u00e9 \u00e0 la cour de Moravie.<\/p>\n<p>Le Th\u00e9\u00e2tre municipal de Brno, fond\u00e9 en 1945, compl\u00e8te l&#039;offre th\u00e9\u00e2trale. Son r\u00e9pertoire de productions musicales et dramatiques affiche complet saison apr\u00e8s saison, et ses tourn\u00e9es annuelles \u00e0 travers l&#039;Europe attirent le public vers la ville. De petites compagnies, comme Divadlo Husa na prov\u00e1zku, HaDivadlo, le Th\u00e9\u00e2tre de marionnettes Radost et Pol\u00e1rka, diversifient encore la sc\u00e8ne, chacune cultivant un langage exp\u00e9rimental, des r\u00e9cits locaux ou s&#039;adressant \u00e0 un public familial.<\/p>\n<p>Les mus\u00e9es par excellence contribuent \u00e9galement au charme de Brno. Le Mus\u00e9e morave, fond\u00e9 en 1817, est le deuxi\u00e8me plus grand de R\u00e9publique tch\u00e8que, avec six millions d&#039;objets allant des outils pal\u00e9olithiques \u00e0 l&#039;orf\u00e8vrerie de la Renaissance. Son antenne, le Pavillon Anthropos, explore les premi\u00e8res migrations humaines \u00e0 travers des films, des objets et des expositions interactives. \u00c0 proximit\u00e9, la Galerie morave regroupe trois sites distincts d&#039;art et d&#039;arts appliqu\u00e9s, pr\u00e9sentant une palette vari\u00e9e, de la peinture sur panneau gothique \u00e0 l&#039;abstraction d&#039;apr\u00e8s-guerre. Le Mus\u00e9e technique, le plus grand de Moravie, retrace l&#039;histoire de l&#039;innovation avec des locomotives, des t\u00e9l\u00e9graphes et des avions anciens restaur\u00e9s. En 2016, la Cuisine Va\u0161ulka de Brno a ouvert ses portes au sein de la Maison des Arts de Brno. Elle abrite les archives des pionniers de l&#039;art vid\u00e9o Woody et Steina Vasulka et pr\u00e9sente des installations nouveaux m\u00e9dias en dialogue avec le codex cr\u00e9atif de la ville.<\/p>\n<p>Chaque ann\u00e9e en juin, Ignis Brunensis domine le ciel nocturne au-dessus du r\u00e9servoir de Brno. Ce concours international de feux d&#039;artifice attire chaque soir quelque cent mille spectateurs. Il s&#039;inscrit dans un calendrier festif si charg\u00e9 qu&#039;un visiteur peut y d\u00e9couvrir, au fil des semaines, le festival du film Cinema Mundi (soixante candidatures en lice pour une nomination aux Oscars), le Theatre World Brno (cent ensembles venus de vingt pays), le Festival international de musique et le Festival international de musique de Spilberk (concerts dans les cours des ch\u00e2teaux), le Festival d&#039;\u00e9t\u00e9 de Shakespeare (repr\u00e9sentations en plein air) et la Slavnosti v\u00edna, une c\u00e9l\u00e9bration des vendanges moraves de fin septembre.<\/p>\n<p>Derri\u00e8re ces \u00e9v\u00e9nements internationaux se cachent des traditions ancr\u00e9es dans la vie villageoise. Les festivals folkloriques de \u017didenice, L\u00ed\u0161e\u0148 et Ivanovice font d\u00e9couvrir dans les quartiers de la ville des danseurs costum\u00e9s, des orchestres folkloriques et des vignerons, dont les c\u00e9r\u00e9monies encha\u00eenent les citoyens modernes aux rythmes ruraux. Et le patois local de Hantec \u2013 avec son vocabulaire propre aux ragots de taverne et aux farces \u00e9tudiantes \u2013 survit comme une langue vernaculaire vivante parmi les 60\u00a0000 \u00e9tudiants de Brno, dont la pr\u00e9sence insuffle \u00e0 la ville un renouveau constant.<\/p>\n<p>Les 13 \u00e9tablissements d&#039;enseignement sup\u00e9rieur de Brno regroupent 33 facult\u00e9s et accueillent quelque 62\u00a0000 \u00e9tudiants. Cette concentration de talents alimente une \u00e9conomie de la recherche o\u00f9 des institutions quaternaires telles qu&#039;AdMaS (Mat\u00e9riaux, structures et technologies avanc\u00e9s) et CETOCOEN (Centre de recherche sur les substances toxiques dans l&#039;environnement) prosp\u00e8rent aux c\u00f4t\u00e9s des spin-offs universitaires. Le Centre d&#039;innovation de Moravie du Sud et l&#039;incubateur technologique de la VUT accompagnent les start-ups du concept \u00e0 la commercialisation, tandis que des entreprises technologiques mondiales comme Gen Digital (anciennement AVG Technologies), Kyndryl, AT&amp;T, Honeywell, Siemens, Red Hat et Zebra Technologies y ont \u00e9tabli leur si\u00e8ge r\u00e9gional. Le d\u00e9veloppement de logiciels \u00e0 Brno, issu des privatisations des ann\u00e9es\u00a01990, figure aujourd&#039;hui parmi les p\u00f4les d&#039;activit\u00e9 les plus dynamiques d&#039;Europe.<\/p>\n<p>L&#039;industrie l\u00e9g\u00e8re, la logistique et les services ont largement remplac\u00e9 l&#039;ing\u00e9nierie lourde de l&#039;\u00e8re communiste, m\u00eame si Siemens et Honeywell conservent encore des centres de design. La transformation des usines du pass\u00e9 en laboratoires du futur a \u00e9t\u00e9 un succ\u00e8s en grande partie gr\u00e2ce \u00e0 l&#039;importance accord\u00e9e par la ville au dialogue interdisciplinaire et \u00e0 sa volont\u00e9 d&#039;accueillir des conf\u00e9rences au Parc des expositions de Brno. Depuis son inauguration en 1928, le complexe accueille des foires et des congr\u00e8s, attirant plus d&#039;un million de visiteurs chaque ann\u00e9e. Le circuit Masaryk, inaugur\u00e9 en 1930, perp\u00e9tue quant \u00e0 lui la tradition du sport automobile avec des Grands Prix et des courses d&#039;endurance qui attirent les amateurs de moto et d&#039;automobile en p\u00e9riph\u00e9rie de la ville.<\/p>\n<p>Les transports en commun de Brno regroupent 12 lignes de tramway (appel\u00e9es localement \u0161aliny), 14 lignes de trolleybus (le plus grand r\u00e9seau du pays) et pr\u00e8s de 40 lignes de bus de jour et 11 lignes de bus de nuit. Les services r\u00e9gionaux s&#039;int\u00e8grent parfaitement via IDS JMK pour relier les villages et les villes de Moravie du Sud. Un ferry traverse le lac de barrage chaque \u00e9t\u00e9, et un minibus touristique propose des circuits panoramiques autour du centre historique. Le chemin de fer est arriv\u00e9 en 1839 sur la ligne Brno-Vienne, la premi\u00e8re de ce qui est aujourd&#039;hui la R\u00e9publique tch\u00e8que. Aujourd&#039;hui, neuf gares accueillent 500 trains par jour\u00a0; la gare principale, fr\u00e9quent\u00e9e par 50\u00a0000 passagers chaque jour, attend d&#039;\u00eatre remplac\u00e9e, car sa capacit\u00e9 est limit\u00e9e par la demande croissante.<\/p>\n<p>Les liaisons routi\u00e8res comprennent l&#039;autoroute D1 vers Prague et Ostrava, la D2 vers Bratislava et la D52 toute proche vers Vienne. La future D43 et les rocades urbaines, ponctu\u00e9es de tunnels \u00e0 Pisarky, Husovice, Hlinky et Kr\u00e1lovo pole, visent \u00e0 d\u00e9congestionner la ville, m\u00eame si les travaux de construction et la consultation publique se poursuivent d\u00e9lib\u00e9r\u00e9ment. Deux a\u00e9roports desservent Brno\u00a0: l&#039;a\u00e9roport international de Brno-Tu\u0159any, dont le nombre de passagers a augment\u00e9 jusqu&#039;en 2011 avant de chuter pendant la pand\u00e9mie, et l&#039;a\u00e9rodrome de Medl\u00e1nky, une plaque tournante pour les planeurs, les montgolfi\u00e8res et les a\u00e9romod\u00e9lismes.<\/p>\n<p>Brno se situe \u00e0 cheval entre les hauts plateaux de Boh\u00eame-Moravie et les plaines de Moravie du Sud. Des collines bois\u00e9es entourent la ville sur trois c\u00f4t\u00e9s, occupant quelque 6\u00a0379 ha, soit 28\u00a0% du territoire municipal. Les jardins Lu\u017e\u00e1nky et Denis, les plus anciens et premiers parcs municipaux du pays, offrent des pelouses et des colonnades jouxtant le c\u0153ur de la ville. Au-del\u00e0, les grottes calcaires et les gouffres du Karst morave promettent des excursions d&#039;une journ\u00e9e \u00e0 la d\u00e9couverte de merveilles g\u00e9ologiques.<\/p>\n<p>Sur le plan climatique, Brno appartient \u00e0 la cat\u00e9gorie oc\u00e9anique ou continentale humide, selon l&#039;isotherme appliqu\u00e9. Les hivers y descendent \u00e0 pr\u00e8s de \u22123 \u00b0C, tandis que les maximales estivales d\u00e9passent g\u00e9n\u00e9ralement 30 \u00b0C, une tendance qui s&#039;est intensifi\u00e9e au cours des deux derni\u00e8res d\u00e9cennies. Les pr\u00e9cipitations annuelles s&#039;\u00e9l\u00e8vent \u00e0 environ 505 mm, r\u00e9parties sur 150 jours, et l&#039;ensoleillement totalise environ 1\u00a0771 heures. La qualit\u00e9 de l&#039;air reste parmi les meilleures des villes tch\u00e8ques, soutenue par la ventilation naturelle et l&#039;absence d&#039;orages violents.<\/p>\n<p>Au milieu de ses institutions officielles et de ses grandes f\u00eates, Brno ch\u00e9rit ses mythes autant que ses statuts. La l\u00e9gende du Dragon de Brno, en r\u00e9alit\u00e9 un crocodile empaill\u00e9 et tu\u00e9 par un citoyen astucieux, perdure dans la cr\u00e9ature empaill\u00e9e de l&#039;Ancien H\u00f4tel de Ville et dans la nomenclature de l&#039;\u00e9quipe de baseball Draci Brno, du club de rugby RC Dragon et de la station de radio Radio Krokod\u00fdl. Un deuxi\u00e8me symbole h\u00e9raldique \u2013 une roue de chariot ramen\u00e9e d&#039;une for\u00eat lointaine en un seul jour, pr\u00e9tendument avec l&#039;aide du diable \u2013 tourne en bronze sur la m\u00eame fa\u00e7ade. Chaque midi, \u00e0 la cath\u00e9drale Saint-Pierre, la cloche sonne une heure plus t\u00f4t, comm\u00e9morant le si\u00e8ge su\u00e9dois de 1645, lorsqu&#039;un tour de passe-passe assura la libert\u00e9 de la ville. \u00c0 cet instant, l&#039;horloge astronomique pr\u00e8s de la place de la Libert\u00e9 lib\u00e8re son globe de verre, souvenir \u00e0 la fois litt\u00e9ral et symbolique du refus de Brno de se plier aux conventions.<\/p>\n<p>Dans chaque ruelle et chaque cour, on per\u00e7oit l&#039;interaction du pass\u00e9 et du pr\u00e9sent, une ville qui a r\u00e9sist\u00e9 \u00e0 l&#039;homog\u00e9n\u00e9isation en cultivant ses propres idiomes\u00a0: l&#039;argot hantec s&#039;\u00e9panouissant aux c\u00f4t\u00e9s de la prose universitaire, les villas fonctionnalistes pr\u00e9servant leurs am\u00e9nagements d&#039;origine \u00e0 c\u00f4t\u00e9 des caf\u00e9s fr\u00e9quent\u00e9s par les \u00e9tudiants. Brno ne s&#039;impose pas par son ostentation\u00a0; au contraire, elle r\u00e9compense l&#039;observateur patient par des instants de gr\u00e2ce\u00a0: les ombres tombant sur une arche gothique, le clair-obscur des vitraux de l&#039;\u00e9glise Saint-Jacques ou le calme inattendu d&#039;un banc au bord de l&#039;eau. C&#039;est pr\u00e9cis\u00e9ment cet \u00e9quilibre entre audace et \u00e9l\u00e9gance, entre gravit\u00e9 juridique et exub\u00e9rance artistique, qui fait de Brno un chapitre incontournable de toute histoire de l&#039;Europe centrale. Ici, l&#039;histoire est en mouvement, et chaque pierre t\u00e9moigne de vies en mouvement, invitant toujours \u00e0 la d\u00e9couverte par une attention particuli\u00e8re plut\u00f4t que par des promesses extravagantes.<\/p>","protected":false},"excerpt":{"rendered":"<p>Brno, deuxi\u00e8me ville de R\u00e9publique tch\u00e8que, est un centre urbain dynamique situ\u00e9 au confluent des rivi\u00e8res Svitava et Svratka. Avec une population d&#039;environ 400\u00a0000 habitants, elle figure parmi les 100 plus grandes villes de l&#039;Union europ\u00e9enne. Sa position strat\u00e9gique au sein de la r\u00e9gion de Moravie du Sud a renforc\u00e9 son importance comme centre culturel, politique et \u00e9conomique. Le rayonnement de Brno d\u00e9passe les fronti\u00e8res municipales\u00a0: avec une aire m\u00e9tropolitaine d&#039;environ 720\u00a0000 habitants, elle s&#039;impose comme une agglom\u00e9ration urbaine majeure en Europe centrale.<\/p>","protected":false},"author":1,"featured_media":3507,"parent":14322,"menu_order":0,"comment_status":"closed","ping_status":"closed","template":"elementor_theme","meta":{"_eb_attr":"","footnotes":""},"class_list":["post-14389","page","type-page","status-publish","has-post-thumbnail"],"_links":{"self":[{"href":"https:\/\/travelshelper.com\/fr\/wp-json\/wp\/v2\/pages\/14389","targetHints":{"allow":["GET"]}}],"collection":[{"href":"https:\/\/travelshelper.com\/fr\/wp-json\/wp\/v2\/pages"}],"about":[{"href":"https:\/\/travelshelper.com\/fr\/wp-json\/wp\/v2\/types\/page"}],"author":[{"embeddable":true,"href":"https:\/\/travelshelper.com\/fr\/wp-json\/wp\/v2\/users\/1"}],"replies":[{"embeddable":true,"href":"https:\/\/travelshelper.com\/fr\/wp-json\/wp\/v2\/comments?post=14389"}],"version-history":[{"count":0,"href":"https:\/\/travelshelper.com\/fr\/wp-json\/wp\/v2\/pages\/14389\/revisions"}],"up":[{"embeddable":true,"href":"https:\/\/travelshelper.com\/fr\/wp-json\/wp\/v2\/pages\/14322"}],"wp:featuredmedia":[{"embeddable":true,"href":"https:\/\/travelshelper.com\/fr\/wp-json\/wp\/v2\/media\/3507"}],"wp:attachment":[{"href":"https:\/\/travelshelper.com\/fr\/wp-json\/wp\/v2\/media?parent=14389"}],"curies":[{"name":"wp","href":"https:\/\/api.w.org\/{rel}","templated":true}]}}