{"id":14328,"date":"2024-09-19T08:40:52","date_gmt":"2024-09-19T08:40:52","guid":{"rendered":"https:\/\/travelshelper.com\/staging\/?page_id=14328"},"modified":"2026-03-11T23:19:55","modified_gmt":"2026-03-11T23:19:55","slug":"krkonose","status":"publish","type":"page","link":"https:\/\/travelshelper.com\/fr\/destinations\/europe\/czech-republic\/krkonose\/","title":{"rendered":"Krkono\u0161e"},"content":{"rendered":"<p>Les monts des G\u00e9ants, connus sous le nom de Krkono\u0161e en tch\u00e8que, Karkonosze en polonais et Riesengebirge en allemand, occupent l&#039;extr\u00e9mit\u00e9 nord de la R\u00e9publique tch\u00e8que et la frange sud-ouest de la Pologne. Ils forment le segment le plus \u00e9lev\u00e9 des Sud\u00e8tes au sein du massif de Boh\u00eame. La cr\u00eate principale s&#039;\u00e9tend approximativement d&#039;est en ouest et marque \u00e0 la fois la fronti\u00e8re nationale et la d\u00e9marcation historique entre la Boh\u00eame et la Sil\u00e9sie. La Sn\u011b\u017eka (\u015anie\u017cka), culminant \u00e0 1\u00a0603 m\u00e8tres, revendique le titre de point naturel le plus \u00e9lev\u00e9 de R\u00e9publique tch\u00e8que. Contrairement \u00e0 de nombreuses cha\u00eenes de montagnes de taille comparable, les G\u00e9ants pr\u00e9sentent des caract\u00e9ristiques de haute montagne\u00a0: cirques glaciaires, d\u00e9p\u00f4ts p\u00e9riglaciaires et une limite abrupte d&#039;arbres alpins, malgr\u00e9 une superficie totale de seulement 631\u00a0km\u00b2 (454\u00a0km\u00b2 en R\u00e9publique tch\u00e8que\u00a0; 177\u00a0km\u00b2 en Pologne).<\/p>\n<p>La plus ancienne r\u00e9f\u00e9rence \u00e9crite \u00e0 \u00ab\u00a0Krkono\u0161\u00a0\u00bb appara\u00eet dans un document de 1492 relatif au manoir de \u0160t\u011bpanice, tandis que la carte de Klaudy\u00e1n de 1518 d\u00e9signe la cha\u00eene de montagnes par \u00ab\u00a0Krkonoss\u00a0\u00bb. Les linguistes font g\u00e9n\u00e9ralement d\u00e9river le nom du vieux slave \u00ab\u00a0krk\/krak\u00a0\u00bb, signifiant les pins rabougris (Krummholz), et \u00ab\u00a0no\u0161\u00a0\u00bb, de \u00ab\u00a0nosit\u00a0\u00bb, signifiant porter, faisant peut-\u00eatre allusion \u00e0 la cr\u00eate pesante. Une autre th\u00e9orie relie les appellations modernes aux \u00ab\u00a0Corconti\u00a0\u00bb de Ptol\u00e9m\u00e9e, d\u00e9signant une tribu pr\u00e9celtique ou germanique. Des appellations allemandes telles que Hrisenpergisches Gebirge et Riesen Gebirge apparaissent pour la premi\u00e8re fois dans les chroniques du XVIe si\u00e8cle, tandis que le chroniqueur tch\u00e8que Bohuslav Balb\u00edn, en 1679, r\u00e9pertorie une s\u00e9rie de noms, dont Sn\u011b\u017en\u00e9 hory (Montagnes enneig\u00e9es) et Cerconossios. Ce n&#039;est qu&#039;au XIXe si\u00e8cle que Krkono\u0161e, Karkonosze et Riesengebirge deviennent les termes standard.<\/p>\n<p>Les G\u00e9ants sont le berceau de plusieurs rivi\u00e8res remarquables. Sur le flanc tch\u00e8que, l&#039;Elbe (Labe) prend sa source pr\u00e8s de la cr\u00eate principale avant de creuser des vall\u00e9es abruptes fa\u00e7onn\u00e9es par les glaciers. Parmi ses cascades, on compte Labsk\u00fd vodop\u00e1d (50 m) et Pan\u010davsk\u00fd vodop\u00e1d (140 m), cette derni\u00e8re d\u00e9tenant le record tch\u00e8que de hauteur. D&#039;autres cascades \u2013 Horn\u00ed \u00dapsk\u00fd, Doln\u00ed \u00dapsk\u00fd et Mumlava (8,9 m) \u2013 t\u00e9moignent du pouvoir \u00e9rosif des eaux de haute altitude. En Pologne, les rivi\u00e8res Kamienna, \u0141omnica et B\u00f3br plongent du haut des falaises pour former les chutes Kamie\u0144czyk (27 m), Szklarki (13,3 m), Wodospad na \u0141omnicy (10 m) et Podg\u00f3rna (10 m). La dorsale principale traverse les bassins versants de la mer du Nord (via l&#039;Elbe) et de la Baltique (via les affluents du nord), un axe d&#039;importance hydrologique continentale.<\/p>\n<p>La conservation a longtemps guid\u00e9 l&#039;activit\u00e9 humaine des deux c\u00f4t\u00e9s de la fronti\u00e8re. Le parc national tch\u00e8que des Monts des G\u00e9ants (KRNAP), cr\u00e9\u00e9 en 1963 comme deuxi\u00e8me parc national de Tch\u00e9coslovaquie, couvre 370 km\u00b2, s&#039;\u00e9tendant des prairies de montagne aux landes subalpines. Son homologue polonais, le parc national des Monts des G\u00e9ants (KPN), fond\u00e9 en 1959, couvre 55,8 km\u00b2 des plus hautes pentes du massif (900 \u00e0 1\u00a0000 m et plus). Ensemble, ils forment la r\u00e9serve de biosph\u00e8re transfrontali\u00e8re des Monts des G\u00e9ants\/Karkonosze, d\u00e9sign\u00e9e par l&#039;UNESCO dans le cadre du Programme sur l&#039;Homme et la biosph\u00e8re. Les philosophies de gestion divergent\u00a0: le KPN applique une stricte non-intervention, interdisant le reboisement des peuplements morts, tandis que le KRNAP m\u00e8ne des reboisements extensifs pour stabiliser les sols et restaurer les zones d\u00e9nud\u00e9es.<\/p>\n<p>Les conditions m\u00e9t\u00e9orologiques dans les Monts des G\u00e9ants sont notoirement capricieuses. Les hivers se caract\u00e9risent par des manteaux neigeux persistants \u2013 dont l&#039;\u00e9paisseur d\u00e9passe souvent les trois m\u00e8tres \u2013 et un brouillard important, notamment au sommet du Sn\u011b\u017eka, qui reste voil\u00e9 296 jours par an. Sa temp\u00e9rature annuelle moyenne oscille autour de 0,2 \u00b0C, comparable \u00e0 celle des latitudes les plus septentrionales. La cr\u00eate subit des vents parmi les plus violents d&#039;Europe, amplifi\u00e9s par de fr\u00e9quents ph\u00e9nom\u00e8nes de foehn sur l&#039;escarpement nord. Les pr\u00e9cipitations grimpent d&#039;environ 700 mm au fond des vall\u00e9es \u00e0 plus de 1\u00a0230 mm au sommet du Sn\u011b\u017eka\u00a0; les creux de neige pr\u00e8s de la cr\u00eate principale ont enregistr\u00e9 jusqu&#039;\u00e0 1\u00a0512 mm par an. Ces conditions fa\u00e7onnent les caract\u00e9ristiques p\u00e9riglaciaires et dictent les rythmes saisonniers de l&#039;activit\u00e9 humaine.<\/p>\n<p>Dispers\u00e9es au-dessus de la limite foresti\u00e8re et le long de l&#039;axe principal, des dizaines de refuges traditionnels\u00a0: bouda en tch\u00e8que, Baude en allemand, schronisko en polonais. D\u00e9riv\u00e9s du moyen haut-allemand Buode (\u00ab\u00a0cabane\u00a0\u00bb ou \u00ab\u00a0abri\u00a0\u00bb), ces structures \u00e9taient \u00e0 l&#039;origine des refuges pastoraux pour les bergers estivaux. D\u00e8s le d\u00e9but du XIXe\u00a0si\u00e8cle, elles ont attir\u00e9 les alpinistes, se transformant en auberges \u00e0 la fin du si\u00e8cle. Nombre d&#039;entre elles ont ensuite \u00e9t\u00e9 agrandies pour accueillir un nombre croissant de visiteurs. Parmi les exemples notables, citons Lu\u010dn\u00ed bouda, Martinova bouda et Voseck\u00e1 bouda dans le secteur tch\u00e8que, et Schronisko Strzecha Akademicka, Samotnia et na Hali Szrenickiej en Pologne. Les ajouts du XXe\u00a0si\u00e8cle, comme Petrova bouda et le refuge sommital de Sn\u011b\u017eka, refl\u00e8tent l&#039;\u00e9volution vers une conception sp\u00e9cifiquement ax\u00e9e sur le tourisme.<\/p>\n<p>Des tors granitiques ponctuent l&#039;horizon, sculpt\u00e9s par des mill\u00e9naires de gel et de vent. Sur la cr\u00eate principale, les D\u00edv\u010d\u00ed kameny (\u015al\u0105skie Kamienie) et les Mu\u017esk\u00e9 kameny (\u015al\u0105skie Kamienie) culminent \u00e0 plus de 1\u00a0400 m\u00a0; ailleurs, les tours tch\u00e8ques de Harrachovy kameny et polonaises de Pielgrzymy et de S\u0142onecznik culminent \u00e0 pr\u00e8s de 30 m. Ces formes humaines conf\u00e8rent \u00e0 la cha\u00eene un caract\u00e8re sculptural et la relient aux massifs sud\u00e8tes analogues. L&#039;\u00e9rosion sous-glaciaire et l&#039;alt\u00e9ration postglaciaire ont sculpt\u00e9 des amphith\u00e9\u00e2tres, des blocs erratiques et des champs de blocs qui intriguent g\u00e9ologues et visiteurs.<\/p>\n<p>Bien avant le tourisme moderne, les Monts des G\u00e9ants ont attir\u00e9 explorateurs et artistes. Le po\u00e8te Theodor K\u00f6rner et Johann Wolfgang Goethe ont gravi le Sn\u011b\u017eka \u00e0 la fin du XVIIIe et au d\u00e9but du XIXe si\u00e8cle, tandis que les peintres Caspar David Friedrich et Carl Gustav Carus ont puis\u00e9 l&#039;inspiration dans ses cr\u00eates. En 1800, le jeune John Quincy Adams a parcouru la cha\u00eene lors de son s\u00e9jour en Europe. Le milieu du XIXe si\u00e8cle a vu l&#039;\u00e9mergence des clubs allemand et autrichien \u00ab\u00a0Riesengebirgsverein\u00a0\u00bb sur les rives oppos\u00e9es, charg\u00e9s d&#039;am\u00e9nager et d&#039;entretenir un vaste r\u00e9seau de 3\u00a0000\u00a0km de sentiers, dont 500\u00a0km rien que sur les cr\u00eates principales et int\u00e9rieures.<\/p>\n<p>Les dangers en montagne sont recens\u00e9s depuis le XVIIe si\u00e8cle. Le plus ancien monument conserv\u00e9 \u00e0 un accident mortel en montagne, d\u00e9di\u00e9 \u00e0 Jan Pieni\u0105\u017cek-Odrow\u0105\u017c, se dresse au sommet de Sn\u011b\u017eka et comm\u00e9more sa mort en 1828. En 1968, une avalanche catastrophique dans le ravin de Bia\u0142y Jar a fait 19 morts et cinq bless\u00e9s, mobilisant une \u00e9quipe de secours de 1\u00a0100 personnes. Ces \u00e9v\u00e9nements ont donn\u00e9 lieu \u00e0 une surveillance syst\u00e9matique des avalanches, \u00e0 l&#039;installation de barri\u00e8res de protection et \u00e0 la mise en place de syst\u00e8mes d&#039;alerte qui continuent d&#039;\u00e9voluer.<\/p>\n<p>\u00c0 la fin du XIXe si\u00e8cle, les G\u00e9ants comptaient parmi les principales stations baln\u00e9aires de l&#039;Empire allemand, fr\u00e9quent\u00e9es principalement par des Allemands et des Polonais. Des guides de montagne polonais apparurent d\u00e8s le milieu du XVIIIe si\u00e8cle, et des guides de montagne polonais autochtones accompagnaient les visiteurs. Les \u00e9crivains tch\u00e8ques de l&#039;\u00e9poque du Renouveau national c\u00e9l\u00e9br\u00e8rent Sn\u011b\u017eka comme un symbole de l&#039;identit\u00e9 slave. L&#039;essor de la Gr\u00fcnderzeit vit les marchands berlinois \u00e9riger des villas \u00e0 Szklarska Por\u0119ba (anciennement Schreiberhau), accessible par le train depuis les principaux centres urbains et m\u00eame par les premi\u00e8res lignes a\u00e9riennes de la Lufthansa via Jelenia G\u00f3ra.<\/p>\n<p>La luge occupait l&#039;imaginaire local bien avant le ski. En 1817, August Neidhardt von Gneisenau relatait une descente de dix kilom\u00e8tres de Pomezn\u00ed boudy \u00e0 Kowary. Deux types de luges \u2013 les robustes tra\u00eeneaux \u00e0 bois et les agiles \u00ab Hitsch&#039;n \u00bb \u2013 devinrent des spectacles de course \u00e0 la fin du XIXe si\u00e8cle\u00a0; vers 1900, on comptait pr\u00e8s de 4\u00a0000 luges \u00e0 patins longs et 6\u00a0000 mod\u00e8les sportifs. Le ski nordique fit son apparition suite \u00e0 la traduction allemande, en 1891, du r\u00e9cit de l&#039;exp\u00e9dition de Fridtjof Nansen au Groenland. La m\u00eame ann\u00e9e, la premi\u00e8re usine de ski austro-hongroise ouvrit ses portes \u00e0 Mlad\u00e9 Buky. L&#039;hiver 1892-1893 vit la premi\u00e8re travers\u00e9e de la cr\u00eate principale \u00e0 skis, avec l&#039;aide de gardes forestiers, d&#039;enseignants et de m\u00e9c\u00e8nes industriels qui financ\u00e8rent les infrastructures et l&#039;\u00e9quipement des skieurs d\u00e9favoris\u00e9s.<\/p>\n<p>Au tournant du si\u00e8cle, de nombreux clubs de ski ont vu le jour. Cinq des douze membres fondateurs de la F\u00e9d\u00e9ration autrichienne de ski (\u00d6SV) \u00e9taient notamment bas\u00e9s dans les G\u00e9ants. Vrchlab\u00ed (Hohenelbe) a accueilli le si\u00e8ge de l&#039;\u00d6SV pendant ses trois premi\u00e8res ann\u00e9es, et son premier pr\u00e9sident, Guido Rotter, \u00e9tait originaire des montagnes. Du c\u00f4t\u00e9 sil\u00e9sien, des clubs se sont affili\u00e9s \u00e0 la F\u00e9d\u00e9ration allemande de ski (DSV). Apr\u00e8s la Premi\u00e8re Guerre mondiale et la cr\u00e9ation de la Tch\u00e9coslovaquie, des clubs germanophones ont rejoint la HDW, tandis que des groupes tch\u00e8ques ont form\u00e9 le Svaz ly\u017ea\u0159\u016f. La r\u00e9gion a accueilli des comp\u00e9titions nationales et internationales de combin\u00e9 nordique, de saut \u00e0 ski et de luge\u00a0; des athl\u00e8tes locaux tels que Martin et Friedel Tietze ont remport\u00e9 des titres europ\u00e9ens de luge.<\/p>\n<p>Un sentier balis\u00e9, le Sentier de l&#039;amiti\u00e9 polono-tch\u00e8que, longe la cr\u00eate principale sur environ 30 km, entre Szrenica et le col d&#039;Okraj (Pomezn\u00ed boudy). Class\u00e9 moyennement difficile, il partage des sections avec des itin\u00e9raires de ski de fond et peut \u00eatre parcouru sur deux ou trois jours. Les nuit\u00e9es se font dans des refuges historiques ou des bivouacs am\u00e9nag\u00e9s, mais le camping reste interdit \u00e0 l&#039;int\u00e9rieur du parc. Au-del\u00e0 de la randonn\u00e9e sur les cr\u00eates, des centaines de kilom\u00e8tres de sentiers de basse altitude conviennent aux randonneurs d&#039;un jour. Le r\u00e9seau cyclable du massif comprend des single tracks naturels et des parcours de descente exigeants, sillonnant for\u00eats, prairies et longeant le r\u00e9servoir de l&#039;Elbe, qui abrite \u00e9galement des installations d&#039;aviron, de p\u00eache, de tennis et de squash.<\/p>\n<p>L&#039;identit\u00e9 culturelle des montagnes est indissociable de la l\u00e9gende de R\u00fcbezahl \u2013 connu sous le nom de Krakono\u0161 en tch\u00e8que et de Liczyrzepa en polonais \u2013, esprit capricieux du folklore local. Sa figure orne les panneaux indicateurs, les souvenirs et m\u00eame les sentiers modernes. En litt\u00e9rature, la cha\u00eene a servi de d\u00e9cor \u00e0 la nouvelle de Friedrich de la Motte Fouqu\u00e9, Der Hirt des Riesengeb\u00fcrgs (\u00ab Le Berger des Monts G\u00e9ants \u00bb), soulignant ainsi son empreinte durable sur l&#039;imaginaire romantique allemand.<\/p>\n<p>Il est possible de se rendre au royaume aux teintes dor\u00e9es et roses en bus, en train ou en v\u00e9hicule priv\u00e9. Des autocars directs depuis la gare de Prague \u010cern\u00fd Most desservent Harrachov, \u0160pindler\u016fv Ml\u00fdn et Jansk\u00e9 L\u00e1zn\u011b \u2014 tarif environ 200 CZK, dur\u00e9e du trajet environ trois heures. Les chemins de fer tch\u00e8ques relient Harrachov toutes les heures \u00e0 Liberec, Tanvald et Szklarska Por\u0119ba, avec des liaisons express depuis Prague \u00e0 7h25 et 13h25. Rokytnice nad Jizerou propose un service uniquement le week-end, tandis que Pec pod Sn\u011b\u017ekou et \u0160pindler\u016fv Ml\u00fdn n\u00e9cessitent des transferts en bus depuis Trutnov ou Vrchlab\u00ed. L&#039;acc\u00e8s routier n\u00e9cessite un permis pour certains itin\u00e9raires en haute altitude\u00a0; les ascensions serpentines de Pologne r\u00e9v\u00e8lent des vues panoramiques.<\/p>\n<p>L&#039;entr\u00e9e dans les zones prot\u00e9g\u00e9es tch\u00e8ques est gratuite\u00a0; cependant, le strict respect des sentiers balis\u00e9s est de rigueur, notamment pendant les p\u00e9riodes de reproduction de la faune. Le parc national polonais des Monts des G\u00e9ants per\u00e7oit des droits d&#039;entr\u00e9e pour certaines zones, mais le transit le long du sentier de cr\u00eate principal est gratuit. Les v\u00e9hicules tout-terrain restent interdits en dehors des routes principales, pr\u00e9servant ainsi les sols et la faune fragiles. Au sein des r\u00e9seaux de bus, des lignes s&#039;adressent aussi bien aux randonneurs qu&#039;aux cyclistes\u00a0: la ligne 1 (rouge) relie Harrachov, Jansk\u00e9 L\u00e1zn\u011b, Pec pod Sn\u011b\u017ekou et Pomezn\u00ed boudy deux fois par jour, facilitant les randonn\u00e9es point \u00e0 point avec bagages \u00e0 roulettes. Les t\u00e9l\u00e9ph\u00e9riques \u2013 de Pec \u00e0 Sn\u011b\u017eka, de Jansk\u00e9 L\u00e1zn\u011b \u00e0 \u010cern\u00e1 Hora et au Hn\u011bd\u00fd Vrch de Pec \u2013 offrent des alternatives aux ascensions ardues, fonctionnant selon des horaires d&#039;\u00e9t\u00e9 et d&#039;hiver avec des tarifs mis \u00e0 jour r\u00e9guli\u00e8rement.<\/p>\n<p>Les Monts des G\u00e9ants offrent un panorama de contrastes\u00a0: des cr\u00eates balay\u00e9es par le vent et des manteaux neigeux \u00e9pais aux rivi\u00e8res sinueuses et aux affleurements granitiques\u00a0; des l\u00e9gendes anciennes aux pistes de ski modernes. Leur statut prot\u00e9g\u00e9, leur riche pass\u00e9 et leurs multiples possibilit\u00e9s de loisirs les placent parmi les destinations de montagne les plus durables d&#039;Europe centrale, invitant \u00e0 la r\u00e9flexion et au d\u00e9fi en toute saison.<\/p>","protected":false},"excerpt":{"rendered":"<p>Les Monts des G\u00e9ants, appel\u00e9s Krkono\u0161e en tch\u00e8que et Karkonosze en polonais, constituent une importante cha\u00eene de montagnes le long de la fronti\u00e8re entre la R\u00e9publique tch\u00e8que et la Pologne. Cette structure g\u00e9ologique remarquable, int\u00e9gr\u00e9e au syst\u00e8me montagneux des Sud\u00e8tes du Massif de Boh\u00eame, abrite environ 30\u00a0000 habitants permanents r\u00e9partis dans plusieurs villes et villages situ\u00e9s dans ses vall\u00e9es et ses contreforts. La cha\u00eene s&#039;\u00e9tend sur environ 650 kilom\u00e8tres carr\u00e9s, son point culminant, Sn\u011b\u017eka (\u015anie\u017cka en polonais), culminant \u00e0 1\u00a0603 m\u00e8tres d&#039;altitude, ce qui en fait le point culminant de la R\u00e9publique tch\u00e8que.<\/p>","protected":false},"author":1,"featured_media":3588,"parent":14322,"menu_order":0,"comment_status":"closed","ping_status":"closed","template":"elementor_theme","meta":{"_eb_attr":"","footnotes":""},"class_list":["post-14328","page","type-page","status-publish","has-post-thumbnail"],"_links":{"self":[{"href":"https:\/\/travelshelper.com\/fr\/wp-json\/wp\/v2\/pages\/14328","targetHints":{"allow":["GET"]}}],"collection":[{"href":"https:\/\/travelshelper.com\/fr\/wp-json\/wp\/v2\/pages"}],"about":[{"href":"https:\/\/travelshelper.com\/fr\/wp-json\/wp\/v2\/types\/page"}],"author":[{"embeddable":true,"href":"https:\/\/travelshelper.com\/fr\/wp-json\/wp\/v2\/users\/1"}],"replies":[{"embeddable":true,"href":"https:\/\/travelshelper.com\/fr\/wp-json\/wp\/v2\/comments?post=14328"}],"version-history":[{"count":0,"href":"https:\/\/travelshelper.com\/fr\/wp-json\/wp\/v2\/pages\/14328\/revisions"}],"up":[{"embeddable":true,"href":"https:\/\/travelshelper.com\/fr\/wp-json\/wp\/v2\/pages\/14322"}],"wp:featuredmedia":[{"embeddable":true,"href":"https:\/\/travelshelper.com\/fr\/wp-json\/wp\/v2\/media\/3588"}],"wp:attachment":[{"href":"https:\/\/travelshelper.com\/fr\/wp-json\/wp\/v2\/media?parent=14328"}],"curies":[{"name":"wp","href":"https:\/\/api.w.org\/{rel}","templated":true}]}}