{"id":14313,"date":"2024-09-19T08:27:18","date_gmt":"2024-09-19T08:27:18","guid":{"rendered":"https:\/\/travelshelper.com\/staging\/?page_id=14313"},"modified":"2026-03-11T23:25:17","modified_gmt":"2026-03-11T23:25:17","slug":"aarhus","status":"publish","type":"page","link":"https:\/\/travelshelper.com\/fr\/destinations\/europe\/denmark\/aarhus\/","title":{"rendered":"Aarhus"},"content":{"rendered":"<p>Aarhus occupe une crique abrit\u00e9e sur la c\u00f4te est du Jutland danois, sa silhouette moderne retra\u00e7ant une lign\u00e9e remontant \u00e0 la fin du VIIIe si\u00e8cle. Fond\u00e9e comme colonie portuaire \u00e0 l&#039;embouchure de l&#039;Aarhus, la ville s&#039;est rapidement impos\u00e9e comme un carrefour du commerce maritime. Vers 900 de notre \u00e8re, une modeste chapelle chr\u00e9tienne se dressait pr\u00e8s des rives, pr\u00e9figurant l&#039;essor du clerg\u00e9 qui allait consolider le statut de la colonie tout au long du Moyen \u00c2ge. Des digues d\u00e9fensives en terre et en bois entouraient la ville en pleine expansion \u00e0 l&#039;\u00e9poque viking, et en 1441, les dirigeants municipaux obtinrent les privil\u00e8ges d&#039;une ville marchande, ancrant la transformation d&#039;Aarhus, d&#039;une communaut\u00e9 riveraine modeste en un centre urbain dynamique.<\/p>\n<p>Tout au long du Haut Moyen \u00c2ge, l&#039;\u00e9v\u00each\u00e9 d&#039;Aarhus s&#039;enrichit et s&#039;influen\u00e7a. Ses m\u00e9c\u00e8nes eccl\u00e9siastiques commandit\u00e8rent des maisons religieuses et des \u00e9glises en pierre, dont l&#039;\u00e9glise Notre-Dame, \u00e9rig\u00e9e en 1060 et aujourd&#039;hui reconnue comme la plus ancienne \u00e9glise en pierre de Scandinavie. Au fil des si\u00e8cles, la basilique romane qui allait devenir la cath\u00e9drale d&#039;Aarhus s&#039;\u00e9leva jusqu&#039;\u00e0 atteindre sa longueur actuelle de 93 m\u00e8tres, la plus longue du pays, et fut couronn\u00e9e d&#039;un imposant ch\u0153ur gothique \u00e0 la fin du XVe si\u00e8cle. L&#039;\u00e9cole cath\u00e9drale associ\u00e9e, fond\u00e9e en 1195, demeure l&#039;un des plus anciens \u00e9tablissements d&#039;enseignement au monde, t\u00e9moignant de l&#039;engagement durable de la ville en faveur de l&#039;apprentissage.<\/p>\n<p>L&#039;innovation industrielle est apparue au milieu du XIXe si\u00e8cle, mais la premi\u00e8re ligne de chemin de fer de la ville, construite en 1862, avait d\u00e9j\u00e0 marqu\u00e9 le tournant d&#039;Aarhus vers la modernit\u00e9. Le chemin de fer a donn\u00e9 naissance \u00e0 de nouvelles banlieues et usines, stimulant une croissance d\u00e9mographique qui s&#039;est poursuivie jusqu&#039;au XXe si\u00e8cle. En 1928, la premi\u00e8re universit\u00e9 du Jutland a ouvert ses portes, consolidant la r\u00e9putation de la ville comme haut lieu de l&#039;\u00e9rudition. Aujourd&#039;hui, l&#039;universit\u00e9 d&#039;Aarhus est la plus grande universit\u00e9 de Scandinavie, son campus fonctionnaliste, con\u00e7u par Kay Fisker, Povl Stegmann et CF M\u00f8ller, \u00e9tant largement reconnu pour son importance architecturale.<\/p>\n<p>La g\u00e9ographie a fa\u00e7onn\u00e9 chaque chapitre de l&#039;histoire d&#039;Aarhus. La baie d&#039;Aarhus offre un port naturel, ses dix m\u00e8tres de profondeur \u00e9tant proches du rivage et pouvant accueillir les plus grands porte-conteneurs du pays. De l&#039;autre c\u00f4t\u00e9 de la baie s&#039;\u00e9tendent les p\u00e9ninsules de Mols et d&#039;Helgen\u00e6s, qui font partie du vaste territoire du Djursland. \u00c0 l&#039;ouest, un plateau morainique creus\u00e9 par des vall\u00e9es souterraines de l&#039;\u00e8re glaciaire abrite une s\u00e9rie de lacs \u2013 Brabrand, \u00c5rslev et T\u00e5strup \u2013 reli\u00e9s par la rivi\u00e8re Aarhus. Au nord, la vall\u00e9e d&#039;Eg\u00e5 et un r\u00e9seau de zones humides ont \u00e9t\u00e9 partiellement restaur\u00e9s au d\u00e9but des ann\u00e9es 2000, rappelant l&#039;\u00e9cologie pr\u00e9-urbaine de la r\u00e9gion. Le point culminant de la municipalit\u00e9, Jelsh\u00f8j (128 m\u00e8tres), se dresse \u00e0 H\u00f8jbjerg, couronn\u00e9 par un tumulus de l&#039;\u00e2ge du bronze, entour\u00e9 de l\u00e9gendes locales.<\/p>\n<p>Le climat de la ville refl\u00e8te sa position \u00e0 la convergence des influences maritimes et continentales. Les vents d&#039;ouest transportent l&#039;humidit\u00e9 atlantique \u00e0 travers le Jutland, tandis que la topographie locale entra\u00eene des sur\u00e9l\u00e9vations et des pr\u00e9cipitations dans l&#039;est du Jutland. Les temp\u00e9ratures varient de 0,1 \u00b0C en moyenne en f\u00e9vrier \u00e0 15,9 \u00b0C en ao\u00fbt, et les eaux c\u00f4ti\u00e8res se r\u00e9chauffent jusqu&#039;\u00e0 plus de 20 \u00b0C en plein \u00e9t\u00e9. Cependant, les vents d&#039;automne du Kattegat apportent souvent pluie et rafales vivifiantes. La luminosit\u00e9 varie \u00e9galement consid\u00e9rablement\u00a0: au solstice d&#039;\u00e9t\u00e9, la lumi\u00e8re du jour s&#039;\u00e9tend de 4\u00a0h\u00a026 \u00e0 21\u00a0h\u00a058, tandis qu&#039;au solstice d&#039;hiver, on ne b\u00e9n\u00e9ficie gu\u00e8re plus de sept heures de soleil, qui se l\u00e8ve \u00e0 8\u00a0h\u00a037 et se couche \u00e0 15\u00a0h\u00a039.<\/p>\n<p>Le tissu urbain d&#039;Aarhus est riche d&#039;h\u00e9ritages architecturaux. Le r\u00e9seau routier m\u00e9di\u00e9val perdure \u00e0 Midtbyen, o\u00f9 d&#039;\u00e9troites ruelles \u2013 dont Posthussm\u00f8gen et Telefonsm\u00f8gen \u2013 retracent les traces d&#039;anciens postes de p\u00e9age, et l&#039;All\u00e9gaderingen suit vaguement les anciens remparts de la ville viking. Dans le Quartier latin, les maisons \u00e0 colombages de Mejlgade et Skolegade datent du d\u00e9but du XVIIe si\u00e8cle. Les sensibilit\u00e9s n\u00e9oclassiques et national-romantiques du Danemark de la fin du XIXe si\u00e8cle transparaissent dans les plans de Hack Kampmann pour le palais de Marselisborg et la douane, tous deux achev\u00e9s en 1898. Le fonctionnalisme danois a laiss\u00e9 son empreinte dans l&#039;h\u00f4tel de ville, fruit d&#039;une collaboration entre Arne Jacobsen et Erik M\u00f8ller, rev\u00eatu de marbre, et dans le b\u00e2timent principal de l&#039;universit\u00e9. Le r\u00e9am\u00e9nagement du port et les projets de gratte-ciel actuels refl\u00e8tent la derni\u00e8re phase d&#039;une ville qui fa\u00e7onne continuellement son horizon.<\/p>\n<p>Les institutions culturelles peuplent chaque recoin de la ville. Le mus\u00e9e de la vieille ville, Den Gamle By, transporte les visiteurs dans le Danemark urbain des si\u00e8cles pass\u00e9s \u00e0 travers soixante-quinze b\u00e2timents authentiques reconstitu\u00e9s \u00e0 travers le pays. L&#039;ARoS Aarhus Kunstmuseum, l&#039;une des plus grandes institutions artistiques de Scandinavie, pr\u00e9sente l&#039;art danois du XVIIIe si\u00e8cle \u00e0 nos jours, et son installation sur le toit, Your Rainbow Panorama d&#039;Olafur Eliasson, baigne la ville de bandes de couleurs changeantes. Les galeries arch\u00e9ologiques du mus\u00e9e Moesg\u00e5rd pr\u00e9sentent l&#039;Homme de Grauballe et des sacrifices d&#039;armes antiques, tandis que le Kvindemuseet retrace le r\u00f4le des femmes dans l&#039;histoire danoise. Le mus\u00e9e d&#039;histoire naturelle de l&#039;universit\u00e9, les r\u00e9cits de guerre du mus\u00e9e de l&#039;Occupation, les expositions scientifiques du mus\u00e9e Steno et les collections r\u00e9gionales du Stiftsmuseum font d&#039;Aarhus un v\u00e9ritable d\u00e9positaire de la m\u00e9moire nationale.<\/p>\n<p>Les arts du spectacle s&#039;\u00e9panouissent dans des lieux aussi bien historiques que modernes. Le Th\u00e9\u00e2tre d&#039;Aarhus, la plus grande sc\u00e8ne provinciale du Danemark, a ouvert ses portes en 1916 sous l&#039;impulsion de Hack Kampmann, sous le signe de l&#039;Art nouveau. Il se dresse face \u00e0 la cath\u00e9drale, sur Bispetorvet. Le Musikhuset, la plus grande salle de concert d&#039;Europe du Nord avec plus de 3\u00a0600 places, accueille des symphonies, des op\u00e9ras et des ensembles contemporains. Des espaces plus petits, du Svalegangen exp\u00e9rimental \u00e0 la sc\u00e8ne pour enfants Filuren, favorisent la diversit\u00e9 th\u00e9\u00e2trale. Des salles de concert comme VoxHall, Atlas et Train Station t\u00e9moignent de l&#039;attrait historique de la ville pour le rock, le jazz et l&#039;\u00e9lectronique, tandis que Godsbanen, ancienne gare de marchandises reconvertie, offre des studios et des espaces de repr\u00e9sentation pour des formes d&#039;art \u00e9clectiques.<\/p>\n<p>Le calendrier d&#039;Aarhus regorge de festivals et d&#039;\u00e9v\u00e9nements. Festuge, un spectacle automnal de dix jours organis\u00e9 depuis 1965, transforme le centre-ville \u00e0 travers des installations, des performances et des d\u00e9fil\u00e9s. Le Festival de jazz d&#039;Aarhus, fond\u00e9 en 1988, propose des concerts dans des lieux historiques et insolites chaque mois de juillet. NorthSide, cr\u00e9\u00e9 en 2010, est devenu un p\u00f4le d&#039;attraction pour les artistes internationaux de pop et d&#039;indie \u00e0 la mi-juin, tandis que le Spot Festival met en lumi\u00e8re les talents nordiques \u00e9mergents chaque printemps. Des rassemblements plus modestes, de l&#039;original \u00ab\u00a0Denmark&#039;s Ugliest Festival\u00a0\u00bb \u00e0 Brabrand au Th\u00e9\u00e2tre vivant international bisannuel, t\u00e9moignent de l&#039;app\u00e9tit de la ville pour l&#039;exploration artistique. Les f\u00eates religieuses comme la Sainte-Lucie et la Saint-Han sont l&#039;occasion de c\u00e9r\u00e9monies en plein air, et la course de bateaux universitaire, organis\u00e9e chaque ann\u00e9e depuis 1991, attire les foules sur le lac du campus pour un concours visant \u00e0 remporter le Pot de chambre d&#039;or.<\/p>\n<p>Les espaces verts caract\u00e9risent \u00e9galement l&#039;exp\u00e9rience d&#039;Aarhus. Les for\u00eats de Riis Skov et de Marselisborg bordent la p\u00e9riph\u00e9rie urbaine, leurs h\u00eatraies sillonnant des pistes cyclables et de course \u00e0 pied. \u00c0 deux pas de la ville, deux bains de mer publics \u2013 Den Permanente et Ballehage \u2013 invitent \u00e0 la baignade en plein air toute l&#039;ann\u00e9e. Dokk1, le complexe culturel du port inaugur\u00e9 en 2015, abrite la biblioth\u00e8que centrale et les services municipaux sous un toit angulaire et majestueux. Le jardin botanique, datant de 1875, abrite des collections de plantes patrimoniales et des serres r\u00e9nov\u00e9es, tandis que les pelouses vallonn\u00e9es et les ch\u00eanes s\u00e9culaires du parc universitaire offrent un refuge bucolique au c\u0153ur du campus. Le parc Marienlyst, le plus grand de la municipalit\u00e9 avec ses 55 hectares, abrite des bois, des prairies et des terrains de sport au-del\u00e0 des limites de Hasle.<\/p>\n<p>L&#039;\u00e9conomie d&#039;Aarhus a \u00e9volu\u00e9, passant de ses racines agraires et de son essor manufacturier \u00e0 une pr\u00e9dominance du savoir et des services. Le port d&#039;Aarhus, entit\u00e9 autonome, traite plus de la moiti\u00e9 du trafic de conteneurs du Danemark et traite plus de 9,5 millions de tonnes de marchandises par an. Les principales compagnies maritimes et lignes de conteneurs danoises y font escale, tout comme les navires de croisi\u00e8re explorant la Baltique. Des terminaux de mat\u00e9riel roulant et de ferry assurent des liaisons vers Copenhague, la Finlande et Kalundborg, la ligne actuelle de passagers vers la Z\u00e9lande, qui transporte deux millions de voyageurs par an sur les navires Mols-Linien. Les si\u00e8ges sociaux de Vestas, Arla Foods, du groupe Salling et de Jysk constituent le pilier du portefeuille industriel de la ville, m\u00eame si l&#039;agriculture se replie vers les quartiers p\u00e9riph\u00e9riques.<\/p>\n<p>Des p\u00f4les d&#039;innovation se regroupent autour de l&#039;universit\u00e9. Le parc scientifique INCUBA, n\u00e9 d&#039;un projet de recherche de 1986, accueille des start-ups informatiques et biom\u00e9dicales sur quatre campus, dont le parc Navitas partag\u00e9 avec des ing\u00e9nieurs maritimes. L&#039;Agro Food Park de Skejby r\u00e9unit des entreprises du secteur des sciences alimentaires sous un m\u00eame toit et est sur le point d&#039;accueillir le centre d&#039;innovation mondial d&#039;Arla. L&#039;\u00c9cole d&#039;architecture d&#039;Aarhus contribue \u00e0 un \u00ab p\u00f4le d&#039;architecture \u00bb aux c\u00f4t\u00e9s de cabinets tels que Schmidt Hammer Lassen et CF M\u00f8ller, tandis que le projet d&#039;un quartier cr\u00e9atif dans l&#039;ancienne gare de marchandises pr\u00e9voit un regroupement accru de talents en design.<\/p>\n<p>D\u00e9mographie et \u00e9ducation sont \u00e9troitement li\u00e9es au profil jeune d&#039;Aarhus. Les 261\u00a0570 habitants de la ville ont un \u00e2ge m\u00e9dian de 37,5 ans, le plus bas parmi les grandes villes danoises. Les jeunes d&#039;une vingtaine d&#039;ann\u00e9es constituent la cohorte la plus nombreuse, attir\u00e9s par les \u00e9tudes universitaires et le dynamisme culturel. Plus de 40\u00a0% sont titulaires d&#039;un dipl\u00f4me de l&#039;enseignement sup\u00e9rieur, et moins de 15\u00a0% ne poss\u00e8dent pas de dipl\u00f4me secondaire. Les 330\u00a0639 habitants de la municipalit\u00e9 pr\u00e9sentent des tendances similaires, pr\u00e8s d&#039;un tiers d&#039;entre eux venant de villes comme Randers, Silkeborg et Horsens pour se rendre \u00e0 Aarhus.<\/p>\n<p>La gastronomie et la vie nocturne refl\u00e8tent l&#039;esprit cosmopolite de la ville. Le sm\u00f8rrebr\u00f8d traditionnel et la cuisine danoise perdurent dans des \u00e9tablissements centenaires comme le City Hall Caf\u00e9 (fond\u00e9 en 1924) et la taverne Peter Gift (fond\u00e9e en 1906). Les nouveaux innovateurs nordiques \u2013 K\u00e4hler Villa Dining, H\u00e6rv\u00e6rk et Domestic \u2013 mettent en avant les produits de saison, tandis que les march\u00e9s de Frederiksbjerg proposent fromages et charcuteries locaux. Aarhus a rejoint le guide Michelin en 2015, et des restaurants haut de gamme comme Nordisk Spisehus et Substans ont obtenu des \u00e9toiles. Les stands de street food, dont l&#039;Aarhus Street Food et le Central Food Market, proposent des saveurs internationales dans leurs salles communes. Apr\u00e8s la tomb\u00e9e de la nuit, des bars, des pubs cosy aux clubs \u00e9l\u00e9gants, animent les quais, le Quartier latin et Frederiksbjerg. Des lieux comme Kup\u00e9, Ris Ras Filliongongong et Sherlock Holmes r\u00e9pondent \u00e0 des go\u00fbts divers, tandis que Gbar et Caf\u00e9 Sappho affirment l&#039;adh\u00e9sion de la ville \u00e0 sa communaut\u00e9 LGBT.<\/p>\n<p>Au fil de douze si\u00e8cles, Aarhus s&#039;est r\u00e9invent\u00e9e, \u00e0 la charni\u00e8re entre terre et mer. Sa cath\u00e9drale charg\u00e9e d&#039;histoire et ses ruelles pav\u00e9es c\u00f4toient salles de concert, parcs scientifiques et sentiers forestiers. Les mus\u00e9es pr\u00e9servent le pass\u00e9 danois tandis que les festivals c\u00e9l\u00e8brent son pr\u00e9sent. Chaque \u00e9l\u00e9ment \u2013 \u200b\u200bde l&#039;architecture \u00e0 l&#039;agriculture, du port au parc, de l&#039;\u00e9rudition \u00e0 la chanson \u2013 contribue \u00e0 une ville qui \u00e9quilibre le poids de l&#039;histoire avec le dynamisme de la jeunesse. \u00c0 Aarhus, continuit\u00e9 et changement convergent, invitant \u00e0 la r\u00e9flexion sur un lieu o\u00f9 chaque rue et chaque silhouette urbaine \u00e9voquent le renouveau et la r\u00e9silience.<\/p>","protected":false},"excerpt":{"rendered":"<p>Aarhus, deuxi\u00e8me plus grande ville du Danemark, est situ\u00e9e sur la c\u00f4te est du Jutland, dans la mer du Kattegat, \u00e0 environ 187 kilom\u00e8tres au nord-ouest de Copenhague. Avec une population de 355\u00a0238 habitants dans la ville et de 1\u00a0431\u00a0733 dans l&#039;agglom\u00e9ration en 2022, Aarhus est un centre urbain majeur du pays. Cette ville dynamique, officiellement orthographi\u00e9e \u00c5rhus de 1948 au 1er janvier 2011, poss\u00e8de une riche histoire remontant \u00e0 la fin du VIIIe si\u00e8cle, \u00e9voluant d&#039;une humble colonie portuaire \u00e0 une m\u00e9tropole prosp\u00e8re, alliant harmonieusement racines historiques et dynamisme moderne.<\/p>","protected":false},"author":1,"featured_media":2980,"parent":14261,"menu_order":0,"comment_status":"closed","ping_status":"closed","template":"elementor_theme","meta":{"_eb_attr":"","footnotes":""},"class_list":["post-14313","page","type-page","status-publish","has-post-thumbnail"],"_links":{"self":[{"href":"https:\/\/travelshelper.com\/fr\/wp-json\/wp\/v2\/pages\/14313","targetHints":{"allow":["GET"]}}],"collection":[{"href":"https:\/\/travelshelper.com\/fr\/wp-json\/wp\/v2\/pages"}],"about":[{"href":"https:\/\/travelshelper.com\/fr\/wp-json\/wp\/v2\/types\/page"}],"author":[{"embeddable":true,"href":"https:\/\/travelshelper.com\/fr\/wp-json\/wp\/v2\/users\/1"}],"replies":[{"embeddable":true,"href":"https:\/\/travelshelper.com\/fr\/wp-json\/wp\/v2\/comments?post=14313"}],"version-history":[{"count":0,"href":"https:\/\/travelshelper.com\/fr\/wp-json\/wp\/v2\/pages\/14313\/revisions"}],"up":[{"embeddable":true,"href":"https:\/\/travelshelper.com\/fr\/wp-json\/wp\/v2\/pages\/14261"}],"wp:featuredmedia":[{"embeddable":true,"href":"https:\/\/travelshelper.com\/fr\/wp-json\/wp\/v2\/media\/2980"}],"wp:attachment":[{"href":"https:\/\/travelshelper.com\/fr\/wp-json\/wp\/v2\/media?parent=14313"}],"curies":[{"name":"wp","href":"https:\/\/api.w.org\/{rel}","templated":true}]}}