{"id":14282,"date":"2024-09-19T08:01:29","date_gmt":"2024-09-19T08:01:29","guid":{"rendered":"https:\/\/travelshelper.com\/staging\/?page_id=14282"},"modified":"2026-03-11T23:24:36","modified_gmt":"2026-03-11T23:24:36","slug":"vejle","status":"publish","type":"page","link":"https:\/\/travelshelper.com\/fr\/destinations\/europe\/denmark\/vejle\/","title":{"rendered":"Vejle"},"content":{"rendered":"<p>Vejle, neuvi\u00e8me ville du Danemark avec 62\u00a0011 habitants au 1er janvier 2025, se d\u00e9ploie l\u00e0 o\u00f9 deux vall\u00e9es fluviales rencontrent la source du fjord de Vejle, sur la p\u00e9ninsule du Jutland. Ici, des collines bois\u00e9es s&#039;\u00e9l\u00e8vent abruptement de part et d&#039;autre d&#039;une \u00eele de till glaciaire qui a autrefois servi de point d&#039;ancrage aux premiers peuplements. Au fil des si\u00e8cles, son port, ses n\u0153uds ferroviaires, ses liaisons autorouti\u00e8res et son architecture innovante ont fa\u00e7onn\u00e9 son industrie et son caract\u00e8re. Le dialogue permanent entre les contours naturels et l&#039;ambition humaine de Vejle se r\u00e9v\u00e8le dans chaque courbe du fjord, chaque rive restaur\u00e9e et chaque silhouette moderne de la ville.<\/p>\n<p>Au bord de l&#039;eau, le fjord de Vejle s&#039;\u00e9tend vers l&#039;int\u00e9rieur des terres depuis le Petit Belt, attirant les navires vers le nord, en direction de la Baltique, puis vers l&#039;Atlantique \u00e0 travers le Kattegat. Le c\u0153ur historique de la ville repose sur un \u00eelot de till d\u00e9pos\u00e9 par la derni\u00e8re p\u00e9riode glaciaire\u00a0; ici, Torvegade suit les sentiers trac\u00e9s par les premiers commer\u00e7ants, tandis que des panneaux de verre encastr\u00e9s dans le trottoir r\u00e9v\u00e8lent aujourd&#039;hui les traces de la rue commer\u00e7ante m\u00e9di\u00e9vale en contrebas. Bien que la ville f\u00fbt \u00e0 l&#039;origine un modeste hameau riverain, sa situation sur deux voies navigables convergentes \u2013 la Vejle et la Grejs, plus \u00e9troite \u2013 assurait une circulation r\u00e9guli\u00e8re des biens, des personnes et des id\u00e9es.<\/p>\n<p>Au-dessus de la ville, les modestes altitudes de la r\u00e9gion prennent une dimension spectaculaire. Avec le point culminant naturel du Danemark d\u00e9passant \u00e0 peine 170 m\u00e8tres, les collines au nord et au sud de Vejle encadrent l&#039;horizon. La vall\u00e9e de la Vejle, qui s&#039;\u00e9tend sans interruption et constitue la plus longue vall\u00e9e tunnel du pays, canalise les eaux pluviales vers le fjord par des berges en pente douce\u00a0; la vall\u00e9e de Grejs, plus abrupte, creuse le ravin le plus profond du Danemark. Ces deux vall\u00e9es abritaient autrefois de petites communaut\u00e9s agricoles\u00a0; aujourd&#039;hui, elles sont sillonn\u00e9es par des sentiers de randonn\u00e9e qui r\u00e9v\u00e8lent des couches d&#039;affleurements calcaires, des rochers couverts de mousse et le bruissement des h\u00eatres et des ch\u00eanes.<\/p>\n<p>Le c\u0153ur pi\u00e9tonnier de la ville s&#039;\u00e9tend le long d&#039;Algade, une large rue pav\u00e9e bord\u00e9e de boutiques, de caf\u00e9s et du centre commercial Bryggen. Ouvert \u00e0 la fin du XXe si\u00e8cle, Bryggen abrite trente-huit boutiques sous une verri\u00e8re unique, dont les angles nets refl\u00e8tent la lumi\u00e8re du fjord. Non loin de l\u00e0, le concept Paladspassagen Social Dining occupe l&#039;ancien Mary&#039;s Shoppingcenter, transformant les \u00e9tages d&#039;anciens grands magasins en longues tables communes et en cuisines ouvertes o\u00f9 les producteurs r\u00e9gionaux pr\u00e9sentent des plats inspir\u00e9s de la cuisine de rue, insufflant ainsi une nouvelle vie \u00e0 des couloirs autrefois calmes.<\/p>\n<p>L&#039;espace public de Vejle a \u00e9t\u00e9 remodel\u00e9 avec le m\u00eame soin. Dans les ann\u00e9es 1990, les urbanistes ont adopt\u00e9 la premi\u00e8re politique architecturale officielle du Danemark, exigeant qualit\u00e9 et coh\u00e9sion pour les nouveaux projets. Au bord de l&#039;eau, la Vague \u2013 B\u00f8lgen \u2013 s&#039;\u00e9l\u00e8ve en quatre niveaux sinueux de b\u00e9ton blanc et de verre, chaque \u00e9tage en porte-\u00e0-faux s&#039;\u00e9levant vers le ciel, \u00e9cho au mouvement de la mer. \u00c0 proximit\u00e9, des installations artistiques ponctuent d&#039;anciens quais industriels\u00a0; et un projet r\u00e9cent a permis de mettre au jour le ponceau qui enfouissait autrefois la rivi\u00e8re Grejs sous les rues du centre-ville. Aujourd&#039;hui, ses eaux claires coulent le long d&#039;un canal paysager, bord\u00e9 de blocs de granit et de plantations indig\u00e8nes.<\/p>\n<p>Le port lui-m\u00eame date de 1827, ann\u00e9e de l&#039;ouverture du premier bassin au cabotage. Au milieu du XXe si\u00e8cle, Vejle \u00e9tait devenu le deuxi\u00e8me port le plus actif du Danemark apr\u00e8s Copenhague. Des bateaux \u00e0 vapeur comme le Hvidbjerg et le Jeppe Jensen sillonnaient autrefois le fjord et la c\u00f4te, reliant Vejle aux stations baln\u00e9aires et aux domaines. Si les terminaux de fret modernes continuent de traiter des marchandises en vrac, les urbanistes proposent d\u00e9sormais de transformer les quais nord en parcs riverains et en logements, ce qui r\u00e9tablirait un lien visuel et physique direct entre la ville et la mer.<\/p>\n<p>Le r\u00e9seau de transport de Vejle s&#039;\u00e9tend bien au-del\u00e0 de son fjord et de son port. L&#039;autoroute europ\u00e9enne E45 traverse le Petit Belt via le pont du fjord de Vejle, dont les deux arches enjambent l&#039;eau et le ciel. Juste \u00e0 c\u00f4t\u00e9 du pont se trouve la sortie 59, affectueusement surnomm\u00e9e \u00ab\u00a0Porte de l&#039;E45\u00a0\u00bb, o\u00f9 centres logistiques, fast-foods et parkings de covoiturage marquent l&#039;un des carrefours de fret les plus fr\u00e9quent\u00e9s du Danemark, ancr\u00e9 au c\u0153ur du Centre national des transports (DTC). Au nord, l&#039;autoroute du Jutland central et la route nationale 28 traversent des terres agricoles vallonn\u00e9es, reliant Vejle \u00e0 Herning et au-del\u00e0.<\/p>\n<p>Les liaisons ferroviaires convergent ici aussi r\u00e9solument que les fleuves. La gare de Vejle, ouverte en 1868, sert de lien entre la ligne du Jutland oriental au d\u00e9part d&#039;Aarhus et la ligne du Jutland central au d\u00e9part de Struer. Vers le sud, la ligne continue par Fredericia, o\u00f9 des lignes bifurquent vers Odense et Copenhague, vers Esbjerg via Kolding, et m\u00eame vers Hambourg. Pourtant, l&#039;avenir de la gare reste sujet \u00e0 d\u00e9bat\u00a0: certains d\u00e9cideurs politiques pr\u00e9conisent une deuxi\u00e8me travers\u00e9e du fjord afin de r\u00e9duire les temps de trajet entre Odense et Aarhus, une proposition qui pourrait contourner enti\u00e8rement la gare de Vejle.<\/p>\n<p>Les quartiers de la ville offrent une mosa\u00efque de contrastes. Pr\u00e8s du centre, N\u00f8rremarken s&#039;\u00e9tend sur des pentes bois\u00e9es o\u00f9 le stade Vejle se dresse au milieu des pins. Au sud, S\u00f8ndermarken s&#039;\u00e9tend l\u00e0 o\u00f9 se dressait autrefois un ancien manoir\u00a0; son moulin \u00e0 vent perch\u00e9 au sommet de la falaise, peint en blanc sur la limite des arbres, est l&#039;embl\u00e8me de la ville. Plus loin, le fond de la vall\u00e9e de Grejsdalen abrite des maisons familiales et des ruelles \u00e9troites\u00a0; Hover, Lille Grundet et Store Grundet se regroupent sur les hauteurs adjacentes. \u00c0 l&#039;est, M\u00f8lholm et Vinding surplombent le fjord, tandis qu&#039;\u00e0 l&#039;ouest se trouvent Skibet et Knabberup, marquant la fronti\u00e8re entre la ville et l&#039;\u00e9talement rural.<\/p>\n<p>L&#039;industrie et le commerce ont toujours marqu\u00e9 Vejle. Les usines textiles et m\u00e9tallurgiques attiraient autrefois des travailleurs de tout le Jutland\u00a0; aujourd&#039;hui, les entreprises de haute technologie, les prestataires de services et les entreprises de logistique dominent les statistiques d&#039;emploi dans la r\u00e9gion du Triangle, aux c\u00f4t\u00e9s de Kolding et de Fredericia. Le commerce de d\u00e9tail conserve une importance locale\u00a0: r\u00e9sidents et visiteurs trouvent un choix vari\u00e9 de cha\u00eenes et de boutiques sp\u00e9cialis\u00e9es le long de la promenade principale. De plus, depuis le centre de transit, des bus locaux desservent chaque quartier sur neuf lignes.<\/p>\n<p>Mais Vejle ne se r\u00e9sume pas \u00e0 l&#039;industrie et \u00e0 l&#039;architecture\u00a0; c&#039;est aussi un centre d&#039;art et d&#039;apprentissage. Le Mus\u00e9e d&#039;Art de Vejle, r\u00e9nov\u00e9 dans une ancienne halle industrielle, pr\u00e9sente la collection W\u00f6rzner, compos\u00e9e d&#039;\u0153uvres COBRA du milieu du XXe si\u00e8cle, ainsi qu&#039;une rare gravure sur cuivre de Rembrandt. Au Mus\u00e9e de la Ville, des expositions retracent l&#039;essor de la ville, de la place du march\u00e9 m\u00e9di\u00e9vale \u00e0 son centre moderne, install\u00e9 dans l&#039;ancienne filature. De l&#039;autre c\u00f4t\u00e9 de la ville, \u00d8kolariet propose des expositions interactives sur l&#039;\u00e9cologie et le recyclage, dont les animations attirent familles et groupes scolaires.<\/p>\n<p>Les traditions musicales r\u00e9sonnent avec autant de force que les traditions architecturales. Le compositeur Jacob Gade, c\u00e9l\u00e8bre pour son Tango Jalousie, est n\u00e9 \u00e0 proximit\u00e9\u00a0; ses m\u00e9lodies r\u00e9sonnent encore dans la programmation du Musikteater de Vejle, dont l&#039;auditorium moderne surplombe la rivi\u00e8re. Des personnalit\u00e9s litt\u00e9raires comme Ulrik Gr\u00e4s et Inger Christensen ont \u00e9galement puis\u00e9 leur inspiration dans les collines ondulantes. Le souci du d\u00e9tail du po\u00e8te refl\u00e8te le r\u00e9cit complexe de la ville, o\u00f9 chaque mur de pierre et chaque rive rec\u00e8lent une histoire d&#039;industrie, de foi, d&#039;art et de communaut\u00e9.<\/p>\n<p>Des curiosit\u00e9s historiques peuplent le plus ancien quartier de Vejle. L&#039;\u00e9glise Saint-Nicolas, datant du milieu du XIIIe si\u00e8cle, abrite un corps de la femme de Haraldsk\u00e6r, exhum\u00e9 d&#039;une tourbi\u00e8re voisine, peau et cheveux intacts. Sur un mur, de l\u00e9g\u00e8res empreintes seraient celles de cr\u00e2nes de brigands ex\u00e9cut\u00e9s qui r\u00f4daient dans les bois \u2013 une l\u00e9gende locale qui conf\u00e8re \u00e0 la crypte de pierre un air inqui\u00e9tant. L&#039;ancienne prison adjacente, int\u00e9gr\u00e9e \u00e0 l&#039;h\u00f4tel de ville, a re\u00e7u un prix d&#039;embellissement apr\u00e8s sa restauration en 1984\u00a0; ses petites cellules r\u00e9sonnent d\u00e9sormais des histoires des visites guid\u00e9es plut\u00f4t que des chants de prison.<\/p>\n<p>Juste au-del\u00e0 du fjord se trouvent d&#039;autres attractions. Les familles font un p\u00e8lerinage au Legoland original de Billund, \u00e0 trente kilom\u00e8tres au sud-ouest, accessible par autocar r\u00e9gulier depuis le centre de transit de Vejle. Les passionn\u00e9s d&#039;histoire s&#039;aventurent \u00e0 Jelling, dont les pierres runiques et les tumulus du Xe si\u00e8cle constituent le premier site danois inscrit au patrimoine mondial de l&#039;UNESCO, comm\u00e9morant les conversions royales \u00e0 l&#039;\u00e9poque viking. La proximit\u00e9 de Vejle avec ces sites enrichit son r\u00e9seau culturel, faisant de la ville \u00e0 la fois une porte d&#039;entr\u00e9e et une destination.<\/p>\n<p>Bien que modestes par leur taille, les arcs narratifs de Vejle sont vastes. C&#039;est un lieu o\u00f9 la g\u00e9ologie glaciaire rencontre un design d&#039;avant-garde, o\u00f9 les rues commer\u00e7antes m\u00e9di\u00e9vales c\u00f4toient les promenades modernes et o\u00f9 les vall\u00e9es creus\u00e9es par les cours d&#039;eau deviennent des art\u00e8res verdoyantes \u00e0 explorer. Dans ses boutiques et ses salles de concert, ses moulins et ses mus\u00e9es, Vejle entretient un dialogue entre pass\u00e9 et futur. Ici, dans les replis des collines bois\u00e9es et le long de la courbe d&#039;un fjord, la ville continue de se d\u00e9finir, non par une rh\u00e9torique creuse, mais par l&#039;interaction durable du paysage, du travail et de la vision cr\u00e9ative.<\/p>","protected":false},"excerpt":{"rendered":"<p>Vejle, une ville pittoresque au bord d&#039;un fjord situ\u00e9e dans le Jutland du Sud, au Danemark, comptait 61\u00a0706 habitants en 2024, ce qui en faisait la neuvi\u00e8me plus grande ville du pays. Situ\u00e9e \u00e0 l&#039;intersection des vall\u00e9es de Vejle\u00c5dal et de Grejsdalen, \u00e0 leur confluence avec la partie int\u00e9rieure du fjord de Vejle, cette r\u00e9gion illustre l&#039;importance historique et l&#039;esth\u00e9tique naturelle du Danemark.<\/p>","protected":false},"author":1,"featured_media":4494,"parent":14261,"menu_order":0,"comment_status":"closed","ping_status":"closed","template":"elementor_theme","meta":{"_eb_attr":"","footnotes":""},"class_list":["post-14282","page","type-page","status-publish","has-post-thumbnail"],"_links":{"self":[{"href":"https:\/\/travelshelper.com\/fr\/wp-json\/wp\/v2\/pages\/14282","targetHints":{"allow":["GET"]}}],"collection":[{"href":"https:\/\/travelshelper.com\/fr\/wp-json\/wp\/v2\/pages"}],"about":[{"href":"https:\/\/travelshelper.com\/fr\/wp-json\/wp\/v2\/types\/page"}],"author":[{"embeddable":true,"href":"https:\/\/travelshelper.com\/fr\/wp-json\/wp\/v2\/users\/1"}],"replies":[{"embeddable":true,"href":"https:\/\/travelshelper.com\/fr\/wp-json\/wp\/v2\/comments?post=14282"}],"version-history":[{"count":0,"href":"https:\/\/travelshelper.com\/fr\/wp-json\/wp\/v2\/pages\/14282\/revisions"}],"up":[{"embeddable":true,"href":"https:\/\/travelshelper.com\/fr\/wp-json\/wp\/v2\/pages\/14261"}],"wp:featuredmedia":[{"embeddable":true,"href":"https:\/\/travelshelper.com\/fr\/wp-json\/wp\/v2\/media\/4494"}],"wp:attachment":[{"href":"https:\/\/travelshelper.com\/fr\/wp-json\/wp\/v2\/media?parent=14282"}],"curies":[{"name":"wp","href":"https:\/\/api.w.org\/{rel}","templated":true}]}}