{"id":14261,"date":"2024-09-18T23:04:01","date_gmt":"2024-09-18T23:04:01","guid":{"rendered":"https:\/\/travelshelper.com\/staging\/?page_id=14261"},"modified":"2026-03-11T23:25:49","modified_gmt":"2026-03-11T23:25:49","slug":"danemark","status":"publish","type":"page","link":"https:\/\/travelshelper.com\/fr\/destinations\/europe\/denmark\/","title":{"rendered":"Danemark"},"content":{"rendered":"<p>Le Danemark se dresse \u00e0 l&#039;extr\u00e9mit\u00e9 nord du continent europ\u00e9en, un royaume d\u00e9fini \u00e0 la fois par son h\u00e9ritage maritime et ses vastes plaines paisibles. Pays nordique de superficie modeste mais d&#039;influence consid\u00e9rable, il occupe la pointe sud de la p\u00e9ninsule scandinave et s&#039;\u00e9tend sur plus de quatre cents \u00eeles. Son identit\u00e9 est indissociable de la mer, son histoire fa\u00e7onn\u00e9e par la puissance maritime et sa modernit\u00e9 forg\u00e9e par l&#039;interaction entre des terres plates et fertiles et les mar\u00e9es changeantes de la mer du Nord et de la Baltique.<\/p>\n<p>La partie contigu\u00eb du Danemark, souvent appel\u00e9e \u00ab Danemark continental \u00bb ou \u00ab Danemark proprement dit \u00bb, comprend la p\u00e9ninsule du Jutland et un archipel de 406 \u00eeles, dont 78 abritent des communaut\u00e9s permanentes. Au nord et \u00e0 l&#039;est, de minces bras de mer de la Baltique et de la mer du Nord \u00e9rodent les rivages sablonneux, donnant naissance \u00e0 des dunes dans la partie septentrionale du Jutland et \u00e0 de vastes vasi\u00e8res le long de la c\u00f4te sud-ouest, o\u00f9 la mar\u00e9e peut se retirer jusqu&#039;\u00e0 dix kilom\u00e8tres. Aucun point ne se trouve \u00e0 plus de cinquante-deux kilom\u00e8tres de la mer, et celle-ci encercle quelque 8\u00a0750 kilom\u00e8tres de littoral soumis \u00e0 la mar\u00e9e, dessinant les contours de petites baies et p\u00e9ninsules qui d\u00e9finissent la fronti\u00e8re fluide du pays.<\/p>\n<p>Parmi ces \u00eeles, Seeland occupe la premi\u00e8re place. Elle abrite Copenhague, capitale et c\u0153ur culturel du pays, et abrite pr\u00e8s de 40 % de la population nationale sur sa modeste portion de 15 % du territoire danois. Viennent ensuite la Fionie et l&#039;\u00eele du Jutland du Nord, tandis que Bornholm se distingue, isol\u00e9e dans la Baltique \u00e0 quelque 150 kilom\u00e8tres du reste du royaume. Des ponts relient les principales \u00eeles\u00a0: la liaison de l&#039;\u00d8resund \u00e0 Malm\u00f6 en Su\u00e8de, la liaison fixe du Grand Belt entre Seeland et la Fionie, et le pont du Petit Belt reliant la Fionie au Jutland. Des ferries et des avions l\u00e9gers assurent la liaison vitale avec les enclaves plus recul\u00e9es.<\/p>\n<p>Le pays est bas. Une altitude moyenne de trente et un m\u00e8tres au-dessus du niveau de la mer offre un int\u00e9rieur largement plat, ponctu\u00e9 seulement de plaines l\u00e9g\u00e8rement vallonn\u00e9es et du point culminant du pays, M\u00f8lleh\u00f8j, \u00e0 \u200b\u200b170,86 m\u00e8tres. Ce modeste sommet assure n\u00e9anmoins au Danemark sa place parmi les nations nordiques, comme le point culminant le plus bas de tous. Les efforts humains pour gagner du terrain contrecarrent le travail incessant des vagues, tandis que le rel\u00e8vement post-glaciaire \u2013 subtil mais constant \u2013 engendre un nouveau littoral \u00e0 raison d&#039;environ un centim\u00e8tre par an au nord et \u00e0 l&#039;est.<\/p>\n<p>Depuis 2007, le Danemark est organis\u00e9 en cinq r\u00e9gions, chacune subdivis\u00e9e en municipalit\u00e9s \u2013 quatre-vingt-dix-huit apr\u00e8s une consolidation qui a r\u00e9duit le nombre pr\u00e9c\u00e9dent de 271. Ces autorit\u00e9s r\u00e9gionales et municipales supervisent les soins de sant\u00e9, l&#039;\u00e9ducation et les infrastructures au niveau local. Les provinces, structures statistiques imbriqu\u00e9es entre les r\u00e9gions et les municipalit\u00e9s, guident la planification sans exercer de pouvoir politique. Les derni\u00e8res \u00e9lections municipales, tenues en novembre 2021, ont r\u00e9affirm\u00e9 la pratique de la repr\u00e9sentation proportionnelle, parall\u00e8le au syst\u00e8me \u00e9lectoral national.<\/p>\n<p>Les origines du Danemark remontent au VIIIe si\u00e8cle apr\u00e8s J.-C., lorsque des chefs vikings s&#039;unirent sous une banni\u00e8re maritime pour se disputer le contr\u00f4le du commerce baltique. En 1397, l&#039;Union de Kalmar unifia le Danemark, la Norv\u00e8ge et la Su\u00e8de sous une seule couronne. Cette union se brisa avec le d\u00e9part de la Su\u00e8de en 1523 et perdura sous le nom de Danemark-Norv\u00e8ge jusqu&#039;\u00e0 ce que les guerres du XVIIe si\u00e8cle contraignent le Danemark \u00e0 c\u00e9der de nouveaux territoires \u00e0 un royaume germanique en pleine expansion.<\/p>\n<p>L&#039;identit\u00e9 nationale s&#039;est consolid\u00e9e au XIXe si\u00e8cle. La d\u00e9faite lors de la premi\u00e8re guerre des Schleswigs (1848-1851) et la perte des duch\u00e9s au profit de la Prusse et de l&#039;Autriche ont incit\u00e9 les Danois \u00e0 rechercher la coh\u00e9sion sociale. Les landes du Jutland ont \u00e9t\u00e9 d\u00e9frich\u00e9es pour l&#039;agriculture avec l&#039;essor du mouvement chr\u00e9tien d&#039;Indremission, et une nouvelle constitution du 5 juin 1849 a remplac\u00e9 la monarchie absolue par un syst\u00e8me parlementaire ancr\u00e9 dans les libert\u00e9s civiles et la repr\u00e9sentation populaire.<\/p>\n<p>L&#039;industrialisation suivit au milieu du XIXe si\u00e8cle. Le Danemark exploita ses terres fertiles pour devenir un exportateur majeur de produits agricoles. Les r\u00e9formes sociales du droit du travail et de la protection sociale au d\u00e9but du XXe si\u00e8cle jet\u00e8rent les bases d&#039;une \u00e9conomie mixte et d&#039;un \u00c9tat-providence complet. Neutre pendant la Premi\u00e8re Guerre mondiale, le Danemark vit sa neutralit\u00e9 bris\u00e9e en avril 1940 par l&#039;invasion des forces allemandes, d\u00e9clenchant une occupation qui prit fin avec la lib\u00e9ration en mai 1945. La s\u00e9cession de l&#039;Islande en 1944 marqua le premier pas vers l&#039;abandon d&#039;un royaume commun. En 1973, le Danemark rejoignit la Communaut\u00e9 \u00e9conomique europ\u00e9enne aux c\u00f4t\u00e9s du Groenland (les \u00eeles F\u00e9ro\u00e9 s&#039;en retir\u00e8rent), garantissant des liens \u00e9conomiquement avantageux tout en pr\u00e9servant certaines clauses de non-participation, notamment la couronne.<\/p>\n<p>En janvier 2025, la population du Danemark atteignait 5,99 millions d&#039;habitants, dans un pays r\u00e9put\u00e9 pour l&#039;un des \u00e2ges m\u00e9dians les plus \u00e9lev\u00e9s au monde\u00a0: 42,2\u00a0ans. Un taux de natalit\u00e9 modeste, \u00e9quilibr\u00e9 par une immigration nette, soutient un taux de croissance annuel de 0,44\u00a0%. Le mod\u00e8le de protection sociale danois, financ\u00e9 par des taux d&#039;imposition parmi les plus \u00e9lev\u00e9s au monde, offre des soins de sant\u00e9 universels, un enseignement sup\u00e9rieur gratuit avec des bourses d&#039;\u00e9tudes, des services de garde d&#039;enfants subventionn\u00e9s et des retraites. La redistribution des revenus produit l&#039;un des coefficients de Gini les plus bas d&#039;Europe, et le taux de syndicalisation, ancr\u00e9 dans la n\u00e9gociation collective, s&#039;\u00e9levait \u00e0 68\u00a0% en 2015. Le salaire minimum, fix\u00e9 indirectement par des accords sectoriels, \u00e9clipse celui de la plupart des pays d\u00e9velopp\u00e9s.<\/p>\n<p>La soci\u00e9t\u00e9 danoise se classe r\u00e9guli\u00e8rement parmi les plus heureuses au monde. La qualit\u00e9 de l&#039;\u00e9ducation et des soins de sant\u00e9, ainsi que de faibles in\u00e9galit\u00e9s et un sens aigu de la responsabilit\u00e9 sociale, sous-tendent ce classement. Le classement r\u00e9p\u00e9t\u00e9 du Danemark au sommet, ou presque, du Rapport mondial sur le bonheur refl\u00e8te la confiance du public dans les institutions et les avantages tangibles d&#039;un contrat social stable.<\/p>\n<p>Situ\u00e9 entre influences continentales et maritimes, le Danemark b\u00e9n\u00e9ficie d&#039;un climat temp\u00e9r\u00e9. Les hivers sont frais, avec des moyennes autour de 1,5 \u00b0C en janvier, et les \u00e9t\u00e9s doux, avec des moyennes avoisinant les 17,2 \u00b0C en ao\u00fbt. Le temps varie rapidement\u00a0: l&#039;automne apporte les pr\u00e9cipitations annuelles les plus importantes et le printemps les plus secs. Les temp\u00e9ratures record s&#039;\u00e9chelonnent de \u201331,2 \u00b0C en 1982 \u00e0 36,4 \u00b0C en 1975. Les extr\u00eames de luminosit\u00e9 refl\u00e8tent la haute latitude du pays\u00a0: les journ\u00e9es du milieu de l&#039;hiver durent \u00e0 peine sept heures, tandis que l&#039;heure d&#039;\u00e9t\u00e9 prolonge l&#039;ensoleillement \u00e0 pr\u00e8s de dix-huit heures. Au milieu de l&#039;\u00e9t\u00e9, le cr\u00e9puscule persistant rend la vraie nuit presque imperceptible.<\/p>\n<p>Les voies navigables et les lacs du Danemark \u2013 plus d&#039;un millier, dont seize couvrent plus de 500 hectares \u2013 sillonnent le territoire. Les principaux fleuves, comme la Guden\u00e5 dans le Jutland, et l&#039;Odense et la Sus\u00e5, respectivement en Fionie et en Z\u00e9lande, ont aliment\u00e9 des implantations historiques et sont aujourd&#039;hui propices \u00e0 la navigation de plaisance. Les \u00e9cosyst\u00e8mes c\u00f4tiers, les dunes et les landes abritent une flore et une faune diversifi\u00e9es. Les visiteurs sont rarement menac\u00e9s par la faune sauvage\u00a0; le seul serpent venimeux, la vip\u00e8re europ\u00e9enne, est timide et rarement rencontr\u00e9, tandis que les dangers marins, comme la grande vive et, parfois, les m\u00e9duses, incitent \u00e0 la prudence plut\u00f4t qu&#039;\u00e0 la peur.<\/p>\n<p>L&#039;\u00e9conomie danoise se classe parmi les plus comp\u00e9titives et les plus libres du monde. En 2022, elle se classait au huiti\u00e8me rang mondial en termes de revenu national brut par habitant (PPA) et au dixi\u00e8me en termes nominaux. Les services contribuent \u00e0 environ 75 % du PIB, l&#039;industrie manufacturi\u00e8re \u00e0 15 % et l&#039;agriculture \u00e0 moins de 2 %. Les principaux secteurs d&#039;exportation comprennent l&#039;\u00e9olien \u2013 marque de fabrique du Danemark en mati\u00e8re d&#039;\u00e9nergies renouvelables \u2013, les produits pharmaceutiques, les machines, les produits alimentaires et l&#039;ameublement. La majorit\u00e9 des \u00e9changes commerciaux se d\u00e9roulent au sein de l&#039;Union europ\u00e9enne, l&#039;Allemagne, la Su\u00e8de, le Royaume-Uni et les \u00c9tats-Unis \u00e9tant les principaux partenaires \u00e0 l&#039;exportation du Danemark.<\/p>\n<p>Un exc\u00e9dent durable de la balance des paiements a transform\u00e9 le Danemark en pays cr\u00e9ancier net \u00e0 la mi-2018, tandis que la politique int\u00e9rieure refl\u00e8te un engagement fort en faveur du libre-\u00e9change et de la mondialisation. L&#039;opinion publique est favorable \u00e0 l&#039;ouverture des march\u00e9s\u00a0; une enqu\u00eate de 2016 a r\u00e9v\u00e9l\u00e9 que 57\u00a0% des Danois consid\u00e8rent la mondialisation comme une opportunit\u00e9.<\/p>\n<p>Bien que le Danemark participe au march\u00e9 unique europ\u00e9en et au M\u00e9canisme de change II, un r\u00e9f\u00e9rendum de 2000 a rejet\u00e9 l&#039;adoption compl\u00e8te de l&#039;euro. Les sondages ult\u00e9rieurs, le plus r\u00e9cent en novembre 2023, montrent une r\u00e9ticence persistante de l&#039;\u00e9lectorat, environ deux tiers d&#039;entre eux \u00e9tant oppos\u00e9s \u00e0 l&#039;adh\u00e9sion \u00e0 la zone euro.<\/p>\n<p>La g\u00e9ographie compacte du Danemark et son engagement en faveur de la connectivit\u00e9 ont inspir\u00e9 des infrastructures ambitieuses. La liaison fixe du Fehmarn Belt, en construction depuis 2021, assurera une liaison ferroviaire et routi\u00e8re avec l&#039;Allemagne. Au Danemark, le r\u00e9seau autoroutier permet d\u00e9sormais des d\u00e9placements ininterrompus de Frederikshavn, au nord, \u00e0 Copenhague, \u00e0 l&#039;est. Les services ferroviaires de transport de voyageurs, exploit\u00e9s par DSB et soutenus par l&#039;entretien des voies de Banedanmark, compl\u00e8tent les liaisons internationales par ferry \u00e0 travers la mer Baltique et la mer du Nord.<\/p>\n<p>L&#039;a\u00e9roport de Copenhague, qui accueillera pr\u00e8s de trente millions de passagers en 2024, est le plus fr\u00e9quent\u00e9 de Scandinavie. Les a\u00e9roports r\u00e9gionaux de Billund, Aalborg et Aarhus proposent des liaisons nationales et internationales limit\u00e9es. La compagnie nationale, Scandinavian Airlines, relie le Danemark \u00e0 un r\u00e9seau mondial.<\/p>\n<p>Le v\u00e9lo demeure un pilier culturel. Les r\u00e9seaux urbains et ruraux d\u00e9passent les 12\u00a0000 kilom\u00e8tres, dont quelque 7\u00a0000 kilom\u00e8tres de pistes cyclables. \u00c0 Copenhague, plus de la moiti\u00e9 des usagers utilisent le v\u00e9lo quotidiennement, ce qui souligne la conception de la ville ax\u00e9e sur le v\u00e9lo. Les taxes automobiles \u00e9lev\u00e9es \u2013 comprenant une taxe d&#039;immatriculation de 150\u00a0% et une TVA de 25\u00a0% \u2013 freinent la possession de v\u00e9hicules priv\u00e9s, ce qui explique l&#039;un des parcs automobiles les plus anciens au monde, avec un \u00e2ge moyen de plus de neuf ans.<\/p>\n<p>Le danois est la langue nationale. Il est intelligible avec le su\u00e9dois et le norv\u00e9gien, tandis que l&#039;allemand conserve un statut officiel de minorit\u00e9 dans le sud du Jutland. La ma\u00eetrise de l&#039;anglais est r\u00e9pandue\u00a0: 86\u00a0% des personnes interrog\u00e9es d\u00e9clarent pouvoir converser, suivie de l&#039;allemand (47\u00a0%). Les langues autochtones des territoires d&#039;outre-mer du royaume \u2013 le f\u00e9ro\u00efen et le kalaallisut \u2013 refl\u00e8tent la composition plurielle du royaume.<\/p>\n<p>Le christianisme domine le paysage religieux, avec 71 % des Danois inscrits \u00e0 l&#039;\u00c9glise luth\u00e9rienne du Danemark. Pourtant, la pratique religieuse r\u00e9guli\u00e8re est rare\u00a0; seulement 3\u00a0% assistent aux offices hebdomadaires, et la foi joue un r\u00f4le limit\u00e9 dans la vie quotidienne de beaucoup. Des politiques sociales progressistes ont fa\u00e7onn\u00e9 l&#039;identit\u00e9 moderne du Danemark\u00a0: il a \u00e9t\u00e9 le premier pays \u00e0 l\u00e9galiser la pornographie en 1969, le premier \u00e0 instaurer le partenariat enregistr\u00e9 pour les couples de m\u00eame sexe en 1989, et le premier \u00e0 le remplacer par un mariage pour tous en 2012.<\/p>\n<p>Des observations c\u00e9lestes de Tycho Brahe aux d\u00e9couvertes quantiques de Niels Bohr, les scientifiques danois ont laiss\u00e9 une empreinte ind\u00e9l\u00e9bile sur la connaissance mondiale. Leurs contributions litt\u00e9raires \u2013 les contes de f\u00e9es de Hans Christian Andersen, les m\u00e9ditations existentielles de S\u00f8ren Kierkegaard, les r\u00e9cits \u00e9vocateurs de Karen Blixen \u2013 comptent parmi les classiques des lettres europ\u00e9ennes. Au XXe si\u00e8cle, l&#039;innovation cin\u00e9matographique s&#039;est \u00e9panouie sous le mouvement Dogme 95, mettant en lumi\u00e8re des auteurs tels que Lars von Trier et Thomas Vinterberg.<\/p>\n<p>Le patrimoine architectural danois comprend des clochers romans et des cath\u00e9drales gothiques, des palais Renaissance construits par des ma\u00eetres hollandais et des \u00e9difices baroques du XVIIe si\u00e8cle. Le n\u00e9oclassicisme, le romantisme national et, plus tard, le classicisme nordique retracent l&#039;\u00e9volution du go\u00fbt danois. La vague fonctionnaliste des ann\u00e9es 1960, port\u00e9e par Arne Jacobsen, a propuls\u00e9 des personnalit\u00e9s comme J\u00f8rn Utzon vers une renomm\u00e9e mondiale\u00a0; sa conception de l&#039;Op\u00e9ra de Sydney a consacr\u00e9 l&#039;ing\u00e9niosit\u00e9 danoise sur la sc\u00e8ne internationale. Des talents contemporains, notamment Bjarke Ingels, perp\u00e9tuent une tradition de formes inventives ancr\u00e9es dans l&#039;\u00e9chelle humaine.<\/p>\n<p>Le design danois, caract\u00e9ris\u00e9 par un minimalisme sobre et une int\u00e9grit\u00e9 des mat\u00e9riaux, a transform\u00e9 le mobilier, les produits industriels et les articles m\u00e9nagers. Des personnalit\u00e9s telles que Hans Wegner, Finn Juhl, Verner Panton et B\u00f8rge Mogensen demeurent des r\u00e9f\u00e9rences en mati\u00e8re de clart\u00e9 des lignes et d&#039;\u00e9l\u00e9gance fonctionnelle. Les c\u00e9ramiques raffin\u00e9es de la Manufacture royale de porcelaine illustrent une tradition artisanale qui perdure depuis des si\u00e8cles.<\/p>\n<p>Ancr\u00e9e dans les champs et les fjords, la cuisine danoise refl\u00e8te la saisonnalit\u00e9 et le terroir. Les sm\u00f8rrebr\u00f8d, ces sandwichs ouverts au pain de seigle, pr\u00e9sentent une combinaison de hareng, de charcuterie et de l\u00e9gumes marin\u00e9s avec une simplicit\u00e9 raffin\u00e9e. Des plats copieux \u2013 frikadeller (boulettes de viande), fl\u00e6skesteg (r\u00f4ti de porc avec couennes) et kogt torsk (cabillaud poch\u00e9) \u2013 t\u00e9moignent d&#039;un h\u00e9ritage n\u00e9 des hivers rigoureux et des plaines fertiles.<\/p>\n<p>Depuis les ann\u00e9es 1970, les principes culinaires fran\u00e7ais ont inspir\u00e9 les \u00e9tablissements gastronomiques, culminant avec le mouvement \u00ab\u00a0Nouveau Nordique\u00a0\u00bb. Les chefs ont mis\u00e9 sur les ingr\u00e9dients de la cueillette et la puret\u00e9 des saveurs, propulsant les restaurants Geranium et Noma de Copenhague au rang d&#039;\u00e9toiles Michelin. Il en r\u00e9sulte une r\u00e9putation gastronomique nationale alliant tradition et cr\u00e9ativit\u00e9 avant-gardiste.<\/p>\n<p>Les sites danois class\u00e9s au patrimoine mondial de l&#039;UNESCO, des Tumulus de Jelling et de la cath\u00e9drale de Roskilde au ch\u00e2teau de Kronborg, en passant par le paysage de chasse par force de Z\u00e9lande du Nord, t\u00e9moignent de la domination viking, de la pi\u00e9t\u00e9 m\u00e9di\u00e9vale et des pr\u00e9rogatives royales. Au Groenland, le fjord glac\u00e9 d&#039;Ilulissat et les terrains de chasse d&#039;Aasivissuit-Nipisat comm\u00e9morent \u00e0 la fois les forces glaciaires et le mode de vie des Inuits sous la banni\u00e8re du royaume.<\/p>\n<p>Les villes danoises offrent des attraits vari\u00e9s. Copenhague, avec ses rues bord\u00e9es de canaux et ses palais majestueux, allie patrimoine historique et design avant-gardiste. Aarhus, centre culturel du Jutland, abrite une multitude de mus\u00e9es d&#039;art, une ville \u00e0 ciel ouvert reconstitu\u00e9e et une \u00e9nergie jeune port\u00e9e par son universit\u00e9. Aalborg conserve son charme maritime et sa vie nocturne anim\u00e9e \u00e0 Jomfru Ane Gade. Odense, ville natale d&#039;Andersen, invite \u00e0 la d\u00e9couverte de ses ruelles m\u00e9di\u00e9vales et du mus\u00e9e du village de Fionie. Esbjerg, ville portuaire devenue centre \u00e9nerg\u00e9tique, se situe aux portes du parc national de la mer des Wadden. Des centres plus petits \u2013 Roskilde et son mus\u00e9e des navires vikings, Skagen au confluent de deux mers, ou encore le quartier du ch\u00e2teau de S\u00f8nderborg \u2013 invitent \u00e0 la m\u00e9ditation sur l&#039;histoire et le territoire.<\/p>\n<p>Au-del\u00e0 du continent, des \u00eeles comme Bornholm attirent les voyageurs avec leurs \u00e9glises rondes et leurs falaises spectaculaires. Le calme rural de Lolland-Falster donne acc\u00e8s \u00e0 l&#039;escarpement calcaire de M\u00f8n, tandis que le mod\u00e8le d&#039;\u00e9nergie renouvelable de Sams\u00f8 offre un cadre idyllique et durable. Des \u00eelots isol\u00e9s \u2013 les sables d\u00e9sertiques d&#039;Anholt, la r\u00e9serve ornithologique d&#039;Ertholmene, les fermes au toit de chaume d&#039;algues de L\u00e6s\u00f8 \u2013 r\u00e9compensent les voyageurs en qu\u00eate de solitude. Chaque lieu apporte une facette distincte \u00e0 l&#039;identit\u00e9 \u00e0 la fois coh\u00e9rente et multiforme du Danemark.<\/p>\n<p>Le Danemark figure parmi les pays les plus s\u00fbrs au monde. Les catastrophes naturelles y sont rares et les rencontres avec la faune sauvage constituent rarement une menace s\u00e9rieuse. Il est toutefois conseill\u00e9 aux visiteurs de respecter la piq\u00fbre de la grande vive en eaux peu profondes et de v\u00e9rifier la pr\u00e9sence de tiques apr\u00e8s toute excursion en for\u00eat. Des prolif\u00e9rations de m\u00e9duses peuvent appara\u00eetre le long des c\u00f4tes, mais elles sont faciles \u00e0 rep\u00e9rer et \u00e0 \u00e9viter.<\/p>\n<p>Dans sa forme compacte, le Danemark incarne un \u00e9quilibre entre tradition et innovation, entre libert\u00e9 individuelle et responsabilit\u00e9 collective. Sa g\u00e9ographie incite \u00e0 un lien avec la mer, son histoire souligne la r\u00e9silience et ses structures sociales t\u00e9moignent d&#039;une volont\u00e9 de r\u00e9partir \u00e9quitablement les opportunit\u00e9s. Pour le voyageur, le Danemark n&#039;offre pas un d\u00e9fil\u00e9 de cartes postales, mais le r\u00e9cit discret et insistant d&#039;une soci\u00e9t\u00e9 fa\u00e7onn\u00e9e par le vent et l&#039;eau, par les rythmes de l&#039;agriculture et les courants de la pens\u00e9e. Ici, la vie moderne se d\u00e9ploie sur fond de champs et de fjords, de design et de d\u00e9mocratie, invitant \u00e0 r\u00e9fl\u00e9chir \u00e0 la mani\u00e8re dont le plus ancien royaume encore existant \u00e9quilibre continuit\u00e9 et changement.<\/p>","protected":false},"excerpt":{"rendered":"<p>Le Danemark, pays nordique situ\u00e9 au centre-sud de l&#039;Europe du Nord, compte environ 6 millions d&#039;habitants. Copenhague, capitale et plus grande ville du pays, compte environ 767\u00a0000 habitants, tandis que son agglom\u00e9ration compte environ 1,9 million d&#039;habitants. Cet \u00c9tat souverain constitue la partie la plus peupl\u00e9e et la plus m\u00e9tropolitaine du Royaume du Danemark, une entit\u00e9 constitutionnellement unitaire qui englobe les territoires autonomes des \u00celes F\u00e9ro\u00e9 et du Groenland dans l&#039;oc\u00e9an Atlantique Nord.<\/p>","protected":false},"author":1,"featured_media":3056,"parent":24078,"menu_order":0,"comment_status":"closed","ping_status":"closed","template":"elementor_theme","meta":{"_eb_attr":"","footnotes":""},"class_list":["post-14261","page","type-page","status-publish","has-post-thumbnail"],"_links":{"self":[{"href":"https:\/\/travelshelper.com\/fr\/wp-json\/wp\/v2\/pages\/14261","targetHints":{"allow":["GET"]}}],"collection":[{"href":"https:\/\/travelshelper.com\/fr\/wp-json\/wp\/v2\/pages"}],"about":[{"href":"https:\/\/travelshelper.com\/fr\/wp-json\/wp\/v2\/types\/page"}],"author":[{"embeddable":true,"href":"https:\/\/travelshelper.com\/fr\/wp-json\/wp\/v2\/users\/1"}],"replies":[{"embeddable":true,"href":"https:\/\/travelshelper.com\/fr\/wp-json\/wp\/v2\/comments?post=14261"}],"version-history":[{"count":0,"href":"https:\/\/travelshelper.com\/fr\/wp-json\/wp\/v2\/pages\/14261\/revisions"}],"up":[{"embeddable":true,"href":"https:\/\/travelshelper.com\/fr\/wp-json\/wp\/v2\/pages\/24078"}],"wp:featuredmedia":[{"embeddable":true,"href":"https:\/\/travelshelper.com\/fr\/wp-json\/wp\/v2\/media\/3056"}],"wp:attachment":[{"href":"https:\/\/travelshelper.com\/fr\/wp-json\/wp\/v2\/media?parent=14261"}],"curies":[{"name":"wp","href":"https:\/\/api.w.org\/{rel}","templated":true}]}}