{"id":14240,"date":"2024-09-18T22:41:43","date_gmt":"2024-09-18T22:41:43","guid":{"rendered":"https:\/\/travelshelper.com\/staging\/?page_id=14240"},"modified":"2026-03-11T23:33:52","modified_gmt":"2026-03-11T23:33:52","slug":"estonie","status":"publish","type":"page","link":"https:\/\/travelshelper.com\/fr\/destinations\/europe\/estonia\/","title":{"rendered":"Estonie"},"content":{"rendered":"<p>L&#039;Estonie est situ\u00e9e \u00e0 cheval sur la rive orientale de la mer Baltique, une petite r\u00e9publique d&#039;environ 1,37 million d&#039;habitants dont le sol et l&#039;esprit ont port\u00e9 rites pa\u00efens et r\u00e9volutions num\u00e9riques. Sur une superficie de 45\u00a0335 km\u00b2, dont plus de 2\u00a0300 \u00eeles, ce territoire nordique a \u00e9volu\u00e9, depuis ses colonies n\u00e9olithiques de 9\u00a0000 av. J.-C., jusqu&#039;\u00e0 devenir l&#039;une des d\u00e9mocraties les plus avanc\u00e9es d&#039;Europe sur le plan num\u00e9rique, fi\u00e8re de son appartenance \u00e0 la zone euro, de son alliance avec l&#039;OTAN et d&#039;une r\u00e9putation de transparence dans sa gouvernance. Des falaises calcaires de sa c\u00f4te nord aux tourbi\u00e8res drap\u00e9es de ses hautes terres m\u00e9ridionales, le territoire et le peuple estoniens retracent une histoire de domination \u00e9trang\u00e8re, de r\u00e9veil national, d&#039;occupation sovi\u00e9tique et d&#039;une \u00ab\u00a0R\u00e9volution chantante\u00a0\u00bb pacifique qui a restaur\u00e9 l&#039;ind\u00e9pendance le 20 ao\u00fbt 1991.<\/p>\n<p>Depuis des temps imm\u00e9moriaux, les tribus estoniennes se sont regroup\u00e9es le long des rivi\u00e8res et des lacs. La conversion m\u00e9di\u00e9vale au christianisme n&#039;a \u00e9t\u00e9 impos\u00e9e qu&#039;apr\u00e8s les croisades du Nord au XIIIe si\u00e8cle, mais des vestiges de coutumes pr\u00e9chr\u00e9tiennes ont perdur\u00e9 dans le folklore et les chants runiques. Des si\u00e8cles d&#039;influence des chevaliers teutoniques, des monarques danois, des rois polonais, des seigneurs su\u00e9dois et, enfin, de l&#039;Empire russe n&#039;ont gu\u00e8re contribu\u00e9 \u00e0 \u00e9teindre une identit\u00e9 vernaculaire qui a pris son essor avec le r\u00e9veil national du milieu du XIXe si\u00e8cle. La D\u00e9claration d&#039;ind\u00e9pendance de f\u00e9vrier 1918 a inaugur\u00e9 une r\u00e9publique de l&#039;entre-deux-guerres fond\u00e9e sur des id\u00e9aux d\u00e9mocratiques, dont la neutralit\u00e9 s&#039;est effondr\u00e9e sous les occupations sovi\u00e9tique et allemande. Tout au long de la Guerre froide, les diplomates \u00e9migr\u00e9s et le gouvernement en exil ont pr\u00e9serv\u00e9 la continuit\u00e9 juridique de l&#039;Estonie jusqu&#039;\u00e0 ce que l&#039;\u00c9tat balte recouvre sa souverainet\u00e9 par des manifestations de masse non violentes et une r\u00e9sistance collective.<\/p>\n<p>Topographiquement, la r\u00e9publique se d\u00e9ploie en pentes douces. Les plaines du nord et de l&#039;ouest c\u00e8dent la place aux hautes terres de Pandivere, Sakala et Otep\u00e4\u00e4, tandis que Suur Munam\u00e4gi, \u00e0 318 m\u00e8tres d&#039;altitude, domine les collines de Haanja. Parmi les 1\u00a0560 lacs naturels d&#039;Estonie, le vaste lac Peipus jouxte la Russie, et V\u00f5rtsj\u00e4rv se trouve enti\u00e8rement \u00e0 l&#039;int\u00e9rieur. Moins d&#039;une douzaine de rivi\u00e8res d\u00e9passent les 100 kilom\u00e8tres, les principales \u00e9tant le V\u00f5handu et le P\u00e4rnu. Pr\u00e8s d&#039;un quart du territoire est d\u00e9limit\u00e9 par des tourbi\u00e8res et des marais \u2013 des zones humides enchev\u00eatr\u00e9es o\u00f9 convergent tourbe et for\u00eat mar\u00e9cageuse \u2013 offrant un refuge \u00e0 des esp\u00e8ces disparues ailleurs en Europe.<\/p>\n<p>Le climat ici n&#039;est ni enti\u00e8rement continental ni purement maritime, mais fa\u00e7onn\u00e9 par les cyclones de l&#039;Atlantique Nord et la port\u00e9e mod\u00e9ratrice de la Baltique. Le d\u00e9gel hivernal arrive pr\u00e9matur\u00e9ment sur les c\u00f4tes, tandis que la chaleur estivale persiste, les brises d&#039;ouest temp\u00e9rant la chaleur \u00e0 l&#039;int\u00e9rieur des terres. Les temp\u00e9ratures moyennes oscillent entre \u22123,8 \u00b0C en f\u00e9vrier et 17,8 \u00b0C en juillet, avec des extr\u00eames enregistr\u00e9s \u00e0 \u221243,5 \u00b0C en 1940 et 35,6 \u00b0C en 1992. Les pr\u00e9cipitations annuelles moyennes s&#039;\u00e9l\u00e8vent \u00e0 662 mm\u00a0; l&#039;ensoleillement varie d&#039;\u00e0 peine trois douzaines d&#039;heures en d\u00e9cembre \u00e0 pr\u00e8s de 300 heures en ao\u00fbt. La dur\u00e9e du jour s&#039;\u00e9tend \u00e0 18\u00a0heures et 40\u00a0minutes au milieu de l&#039;\u00e9t\u00e9 et se r\u00e9duit \u00e0 six heures apr\u00e8s le solstice d&#039;hiver, offrant des \u00ab\u00a0nuits blanches\u00a0\u00bb de mai \u00e0 juillet.<\/p>\n<p>La mosa\u00efque de for\u00eats, de champs, d&#039;\u00eeles et de zones humides constitue l&#039;une des biodiversit\u00e9s les plus riches d&#039;Europe. Environ 19,4 % du territoire estonien est officiellement prot\u00e9g\u00e9\u00a0: six parcs nationaux, plus de deux cents zones de conservation et plus d&#039;une centaine de r\u00e9serves paysag\u00e8res. Des couloirs migratoires canalisent des millions de passereaux et d&#039;oiseaux aquatiques dans le ciel, \u00e9tablissant des records europ\u00e9ens de vari\u00e9t\u00e9 et de volume. Pins, bouleaux et \u00e9pic\u00e9as dominent ses for\u00eats, abritant de grands mammif\u00e8res, du lynx \u00e0 l&#039;ours brun, en passant par le vison d&#039;Europe r\u00e9introduit \u00e0 Hiiumaa. Des royaumes moustachus d&#039;amphibiens et de reptiles prosp\u00e8rent parmi 330 esp\u00e8ces d&#039;oiseaux recens\u00e9es dans tout le pays, parmi lesquelles l&#039;hirondelle rustique, embl\u00e8me aviaire national.<\/p>\n<p>R\u00e9publique parlementaire de quinze maakonds, l&#039;Estonie b\u00e9n\u00e9ficie de l&#039;une des administrations les moins corrompues d&#039;Europe. Sa transition d&#039;une d\u00e9pendance au schiste bitumineux \u2013 autrefois responsable de plus de 85 % de la production \u00e9nerg\u00e9tique \u2013 vers un mix diversifi\u00e9 d&#039;\u00e9nergies renouvelables t\u00e9moigne de la volont\u00e9 d&#039;adaptation du pays. Le creux financier provoqu\u00e9 par la crise de 2008 a c\u00e9d\u00e9 la place en 2012 au seul exc\u00e9dent budg\u00e9taire de la zone euro et \u00e0 une dette nationale de seulement 6 % du PIB. Aujourd&#039;hui, les t\u00e9l\u00e9communications, la banque, les services logiciels, le textile, l&#039;\u00e9lectronique et la construction navale alimentent une \u00e9conomie avanc\u00e9e dont le PIB par habitant en PPA s&#039;\u00e9l\u00e8ve \u00e0 environ 46\u00a0385 dollars (chiffres de 2023). L&#039;Estonie se classe parmi les premiers pays au monde en mati\u00e8re de d\u00e9veloppement humain, de libert\u00e9 de la presse, de r\u00e9sultats scolaires \u2013 gratuits du primaire au sup\u00e9rieur \u2013 et de services d&#039;administration en ligne.<\/p>\n<p>Les art\u00e8res maritimes convergent vers le port de Tallinn et son satellite libre de glace \u00e0 Muuga, o\u00f9 les silos \u00e0 grains, les entrep\u00f4ts frigorifiques et les postes d&#039;amarrage des p\u00e9troliers desservent le commerce baltique. Les ferries Tallink relient les routes maritimes \u00e0 Helsinki et Stockholm, tandis que les lignes locales transportent les passagers vers Saaremaa et Hiiumaa. Par voie terrestre, plus de seize mille kilom\u00e8tres de routes nationales, dont les art\u00e8res E20, E263 et E67, soutiennent un taux \u00e9lev\u00e9 de motorisation. Rail Baltica, en construction depuis 2017, promet une liaison \u00e0 \u00e9cartement europ\u00e9en de Tallinn \u00e0 Varsovie via Riga, compl\u00e9tant ainsi le r\u00e9seau existant d&#039;Eesti Raudtee et son tramway historique \u00e0 voie \u00e9troite dans la capitale. Les a\u00e9roports de Tallinn, Tartu, P\u00e4rnu, Kuressaare et K\u00e4rdla relient l&#039;Estonie \u00e0 l&#039;Europe du Nord et centrale gr\u00e2ce \u00e0 des transporteurs comme AirBaltic et LOT.<\/p>\n<p>Sur le plan ethnique, l&#039;Estonie est largement homog\u00e8ne\u00a0: les Estoniens de souche repr\u00e9sentent pr\u00e8s de soixante-dix pour cent de la population, avec une minorit\u00e9 russophone d&#039;environ vingt-quatre pour cent, concentr\u00e9e \u00e0 Ida-Viru et dans les environs de Tallinn. Depuis 1991, la population a progress\u00e9 pour atteindre 1\u00a0369\u00a0285\u00a0habitants (1er\u00a0janvier\u00a02025), refl\u00e9tant les migrations et un modeste exc\u00e9dent de naissances. Le niveau d&#039;\u00e9ducation est exceptionnel\u00a0\u2013 quarante-trois pour cent des adultes \u00e2g\u00e9s de 25 \u00e0 64\u00a0ans sont dipl\u00f4m\u00e9s de l&#039;universit\u00e9\u00a0\u2013 et la diversit\u00e9 s&#039;est accrue, avec plus de deux cents\u00a0ethnies et presque autant de langues maternelles. La communaut\u00e9 germano-balte a marqu\u00e9 l&#039;h\u00e9g\u00e9monie culturelle allemande jusqu&#039;au milieu du XXe\u00a0si\u00e8cle\u00a0; aujourd&#039;hui, les Finlandais d&#039;Ingrie et les Su\u00e9dois d&#039;Estonie jouissent d&#039;une autonomie culturelle, aux c\u00f4t\u00e9s d&#039;une faible pr\u00e9sence rom.<\/p>\n<p>L&#039;appartenance religieuse a diminu\u00e9, faisant de l&#039;Estonie l&#039;un des \u00c9tats les plus la\u00efcs d&#039;Europe. Un peu moins d&#039;un tiers des citoyens professent une foi, la majorit\u00e9 d&#039;entre eux appartenant \u00e0 des confessions chr\u00e9tiennes. L&#039;orthodoxie orientale, pratiqu\u00e9e par de nombreux membres de la minorit\u00e9 russe et de la communaut\u00e9 autochtone Seto, d\u00e9passe d\u00e9sormais le luth\u00e9ranisme en nombre d&#039;adeptes. Les saunas \u00e0 fum\u00e9e de la tradition V\u00f5ru, inscrits \u00e0 l&#039;UNESCO depuis 2014, perp\u00e9tuent des rituels ancestraux, tout comme les feux de joie de la Saint-Jean de Jaanip\u00e4ev et les d\u00e9fil\u00e9s du Jour de l&#039;Ind\u00e9pendance, chacun marquant la m\u00e9moire collective les 24 juin et 24 f\u00e9vrier respectivement.<\/p>\n<p>Sur le plan linguistique, l&#039;estonien pr\u00e9domine, environ 84 % de la population l&#039;utilisant comme premi\u00e8re ou deuxi\u00e8me langue. Les dialectes du sud de l&#039;Estonie \u2013 v\u00f5ro, seto, mulgi et tartu \u2013 sont parl\u00e9s par pr\u00e8s de cent mille locuteurs. L&#039;anglais et le russe sont des langues \u00e9trang\u00e8res courantes ou patrimoniales, amplifi\u00e9es par l&#039;enseignement public\u00a0; l&#039;allemand et le fran\u00e7ais suivent. La langue des signes estonienne, officiellement reconnue en 2007, b\u00e9n\u00e9ficie \u00e0 quelque 4\u00a0500 citoyens sourds.<\/p>\n<p>L&#039;identit\u00e9 culturelle est intimement li\u00e9e au territoire. Les chants runiques folkloriques \u00e9voquent la cosmogonie et des g\u00e9ants tels que Kalevipoeg. La campagne du folkloriste Jakob Hurt au XIXe si\u00e8cle a permis de recueillir plus de douze mille pages de tradition orale\u00a0; Matthias Johann Eisen en a compil\u00e9 quatre-vingt-dix mille autres, aujourd&#039;hui conserv\u00e9es aux Archives folkloriques estoniennes. L&#039;architecture comprend des fermes en bois rehielamu, des forts m\u00e9di\u00e9vaux en pierre, des \u00e9glises romanes et des halles de marchands gothiques, dont la pr\u00e9servation est particuli\u00e8rement remarquable dans la vieille ville de Tallinn, class\u00e9e au patrimoine mondial de l&#039;UNESCO. Le parlement de l&#039;entre-deux-guerres, sur la colline de Toompea, se distingue par sa singularit\u00e9\u00a0: c&#039;est la seule chambre l\u00e9gislative expressionniste au monde, tandis que les tendances du XXe si\u00e8cle ont oscill\u00e9 entre le classicisme d\u00e9pouill\u00e9 et la pr\u00e9fabrication sovi\u00e9tique, et plus r\u00e9cemment les tours de bureaux vitr\u00e9es con\u00e7ues par des architectes comme Vilen K\u00fcnnapu.<\/p>\n<p>La cuisine estonienne, n\u00e9e des champs, des for\u00eats et de la mer, repose sur le pain de seigle, les pommes de terre, le porc et les produits laitiers, agr\u00e9ment\u00e9s de baies, d&#039;herbes et de champignons de saison. Les sandwichs ouverts garnis de hareng de la Baltique ou de sprats illustrent l&#039;attachement du pays \u00e0 la simplicit\u00e9 et \u00e0 la fra\u00eecheur. Bi\u00e8re, vins de fruits et vin distill\u00e9 accompagnent les repas, comme c&#039;est le cas depuis des si\u00e8cles dans la vie rurale et c\u00f4ti\u00e8re.<\/p>\n<p>Pour les voyageurs, l&#039;Estonie se d\u00e9ploie en r\u00e9gions, mais sans la tyrannie des distances\u00a0: quatre heures s\u00e9parent les collines du sud des plages du nord, et deux heures suffisent pour relier Tallinn \u00e0 toute grande ville. Le nord de l&#039;Estonie vibre d&#039;industrie et de charme urbain, la capitale m\u00e9di\u00e9vale se d\u00e9tachant sur les villages baln\u00e9aires et les manoirs de Lahemaa. L&#039;est de l&#039;Estonie porte l&#039;influence russe avec le ch\u00e2teau Hermann de Narva et les hameaux thermaux du golfe. Les \u00eeles et la c\u00f4te ouest offrent les villages balay\u00e9s par le vent de Saaremaa, la splendeur estivale de P\u00e4rnu et le patrimoine renaissant des Su\u00e9dois c\u00f4tiers de Ruhnu. Au sud, l&#039;effervescence universitaire de Tartu c\u00e8de la place aux maisons de pri\u00e8re de Setomaa, aux traditions musicales de Mulgimaa et aux pistes de ski d&#039;Otep\u00e4\u00e4.<\/p>\n<p>L&#039;attrait de l&#039;Estonie r\u00e9side dans ses contrastes\u00a0: une r\u00e9publique num\u00e9rique prosp\u00e8re au milieu de for\u00eats couvertes de mousse, de tourbi\u00e8res ancestrales et de remparts hans\u00e9atiques\u00a0; un peuple qui chante l&#039;ind\u00e9pendance et accueille les visiteurs d&#039;un m\u00eame souffle. Voici un pays d\u00e9fini moins par les cha\u00eenes qui l&#039;ont autrefois encha\u00een\u00e9 que par la r\u00e9silience qui unit son pass\u00e9 \u00e0 chaque clic, chaque chant de No\u00ebl et chaque pas sur son territoire charg\u00e9 d&#039;histoire.<\/p>","protected":false},"excerpt":{"rendered":"<p>Situ\u00e9e en Europe du Nord, au bord de la magnifique mer Baltique, l&#039;Estonie incarne l&#039;endurance, l&#039;inventivit\u00e9 et la diversit\u00e9 culturelle. Situ\u00e9e \u00e0 l&#039;intersection de l&#039;Europe du Nord et de l&#039;Europe de l&#039;Est, elle b\u00e9n\u00e9ficie d&#039;une position strat\u00e9gique qui a historiquement fa\u00e7onn\u00e9 sa trajectoire et continue d&#039;influencer sa situation actuelle. Malgr\u00e9 sa population d&#039;environ 1,4 million d&#039;habitants, l&#039;Estonie a un impact significatif sur les technologies, la gouvernance num\u00e9rique et la protection de l&#039;environnement.<\/p>","protected":false},"author":1,"featured_media":3347,"parent":24078,"menu_order":0,"comment_status":"closed","ping_status":"closed","template":"elementor_theme","meta":{"_eb_attr":"","footnotes":""},"class_list":["post-14240","page","type-page","status-publish","has-post-thumbnail"],"_links":{"self":[{"href":"https:\/\/travelshelper.com\/fr\/wp-json\/wp\/v2\/pages\/14240","targetHints":{"allow":["GET"]}}],"collection":[{"href":"https:\/\/travelshelper.com\/fr\/wp-json\/wp\/v2\/pages"}],"about":[{"href":"https:\/\/travelshelper.com\/fr\/wp-json\/wp\/v2\/types\/page"}],"author":[{"embeddable":true,"href":"https:\/\/travelshelper.com\/fr\/wp-json\/wp\/v2\/users\/1"}],"replies":[{"embeddable":true,"href":"https:\/\/travelshelper.com\/fr\/wp-json\/wp\/v2\/comments?post=14240"}],"version-history":[{"count":0,"href":"https:\/\/travelshelper.com\/fr\/wp-json\/wp\/v2\/pages\/14240\/revisions"}],"up":[{"embeddable":true,"href":"https:\/\/travelshelper.com\/fr\/wp-json\/wp\/v2\/pages\/24078"}],"wp:featuredmedia":[{"embeddable":true,"href":"https:\/\/travelshelper.com\/fr\/wp-json\/wp\/v2\/media\/3347"}],"wp:attachment":[{"href":"https:\/\/travelshelper.com\/fr\/wp-json\/wp\/v2\/media?parent=14240"}],"curies":[{"name":"wp","href":"https:\/\/api.w.org\/{rel}","templated":true}]}}