{"id":14191,"date":"2024-09-18T21:59:59","date_gmt":"2024-09-18T21:59:59","guid":{"rendered":"https:\/\/travelshelper.com\/staging\/?page_id=14191"},"modified":"2026-03-11T23:49:09","modified_gmt":"2026-03-11T23:49:09","slug":"cannes","status":"publish","type":"page","link":"https:\/\/travelshelper.com\/fr\/destinations\/europe\/france\/cannes\/","title":{"rendered":"Cannes"},"content":{"rendered":"<p>Cannes est une commune c\u00f4ti\u00e8re d&#039;environ 73\u00a0000 habitants, couvrant une superficie de 19,62 kilom\u00e8tres carr\u00e9s le long de la rive est de la Baie de Cannes, sur la C\u00f4te d&#039;Azur, dans le d\u00e9partement fran\u00e7ais des Alpes-Maritimes. Accueillant une multitude de rassemblements internationaux \u2013 le Festival annuel du film de Cannes, le Midem et le Festival international de la cr\u00e9ativit\u00e9 Cannes Lions \u2013, elle est pass\u00e9e d&#039;un modeste village de p\u00eacheurs \u00e0 un p\u00f4le d&#039;attraction pour les industries cin\u00e9matographiques, musicales et publicitaires. Des h\u00f4tels de luxe bordent son c\u00e9l\u00e8bre front de mer, tandis que l&#039;\u00e9conomie de la ville prosp\u00e8re gr\u00e2ce \u00e0 un m\u00e9lange de tourisme, de salons professionnels, de commerce et d&#039;une forte pr\u00e9sence a\u00e9rospatiale centr\u00e9e sur le Centre spatial de Cannes Mandelieu.<\/p>\n<p>De d\u00e9cembre \u00e0 f\u00e9vrier, les temp\u00e9ratures moyennes quotidiennes oscillent l\u00e9g\u00e8rement au-dessus de 10 \u00b0C, conf\u00e9rant aux mois d&#039;hiver une douceur contrastant avec le soleil intense de l&#039;\u00e9t\u00e9, o\u00f9 les temp\u00e9ratures diurnes atteignent fr\u00e9quemment 30 \u00b0C. Juillet offre en moyenne onze heures d&#039;ensoleillement par jour, tandis que les pr\u00e9cipitations restent modestes tout au long de l&#039;ann\u00e9e, avec un pic en octobre et novembre, o\u00f9 les cumuls mensuels peuvent d\u00e9passer 100 mm. Les saisons chaudes s&#039;\u00e9tendent de juin \u00e0 septembre, p\u00e9riode durant laquelle la population s&#039;enrichit de visiteurs attir\u00e9s par les eaux turquoise de la M\u00e9diterran\u00e9e et les festivals qui rythment le calendrier. Des extr\u00eames remarquables ont marqu\u00e9 le climat local\u00a0: le 19 juillet 2023, le mercure a atteint 39,2 \u00b0C et, au c\u0153ur d&#039;un hiver aust\u00e8re, le 9 janvier 1985, il est descendu \u00e0 \u201312,0 \u00b0C.<\/p>\n<p>La Promenade de la Croisette, une avenue aux courbes \u00e9l\u00e9gantes et bord\u00e9e de palmiers, d\u00e9finit l&#039;identit\u00e9 du front de mer de Cannes. Son tron\u00e7on est bord\u00e9 de plages prestigieuses, publiques et priv\u00e9es, de terrasses gastronomiques et de fa\u00e7ades de boutiques haut de gamme et d&#039;h\u00f4tels majestueux. Au-del\u00e0 de l&#039;avenue, le Suquet, quartier m\u00e9di\u00e9val de la ville, d\u00e9voile un r\u00e9seau de ruelles pav\u00e9es \u00e9troites qui montent jusqu&#039;\u00e0 la chapelle Notre-Dame d&#039;Esp\u00e9rance, perch\u00e9e au sommet de la colline. De l\u00e0, on admire l&#039;\u00e9tendue de la Corniche et l&#039;immensit\u00e9 c\u00e9rul\u00e9enne de la baie, tandis que le Mus\u00e9e des Explorations du Monde, abrit\u00e9 dans une tour fortifi\u00e9e, et la chapelle Sainte-Anne, pr\u00e9sentent des vestiges de voyages lointains. La silhouette de la cath\u00e9drale orthodoxe russe ponctue ce flanc de colline de ses d\u00f4mes dor\u00e9s en bulbe.<\/p>\n<p>Le patrimoine de Cannes est manifeste dans les grandes villas du XIXe si\u00e8cle, toujours debout, t\u00e9moins de la richesse qui a fait la renomm\u00e9e de la ville. Nombre d&#039;entre elles \u00e9voquent les villas romaines ou les donjons m\u00e9di\u00e9vaux, bien qu&#039;elles soient inaccessibles au public. Parmi elles, la Villa \u00c9l\u00e9onore Louise de Lord Brougham, \u00e9rig\u00e9e entre 1835 et 1839 dans le Quartier des Anglais \u2013 aujourd&#039;hui le plus ancien quartier r\u00e9sidentiel de la ville \u2013 accueillait autrefois les aristocrates britanniques. La Villa Domergue de Jean-Gabriel Domergue, connue \u00e0 l&#039;origine sous le nom de Villa Fiesole, rappelle les formes luxuriantes de Fiesole, pr\u00e8s de Florence. Elle peut \u00eatre visit\u00e9e sur rendez-vous. Ses jardins et ses int\u00e9rieurs t\u00e9moignent du go\u00fbt raffin\u00e9 des premiers m\u00e9c\u00e8nes.<\/p>\n<p>Au large, l&#039;archipel des \u00eeles de L\u00e9rins comprend deux \u00eeles principales. L&#039;\u00eele Sainte-Marguerite, refuge bois\u00e9 \u00e0 seulement un kilom\u00e8tre du rivage, conserve la cellule o\u00f9 le l\u00e9gendaire \u00ab\u00a0Homme au Masque de Fer\u00a0\u00bb fut d\u00e9tenu pendant onze ans\u00a0; cette chambre occupe d\u00e9sormais un espace au sein du Mus\u00e9e de la Mer, qui expose \u00e9galement des c\u00e9ramiques r\u00e9cup\u00e9r\u00e9es d&#039;\u00e9paves antiques, allant des amphores romaines aux fragments sarrasins. Au sud se trouve l&#039;\u00eele Saint-Honorat, occup\u00e9e depuis 410 apr\u00e8s J.-C. par des moines cisterciens dont l&#039;abbaye gouvernait autrefois la r\u00e9gion environnante. Les visiteurs peuvent parcourir l&#039;\u00e9glise aust\u00e8re et les ruines du monast\u00e8re du XIe si\u00e8cle, tandis que les moines perp\u00e9tuent leur pratique viticole s\u00e9culaire en produisant de petits lots de vins rouges et blancs.<\/p>\n<p>Au sein de la ville, un ensemble de mus\u00e9es offre un aper\u00e7u de la pr\u00e9histoire proven\u00e7ale, de la navigation m\u00e9diterran\u00e9enne et des cultures du monde. Le Mus\u00e9e d&#039;Art et d&#039;Histoire de Provence, install\u00e9 dans un h\u00f4tel particulier du XVIIIe si\u00e8cle, retrace la vie locale des origines pr\u00e9historiques \u00e0 nos jours \u00e0 travers des outils, des costumes et des santons sculpt\u00e9s pour les cr\u00e8ches de No\u00ebl. Le Mus\u00e9e de la Castre pr\u00e9sente des objets provenant des atolls du Pacifique, du P\u00e9rou pr\u00e9colombien et de M\u00e9so-Am\u00e9rique, abrit\u00e9s dans les vestiges d&#039;un ch\u00e2teau m\u00e9di\u00e9val au sommet du Suquet. D&#039;autres lieux, tels que le Mus\u00e9e de la Marine, le Mus\u00e9e de la Mer, le Mus\u00e9e de la Photographie et le Mus\u00e9e International de la Parfumerie, abordent les traditions maritimes, l&#039;arch\u00e9ologie sous-marine, l&#039;art photographique et le patrimoine parfumier de la r\u00e9gion.<\/p>\n<p>La vie th\u00e9\u00e2trale et musicale de Cannes se d\u00e9ploie dans des espaces intimes o\u00f9 le Festival international de performance d&#039;acteurs propose chaque ann\u00e9e de courts sketches au c\u0153ur de th\u00e9\u00e2tres locaux comme le Th\u00e9\u00e2tre Debussy, l&#039;Espace Miramar et l&#039;Alexandre III. Les spectateurs d\u00e9couvrent des moments d&#039;humour et de drame loin de la splendeur du tapis rouge, renfor\u00e7ant ainsi l&#039;engagement de la ville envers les arts de la sc\u00e8ne au-del\u00e0 de ses \u00e9v\u00e9nements phares.<\/p>\n<p>Le calendrier cannois regorge de festivals et de rassemblements professionnels. Outre le festival du film \u00e0 la mi-mai, juin accueille le festival Lions, d\u00e9di\u00e9 \u00e0 la cr\u00e9ativit\u00e9 publicitaire, tandis que la baie de Cannes scintille de feux d&#039;artifice estivaux lors du Festival d&#039;art pyrotechnique annuel. Le Midem r\u00e9unit chaque ann\u00e9e en juin les dirigeants de l&#039;industrie musicale\u00a0; avril et octobre accueillent le MIPTV et le MIPCOM, les principaux march\u00e9s professionnels du contenu t\u00e9l\u00e9visuel\u00a0; le MIPIM r\u00e9unit les professionnels de l&#039;immobilier en mars\u00a0; et le Cannes Yachting Festival, en septembre, attire les passionn\u00e9s de la mer sur le Vieux-Port. Parmi les autres \u00e9v\u00e9nements phares, citons le Festival du film panafricain d\u00e9but avril, le Festival international des jeux en f\u00e9vrier et le saut d&#039;obstacles Global Champions Tour dans le port. Les NRJ Music Awards renforcent encore le r\u00f4le de la ville comme carrefour du divertissement et du commerce.<\/p>\n<p>L&#039;\u00e9conomie cannoise allie tourisme et p\u00f4le technologique en plein essor. Au-del\u00e0 du prestige des festivals de cin\u00e9ma et de publicit\u00e9, les collines qui dominent la ville abritent la technopole de Sophia Antipolis, et le Centre Spatial Cannes-Mandelieu abrite \u00e0 proximit\u00e9 les activit\u00e9s de fabrication de satellites de Thales Alenia Space. Quelque 6\u00a0500 entreprises sont implant\u00e9es dans la ville, dont 3\u00a0000 commer\u00e7ants, artisans et prestataires de services. Ce dynamisme favorise un flux constant de nouvelles entreprises \u2013 421 ont \u00e9t\u00e9 enregistr\u00e9es en 2006 \u2013 et souligne la double identit\u00e9 de Cannes, \u00e0 la fois sc\u00e8ne sociale et p\u00f4le d&#039;innovation.<\/p>\n<p>Les liaisons avec la r\u00e9gion sont facilit\u00e9es par voie a\u00e9rienne, ferroviaire, routi\u00e8re et maritime. L&#039;a\u00e9roport Nice C\u00f4te d&#039;Azur, situ\u00e9 \u00e0 vingt-quatre kilom\u00e8tres au nord-est, g\u00e8re les arriv\u00e9es internationales, tandis que l&#039;a\u00e9roport voisin de Cannes-Mandelieu accueille les petits bateaux. La gare principale relie Paris par TGV, Marseille par TER et les villes italiennes via des services tels que ceux anciennement exploit\u00e9s par Thello. Cinq arr\u00eats locaux suppl\u00e9mentaires sur la ligne vers Grasse desservent les quartiers p\u00e9riph\u00e9riques, et une liaison ferries-ferries d\u00e9di\u00e9e existe \u00e0 la gare de Cannes-la-Bocca. Des services d&#039;autocars nationaux et r\u00e9gionaux font escale \u00e0 la gare routi\u00e8re de Cannes, tandis que des ferries en provenance de Corse relient Bastia et Calvi, traversant la M\u00e9diterran\u00e9e en deux \u00e0 quatre heures de trajet.<\/p>\n<p>Les marinas de Cannes \u2013 le Vieux Port de Cannes, \u00e0 c\u00f4t\u00e9 du Palais des Festivals, et le Port Pierre Canto, \u00e0 l&#039;extr\u00e9mit\u00e9 est de la Croisette \u2013 peuvent accueillir jusqu&#039;\u00e0 800 navires, des bateaux de plaisance aux paquebots transatlantiques. Le Vieux Port est \u00e9galement une escale r\u00e9guli\u00e8re pour les croisi\u00e8res, renfor\u00e7ant ainsi le patrimoine maritime de la ville.<\/p>\n<p>\u00c0 pied, les visiteurs d\u00e9couvrent un large \u00e9ventail d&#039;exp\u00e9riences commerciales. Entre la Croisette et la rue d&#039;Antibes, les boutiques de luxe des maisons de couture internationales c\u00f4toient des magasins plus accessibles, tandis que les ruelles sinueuses de la vieille ville proposent des produits artisanaux. Le march\u00e9 couvert de la rue Meynadier, le March\u00e9 Forville, pr\u00e9sente un tableau vivant de produits proven\u00e7aux \u2013 fromages, olives et fruits de mer frais \u2013 parmi ses \u00e9tals. Dans le quartier historique du Cannet, la place Bellevue invite \u00e0 d\u00eener en plein air, encadr\u00e9e par des fa\u00e7ades du XIXe si\u00e8cle, et abrite des ateliers o\u00f9 peintres et sculpteurs perp\u00e9tuent les traditions r\u00e9gionales. Les horaires d&#039;ouverture habituels s&#039;\u00e9tendent de 10h \u00e0 12h et de 14h30 \u00e0 19h30, et de nombreux \u00e9tablissements restent ouverts jusqu&#039;au d\u00e9jeuner en haute saison.<\/p>\n<p>La sc\u00e8ne gastronomique refl\u00e8te \u00e0 la fois les ingr\u00e9dients locaux et les courants cosmopolites qui ont fa\u00e7onn\u00e9 Cannes. Les tables du quai proposent des plateaux de fruits de mer m\u00e9diterran\u00e9ens, tandis que les bistrots du Suquet proposent une cuisine d&#039;inspiration proven\u00e7ale avec vue sur les toits en terre cuite. La rue d&#039;Antibes abrite des chocolatiers comme Maiffret et des sp\u00e9cialit\u00e9s artisanales comme Chez Bruno, tandis que les gourmands pourront s&#039;attarder sur les vins r\u00e9gionaux de La Cave Forville. Si le centre de Cannes affiche des prix \u00e9lev\u00e9s, le r\u00e9seau de ruelles et de restaurants de banlieue du Cannet offre des options plus modestes, dont l&#039;atmosph\u00e8re est influenc\u00e9e par le rythme de la vie quotidienne plut\u00f4t que par le glamour des festivals.<\/p>\n<p>Cannes demeure un lieu de confluences\u00a0: l\u00e0 o\u00f9 la lumi\u00e8re m\u00e9diterran\u00e9enne se r\u00e9fracte \u00e0 travers les palmes, o\u00f9 l&#039;art et le commerce se rencontrent sur une m\u00eame sc\u00e8ne, et o\u00f9 des si\u00e8cles d&#039;histoire r\u00e9sonnent dans les murs de pierre et les vignobles des monast\u00e8res. Elle offre une impression \u00e0 la fois pr\u00e9cise et intangible\u00a0: le frottement des quilles des bateaux sur le quai, le doux \u00e9cho des bobines de film dans une salle obscure, et la trace persistante du jasmin dans une brise d&#039;\u00e9t\u00e9. Ici, modernit\u00e9 et m\u00e9moire cohabitent, invitant le spectateur \u00e0 d\u00e9passer le sc\u00e9nario de la c\u00e9l\u00e9brit\u00e9 pour s&#039;immerger dans les textures de la gr\u00e2ce quotidienne.<\/p>","protected":false},"excerpt":{"rendered":"<p>Cannes, commune idyllique de la C\u00f4te d&#039;Azur, est un joyau du d\u00e9partement des Alpes-Maritimes, en r\u00e9gion Provence-Alpes-C\u00f4te d&#039;Azur. Situ\u00e9e \u00e0 environ 45 kilom\u00e8tres au sud-ouest de Nice, cette c\u00e9l\u00e8bre station baln\u00e9aire compte plus de 74\u00a0000 habitants, appel\u00e9s Cannois en fran\u00e7ais ou canenc en occitan proven\u00e7al. Sa situation privil\u00e9gi\u00e9e le long de la c\u00f4te m\u00e9diterran\u00e9enne a influenc\u00e9 son histoire, sa culture et son \u00e9conomie, la faisant passer d&#039;un modeste hameau de p\u00eacheurs \u00e0 une prestigieuse station baln\u00e9aire de luxe et un centre culturel.<\/p>","protected":false},"author":1,"featured_media":3017,"parent":13952,"menu_order":0,"comment_status":"closed","ping_status":"closed","template":"elementor_theme","meta":{"_eb_attr":"","footnotes":""},"class_list":["post-14191","page","type-page","status-publish","has-post-thumbnail"],"_links":{"self":[{"href":"https:\/\/travelshelper.com\/fr\/wp-json\/wp\/v2\/pages\/14191","targetHints":{"allow":["GET"]}}],"collection":[{"href":"https:\/\/travelshelper.com\/fr\/wp-json\/wp\/v2\/pages"}],"about":[{"href":"https:\/\/travelshelper.com\/fr\/wp-json\/wp\/v2\/types\/page"}],"author":[{"embeddable":true,"href":"https:\/\/travelshelper.com\/fr\/wp-json\/wp\/v2\/users\/1"}],"replies":[{"embeddable":true,"href":"https:\/\/travelshelper.com\/fr\/wp-json\/wp\/v2\/comments?post=14191"}],"version-history":[{"count":0,"href":"https:\/\/travelshelper.com\/fr\/wp-json\/wp\/v2\/pages\/14191\/revisions"}],"up":[{"embeddable":true,"href":"https:\/\/travelshelper.com\/fr\/wp-json\/wp\/v2\/pages\/13952"}],"wp:featuredmedia":[{"embeddable":true,"href":"https:\/\/travelshelper.com\/fr\/wp-json\/wp\/v2\/media\/3017"}],"wp:attachment":[{"href":"https:\/\/travelshelper.com\/fr\/wp-json\/wp\/v2\/media?parent=14191"}],"curies":[{"name":"wp","href":"https:\/\/api.w.org\/{rel}","templated":true}]}}