{"id":13916,"date":"2024-09-18T13:37:58","date_gmt":"2024-09-18T13:37:58","guid":{"rendered":"https:\/\/travelshelper.com\/staging\/?page_id=13916"},"modified":"2026-03-11T23:42:24","modified_gmt":"2026-03-11T23:42:24","slug":"finlande","status":"publish","type":"page","link":"https:\/\/travelshelper.com\/fr\/destinations\/europe\/finland\/","title":{"rendered":"Finlande"},"content":{"rendered":"<p>La Finlande, terre \u00e0 la fois sobre et g\u00e9n\u00e9reuse, s&#039;\u00e9tend \u00e0 l&#039;extr\u00eame nord de l&#039;Europe, aux fronti\u00e8res de la Su\u00e8de, de la Norv\u00e8ge et de la Russie, et est encadr\u00e9e par le golfe de Botnie et le golfe de Finlande. Cette r\u00e9publique de 5,6 millions d&#039;habitants allie calme et mouvement \u00e0 une \u00e9conomie de gestes d\u00e9lib\u00e9r\u00e9e. Sous le silence des neiges du nord et la chaleur h\u00e9sitante du soleil du sud, la Finlande pr\u00e9sente un m\u00e9lange singulier de patience g\u00e9ologique, de singularit\u00e9 linguistique, de progr\u00e8s social et de retenue culturelle \u2013 des qualit\u00e9s qui ont fa\u00e7onn\u00e9 son identit\u00e9 depuis les premi\u00e8res traces humaines \u00e0 la fin de la derni\u00e8re p\u00e9riode glaciaire jusqu&#039;\u00e0 sa position de soci\u00e9t\u00e9 moderne et ouverte.<\/p>\n<p>Une toile de for\u00eat bor\u00e9ale laisse place \u00e0 plus de 180\u00a0000 lacs, dont les surfaces miroitantes ne sont interrompues que par les minces lignes des cr\u00eates morainiques, longs vestiges graveleux de l&#039;avanc\u00e9e glaciaire. Le terrain lui-m\u00eame continue de s&#039;\u00e9lever, le rebond post-glaciaire poussant les anciens fonds marins vers le ciel \u00e0 raison d&#039;environ un centim\u00e8tre par an autour du golfe de Botnie, \u00e9largissant l\u00e9g\u00e8rement l&#039;empreinte du pays. Le granit, omnipr\u00e9sent et brut, fait surface partout o\u00f9 le sol s&#039;amincit, ancre le paysage finlandais dans une impression de permanence sans fard. Pins et \u00e9pic\u00e9as dominent les bouleaux et les aulnes, leurs racines entrelac\u00e9es de tourbe et de till dans des sols trop peu profonds pour autre chose. Dans cette architecture naturelle paisible, la r\u00e9gion des Lacs se distingue\u00a0: un r\u00e9seau de lacs int\u00e9rieurs entour\u00e9 de villes comme Tampere, Jyv\u00e4skyl\u00e4 et Kuopio, chaque village pos\u00e9 au bord de l&#039;eau comme s&#039;il attendait l&#039;arriv\u00e9e d&#039;un messager en cano\u00eb.<\/p>\n<p>Le climat finlandais est tout aussi rigoureux. Le Gulf Stream temp\u00e8re les hivers c\u00f4tiers, moins rigoureux qu&#039;en Sib\u00e9rie, mais la limite de gel atteint les terres les plus recul\u00e9es. Au sud, la neige persiste de d\u00e9cembre \u00e0 mars\u00a0; plus au nord, le royaume hivernal s&#039;\u00e9tend de mi-octobre \u00e0 d\u00e9but mai, les temp\u00e9ratures plongeant jusqu&#039;\u00e0 moins quarante degr\u00e9s Celsius dans les moments les plus intenses. Les \u00e9t\u00e9s, bien que brefs, peuvent surprendre avec des temp\u00e9ratures de midi sup\u00e9rieures \u00e0 trente-cinq degr\u00e9s Celsius. Au-del\u00e0 du cercle polaire arctique, l&#039;\u00e9t\u00e9 apporte le soleil de minuit \u2013 une lumi\u00e8re du jour ininterrompue pendant des semaines \u2013 tandis que l&#039;hiver offre son pendant\u00a0: la nuit polaire, o\u00f9 le soleil dispara\u00eet compl\u00e8tement pendant une p\u00e9riode pouvant aller jusqu&#039;\u00e0 cinquante et un jours. En Laponie, la toundra alpine c\u00e8de la place \u00e0 des monts culminant \u00e0 plus de dix chiffres, le sommet du Halti culminant \u00e0 1\u00a0324 m\u00e8tres \u00e0 la fronti\u00e8re norv\u00e9gienne.<\/p>\n<p>La pr\u00e9sence humaine en Finlande remonte \u00e0 environ 9000 av. J.-C., lorsque des pionniers suivaient des troupeaux de rennes sur la glace fondante. Au fil des mill\u00e9naires, des cultures caract\u00e9ristiques de l&#039;\u00e2ge de pierre ont \u00e9merg\u00e9 et disparu, leurs c\u00e9ramiques marquant le passage du temps. Le commerce et les contacts aux \u00e2ges du bronze et du fer ont int\u00e9gr\u00e9 la Finlande au vaste paysage de la Fennoscandie et du littoral baltique. Avec les croisades du Nord de la fin du XIIIe si\u00e8cle, la Finlande est pass\u00e9e sous domination su\u00e9doise, une relation qui a perdur\u00e9 jusqu&#039;au XIXe si\u00e8cle. La guerre de Finlande de 1808-1809 a transf\u00e9r\u00e9 la souverainet\u00e9 \u00e0 la Russie, mais sous le Grand-Duch\u00e9, la Finlande a cultiv\u00e9 sa langue et ses arts, attisant les premi\u00e8res flammes du nationalisme. Helsinki, \u00e9lev\u00e9e au rang de capitale en 1812, est devenue un carrefour d&#039;aspirations civiques qui ont culmin\u00e9 avec le premier suffrage universel en Europe en 1906 \u2013 un octroi sans pr\u00e9c\u00e9dent de droits politiques, dont le droit de se pr\u00e9senter aux \u00e9lections.<\/p>\n<p>L&#039;ind\u00e9pendance est arriv\u00e9e au milieu des bouleversements de 1917, et une br\u00e8ve guerre civile en 1918 a confirm\u00e9 le cap de la r\u00e9publique. La Finlande est entr\u00e9e dans le XXe si\u00e8cle comme un petit \u00c9tat sur une vaste fronti\u00e8re, pr\u00e9servant sa d\u00e9mocratie m\u00eame face \u00e0 l&#039;Union sovi\u00e9tique lors de la guerre d&#039;Hiver de 1939-1940, puis de nouveau pendant la guerre de Continuation. Un dernier conflit contre les forces allemandes en Laponie a scell\u00e9 la neutralit\u00e9 de la Finlande et ses pertes territoriales \u00e0 l&#039;est, mais la d\u00e9mocratie et la coh\u00e9sion nationale ont perdur\u00e9. Dans les d\u00e9cennies d&#039;apr\u00e8s-guerre, la soci\u00e9t\u00e9 agraire s&#039;est rapidement transform\u00e9e. Dans les ann\u00e9es 1950, l&#039;industrialisation et l&#039;adoption du mod\u00e8le de protection sociale nordique ont soutenu la hausse du revenu par habitant et un vaste syst\u00e8me de s\u00e9curit\u00e9 sociale. Aujourd&#039;hui, l&#039;\u00e9conomie finlandaise prosp\u00e8re au sein de l&#039;Union europ\u00e9enne, au sein de la zone euro depuis 1999 et en tant que membre de l&#039;OTAN depuis 2023, se distinguant par de solides r\u00e9sultats scolaires, des libert\u00e9s civiles et un d\u00e9veloppement humain solide.<\/p>\n<p>Sur le plan administratif, la r\u00e9publique comprend dix-neuf r\u00e9gions gouvern\u00e9es par des conseils de repr\u00e9sentants municipaux. Ces organismes coordonnent la planification, le d\u00e9veloppement des entreprises et l&#039;\u00e9ducation, tandis que les centres d&#039;emploi et de d\u00e9veloppement \u00e9conomique de l&#039;\u00c9tat supervisent le travail, l&#039;agriculture, la p\u00eache et la foresterie au niveau des comt\u00e9s. Les provinces historiques \u2013 Tavastie, Car\u00e9lie, Ostrobotnie et Savonie \u2013 conservent une identit\u00e9 locale, mais les divisions formelles suivent d\u00e9sormais des lignes de gouvernance pragmatiques. Le PIB nominal par habitant de la Finlande se classe parmi les meilleurs au monde\u00a0; les services contribuent aux deux tiers de la production, l&#039;industrie manufacturi\u00e8re et le raffinage \u00e0 un peu moins d&#039;un tiers, et la production primaire \u00e0 moins de 3\u00a0%. L&#039;\u00e9lectronique, les produits m\u00e9talliques manufactur\u00e9s, les industries foresti\u00e8res et les produits chimiques soutiennent depuis longtemps une croissance tir\u00e9e par les exportations, tandis que les indices d&#039;innovation placent r\u00e9guli\u00e8rement la Finlande parmi les dix premi\u00e8res mondiales.<\/p>\n<p>Les ressources naturelles demeurent essentielles. Les for\u00eats recouvrent les trois quarts du territoire, favorisant la plus grande production de bois d&#039;Europe et approvisionnant les usines de p\u00e2te et papier, tant pour les entreprises nationales que pour les march\u00e9s internationaux. Des min\u00e9raux \u2013 fer, chrome, cuivre, nickel et or \u2013 sont extraits le long des eaux scintillantes de la mine de Kittil\u00e4, en Laponie du Nord, le plus important site d&#039;or primaire d&#039;Europe. L&#039;agriculture, limit\u00e9e par la latitude et le sol, ne s&#039;\u00e9tend qu&#039;aux terres les plus m\u00e9ridionales\u00a0; les agriculteurs finlandais doivent composer avec une courte saison de croissance en utilisant des vari\u00e9t\u00e9s \u00e0 maturation rapide, des pentes expos\u00e9es au sud et un drainage m\u00e9ticuleux pour pr\u00e9server les rendements. Il en r\u00e9sulte un niveau d&#039;efficacit\u00e9 rare sous de telles latitudes, la culture c\u00e9r\u00e9ali\u00e8re c\u00e9dant la place \u00e0 l&#039;\u00e9levage dans le nord.<\/p>\n<p>Les infrastructures tissent de vastes espaces. L&#039;a\u00e9roport d&#039;Helsinki a accueilli plus de quinze millions de passagers en 2023, une plaque tournante pour Finnair et les transporteurs r\u00e9gionaux. Les lignes ferroviaires, financ\u00e9es par l&#039;\u00c9tat, s&#039;\u00e9tendent sur plus de huit cents kilom\u00e8tres le long de la ligne principale finlandaise, le groupe VR supervisant les services passagers et fret. Helsinki poss\u00e8de le r\u00e9seau de m\u00e9tro le plus septentrional du monde, inaugur\u00e9 en 1982. Les routes, parmi lesquelles les autoroutes de Turku, Tampere et Lahti, assurent l&#039;essentiel du transport int\u00e9rieur, financ\u00e9 principalement par les taxes sur les v\u00e9hicules et les carburants. Les art\u00e8res maritimes abondent\u00a0: les ports de Vuosaari, Kotka, Hanko et d&#039;autres acheminent les conteneurs et les marchandises en vrac, tandis que les ferries assurent des liaisons courtes vers Tallinn, Mariehamn, Stockholm et Travem\u00fcnde, la liaison Helsinki-Tallinn \u00e9tant l&#039;une des lignes de passagers les plus fr\u00e9quent\u00e9es au monde.<\/p>\n<p>Le tourisme est devenu une industrie de plusieurs milliards d&#039;euros. Les visiteurs nationaux et \u00e9trangers affluent en Laponie pour ses ph\u00e9nom\u00e8nes polaires \u2013 aurores bor\u00e9ales et soleil de minuit \u2013, ses sports d&#039;hiver et la l\u00e9gende du P\u00e8re No\u00ebl, dont le village homonyme \u00e0 Rovaniemi suscite l&#039;int\u00e9r\u00eat tout au long de l&#039;ann\u00e9e. Les stations de ski de Levi, Ruka et Yll\u00e4s attirent les voyageurs sur des pistes dont on se souvenait il y a quelques d\u00e9cennies \u00e0 peine comme terrains de recherche d&#039;or. Le long des rives sud, les parcs nationaux tels que Koli, Nuuksio et la mer de l&#039;Archipel offrent des refuges temp\u00e9r\u00e9s\u00a0: randonn\u00e9e, kayak et observation des oiseaux, contrebalanc\u00e9s par un passe-temps moins courant, la chasse. Les villes attirent leurs propres foules\u00a0: Helsinki pour sa cath\u00e9drale et sa forteresse insulaire, Suomenlinna\u00a0; Turku pour ses ruines m\u00e9di\u00e9vales et son patrimoine eccl\u00e9siastique\u00a0; Rauma pour sa ville en bois, class\u00e9e au patrimoine mondial de l&#039;UNESCO\u00a0; Savonlinna pour son op\u00e9ra au milieu des remparts au bord du lac.<\/p>\n<p>Sur le plan d\u00e9mographique, la Finlande est \u00e0 la fois concentr\u00e9e et dispers\u00e9e. Le sud abrite trois citoyens sur quatre, domin\u00e9 par l&#039;agglom\u00e9ration d&#039;Helsinki (Helsinki, Espoo et Vantaa). Tampere, Turku, Oulu, Jyv\u00e4skyl\u00e4, Kuopio et Lahti suivent par ordre d\u00e9croissant. La densit\u00e9 de population est parmi les plus faibles d&#039;Europe, et un \u00e2ge m\u00e9dian de quarante-quatre ans t\u00e9moigne du vieillissement de la population. La f\u00e9condit\u00e9, \u00e0 1,26 naissance par femme, reste inf\u00e9rieure au taux de renouvellement des g\u00e9n\u00e9rations, m\u00eame si l&#039;immigration (principalement en provenance de Russie, d&#039;Estonie, d&#039;Irak, de Somalie, d&#039;Ukraine, de Chine et d&#039;Inde) porte le nombre de r\u00e9sidents d&#039;origine \u00e9trang\u00e8re \u00e0 plus de onze pour cent. Le r\u00e9gime juridique est conforme au jus sanguinis, mais certains Finlandais d&#039;origine ethnique originaires des anciens territoires sovi\u00e9tiques conservent leur droit au retour.<\/p>\n<p>La langue finlandaise refl\u00e8te son histoire plurielle. Le finnois, langue ouralienne partag\u00e9e avec l&#039;estonien et, de loin, avec le hongrois, est la langue maternelle de plus de 84 % de la population. Le su\u00e9dois, autrefois langue administrative, reste co-officiel et parl\u00e9 comme langue maternelle par 5 %, notamment le long de la c\u00f4te sud-ouest et \u00e0 \u00c5land, un archipel d\u00e9militaris\u00e9 gouvern\u00e9 uniquement en su\u00e9dois. Le romani et le tatar survivent au sein de petites communaut\u00e9s, tandis que les langues des signes finnoise et finno-su\u00e9doise b\u00e9n\u00e9ficient d&#039;une reconnaissance constitutionnelle. Les langues s\u00e2mes persistent au-del\u00e0 du cercle polaire arctique parmi les peuples autochtones s\u00e2mes, leurs droits \u00e9tant prot\u00e9g\u00e9s au m\u00eame titre que ceux des autres minorit\u00e9s.<\/p>\n<p>La religion a elle aussi \u00e9volu\u00e9. L&#039;\u00c9glise \u00e9vang\u00e9lique luth\u00e9rienne compte 3,5 millions de fid\u00e8les, soit 62 % de la population, bien que sa part diminue chaque ann\u00e9e. Un quart des Finlandais ne se d\u00e9clarent pas affili\u00e9s \u00e0 une religion. L&#039;orthodoxie conserve une faible implantation, et les autres confessions, dont l&#039;islam, le juda\u00efsme et le catholicisme, repr\u00e9sentent collectivement moins de 5 %. Au quotidien, la pratique religieuse est mesur\u00e9e, et ses rituels sont souvent priv\u00e9s.<\/p>\n<p>Les pratiques culturelles s&#039;\u00e9panouissent dans le quotidien. Le sauna, un havre de paix chauff\u00e9 \u00e0 la vapeur dont le nom est ant\u00e9rieur \u00e0 l&#039;histoire, est pr\u00e9sent dans chaque maison et chaque immeuble. La Saint-Jean et No\u00ebl sont synonymes de rituels communautaires\u00a0: alternance de chaleur et de fra\u00eecheur, o\u00f9 les limites de la pudeur s&#039;adoucissent et o\u00f9 le rang social fond dans la vapeur montante. L&#039;UNESCO a inscrit la culture finlandaise du sauna au patrimoine immat\u00e9riel, t\u00e9moignant de sa place durable dans la sensibilit\u00e9 nationale.<\/p>\n<p>La cuisine allie aust\u00e9rit\u00e9 et ing\u00e9niosit\u00e9. Les l\u00e9gumes racines, l&#039;orge, l&#039;avoine et l&#039;omnipr\u00e9sente pomme de terre constituent la base f\u00e9culente\u00a0; les baies sauvages \u2013 myrtille, airelle rouge, m\u00fbre des marais \u2013 apportent une acidit\u00e9 aux conserves et aux desserts. Le poisson, notamment le saumon, est fum\u00e9, au curry ou poch\u00e9 au beurre, tandis que les viandes \u2013 de g\u00e9n\u00e9reuses portions de renne ou de porc \u2013 soulignent les festins hivernaux. Les produits laitiers occupent une place omnipr\u00e9sente\u00a0: soupes au babeurre, cr\u00e8mes acidul\u00e9es, fromages ferment\u00e9s. Le caf\u00e9, consomm\u00e9 \u00e0 des taux inf\u00e9rieurs \u00e0 ceux de quelques pays du Nord, rythme la journ\u00e9e, tandis que le lait, \u00e0 plus de cent litres par personne et par an, souligne le penchant nordique pour la fra\u00eecheur.<\/p>\n<p>Dans les interactions sociales, la biens\u00e9ance finlandaise valorise le silence comme une marque de s\u00e9rieux, la concision comme un signe de respect. Les banalit\u00e9s c\u00e8dent la place \u00e0 la franchise\u00a0; la politesse consiste \u00e0 dire ce que l&#039;on pense, sans plus. La ponctualit\u00e9 est primordiale\u00a0: dix minutes suffisent \u00e0 s\u00e9parer l&#039;attente d&#039;un manque de courtoisie per\u00e7u. Par politesse, on enl\u00e8ve ses chaussures \u00e0 l&#039;entr\u00e9e pour laisser place \u00e0 un sol propre et sec. La tenue vestimentaire reste informelle\u00a0; la tenue professionnelle est conforme aux normes internationales sans exc\u00e8s. Les Finlandais font preuve de gentillesse avec parcimonie, mais avec sinc\u00e9rit\u00e9. Un compliment, une fois formul\u00e9, a du poids\u00a0; des excuses, une fois pr\u00e9sent\u00e9es, r\u00e9tablissent l&#039;ordre.<\/p>\n<p>La Finlande est aujourd&#039;hui une nation qui a su exploiter sa g\u00e9ographie brute et son histoire complexe pour b\u00e2tir une soci\u00e9t\u00e9 prosp\u00e8re et \u00e9quitable. Du calme des lacs bord\u00e9s de pins au bourdonnement des a\u00e9roports et des parcs technologiques, du scintillement solennel des aurores bor\u00e9ales au rituel intime du sauna, la Finlande invite \u00e0 la contemplation. C&#039;est un lieu o\u00f9 la simplicit\u00e9 r\u00e9v\u00e8le la profondeur, o\u00f9 la communaut\u00e9 s&#039;\u00e9panouit sous un ciel aust\u00e8re et o\u00f9 chaque saison \u00e9crit son propre r\u00e9cit \u00e0 la surface des eaux paisibles. Dans l&#039;histoire continue de cette r\u00e9publique nordique, l&#039;interaction entre terre, culture et conscience demeure \u00e0 la fois motif et signification, invitant \u00e0 un voyage attentif et observateur \u00e0 travers une terre \u00e0 la fois r\u00e9serv\u00e9e et inoubliablement vivante.<\/p>","protected":false},"excerpt":{"rendered":"<p>La Finlande, anciennement connue sous le nom de R\u00e9publique de Finlande, est une nation nordique situ\u00e9e en Europe du Nord, comptant plus de 5,6 millions d&#039;habitants. Situ\u00e9e \u00e0 l&#039;intersection de la Scandinavie et de l&#039;Europe de l&#039;Est, la Finlande jouit d&#039;une position g\u00e9ographique et culturelle particuli\u00e8re qui a influenc\u00e9 son histoire, sa soci\u00e9t\u00e9 et son statut international. Ce pays, caract\u00e9ris\u00e9 par ses for\u00eats, ses lacs et ses aurores bor\u00e9ales, s&#039;\u00e9tend sur 338\u00a0145 kilom\u00e8tres carr\u00e9s, ce qui en fait le huiti\u00e8me plus grand pays d&#039;Europe par sa superficie. Sa position strat\u00e9gique, \u00e0 proximit\u00e9 de la Su\u00e8de au nord-ouest, de la Norv\u00e8ge au nord et de la Russie \u00e0 l&#039;est, a jou\u00e9 un r\u00f4le crucial dans son \u00e9volution historique et son importance g\u00e9opolitique actuelle.<\/p>","protected":false},"author":1,"featured_media":3952,"parent":24078,"menu_order":0,"comment_status":"closed","ping_status":"closed","template":"elementor_theme","meta":{"_eb_attr":"","footnotes":""},"class_list":["post-13916","page","type-page","status-publish","has-post-thumbnail"],"_links":{"self":[{"href":"https:\/\/travelshelper.com\/fr\/wp-json\/wp\/v2\/pages\/13916","targetHints":{"allow":["GET"]}}],"collection":[{"href":"https:\/\/travelshelper.com\/fr\/wp-json\/wp\/v2\/pages"}],"about":[{"href":"https:\/\/travelshelper.com\/fr\/wp-json\/wp\/v2\/types\/page"}],"author":[{"embeddable":true,"href":"https:\/\/travelshelper.com\/fr\/wp-json\/wp\/v2\/users\/1"}],"replies":[{"embeddable":true,"href":"https:\/\/travelshelper.com\/fr\/wp-json\/wp\/v2\/comments?post=13916"}],"version-history":[{"count":0,"href":"https:\/\/travelshelper.com\/fr\/wp-json\/wp\/v2\/pages\/13916\/revisions"}],"up":[{"embeddable":true,"href":"https:\/\/travelshelper.com\/fr\/wp-json\/wp\/v2\/pages\/24078"}],"wp:featuredmedia":[{"embeddable":true,"href":"https:\/\/travelshelper.com\/fr\/wp-json\/wp\/v2\/media\/3952"}],"wp:attachment":[{"href":"https:\/\/travelshelper.com\/fr\/wp-json\/wp\/v2\/media?parent=13916"}],"curies":[{"name":"wp","href":"https:\/\/api.w.org\/{rel}","templated":true}]}}