{"id":13827,"date":"2024-09-18T11:45:22","date_gmt":"2024-09-18T11:45:22","guid":{"rendered":"https:\/\/travelshelper.com\/staging\/?page_id=13827"},"modified":"2026-03-12T00:43:01","modified_gmt":"2026-03-12T00:43:01","slug":"dusseldorf","status":"publish","type":"page","link":"https:\/\/travelshelper.com\/fr\/destinations\/europe\/germany\/dusseldorf\/","title":{"rendered":"D\u00fcsseldorf"},"content":{"rendered":"<p>D\u00fcsseldorf est le c\u0153ur administratif de la Rh\u00e9nanie-du-Nord-Westphalie et compte environ 653\u00a0253 habitants sur une superficie de 217 kilom\u00e8tres carr\u00e9s, sur la rive orientale du Rhin. La confluence des quatre bras de la D\u00fcssel avec le Rhin d\u00e9finit \u00e0 la fois son \u00e9tymologie et sa physiographie. Situ\u00e9e entre Cologne au sud et le bassin de la Ruhr au nord-est, D\u00fcsseldorf est le point d&#039;ancrage de la r\u00e9gion m\u00e9tropolitaine Rhin-Ruhr, une zone \u00e9conomique qui se classe au deuxi\u00e8me rang de l&#039;Union europ\u00e9enne en termes de PIB.<\/p>\n<p>Le tissu urbain de D\u00fcsseldorf refl\u00e8te des si\u00e8cles de changement, depuis l&#039;exploitation des terres riveraines \u00e0 la fin du Moyen \u00c2ge jusqu&#039;\u00e0 l&#039;industrialisation intensive du XIXe si\u00e8cle, en passant par la vaste reconstruction d&#039;apr\u00e8s-guerre qui a donn\u00e9 naissance \u00e0 un modernisme affirm\u00e9 et \u00e0 une restauration soign\u00e9e de la vieille ville. La ville s&#039;est d\u00e9velopp\u00e9e pour englober des banlieues contigu\u00ebs telles que Neuss, Ratingen et Meerbusch, tandis que l&#039;a\u00e9roport de Lohausen relie ce centre de commerce international \u00e0 des destinations sur quatre continents.<\/p>\n<p>Le caract\u00e8re de D\u00fcsseldorf na\u00eet de la convergence du commerce, de la culture et de l&#039;artisanat. Les entreprises du Fortune Global 500 et du DAX soutiennent son r\u00f4le de p\u00f4le financier et de foires commerciales\u00a0; Messe D\u00fcsseldorf organise pr\u00e8s de 20\u00a0% des plus grandes expositions mondiales. Les \u00e9v\u00e9nements de haute couture, lanc\u00e9s en 1949, soutiennent sa r\u00e9putation de capitale allemande de la mode. La pr\u00e9sence de deux grands op\u00e9rateurs mobiles, Vodafone D2 et E-Plus, aux c\u00f4t\u00e9s d&#039;entreprises technologiques mondiales telles que Huawei, Ericsson et Xiaomi, souligne sa position parmi les principaux centres de t\u00e9l\u00e9communications europ\u00e9ens.<\/p>\n<p>En ville, un r\u00e9seau de transports s&#039;\u00e9tend de la promenade du Rhin, r\u00e9put\u00e9e pour son tunnel routier int\u00e9gr\u00e9 et son pavage sinueux qui \u00e9pouse le cours du fleuve, aux lignes de S-Bahn, de Stadtbahn et de tramway qui desservent plus d&#039;un millier d&#039;arr\u00eats quotidiens. Le SkyTrain relie la gare longue distance de l&#039;a\u00e9roport de D\u00fcsseldorf au terminal, tandis que le r\u00e9seau IntercityExpress relie la ville \u00e0 Berlin, Munich et au-del\u00e0.<\/p>\n<p>La plupart des quartiers se d\u00e9ploient avec leur propre identit\u00e9. Le Stadtmitte pr\u00e9sente un r\u00e9seau commercial \u00e9pur\u00e9 qui laisse place \u00e0 la K\u00f6nigsallee, un boulevard de 85 hectares r\u00e9put\u00e9 pour ses boutiques de luxe et ses jeux d&#039;eau. La vieille ville conserve les traces du c\u0153ur m\u00e9di\u00e9val de la ville, guidant les visiteurs \u00e0 travers environ un kilom\u00e8tre carr\u00e9 de 260 \u00e9tablissements, des brasseries centenaires aux galeries d&#039;art contemporain. Carlstadt s&#039;inspire de l&#039;architecture baroque du XVIIIe si\u00e8cle, s&#039;articulant autour d&#039;antiquaires et de fa\u00e7ades sculpt\u00e9es. Le quartier portuaire, gr\u00e2ce \u00e0 la r\u00e9utilisation adaptative d&#039;anciens entrep\u00f4ts, associe bureaux, restaurants et promenades, en harmonie avec les mar\u00e9es du Rhin.<\/p>\n<p>Le climat de D\u00fcsseldorf, class\u00e9 oc\u00e9anique (Cfb), se caract\u00e9rise par des hivers doux avec peu de neige et des \u00e9t\u00e9s d\u00e9passant rarement 24 \u00b0C. Les pr\u00e9cipitations annuelles atteignent en moyenne 751 millim\u00e8tres, tandis que les vents d&#039;ouest soufflent \u00e0 une vitesse de 3 \u00e0 4 m\u00e8tres par seconde. Son relief s&#039;\u00e9tend de 165 m\u00e8tres au Sandberg \u00e0 Hubbelrath \u00e0 28 m\u00e8tres d&#039;altitude le long du Schwarzbach \u00e0 Wittlaer.<\/p>\n<p>Un ensemble prestigieux de vingt-deux \u00e9tablissements d&#039;enseignement sup\u00e9rieur enrichit la vie intellectuelle de la ville. L&#039;Universit\u00e9 Heinrich Heine et la Kunstakademie attirent des \u00e9tudiants dont les domaines d&#039;int\u00e9r\u00eat vont de la physique \u00e0 la peinture, cette derni\u00e8re comptant parmi ses anciens \u00e9l\u00e8ves Joseph Beuys et Andreas Gursky. L&#039;Acad\u00e9mie de musique Robert Schumann et la Hochschule de D\u00fcsseldorf favorisent les courants classiques et exp\u00e9rimentaux, refl\u00e9tant les liens historiques de la ville avec Heinrich Heine et Robert et Clara Schumann.<\/p>\n<p>La vitalit\u00e9 culturelle s&#039;\u00e9tend de l&#039;op\u00e9ra et du th\u00e9\u00e2tre aux innovations de la musique \u00e9lectronique. Le Deutsche Oper am Rhein organise ses saisons aux c\u00f4t\u00e9s du D\u00fcsseldorfer Schauspielhaus, fond\u00e9 sous Gustaf Gr\u00fcndgens. Le travail en studio de Kraftwerk et la production de Neu! et de La D\u00fcsseldorf ont fait progresser le rythme motoris\u00e9 et la sensibilit\u00e9 ambiante qui sous-tendent des d\u00e9cennies de musique populaire \u00e0 travers le monde.<\/p>\n<p>La vie locale est centr\u00e9e sur des traditions qui juxtaposent faste solennel et rassemblements conviviaux. Le Carnaval a lieu chaque ann\u00e9e en f\u00e9vrier et mars, marquant la cinqui\u00e8me saison, avec des d\u00e9fil\u00e9s qui rivalisent avec ceux de Cologne et de Mayence en termes de fr\u00e9quentation. Les Radschl\u00e4ger, jeunes acrobates dont les roues font r\u00e9f\u00e9rence aux l\u00e9gendes des droits de cit\u00e9 conquis en 1288, animent fontaines et places. De mi-novembre \u00e0 d\u00e9cembre, les march\u00e9s de No\u00ebl mettent en valeur la cuisine r\u00e9gionale et les expositions des souffleurs de verre dans des chalets en bois.<\/p>\n<p>\u00c0 D\u00fcsseldorf, la gastronomie s&#039;inspire \u00e0 la fois du patrimoine et de l&#039;influence internationale. Le Rheinischer Sauerbraten et le Himmel un \u00c4d \u00e9voquent les saveurs vernaculaires, tandis que le Halve Hahn et le Reibekuchen font preuve d&#039;une ing\u00e9niosit\u00e9 modeste. Une tradition ancestrale de la moutarde, pr\u00e9serv\u00e9e dans de la fa\u00efence peinte, a servi de motif \u00e0 une nature morte de Van Gogh. Parall\u00e8lement, les restaurants japonais se regroupent autour du Japanisches Viertel, t\u00e9moignage d&#039;une diaspora japonaise qui contribue aussi bien aux restaurants de ramen qu&#039;aux si\u00e8ges sociaux d&#039;entreprises.<\/p>\n<p>La bi\u00e8re reste un \u00e9l\u00e9ment essentiel de la vie urbaine. L&#039;Altbier, ferment\u00e9e \u00e0 chaud puis vieillie en barrique, produit une bi\u00e8re cuivr\u00e9e aux notes de houblon floral et de subtiles notes fruit\u00e9es. Cinq brasseries perp\u00e9tuent cet h\u00e9ritage sur place, dont F\u00fcchschen, Uerige et Schumacher, qui produisent \u00e9galement des variantes saisonni\u00e8res de Sticke et de Weihnachtsbier. Les bouteilles de 0,25 litre offrent une ambiance conviviale, tandis que le personnel circule sans pr\u00e9venir.<\/p>\n<p>L&#039;architecture int\u00e8gre ambition moderne et formes historiques. Les urbanistes d&#039;apr\u00e8s-guerre ont choisi de reconstruire la vieille ville selon le trac\u00e9 m\u00e9di\u00e9val de ses rues, tandis que les tours du Neue Zollhof et les b\u00e2timents du port con\u00e7us par Gehry affirment des g\u00e9om\u00e9tries affirm\u00e9es. Le Hofgarten de Nicolas de Pigage, datant de 1769, demeure un prototype de jardin d&#039;\u00c9tat, ses sentiers reliant le palais J\u00e4gerhof \u00e0 des sculptures refl\u00e9tant le patrimoine litt\u00e9raire et horticole de D\u00fcsseldorf.<\/p>\n<p>Les r\u00e9seaux cyclables et pi\u00e9tonniers se croisent \u00e0 travers la ville. L&#039;EV15, la V\u00e9loroute du Rhin, serpente \u00e0 travers des parcs publics et longe des autoroutes comme l&#039;A3 et l&#039;A52, dont les ponts encadrent le Rhin. Labellis\u00e9e \u00ab\u00a0Ville Amie des Cyclistes\u00a0\u00bb en 2007, elle t\u00e9moigne des progr\u00e8s accomplis, m\u00eame si des lacunes persistent. L&#039;autopartage et les services de taxi compl\u00e8tent un paysage de transport caract\u00e9ris\u00e9 par sa densit\u00e9 et sa diversit\u00e9.<\/p>\n<p>En 2023, Mercer a class\u00e9 D\u00fcsseldorf au dixi\u00e8me rang mondial pour la qualit\u00e9 de vie, refl\u00e9tant son \u00e9quilibre entre opportunit\u00e9s professionnelles et \u00e9quipements urbains. La classification GaWC Beta+ reconna\u00eet sa connectivit\u00e9 mondiale. Malgr\u00e9 les ravages caus\u00e9s par la guerre, un programme soutenu d&#039;am\u00e9nagement urbain et de gestion culturelle a favoris\u00e9 la coh\u00e9sion entre ses quartiers.<\/p>\n<p>D\u00fcsseldorf ne cherche pas \u00e0 surprendre par des dimensions extr\u00eames ou des innovations. Elle r\u00e9v\u00e8le plut\u00f4t son caract\u00e8re dans l&#039;interaction de l&#039;eau et de la terre, de la tradition et de l&#039;innovation. La ville se d\u00e9ploie par \u00e9tapes mesur\u00e9es \u2013 un bord de canal ici, une place de festival l\u00e0 \u2013 chacune offrant des niveaux d&#039;exp\u00e9rience qui r\u00e9compensent une observation attentive. En ce sens, D\u00fcsseldorf incarne \u00e0 la fois la persistance de l&#039;identit\u00e9 locale et la r\u00e9ceptivit\u00e9 requise de tout centre dans une r\u00e9gion connect\u00e9e. Elle ne se distingue pas ; elle progresse par l&#039;\u00e9change.<\/p>","protected":false},"excerpt":{"rendered":"<p>D\u00fcsseldorf, capitale de la Rh\u00e9nanie-du-Nord-Westphalie, illustre la puissance \u00e9conomique et la richesse culturelle de l&#039;Allemagne. Situ\u00e9e le long du Rhin, cette ville comptait 629\u00a0047 habitants en 2022, ce qui en fait la deuxi\u00e8me plus grande ville du Land apr\u00e8s Cologne et la sixi\u00e8me d&#039;Allemagne. Sa situation strat\u00e9gique et son importance \u00e9conomique en ont fait une m\u00e9tropole europ\u00e9enne de premier plan, illustrant une fusion harmonieuse entre charme historique et \u00e9l\u00e9gance contemporaine.<\/p>","protected":false},"author":1,"featured_media":3504,"parent":13736,"menu_order":0,"comment_status":"closed","ping_status":"closed","template":"elementor_theme","meta":{"_eb_attr":"","footnotes":""},"class_list":["post-13827","page","type-page","status-publish","has-post-thumbnail"],"_links":{"self":[{"href":"https:\/\/travelshelper.com\/fr\/wp-json\/wp\/v2\/pages\/13827","targetHints":{"allow":["GET"]}}],"collection":[{"href":"https:\/\/travelshelper.com\/fr\/wp-json\/wp\/v2\/pages"}],"about":[{"href":"https:\/\/travelshelper.com\/fr\/wp-json\/wp\/v2\/types\/page"}],"author":[{"embeddable":true,"href":"https:\/\/travelshelper.com\/fr\/wp-json\/wp\/v2\/users\/1"}],"replies":[{"embeddable":true,"href":"https:\/\/travelshelper.com\/fr\/wp-json\/wp\/v2\/comments?post=13827"}],"version-history":[{"count":0,"href":"https:\/\/travelshelper.com\/fr\/wp-json\/wp\/v2\/pages\/13827\/revisions"}],"up":[{"embeddable":true,"href":"https:\/\/travelshelper.com\/fr\/wp-json\/wp\/v2\/pages\/13736"}],"wp:featuredmedia":[{"embeddable":true,"href":"https:\/\/travelshelper.com\/fr\/wp-json\/wp\/v2\/media\/3504"}],"wp:attachment":[{"href":"https:\/\/travelshelper.com\/fr\/wp-json\/wp\/v2\/media?parent=13827"}],"curies":[{"name":"wp","href":"https:\/\/api.w.org\/{rel}","templated":true}]}}