{"id":13782,"date":"2024-09-18T02:17:15","date_gmt":"2024-09-18T02:17:15","guid":{"rendered":"https:\/\/travelshelper.com\/staging\/?page_id=13782"},"modified":"2026-03-12T00:40:59","modified_gmt":"2026-03-12T00:40:59","slug":"oberstdorf","status":"publish","type":"page","link":"https:\/\/travelshelper.com\/fr\/destinations\/europe\/germany\/oberstdorf\/","title":{"rendered":"Oberstdorf"},"content":{"rendered":"<p>Oberstdorf, la localit\u00e9 la plus m\u00e9ridionale d&#039;Allemagne et l&#039;une de ses plus hautes villes, occupe une \u00e9troite vall\u00e9e \u00e0 813 m\u00e8tres d&#039;altitude, encercl\u00e9e par les sommets vertigineux des Alpes de l&#039;Allg\u00e4u. La municipalit\u00e9 s&#039;\u00e9tend sur quelque 159 kilom\u00e8tres carr\u00e9s de terrain accident\u00e9 dans le district bavarois d&#039;Oberallg\u00e4u et compte un peu plus de 9\u00a0000 habitants. Sur une carte, elle appara\u00eet comme un point de rep\u00e8re humain au milieu d&#039;imposantes cr\u00eates calcaires et de profondes crevasses. Pourtant, sa modeste empreinte dissimule son importance, \u00e0 la fois carrefour historique et attraction moderne pour les amateurs de montagne. De ses humbles origines m\u00e9di\u00e9vales \u00e0 son statut actuel de station thermale et de haut lieu du sport ouvert toute l&#039;ann\u00e9e, Oberstdorf offre un portrait instructif de la mani\u00e8re dont les communaut\u00e9s alpines s&#039;adaptent \u00e0 leur environnement et le fa\u00e7onnent.<\/p>\n<p>Au c\u0153ur de la ville, la fl\u00e8che \u00e9lanc\u00e9e de l&#039;\u00e9glise baptiste Saint-Jean s&#039;\u00e9l\u00e8ve au-dessus d&#039;un ensemble de maisons traditionnelles \u00e0 colombages. Cette \u00e9glise paroissiale du XVIIIe si\u00e8cle, dont le d\u00f4me en bulbe est coiff\u00e9 de vert-de-gris, constitue non seulement un point de rep\u00e8re visuel, mais aussi un t\u00e9moignage de si\u00e8cles d&#039;influence catholique\u00a0; le point d&#039;observation de l&#039;\u00e9glise marque l&#039;altitude officielle de 813\u00a0m\u00e8tres. Autour d&#039;elle, les fa\u00e7ades de pierre et de bois contrastent doucement avec les rochers environnants, leur d\u00e9coration aust\u00e8re mais impr\u00e9gn\u00e9e du caract\u00e8re local\u00a0: linteaux sculpt\u00e9s, volets peints et petites niches abritant des saints patrons.<\/p>\n<p>Au-del\u00e0 du centre-ville proprement dit, Oberstdorf englobe cinq autres villages, chacun poss\u00e9dant sa propre altitude, son histoire et son caract\u00e8re architectural. Au nord, Kornau culmine \u00e0 915 m\u00e8tres, ses champs s&#039;inclinant vers le t\u00e9l\u00e9ph\u00e9rique de S\u00f6llereckbahn et la chapelle Saint-Fabien-et-Saint-S\u00e9bastien du XVIIe si\u00e8cle, dont les retables et fresques baroques attirent les amateurs d&#039;art sacr\u00e9. \u00c0 l&#039;est se trouve Reichenbach, un hameau de quelque 226 \u00e2mes, o\u00f9 une chapelle \u00e0 colombages d\u00e9di\u00e9e \u00e0 Saint-Jacques date du milieu du XVIe si\u00e8cle et o\u00f9 le bassin de Moorwasser, aliment\u00e9 par une source riche en min\u00e9raux, t\u00e9moigne des traditions baln\u00e9aires r\u00e9gionales. Dans le creux abrit\u00e9 de Rubi, 175 habitants vivent au milieu des prairies et des chalets d&#039;alpage, tandis que Sch\u00f6llang conserve un air de continuit\u00e9 agricole\u00a0: des fermes entourent l&#039;\u00e9glise paroissiale \u00e0 clocher \u00e0 bulbe, et une petite chapelle de ch\u00e2teau construite en 1531 rappelle le pass\u00e9 f\u00e9odal de la r\u00e9gion. Plus bas dans la vall\u00e9e, Tiefenbach tire son nom du pin de montagne (\u00ab Bergkiefer \u00bb) qui recouvre ses pentes ; sa source sulfureuse a attir\u00e9 les nobles pour la premi\u00e8re fois au d\u00e9but du XVIe si\u00e8cle en convalescence, \u00e9tablissant une tradition thermale qui perdure aujourd&#039;hui dans des installations de bien-\u00eatre modernes.<\/p>\n<p>De ces massifs s&#039;\u00e9tend un r\u00e9seau de vall\u00e9es dont les noms \u00e9voquent aussi bien des cours d&#039;eau imp\u00e9tueux que des bassins isol\u00e9s de haute montagne. La large vall\u00e9e de la Breitachtal, creus\u00e9e au fil des mill\u00e9naires par la fonte des glaciers, sert de voie principale vers le c\u00e9l\u00e8bre Breitachklamm, o\u00f9 la rivi\u00e8re se r\u00e9tr\u00e9cit en une gorge profonde encadr\u00e9e de parois de calcaire \u00e9rod\u00e9. Parall\u00e8lement, la vall\u00e9e de la Starzlachtal, encore moins fr\u00e9quent\u00e9e, dont les prairies c\u00e8dent la place \u00e0 des for\u00eats de m\u00e9l\u00e8zes et aux premiers contreforts des contreforts dominants. \u00c0 l&#039;est, la vall\u00e9e de la Stillach \u2013 ou Birgsau \u2013 abrite le Freibergsee, un lac cristallin propice \u00e0 la baignade estivale, avant de grimper vers les parois rocheuses de la Trettachspitze. \u00c0 l&#039;ombre des H\u00f6fats et du Rauheck, l&#039;Oytal et le Dietersbachtal divergent\u00a0: le premier m\u00e8ne \u00e0 des refuges isol\u00e9s et aux lacs Unterer et Oberer Gaisalpsee, tandis que le second donne acc\u00e8s \u00e0 Gerstruben, un village de chalets en bois relique qui, \u00e0 1\u00a0115\u00a0m\u00e8tres d&#039;altitude, revendiquait autrefois le titre de plus haut village d&#039;Allemagne. Des affluents comme le Rappenalpbach, le Warmatsgundbach et l&#039;Iller serpentent entre ces bras, marquant \u00e0 la fois d&#039;anciennes routes de transhumance et des sentiers de randonn\u00e9e modernes.<\/p>\n<p>Au-dessus de ces vall\u00e9es s&#039;\u00e9l\u00e8vent les sommets qui dessinent le paysage d&#039;Oberstdorf. \u00c0 l&#039;est, le Nebelhorn culmine \u00e0 2\u00a0224 m\u00e8tres, accessible par un impressionnant t\u00e9l\u00e9ph\u00e9rique qui franchit des pentes abruptes et offre des panoramas sur des pics escarp\u00e9s s&#039;\u00e9tendant jusqu&#039;au Vorarlberg. Depuis la station sup\u00e9rieure, on peut contempler l&#039;\u00e9tendue des Alpes calcaires du Nord, domin\u00e9e par les cr\u00eates du M\u00e4delegabel (2\u00a0645 m\u00e8tres) et du Gro\u00dfer Krottenkopf (2\u00a0656 m\u00e8tres), les plus hautes de l&#039;Allg\u00e4u. \u00c0 l&#039;ouest, le Fellhorn (2\u00a0038 m\u00e8tres), c\u00e9l\u00e8bre pour ses prairies de fleurs sauvages chaque \u00e9t\u00e9, est accessible par un t\u00e9l\u00e9ph\u00e9rique en deux sections. Moins visit\u00e9s mais n\u00e9anmoins spectaculaires, les profils m\u00e9connus du H\u00f6fats (2\u00a0259 m\u00e8tres), dont les flancs herbeux d\u00e9fient les attentes de la g\u00e9ologie alpine, et la silhouette sculpt\u00e9e du Schneck (2\u00a0268 m\u00e8tres). Les faces nord dangereuses du Trettachspitze (2 595 m\u00e8tres) attirent les grimpeurs techniques, tandis que le Hoher Ifen (2 230 m\u00e8tres) se distingue comme une montagne de plateau, son sommet plat offrant une exposition inhabituelle pour la r\u00e9gion.<\/p>\n<p>Dissimul\u00e9s au milieu de ces hauteurs se trouvent plus d&#039;une douzaine de lacs, chacun un joyau de l&#039;hydrologie alpine. Le Christlessee, au fond de la vall\u00e9e de la Trettach, demeure si pur que les habitants le consid\u00e8rent comme une source d&#039;eau potable\u00a0; sa surface immobile refl\u00e8te les sommets qui le surplombent dans une sym\u00e9trie parfaite. \u00c0 l&#039;est se trouvent l&#039;Engeratsgundsee, encadr\u00e9 de sapins et de falaises surplombant le Gro\u00dfer Daumen, et le Moorweiher, un \u00e9tang tourbeux \u00e0 Krappberg appr\u00e9ci\u00e9 des oiseaux. Les deux lacs de Gaisalpsee se situent dans un cirque d&#039;altitude, tandis que le petit lac de Guggersee se trouve pr\u00e8s de la cr\u00eate de Krumbach. Sur le versant sud du Nebelhorn, les lacs de Koblatsee et de Laufbichelsee apparaissent incongrus \u00e0 1\u00a0800\u00a0m\u00e8tres, reli\u00e9s par de courts itin\u00e9raires d&#039;escalade. \u00c0 2\u00a0047\u00a0m\u00e8tres, le Rappensee compte parmi les lacs de baignade les plus hauts d&#039;Allemagne, et ses rives sont une destination id\u00e9ale pour des randonn\u00e9es d&#039;une journ\u00e9e ardues. Enfin, le Schlappoldsee vous invite au-dessus de la station interm\u00e9diaire du Fellhornbahn, o\u00f9 les reflets du ciel bleu se m\u00ealent aux glaciers lointains.<\/p>\n<p>Parmi les monuments d&#039;Oberstdorf, le Heini-Klopfer-Skiflugschanze attire l&#039;attention\u00a0: l&#039;un des trois plus grands tremplins de vol \u00e0 ski au monde, il se dresse \u00e0 environ sept kilom\u00e8tres au sud du centre-ville, ses stabilisateurs en aluminium s&#039;\u00e9levant au-dessus de la cime des arbres. Non loin de l\u00e0, le Schattenbergschanze accueille chaque fin d\u00e9cembre la premi\u00e8re \u00e9preuve du Tournoi des Quatre Tremplins, un rituel qui attire les spectateurs depuis la cr\u00e9ation de la comp\u00e9tition et qui a acquis une renomm\u00e9e internationale gr\u00e2ce \u00e0 l&#039;\u00e9mission \u00ab\u00a0Wide World of Sports\u00a0\u00bb d&#039;ABC, lorsque la chute dramatique d&#039;un skieur en 1970 \u2013 surnomm\u00e9e plus tard \u00ab\u00a0L&#039;Agonie de la D\u00e9faite\u00a0\u00bb \u2013 est entr\u00e9e dans l&#039;histoire de la t\u00e9l\u00e9vision. En \u00e9t\u00e9, l&#039;ascenseur Heini-Klopfer, un ascenseur diagonal creus\u00e9 dans la paroi rocheuse, conduit les visiteurs \u00e0 sa plateforme d&#039;observation. Plus pr\u00e8s de la ville, les fermes des XVIIe et XVIIIe si\u00e8cles qui bordent des ruelles tranquilles rappellent la vie rurale, tandis que la petite chapelle Sainte-Anne de Rohrmoos offre un havre de paix au milieu des prairies fleuries.<\/p>\n<p>L&#039;histoire humaine d&#039;Oberstdorf remonte aux chasseurs de l&#039;\u00e2ge de pierre et aux colons n\u00e9olithiques, dont les outils en silex et les tumulus t\u00e9moignent d&#039;une occupation pr\u00e9coce. \u00c0 l&#039;\u00e9poque romaine, la fronti\u00e8re le long du Rhin sup\u00e9rieur recula, laissant place aux tribus al\u00e9maniques aux IIIe et IVe si\u00e8cles. La colonie aujourd&#039;hui connue sous le nom d&#039;Oberstdorf appara\u00eet pour la premi\u00e8re fois dans les \u00e9crits en 1141\u00a0; elle resta sous tutelle eccl\u00e9siastique et noble jusqu&#039;\u00e0 ce que le roi Maximilien la dote de droits de march\u00e9 et d&#039;autonomie judiciaire en 1495. En 1518, le comte Hugues de Montfort reconnut les vertus th\u00e9rapeutiques de la source sulfureuse de Tiefenbach, jetant ainsi les bases de ce qui allait devenir une tradition thermale pluris\u00e9culaire. Sous le Troisi\u00e8me Reich, l&#039;isolement des sommets voisins servit de terrain d&#039;entra\u00eenement aux troupes de montagne, et \u00e0 la fin de la guerre, des unit\u00e9s fran\u00e7aises et marocaines occup\u00e8rent la ville avant sa reconstruction sous administration alli\u00e9e.<\/p>\n<p>La religion \u00e0 Oberstdorf refl\u00e8te les tensions et les transformations de l&#039;histoire confessionnelle du sud de l&#039;Allemagne. La R\u00e9forme du XVIe si\u00e8cle y a bri\u00e8vement laiss\u00e9 des enclaves anabaptistes, mais de violentes pers\u00e9cutions ont \u00e9radiqu\u00e9 la dissidence et consolid\u00e9 la domination catholique romaine pour des si\u00e8cles. Ce n&#039;est qu&#039;en 1873 qu&#039;est apparu le premier service protestant, destin\u00e9 aux curistes qui recherchaient des services religieux pendant leurs s\u00e9jours de convalescence. La construction de la Christuskirche en 1905, con\u00e7ue par Ludwig von Tiedemann, a marqu\u00e9 une nouvelle stabilit\u00e9 pour la communaut\u00e9 \u00e9vang\u00e9lique luth\u00e9rienne\u00a0; en 1942, Oberstdorf poss\u00e9dait sa propre paroisse ind\u00e9pendante, englobant aujourd&#039;hui Fischen im Allg\u00e4u et le vicariat de Kleinwalsertal, avec quelque 2\u00a0200 membres et des services \u0153cum\u00e9niques en montagne c\u00e9l\u00e9br\u00e9s chaque \u00e9t\u00e9 sur les sommets. Les minist\u00e8res catholiques et protestants coop\u00e8rent d\u00e9sormais au sein d&#039;aum\u00f4neries saisonni\u00e8res, tandis que des chapelles et des lieux de culte plus petits t\u00e9moignent de la diversit\u00e9 de la vie religieuse.<\/p>\n<p>Les sports et les activit\u00e9s de plein air ont fa\u00e7onn\u00e9 l&#039;identit\u00e9 moderne d&#039;Oberstdorf. Chaque hiver, sauteurs \u00e0 ski d&#039;\u00e9lite et amateurs s&#039;affrontent sur la piste de Schattenberg, inaugurant le Tournoi des Quatre Tremplins avant de franchir la fronti\u00e8re pour l&#039;Autriche. Le complexe Heini-Klopfer met au d\u00e9fi les plus courageux du monde avec des vols d\u00e9passant les 240 m\u00e8tres. Les skieurs de fond glissent sur 76 kilom\u00e8tres de pistes dam\u00e9es, et 20 remont\u00e9es m\u00e9caniques desservent les descentes du Fellhorn, du Nebelhorn et du S\u00f6llereck. En janvier et f\u00e9vrier, le Tour de Ski y inclut souvent des \u00e9tapes, tandis que les patineurs artistiques s&#039;entra\u00eenent dans le premier centre d&#039;Allemagne, en p\u00e9riph\u00e9rie de la ville\u00a0; trois toits abritent des patinoires couvertes, et des s\u00e9ances publiques hebdomadaires permettent aux patineurs amateurs de partager l&#039;espace avec les \u00e9quipes nationales. Oberstdorf accueille chaque ann\u00e9e le Troph\u00e9e Nebelhorn et a accueilli douze fois les Championnats d&#039;Allemagne de patinage artistique, ainsi que plusieurs Championnats du monde juniors et l&#039;une des deux comp\u00e9titions adultes de l&#039;ISU.<\/p>\n<p>Avec des itin\u00e9raires comme le col du Schrofen jusqu&#039;\u00e0 Riva del Garda, la ville est \u00e9galement le point de d\u00e9part traditionnel du circuit VTT Transalp. En \u00e9t\u00e9, les randonneurs s&#039;\u00e9lancent sur 200 kilom\u00e8tres de sentiers balis\u00e9s \u00e0 diff\u00e9rentes altitudes, dont des portions du c\u00e9l\u00e8bre Heilbronner Weg. La conservation de ces habitats est rigoureuse\u00a0: environ 75\u00a0% de la commune se situe dans des zones de protection du paysage ou de la nature, tandis que la r\u00e9serve naturelle des Hautes Alpes de l&#039;Allg\u00e4u, toute proche, \u00e9tend ses efforts de pr\u00e9servation au-del\u00e0 de la fronti\u00e8re. La piste cyclable de l&#039;Iller, qui s&#039;\u00e9tend d&#039;Ulm \u00e0 Oberstdorf, s&#039;y termine, offrant une alternative \u00e0 faible d\u00e9nivel\u00e9 aux cyclotouristes.<\/p>\n<p>Le tourisme soutient l&#039;\u00e9conomie locale\u00a0: en 2019, environ 480\u00a0000 visiteurs ont enregistr\u00e9 quelque 2,6 millions de nuit\u00e9es dans plus de 1\u00a0200 h\u00e9bergements offrant 16\u00a0100 lits. Les rythmes saisonniers r\u00e9gissent les entreprises, grandes et petites, des chambres d&#039;h\u00f4tes familiales aux spas de bien-\u00eatre haut de gamme. Depuis 1964, la ville est labellis\u00e9e \u00ab\u00a0Station thermale Kneipp avec qualit\u00e9 de l&#039;air de niveau 1\u00a0\u00bb et a obtenu en 2008 le label \u00ab\u00a0Station climatique\u00a0\u00bb, refl\u00e9tant \u00e0 la fois son climat montagnard et ses offres th\u00e9rapeutiques. Le centre pi\u00e9tonnier, cr\u00e9\u00e9 en 1992, renforce l&#039;attrait pi\u00e9tonnier et r\u00e9duit le bruit, tandis que la route f\u00e9d\u00e9rale 19 \u00e0 quatre voies en direction de Sonthofen longe le fond de la vall\u00e9e, reliant Oberstdorf aux axes routiers r\u00e9gionaux et offrant le seul acc\u00e8s routier au Kleinwalsertal autrichien.<\/p>\n<p>Le voyage en train renforce ce lien : la gare d&#039;Oberstdorf marque le terminus de la ligne \u00e0 voie unique, non \u00e9lectrifi\u00e9e, en provenance d&#039;Immenstadt, et a re\u00e7u le titre de meilleure gare de petite ville d&#039;Allemagne en 2006. Bien que de taille modeste, la verri\u00e8re en bois de la gare et la signalisation des quais illustrent la simplicit\u00e9 de l&#039;architecture de la gare bavaroise, favorisant un sentiment d&#039;appartenance m\u00eame lorsque les trains r\u00e9gionaux modernes arrivent sous son abri.<\/p>\n<p>L&#039;interaction entre patrimoine durable et usages en constante \u00e9volution caract\u00e9rise Oberstdorf aujourd&#039;hui. Les visiteurs peuvent fl\u00e2ner parmi les chalets aux volets orn\u00e9s de motifs floraux peints, grimper jusqu&#039;\u00e0 un paisible lac alpin et revenir en hiver pour admirer le vol des skieurs se d\u00e9coupant dans le ciel nocturne illumin\u00e9 par les projecteurs. Entre ces exp\u00e9riences, on d\u00e9guste des charcuteries, des pains de seigle au levain et des chopes de bi\u00e8re blanche locale dans les brasseries en plein air surplombant les alpages. Qu&#039;ils soient attir\u00e9s par la nostalgie d&#039;une vie rurale r\u00e9volue ou par la mesure pr\u00e9cise d&#039;un kilom\u00e8tre vertical gagn\u00e9, ceux qui viennent \u00e0 Oberstdorf d\u00e9couvrent une ville fa\u00e7onn\u00e9e autant par l&#039;activit\u00e9 humaine que par la roche et la glace.<\/p>\n<p>En fin de compte, l&#039;attrait d&#039;Oberstdorf ne repose pas seulement sur ses sommets ou son palmar\u00e8s sportif, mais aussi sur la continuit\u00e9 qu&#039;elle offre \u00e0 travers les si\u00e8cles. Des colons de l&#039;\u00e2ge de pierre aux march\u00e9s m\u00e9di\u00e9vaux, des comtes curistes aux espoirs actuels du patinage artistique, la ville a su concilier respect des traditions et ouverture \u00e0 de nouvelles activit\u00e9s. Ses vall\u00e9es demeurent des voies d&#039;\u00e9change \u2013 d&#039;eau, de p\u00e8lerins, d&#039;athl\u00e8tes \u2013 tandis que ses sentiers retracent l&#039;\u00e9volution de la vie alpine elle-m\u00eame. Dans ce coin tranquille de Bavi\u00e8re, la montagne impr\u00e8gne chaque cloche d&#039;\u00e9glise, chaque fen\u00eatre de chalet, chaque mont\u00e9e en t\u00e9l\u00e9ph\u00e9rique, rappelant aux visiteurs comme aux habitants qu&#039;habiter dans un tel environnement, c&#039;est participer \u00e0 un dialogue permanent entre l&#039;humanit\u00e9 et les hauteurs de la Terre.<\/p>","protected":false},"excerpt":{"rendered":"<p>Oberstdorf, une commune pittoresque situ\u00e9e dans la r\u00e9gion de l&#039;Allg\u00e4u, dans les Alpes bavaroises, est la ville la plus m\u00e9ridionale d&#039;Allemagne et l&#039;une de ses plus hautes villes. Avec une population d&#039;environ 9\u00a0600 habitants, cette petite ville est un v\u00e9ritable phare pour les randonneurs et les skieurs du monde entier. \u00c0 cheval entre l&#039;Allemagne et l&#039;Autriche, sa situation exceptionnelle offre \u00e0 ses visiteurs un m\u00e9lange de grandeur alpine et de charme bavarois unique dans la r\u00e9gion.<\/p>","protected":false},"author":1,"featured_media":2873,"parent":13736,"menu_order":0,"comment_status":"closed","ping_status":"closed","template":"elementor_theme","meta":{"_eb_attr":"","footnotes":""},"class_list":["post-13782","page","type-page","status-publish","has-post-thumbnail"],"_links":{"self":[{"href":"https:\/\/travelshelper.com\/fr\/wp-json\/wp\/v2\/pages\/13782","targetHints":{"allow":["GET"]}}],"collection":[{"href":"https:\/\/travelshelper.com\/fr\/wp-json\/wp\/v2\/pages"}],"about":[{"href":"https:\/\/travelshelper.com\/fr\/wp-json\/wp\/v2\/types\/page"}],"author":[{"embeddable":true,"href":"https:\/\/travelshelper.com\/fr\/wp-json\/wp\/v2\/users\/1"}],"replies":[{"embeddable":true,"href":"https:\/\/travelshelper.com\/fr\/wp-json\/wp\/v2\/comments?post=13782"}],"version-history":[{"count":0,"href":"https:\/\/travelshelper.com\/fr\/wp-json\/wp\/v2\/pages\/13782\/revisions"}],"up":[{"embeddable":true,"href":"https:\/\/travelshelper.com\/fr\/wp-json\/wp\/v2\/pages\/13736"}],"wp:featuredmedia":[{"embeddable":true,"href":"https:\/\/travelshelper.com\/fr\/wp-json\/wp\/v2\/media\/2873"}],"wp:attachment":[{"href":"https:\/\/travelshelper.com\/fr\/wp-json\/wp\/v2\/media?parent=13782"}],"curies":[{"name":"wp","href":"https:\/\/api.w.org\/{rel}","templated":true}]}}